{"id":15810,"date":"2023-07-15T07:44:18","date_gmt":"2023-07-15T07:44:18","guid":{"rendered":"https:\/\/www.ticketswhales.com\/altos-de-cano-hondo-mountain-bike-tour\/"},"modified":"2023-07-15T07:44:18","modified_gmt":"2023-07-15T07:44:18","slug":"altos-de-cano-hondo-mountain-bike-tour","status":"publish","type":"page","link":"https:\/\/www.boattoursamana.com\/vi\/altos-de-cano-hondo-du-lich-xe-dap-leo-nui-2","title":{"rendered":"Altos de Ca\u00f1o Hondo + Tour \u0111\u1ea1p xe leo n\u00fai"},"content":{"rendered":"<p><span style=\"font-weight: 400;\">Cano Hondo l\u00e0 t\u00ean \u0111\u01b0\u1ee3c \u0111\u1eb7t b\u1edfi nh\u1eefng ng\u01b0\u1eddi n\u00f4ng d\u00e2n \u0111\u1ecba ph\u01b0\u01a1ng trong khu v\u1ef1c v\u00e0 t\u00ean n\u00e0y xu\u1ea5t ph\u00e1t t\u1eeb lo\u1ea1i \u0111\u1ecba l\u00fd c\u1ee7a \u0111\u1ecba \u0111i\u1ec3m, n\u01a1i n\u00e0y n\u1eb1m d\u01b0\u1edbi m\u1ef1c n\u01b0\u1edbc bi\u1ec3n v\u00e0 c\u00f3 nh\u1eefng con su\u1ed1i nh\u1ecf nh\u01b0 Jivales v\u00e0 Cano Hondo b\u1eaft ngu\u1ed3n t\u1eeb d\u00f2ng s\u00f4ng ng\u1ea7m th\u1eb3ng t\u1eeb N\u00fai Los Haitises.\u00a0<\/span><br \/>\nN<br \/>\nN&Nbsp;<br \/>\nN<br \/>\nN<span style=\"font-weight: 400;\"><span style=\"vertical-align: inherit;\"><span style=\"vertical-align: inherit;\">Trong th\u1eddi gian n\u00e0y, m\u1ed9t ph\u1ea7n c\u1ee7a suviaje, chuy\u1ebfn th\u0103m Altos de Cano Hondo, que se encuentra junto C\u00f4ng vi\u00ean qu\u1ed1c gia Los Haitises, m\u1ed9t trong nh\u1eefng c\u00f4ng vi\u00ean qu\u1ed1c gia r\u1ed9ng l\u1edbn nh\u1ea5t c\u1ee7a pa\u00eds v\u1edbi di\u1ec7n t\u00edch h\u01a1n 1600 km2 v\u00e0 m\u1ed9t c\u00f4ng th\u1ee9c h\u00ecnh th\u00e0nh c\u1ee7a piedra caliza l\u1edbn h\u01a1n th\u1ebf gi\u1edbi.\u00a0<\/span><\/span><\/span><br \/>\nN<br \/>\nN<span style=\"font-weight: 400;\"><span style=\"vertical-align: inherit;\"><span style=\"vertical-align: inherit;\">Despu\u00e9s de su recorrido a pie of Altos de Cano Hondo, prep\u00e1rese para saltar a las piscinas naturales antes del almuerzo and despu\u00e9s del almuerzo, reresar\u00e1 Sabana de la Mar. Despu\u00e9s de 4 horas and media de Actividades en Cano Hondo, reregresaremos a Sabana. de la Mar, esta excursi\u00f3n finaliza en el mismo lugar en el que comenz\u00f3.<\/span><\/span><\/span><br \/>\nN<br \/>\nN<span style=\"font-weight: 400;\"><span style=\"vertical-align: inherit;\"><span style=\"vertical-align: inherit;\">\u0110.<\/span><\/span><\/span><br \/>\nN<br \/>\nN&Nbsp;<br \/>\nN<br \/>\nN<strong><span style=\"vertical-align: inherit;\"><span style=\"vertical-align: inherit;\">Ch\u1ecdn l\u1ef1a cu\u1ed9c phi\u00eau l\u01b0u cho el Tour:<\/span><\/span><\/strong><\/p>\n<p>&nbsp;<\/p>\n<div class=\"vc_row wpb_row vc_row-fluid\" ><div class=\"wpb_column vc_column_container vc_col-sm-12\"><div class=\"vc_column-inner\"><div class=\"wpb_wrapper\"><div class=\"vc_empty_space\"   style=\"height: 32px\"><span class=\"vc_empty_space_inner\"><\/span><\/div><\/div><\/div><\/div><\/div><div class=\"vc_row wpb_row vc_row-fluid\" ><div class=\"wpb_column vc_column_container vc_col-sm-12\"><div class=\"vc_column-inner\"><div class=\"wpb_wrapper\"><\/div><\/div><\/div><\/div><div class=\"vc_row wpb_row vc_row-fluid\" ><div class=\"wpb_column vc_column_container vc_col-sm-12\"><div class=\"vc_column-inner\"><div class=\"wpb_wrapper\"><div class=\"vc_empty_space\"   style=\"height: 32px\"><span class=\"vc_empty_space_inner\"><\/span><\/div><\/div><\/div><\/div><\/div><div class=\"vc_row wpb_row vc_row-fluid\" ><div class=\"wpb_column vc_column_container vc_col-sm-12\"><div class=\"vc_column-inner\"><div class=\"wpb_wrapper\"><div class=\"vc_btn3-container vc_btn3-inline\" ><button class=\"vc_general vc_btn3 vc_btn3-size-md vc_btn3-shape-rounded vc_btn3-style-modern vc_btn3-color-green\">\u0110\u0102\u0323T B\u00c2Y GI\u1edc<\/button><\/div>\n\t<div class=\"wpb_text_column wpb_content_element\" >\n\t\t<div class=\"wpb_wrapper\">\n\t\t\t<p>\nN<\/p>\n<h4><b><i>T\u1ed5ng quan<\/i><\/b><\/h4>\n<p>N<span style=\"font-weight: 400;\">\u0110i du l\u1ecbch v\u1edbi m\u1ed9t chuy\u00ean gia \u0111\u1ecba ph\u01b0\u01a1ng v\u00e0 c\u00f3 \u0111\u01b0\u1ee3c tr\u1ea3i nghi\u1ec7m \u0111\u1ea1p xe \u0111\u1ed9c \u0111\u00e1o b\u1eaft \u0111\u1ea7u t\u1eeb Sabana de la Mar, chuy\u1ebfn tham quan n\u00e0y s\u1ebd \u0111\u01b0a b\u1ea1n \u0111i v\u00f2ng quanh \u0111\u1ec3 ng\u1eafm nh\u00ecn phong c\u1ea3nh tuy\u1ec7t \u0111\u1eb9p c\u1ee7a v\u00f9ng n\u00f4ng th\u00f4n C\u1ed9ng h\u00f2a Dominica. Khi b\u1ea1n \u0111\u1ea1p xe, b\u1ea1n s\u1ebd c\u00f3 th\u1ec3 n\u00f3i xin ch\u00e0o! \u0111\u1ebfn nh\u1eefng ng\u01b0\u1eddi n\u00f4ng d\u00e2n c\u01b0\u1ee1i ng\u1ef1a ho\u1eb7c xe m\u00e1y \u0111\u1ebfn khu \u0111\u1ea5t c\u1ee7a h\u1ecd v\u00e0 trong chuy\u1ebfn tham quan, b\u1ea1n s\u1ebd c\u00f3 th\u1ec3 h\u00f2a m\u00ecnh v\u00e0o cu\u1ed9c phi\u00eau l\u01b0u v\u00e0 v\u0103n h\u00f3a \u0111\u1ecba ph\u01b0\u01a1ng t\u1eeb Sabana de la Mar. Th\u1ecb tr\u1ea5n n\u00e0y \u0111\u01b0\u1ee3c th\u00e0nh l\u1eadp ch\u00ednh th\u1ee9c v\u00e0o n\u0103m 1756 b\u1edfi kho\u1ea3ng m\u01b0\u1eddi m\u1ed9t (11) gia \u0111\u00ecnh \u0111\u00e3 \u0111\u1ebfn t\u1eeb qu\u1ea7n \u0111\u1ea3o Canary \u1edf T\u00e2y Ban Nha. C\u00e1c ho\u1ea1t \u0111\u1ed9ng kinh t\u1ebf ch\u00ednh c\u1ee7a Sabana de la Mar l\u00e0 n\u00f4ng nghi\u1ec7p, du l\u1ecbch sinh th\u00e1i v\u00e0 \u0111\u00e1nh c\u00e1.\u00a0<\/span><br \/>\nN<br \/>\nN&Nbsp;<br \/>\nN<br \/>\nN<span style=\"font-weight: 400;\">Bao g\u1ed3m &amp; Lo\u1ea1i tr\u1eeb<\/span><br \/>\nN<br \/>\nN&Nbsp;<br \/>\nN<br \/>\nN<span style=\"font-weight: 400;\">bao g\u1ed3m<\/span><br \/>\nN<br \/>\nN&Nbsp;<br \/>\nN<br \/>\nN<span style=\"font-weight: 400;\">\u0111i xe \u0111\u1ea1p<\/span><br \/>\nN<br \/>\nnLunch with Locals<br \/>\nN<br \/>\nN<span style=\"font-weight: 400;\">Altos de Ca\u00f1o Hondo v\u00e0 H\u1ed3 t\u1ef1 nhi\u00ean<\/span><br \/>\nN<br \/>\nN<span style=\"font-weight: 400;\">T\u1ea5t c\u1ea3 c\u00e1c lo\u1ea1i thu\u1ebf, ph\u00ed v\u00e0 l\u1ec7 ph\u00ed x\u1eed l\u00fd<\/span><br \/>\nN<br \/>\nN<span style=\"font-weight: 400;\">Thu\u1ebf \u0111\u1ecba ph\u01b0\u01a1ng<\/span><br \/>\nN<br \/>\nN<span style=\"font-weight: 400;\">C\u00e1c quan ch\u1ee9c Nh\u00e0 sinh th\u00e1i h\u01b0\u1edbng d\u1eabn vi\u00ean ti\u1ebfng Anh \/ T\u00e2y Ban Nha<\/span><br \/>\nN<br \/>\nN&Nbsp;<br \/>\nN<br \/>\nN<span style=\"font-weight: 400;\">lo\u1ea1i tr\u1eeb<\/span><br \/>\nN<br \/>\nN&Nbsp;<br \/>\nN<br \/>\nN<span style=\"font-weight: 400;\">ti\u1ec1n th\u01b0\u1edfng<\/span><br \/>\nN<br \/>\nN<span style=\"font-weight: 400;\">Chuy\u1ec3n nh\u01b0\u1ee3ng<\/span><br \/>\nN<br \/>\nN<span style=\"font-weight: 400;\">\u0110\u1ed3 u\u1ed1ng<\/span><br \/>\nN<br \/>\nN&Nbsp;<br \/>\nN<br \/>\nN<span style=\"font-weight: 400;\">Kh\u1edfi h\u00e0nh &amp; Tr\u1edf v\u1ec1<\/span><br \/>\nN<br \/>\nN&Nbsp;<br \/>\nN<br \/>\nN<span style=\"font-weight: 400;\">Chuy\u1ebfn tham quan do \u201cBooking Adventures\u201d t\u1ed5 ch\u1ee9c b\u1eaft \u0111\u1ea7u t\u1ea1i \u0111i\u1ec3m h\u1eb9n \u0111\u00e3 \u0111\u1eb7t v\u1edbi H\u01b0\u1edbng d\u1eabn vi\u00ean. Kh\u00e1ch du l\u1ecbch s\u1ebd nh\u1eadn \u0111\u01b0\u1ee3c m\u1ed9t \u0111i\u1ec3m g\u1eb7p g\u1ee1 sau Quy tr\u00ecnh \u0111\u1eb7t ch\u1ed7. C\u00e1c chuy\u1ebfn tham quan b\u1eaft \u0111\u1ea7u v\u00e0 k\u1ebft th\u00fac t\u1ea1i c\u00e1c \u0111i\u1ec3m g\u1eb7p g\u1ee1 c\u1ee7a ch\u00fang t\u00f4i.<\/span><br \/>\nN<br \/>\nN&Nbsp;<br \/>\nN<br \/>\nN<span style=\"font-weight: 400;\">Mong \u0111\u1ee3i \u0111i\u1ec1u g\u00ec?<\/span><br \/>\nN<br \/>\nN<span style=\"font-weight: 400;\">Nh\u1eadn v\u00e9 \u0111i xe \u0111\u1ea1p v\u00e0 Altos de Cano Hondo v\u00e0 Natural Pools T\u1eeb Sabana de la Mar<\/span><br \/>\nN<br \/>\nN&Nbsp;<br \/>\nN<br \/>\nN<span style=\"font-weight: 400;\">Chuy\u1ebfn tham quan n\u00e0y b\u1eaft \u0111\u1ea7u t\u1eeb \u0111i\u1ec3m t\u1eadp trung m\u00e0 b\u1ea1n ph\u1ea3i x\u00e1c nh\u1eadn v\u1edbi \u0110\u1ea1i l\u00fd du l\u1ecbch c\u1ee7a ch\u00fang t\u00f4i ho\u1eb7c H\u01b0\u1edbng d\u1eabn vi\u00ean c\u1ee7a b\u1ea1n tr\u01b0\u1edbc khi \u0111\u1ebfn b\u1ea5t k\u1ef3 \u0111\u1ecba \u0111i\u1ec3m n\u00e0o. Khi b\u1ea1n g\u1eb7p h\u01b0\u1edbng d\u1eabn vi\u00ean c\u1ee7a m\u00ecnh, b\u1ea1n s\u1ebd \u0111\u01b0\u1ee3c t\u00f3m t\u1eaft v\u1ec1 chuy\u1ebfn tham quan v\u00e0 m\u1ecdi th\u1ee9 li\u00ean quan \u0111\u1ebfn ng\u00e0y c\u1ee7a b\u1ea1n.<\/span><br \/>\nN<br \/>\nN<span style=\"font-weight: 400;\">Khi m\u1ecdi ng\u01b0\u1eddi \u0111\u00e3 s\u1eb5n s\u00e0ng, ch\u00fang ta s\u1ebd \u0111\u1ebfn Altos de Cano Hondo v\u00e0 Natural Pools, n\u01a1i b\u1ea1n s\u1ebd b\u1eaft \u0111\u1ea7u chuy\u1ebfn \u0111i b\u1ed9 \u0111\u1ec3 quan s\u00e1t m\u1ed9t trong 10 \u0111i\u1ec3m \u0111\u1ebfn du l\u1ecbch sinh th\u00e1i t\u1ed1t nh\u1ea5t tr\u00ean th\u1ebf gi\u1edbi do t\u1ea1p ch\u00ed Forbes b\u00ecnh ch\u1ecdn. Trong chuy\u1ebfn phi\u00eau l\u01b0u n\u00e0y, b\u1ea1n s\u1ebd t\u00ecm hi\u1ec3u v\u1ec1 ki\u1ebfn tr\u00fac \u0111\u1ed9c \u0111\u00e1o c\u1ee7a khu sinh th\u00e1i n\u00e0y.\u00a0<\/span><br \/>\nN<br \/>\nN<span style=\"font-weight: 400;\">Cano Hondo l\u00e0 t\u00ean \u0111\u01b0\u1ee3c \u0111\u1eb7t b\u1edfi nh\u1eefng ng\u01b0\u1eddi n\u00f4ng d\u00e2n \u0111\u1ecba ph\u01b0\u01a1ng trong khu v\u1ef1c v\u00e0 t\u00ean n\u00e0y xu\u1ea5t ph\u00e1t t\u1eeb lo\u1ea1i \u0111\u1ecba l\u00fd c\u1ee7a \u0111\u1ecba \u0111i\u1ec3m, n\u01a1i n\u00e0y n\u1eb1m d\u01b0\u1edbi m\u1ef1c n\u01b0\u1edbc bi\u1ec3n v\u00e0 c\u00f3 nh\u1eefng con su\u1ed1i nh\u1ecf nh\u01b0 Jivales v\u00e0 Cano Hondo b\u1eaft ngu\u1ed3n t\u1eeb d\u00f2ng s\u00f4ng ng\u1ea7m th\u1eb3ng t\u1eeb N\u00fai Los Haitises.\u00a0<\/span><br \/>\nN<br \/>\nN<span style=\"font-weight: 400;\">Trong ph\u1ea7n n\u00e0y c\u1ee7a chuy\u1ebfn \u0111i, b\u1ea1n s\u1ebd \u0111\u1ebfn th\u0103m Altos de Cano Hondo n\u1eb1m c\u1ea1nh C\u00f4ng vi\u00ean Qu\u1ed1c gia Los Haitises, m\u1ed9t trong nh\u1eefng c\u00f4ng vi\u00ean qu\u1ed1c gia l\u1edbn nh\u1ea5t trong c\u1ea3 n\u01b0\u1edbc v\u1edbi h\u01a1n 1600 km2 v\u00e0 l\u00e0 m\u1ed9t trong nh\u1eefng th\u00e0nh t\u1ea1o \u0111\u00e1 v\u00f4i l\u1edbn nh\u1ea5t th\u1ebf gi\u1edbi.\u00a0<\/span><br \/>\nN<br \/>\nN&Nbsp;<br \/>\nN<br \/>\nN<span style=\"font-weight: 400;\">Sau chuy\u1ebfn \u0111i b\u1ed9 c\u1ee7a b\u1ea1n v\u1ec1 Altos de Cano Hondo, h\u00e3y s\u1eb5n s\u00e0ng \u0111\u1ec3 nh\u1ea3y trong c\u00e1c h\u1ed3 b\u01a1i t\u1ef1 nhi\u00ean tr\u01b0\u1edbc b\u1eefa tr\u01b0a v\u00e0 sau b\u1eefa tr\u01b0a, b\u1ea1n s\u1ebd quay tr\u1edf l\u1ea1i Sabana de la Mar. Sau 4 ti\u1ebfng r\u01b0\u1ee1i ho\u1ea1t \u0111\u1ed9ng \u1edf Cano Hondo, ch\u00fang t\u00f4i b\u1eaft \u0111\u1ea7u leo n\u00fai \u0111\u1ea1p xe tr\u1edf l\u1ea1i Sabana de la Mar, chuy\u1ebfn du ngo\u1ea1n n\u00e0y k\u1ebft th\u00fac \u1edf \u0111\u00fang n\u01a1i n\u00f3 b\u1eaft \u0111\u1ea7u.<\/span><br \/>\nN<br \/>\nN&Nbsp;<br \/>\nN<br \/>\nN<span style=\"font-weight: 400;\">L\u01b0u \u00fd: C\u00e1c chuy\u1ebfn tham quan n\u00e0y \u0111\u1ec1u c\u00f3 h\u01b0\u1edbng d\u1eabn vi\u00ean c\u1ee7a Nh\u00e0 sinh th\u00e1i h\u1ecdc Ch\u00ednh th\u1ee9c. H\u00e3y \u0111\u1eb7t tr\u01b0\u1edbc v\u1edbi th\u1eddi gian v\u00ec trong c\u00f4ng vi\u00ean kh\u00f4ng c\u00f3 qu\u00e1 nhi\u1ec1u chuy\u00ean gia.<\/span><br \/>\nN<br \/>\nN&Nbsp;<br \/>\nN<br \/>\nN&Nbsp;<br \/>\nN<br \/>\nN<span style=\"font-weight: 400;\">B\u1ea1n n\u00ean mang theo nh\u1eefng g\u00ec?<\/span><br \/>\nN<\/p>\n<ul>\nN \t<\/p>\n<li style=\"font-weight: 400;\" aria-level=\"1\"><span style=\"font-weight: 400;\">M\u00e1y \u1ea3nh<\/span><\/li>\n<p>N \t<\/p>\n<li style=\"font-weight: 400;\" aria-level=\"1\"><span style=\"font-weight: 400;\">ch\u1ed3i \u0111u\u1ed5i<\/span><\/li>\n<p>N \t<\/p>\n<li style=\"font-weight: 400;\" aria-level=\"1\"><span style=\"font-weight: 400;\">kem ch\u1ed1ng n\u1eafng<\/span><\/li>\n<p>N \t<\/p>\n<li style=\"font-weight: 400;\" aria-level=\"1\"><span style=\"font-weight: 400;\">qu\u1ea7n tho\u1ea3i m\u00e1i<\/span><\/li>\n<p>N \t<\/p>\n<li style=\"font-weight: 400;\" aria-level=\"1\"><span style=\"font-weight: 400;\">Gi\u00e0y ch\u1ea1y b\u1ed9\u00a0<\/span><\/li>\n<p>N<\/ul>\n<p>N&Nbsp;<br \/>\nN<\/p>\n<h4><b><i>\u0110\u00f3n kh\u00e1ch s\u1ea1n <\/i><\/b><\/h4>\n<p>N<span style=\"font-weight: 400;\">\u0110\u00f3n kh\u00e1ch s\u1ea1n kh\u00f4ng \u0111\u01b0\u1ee3c cung c\u1ea5p cho tour du l\u1ecbch n\u00e0y. <\/span><br \/>\nN<br \/>\nN<b>Ghi ch\u00fa:<\/b><span style=\"font-weight: 400;\"> n\u1ebfu b\u1ea1n \u0111\u1eb7t ch\u1ed7 trong v\u00f2ng 24 gi\u1edd k\u1ec3 t\u1eeb gi\u1edd kh\u1edfi h\u00e0nh chuy\u1ebfn tham quan\/Chuy\u1ebfn tham quan, ch\u00fang t\u00f4i c\u00f3 th\u1ec3 s\u1eafp x\u1ebfp d\u1ecbch v\u1ee5 \u0111\u00f3n kh\u00e1ch t\u1ea1i kh\u00e1ch s\u1ea1n v\u1edbi m\u1ed9t kho\u1ea3n ph\u1ee5 ph\u00ed. Sau khi giao d\u1ecbch mua c\u1ee7a b\u1ea1n ho\u00e0n t\u1ea5t, ch\u00fang t\u00f4i s\u1ebd g\u1eedi cho b\u1ea1n th\u00f4ng tin li\u00ean h\u1ec7 \u0111\u1ea7y \u0111\u1ee7 (s\u1ed1 \u0111i\u1ec7n tho\u1ea1i, \u0111\u1ecba ch\u1ec9 email, v.v.) \u0111\u1ec3 H\u01b0\u1edbng d\u1eabn vi\u00ean du l\u1ecbch \u0111\u1ecba ph\u01b0\u01a1ng c\u1ee7a ch\u00fang t\u00f4i s\u1eafp x\u1ebfp vi\u1ec7c \u0111\u00f3n kh\u00e1ch.<\/span><br \/>\nN<\/p>\n<h4><b><i>X\u00e1c nh\u1eadn th\u00f4ng tin b\u1ed5 sung <\/i><\/b><\/h4>\n<p>N<\/p>\n<ol>\nN \t<\/p>\n<li>V\u00e9 l\u00e0 Bi\u00ean nh\u1eadn sau khi thanh to\u00e1n cho Tour n\u00e0y. B\u1ea1n c\u00f3 th\u1ec3 hi\u1ec3n th\u1ecb thanh to\u00e1n tr\u00ean \u0111i\u1ec7n tho\u1ea1i c\u1ee7a m\u00ecnh.<\/li>\n<p>N \t<\/p>\n<li style=\"font-weight: 400;\"><span style=\"font-weight: 400;\">\u0110i\u1ec3m h\u1eb9n s\u1ebd nh\u1eadn \u0111\u01b0\u1ee3c sau qu\u00e1 tr\u00ecnh \u0111\u1eb7t ch\u1ed7.<\/span><\/li>\n<p>N \t<\/p>\n<li style=\"font-weight: 400;\"><span style=\"font-weight: 400;\">Tr\u1ebb em ph\u1ea3i \u0111i c\u00f9ng ng\u01b0\u1eddi l\u1edbn.<\/span><\/li>\n<p>N \t<\/p>\n<li style=\"font-weight: 400;\"><span style=\"font-weight: 400;\"> Kh\u00f4ng th\u1ec3 s\u1eed d\u1ee5ng xe l\u0103n <\/span><\/li>\n<p>N \t<\/p>\n<li style=\"font-weight: 400;\"><span style=\"font-weight: 400;\">Tr\u1ebb s\u01a1 sinh ph\u1ea3i ng\u1ed3i tr\u00ean \u0111\u00f9i <\/span><\/li>\n<p>N \t<\/p>\n<li style=\"font-weight: 400;\"><span style=\"font-weight: 400;\">Kh\u00f4ng n\u00ean d\u00f9ng cho du kh\u00e1ch c\u00f3 v\u1ea5n \u0111\u1ec1 v\u1ec1 l\u01b0ng<\/span><\/li>\n<p>N \t<\/p>\n<li style=\"font-weight: 400;\"><span style=\"font-weight: 400;\">Kh\u00f4ng n\u00ean d\u00f9ng cho du kh\u00e1ch mang thai <\/span><\/li>\n<p>N \t<\/p>\n<li style=\"font-weight: 400;\"><span style=\"font-weight: 400;\"> Kh\u00f4ng c\u00f3 v\u1ea5n \u0111\u1ec1 v\u1ec1 tim ho\u1eb7c c\u00e1c t\u00ecnh tr\u1ea1ng y t\u1ebf nghi\u00eam tr\u1ecdng kh\u00e1c <\/span><\/li>\n<p>N \t<\/p>\n<li style=\"font-weight: 400;\"><span style=\"font-weight: 400;\">H\u1ea7u h\u1ebft du kh\u00e1ch c\u00f3 th\u1ec3 tham gia<\/span><\/li>\n<p>N<\/ol>\n<p>N<\/p>\n<h4><b><i>Ch\u00ednh s\u00e1ch h\u1ee7y<\/i><\/b><\/h4>\n<p>n\u0110\u1ec3 \u0111\u01b0\u1ee3c ho\u00e0n l\u1ea1i to\u00e0n b\u1ed9 s\u1ed1 ti\u1ec1n, vui l\u00f2ng \u0111\u1ecdc ch\u00ednh s\u00e1ch H\u1ee7y c\u1ee7a ch\u00fang t\u00f4i\u00a0<a href=\"https:\/\/www.boattoursamana.com\/vi\/dat-phong-truc-tuyen\/\" target=\"_blank\" rel=\"noopener\" data-saferedirecturl=\"https:\/\/www.google.com\/url?q=https:\/\/www.boattoursamana.com\/online-booking\/&amp;source=gmail&amp;ust=1672449202351000&amp;usg=AOvVaw1yAeVAPktmaVCqDujgUn90\">B\u1ea5m v\u00e0o \u0111\u00e2y<\/a>. Ti\u1ec1n s\u1ebd b\u1ecb m\u1ea5t n\u1ebfu \u0111\u1eb7t ch\u1ed7 b\u1ecb h\u1ee7y trong c\u00f9ng ng\u00e0y c\u1ee7a chuy\u1ebfn \u0111i.<\/p>\n\n\t\t<\/div>\n\t<\/div>\n<\/div><\/div><\/div><\/div><div class=\"vc_row wpb_row vc_row-fluid\" ><div class=\"wpb_column vc_column_container vc_col-sm-12\"><div class=\"vc_column-inner\"><div class=\"wpb_wrapper\"><div class=\"vc_empty_space\"   style=\"height: 32px\"><span class=\"vc_empty_space_inner\"><\/span><\/div>\n\t<div class=\"wpb_text_column wpb_content_element\" >\n\t\t<div class=\"wpb_wrapper\">\n\t\t\t<p>\nN<\/p>\n<h4>Li\u00ean h\u1ec7 ch\u00fang t\u00f4i?<\/h4>\n<p>N<\/p>\n<h5>\u0111\u1eb7t ph\u00f2ng phi\u00eau l\u01b0u<\/h5>\n<p>N<em><strong>ng\u01b0\u1eddi d\u00e2n \u0111\u1ecba ph\u01b0\u01a1ng<\/strong>\u00a0v\u00e0\u00a0<strong>c\u00f4ng d\u00e2n<\/strong>\u00a0H\u01b0\u1edbng d\u1eabn vi\u00ean du l\u1ecbch &amp; D\u1ecbch v\u1ee5 kh\u00e1ch<\/em><br \/>\nN<br \/>\nN<span class=\"text-turquoise\">\u0111\u1eb7t ph\u00f2ng:<\/span>\u00a0Chuy\u1ebfn tham quan &amp; du ngo\u1ea1n t\u1ea1i Dom. Tr\u1ea3 l\u1eddi.<br \/>\nN<br \/>\nN<img decoding=\"async\" class=\"emoji\" draggable=\"false\" src=\"https:\/\/s.w.org\/images\/core\/emoji\/11.2.0\/svg\/1f4de.svg\" alt=\" \" title=\"\">\u00a0\u0110i\u1ec7n tho\u1ea1i \/ Whatsapp\u00a0\u00a0<a href=\"tel:+1-809-720-6035\">+1-809-720-6035<\/a>.<br \/>\nN<br \/>\nN<img decoding=\"async\" class=\"emoji\" draggable=\"false\" src=\"https:\/\/s.w.org\/images\/core\/emoji\/11.2.0\/svg\/1f4e9.svg\" alt=\" \" title=\"\">\u00a0<a href=\"mailto:info@bookingadventures.com.do\">info@bookingadventures.com.do<\/a><br \/>\nN<br \/>\nN<strong>Ch\u00fang t\u00f4i \u0111ang thi\u1ebft l\u1eadp linh ho\u1ea1t c\u00e1c chuy\u1ebfn tham quan ri\u00eang t\u01b0 b\u1eb1ng Whatsapp:\u00a0<a href=\"tel:+18097206035\">+18097206035.<\/a><\/strong><\/p>\n\n\t\t<\/div>\n\t<\/div>\n<div class=\"vc_empty_space\"   style=\"height: 32px\"><span class=\"vc_empty_space_inner\"><\/span><\/div><\/div><\/div><\/div><\/div><div class=\"vc_row wpb_row vc_row-fluid\" ><div class=\"wpb_column vc_column_container vc_col-sm-12\"><div class=\"vc_column-inner\"><div class=\"wpb_wrapper\"><div class=\"vc_btn3-container vc_btn3-inline\" ><button class=\"vc_general vc_btn3 vc_btn3-size-md vc_btn3-shape-rounded vc_btn3-style-modern vc_btn3-color-green\">\u0110\u0102\u0323T B\u00c2Y GI\u1edc<\/button><\/div><\/div><\/div><\/div><\/div>","protected":false},"excerpt":{"rendered":"<p>Cano Hondo is a name given by the local farmers of the area and this name comes from the type of geography of the location, this place is below sea level and there are small springs like Jivales and Cano Hondo which are coming from underground river straight from Los Haitises Mountain.\u00a0 n n&nbsp; n nDurante esta parte de su viaje, visitar\u00e1 Altos de Cano Hondo, que se encuentra junto al Parque Nacional Los Haitises, uno de los parques nacionales [&hellip;]<\/p>\n","protected":false},"author":2,"featured_media":0,"parent":0,"menu_order":0,"comment_status":"open","ping_status":"closed","template":"","meta":{"footnotes":""},"class_list":["post-15810","page","type-page","status-publish","hentry"],"_links":{"self":[{"href":"https:\/\/www.boattoursamana.com\/vi\/wp-json\/wp\/v2\/pages\/15810","targetHints":{"allow":["GET"]}}],"collection":[{"href":"https:\/\/www.boattoursamana.com\/vi\/wp-json\/wp\/v2\/pages"}],"about":[{"href":"https:\/\/www.boattoursamana.com\/vi\/wp-json\/wp\/v2\/types\/page"}],"author":[{"embeddable":true,"href":"https:\/\/www.boattoursamana.com\/vi\/wp-json\/wp\/v2\/users\/2"}],"replies":[{"embeddable":true,"href":"https:\/\/www.boattoursamana.com\/vi\/wp-json\/wp\/v2\/comments?post=15810"}],"version-history":[{"count":0,"href":"https:\/\/www.boattoursamana.com\/vi\/wp-json\/wp\/v2\/pages\/15810\/revisions"}],"wp:attachment":[{"href":"https:\/\/www.boattoursamana.com\/vi\/wp-json\/wp\/v2\/media?parent=15810"}],"curies":[{"name":"wp","href":"https:\/\/api.w.org\/{rel}","templated":true}]}}