{"id":15821,"date":"2023-07-15T07:44:18","date_gmt":"2023-07-15T07:44:18","guid":{"rendered":"https:\/\/www.ticketswhales.com\/los-haitises-kayaking-boat-trip-caves-and-swimming-at-private-beach-all-in-one\/"},"modified":"2023-07-15T07:44:18","modified_gmt":"2023-07-15T07:44:18","slug":"los-haitises-kayaking-boat-trip-caves-and-swimming-at-private-beach-all-in-one","status":"publish","type":"page","link":"https:\/\/www.boattoursamana.com\/vi\/los-haitises-kayaking-thuyen-chuyen-hang-va-boi-tai-bai-bien-rieng-tat-ca-trong-mot-2","title":{"rendered":"Los Haitises Ch\u00e8o thuy\u1ec1n kayak + \u0110i thuy\u1ec1n + Hang \u0111\u1ed9ng v\u00e0 B\u01a1i t\u1ea1i B\u00e3i bi\u1ec3n Ri\u00eang (T\u1ea5t c\u1ea3 trong m\u1ed9t)."},"content":{"rendered":"<p><span style=\"vertical-align: inherit;\"><span style=\"vertical-align: inherit;\">Ch\u00e8o thuy\u1ec1n kayak + Paseo en Barco + Cuevas y Playa para Nadar (Todo en Uno). <\/span><span style=\"vertical-align: inherit;\">Parque Nacional Los Haitises con un gu\u00eda tur\u00edstico \u0111\u1ecba ph\u01b0\u01a1ng desde Sabana de la Mar. Visita a la selva nhi\u1ec7t \u0111\u1edbi, la peque\u00f1a playa private, las \u00e1reas de coco, caf\u00e9 y cacao. <\/span><span style=\"vertical-align: inherit;\">Aprendiendo sobre la history original del Parque Nacional Los Haitises.<\/span><\/span><br \/>\nN<br \/>\nN&Nbsp;<br \/>\nN<br \/>\nN<strong><span style=\"vertical-align: inherit;\"><span style=\"vertical-align: inherit;\">L\u1ef1a ch\u1ecdn c\u1ee7a Fecha para el viaje de aventura todo en uno:<\/span><\/span><\/strong><\/p>\n<p>&nbsp;<\/p>\n<div class=\"vc_row wpb_row vc_row-fluid\" ><div class=\"wpb_column vc_column_container vc_col-sm-12\"><div class=\"vc_column-inner\"><div class=\"wpb_wrapper\"><div class=\"vc_btn3-container vc_btn3-inline\" ><button class=\"vc_general vc_btn3 vc_btn3-size-md vc_btn3-shape-rounded vc_btn3-style-modern vc_btn3-color-green\">\u0110\u0102\u0323T B\u00c2Y GI\u1edc<\/button><\/div>\n\t<div class=\"wpb_text_column wpb_content_element\" >\n\t\t<div class=\"wpb_wrapper\">\n\t\t\t<p>\nN<\/p>\n<h4><b><i>T\u1ed5ng quan <\/i><\/b><\/h4>\n<p>N<span style=\"font-weight: 400;\">Tho\u00e1t kh\u1ecfi th\u00e0nh ph\u1ed1 \u0111\u1ec3 h\u00f2a m\u00ecnh v\u00e0o du l\u1ecbch sinh th\u00e1i c\u1ee7a t\u1ec9nh Hato Mayor, t\u1ec9nh du l\u1ecbch sinh th\u00e1i \u0111\u1ea7u ti\u00ean c\u1ee7a C\u1ed9ng h\u00f2a Dominica. H\u00e3y \u0111\u1ebfn v\u1edbi ch\u00fang t\u00f4i v\u00e0 t\u1eadn h\u01b0\u1edfng l\u00e0n n\u01b0\u1edbc trong l\u00e0nh c\u1ee7a m\u1ed9t trong nh\u1eefng b\u00e3i bi\u1ec3n ch\u01b0a \u0111\u01b0\u1ee3c kh\u00e1m ph\u00e1 \u1edf Los Haitises, n\u01a1i c\u00f3 V\u1ecbnh San Lorenzo. N\u01a1i c\u00f3 th\u1ec3 \u0111\u1ebfn \u0111\u01b0\u1ee3c b\u1eb1ng thuy\u1ec1n, \u0111\u01b0\u1ee3c bao quanh b\u1edfi r\u1eebng nhi\u1ec7t \u0111\u1edbi v\u00e0 r\u1eebng ng\u1eadp m\u1eb7n. Trong khi \u0111i\u1ec1u h\u01b0\u1edbng, b\u1ea1n s\u1ebd ti\u1ebfp x\u00fac v\u1edbi thi\u00ean nhi\u00ean v\u00e0 c\u1ea3nh quan kh\u00f3 qu\u00ean c\u1ee7a c\u00f4ng vi\u00ean qu\u1ed1c gia n\u00e0y. Chuy\u1ebfn tham quan n\u00e0y s\u1ebd l\u00e0 s\u1ef1 k\u1ebft h\u1ee3p gi\u1eefa ch\u00e8o thuy\u1ec1n kayak, ch\u00e8o thuy\u1ec1n, tham quan m\u1ed9t hang \u0111\u1ed9ng v\u00e0 b\u01a1i l\u1ed9i t\u1ea1i m\u1ed9t trong nh\u1eefng c\u00f4ng vi\u00ean qu\u1ed1c gia quan tr\u1ecdng nh\u1ea5t c\u1ee7a \u0111\u1ea5t n\u01b0\u1edbc, \u0111\u00e2y l\u00e0 ph\u1ea7n l\u1edbn \u0110a d\u1ea1ng sinh h\u1ecdc c\u1ee7a h\u00f2n \u0111\u1ea3o v\u00e0 r\u1eebng ng\u1eadp m\u1eb7n l\u1edbn th\u1ee9 hai v\u1edbi h\u01a1n 98 km2.\u00a0<\/span><br \/>\nN<br \/>\nN&Nbsp;<br \/>\nN<br \/>\nN<span style=\"font-weight: 400;\">\u0110\u1ed9i ng\u0169 nh\u00e2n vi\u00ean \u0111\u1ecba ph\u01b0\u01a1ng v\u00e0 chuy\u00ean gia c\u1ee7a ch\u00fang t\u00f4i s\u1ebd \u0111\u1ea3m b\u1ea3o r\u1eb1ng b\u1ea1n th\u1ef1c s\u1ef1 hi\u1ec3u v\u1ec1 v\u0103n h\u00f3a Tainos, l\u1ecbch s\u1eed c\u1ee7a h\u1ecd \u1edf Los Haitises v\u00e0 m\u1ed1i li\u00ean h\u1ec7 c\u1ee7a h\u1ecd v\u1edbi thi\u00ean nhi\u00ean. Tour n\u00e0y thu\u1ed9c lo\u1ea1i h\u00ecnh du l\u1ecbch sinh th\u00e1i m\u00e0 c\u1ed9ng \u0111\u1ed3ng \u0111\u00f3ng vai tr\u00f2 r\u1ea5t quan tr\u1ecdng, h\u1ecd v\u1eeba l\u00e0 h\u01b0\u1edbng d\u1eabn vi\u00ean, v\u1eeba l\u00e0 thuy\u1ec1n tr\u01b0\u1edfng, v\u1eeba l\u00e0 ng\u01b0\u1eddi l\u00e1i t\u00e0u.<\/span><br \/>\nN<br \/>\nN&Nbsp;<br \/>\nN<br \/>\nN<span style=\"font-weight: 400;\">\u01afu ti\u00ean c\u1ee7a Booking Adventure l\u00e0 \u0111\u1ea3m b\u1ea3o b\u1ea1n nh\u1eadn \u0111\u01b0\u1ee3c nh\u1eefng g\u00ec t\u1ed1t nh\u1ea5t, t\u1eeb th\u1eddi \u0111i\u1ec3m b\u1ea1n mua v\u00e9 cho \u0111\u1ebfn khi b\u1ea1n k\u1ebft th\u00fac chuy\u1ebfn \u0111i. C\u00e1c chuy\u1ebfn tham quan c\u1ee7a ch\u00fang t\u00f4i t\u1eadp trung v\u00e0o gi\u00e1o d\u1ee5c m\u00f4i tr\u01b0\u1eddng, phi\u00eau l\u01b0u v\u00e0 l\u1ecbch s\u1eed \u0111\u1ecba ph\u01b0\u01a1ng v\u00e0 trong chuy\u1ebfn \u0111i n\u00e0y, b\u1ea1n s\u1ebd \u0111\u01b0\u1ee3c kh\u00e1m ph\u00e1 m\u1ed9t ch\u00fat v\u1ec1 m\u1ecdi th\u1ee9.\u00a0<\/span><br \/>\nN<\/p>\n<h3><span style=\"font-weight: 400;\">Bao g\u1ed3m &amp; Lo\u1ea1i tr\u1eeb<\/span><\/h3>\n<p>N<\/p>\n<h6><strong>bao g\u1ed3m<\/strong><\/h6>\n<p>N<\/p>\n<ul>\nN \t<\/p>\n<li><span style=\"font-weight: 400;\">thuy\u1ec1n v\u00e0 thuy\u1ec1n tr\u01b0\u1edfng\u00a0<\/span><\/li>\n<p>N \t<\/p>\n<li><span style=\"font-weight: 400;\">thuy\u1ec1n kayak\u00a0<\/span><\/li>\n<p>N \t<\/p>\n<li><span style=\"font-weight: 400;\">\u0110\u1ed3 \u0103n nh\u1eb9, (n\u01b0\u1edbc, tr\u00e1i c\u00e2y, Sandwiches v\u00e0 soda)<\/span><\/li>\n<p>N \t<\/p>\n<li><span style=\"font-weight: 400;\">T\u1ea5t c\u1ea3 c\u00e1c lo\u1ea1i thu\u1ebf, ph\u00ed v\u00e0 l\u1ec7 ph\u00ed x\u1eed l\u00fd<\/span><\/li>\n<p>N \t<\/p>\n<li><span style=\"font-weight: 400;\">Thu\u1ebf \u0111\u1ecba ph\u01b0\u01a1ng<\/span><\/li>\n<p>N \t<\/p>\n<li><span style=\"font-weight: 400;\">C\u00e1c quan ch\u1ee9c Nh\u00e0 sinh th\u00e1i h\u01b0\u1edbng d\u1eabn vi\u00ean ti\u1ebfng Anh \/ T\u00e2y Ban Nha<\/span><\/li>\n<p>N \t<\/p>\n<li><span style=\"font-weight: 400;\">H\u1ed3 b\u01a1i t\u1ef1 nhi\u00ean v\u00e0 b\u00e3i bi\u1ec3n ch\u01b0a \u0111\u01b0\u1ee3c kh\u00e1m ph\u00e1\u00a0<\/span><\/li>\n<p>N \t<\/p>\n<li><span style=\"font-weight: 400;\">m\u1ed9t hang \u0111\u1ed9ng\u00a0<\/span><\/li>\n<p>N<\/ul>\n<p>N&Nbsp;<br \/>\nN<\/p>\n<h6><strong>lo\u1ea1i tr\u1eeb<\/strong><\/h6>\n<p>N&Nbsp;<br \/>\nN<\/p>\n<ul>\nN \t<\/p>\n<li><span style=\"font-weight: 400;\">ti\u1ec1n th\u01b0\u1edfng<\/span><\/li>\n<p>N \t<\/p>\n<li><span style=\"font-weight: 400;\">\u0110\u1ed3 u\u1ed1ng<\/span><\/li>\n<p>N \t<\/p>\n<li><span style=\"font-weight: 400;\">Chuy\u1ec3n nh\u01b0\u1ee3ng\u00a0<\/span><\/li>\n<p>N<\/ul>\n<p>N<span style=\"font-weight: 400;\">\u00a0<\/span><br \/>\nN<\/p>\n<h6><strong>Kh\u1edfi h\u00e0nh &amp; Tr\u1edf v\u1ec1<\/strong><\/h6>\n<p>N&Nbsp;<br \/>\nN<br \/>\nN<span style=\"font-weight: 400;\">Chuy\u1ebfn tham quan do \u201cBooking Adventures\u201d t\u1ed5 ch\u1ee9c b\u1eaft \u0111\u1ea7u t\u1ea1i \u0111i\u1ec3m h\u1eb9n \u0111\u00e3 \u0111\u1eb7t v\u1edbi H\u01b0\u1edbng d\u1eabn vi\u00ean ho\u1eb7c Nh\u00e2n vi\u00ean. Kh\u00e1ch du l\u1ecbch s\u1ebd nh\u1eadn \u0111\u01b0\u1ee3c m\u1ed9t \u0111i\u1ec3m g\u1eb7p g\u1ee1 sau Quy tr\u00ecnh \u0111\u1eb7t ch\u1ed7. C\u00e1c chuy\u1ebfn tham quan b\u1eaft \u0111\u1ea7u v\u00e0 k\u1ebft th\u00fac t\u1ea1i c\u00e1c \u0111i\u1ec3m g\u1eb7p g\u1ee1 c\u1ee7a ch\u00fang t\u00f4i.<\/span><br \/>\nN<\/p>\n<h2>Los Haitises Ch\u00e8o thuy\u1ec1n kayak + \u0110i thuy\u1ec1n + Hang \u0111\u1ed9ng v\u00e0 B\u00e3i bi\u1ec3n (T\u1ea5t c\u1ea3 trong m\u1ed9t).<\/h2>\n<p>N<span style=\"font-weight: 400;\">Mong \u0111\u1ee3i \u0111i\u1ec1u g\u00ec?<\/span><br \/>\nN<br \/>\nN&Nbsp;<br \/>\nN<br \/>\nN<span style=\"font-weight: 400;\">Nh\u1eadn v\u00e9 c\u1ee7a b\u1ea1n cho Tour phi\u00eau l\u01b0u sinh th\u00e1i C\u00f4ng vi\u00ean qu\u1ed1c gia Los Haitises All In One\u00a0<\/span><br \/>\nN<br \/>\nN&Nbsp;<br \/>\nN<br \/>\nN<span style=\"font-weight: 400;\">Chuy\u1ebfn tham quan n\u00e0y b\u1eaft \u0111\u1ea7u t\u1eeb m\u1ed9t \u0111i\u1ec3m h\u1eb9n m\u00e0 b\u1ea1n ph\u1ea3i x\u00e1c nh\u1eadn v\u1edbi \u0110\u1ea1i l\u00fd du l\u1ecbch c\u1ee7a ch\u00fang t\u00f4i ho\u1eb7c H\u01b0\u1edbng d\u1eabn vi\u00ean c\u1ee7a b\u1ea1n tr\u01b0\u1edbc khi \u0111\u1ebfn b\u1ea5t k\u1ef3 \u0111\u1ecba \u0111i\u1ec3m n\u00e0o. Khi b\u1ea1n g\u1eb7p h\u01b0\u1edbng d\u1eabn vi\u00ean, b\u1ea1n s\u1ebd c\u00f3 m\u1ed9t b\u1ea3n t\u00f3m t\u1eaft v\u1ec1 chuy\u1ebfn tham quan v\u00e0 m\u1ecdi th\u1ee9 li\u00ean quan \u0111\u1ebfn ng\u00e0y c\u1ee7a b\u1ea1n.<\/span><br \/>\nN<br \/>\nN&Nbsp;<br \/>\nN<br \/>\nN<span style=\"font-weight: 400;\">Khi m\u1ecdi ng\u01b0\u1eddi \u0111\u00e3 s\u1eb5n s\u00e0ng v\u00e0 ch\u00fang t\u00f4i l\u1ea5y thuy\u1ec1n kayak, ch\u00fang t\u00f4i s\u1ebd \u0111\u1ebfn \u0111\u1ecba \u0111i\u1ec3m \u0111\u1ea7u ti\u00ean l\u00e0 Playita Las Almejas, n\u01a1i c\u00f3 c\u00e1c h\u1ed3 b\u01a1i t\u1ef1 nhi\u00ean, trong khi ch\u00fang t\u00f4i di chuy\u1ec3n qua r\u1eebng ng\u1eadp m\u1eb7n v\u00e0 v\u1ecbnh San Lorenzo, ch\u00fang t\u00f4i s\u1ebd chia s\u1ebb v\u1edbi b\u1ea1n nh\u1eefng c\u00e2u chuy\u1ec7n v\u1ec1 Los Haitises, \u0110\u1ecba ch\u1ea5t v\u00e0 t\u00ecm hi\u1ec3u v\u1ec1 c\u00e1c lo\u00e0i c\u00e2y ng\u1eadp m\u1eb7n xung quanh V\u1ecbnh San Lorenzo.\u00a0<\/span><br \/>\nN<br \/>\nN&Nbsp;<br \/>\nN<br \/>\nN<span style=\"font-weight: 400;\">Khi ch\u00fang t\u00f4i \u0111\u1ebfn \u0111\u1ecba \u0111i\u1ec3m \u0111\u1ea7u ti\u00ean, b\u1ea1n n\u00ean chu\u1ea9n b\u1ecb s\u1eb5n \u00e1o t\u1eafm \u0111\u1ec3 ch\u00e8o thuy\u1ec1n kayak v\u00e0 ch\u00e8o \u0111\u1ebfn Hang Line c\u00f9ng v\u1edbi h\u01b0\u1edbng d\u1eabn vi\u00ean c\u1ee7a b\u1ea1n, nh\u1eefng nh\u00e2n vi\u00ean c\u00f2n l\u1ea1i s\u1ebd \u0111\u1ee3i b\u1ea1n cho \u0111\u1ebfn khi b\u1ea1n ho\u00e0n th\u00e0nh ph\u1ea7n \u0111\u1ea7u ti\u00ean c\u1ee7a ho\u1ea1t \u0111\u1ed9ng.<\/span><br \/>\nN<br \/>\nN&Nbsp;<br \/>\nN<br \/>\nN<span style=\"font-weight: 400;\">Trong ph\u1ea7n n\u00e0y c\u1ee7a chuy\u1ebfn \u0111i, b\u1ea1n s\u1ebd c\u00f3 th\u1ec3 \u0111i v\u00f2ng quanh C\u1ea3ng Old Las Perlas, m\u1ed9t trong nh\u1eefng c\u00f4ng tr\u00ecnh ki\u1ebfn tr\u00fac \u0111\u1ea7u ti\u00ean \u0111\u01b0\u1ee3c ng\u01b0\u1eddi ch\u00e2u \u00c2u x\u00e2y d\u1ef1ng trong khu v\u1ef1c, v\u00e0o kho\u1ea3ng n\u0103m 1866, v\u00e0 c\u1ea3ng n\u00e0y \u0111\u01b0\u1ee3c k\u1ebft n\u1ed1i v\u1edbi m\u1ed9t tuy\u1ebfn xe l\u1eeda d\u00f9ng \u0111\u1ec3 v\u1eadn chuy\u1ec3n c\u00e0 ph\u00ea, chu\u1ed1i v\u00e0 m\u1ecdi th\u1ee9 m\u00e0 nh\u00f3m ng\u01b0\u1eddi ch\u00e2u \u00c2u n\u00e0y \u0111ang canh t\u00e1c \u1edf Los Haitises ng\u00e0y nay.\u00a0<\/span><br \/>\nN<br \/>\nN&Nbsp;<br \/>\nN<br \/>\nN<span style=\"font-weight: 400;\">Trong hang \u0111\u1ed9ng b\u1ea1n s\u1ebd gh\u00e9 th\u0103m c\u00f3 h\u01a1n 1200 b\u1ee9c tranh \u0111\u01b0\u1ee3c v\u1ebd b\u1edfi Tainos, \u0111\u00e2y l\u00e0 m\u1ed9t c\u00e1ch \u0111\u1ec3 th\u1ec3 hi\u1ec7n b\u1ea3n th\u00e2n v\u00e0 ng\u00e0y nay nh\u1eefng t\u00e1c ph\u1ea9m ngh\u1ec7 thu\u1eadt n\u00e0y k\u1ec3 cho ch\u00fang ta nh\u1eefng c\u00e2u chuy\u1ec7n m\u00e0 ch\u00fang ta ch\u01b0a bao gi\u1edd ngh\u0129 r\u1eb1ng m\u00ecnh s\u1ebd t\u00ecm th\u1ea5y ng\u00e0y nay. Khi b\u1ea1n k\u1ebft th\u00fac \u1edf \u0111\u00e2y, ch\u00fang t\u00f4i s\u1ebd quay tr\u1edf l\u1ea1i Playa de las Almejas \u0111\u1ec3 \u0103n nh\u1eb9 v\u00e0 b\u01a1i l\u1ed9i.\u00a0<\/span><br \/>\nN<br \/>\nN&Nbsp;<br \/>\nN<br \/>\nN<span style=\"font-weight: 400;\">Sau khi b\u01a1i t\u1ea1i h\u1ed3 b\u01a1i t\u1ef1 nhi\u00ean, ch\u00fang t\u00f4i s\u1ebd quay tr\u1edf l\u1ea1i c\u1ea3ng ch\u00ednh \u1edf khu v\u1ef1c Cano Hondo, \u0111\u00e2y l\u00e0 chuy\u1ebfn tham quan k\u00e9o d\u00e0i 5 gi\u1edd mang \u0111\u1ebfn cho b\u1ea1n c\u01a1 h\u1ed9i quan s\u00e1t h\u1ea7u h\u1ebft C\u00f4ng vi\u00ean qu\u1ed1c gia Sabana de la Mar v\u00e0 Los Haitises, chuy\u1ebfn tham quan n\u00e0y k\u1ebft th\u00fac v\u00e0o c\u00f9ng m\u1ed9t n\u01a1i khi n\u00f3 b\u1eaft \u0111\u1ea7u.<\/span><br \/>\nN<br \/>\nN&Nbsp;<br \/>\nN<br \/>\nN<span style=\"font-weight: 400;\">L\u01b0u \u00fd: C\u00e1c chuy\u1ebfn tham quan n\u00e0y \u0111\u1ec1u c\u00f3 h\u01b0\u1edbng d\u1eabn vi\u00ean c\u1ee7a Nh\u00e0 sinh th\u00e1i h\u1ecdc Ch\u00ednh th\u1ee9c. H\u00e3y \u0111\u1eb7t tr\u01b0\u1edbc v\u1edbi th\u1eddi gian v\u00ec trong c\u00f4ng vi\u00ean kh\u00f4ng c\u00f3 qu\u00e1 nhi\u1ec1u chuy\u00ean gia.<\/span><br \/>\nN<br \/>\nN&Nbsp;<br \/>\nN<\/p>\n<h6><strong>B\u1ea1n n\u00ean mang theo nh\u1eefng g\u00ec?<\/strong><\/h6>\n<p>N<\/p>\n<ul>\nN \t<\/p>\n<li style=\"font-weight: 400;\" aria-level=\"1\"><span style=\"font-weight: 400;\">M\u00e1y \u1ea3nh<\/span><\/li>\n<p>N \t<\/p>\n<li style=\"font-weight: 400;\" aria-level=\"1\"><span style=\"font-weight: 400;\">Thu\u1ed1c x\u1ecbt c\u00f4n tr\u00f9ng\u00a0<\/span><\/li>\n<p>N \t<\/p>\n<li style=\"font-weight: 400;\" aria-level=\"1\"><span style=\"font-weight: 400;\">Kem ch\u1ed1ng n\u1eafng<\/span><\/li>\n<p>N \t<\/p>\n<li style=\"font-weight: 400;\" aria-level=\"1\"><span style=\"font-weight: 400;\">qu\u1ea7n tho\u1ea3i m\u00e1i<\/span><\/li>\n<p>N \t<\/p>\n<li style=\"font-weight: 400;\" aria-level=\"1\"><span style=\"font-weight: 400;\">Gi\u00e0y ch\u1ea1y b\u1ed9<\/span><\/li>\n<p>N \t<\/p>\n<li style=\"font-weight: 400;\" aria-level=\"1\"><span style=\"font-weight: 400;\">\u00c1o m\u01b0a\u00a0<\/span><\/li>\n<p>N \t<\/p>\n<li style=\"font-weight: 400;\" aria-level=\"1\"><span style=\"font-weight: 400;\">\u0110\u1ed3 b\u01a1i\u00a0<\/span><\/li>\n<p>N \t<\/p>\n<li style=\"font-weight: 400;\" aria-level=\"1\"><span style=\"font-weight: 400;\">C\u00e1i kh\u0103n lau\u00a0<\/span><\/li>\n<p>N<\/ul>\n<p>N<\/p>\n<h4><b><i>\u0110\u00f3n kh\u00e1ch s\u1ea1n <\/i><\/b><\/h4>\n<p>N<span style=\"font-weight: 400;\">\u0110\u00f3n kh\u00e1ch s\u1ea1n kh\u00f4ng \u0111\u01b0\u1ee3c cung c\u1ea5p cho tour du l\u1ecbch n\u00e0y. Ch\u1ec9 c\u1ea7n b\u1ea1n \u0111ang \u1edf Cano Hondo Hotel ho\u1eb7c Kh\u00e1ch s\u1ea1n trong khu v\u1ef1c Sabana de la mar.<\/span><br \/>\nN<br \/>\nN<b>Ghi ch\u00fa:<\/b><span style=\"font-weight: 400;\"> N\u1ebfu b\u1ea1n \u0111\u1eb7t ch\u1ed7 trong v\u00f2ng 24 gi\u1edd tr\u01b0\u1edbc gi\u1edd kh\u1edfi h\u00e0nh chuy\u1ebfn tham quan\/Chuy\u1ebfn tham quan, ch\u00fang t\u00f4i c\u00f3 th\u1ec3 s\u1eafp x\u1ebfp d\u1ecbch v\u1ee5 \u0111\u00f3n t\u1ea1i kh\u00e1ch s\u1ea1n v\u1edbi m\u1ed9t kho\u1ea3n ph\u1ee5 ph\u00ed t\u1eeb b\u1ea5t k\u1ef3 n\u01a1i n\u00e0o c\u1ee7a C\u1ed9ng h\u00f2a Dominica. Sau khi giao d\u1ecbch mua c\u1ee7a b\u1ea1n ho\u00e0n t\u1ea5t, ch\u00fang t\u00f4i s\u1ebd g\u1eedi cho b\u1ea1n th\u00f4ng tin li\u00ean h\u1ec7 \u0111\u1ea7y \u0111\u1ee7 (s\u1ed1 \u0111i\u1ec7n tho\u1ea1i, \u0111\u1ecba ch\u1ec9 email, v.v.) \u0111\u1ec3 H\u01b0\u1edbng d\u1eabn vi\u00ean du l\u1ecbch \u0111\u1ecba ph\u01b0\u01a1ng c\u1ee7a ch\u00fang t\u00f4i s\u1eafp x\u1ebfp vi\u1ec7c \u0111\u00f3n kh\u00e1ch.<\/span><br \/>\nN<\/p>\n<h4><b><i>X\u00e1c nh\u1eadn th\u00f4ng tin b\u1ed5 sung <\/i><\/b><\/h4>\n<p>N<\/p>\n<ol>\nN \t<\/p>\n<li>V\u00e9 l\u00e0 Bi\u00ean lai sau khi thanh to\u00e1n Tour n\u00e0y. B\u1ea1n c\u00f3 th\u1ec3 hi\u1ec3n th\u1ecb thanh to\u00e1n tr\u00ean \u0111i\u1ec7n tho\u1ea1i c\u1ee7a m\u00ecnh.<\/li>\n<p>N \t<\/p>\n<li style=\"font-weight: 400;\"><span style=\"font-weight: 400;\">\u0110i\u1ec3m h\u1eb9n s\u1ebd nh\u1eadn \u0111\u01b0\u1ee3c sau qu\u00e1 tr\u00ecnh \u0111\u1eb7t ch\u1ed7.<\/span><\/li>\n<p>N \t<\/p>\n<li style=\"font-weight: 400;\"><span style=\"font-weight: 400;\">Tr\u1ebb em ph\u1ea3i \u0111i c\u00f9ng ng\u01b0\u1eddi l\u1edbn.<\/span><\/li>\n<p>N \t<\/p>\n<li style=\"font-weight: 400;\"><span style=\"font-weight: 400;\"> Kh\u00f4ng th\u1ec3 s\u1eed d\u1ee5ng xe l\u0103n <\/span><\/li>\n<p>N \t<\/p>\n<li style=\"font-weight: 400;\"><span style=\"font-weight: 400;\">Tr\u1ebb s\u01a1 sinh ph\u1ea3i ng\u1ed3i tr\u00ean \u0111\u00f9i <\/span><\/li>\n<p>N \t<\/p>\n<li style=\"font-weight: 400;\"><span style=\"font-weight: 400;\">Kh\u00f4ng n\u00ean d\u00f9ng cho du kh\u00e1ch c\u00f3 v\u1ea5n \u0111\u1ec1 v\u1ec1 l\u01b0ng<\/span><\/li>\n<p>N \t<\/p>\n<li style=\"font-weight: 400;\"><span style=\"font-weight: 400;\">Kh\u00f4ng n\u00ean d\u00f9ng cho du kh\u00e1ch mang thai <\/span><\/li>\n<p>N \t<\/p>\n<li style=\"font-weight: 400;\"><span style=\"font-weight: 400;\"> Kh\u00f4ng c\u00f3 v\u1ea5n \u0111\u1ec1 v\u1ec1 tim ho\u1eb7c c\u00e1c t\u00ecnh tr\u1ea1ng y t\u1ebf nghi\u00eam tr\u1ecdng kh\u00e1c <\/span><\/li>\n<p>N \t<\/p>\n<li style=\"font-weight: 400;\"><span style=\"font-weight: 400;\">H\u1ea7u h\u1ebft du kh\u00e1ch c\u00f3 th\u1ec3 tham gia<\/span><\/li>\n<p>N<\/ol>\n<p>N<\/p>\n<h4><b><i>Ch\u00ednh s\u00e1ch h\u1ee7y<\/i><\/b><\/h4>\n<p>n\u0110\u1ec3 \u0111\u01b0\u1ee3c ho\u00e0n l\u1ea1i to\u00e0n b\u1ed9 s\u1ed1 ti\u1ec1n, vui l\u00f2ng \u0111\u1ecdc ch\u00ednh s\u00e1ch H\u1ee7y c\u1ee7a ch\u00fang t\u00f4i\u00a0<a href=\"https:\/\/www.boattoursamana.com\/vi\/dat-phong-truc-tuyen\/\" target=\"_blank\" rel=\"noopener\" data-saferedirecturl=\"https:\/\/www.google.com\/url?q=https:\/\/www.boattoursamana.com\/online-booking\/&amp;source=gmail&amp;ust=1672449202351000&amp;usg=AOvVaw1yAeVAPktmaVCqDujgUn90\">B\u1ea5m v\u00e0o \u0111\u00e2y<\/a>. Ti\u1ec1n s\u1ebd b\u1ecb m\u1ea5t n\u1ebfu \u0111\u1eb7t ch\u1ed7 b\u1ecb h\u1ee7y trong c\u00f9ng ng\u00e0y c\u1ee7a chuy\u1ebfn \u0111i.<\/p>\n\n\t\t<\/div>\n\t<\/div>\n<\/div><\/div><\/div><\/div><div class=\"vc_row wpb_row vc_row-fluid\" ><div class=\"wpb_column vc_column_container vc_col-sm-12\"><div class=\"vc_column-inner\"><div class=\"wpb_wrapper\"><\/div><\/div><\/div><\/div><div class=\"vc_row wpb_row vc_row-fluid\" ><\/div><div class=\"wpb_column vc_column_container vc_col-sm-12\"><div class=\"vc_column-inner\"><div class=\"wpb_wrapper\"><\/div><\/div><\/div><div class=\"vc_empty_space\"   style=\"height: 32px\"><span class=\"vc_empty_space_inner\"><\/span><\/div><div class=\"vc_empty_space\"   style=\"height: 32px\"><span class=\"vc_empty_space_inner\"><\/span><\/div><div class=\"vc_row wpb_row vc_row-fluid\" ><div class=\"wpb_column vc_column_container vc_col-sm-12\"><div class=\"vc_column-inner\"><div class=\"wpb_wrapper\"><div class=\"vc_btn3-container vc_btn3-inline\" ><button class=\"vc_general vc_btn3 vc_btn3-size-md vc_btn3-shape-rounded vc_btn3-style-modern vc_btn3-color-green\">\u0110\u0102\u0323T B\u00c2Y GI\u1edc<\/button><\/div><\/div><\/div><\/div><\/div>","protected":false},"excerpt":{"rendered":"<p>Kayak + Paseo en Barco + Cuevas y Playa para Nadar (Todo en Uno). Parque Nacional Los Haitises con un gu\u00eda tur\u00edstico local desde Sabana de la Mar. Visita a la selva tropical, la peque\u00f1a playa privada, las \u00e1reas de coco, caf\u00e9 y cacao. Aprendiendo sobre la historia original del Parque Nacional Los Haitises. n n&nbsp; n nSeleccione la fecha para el viaje de aventura todo en uno: &nbsp;<\/p>","protected":false},"author":2,"featured_media":0,"parent":0,"menu_order":0,"comment_status":"open","ping_status":"closed","template":"","meta":{"footnotes":""},"class_list":["post-15821","page","type-page","status-publish","hentry"],"_links":{"self":[{"href":"https:\/\/www.boattoursamana.com\/vi\/wp-json\/wp\/v2\/pages\/15821","targetHints":{"allow":["GET"]}}],"collection":[{"href":"https:\/\/www.boattoursamana.com\/vi\/wp-json\/wp\/v2\/pages"}],"about":[{"href":"https:\/\/www.boattoursamana.com\/vi\/wp-json\/wp\/v2\/types\/page"}],"author":[{"embeddable":true,"href":"https:\/\/www.boattoursamana.com\/vi\/wp-json\/wp\/v2\/users\/2"}],"replies":[{"embeddable":true,"href":"https:\/\/www.boattoursamana.com\/vi\/wp-json\/wp\/v2\/comments?post=15821"}],"version-history":[{"count":0,"href":"https:\/\/www.boattoursamana.com\/vi\/wp-json\/wp\/v2\/pages\/15821\/revisions"}],"wp:attachment":[{"href":"https:\/\/www.boattoursamana.com\/vi\/wp-json\/wp\/v2\/media?parent=15821"}],"curies":[{"name":"wp","href":"https:\/\/api.w.org\/{rel}","templated":true}]}}