{"id":15830,"date":"2023-07-15T07:44:42","date_gmt":"2023-07-15T07:44:42","guid":{"rendered":"https:\/\/www.ticketswhales.com\/las-galeras-las-7-playas-escondidas-de-samana-the-7-hidden-beaches-in-samana\/"},"modified":"2023-07-15T07:44:42","modified_gmt":"2023-07-15T07:44:42","slug":"las-galeras-las-7-playas-escondidas-de-samana-the-7-hidden-beaches-in-samana","status":"publish","type":"page","link":"https:\/\/www.boattoursamana.com\/vi\/las-galeras-las-7-playas-escondidas-de-samana-the-7-hidden-beaches-in-samana","title":{"rendered":"Las Galeras: Las 7 Playas Escondidas de Saman\u00e1 \u2013 7 b\u00e3i bi\u1ec3n \u1ea9n gi\u1ea5u \u1edf Saman\u00e1"},"content":{"rendered":"<p><span style=\"vertical-align: inherit;\"><span style=\"vertical-align: inherit;\">N\u1ebfu b\u1ea1n \u0111\u1ebfn th\u0103m Saman\u00e1 v\u00e0 le gustar\u00eda tener una verdadera experiencia local haciendo senderismo, un viaje en barco mores un almuerzo en la playa de Rinc\u00f3n, este el el viaje que necesita hacer. <\/span><span style=\"vertical-align: inherit;\">Gh\u00e9 th\u0103m 7 v\u1edf k\u1ecbch tr\u1ed1n tho\u00e1t c\u1ee7a Saman\u00e1 trong khu v\u1ef1c Las Galeras, b\u1ea1n c\u00f3 th\u1ec3 xem c\u1ea3 ba l\u1ea7n \u0111\u1ec3 xem m\u1ed9t cueva v\u00e0 to\u00e0n b\u1ed9 video xu\u1ea5t s\u1eafc ho\u1eb7c nh\u1eefng b\u1ee9c \u1ea3nh \u0111\u1ec3 thu th\u1eadp nh\u1eefng c\u00e2u chuy\u1ec7n \u0111\u00e1ng kinh ng\u1ea1c.<\/span><\/span><br \/>\nN<br \/>\nN<strong><span style=\"vertical-align: inherit;\"><span style=\"vertical-align: inherit;\">Ch\u1ecdn l\u1ef1a cu\u1ed9c phi\u00eau l\u01b0u cho el Tour:\u00a0<\/span><\/span><\/strong><\/p>\n<p>&nbsp;<\/p>\n<div class=\"vc_row wpb_row vc_row-fluid\" ><div class=\"wpb_column vc_column_container vc_col-sm-12\"><div class=\"vc_column-inner\"><div class=\"wpb_wrapper\"><div class=\"mkdf-section-title-holder\" style=\"text-align: left\">\n\t<div class=\"mkdf-st-inner\">\n\t\t\t\t\t<h5 class=\"mkdf-st-subtitle\" >\n\t\t\t\t\u0102n tr\u01b0a, \u0111i thuy\u1ec1n v\u00e0 v\u1eadn chuy\u1ec3n t\u01b0 nh\u00e2n t\u1eeb kh\u00e1ch s\u1ea1n.\t\t\t<\/h5>\n\t\t\t\t\t\t\t<h3 class=\"mkdf-st-title\" >\n\t\t\t\tPlaya Rinc\u00f3n, Playa Fronton + B\u00e3i bi\u1ec3n Playa Madame, Saman\u00e1 - C\u1ed9ng h\u00f2a Dominica.\t\t\t<\/h3>\n\t\t\t\t\t<\/div>\n<\/div>\n\t<div class=\"wpb_text_column wpb_content_element\" >\n\t\t<div class=\"wpb_wrapper\">\n\t\t\t<p>\nN<\/p>\n<h3>Playa Calet\u00f3n, Playa Escondida, Playa Colorado, Playa del Amor, Playa La Vaca, Playa la Playita Playa Brem\u00e1n.<\/h3>\n<p>N<\/p>\n<h4><b><i>T\u1ed5ng quan <\/i><\/b><\/h4>\n<p>M\u1ed9t trong nh\u1eefng chuy\u1ebfn du ngo\u1ea1n \u0111\u1eb9p nh\u1ea5t tr\u00ean b\u00e1n \u0111\u1ea3o Saman\u00e1.<br \/>\nN<br \/>\nN<span class=\"Y2IQFc\" lang=\"en\">7 b\u00e3i bi\u1ec3n \u1ea9n gi\u1ea5u \u1edf Saman\u00e1, n\u1eb1m \u1edf B\u00e1n \u0111\u1ea3o Saman\u00e1 v\u00e0 l\u01b0u gi\u1eef nh\u1eefng b\u00ed m\u1eadt \u0111\u1eb9p \u0111\u1ebd c\u1ee7a l\u1ecbch s\u1eed, \u0111\u1ed3ng th\u1eddi bi\u1ebft \u0111\u01b0\u1ee3c nh\u1eefng n\u01a1i n\u00e0y, ch\u00fang t\u00f4i \u0111\u00f3ng g\u00f3p cho n\u1ec1n kinh t\u1ebf \u0111\u1ecba ph\u01b0\u01a1ng, \u0111i\u1ec1u quan tr\u1ecdng \u0111\u1ed1i v\u1edbi s\u1ef1 t\u1ed3n t\u1ea1i c\u1ee7a m\u1ed9t ng\u01b0\u1eddi d\u00e2n.<\/span><br \/>\nN<br \/>\nH\u00f2a m\u00ecnh v\u00e0o b\u1ea7u kh\u00f4ng kh\u00ed \u0111\u1ed9c \u0111\u00e1o b\u1eb1ng c\u00e1ch tham quan 7 b\u00e3i bi\u1ec3n tr\u00ean thuy\u1ec1n, Ngo\u00e0i ra \u0110i b\u1ed9 \u0111\u01b0\u1eddng d\u00e0i trong m\u1ed9t hang \u0111\u1ed9ng nh\u1ecf tr\u00ean b\u1edd bi\u1ec3n. M\u1ed9t s\u1ed1 b\u00e3i bi\u1ec3n ch\u1ec9 c\u00f3 th\u1ec3 \u0111\u1ebfn \u0111\u01b0\u1ee3c b\u1eb1ng thuy\u1ec1n \u0111\u01b0\u1ee3c bao quanh b\u1edfi m\u1ed9t r\u1ea1n san h\u00f4, xung quanh \u0111\u00f3 b\u1ea1n c\u00f3 th\u1ec3 l\u1eb7n v\u1edbi \u1ed1ng th\u1edf, b\u01a1i c\u00f9ng c\u00e1 v\u00e0 kh\u00e1m ph\u00e1 san h\u00f4 c\u0169ng nh\u01b0 th\u01b0 gi\u00e3n v\u00e0 t\u1eadn h\u01b0\u1edfng khung c\u1ea3nh tuy\u1ec7t v\u1eddi. Th\u01b0 gi\u00e3n, b\u01a1i l\u1ed9i, sau \u0111\u00f3 kh\u1edfi h\u00e0nh \u0111\u1ebfn Playa colorado, m\u1ed9t b\u00e3i bi\u1ec3n ho\u00e0n h\u1ea3o v\u00e0 bi\u1ec7t l\u1eadp kh\u00e1c \u0111\u1ec3 l\u1eb7n v\u1edbi \u1ed1ng th\u1edf, n\u01a1i b\u1ea1n c\u0169ng c\u00f3 th\u1ec3 gh\u00e9 th\u0103m m\u1ed9t hang \u0111\u1ed9ng v\u00e0 quay nh\u1eefng video ho\u1eb7c b\u1ee9c \u1ea3nh tuy\u1ec7t v\u1eddi \u0111\u1ec3 l\u01b0u gi\u1eef nh\u1eefng k\u1ef7 ni\u1ec7m tuy\u1ec7t v\u1eddi.<br \/>\nN<br \/>\nB\u1ea1n s\u1ebd d\u00f9ng b\u1eefa tr\u01b0a nh\u00f3n ch\u00e2n tr\u00ean c\u00e1t v\u1edbi \u00e2m thanh c\u1ee7a Merengue v\u00e0 Bachata t\u1ea1i \u201cEl Paraiso\u201d \u2013 Nh\u00e0 h\u00e0ng cu\u1ed1i c\u00f9ng tr\u01b0\u1edbc khu r\u1eebng nhi\u1ec7t \u0111\u1edbi \u2013 n\u01a1i b\u1ea1n s\u1ebd \u0111\u01b0\u1ee3c ph\u1ee5c v\u1ee5 m\u1ed9t b\u1eefa \u0103n ho\u00e0n ch\u1ec9nh bao g\u1ed3m m\u1ed9t m\u00f3n c\u00e1, k\u00e8m theo \u0111\u1ed3 u\u1ed1ng \u0111\u1ecba ph\u01b0\u01a1ng v\u00e0 cocktail. Tr\u00ean \u0111\u01b0\u1eddng v\u1ec1 ch\u00fang ta s\u1ebd d\u1eebng l\u1ea1i \u1edf b\u00e3i bi\u1ec3n El Rincon, \u1edf \u0111\u00e2y b\u1ea1n s\u1ebd t\u00ecm th\u1ea5y m\u1ed9t vi\u00ean ng\u1ecdc trai t\u1ef1 nhi\u00ean \u0111\u01b0\u1ee3c coi l\u00e0 m\u1ed9t trong nh\u1eefng b\u00e3i bi\u1ec3n \u0111\u1eb9p nh\u1ea5t trong c\u1ea3 n\u01b0\u1edbc. C\u00e1t tr\u1eafng m\u1ecbn, n\u01b0\u1edbc bi\u1ec3n m\u00e0u ng\u1ecdc lam v\u00e0 nh\u1eefng c\u00e2y c\u1ecd cao h\u00e0ng m\u00e9t \u0111\u00e3 n\u00f3i l\u00ean t\u1ea5t c\u1ea3.<br \/>\nN<br \/>\nN&Nbsp;<br \/>\nN<\/p>\n<ul>\nN \t<\/p>\n<li><span style=\"font-weight: 400;\">H\u01b0\u1edbng d\u1eabn \u0111\u1ecba ph\u01b0\u01a1ng v\u1edbi kinh nghi\u1ec7m an to\u00e0n trong khu v\u1ef1c.<\/span><\/li>\n<p>N \t<\/p>\n<li style=\"font-weight: 400;\">\u0110\u00e3 bao g\u1ed3m ph\u00ed<\/li>\n<p>N \t<\/p>\n<li>\u0102n tr\u01b0a t\u1ea1i b\u00e3i bi\u1ec3n<\/li>\n<p>N \t<\/p>\n<li>\u0110i thuy\u1ec1n<\/li>\n<p>N \t<\/p>\n<li style=\"font-weight: 400;\">H\u01b0\u1edbng d\u1eabn vi\u00ean du l\u1ecbch \u0111\u1ecba ph\u01b0\u01a1ng b\u1eb1ng ti\u1ebfng T\u00e2y Ban Nha, ti\u1ebfng Anh ho\u1eb7c ti\u1ebfng Ph\u00e1p.<\/li>\n<p>N \t<\/p>\n<li>\u0110i b\u1ed9 \u0111\u01b0\u1eddng d\u00e0i<\/li>\n<p>N \t<\/p>\n<li>b\u01a1i l\u1ed9i<\/li>\n<p>N<\/ul>\n<p>N&Nbsp;<br \/>\nN<\/p>\n<h4><b>Bao g\u1ed3m &amp; Lo\u1ea1i tr\u1eeb<\/b><\/h4>\n<p>N&Nbsp;<br \/>\nN<br \/>\nN<b>bao g\u1ed3m<\/b><br \/>\nN<\/p>\n<ol>\nN \t<\/p>\n<li><span style=\"font-weight: 400;\">H\u01b0\u1edbng d\u1eabn \u0111\u1ecba ph\u01b0\u01a1ng v\u1edbi kinh nghi\u1ec7m an to\u00e0n trong khu v\u1ef1c.<\/span><\/li>\n<p>N \t<\/p>\n<li style=\"font-weight: 400;\">B\u00e3i bi\u1ec3n El Rincon<\/li>\n<p>N \t<\/p>\n<li>B\u00e3i bi\u1ec3n Colorado<\/li>\n<p>N \t<\/p>\n<li>B\u00e3i bi\u1ec3n La Playita<\/li>\n<p>N \t<\/p>\n<li>b\u00e3i bi\u1ec3n la vaca<\/li>\n<p>N \t<\/p>\n<li>B\u00e3i bi\u1ec3n Breman<\/li>\n<p>N \t<\/p>\n<li>B\u00e3i bi\u1ec3n Mariano<\/li>\n<p>N \t<\/p>\n<li>B\u00e3i bi\u1ec3n Caleton<\/li>\n<p>N \t<\/p>\n<li style=\"font-weight: 400;\"><span style=\"font-weight: 400;\">T\u1ea5t c\u1ea3 c\u00e1c lo\u1ea1i thu\u1ebf, ph\u00ed v\u00e0 l\u1ec7 ph\u00ed x\u1eed l\u00fd<\/span><\/li>\n<p>N \t<\/p>\n<li style=\"font-weight: 400;\"><span style=\"font-weight: 400;\">Thu\u1ebf \u0111\u1ecba ph\u01b0\u01a1ng<\/span><\/li>\n<p>N \t<\/p>\n<li>\u0102n tr\u01b0a t\u1ea1i b\u00e3i bi\u1ec3n<\/li>\n<p>N \t<\/p>\n<li>\u0110i b\u1ed9 \u0111\u01b0\u1eddng d\u00e0i<\/li>\n<p>N \t<\/p>\n<li style=\"font-weight: 400;\"><span style=\"font-weight: 400;\">T\u1ea5t c\u1ea3 c\u00e1c ho\u1ea1t \u0111\u1ed9ng<\/span><\/li>\n<p>N<\/ol>\n<p>N<b> lo\u1ea1i tr\u1eeb<\/b><br \/>\nN<\/p>\n<ol>\nN \t<\/p>\n<li style=\"font-weight: 400;\"><span style=\"font-weight: 400;\">ti\u1ec1n th\u01b0\u1edfng<\/span><\/li>\n<p>N<\/ol>\n<p>N<\/p>\n<h4><em><strong>Kh\u1edfi h\u00e0nh &amp; Tr\u1edf v\u1ec1<\/strong><\/em><\/h4>\n<p>N<span style=\"font-weight: 400;\">Kh\u00e1ch du l\u1ecbch s\u1ebd nh\u1eadn \u0111\u01b0\u1ee3c m\u1ed9t \u0111i\u1ec3m g\u1eb7p g\u1ee1 sau Quy tr\u00ecnh \u0111\u1eb7t ch\u1ed7. C\u00e1c chuy\u1ebfn tham quan b\u1eaft \u0111\u1ea7u v\u00e0 k\u1ebft th\u00fac t\u1ea1i c\u00e1c \u0111i\u1ec3m g\u1eb7p g\u1ee1 c\u1ee7a b\u1ea1n.<\/span><br \/>\nN<\/p>\n<h3>Playa Calet\u00f3n, Playa Escondida, Playa Colorado, Playa del Amor, Playa La Vaca, Playa la Playita Playa Brem\u00e1n.<\/h3>\n<p>N<\/p>\n<h4><b><i>Mong \u0111\u1ee3i \u0111i\u1ec1u g\u00ec?<\/i><\/b><\/h4>\n<p>N<em><strong>Nh\u1eadn v\u00e9 c\u1ee7a b\u1ea1n<\/strong><\/em> \u0111\u1ec3 tham quan 7 b\u00e3i bi\u1ec3n \u0111\u1ed9c \u0111\u00e1o nh\u1ea5t tr\u00ean kh\u1eafp C\u1ed9ng h\u00f2a Dominica. \u0110i\u1ec3m g\u1eb7p g\u1ee1 b\u1eaft \u0111\u1ea7u c\u1ee7a chuy\u1ebfn \u0111i l\u00e0 \u1edf khu v\u1ef1c Las Galeras \u0111i b\u1ed9 \u0111\u01b0\u1eddng d\u00e0i v\u00e0 B\u01a1i l\u1ed9i trong m\u1ed9t ng\u00e0y 7 B\u00e3i bi\u1ec3n c\u1ed9ng v\u1edbi b\u00e3i bi\u1ec3n el Rincon. \u0110\u1ea7u ti\u00ean, ch\u00fang t\u00f4i gh\u00e9 th\u0103m Hang Duarte, \u0111i b\u1ed9 \u0111\u01b0\u1eddng d\u00e0i v\u00e0 xem hang \u0111\u1ed9ng \u0111\u1eb9p nh\u1ea5t \u1edf las Galeras. Hang n\u00e0y d\u00e0i 900m, c\u00f3 2 l\u1ed1i v\u00e0o kh\u00e1c nhau \u0111\u1ec3 tr\u00e1nh l\u1eb7p l\u1ea1i c\u00f9ng m\u1ed9t khung c\u1ea3nh.<br \/>\nN<br \/>\nSau khi tham quan hang \u0111\u1ed9ng, ch\u00fang t\u00f4i quay tr\u1edf l\u1ea1i t\u00e0u cao t\u1ed1c \u0111\u1ec3 tham quan Playa Caleton, \u0111\u00e2y l\u00e0 m\u1ed9t trong nh\u1eefng b\u00e3i bi\u1ec3n \u0111\u01b0\u1ee3c nh\u1eafc \u0111\u1ebfn nhi\u1ec1u nh\u1ea5t \u1edf Samana v\u00ec l\u00e0n n\u01b0\u1edbc trong v\u1eaft. Ch\u00fang t\u00f4i s\u1ebd b\u01a1i v\u00e0 t\u1eadn h\u01b0\u1edfng b\u00e3i bi\u1ec3n n\u00e0y tr\u01b0\u1edbc \u0111\u1ec3 ti\u1ebfp t\u1ee5c chuy\u1ebfn \u0111i \u0111\u1ebfn Playa del Amor.<br \/>\nN<br \/>\nN<strong>ch\u01a1i 7<\/strong><br \/>\nN<br \/>\nnPlaya Rinc\u00f3n l\u00e0 m\u1ed9t d\u1ea3i c\u00e1t tr\u1eafng hoang s\u01a1 tr\u1ea3i d\u00e0i kho\u1ea3ng 2,5 d\u1eb7m (4 km) d\u1ecdc theo m\u1ed9t ph\u1ea7n b\u1edd bi\u1ec3n ch\u01b0a ph\u00e1t tri\u1ec3n. \u0110\u01b0\u1ee3c bao quanh b\u1edfi nh\u1eefng r\u1eb7ng d\u1eeba v\u00e0 \u0111\u01b0\u1ee3c bao b\u1ecdc b\u1edfi c\u00e1c \u0111\u1ec9nh n\u00fai v\u00e0 v\u00e1ch \u0111\u00e1 \u1edf c\u1ea3 hai \u0111\u1ea7u, b\u00e3i bi\u1ec3n h\u1ebbo l\u00e1nh n\u00e0y c\u00f3 c\u1ea3m gi\u00e1c nh\u01b0 m\u1ed9t \u0111i\u1ec1u kh\u00f4ng t\u01b0\u1edfng th\u1ef1c s\u1ef1, t\u00e1ch bi\u1ec7t kh\u1ecfi n\u1ec1n v\u0103n minh.<br \/>\nN<br \/>\nSau b\u00e3i bi\u1ec3n El Rincon, ch\u00fang ta s\u1ebd tr\u1edf l\u1ea1i t\u00e0u cao t\u1ed1c \u0111\u1ebfn \u0111i\u1ec3m h\u1eb9n Las Galeras!<br \/>\nN<br \/>\nChuy\u1ebfn tham quan do \u201cBooking Adventures\u201d t\u1ed5 ch\u1ee9c b\u1eaft \u0111\u1ea7u t\u1ea1i \u0111i\u1ec3m h\u1eb9n \u0111\u00e3 \u0111\u1eb7t v\u1edbi H\u01b0\u1edbng d\u1eabn vi\u00ean c\u1ee7a ch\u00fang t\u00f4i. H\u00e3y c\u00f9ng Booking Adventures \u0103n tr\u01b0a tr\u00ean b\u00e3i bi\u1ec3n v\u00e0 say m\u00ea 3 b\u00e3i bi\u1ec3n tuy\u1ec7t v\u1eddi nh\u1ea5t \u1edf Samana, C\u1ed9ng h\u00f2a Dominica.<br \/>\nN<\/p>\n<div class=\"body-description secondary\">\nN<br \/>\nN&Nbsp;<br \/>\nN<br \/>\nN<\/div>\n<p>N<\/p>\n<h4><em><strong>B\u1ea1n n\u00ean mang theo nh\u1eefng g\u00ec?<\/strong><\/em><\/h4>\n<p>N<\/p>\n<ul>\nN \t<\/p>\n<li style=\"font-weight: 400;\"><span style=\"font-weight: 400;\">M\u00e1y \u1ea3nh<\/span><\/li>\n<p>N \t<\/p>\n<li style=\"font-weight: 400;\"><span style=\"font-weight: 400;\">ch\u1ed3i \u0111u\u1ed5i<\/span><\/li>\n<p>N \t<\/p>\n<li style=\"font-weight: 400;\"><span style=\"font-weight: 400;\">Kem ch\u1ed1ng n\u1eafng<\/span><\/li>\n<p>N \t<\/p>\n<li>N\u01b0\u1edbc<\/li>\n<p>N \t<\/p>\n<li style=\"font-weight: 400;\"><span style=\"font-weight: 400;\">m\u0169<\/span><\/li>\n<p>N \t<\/p>\n<li style=\"font-weight: 400;\"><span style=\"font-weight: 400;\">qu\u1ea7n tho\u1ea3i m\u00e1i<\/span><\/li>\n<p>N \t<\/p>\n<li style=\"font-weight: 400;\"><span style=\"font-weight: 400;\">Gi\u00e0y leo n\u00fai \u0111i r\u1eebng<\/span><\/li>\n<p>N \t<\/p>\n<li style=\"font-weight: 400;\"><span style=\"font-weight: 400;\">D\u00e9p \u0111i c\u00e1c mi\u1ec1n Xu\u00e2n.<\/span><\/li>\n<p>N \t<\/p>\n<li style=\"font-weight: 400;\"><span style=\"font-weight: 400;\">\u0111\u1ed3 b\u01a1i<\/span><\/li>\n<p>N<\/ul>\n<p>N&Nbsp;<br \/>\nN<\/p>\n<h4><b><i>\u0110\u00f3n kh\u00e1ch s\u1ea1n <\/i><\/b><\/h4>\n<p>N<span style=\"font-weight: 400;\">\u0110\u00f3n kh\u00e1ch s\u1ea1n kh\u00f4ng \u0111\u01b0\u1ee3c bao g\u1ed3m trong tour du l\u1ecbch n\u00e0y. <\/span><br \/>\nN<br \/>\nN&Nbsp;<br \/>\nN<br \/>\nN<b>Ghi ch\u00fa:<\/b><span style=\"font-weight: 400;\"> N\u1ebfu b\u1ea1n \u0111\u1eb7t trong v\u00f2ng 24 gi\u1edd tr\u01b0\u1edbc th\u1eddi gian kh\u1edfi h\u00e0nh chuy\u1ebfn tham quan\/Chuy\u1ebfn tham quan, ch\u00fang t\u00f4i c\u00f3 th\u1ec3 s\u1eafp x\u1ebfp d\u1ecbch v\u1ee5 \u0111\u00f3n t\u1ea1i kh\u00e1ch s\u1ea1n v\u1edbi m\u1ed9t kho\u1ea3n ph\u1ee5 ph\u00ed. Ch\u00fang t\u00f4i ch\u1ec9 l\u1ea5y n\u00f3 \u1edf khu v\u1ef1c Samana. Sau khi giao d\u1ecbch mua c\u1ee7a b\u1ea1n ho\u00e0n t\u1ea5t, ch\u00fang t\u00f4i s\u1ebd g\u1eedi cho b\u1ea1n th\u00f4ng tin li\u00ean h\u1ec7 \u0111\u1ea7y \u0111\u1ee7 (s\u1ed1 \u0111i\u1ec7n tho\u1ea1i, \u0111\u1ecba ch\u1ec9 email, v.v.) \u0111\u1ec3 H\u01b0\u1edbng d\u1eabn vi\u00ean du l\u1ecbch \u0111\u1ecba ph\u01b0\u01a1ng c\u1ee7a ch\u00fang t\u00f4i s\u1eafp x\u1ebfp vi\u1ec7c \u0111\u00f3n kh\u00e1ch.<\/span><br \/>\nN<\/p>\n<h4><b><i>X\u00e1c nh\u1eadn th\u00f4ng tin b\u1ed5 sung <\/i><\/b><\/h4>\n<p>N<\/p>\n<ol>\nN \t<\/p>\n<li>V\u00e9 l\u00e0 Bi\u00ean lai sau khi thanh to\u00e1n Tour n\u00e0y. B\u1ea1n c\u00f3 th\u1ec3 hi\u1ec3n th\u1ecb thanh to\u00e1n tr\u00ean \u0111i\u1ec7n tho\u1ea1i c\u1ee7a m\u00ecnh.<\/li>\n<p>N \t<\/p>\n<li style=\"font-weight: 400;\"><span style=\"font-weight: 400;\">\u0110i\u1ec3m h\u1eb9n s\u1ebd nh\u1eadn \u0111\u01b0\u1ee3c sau qu\u00e1 tr\u00ecnh \u0111\u1eb7t ch\u1ed7.<\/span><\/li>\n<p>N \t<\/p>\n<li style=\"font-weight: 400;\"><span style=\"font-weight: 400;\">Tr\u1ebb em ph\u1ea3i \u0111i c\u00f9ng ng\u01b0\u1eddi l\u1edbn.<\/span><\/li>\n<p>N \t<\/p>\n<li style=\"font-weight: 400;\"><span style=\"font-weight: 400;\"> Kh\u00f4ng th\u1ec3 s\u1eed d\u1ee5ng xe l\u0103n <\/span><\/li>\n<p>N \t<\/p>\n<li style=\"font-weight: 400;\"><span style=\"font-weight: 400;\">Tr\u1ebb s\u01a1 sinh ph\u1ea3i ng\u1ed3i tr\u00ean \u0111\u00f9i <\/span><\/li>\n<p>N \t<\/p>\n<li style=\"font-weight: 400;\"><span style=\"font-weight: 400;\">Kh\u00f4ng n\u00ean d\u00f9ng cho du kh\u00e1ch c\u00f3 v\u1ea5n \u0111\u1ec1 v\u1ec1 l\u01b0ng<\/span><\/li>\n<p>N \t<\/p>\n<li style=\"font-weight: 400;\"><span style=\"font-weight: 400;\">Kh\u00f4ng n\u00ean d\u00f9ng cho du kh\u00e1ch mang thai <\/span><\/li>\n<p>N \t<\/p>\n<li style=\"font-weight: 400;\"><span style=\"font-weight: 400;\"> Kh\u00f4ng c\u00f3 v\u1ea5n \u0111\u1ec1 v\u1ec1 tim ho\u1eb7c c\u00e1c t\u00ecnh tr\u1ea1ng y t\u1ebf nghi\u00eam tr\u1ecdng kh\u00e1c <\/span><\/li>\n<p>N \t<\/p>\n<li style=\"font-weight: 400;\"><span style=\"font-weight: 400;\">H\u1ea7u h\u1ebft du kh\u00e1ch c\u00f3 th\u1ec3 tham gia<\/span><\/li>\n<p>N<\/ol>\n<p>N<\/p>\n<h4><b><i>Ch\u00ednh s\u00e1ch h\u1ee7y<\/i><\/b><\/h4>\n<p>n\u0110\u1ec3 \u0111\u01b0\u1ee3c ho\u00e0n l\u1ea1i to\u00e0n b\u1ed9 s\u1ed1 ti\u1ec1n, vui l\u00f2ng \u0111\u1ecdc ch\u00ednh s\u00e1ch H\u1ee7y c\u1ee7a ch\u00fang t\u00f4i\u00a0<a href=\"https:\/\/www.boattoursamana.com\/vi\/dat-phong-truc-tuyen\/\" target=\"_blank\" rel=\"noopener\" data-saferedirecturl=\"https:\/\/www.google.com\/url?q=https:\/\/www.boattoursamana.com\/online-booking\/&amp;source=gmail&amp;ust=1672449202351000&amp;usg=AOvVaw1yAeVAPktmaVCqDujgUn90\">B\u1ea5m v\u00e0o \u0111\u00e2y<\/a>. Ti\u1ec1n s\u1ebd b\u1ecb m\u1ea5t n\u1ebfu \u0111\u1eb7t ch\u1ed7 b\u1ecb h\u1ee7y trong c\u00f9ng ng\u00e0y c\u1ee7a chuy\u1ebfn \u0111i.<\/p>\n\n\t\t<\/div>\n\t<\/div>\n<\/div><\/div><\/div><\/div><div class=\"vc_row wpb_row vc_row-fluid\" ><div class=\"wpb_column vc_column_container vc_col-sm-12\"><div class=\"vc_column-inner\"><div class=\"wpb_wrapper\">\n\t<div class=\"wpb_video_widget wpb_content_element vc_clearfix   vc_video-aspect-ratio-169 vc_video-el-width-100 vc_video-align-left\" >\n\t\t<div class=\"wpb_wrapper\">\n\t\t\t<h2 class=\"wpb_heading wpb_video_heading\">B\u00e3i bi\u1ec3n Boca del Diablo v\u00e0 Fronton<\/h2>\n\t\t\t<div class=\"wpb_video_wrapper\"><iframe loading=\"lazy\" title=\"B\u00e1n \u0111\u1ea3o Saman\u00e1, C\u1ed9ng h\u00f2a Dominica (DJI Phantom 4 4K)\" width=\"1100\" height=\"619\" src=\"https:\/\/www.youtube.com\/embed\/DYDXVm8Q_iM?feature=oembed\" frameborder=\"0\" allow=\"accelerometer; autoplay; clipboard-write; encrypted-media; gyroscope; picture-in-picture; web-share\" allowfullscreen><\/iframe><\/div>\n\t\t<\/div>\n\t<\/div>\n<\/div><\/div><\/div><\/div><div class=\"vc_row wpb_row vc_row-fluid\" ><\/div><div class=\"wpb_column vc_column_container vc_col-sm-12\"><div class=\"vc_column-inner\"><div class=\"wpb_wrapper\"><\/div><\/div><\/div><div class=\"vc_empty_space\"   style=\"height: 32px\"><span class=\"vc_empty_space_inner\"><\/span><\/div>\n\t<div class=\"wpb_text_column wpb_content_element\" >\n\t\t<div class=\"wpb_wrapper\">\n\t\t\t<p>\nN<br \/>\nT\u00f4i l\u00e0 kh\u1ed1i v\u0103n b\u1ea3n. Nh\u1ea5p v\u00e0o n\u00fat ch\u1ec9nh s\u1eeda \u0111\u1ec3 thay \u0111\u1ed5i v\u0103n b\u1ea3n n\u00e0y. Lorem ipsum dolor sit amet, consectetur adipiscing elit. Ut elit tellus, luctus nec ullamcorper mattis, pulvinar dapibus leo.<br \/>\nN<br \/>\nN<\/p>\n\n\t\t<\/div>\n\t<\/div>\n<div class=\"vc_empty_space\"   style=\"height: 32px\"><span class=\"vc_empty_space_inner\"><\/span><\/div>","protected":false},"excerpt":{"rendered":"<p>Si est\u00e1 visitando Saman\u00e1 y le gustar\u00eda tener una verdadera experiencia local haciendo senderismo, un viaje en barco m\u00e1s un almuerzo en la playa de Rinc\u00f3n, este es el viaje que necesita hacer. Visite las 7 playas escondidas de Saman\u00e1 en el \u00e1rea de Las Galeras, donde tambi\u00e9n puede visitar una cueva y tomar excelentes videos o fotos para recuerdos incre\u00edbles. n nSeleccione la fecha para el Tour:\u00a0 &nbsp;<\/p>","protected":false},"author":2,"featured_media":0,"parent":0,"menu_order":0,"comment_status":"open","ping_status":"closed","template":"","meta":{"footnotes":""},"class_list":["post-15830","page","type-page","status-publish","hentry"],"_links":{"self":[{"href":"https:\/\/www.boattoursamana.com\/vi\/wp-json\/wp\/v2\/pages\/15830","targetHints":{"allow":["GET"]}}],"collection":[{"href":"https:\/\/www.boattoursamana.com\/vi\/wp-json\/wp\/v2\/pages"}],"about":[{"href":"https:\/\/www.boattoursamana.com\/vi\/wp-json\/wp\/v2\/types\/page"}],"author":[{"embeddable":true,"href":"https:\/\/www.boattoursamana.com\/vi\/wp-json\/wp\/v2\/users\/2"}],"replies":[{"embeddable":true,"href":"https:\/\/www.boattoursamana.com\/vi\/wp-json\/wp\/v2\/comments?post=15830"}],"version-history":[{"count":0,"href":"https:\/\/www.boattoursamana.com\/vi\/wp-json\/wp\/v2\/pages\/15830\/revisions"}],"wp:attachment":[{"href":"https:\/\/www.boattoursamana.com\/vi\/wp-json\/wp\/v2\/media?parent=15830"}],"curies":[{"name":"wp","href":"https:\/\/api.w.org\/{rel}","templated":true}]}}