{"id":15858,"date":"2023-07-15T07:45:08","date_gmt":"2023-07-15T07:45:08","guid":{"rendered":"https:\/\/www.ticketswhales.com\/los-haitises-boat-private-trip-from-punta-cana\/"},"modified":"2023-07-15T07:45:08","modified_gmt":"2023-07-15T07:45:08","slug":"los-haitises-boat-private-trip-from-punta-cana","status":"publish","type":"page","link":"https:\/\/www.boattoursamana.com\/vi\/los-haitises-thuyen-rieng-chuyen-tu-punta-cana-2","title":{"rendered":"Thuy\u1ec1n Los Haitises Chuy\u1ebfn \u0111i ri\u00eang \u2013 T\u1eeb Punta Cana"},"content":{"rendered":"<p id=\"tw-target-text\" class=\"tw-data-text tw-text-large tw-ta\" dir=\"ltr\" data-placeholder=\"Translation\"><span class=\"Y2IQFc\" lang=\"en\">Gi\u00e1 th\u1ea5p nh\u1ea5t \u0111\u1ec3 tham quan V\u01b0\u1eddn qu\u1ed1c gia Los Haitises t\u1eeb Punta Cana v\u1edbi ng\u01b0\u1eddi d\u00e2n \u0111\u1ecba ph\u01b0\u01a1ng. Chuy\u1ebfn \u0111i b\u1eaft \u0111\u1ea7u t\u1ea1i C\u1ea3ng Ch\u00ednh c\u1ee7a V\u01b0\u1eddn Qu\u1ed1c gia Los Haitises. Chuy\u1ebfn \u0111i c\u00f3 th\u1ec3 b\u1eaft \u0111\u1ea7u t\u1eeb 6:00 s\u00e1ng \u0111\u1ebfn 8:00 s\u00e1ng. \u0110\u00f3n t\u1ea1i c\u00e1c khu v\u1ef1c c\u1ee7a Punta Cana. M\u1ed9t h\u01b0\u1edbng d\u1eabn vi\u00ean du l\u1ecbch \u0111\u1ecba ph\u01b0\u01a1ng, ng\u01b0\u1eddi bi\u1ebft v\u1ec1 l\u1ecbch s\u1eed ban \u0111\u1ea7u c\u1ee7a C\u00f4ng vi\u00ean Qu\u1ed1c gia xinh \u0111\u1eb9p s\u1ebd c\u00f3 m\u1eb7t trong chuy\u1ebfn \u0111i c\u1ee7a b\u1ea1n. <\/span><\/p>\n<p>N<\/p>\n<p class=\"tw-data-text tw-text-large tw-ta\" dir=\"ltr\" data-placeholder=\"Translation\"><span class=\"Y2IQFc\" lang=\"en\">Sau \u0111\u00f3, ch\u00fang t\u00f4i kh\u1edfi h\u00e0nh t\u1eeb c\u1ea3ng ch\u00ednh c\u1ee7a C\u00f4ng vi\u00ean qu\u1ed1c gia Los Haitises t\u00ean l\u00e0 Ca\u00f1o Hondo (Deep Creek) tr\u00ean THUY\u1ec0N v\u1edbi \u00e1o phao. Ch\u00fang t\u00f4i s\u1ebd t\u1eadn h\u01b0\u1edfng r\u1eebng ng\u1eadp m\u1eb7n \u0111\u1ecf cho \u0111\u1ebfn khi \u0111\u1ebfn v\u1ecbnh San Lorenzo, m\u1ed9t v\u1ecbnh nh\u1ecf h\u01b0\u1edbng v\u1ec1 v\u1ecbnh Saman\u00e1. V\u00e0 \u1edf \u0111\u00e2y ch\u00fang t\u00f4i \u0111i! <\/span><\/p>\n<p>N<\/p>\n<p class=\"tw-data-text tw-text-large tw-ta\" dir=\"ltr\" data-placeholder=\"Translation\"><span class=\"Y2IQFc\" lang=\"en\">\u0110i\u1ec1u \u0111\u1ea7u ti\u00ean b\u1ea1n c\u00f3 th\u1ec3 th\u1ea5y l\u00e0 t\u1eadp h\u1ee3p c\u1ee7a m\u1ed9t h\u00f2n \u0111\u1ea3o n\u00fai \u0111\u00e1 v\u00f4i kh\u1ed5ng l\u1ed3 c\u00f3 t\u00ean l\u00e0 Mogotes. Ph\u00eda tr\u00ean ch\u00fang c\u00f3 h\u01a1n 700 lo\u00e0i th\u1ef1c v\u1eadt v\u00e0 nhi\u1ec1u lo\u00e0i chim v\u00f9ng \u0111\u1ea5t ng\u1eadp n\u01b0\u1edbc bay xung quanh. Sau \u0111\u00f3 Tham quan Hang \u0111\u1ed9ng v\u1edbi c\u00e1c b\u1ee9c tranh v\u1ec1 c\u00e1c c\u1ed9ng \u0111\u1ed3ng b\u1ea3n \u0111\u1ecba c\u1ee7a ch\u00fang t\u00f4i c\u00e1ch \u0111\u00e2y 750 n\u0103m.<\/span><\/p>\n<p>N<br \/>\nN<\/p>\n<pre id=\"tw-target-text\" class=\"tw-data-text tw-text-large tw-ta\" dir=\"ltr\" data-placeholder=\"Translation\"><strong><span class=\"Y2IQFc\" lang=\"en\">Ch\u1ecdn m\u1ed9t ng\u00e0y cho chuy\u1ebfn \u0111i ri\u00eang c\u1ee7a b\u1ea1n:<\/span><\/strong><\/pre>\n<p>&nbsp;<\/p>\n<div class=\"vc_row wpb_row vc_row-fluid\" ><div class=\"wpb_column vc_column_container vc_col-sm-12\"><div class=\"vc_column-inner\"><div class=\"wpb_wrapper\"><div class=\"mkdf-section-title-holder\" style=\"text-align: left\">\n\t<div class=\"mkdf-st-inner\">\n\t\t\t\t\t<h5 class=\"mkdf-st-subtitle\" >\n\t\t\t\tR\u1eebng ng\u1eadp m\u1eb7n, H\u01b0\u1edbng d\u1eabn \u0111\u1ecba ph\u01b0\u01a1ng v\u00e0 Hang \u0111\u1ed9ng\t\t\t<\/h5>\n\t\t\t\t\t\t\t<h3 class=\"mkdf-st-title\" >\n\t\t\t\tThuy\u1ec1n Los Haitises Chuy\u1ebfn \u0111i ri\u00eang - T\u1eeb Punta Cana\t\t\t<\/h3>\n\t\t\t\t\t<\/div>\n<\/div><\/div><\/div><\/div><\/div><div class=\"vc_row wpb_row vc_row-fluid\" ><div class=\"wpb_column vc_column_container vc_col-sm-12\"><div class=\"vc_column-inner\"><div class=\"wpb_wrapper\"><div class=\"vc_btn3-container vc_btn3-inline\" ><button class=\"vc_general vc_btn3 vc_btn3-size-md vc_btn3-shape-rounded vc_btn3-style-modern vc_btn3-color-green\">\u0110\u0102\u0323T B\u00c2Y GI\u1edc<\/button><\/div>\n\t<div class=\"wpb_text_column wpb_content_element\" >\n\t\t<div class=\"wpb_wrapper\">\n\t\t\t<p>\nN<\/p>\n<h4><b><i>T\u1ed5ng quan <\/i><\/b><\/h4>\n<p>N\u1ebfu b\u1ea1n \u0111ang \u1edf Bayahibe, h\u00e3y ch\u1ecdn m\u1ed9t chuy\u1ebfn \u0111i B\u00ecnh th\u01b0\u1eddng Ri\u00eang t\u01b0 \u0111\u1ebfn C\u00f4ng vi\u00ean Qu\u1ed1c gia Los Haitises. H\u00e3y \u0111\u1ebfn v\u1edbi ch\u00fang t\u00f4i v\u00e0 gh\u00e9 th\u0103m c\u00f4ng vi\u00ean qu\u1ed1c gia \u0111\u1eb9p nh\u1ea5t c\u1ee7a C\u1ed9ng h\u00f2a Dominica, Tham quan R\u1eebng ng\u1eadp m\u1eb7n, Hang \u0111\u1ed9ng v\u00e0 V\u1ecbnh San Lorenzo. Sau khi di chuy\u1ec3n b\u1eb1ng ph\u01b0\u01a1ng ti\u1ec7n c\u00e1 nh\u00e2n t\u1eeb Bayahibe, chuy\u1ebfn \u0111i thuy\u1ec1n ri\u00eang n\u00e0y b\u1eaft \u0111\u1ea7u t\u1eeb c\u1ed9ng \u0111\u1ed3ng Sabana de la Mar \u0111\u1ec3 t\u00ecm hi\u1ec3u v\u1ec1 l\u1ecbch s\u1eed c\u1ee7a Sabana de la Mar.<br \/>\nN<\/p>\n<ul>\nN \t<\/p>\n<li style=\"font-weight: 400;\">\u0110\u00e3 bao g\u1ed3m ph\u00ed<\/li>\n<p>N \t<\/p>\n<li style=\"font-weight: 400;\"><span style=\"font-weight: 400;\">H\u01b0\u1edbng d\u1eabn cung c\u1ea5p h\u01b0\u1edbng d\u1eabn v\u00e0 gi\u00e1m s\u00e1t<\/span><\/li>\n<p>N \t<\/p>\n<li>B\u1eefa tr\u01b0a<\/li>\n<p>N<\/ul>\n<p>N&Nbsp;<br \/>\nN<\/p>\n<h4><b>Bao g\u1ed3m &amp; Lo\u1ea1i tr\u1eeb<\/b><\/h4>\n<p>N&Nbsp;<br \/>\nN<br \/>\nN<b>bao g\u1ed3m<\/b><br \/>\nN<\/p>\n<ol>\nN \t<\/p>\n<li style=\"font-weight: 400;\">Tham quan Los Haitises + Hang \u0111\u1ed9ng v\u00e0 Ch\u1eef t\u01b0\u1ee3ng h\u00ecnh<\/li>\n<p>N \t<\/p>\n<li style=\"font-weight: 400;\"><span style=\"font-weight: 400;\">T\u1ea5t c\u1ea3 c\u00e1c lo\u1ea1i thu\u1ebf, ph\u00ed v\u00e0 l\u1ec7 ph\u00ed x\u1eed l\u00fd<\/span><\/li>\n<p>N \t<\/p>\n<li style=\"font-weight: 400;\"><span style=\"font-weight: 400;\">Thu\u1ebf \u0111\u1ecba ph\u01b0\u01a1ng<\/span><\/li>\n<p>N \t<\/p>\n<li style=\"font-weight: 400;\"><span style=\"font-weight: 400;\">T\u1ea5t c\u1ea3 c\u00e1c ho\u1ea1t \u0111\u1ed9ng<\/span><\/li>\n<p>N \t<\/p>\n<li style=\"font-weight: 400;\"><span style=\"font-weight: 400;\">H\u01b0\u1edbng d\u1eabn \u0111\u1ecba ph\u01b0\u01a1ng<\/span><\/li>\n<p>N \t<\/p>\n<li>bao g\u1ed3m v\u1eadn chuy\u1ec3n<\/li>\n<p>N<\/ol>\n<p>N<b> lo\u1ea1i tr\u1eeb<\/b><br \/>\nN<\/p>\n<ol>\nN \t<\/p>\n<li style=\"font-weight: 400;\"><span style=\"font-weight: 400;\">ti\u1ec1n th\u01b0\u1edfng<\/span><\/li>\n<p>N \t<\/p>\n<li style=\"font-weight: 400;\"><span style=\"font-weight: 400;\">\u0110\u1ed3 u\u1ed1ng c\u00f3 c\u1ed3n<\/span><\/li>\n<p>N<\/ol>\n<p>N&Nbsp;<br \/>\nN<\/p>\n<h4><em><strong>Kh\u1edfi h\u00e0nh &amp; Tr\u1edf v\u1ec1<\/strong><\/em><\/h4>\n<p>N<span style=\"font-weight: 400;\">Kh\u00e1ch du l\u1ecbch s\u1ebd nh\u1eadn \u0111\u01b0\u1ee3c m\u1ed9t \u0111i\u1ec3m g\u1eb7p g\u1ee1 sau Quy tr\u00ecnh \u0111\u1eb7t ch\u1ed7. C\u00e1c chuy\u1ebfn tham quan b\u1eaft \u0111\u1ea7u v\u00e0 k\u1ebft th\u00fac t\u1ea1i c\u00e1c \u0111i\u1ec3m g\u1eb7p g\u1ee1 c\u1ee7a ch\u00fang t\u00f4i.<\/span><br \/>\nN<br \/>\nN&Nbsp;<br \/>\nN<\/p>\n<h4><b><i>Mong \u0111\u1ee3i \u0111i\u1ec1u g\u00ec?<\/i><\/b><\/h4>\n<p>N&Nbsp;<br \/>\nN<br \/>\nN<em><strong>Nh\u1eadn v\u00e9 c\u1ee7a b\u1ea1n<\/strong><\/em> v\u00ec \u0111\u00e3 \u0111\u1ebfn th\u0103m V\u01b0\u1eddn qu\u1ed1c gia Los Haitises t\u1eeb<strong> Punta Cana<\/strong>\u00a0v\u1edbi ph\u01b0\u01a1ng ti\u1ec7n \u0111i l\u1ea1i bao g\u1ed3m Hang \u0111\u1ed9ng, R\u1eebng ng\u1eadp m\u1eb7n v\u00e0 V\u1ecbnh San Lorenzo.<br \/>\nN<br \/>\nnGi\u00e1 tham quan th\u1ea5p nh\u1ea5t <strong>V\u01b0\u1eddn qu\u1ed1c gia Los Haitises<\/strong> t\u1eeb <strong>C\u00e1c kh\u00e1ch s\u1ea1n \u1edf Punta Cana<\/strong> ho\u1eb7c Airbnb v\u1edbi ng\u01b0\u1eddi d\u00e2n \u0111\u1ecba ph\u01b0\u01a1ng.<br \/>\nN<br \/>\nSau khi ch\u00fang t\u00f4i b\u1eaft \u0111\u1ea7u t\u1eeb c\u1ea3ng ch\u00ednh c\u1ee7a C\u00f4ng vi\u00ean qu\u1ed1c gia Los Haitises t\u00ean Ca\u00f1o Hondo (Deep Creek) tr\u00ean THUY\u1ec0N c\u00f3 \u00e1o phao. Ch\u00fang t\u00f4i s\u1ebd t\u1eadn h\u01b0\u1edfng r\u1eebng ng\u1eadp m\u1eb7n \u0111\u1ecf cho \u0111\u1ebfn khi \u0111\u1ebfn V\u1ecbnh San Lorenzo. v\u1ecbnh nh\u1ecf th\u00e0nh v\u1ecbnh Saman\u00e1. V\u00e0 \u1edf \u0111\u00e2y ch\u00fang t\u00f4i \u0111i! \u0110i\u1ec1u tuy\u1ec7t v\u1eddi \u0111\u1ea7u ti\u00ean m\u00e0 b\u1ea1n c\u00f3 th\u1ec3 nh\u00ecn th\u1ea5y l\u00e0 b\u1ed9 s\u01b0u t\u1eadp kh\u1ed5ng l\u1ed3 c\u00e1c h\u00f2n \u0111\u1ea3o n\u00fai \u0111\u00e1 v\u00f4i c\u00f3 t\u00ean l\u00e0 Mogotes. tr\u00ean \u0111\u00f3 c\u00f3 h\u01a1n 700 lo\u00e0i Th\u1ef1c v\u1eadt v\u00e0 nhi\u1ec1u lo\u00e0i chim v\u00f9ng \u0111\u1ea5t ng\u1eadp n\u01b0\u1edbc bay xung quanh. Sau \u0111\u00f3 Tham quan Hang \u0111\u1ed9ng v\u1edbi c\u00e1c b\u1ee9c tranh t\u1eeb c\u00e1c c\u1ed9ng \u0111\u1ed3ng b\u1ea3n \u0111\u1ecba c\u1ee7a ch\u00fang t\u00f4i c\u00e1ch \u0111\u00e2y 750 n\u0103m.<br \/>\nN<br \/>\nQua r\u1eebng ng\u1eadp m\u1eb7n v\u00e0 v\u00f9ng \u0111\u1ea5t \u1edf V\u1ecbnh San Lorenzo r\u1ed9ng m\u1edf, t\u1eeb \u0111\u00f3 b\u1ea1n c\u00f3 th\u1ec3 ch\u1ee5p \u1ea3nh phong c\u1ea3nh r\u1eebng g\u1ed3 gh\u1ec1. Nh\u00ecn v\u00e0o n\u01b0\u1edbc \u0111\u1ec3 ph\u00e1t hi\u1ec7n <em><strong>l\u1ee3n bi\u1ec3n<\/strong><\/em>, gi\u00e1p x\u00e1c v\u00e0 <em><strong>c\u00e1 heo.<\/strong><\/em><br \/>\nN<\/p>\n<div class=\"body-description secondary\">\nN<br \/>\nT\u00ean c\u1ee7a c\u00f4ng vi\u00ean qu\u1ed1c gia b\u1eaft ngu\u1ed3n t\u1eeb c\u01b0 d\u00e2n ban \u0111\u1ea7u c\u1ee7a n\u00f3, ng\u01b0\u1eddi da \u0111\u1ecf Taino. Trong ng\u00f4n ng\u1eef c\u1ee7a h\u1ecd, \u201cHaitises\u201d c\u00f3 ngh\u0129a l\u00e0 cao nguy\u00ean ho\u1eb7c \u0110\u1ed3i, \u00e1m ch\u1ec9 \u0111\u1ebfn s\u1ef1 h\u00ecnh th\u00e0nh \u0111\u1ecba ch\u1ea5t d\u1ed1c c\u1ee7a b\u1edd bi\u1ec3n v\u1edbi \u0110\u00e1 v\u00f4i. Phi\u00eau l\u01b0u s\u00e2u h\u01a1n v\u00e0o c\u00f4ng vi\u00ean \u0111\u1ec3 kh\u00e1m ph\u00e1 c\u00e1c hang \u0111\u1ed9ng nh\u01b0 <em><strong>Cueva de la Arena<\/strong><\/em> v\u00e0 <strong><em>Cueva de la L\u00ednea.<\/em><\/strong> C\u00e1c hang \u0111\u1ed9ng trong khu b\u1ea3o t\u1ed3n \u0111\u01b0\u1ee3c ng\u01b0\u1eddi da \u0111\u1ecf Taino s\u1eed d\u1ee5ng l\u00e0m n\u01a1i tr\u00fa \u1ea9n v\u00e0 sau \u0111\u00f3 l\u00e0 n\u01a1i \u1ea9n n\u00e1u c\u1ee7a nh\u1eefng t\u00ean c\u01b0\u1edbp bi\u1ec3n. H\u00e3y t\u00ecm nh\u1eefng b\u1ee9c v\u1ebd c\u1ee7a ng\u01b0\u1eddi \u1ea4n \u0110\u1ed9 trang tr\u00ed m\u1ed9t s\u1ed1 b\u1ee9c t\u01b0\u1eddng. Sau khi tham quan C\u00f4ng vi\u00ean qu\u1ed1c gia Los Haitises, ch\u00fang t\u00f4i s\u1ebd quay tr\u1edf l\u1ea1i c\u1ea3ng n\u01a1i chuy\u1ebfn \u0111i c\u1ee7a ch\u00fang t\u00f4i b\u1eaft \u0111\u1ea7u.<br \/>\nN<br \/>\nN<\/div>\n<p>N&Nbsp;<br \/>\nN<\/p>\n<h4><em><strong>B\u1ea1n n\u00ean mang theo nh\u1eefng g\u00ec?<\/strong><\/em><\/h4>\n<p>N<\/p>\n<ul>\nN \t<\/p>\n<li style=\"font-weight: 400;\"><span style=\"font-weight: 400;\">M\u00e1y \u1ea3nh<\/span><\/li>\n<p>N \t<\/p>\n<li style=\"font-weight: 400;\"><span style=\"font-weight: 400;\">ch\u1ed3i \u0111u\u1ed5i<\/span><\/li>\n<p>N \t<\/p>\n<li style=\"font-weight: 400;\"><span style=\"font-weight: 400;\">kem ch\u1ed1ng n\u1eafng<\/span><\/li>\n<p>N \t<\/p>\n<li style=\"font-weight: 400;\"><span style=\"font-weight: 400;\">m\u0169<\/span><\/li>\n<p>N \t<\/p>\n<li style=\"font-weight: 400;\"><span style=\"font-weight: 400;\">qu\u1ea7n tho\u1ea3i m\u00e1i<\/span><\/li>\n<p>N \t<\/p>\n<li style=\"font-weight: 400;\"><span style=\"font-weight: 400;\">Gi\u00e0y leo n\u00fai \u0111i r\u1eebng<\/span><\/li>\n<p>N \t<\/p>\n<li style=\"font-weight: 400;\"><span style=\"font-weight: 400;\">D\u00e9p \u0111i c\u00e1c mi\u1ec1n Xu\u00e2n.<\/span><\/li>\n<p>N \t<\/p>\n<li style=\"font-weight: 400;\"><span style=\"font-weight: 400;\">\u0111\u1ed3 b\u01a1i<\/span><\/li>\n<p>N<\/ul>\n<p>N&Nbsp;<br \/>\nN<\/p>\n<h4><b><i>\u0110\u00f3n kh\u00e1ch s\u1ea1n <\/i><\/b><\/h4>\n<p>N<span style=\"font-weight: 400;\">\u0110\u00f3n kh\u00e1ch s\u1ea1n \u0111\u01b0\u1ee3c cung c\u1ea5p n\u1ebfu b\u1ea1n \u0111ang \u1edf\u00a0 <strong>Punta Cana.<\/strong><\/span><br \/>\nN<br \/>\nN&Nbsp;<br \/>\nN<br \/>\nN<b>Ghi ch\u00fa:<\/b><span style=\"font-weight: 400;\"> n\u1ebfu b\u1ea1n \u0111\u1eb7t ch\u1ed7 trong v\u00f2ng 24 gi\u1edd tr\u01b0\u1edbc gi\u1edd kh\u1edfi h\u00e0nh c\u1ee7a chuy\u1ebfn tham quan\/Chuy\u1ebfn du ngo\u1ea1n, ch\u00fang t\u00f4i c\u00f3 th\u1ec3 s\u1eafp x\u1ebfp d\u1ecbch v\u1ee5 \u0111\u00f3n t\u1ea1i kh\u00e1ch s\u1ea1n v\u1edbi m\u1ed9t kho\u1ea3n ph\u1ee5 ph\u00ed n\u1ebfu b\u1ea1n kh\u00f4ng \u1edf trong c\u00e1c kh\u00e1ch s\u1ea1n \u1edf Punta Cana. Sau khi giao d\u1ecbch mua c\u1ee7a b\u1ea1n ho\u00e0n t\u1ea5t, ch\u00fang t\u00f4i s\u1ebd g\u1eedi cho b\u1ea1n th\u00f4ng tin li\u00ean h\u1ec7 \u0111\u1ea7y \u0111\u1ee7 (s\u1ed1 \u0111i\u1ec7n tho\u1ea1i, \u0111\u1ecba ch\u1ec9 email, v.v.) \u0111\u1ec3 H\u01b0\u1edbng d\u1eabn vi\u00ean du l\u1ecbch \u0111\u1ecba ph\u01b0\u01a1ng c\u1ee7a ch\u00fang t\u00f4i s\u1eafp x\u1ebfp vi\u1ec7c \u0111\u00f3n kh\u00e1ch.<\/span><br \/>\nN<\/p>\n<h4><b><i>X\u00e1c nh\u1eadn th\u00f4ng tin b\u1ed5 sung <\/i><\/b><\/h4>\n<p>N<\/p>\n<ol>\nN \t<\/p>\n<li>V\u00e9 l\u00e0 Bi\u00ean nh\u1eadn sau khi thanh to\u00e1n cho Tour n\u00e0y. B\u1ea1n c\u00f3 th\u1ec3 hi\u1ec3n th\u1ecb thanh to\u00e1n tr\u00ean \u0111i\u1ec7n tho\u1ea1i c\u1ee7a m\u00ecnh.<\/li>\n<p>N \t<\/p>\n<li style=\"font-weight: 400;\"><span style=\"font-weight: 400;\">\u0110i\u1ec3m h\u1eb9n s\u1ebd nh\u1eadn \u0111\u01b0\u1ee3c sau qu\u00e1 tr\u00ecnh \u0111\u1eb7t ch\u1ed7.<\/span><\/li>\n<p>N \t<\/p>\n<li style=\"font-weight: 400;\"><span style=\"font-weight: 400;\">Tr\u1ebb em ph\u1ea3i \u0111i c\u00f9ng ng\u01b0\u1eddi l\u1edbn.<\/span><\/li>\n<p>N \t<\/p>\n<li style=\"font-weight: 400;\"><span style=\"font-weight: 400;\"> Kh\u00f4ng th\u1ec3 s\u1eed d\u1ee5ng xe l\u0103n <\/span><\/li>\n<p>N \t<\/p>\n<li style=\"font-weight: 400;\"><span style=\"font-weight: 400;\">Tr\u1ebb s\u01a1 sinh ph\u1ea3i ng\u1ed3i tr\u00ean \u0111\u00f9i <\/span><\/li>\n<p>N \t<\/p>\n<li style=\"font-weight: 400;\"><span style=\"font-weight: 400;\">Kh\u00f4ng n\u00ean d\u00f9ng cho du kh\u00e1ch c\u00f3 v\u1ea5n \u0111\u1ec1 v\u1ec1 l\u01b0ng<\/span><\/li>\n<p>N \t<\/p>\n<li style=\"font-weight: 400;\"><span style=\"font-weight: 400;\">Kh\u00f4ng n\u00ean d\u00f9ng cho du kh\u00e1ch mang thai <\/span><\/li>\n<p>N \t<\/p>\n<li style=\"font-weight: 400;\"><span style=\"font-weight: 400;\"> Kh\u00f4ng c\u00f3 v\u1ea5n \u0111\u1ec1 v\u1ec1 tim ho\u1eb7c c\u00e1c t\u00ecnh tr\u1ea1ng y t\u1ebf nghi\u00eam tr\u1ecdng kh\u00e1c <\/span><\/li>\n<p>N \t<\/p>\n<li style=\"font-weight: 400;\"><span style=\"font-weight: 400;\">H\u1ea7u h\u1ebft du kh\u00e1ch c\u00f3 th\u1ec3 tham gia<\/span><\/li>\n<p>N<\/ol>\n<p>N<\/p>\n<h4><b><i>Ch\u00ednh s\u00e1ch h\u1ee7y<\/i><\/b><\/h4>\n<p>n\u0110\u1ec3 \u0111\u01b0\u1ee3c ho\u00e0n l\u1ea1i to\u00e0n b\u1ed9 s\u1ed1 ti\u1ec1n, vui l\u00f2ng \u0111\u1ecdc ch\u00ednh s\u00e1ch H\u1ee7y c\u1ee7a ch\u00fang t\u00f4i\u00a0<a href=\"https:\/\/www.boattoursamana.com\/vi\/dat-phong-truc-tuyen\/\" target=\"_blank\" rel=\"noopener\" data-saferedirecturl=\"https:\/\/www.google.com\/url?q=https:\/\/www.boattoursamana.com\/online-booking\/&amp;source=gmail&amp;ust=1672449202351000&amp;usg=AOvVaw1yAeVAPktmaVCqDujgUn90\">B\u1ea5m v\u00e0o \u0111\u00e2y<\/a>. Ti\u1ec1n s\u1ebd b\u1ecb m\u1ea5t n\u1ebfu \u0111\u1eb7t ch\u1ed7 b\u1ecb h\u1ee7y trong c\u00f9ng ng\u00e0y c\u1ee7a chuy\u1ebfn \u0111i.<\/p>\n\n\t\t<\/div>\n\t<\/div>\n<\/div><\/div><\/div><\/div><div class=\"wpb_column vc_column_container vc_col-sm-12\"><div class=\"vc_column-inner\"><div class=\"wpb_wrapper\"><\/div><\/div><\/div><div class=\"wpb_column vc_column_container vc_col-sm-12\"><div class=\"vc_column-inner\"><div class=\"wpb_wrapper\"><\/div><\/div><\/div><div class=\"vc_row wpb_row vc_row-fluid\" ><div class=\"wpb_column vc_column_container vc_col-sm-12\"><div class=\"vc_column-inner\"><div class=\"wpb_wrapper\"><div class=\"vc_btn3-container vc_btn3-inline\" ><button class=\"vc_general vc_btn3 vc_btn3-size-md vc_btn3-shape-rounded vc_btn3-style-modern vc_btn3-color-green\">\u0110\u0102\u0323T B\u00c2Y GI\u1edc<\/button><\/div><\/div><\/div><\/div><\/div>","protected":false},"excerpt":{"rendered":"<p>The lowest price to visit Los Haitises National Park from Punta Cana with the locals. The trip begins at the Main Port of the Los Haitises National Park. The trip can start from 6:00 am to 8:00 am. Pick up in areas of Punta Cana. A local tour guide who knows the original history of the beautiful National Park will be on your trip. n Then we depart from the main port of Los Haitises National Park named Ca\u00f1o Hondo [&hellip;]<\/p>\n","protected":false},"author":2,"featured_media":0,"parent":0,"menu_order":0,"comment_status":"open","ping_status":"closed","template":"","meta":{"footnotes":""},"class_list":["post-15858","page","type-page","status-publish","hentry"],"_links":{"self":[{"href":"https:\/\/www.boattoursamana.com\/vi\/wp-json\/wp\/v2\/pages\/15858","targetHints":{"allow":["GET"]}}],"collection":[{"href":"https:\/\/www.boattoursamana.com\/vi\/wp-json\/wp\/v2\/pages"}],"about":[{"href":"https:\/\/www.boattoursamana.com\/vi\/wp-json\/wp\/v2\/types\/page"}],"author":[{"embeddable":true,"href":"https:\/\/www.boattoursamana.com\/vi\/wp-json\/wp\/v2\/users\/2"}],"replies":[{"embeddable":true,"href":"https:\/\/www.boattoursamana.com\/vi\/wp-json\/wp\/v2\/comments?post=15858"}],"version-history":[{"count":0,"href":"https:\/\/www.boattoursamana.com\/vi\/wp-json\/wp\/v2\/pages\/15858\/revisions"}],"wp:attachment":[{"href":"https:\/\/www.boattoursamana.com\/vi\/wp-json\/wp\/v2\/media?parent=15858"}],"curies":[{"name":"wp","href":"https:\/\/api.w.org\/{rel}","templated":true}]}}