{"id":15863,"date":"2023-07-15T07:45:08","date_gmt":"2023-07-15T07:45:08","guid":{"rendered":"https:\/\/www.ticketswhales.com\/las-terrenas-atv-samana-adventures-atv-tours-excursions-in-coffee-trail-cultural-tour\/"},"modified":"2023-07-15T07:45:08","modified_gmt":"2023-07-15T07:45:08","slug":"las-terrenas-atv-samana-adventures-atv-tours-excursions-in-coffee-trail-cultural-tour","status":"publish","type":"page","link":"https:\/\/www.boattoursamana.com\/vi\/las-terrenas-atv-samana-adventures-atv-tours-excursions-in-coffee-trail-cultural-tour","title":{"rendered":"Las Terrenas: ATV Saman\u00e1 Adventures \u2013 Chuy\u1ebfn tham quan ATV &amp; Du ngo\u1ea1n trong Tour v\u0103n h\u00f3a Coffee Trail"},"content":{"rendered":"<div class=\"ui_columns is-desktop\">\nN<\/p>\n<div class=\"ui_column\">\nN<br \/>\nTr\u1ea3i nghi\u1ec7m Atv n\u00e0y b\u1eaft \u0111\u1ea7u \u1edf c\u1ed9ng \u0111\u1ed3ng El LImon. Trong ph\u1ea7n \u0111\u1ea7u ti\u00ean c\u1ee7a ng\u00e0y, b\u1ea1n s\u1ebd kh\u00e1m ph\u00e1 \u201c<b>Ruta del Caf\u00e9<\/b>\u201d tr\u00ean quad v\u00e0 thi\u00ean nhi\u00ean t\u01b0\u01a1i \u0111\u1eb9p v\u00e0 \u0111\u01b0\u1ee3c b\u1ea3o t\u1ed3n c\u1ee7a n\u00f3. \u0110i\u1ec3m d\u1eebng \u0111\u1ea7u ti\u00ean s\u1ebd l\u00e0\u00a0<b>Qu\u00e1n c\u00e0 ph\u00ea Parada\u00a0<\/b>n\u01a1i Olivo v\u00e0 gia \u0111\u00ecnh anh \u1ea5y s\u1ebd ch\u1ec9 cho b\u1ea1n c\u00e1c ph\u01b0\u01a1ng ph\u00e1p th\u1ee7 c\u00f4ng m\u00e0 h\u1ecd s\u1eed d\u1ee5ng \u0111\u1ec3\u00a0<strong>c\u00e0 ph\u00ea v\u00e0 ca cao<\/strong>. M\u1ed8T\u00a0<b>n\u1ebfm th\u1eed<\/b>\u00a0\u0111\u01b0\u1ee3c l\u00ean k\u1ebf ho\u1ea1ch, nh\u01b0ng ch\u1ec9 d\u00e0nh cho nh\u1eefng k\u1ebb tham lam nh\u1ea5t !!!<br \/>\nN<br \/>\nnOn the way, you will also stop at the\u00a0<b>nh\u00e0 m\u00e1y x\u00ec g\u00e0<\/b>\u00a0v\u00e0 cho b\u1eefa tr\u01b0a m\u1ed9t\u00a0<b>b\u1eefa \u0103n c\u1ee7a ng\u01b0\u1eddi Dominica<\/b> trong m\u1ed9t trang tr\u1ea1i \u0111i\u1ec3n h\u00ecnh. Sau b\u1eefa \u0103n, b\u1ea1n s\u1ebd ti\u1ebfp t\u1ee5c con \u0111\u01b0\u1eddng \u0111\u1ebfn b\u00e3i bi\u1ec3n tuy\u1ec7t v\u1eddi c\u1ee7a\u00a0<strong>Mor\u00f3n<\/strong>\u00a0v\u1edbi<b>\u00a0c\u1ecf cho \u0111\u1ebfn khi c\u00e1c c\u1ea1nh<\/b><b>\u00a0, v\u00f9ng n\u01b0\u1edbc trong v\u1eaft v\u00e0 hoang s\u01a1 c\u1ee7a n\u00f3\u00a0<\/b>n\u01a1i b\u1ea1n s\u1ebd t\u1eadn h\u01b0\u1edfng\u00a0<b>b\u01a1i <\/b>\u0110i b\u1ed9 \u0111\u01b0\u1eddng d\u00e0i v\u00e0 B\u01a1i l\u1ed9i v\u1edbi thi\u1ebft b\u1ecb an to\u00e0n \u0111\u1ec3 c\u00f3 tr\u1ea3i nghi\u1ec7m tuy\u1ec7t v\u1eddi nh\u1ea5t!!<br \/>\nN<br \/>\nN<\/div>\n<p>N<\/p><\/div>\n<p>N&Nbsp;<br \/>\nN<br \/>\nN<strong>Vui l\u00f2ng ch\u1ecdn ng\u00e0y cho Tour:\u00a0<\/strong><\/p>\n<p>&nbsp;<\/p>\n<div class=\"vc_row wpb_row vc_row-fluid\" ><div class=\"wpb_column vc_column_container vc_col-sm-12\"><div class=\"vc_column-inner\"><div class=\"wpb_wrapper\"><div class=\"mkdf-section-title-holder\" style=\"text-align: left\">\n\t<div class=\"mkdf-st-inner\">\n\t\t\t\t\t<h5 class=\"mkdf-st-subtitle\" >\n\t\t\t\tBao g\u1ed3m b\u1eefa tr\u01b0a t\u1ea1i The Beach\t\t\t<\/h5>\n\t\t\t\t\t\t\t<h3 class=\"mkdf-st-title\" >\n\t\t\t\tATV Samana Adventures - Chuy\u1ebfn tham quan ATV &amp; Du ngo\u1ea1n t\u1ea1i Coffee Trail Tour v\u0103n h\u00f3a\t\t\t<\/h3>\n\t\t\t\t\t<\/div>\n<\/div><\/div><\/div><\/div><\/div><div class=\"vc_row wpb_row vc_row-fluid\" ><div class=\"wpb_column vc_column_container vc_col-sm-12\"><div class=\"vc_column-inner\"><div class=\"wpb_wrapper\"><div class=\"vc_btn3-container vc_btn3-inline\" ><button class=\"vc_general vc_btn3 vc_btn3-size-md vc_btn3-shape-rounded vc_btn3-style-modern vc_btn3-color-green\">\u0110\u0102\u0323T B\u00c2Y GI\u1edc<\/button><\/div>\n\t<div class=\"wpb_text_column wpb_content_element\" >\n\t\t<div class=\"wpb_wrapper\">\n\t\t\t<p>\nN<\/p>\n<h3 class=\"ui_header h1 attractions-product-info-ProductTitle__title--1qM0o\">ATV Samana Adventures \u2013 Chuy\u1ebfn tham quan &amp; Du ngo\u1ea1n ATV trong Chuy\u1ebfn tham quan v\u0103n h\u00f3a Coffee Trail.<\/h3>\n<p>N<\/p>\n<h4><b><i>T\u1ed5ng quan <\/i><\/b><\/h4>\n<p>nGet your Tickets for a half day Excursion in Samana on ATV Tours.<br \/>\nN<br \/>\nnThe\u00a0<strong>Tour v\u0103n h\u00f3a ATV Coffee Trail<\/strong> l\u00e0 s\u1ef1 pha tr\u1ed9n ho\u00e0n h\u1ea3o c\u1ee7a adrenaline, thi\u00ean nhi\u00ean v\u00e0 v\u0103n h\u00f3a. L\u00e1i xe d\u1ecdc theo Ruta del Caf\u00e9, t\u1eadn h\u01b0\u1edfng ni\u1ec1m vui tr\u00ean nh\u1eefng con \u0111\u01b0\u1eddng \u0111\u1ea5t khi l\u00e1i chi\u1ebfc ATV, \u0111\u1ed3ng th\u1eddi kh\u00e1m ph\u00e1 v\u00f9ng n\u00f4ng th\u00f4n Samana c\u0169ng nh\u01b0 v\u0103n h\u00f3a v\u00e0 l\u1ed1i s\u1ed1ng c\u1ee7a ng\u01b0\u1eddi Dominica.<br \/>\nN<br \/>\nChuy\u1ebfn tham quan s\u1ebd \u0111\u01b0a b\u1ea1n qua nh\u1eefng con \u0111\u01b0\u1eddng n\u00f4ng th\u00f4n v\u1edbi nh\u1eefng c\u00e1nh \u0111\u1ed3ng ca cao v\u00e0 c\u00e0 ph\u00ea, t\u1ea7m nh\u00ecn ngo\u1ea1n m\u1ee5c ra v\u1ecbnh Samana v\u00e0 c\u00e1c trang tr\u1ea1i \u0111\u1ecba ph\u01b0\u01a1ng. Ch\u00fang ta s\u1ebd d\u1eebng l\u1ea1i \u1edf m\u1ed9t trang tr\u1ea1i mi\u1ec1n n\u00fai c\u1ed5 \u0111i\u1ec3n, chia s\u1ebb th\u1eddi gian v\u1edbi m\u1ed9t gia \u0111\u00ecnh n\u00f4ng d\u00e2n. B\u1ea1n s\u1ebd c\u00f3 th\u1ec3 n\u1ebfm th\u1eed m\u1ed9t s\u1ed1 s\u1ea3n ph\u1ea9m h\u1ecd s\u1ea3n xu\u1ea5t v\u00e0 th\u0103m trang tr\u1ea1i c\u1ee7a h\u1ecd, t\u00ecm hi\u1ec3u v\u1ec1 tr\u1ed3ng tr\u1ecdt v\u00e0 canh t\u00e1c h\u1eefu c\u01a1.<br \/>\nN<br \/>\nN&Nbsp;<br \/>\nN<\/p>\n<h4><b>Bao g\u1ed3m &amp; Lo\u1ea1i tr\u1eeb<\/b><\/h4>\n<p>N&Nbsp;<br \/>\nN<br \/>\nN<b>bao g\u1ed3m<\/b><br \/>\nN<\/p>\n<ol>\nN \t<\/p>\n<li style=\"font-weight: 400;\">Atv 2 ng\u01b0\u1eddi trong m\u1ed9t.<\/li>\n<p>N \t<\/p>\n<li>\u0102n tr\u01b0a \u1edf v\u00f9ng qu\u00ea<\/li>\n<p>N \t<\/p>\n<li style=\"font-weight: 400;\"><span style=\"font-weight: 400;\">T\u1ea5t c\u1ea3 c\u00e1c lo\u1ea1i thu\u1ebf, ph\u00ed v\u00e0 l\u1ec7 ph\u00ed x\u1eed l\u00fd<\/span><\/li>\n<p>N \t<\/p>\n<li style=\"font-weight: 400;\"><span style=\"font-weight: 400;\">Thu\u1ebf \u0111\u1ecba ph\u01b0\u01a1ng<\/span><\/li>\n<p>N \t<\/p>\n<li style=\"font-weight: 400;\"><span style=\"font-weight: 400;\">n\u01b0\u1edbc gi\u1ea3i kh\u00e1t<\/span><\/li>\n<p>N \t<\/p>\n<li>\u0110\u1ed3 \u0103n nh\u1eb9<\/li>\n<p>N \t<\/p>\n<li>Tham quan th\u00e1c n\u01b0\u1edbc Limon<\/li>\n<p>N \t<\/p>\n<li style=\"font-weight: 400;\"><span style=\"font-weight: 400;\">T\u1ea5t c\u1ea3 c\u00e1c ho\u1ea1t \u0111\u1ed9ng<\/span><\/li>\n<p>N \t<\/p>\n<li style=\"font-weight: 400;\"><span style=\"font-weight: 400;\">H\u01b0\u1edbng d\u1eabn \u0111\u1ecba ph\u01b0\u01a1ng<\/span><\/li>\n<p>N<\/ol>\n<p>N<b> lo\u1ea1i tr\u1eeb<\/b><br \/>\nN<\/p>\n<ol>\nN \t<\/p>\n<li style=\"font-weight: 400;\"><span style=\"font-weight: 400;\">ti\u1ec1n th\u01b0\u1edfng<\/span><\/li>\n<p>N \t<\/p>\n<li>v\u1eadn chuy\u1ec3n t\u1eeb Kh\u00e1ch s\u1ea1n (\u0110\u01b0\u1ee3c \u0111\u1eb7t b\u1eb1ng c\u00e1ch Li\u00ean h\u1ec7 v\u1edbi ch\u00fang t\u00f4i).<\/li>\n<p>N \t<\/p>\n<li style=\"font-weight: 400;\"><span style=\"font-weight: 400;\">\u0110\u1ed3 u\u1ed1ng c\u00f3 c\u1ed3n<\/span><\/li>\n<p>N<\/ol>\n<p>N&Nbsp;<br \/>\nN<\/p>\n<h4><em><strong>Kh\u1edfi h\u00e0nh &amp; Tr\u1edf v\u1ec1<\/strong><\/em><\/h4>\n<p>N<span style=\"font-weight: 400;\">Kh\u00e1ch du l\u1ecbch s\u1ebd nh\u1eadn \u0111\u01b0\u1ee3c m\u1ed9t \u0111i\u1ec3m g\u1eb7p g\u1ee1 sau Quy tr\u00ecnh \u0111\u1eb7t ch\u1ed7. C\u00e1c chuy\u1ebfn tham quan b\u1eaft \u0111\u1ea7u v\u00e0 k\u1ebft th\u00fac t\u1ea1i c\u00e1c \u0111i\u1ec3m g\u1eb7p g\u1ee1 c\u1ee7a b\u1ea1n.<\/span><br \/>\nN<\/p>\n<h4><\/h4>\n<p>N<\/p>\n<h3 class=\"ui_header h1 attractions-product-info-ProductTitle__title--1qM0o\">M\u1ed8T<\/h3>\n<p>N<\/p>\n<h4><b><i>Mong \u0111\u1ee3i \u0111i\u1ec1u g\u00ec?<\/i><\/b><\/h4>\n<p>N<\/p>\n<div data-tab=\"TABS_WHAT_TO_EXPECT\">\nN<\/p>\n<div class=\"ui_card attractions-card-CollapsibleProductDetailsCard__cardContainer--3r2wk attractions-card-CollapsibleProductDetailsCard__cleanslateOverrideDT--2AJh0\">\nN<\/p>\n<div class=\"attractions-card-CollapsibleCard__header--IDA3r\">\nN<\/p>\n<div class=\"attractions-card-CollapsibleCard__headerSection--3gTKb\"><\/div>\n<p>N\n<\/p><\/div>\n<p>N<\/p>\n<div class=\"attractions-card-CollapsibleCard__content--2Ws8q\">\nN<\/p>\n<div class=\"attractions-card-CollapsibleCard__contentWrap--374jk attractions-card-CollapsibleCard__titleUnderline--1uHze\">\nN<\/p>\n<div class=\"attractions-card-CollapsibleProductDetailsCard__cardContent--23ext\">\nN<\/p>\n<div class=\"common-text-ReadMore__readMore--3Iu8c common-text-ReadMore__variantFadeOut--1tInd\">\nN<\/p>\n<div class=\"common-text-ReadMore__content--2X4LR\">\nN<\/p>\n<div class=\"ui_columns is-desktop\">\nN<\/p>\n<div class=\"ui_column\">\nN<br \/>\nB\u1eaft \u0111\u1ea7u Atv c\u1ee7a b\u1ea1n. B\u1ea1n s\u1ebd ch\u1ee9ng ki\u1ebfn s\u1ef1 kh\u00e1c bi\u1ec7t gi\u1eefa Las Terrenas, m\u1ed9t \u0111i\u1ec3m \u0111\u1ebfn b\u00e3i bi\u1ec3n s\u1ea7m u\u1ea5t v\u00e0 v\u00f9ng n\u00f4ng th\u00f4n, v\u1edbi kh\u00f4ng kh\u00ed trong l\u00e0nh v\u00e0 nh\u1ecbp s\u1ed1ng ch\u1eadm r\u00e3i. N\u1ebfu mu\u1ed1n, nh\u1eefng ng\u01b0\u1eddi n\u00f4ng d\u00e2n s\u1ebd ch\u1ec9 cho b\u1ea1n c\u00e1ch l\u00e0m c\u00e0 ph\u00ea ho\u1eb7c ca cao t\u1eeb c\u00e2y \u0111\u1ebfn b\u00e0n c\u1ee7a b\u1ea1n. Sau \u0111\u00f3, b\u1ea1n c\u00f3 th\u1ec3 nh\u00e2m nhi m\u1ed9t t\u00e1ch c\u00e0 ph\u00ea ho\u1eb7c ca cao n\u00f3ng. \u0110\u1eebng lo l\u1eafng, n\u1ebfu b\u1ea1n kh\u00f4ng n\u00f3i \u0111\u01b0\u1ee3c ti\u1ebfng T\u00e2y Ban Nha, h\u01b0\u1edbng d\u1eabn vi\u00ean \u0111\u1ecba ph\u01b0\u01a1ng c\u1ee7a ch\u00fang t\u00f4i s\u1ebd d\u1ecbch m\u1ecdi th\u1ee9 cho b\u1ea1n. \u0110i\u1ec3m d\u1eebng ti\u1ebfp theo l\u00e0 m\u1ed9t b\u00e3i bi\u1ec3n nh\u1ecf tr\u00ean V\u1ecbnh Samana, n\u01a1i b\u1ea1n c\u00f3 th\u1ec3 ng\u00e2m m\u00ecnh v\u00e0 t\u1eafm m\u00e1t m\u1ed9t l\u00fac. Tr\u00ean \u0111\u01b0\u1eddng \u0111i, ch\u00fang ta s\u1ebd \u0111i qua nhi\u1ec1u c\u00e1nh \u0111\u1ed3ng, trang tr\u1ea1i v\u00e0 quan \u0111i\u1ec3m.<br \/>\nN<br \/>\nnThere, we can organize a picnic of fresh seafood or fish and local veggies and fruits.<br \/>\nN<br \/>\nN<\/div>\n<p>N\n<\/p><\/div>\n<p>N<\/p>\n<div class=\"ui_columns is-desktop\">\nN<\/p>\n<div class=\"ui_column\">\nN<br \/>\nPh\u1ea7n l\u1edbn th\u1eddi gian c\u1ee7a chuy\u1ebfn \u0111i l\u00e0 tr\u00ean nh\u1eefng con \u0111\u01b0\u1eddng \u0111\u1ea5t, th\u1eadt th\u00fa v\u1ecb khi l\u00e1i chi\u1ebfc ATV \u1edf \u0111\u00f3, l\u00ean xu\u1ed1ng, qua nh\u1eefng kh\u00fac cua v\u00e0 h\u1ed1. N\u1ebfu b\u1ea1n kh\u00f4ng c\u1ea3m th\u1ea5y tho\u1ea3i m\u00e1i khi l\u00e1i ATV ho\u1eb7c n\u1ebfu t\u1ed1c \u0111\u1ed9 kh\u00f4ng ph\u1ea3i l\u00e0 s\u1edf th\u00edch c\u1ee7a b\u1ea1n, \u0111\u1eebng lo l\u1eafng, b\u1ea1n c\u00f3 th\u1ec3 l\u00e1i xe ch\u1eadm (c\u00f3 th\u00eam th\u1eddi gian \u0111\u1ec3 ng\u1eafm c\u1ea3nh!) Ho\u1eb7c b\u1ea1n c\u00f3 th\u1ec3 \u0111i c\u00f9ng ai \u0111\u00f3, h\u1ea7u h\u1ebft ATV \u0111\u1ec1u c\u00f3 th\u1ec3 ng\u1ed3i \u0111\u01b0\u1ee3c hai ng\u01b0\u1eddi. L\u00e1i xe ATV kh\u00e1 \u0111\u01a1n gi\u1ea3n v\u00e0 ngay c\u1ea3 khi \u0111\u00e2y l\u00e0 l\u1ea7n \u0111\u1ea7u ti\u00ean, b\u1ea1n s\u1ebd nhanh ch\u00f3ng l\u00e0m quen v\u1edbi n\u00f3.<br \/>\nN<br \/>\nTh\u00f4ng th\u01b0\u1eddng, chuy\u1ebfn tham quan k\u00e9o d\u00e0i n\u1eeda ng\u00e0y nh\u01b0ng ch\u00fang t\u00f4i c\u0169ng c\u00f3 th\u1ec3 l\u00ean k\u1ebf ho\u1ea1ch cho chuy\u1ebfn tham quan c\u1ea3 ng\u00e0y, \u0111i s\u00e2u h\u01a1n v\u00e0o v\u00f9ng n\u00fai Samana v\u00e0 khu r\u1eebng r\u1eadm t\u01b0\u01a1i t\u1ed1t, kh\u00e1m ph\u00e1 nh\u1eefng b\u00e3i bi\u1ec3n v\u00e0 ng\u00f4i l\u00e0ng xa x\u00f4i h\u01a1n tr\u00ean \u0111\u01b0\u1eddng \u0111i. Tr\u00ean \u0111\u01b0\u1eddng v\u1ec1, ch\u00fang ta c\u00f3 th\u1ec3 d\u1eebng l\u1ea1i \u1edf\u00a0<strong>Th\u00e1c n\u01b0\u1edbc El Limon<\/strong>, ch\u1ec9 c\u00e1ch \u0111\u01b0\u1eddng ch\u00ednh 30 ph\u00fat \u0111i b\u1ed9.<br \/>\nN<br \/>\nN<\/div>\n<p>N\n<\/p><\/div>\n<p>N\n<\/p><\/div>\n<p>N\n<\/p><\/div>\n<p>N\n<\/p><\/div>\n<p>N\n<\/p><\/div>\n<p>N\n<\/p><\/div>\n<p>N\n<\/p><\/div>\n<p>N\n<\/p><\/div>\n<p>N<\/p>\n<h4><em><strong>B\u1ea1n n\u00ean mang theo nh\u1eefng g\u00ec?<\/strong><\/em><\/h4>\n<p>N<\/p>\n<ul>\nN \t<\/p>\n<li style=\"font-weight: 400;\"><span style=\"font-weight: 400;\">M\u00e1y \u1ea3nh<\/span><\/li>\n<p>N \t<\/p>\n<li style=\"font-weight: 400;\"><span style=\"font-weight: 400;\">ch\u1ed3i \u0111u\u1ed5i<\/span><\/li>\n<p>N \t<\/p>\n<li style=\"font-weight: 400;\"><span style=\"font-weight: 400;\">Kem ch\u1ed1ng n\u1eafng<\/span><\/li>\n<p>N \t<\/p>\n<li style=\"font-weight: 400;\"><span style=\"font-weight: 400;\">m\u0169<\/span><\/li>\n<p>N \t<\/p>\n<li style=\"font-weight: 400;\"><span style=\"font-weight: 400;\">qu\u1ea7n tho\u1ea3i m\u00e1i<\/span><\/li>\n<p>N \t<\/p>\n<li style=\"font-weight: 400;\"><span style=\"font-weight: 400;\">Gi\u00e0y leo n\u00fai \u0111i r\u1eebng<\/span><\/li>\n<p>N \t<\/p>\n<li style=\"font-weight: 400;\"><span style=\"font-weight: 400;\">D\u00e9p \u0111i c\u00e1c mi\u1ec1n Xu\u00e2n.<\/span><\/li>\n<p>N \t<\/p>\n<li style=\"font-weight: 400;\"><span style=\"font-weight: 400;\">\u0111\u1ed3 b\u01a1i<\/span><\/li>\n<p>N<\/ul>\n<p>N&Nbsp;<br \/>\nN<\/p>\n<h4><b><i>\u0110\u00f3n kh\u00e1ch s\u1ea1n <\/i><\/b><\/h4>\n<p>N<span style=\"font-weight: 400;\">\u0110\u00f3n kh\u00e1ch s\u1ea1n kh\u00f4ng \u0111\u01b0\u1ee3c cung c\u1ea5p cho tour du l\u1ecbch n\u00e0y. Ch\u00fang t\u00f4i thi\u1ebft l\u1eadp Nh\u1eadn li\u00ean h\u1ec7 v\u1edbi ch\u00fang t\u00f4i b\u1eb1ng Whatsapp.<\/span><br \/>\nN<br \/>\nN&Nbsp;<br \/>\nN<br \/>\nN<b>Ghi ch\u00fa:<\/b><span style=\"font-weight: 400;\"> N\u1ebfu b\u1ea1n \u0111\u1eb7t ch\u1ed7 trong v\u00f2ng 24 gi\u1edd tr\u01b0\u1edbc gi\u1edd kh\u1edfi h\u00e0nh c\u1ee7a chuy\u1ebfn tham quan\/Chuy\u1ebfn tham quan, ch\u00fang t\u00f4i c\u00f3 th\u1ec3 s\u1eafp x\u1ebfp d\u1ecbch v\u1ee5 \u0111\u00f3n kh\u00e1ch t\u1ea1i kh\u00e1ch s\u1ea1n v\u1edbi m\u1ed9t kho\u1ea3n ph\u1ee5 ph\u00ed. Sau khi giao d\u1ecbch mua c\u1ee7a b\u1ea1n ho\u00e0n t\u1ea5t, ch\u00fang t\u00f4i s\u1ebd g\u1eedi cho b\u1ea1n th\u00f4ng tin li\u00ean h\u1ec7 \u0111\u1ea7y \u0111\u1ee7 (s\u1ed1 \u0111i\u1ec7n tho\u1ea1i, \u0111\u1ecba ch\u1ec9 email, v.v.) \u0111\u1ec3 H\u01b0\u1edbng d\u1eabn vi\u00ean du l\u1ecbch \u0111\u1ecba ph\u01b0\u01a1ng c\u1ee7a ch\u00fang t\u00f4i s\u1eafp x\u1ebfp vi\u1ec7c \u0111\u00f3n kh\u00e1ch.<\/span><br \/>\nN<\/p>\n<h4><b><i>X\u00e1c nh\u1eadn th\u00f4ng tin b\u1ed5 sung <\/i><\/b><\/h4>\n<p>N<\/p>\n<ol>\nN \t<\/p>\n<li>V\u00e9 l\u00e0 Bi\u00ean lai sau khi thanh to\u00e1n Tour n\u00e0y. B\u1ea1n c\u00f3 th\u1ec3 hi\u1ec3n th\u1ecb thanh to\u00e1n tr\u00ean \u0111i\u1ec7n tho\u1ea1i c\u1ee7a m\u00ecnh.<\/li>\n<p>N \t<\/p>\n<li style=\"font-weight: 400;\"><span style=\"font-weight: 400;\">\u0110i\u1ec3m h\u1eb9n s\u1ebd nh\u1eadn \u0111\u01b0\u1ee3c sau qu\u00e1 tr\u00ecnh \u0111\u1eb7t ch\u1ed7.<\/span><\/li>\n<p>N \t<\/p>\n<li style=\"font-weight: 400;\"><span style=\"font-weight: 400;\">Tr\u1ebb em ph\u1ea3i \u0111i c\u00f9ng ng\u01b0\u1eddi l\u1edbn.<\/span><\/li>\n<p>N \t<\/p>\n<li style=\"font-weight: 400;\"><span style=\"font-weight: 400;\"> Kh\u00f4ng th\u1ec3 s\u1eed d\u1ee5ng xe l\u0103n <\/span><\/li>\n<p>N \t<\/p>\n<li style=\"font-weight: 400;\"><span style=\"font-weight: 400;\">Tr\u1ebb s\u01a1 sinh ph\u1ea3i ng\u1ed3i tr\u00ean \u0111\u00f9i <\/span><\/li>\n<p>N \t<\/p>\n<li style=\"font-weight: 400;\"><span style=\"font-weight: 400;\">Kh\u00f4ng n\u00ean d\u00f9ng cho du kh\u00e1ch c\u00f3 v\u1ea5n \u0111\u1ec1 v\u1ec1 l\u01b0ng<\/span><\/li>\n<p>N \t<\/p>\n<li style=\"font-weight: 400;\"><span style=\"font-weight: 400;\">Kh\u00f4ng n\u00ean d\u00f9ng cho du kh\u00e1ch mang thai <\/span><\/li>\n<p>N \t<\/p>\n<li style=\"font-weight: 400;\"><span style=\"font-weight: 400;\"> Kh\u00f4ng c\u00f3 v\u1ea5n \u0111\u1ec1 v\u1ec1 tim ho\u1eb7c c\u00e1c t\u00ecnh tr\u1ea1ng y t\u1ebf nghi\u00eam tr\u1ecdng kh\u00e1c <\/span><\/li>\n<p>N \t<\/p>\n<li style=\"font-weight: 400;\"><span style=\"font-weight: 400;\">H\u1ea7u h\u1ebft du kh\u00e1ch c\u00f3 th\u1ec3 tham gia<\/span><\/li>\n<p>N<\/ol>\n<p>N<\/p>\n<h4><b><i>Ch\u00ednh s\u00e1ch h\u1ee7y<\/i><\/b><\/h4>\n<p>n\u0110\u1ec3 \u0111\u01b0\u1ee3c ho\u00e0n l\u1ea1i to\u00e0n b\u1ed9 s\u1ed1 ti\u1ec1n, vui l\u00f2ng \u0111\u1ecdc ch\u00ednh s\u00e1ch H\u1ee7y c\u1ee7a ch\u00fang t\u00f4i\u00a0<a href=\"https:\/\/www.boattoursamana.com\/vi\/dat-phong-truc-tuyen\/\" target=\"_blank\" rel=\"noopener\" data-saferedirecturl=\"https:\/\/www.google.com\/url?q=https:\/\/www.boattoursamana.com\/online-booking\/&amp;source=gmail&amp;ust=1672449202351000&amp;usg=AOvVaw1yAeVAPktmaVCqDujgUn90\">B\u1ea5m v\u00e0o \u0111\u00e2y<\/a>. Ti\u1ec1n s\u1ebd b\u1ecb m\u1ea5t n\u1ebfu \u0111\u1eb7t ch\u1ed7 b\u1ecb h\u1ee7y trong c\u00f9ng ng\u00e0y c\u1ee7a chuy\u1ebfn \u0111i.<\/p>\n\n\t\t<\/div>\n\t<\/div>\n<div class=\"vc_btn3-container vc_btn3-inline\" ><button class=\"vc_general vc_btn3 vc_btn3-size-md vc_btn3-shape-rounded vc_btn3-style-modern vc_btn3-color-green\">\u0110\u0102\u0323T B\u00c2Y GI\u1edc<\/button><\/div><\/div><\/div><\/div><\/div><div class=\"vc_row wpb_row vc_row-fluid\" ><div class=\"wpb_column vc_column_container vc_col-sm-12\"><div class=\"vc_column-inner\"><div class=\"wpb_wrapper\">\n\t<div class=\"wpb_video_widget wpb_content_element vc_clearfix   vc_video-aspect-ratio-169 vc_video-el-width-100 vc_video-align-left\" >\n\t\t<div class=\"wpb_wrapper\">\n\t\t\t<h2 class=\"wpb_heading wpb_video_heading\">Samana v\u1edbi nh\u1eefng cu\u1ed9c phi\u00eau l\u01b0u \u0111\u1eb7t ph\u00f2ng:<\/h2>\n\t\t\t<div class=\"wpb_video_wrapper\"><iframe loading=\"lazy\" title=\"\u0110u d\u00e2y Samana \u0110i\u1ec3m \u0111\u1ebfn c\u1ee7a ng\u01b0\u1eddi Dominica, Du ngo\u1ea1n ATV\" width=\"1100\" height=\"619\" src=\"https:\/\/www.youtube.com\/embed\/8Ybh1xtnr2M?feature=oembed\" frameborder=\"0\" allow=\"accelerometer; autoplay; clipboard-write; encrypted-media; gyroscope; picture-in-picture; web-share\" allowfullscreen><\/iframe><\/div>\n\t\t<\/div>\n\t<\/div>\n<\/div><\/div><\/div><\/div><div class=\"vc_row wpb_row vc_row-fluid\" ><div class=\"wpb_column vc_column_container vc_col-sm-12\"><div class=\"vc_column-inner\"><div class=\"wpb_wrapper\"><div class=\"vc_empty_space\"   style=\"height: 32px\"><span class=\"vc_empty_space_inner\"><\/span><\/div>\n\t<div class=\"wpb_text_column wpb_content_element\" >\n\t\t<div class=\"wpb_wrapper\">\n\t\t\t<p>\nN<\/p>\n<h4>Li\u00ean h\u1ec7 ch\u00fang t\u00f4i?<\/h4>\n<p>N<\/p>\n<h5><em><strong>\u0111\u1eb7t ph\u00f2ng phi\u00eau l\u01b0u<\/strong><\/em><\/h5>\n<p>N<em><strong>ng\u01b0\u1eddi d\u00e2n \u0111\u1ecba ph\u01b0\u01a1ng<\/strong>\u00a0v\u00e0\u00a0<strong>c\u00f4ng d\u00e2n<\/strong>\u00a0H\u01b0\u1edbng d\u1eabn vi\u00ean du l\u1ecbch &amp; D\u1ecbch v\u1ee5 kh\u00e1ch<\/em><br \/>\nN<br \/>\nN<span class=\"text-turquoise\">\u0111\u1eb7t ph\u00f2ng:<\/span>\u00a0Chuy\u1ebfn tham quan &amp; du ngo\u1ea1n t\u1ea1i Dom. Tr\u1ea3 l\u1eddi.<br \/>\nN<br \/>\nN<img decoding=\"async\" class=\"emoji\" draggable=\"false\" src=\"https:\/\/s.w.org\/images\/core\/emoji\/11.2.0\/svg\/1f4de.svg\" alt=\" \" title=\"\">\u00a0\u0110i\u1ec7n tho\u1ea1i \/ Whatsapp\u00a0\u00a0<a href=\"tel:+1-809-720-6035\">+1-809-720-6035<\/a>.<br \/>\nN<br \/>\nN<img decoding=\"async\" class=\"emoji\" draggable=\"false\" src=\"https:\/\/s.w.org\/images\/core\/emoji\/11.2.0\/svg\/1f4e9.svg\" alt=\" \" title=\"\">\u00a0<a href=\"mailto:info@bookingadventures.com.do\">info@bookingadventures.com.do<\/a><br \/>\nN<br \/>\nN<strong>Ch\u00fang t\u00f4i \u0111ang thi\u1ebft l\u1eadp linh ho\u1ea1t c\u00e1c chuy\u1ebfn tham quan ri\u00eang t\u01b0 b\u1eb1ng Whatsapp:\u00a0<a href=\"tel:+18097206035\">+18097206035.<\/a><\/strong><\/p>\n\n\t\t<\/div>\n\t<\/div>\n<div class=\"vc_empty_space\"   style=\"height: 32px\"><span class=\"vc_empty_space_inner\"><\/span><\/div><\/div><\/div><\/div><\/div><div class=\"vc_row wpb_row vc_row-fluid\" ><div class=\"wpb_column vc_column_container vc_col-sm-12\"><div class=\"vc_column-inner\"><div class=\"wpb_wrapper\"><div class=\"vc_btn3-container vc_btn3-inline\" ><button class=\"vc_general vc_btn3 vc_btn3-size-md vc_btn3-shape-rounded vc_btn3-style-modern vc_btn3-color-green\">\u0110\u0102\u0323T B\u00c2Y GI\u1edc<\/button><\/div><\/div><\/div><\/div><\/div>","protected":false},"excerpt":{"rendered":"<p>n n nThis experience in Atv starts in El LImon comunity.During the first part of the day, you will discover the \u201cRuta del Caf\u00e9\u201d on quad and its beautiful and preserved nature. The first stop will be at\u00a0 the\u00a0Parada del caf\u00e9\u00a0where Olivo and his family will show you the artisanal methods they use for\u00a0coffee and cocoa. A\u00a0tasting\u00a0is planned, but only for the greediest !!! n nOn the way, you will also stop at the\u00a0cigars factory\u00a0and for lunch a\u00a0Dominican meal in [&hellip;]<\/p>\n","protected":false},"author":2,"featured_media":0,"parent":0,"menu_order":0,"comment_status":"open","ping_status":"closed","template":"","meta":{"footnotes":""},"class_list":["post-15863","page","type-page","status-publish","hentry"],"_links":{"self":[{"href":"https:\/\/www.boattoursamana.com\/vi\/wp-json\/wp\/v2\/pages\/15863","targetHints":{"allow":["GET"]}}],"collection":[{"href":"https:\/\/www.boattoursamana.com\/vi\/wp-json\/wp\/v2\/pages"}],"about":[{"href":"https:\/\/www.boattoursamana.com\/vi\/wp-json\/wp\/v2\/types\/page"}],"author":[{"embeddable":true,"href":"https:\/\/www.boattoursamana.com\/vi\/wp-json\/wp\/v2\/users\/2"}],"replies":[{"embeddable":true,"href":"https:\/\/www.boattoursamana.com\/vi\/wp-json\/wp\/v2\/comments?post=15863"}],"version-history":[{"count":0,"href":"https:\/\/www.boattoursamana.com\/vi\/wp-json\/wp\/v2\/pages\/15863\/revisions"}],"wp:attachment":[{"href":"https:\/\/www.boattoursamana.com\/vi\/wp-json\/wp\/v2\/media?parent=15863"}],"curies":[{"name":"wp","href":"https:\/\/api.w.org\/{rel}","templated":true}]}}