{"id":16299,"date":"2023-10-14T17:15:19","date_gmt":"2023-10-14T17:15:19","guid":{"rendered":"https:\/\/www.ticketswhales.com\/?page_id=16299"},"modified":"2023-11-03T09:31:38","modified_gmt":"2023-11-03T09:31:38","slug":"bird-watching-dominican-republic","status":"publish","type":"page","link":"https:\/\/www.boattoursamana.com\/vi\/cong-hoa-dominica-ngam-chim","title":{"rendered":"Ng\u1eafm chim C\u1ed9ng h\u00f2a Dominica"},"content":{"rendered":"<div class=\"vc_row wpb_row vc_row-fluid\" ><div class=\"wpb_column vc_column_container vc_col-sm-12\"><div class=\"vc_column-inner\"><div class=\"wpb_wrapper\"><div class=\"mkdf-section-title-holder\" style=\"text-align: left\">\n\t<div class=\"mkdf-st-inner\">\n\t\t\t\t\t<h5 class=\"mkdf-st-subtitle\" >\n\t\t\t\tBirding C\u1ed9ng h\u00f2a Dominica\t\t\t<\/h5>\n\t\t\t\t\t\t\t<h3 class=\"mkdf-st-title\" >\n\t\t\t\tNg\u1eafm chim C\u1ed9ng h\u00f2a Dominica\t\t\t<\/h3>\n\t\t\t\t\t\t\t<p class=\"mkdf-st-text\" >\n\t\t\t\tC\u1ed9ng h\u00f2a Dominica l\u00e0 m\u1ed9t tr\u1ea3i nghi\u1ec7m tuy\u1ec7t v\u1eddi cho nh\u1eefng ng\u01b0\u1eddi \u0111am m\u00ea chim. \u0110\u1ea5t n\u01b0\u1edbc n\u00e0y l\u00e0 n\u01a1i sinh s\u1ed1ng c\u1ee7a nhi\u1ec1u lo\u00e0i chim \u0111a d\u1ea1ng, bao g\u1ed3m c\u1ea3 chim c\u01b0 tr\u00fa v\u00e0 chim di c\u01b0. V\u1edbi h\u1ec7 sinh th\u00e1i \u0111a d\u1ea1ng, ch\u1eb3ng h\u1ea1n nh\u01b0 r\u1eebng nhi\u1ec7t \u0111\u1edbi, r\u1eebng ng\u1eadp m\u1eb7n v\u00e0 khu v\u1ef1c ven bi\u1ec3n, C\u1ed9ng h\u00f2a Dominica mang \u0111\u1ebfn nh\u1eefng c\u01a1 h\u1ed9i sinh h\u1ecdc tuy\u1ec7t v\u1eddi. C\u00e1c \u0111i\u1ec3m \u0111\u1ebfn ng\u1eafm chim ph\u1ed5 bi\u1ebfn trong n\u01b0\u1edbc bao g\u1ed3m C\u00f4ng vi\u00ean Qu\u1ed1c gia Jaragua, C\u00f4ng vi\u00ean Qu\u1ed1c gia Sierra de Bahoruco v\u00e0 C\u00f4ng vi\u00ean Qu\u1ed1c gia Los Haitises. Nh\u1eefng khu v\u1ef1c n\u00e0y cung c\u1ea5p m\u00f4i tr\u01b0\u1eddng s\u1ed1ng cho nhi\u1ec1u lo\u00e0i chim, bao g\u1ed3m v\u1eb9t Hispaniolan, chim g\u00f5 ki\u1ebfn Hispaniolan v\u00e0 lo\u00e0i trogon Hispaniolan \u0111\u1eb7c h\u1eefu. \u0110\u1ec3 t\u1eadn d\u1ee5ng t\u1ed1i \u0111a tr\u1ea3i nghi\u1ec7m nu\u00f4i chim c\u1ee7a b\u1ea1n, b\u1ea1n n\u00ean thu\u00ea m\u1ed9t h\u01b0\u1edbng d\u1eabn vi\u00ean nu\u00f4i chim \u0111\u1ecba ph\u01b0\u01a1ng t\u1eeb Booking Adventures, ng\u01b0\u1eddi am hi\u1ec3u v\u1ec1 c\u00e1c lo\u00e0i chim trong khu v\u1ef1c v\u00e0 m\u00f4i tr\u01b0\u1eddng s\u1ed1ng c\u1ee7a ch\u00fang. Ch\u00fang c\u00f3 th\u1ec3 gi\u00fap b\u1ea1n ph\u00e1t hi\u1ec7n v\u00e0 x\u00e1c \u0111\u1ecbnh c\u00e1c lo\u00e0i chim kh\u00e1c nhau, c\u0169ng nh\u01b0 cung c\u1ea5p nh\u1eefng hi\u1ec3u bi\u1ebft c\u00f3 gi\u00e1 tr\u1ecb v\u1ec1 h\u00e0nh vi v\u00e0 n\u1ed7 l\u1ef1c b\u1ea3o t\u1ed3n c\u1ee7a ch\u00fang. H\u00e3y nh\u1edb t\u00f4n tr\u1ecdng m\u00f4i tr\u01b0\u1eddng t\u1ef1 nhi\u00ean v\u00e0 tu\u00e2n theo c\u00e1c th\u1ef1c h\u00e0nh nu\u00f4i chim c\u00f3 \u0111\u1ea1o \u0111\u1ee9c, ch\u1eb3ng h\u1ea1n nh\u01b0 duy tr\u00ec kho\u1ea3ng c\u00e1ch an to\u00e0n v\u1edbi chim v\u00e0 t\u1ed5 c\u1ee7a ch\u00fang, \u0111\u1ed3ng th\u1eddi kh\u00f4ng l\u00e0m phi\u1ec1n c\u00e1c h\u00e0nh vi t\u1ef1 nhi\u00ean c\u1ee7a ch\u00fang.\t\t\t<\/p>\n\t\t\t<\/div>\n<\/div><div class=\"vc_empty_space\"   style=\"height: 32px\"><span class=\"vc_empty_space_inner\"><\/span><\/div><\/div><\/div><\/div><\/div><div class=\"vc_row wpb_row vc_row-fluid\" ><div class=\"wpb_column vc_column_container vc_col-sm-12\"><div class=\"vc_column-inner\"><div class=\"wpb_wrapper\"><div class=\"vc_empty_space\"   style=\"height: 32px\"><span class=\"vc_empty_space_inner\"><\/span><\/div>\n\t<div class=\"wpb_text_column wpb_content_element\" >\n\t\t<div class=\"wpb_wrapper\">\n\t\t\t<h2><strong>Tour ng\u1eafm chim C\u1ed9ng h\u00f2a Dominica:\u00a0<\/strong><\/h2>\n\n\t\t<\/div>\n\t<\/div>\n<div class=\"vc_empty_space\"   style=\"height: 32px\"><span class=\"vc_empty_space_inner\"><\/span><\/div><div class=\"woocommerce columns-4\"><ul class=\"products columns-4\">\n<li class=\"product type-product post-8848 status-publish first instock product_cat-hiking product_cat-1-sabana-de-la-mar product_cat-birdwatching-los-haitises product_cat-caves product_cat-fees-entrace product_cat-local-tour-guides product_cat-mangroves product_cat-tours-and-excursions product_cat-tours-excursions-los-haitises-national-park product_cat-tours-excursions-samana-bay-dominican-republic product_tag-biding-sabana-de-la-mar product_tag-birding product_tag-birding-dominican-republic product_tag-birding-in-los-haitises product_tag-los-haitises-national-park-birding-tour-from-punta-cana product_tag-birdwatching product_tag-birdwatching-dominicana product_tag-birdwtaching product_tag-boat-tour-birding product_tag-carretera-cano-hondo product_tag-eco-lodge-paraiso-cano-hondo product_tag-hire-a-guide-in-los-haitises product_tag-los-haitises product_tag-los-haitises-birding product_tag-los-haitises-national-park product_tag-los-haitises-national-park-cano-hondo product_tag-los-haitises-samana product_tag-nature product_tag-ridgways-hawk product_tag-sabana-de-la-mar product_tag-samana product_tag-samana-bay product_tag-wildlife has-post-thumbnail sale sold-individually shipping-taxable product-type-external\">\n\t<div class=\"mkdf-pl-inner\"><div class=\"mkdf-pl-image\"><div class=\"mkdf-pl-text\"><div class=\"mkdf-pl-text-outer\"><div class=\"mkdf-pl-text-inner\"><a href=\"https:\/\/bookingadventures.tours\/booking.php?tour_id=ba22ca77a6307e3f7dfd43d2873c8f4d\" data-quantity=\"1\" class=\"button wp-element-button product_type_external\" data-product_id=\"8848\" data-product_sku=\"\" aria-label=\"\u0110\u0102\u0323T B\u00c2Y GI\u1edc\" rel=\"nofollow noopener\">\u0110\u0102\u0323T B\u00c2Y GI\u1edc<\/a><\/div><\/div><\/div><\/div><a href=\"https:\/\/www.boattoursamana.com\/vi\/chuyen-du-lich\/xem-chim-trong-lo-haitises-vuon-quoc-gia-2\" class=\"woocommerce-LoopProduct-link woocommerce-loop-product__link\"><\/a><\/div><div class=\"mkdf-pl-text-wrapper\"><div class=\"mkdf-pl-rating-holder\"><\/div><h4 class=\"mkdf-product-list-title\"><a href=\"https:\/\/www.boattoursamana.com\/vi\/chuyen-du-lich\/xem-chim-trong-lo-haitises-vuon-quoc-gia-2\">Xem chim \u1edf V\u01b0\u1eddn qu\u1ed1c gia Los Haitises<\/a><\/h4>\n\t<span class=\"price\"><del aria-hidden=\"true\"><span class=\"woocommerce-Price-amount amount\"><bdi><span class=\"woocommerce-Price-currencySymbol\">&#36;<\/span>75.00<\/bdi><\/span><\/del> <ins><span class=\"woocommerce-Price-amount amount\"><bdi><span class=\"woocommerce-Price-currencySymbol\">&#36;<\/span>65.99<\/bdi><\/span><\/ins><\/span>\n<\/div><\/li><li class=\"product type-product post-9918 status-publish instock product_cat-hiking product_cat-1-punta-cana product_cat-1-sabana-de-la-mar product_cat-birdwatching-los-haitises product_cat-caves product_cat-fees-entrace product_cat-hiking-los-haitises product_cat-local-tour-guides product_cat-mangroves product_cat-private-tours-excursions product_cat-punta-cana-private-tours product_cat-punta-cana-los-haitises product_cat-tours-and-excursions product_cat-tours-excursions-los-haitises-national-park product_cat-tours-excursions-samana-bay-dominican-republic product_tag-biding-sabana-de-la-mar product_tag-birding product_tag-birding-dominican-republic product_tag-birding-in-los-haitises product_tag-los-haitises-national-park-birding-tour-from-punta-cana product_tag-birdwatching product_tag-birdwatching-dominicana product_tag-birdwtaching product_tag-carretera-cano-hondo product_tag-eco-lodge-paraiso-cano-hondo product_tag-hire-a-guide-in-los-haitises product_tag-los-haitises product_tag-los-haitises-birding product_tag-los-haitises-national-park product_tag-los-haitises-national-park-cano-hondo product_tag-nature product_tag-ridgways-hawk product_tag-sabana-de-la-mar product_tag-wildlife has-post-thumbnail sale sold-individually shipping-taxable product-type-external\">\n\t<div class=\"mkdf-pl-inner\"><div class=\"mkdf-pl-image\"><div class=\"mkdf-pl-text\"><div class=\"mkdf-pl-text-outer\"><div class=\"mkdf-pl-text-inner\"><a href=\"https:\/\/bookingadventures.tours\/booking.php?tour_id=7508224bb326afaef3e2c26d0a22b762\" data-quantity=\"1\" class=\"button wp-element-button product_type_external\" data-product_id=\"9918\" data-product_sku=\"\" aria-label=\"\u0110\u0102\u0323T B\u00c2Y GI\u1edc\" rel=\"nofollow noopener\">\u0110\u0102\u0323T B\u00c2Y GI\u1edc<\/a><\/div><\/div><\/div><\/div><a href=\"https:\/\/www.boattoursamana.com\/vi\/chuyen-du-lich\/xem-chim-punta-cana-chuyen-tour-tu-punta-cana-den-los-haitises-cong-vien-quoc-gia-2\" class=\"woocommerce-LoopProduct-link woocommerce-loop-product__link\"><\/a><\/div><div class=\"mkdf-pl-text-wrapper\"><h4 class=\"mkdf-product-list-title\"><a href=\"https:\/\/www.boattoursamana.com\/vi\/chuyen-du-lich\/xem-chim-punta-cana-chuyen-tour-tu-punta-cana-den-los-haitises-cong-vien-quoc-gia-2\">Birdwatching Punta Cana - Birding Tours t\u1eeb Punta Cana \u0111\u1ebfn C\u00f4ng vi\u00ean qu\u1ed1c gia Los Haitises<\/a><\/h4>\n\t<span class=\"price\"><del aria-hidden=\"true\"><span class=\"woocommerce-Price-amount amount\"><bdi><span class=\"woocommerce-Price-currencySymbol\">&#36;<\/span>195.00<\/bdi><\/span><\/del> <ins><span class=\"woocommerce-Price-amount amount\"><bdi><span class=\"woocommerce-Price-currencySymbol\">&#36;<\/span>145.00<\/bdi><\/span><\/ins><\/span>\n<\/div><\/li><li class=\"product type-product post-16285 status-publish instock product_cat-tours-excursions-samana-bay-dominican-republic product_cat-bestbirding product_cat-bird-watching-dominican-republic product_cat-birding-dominican-republic product_cat-birdwatching-los-haitises product_cat-hiking product_cat-tours-and-excursions product_cat-ultimo2022 product_cat-w product_cat-whale-watching-la-romana-bayahibe product_tag-bird-watching product_tag-birding-dominican-republic product_tag-birding-in-los-haitises product_tag-los-haitises-national-park-birding-tour-from-punta-cana product_tag-birds-of-dominican-republic product_tag-birdwatching-dominicana has-post-thumbnail sale shipping-taxable product-type-external\">\n\t<div class=\"mkdf-pl-inner\"><div class=\"mkdf-pl-image\"><div class=\"mkdf-pl-text\"><div class=\"mkdf-pl-text-outer\"><div class=\"mkdf-pl-text-inner\"><a href=\"https:\/\/bookingadventures.tours\/booking.php?tour_id=a45f385425edc461f216e91e21abe0c5\" data-quantity=\"1\" class=\"button wp-element-button product_type_external\" data-product_id=\"16285\" data-product_sku=\"\" aria-label=\"\u0110\u0102\u0323T B\u00c2Y GI\u1edc\" rel=\"nofollow noopener\">\u0110\u0102\u0323T B\u00c2Y GI\u1edc<\/a><\/div><\/div><\/div><\/div><a href=\"https:\/\/www.boattoursamana.com\/vi\/chuyen-du-lich\/bayahibe-rieng-tu-samana-xem-cayo-levantado-bacardi-dao\" class=\"woocommerce-LoopProduct-link woocommerce-loop-product__link\"><\/a><\/div><div class=\"mkdf-pl-text-wrapper\"><h4 class=\"mkdf-product-list-title\"><a href=\"https:\/\/www.boattoursamana.com\/vi\/chuyen-du-lich\/bayahibe-rieng-tu-samana-xem-cayo-levantado-bacardi-dao\">New Birding C\u1ed9ng h\u00f2a Dominica M\u1ed9t tu\u1ea7n<\/a><\/h4>\n\t<span class=\"price\"><del aria-hidden=\"true\"><span class=\"woocommerce-Price-amount amount\"><bdi><span class=\"woocommerce-Price-currencySymbol\">&#36;<\/span>3,000.00<\/bdi><\/span><\/del> <ins><span class=\"woocommerce-Price-amount amount\"><bdi><span class=\"woocommerce-Price-currencySymbol\">&#36;<\/span>2,800.00<\/bdi><\/span><\/ins><\/span>\n<\/div><\/li><li class=\"product type-product post-16326 status-publish last instock product_cat-birding-dominican-republic product_tag-bird-watching product_tag-birding-dominican-republic product_tag-birding-in-los-haitises product_tag-birding-punta-cana product_tag-los-haitises-national-park-birding-tour-from-punta-cana product_tag-birds-of-dominican-republic product_tag-birdwatching-dominicana product_tag-punta-cana has-post-thumbnail sale shipping-taxable product-type-external\">\n\t<div class=\"mkdf-pl-inner\"><div class=\"mkdf-pl-image\"><div class=\"mkdf-pl-text\"><div class=\"mkdf-pl-text-outer\"><div class=\"mkdf-pl-text-inner\"><a href=\"https:\/\/bookingadventures.tours\/booking.php?tour_id=a45f385425edc461f216e91e21abe0c5\" data-quantity=\"1\" class=\"button wp-element-button product_type_external\" data-product_id=\"16326\" data-product_sku=\"\" aria-label=\"\u0110\u0102\u0323T B\u00c2Y GI\u1edc\" rel=\"nofollow noopener\">\u0110\u0102\u0323T B\u00c2Y GI\u1edc<\/a><\/div><\/div><\/div><\/div><a href=\"https:\/\/www.boattoursamana.com\/vi\/chuyen-du-lich\/bayahibe-rieng-tu-samana-xem-cayo-levantado-bacardi-dao\" class=\"woocommerce-LoopProduct-link woocommerce-loop-product__link\"><\/a><\/div><div class=\"mkdf-pl-text-wrapper\"><h4 class=\"mkdf-product-list-title\"><a href=\"https:\/\/www.boattoursamana.com\/vi\/chuyen-du-lich\/bayahibe-rieng-tu-samana-xem-cayo-levantado-bacardi-dao\">Punta Cana: Ng\u1eafm chim t\u1ea1i Khu v\u1ef1c T\u1ed5 ch\u1ee9c Punta Cana<\/a><\/h4>\n\t<span class=\"price\"><del aria-hidden=\"true\"><span class=\"woocommerce-Price-amount amount\"><bdi><span class=\"woocommerce-Price-currencySymbol\">&#36;<\/span>250.00<\/bdi><\/span><\/del> <ins><span class=\"woocommerce-Price-amount amount\"><bdi><span class=\"woocommerce-Price-currencySymbol\">&#36;<\/span>170.00<\/bdi><\/span><\/ins><\/span>\n<\/div><\/li><li class=\"product type-product post-8850 status-publish first instock product_cat-tours-excursions-samana-bay-dominican-republic product_cat-1-sabana-de-la-mar product_cat-birdwatching-los-haitises product_cat-hiking-los-haitises product_cat-tours-and-excursions product_cat-tours-excursions-los-haitises-national-park product_tag-birding product_tag-birdwatching product_tag-los-haitises product_tag-los-haitises-national-park product_tag-nature product_tag-ridgways-hawk product_tag-sabana-de-la-mar product_tag-samana product_tag-samana-bay product_tag-wildlife has-post-thumbnail sale shipping-taxable product-type-external\">\n\t<div class=\"mkdf-pl-inner\"><div class=\"mkdf-pl-image\"><div class=\"mkdf-pl-text\"><div class=\"mkdf-pl-text-outer\"><div class=\"mkdf-pl-text-inner\"><a href=\"https:\/\/bookingadventures.tours\/booking.php?tour_id=3f582351e669d76f309c91a7d64fcfca\" data-quantity=\"1\" class=\"button wp-element-button product_type_external\" data-product_id=\"8850\" data-product_sku=\"\" aria-label=\"\u0110\u0102\u0323T B\u00c2Y GI\u1edc\" rel=\"nofollow noopener\">\u0110\u0102\u0323T B\u00c2Y GI\u1edc<\/a><\/div><\/div><\/div><\/div><a href=\"https:\/\/www.boattoursamana.com\/vi\/chuyen-du-lich\/ridge-hawk-tour-ngam-chim-lo-haitises-cong-vien-quoc-gia\" class=\"woocommerce-LoopProduct-link woocommerce-loop-product__link\"><\/a><\/div><div class=\"mkdf-pl-text-wrapper\"><div class=\"mkdf-pl-rating-holder\"><\/div><h4 class=\"mkdf-product-list-title\"><a href=\"https:\/\/www.boattoursamana.com\/vi\/chuyen-du-lich\/ridge-hawk-tour-ngam-chim-lo-haitises-cong-vien-quoc-gia\">Chuy\u1ebfn tham quan Ridgway&#039;s Hawk - Ng\u1eafm chim Chuy\u1ebfn tham quan C\u00f4ng vi\u00ean Qu\u1ed1c gia Los Haitises<\/a><\/h4>\n\t<span class=\"price\"><del aria-hidden=\"true\"><span class=\"woocommerce-Price-amount amount\"><bdi><span class=\"woocommerce-Price-currencySymbol\">&#36;<\/span>65.00<\/bdi><\/span><\/del> <ins><span class=\"woocommerce-Price-amount amount\"><bdi><span class=\"woocommerce-Price-currencySymbol\">&#36;<\/span>49.00<\/bdi><\/span><\/ins><\/span>\n<\/div><\/li><li class=\"product type-product post-16295 status-publish instock product_cat-birding-dominican-republic product_tag-bird-watching product_tag-birding-dominican-republic product_tag-birding-in-los-haitises product_tag-los-haitises-national-park-birding-tour-from-punta-cana product_tag-birds-of-dominican-republic product_tag-birdwatching-dominicana has-post-thumbnail sale shipping-taxable product-type-external\">\n\t<div class=\"mkdf-pl-inner\"><div class=\"mkdf-pl-image\"><div class=\"mkdf-pl-text\"><div class=\"mkdf-pl-text-outer\"><div class=\"mkdf-pl-text-inner\"><a href=\"https:\/\/bookingadventures.tours\/booking.php?tour_id=65169de389500d780418f30a412b7e7b\" data-quantity=\"1\" class=\"button wp-element-button product_type_external\" data-product_id=\"16295\" data-product_sku=\"\" aria-label=\"\u0110\u0102\u0323T B\u00c2Y GI\u1edc\" rel=\"nofollow noopener\">\u0110\u0102\u0323T B\u00c2Y GI\u1edc<\/a><\/div><\/div><\/div><\/div><a href=\"https:\/\/www.boattoursamana.com\/vi\/chuyen-du-lich\/bayahibe-rieng-tu-samana-xem-cayo-levantado-bacardi-dao\" class=\"woocommerce-LoopProduct-link woocommerce-loop-product__link\"><\/a><\/div><div class=\"mkdf-pl-text-wrapper\"><h4 class=\"mkdf-product-list-title\"><a href=\"https:\/\/www.boattoursamana.com\/vi\/chuyen-du-lich\/bayahibe-rieng-tu-samana-xem-cayo-levantado-bacardi-dao\">Samana: Ng\u1eafm chim &amp; th\u00e1c Limon<\/a><\/h4>\n\t<span class=\"price\"><del aria-hidden=\"true\"><span class=\"woocommerce-Price-amount amount\"><bdi><span class=\"woocommerce-Price-currencySymbol\">&#36;<\/span>250.00<\/bdi><\/span><\/del> <ins><span class=\"woocommerce-Price-amount amount\"><bdi><span class=\"woocommerce-Price-currencySymbol\">&#36;<\/span>170.00<\/bdi><\/span><\/ins><\/span>\n<\/div><\/li><\/ul>\n<\/div><div class=\"vc_empty_space\"   style=\"height: 32px\"><span class=\"vc_empty_space_inner\"><\/span><\/div><\/div><\/div><\/div><\/div>","protected":false},"excerpt":{"rendered":"Birding Dominican Republic Bird Watching Dominican Republic Dominican Republic is a fantastic experience for bird enthusiasts. The country is home to a diverse range of bird species, including both resident and migratory birds. With its varied ecosystems, such as rainforests, mangroves, and coastal areas, the Dominican Republic offers excellent birding opportunities. Popular birding destinations in the country include the Jaragua National Park, Sierra de Bahoruco National Park, and Los Haitises National Park. These areas provide habitats for a wide array [...]","protected":false},"author":8,"featured_media":0,"parent":0,"menu_order":0,"comment_status":"closed","ping_status":"closed","template":"","meta":{"footnotes":""},"class_list":["post-16299","page","type-page","status-publish","hentry"],"_links":{"self":[{"href":"https:\/\/www.boattoursamana.com\/vi\/wp-json\/wp\/v2\/pages\/16299","targetHints":{"allow":["GET"]}}],"collection":[{"href":"https:\/\/www.boattoursamana.com\/vi\/wp-json\/wp\/v2\/pages"}],"about":[{"href":"https:\/\/www.boattoursamana.com\/vi\/wp-json\/wp\/v2\/types\/page"}],"author":[{"embeddable":true,"href":"https:\/\/www.boattoursamana.com\/vi\/wp-json\/wp\/v2\/users\/8"}],"replies":[{"embeddable":true,"href":"https:\/\/www.boattoursamana.com\/vi\/wp-json\/wp\/v2\/comments?post=16299"}],"version-history":[{"count":0,"href":"https:\/\/www.boattoursamana.com\/vi\/wp-json\/wp\/v2\/pages\/16299\/revisions"}],"wp:attachment":[{"href":"https:\/\/www.boattoursamana.com\/vi\/wp-json\/wp\/v2\/media?parent=16299"}],"curies":[{"name":"wp","href":"https:\/\/api.w.org\/{rel}","templated":true}]}}