{"id":11524,"date":"2020-09-08T10:03:31","date_gmt":"2020-09-08T10:03:31","guid":{"rendered":"https:\/\/www.ticketswhales.com\/Tours-Excursions\/uncategorized\/import-placeholder-for-302174\/"},"modified":"2023-11-10T13:47:26","modified_gmt":"2023-11-10T13:47:26","slug":"saona-island-private-tour-from-punta-cana-hotels-punta-cana-lobby","status":"publish","type":"product","link":"https:\/\/www.boattoursamana.com\/vi\/chuyen-du-lich\/saona-dao-rieng-tour-tu-punta-cana-khach-san-punta-cana-sanh-2","title":{"rendered":"Tour ri\u00eang \u0111\u1ea3o Saona t\u1eeb kh\u00e1ch s\u1ea1n Punta Cana \u2013 S\u1ea3nh Punta Cana"},"content":{"rendered":"<div class=\"vc_row wpb_row vc_row-fluid\" ><div class=\"wpb_column vc_column_container vc_col-sm-12\"><div class=\"vc_column-inner\"><div class=\"wpb_wrapper\"><div class=\"vc_btn3-container vc_btn3-inline\" ><a class=\"vc_general vc_btn3 vc_btn3-size-md vc_btn3-shape-rounded vc_btn3-style-modern vc_btn3-color-green\" href=\"https:\/\/bookingadventures.tours\/booking.php?tour_id=8b86c0abbfbae1c1c9782c709a48c939\" title=\"\" rel=\"noopener\">\u0110\u0102\u0323T B\u00c2Y GI\u1edc<\/a><\/div>\n\t<div class=\"wpb_text_column wpb_content_element\" >\n\t\t<div class=\"wpb_wrapper\">\n\t\t\t<h2><b><i>Chuy\u1ebfn \u0111i ri\u00eang \u0111\u1ebfn \u0111\u1ea3o Saona\u00a0<\/i><\/b><\/h2>\n<h4><b><i>T\u1ed5ng quan<\/i><\/b><\/h4>\n<div>Kh\u1edfi h\u00e0nh t\u1eeb b\u1ebfn t\u00e0u ch\u00ednh c\u1ee7a <strong>Bayahibe<\/strong> l\u00fac 9 gi\u1edd s\u00e1ng v\u00e0 tr\u1edf v\u1ec1 l\u00fac 5 gi\u1edd chi\u1ec1u. N\u1ebfu nh\u01b0\u00a0<b>(b\u1ea1n \u0111ang th\u00eam chuy\u1ec3n ri\u00eang t\u1eeb c\u00e1c chuy\u1ebfn kh\u1edfi h\u00e0nh kh\u00e1c v\u00e0o th\u1eddi gian chuy\u1ebfn \u0111i n\u00e0y c\u00f3 th\u1ec3 thay \u0111\u1ed5i)<\/b> <span style=\"font-size: 16px;\">Chuy\u1ebfn \u0111i n\u00e0y s\u1ebd \u0111\u01b0a b\u1ea1n \u0111\u1ebfn nh\u1eefng b\u00e3i bi\u1ec3n \u0111\u1eb9p nh\u1ea5t c\u1ee7a <strong>\u0111\u1ea3o Saona<\/strong> (Isla Saona) b\u1eaft \u0111\u1ea7u t\u1eeb th\u1ecb tr\u1ea5n Bayahibe, b\u1eefa tr\u01b0a c\u1ee7a b\u1ea1n \u1edf tr\u00ean \u0111\u1ea3o v\u00e0 b\u1ea1n s\u1ebd d\u1eebng l\u1ea1i \u1edf c\u00e1c h\u1ed3 t\u1ef1 nhi\u00ean c\u1ee7a<strong> C\u00f4ng vi\u00ean Qu\u1ed1c gia Cotubanama<\/strong>. T\u1eadn h\u01b0\u1edfng b\u1edd bi\u1ec3n ph\u00eda \u0111\u00f4ng nam xinh \u0111\u1eb9p c\u1ee7a C\u1ed9ng h\u00f2a Dominica, n\u01a1i sau khi l\u00ean thuy\u1ec1n, b\u1ea1n s\u1ebd \u0111i d\u1ecdc theo b\u1edd bi\u1ec3n \u0111\u1ec3 quan s\u00e1t c\u00e1c b\u00e3i bi\u1ec3n, c\u1ea3nh quan, r\u1eebng ng\u1eadp m\u1eb7n v\u00e0 th\u00e0nh t\u1ea1o \u0111\u00e1 v\u00f4i kh\u00e1c nhau c\u1ee7a \u0111\u1ecba \u0111i\u1ec3m \u0111\u1ed9c \u0111\u00e1o n\u00e0y.\u00a0<\/span><\/div>\n<div>\n<p><span style=\"font-weight: 400;\">\u0110\u1ebfn \u0111\u1ea3o m\u1ea5t kho\u1ea3ng 45 ph\u00fat v\u00e0 trong chuy\u1ebfn tham quan, b\u1ea1n s\u1ebd c\u00f3 kh\u1ea3 n\u0103ng nh\u00ecn th\u1ea5y <strong>Mano Juan<\/strong>, l\u00e0 c\u1ed9ng \u0111\u1ed3ng duy nh\u1ea5t \u0111\u01b0\u1ee3c th\u00e0nh l\u1eadp tr\u00ean \u0111\u1ea3o, t\u1ea1i c\u00f9ng m\u1ed9t n\u01a1i n\u00e0y, b\u1ea1n c\u00f3 th\u1ec3 \u0103n tr\u01b0a, trong tr\u01b0\u1eddng h\u1ee3p b\u1ea1n kh\u00f4ng \u0111\u1ebfn Mano Juan, B\u1ea1n s\u1ebd \u0111\u1ebfn th\u0103m c\u00e1c b\u00e3i bi\u1ec3n kh\u00e1c nhau trong khu v\u1ef1c v\u00e0 b\u1eefa tr\u01b0a s\u1ebd \u1edf tr\u00ean b\u00e3i bi\u1ec3n, b\u1ea1n c\u0169ng s\u1ebd c\u00f3 c\u01a1 h\u1ed9i l\u1eb7n v\u1edbi \u1ed1ng th\u1edf tr\u00ean \u0111\u1ea3o.<\/span><\/p>\n<p><span style=\"font-weight: 400;\">Khi k\u1ebft th\u00fac chuy\u1ebfn \u0111i c\u1ee7a b\u1ea1n \u1edf c\u00e1c \u0111\u1ecba \u0111i\u1ec3m kh\u00e1c nhau tr\u00ean \u0111\u1ea3o, b\u1ea1n s\u1ebd quay tr\u1edf l\u1ea1i \u0111\u1ecba \u0111i\u1ec3m m\u00e0 b\u1ea1n g\u1eb7p H\u01b0\u1edbng d\u1eabn vi\u00ean.<\/span><\/p>\n<ul>\n<li style=\"font-weight: 400;\"><span style=\"font-weight: 400;\">Bao g\u1ed3m \u0103n tr\u01b0a buffet tr\u00ean b\u00e3i bi\u1ec3n.<\/span><\/li>\n<li style=\"font-weight: 400;\"><span style=\"font-weight: 400;\">h\u1ed3 b\u01a1i t\u1ef1 nhi\u00ean<\/span><\/li>\n<li style=\"font-weight: 400;\"><span style=\"font-weight: 400;\">Di chuy\u1ec3n b\u1eb1ng thuy\u1ec1n ho\u1eb7c catamaran<\/span><\/li>\n<li style=\"font-weight: 400;\"><span style=\"font-weight: 400;\">Thuy\u1ec1n tr\u01b0\u1edfng cung c\u1ea5p h\u01b0\u1edbng d\u1eabn v\u00e0 gi\u00e1m s\u00e1t<\/span><\/li>\n<\/ul>\n<\/div>\n<p>&nbsp;<\/p>\n<h2><b>Bao g\u1ed3m &amp; Lo\u1ea1i tr\u1eeb<\/b><\/h2>\n<p><b>bao g\u1ed3m<\/b><\/p>\n<ol>\n<li>Chuy\u1ebfn \u0111i b\u1eb1ng thuy\u1ec1n cao t\u1ed1c ho\u1eb7c catamaran (T\u1ea5t c\u1ea3 ph\u1ee5 thu\u1ed9c v\u00e0o quy m\u00f4 nh\u00f3m)<\/li>\n<li style=\"font-weight: 400;\"><span style=\"font-weight: 400;\">Buffet tr\u01b0a tr\u00ean b\u00e3i bi\u1ec3n<\/span><\/li>\n<li>h\u1ed3 b\u01a1i t\u1ef1 nhi\u00ean<\/li>\n<li style=\"font-weight: 400;\"><span style=\"font-weight: 400;\">T\u1ea5t c\u1ea3 c\u00e1c lo\u1ea1i thu\u1ebf, ph\u00ed v\u00e0 l\u1ec7 ph\u00ed x\u1eed l\u00fd<\/span><\/li>\n<li style=\"font-weight: 400;\"><span style=\"font-weight: 400;\">Thu\u1ebf \u0111\u1ecba ph\u01b0\u01a1ng<\/span><\/li>\n<li style=\"font-weight: 400;\"><span style=\"font-weight: 400;\">n\u01b0\u1edbc gi\u1ea3i kh\u00e1t<\/span><\/li>\n<\/ol>\n<p><b> lo\u1ea1i tr\u1eeb<\/b><\/p>\n<ol>\n<li style=\"font-weight: 400;\"><span style=\"font-weight: 400;\">ti\u1ec1n th\u01b0\u1edfng<\/span><\/li>\n<li>H\u01b0\u1edbng d\u1eabn \u0111\u1ecba ph\u01b0\u01a1ng<\/li>\n<\/ol>\n<p>&nbsp;<\/p>\n<h4><em><strong>Kh\u1edfi h\u00e0nh &amp; Tr\u1edf v\u1ec1<\/strong><\/em><\/h4>\n<p><span style=\"font-weight: 400;\">Ch\u00fang t\u00f4i c\u00f3 m\u1ed9t l\u1ecbch tr\u00ecnh \u0111\u01b0\u1ee3c thi\u1ebft k\u1ebf \u0111\u1ec3 \u0111\u00f3n v\u00e0 tr\u1ea3 b\u1ea1n d\u1ef1a tr\u00ean khu v\u1ef1c b\u1ea1n \u0111ang \u1edf. <\/span><span style=\"font-weight: 400;\">Kh\u00e1ch du l\u1ecbch s\u1ebd nh\u1eadn \u0111\u01b0\u1ee3c m\u1ed9t \u0111i\u1ec3m g\u1eb7p g\u1ee1 sau Quy tr\u00ecnh \u0111\u1eb7t ch\u1ed7. C\u00e1c chuy\u1ebfn tham quan b\u1eaft \u0111\u1ea7u v\u00e0 k\u1ebft th\u00fac t\u1ea1i c\u00e1c \u0111i\u1ec3m g\u1eb7p g\u1ee1 c\u1ee7a ch\u00fang t\u00f4i.<\/span><\/p>\n<p>&nbsp;<\/p>\n<h4><b><i>Mong \u0111\u1ee3i \u0111i\u1ec1u g\u00ec?<\/i><\/b><\/h4>\n<p>&nbsp;<\/p>\n<p><em><strong>Nh\u1eadn v\u00e9 c\u1ee7a b\u1ea1n<\/strong><\/em> m\u1ed9t ng\u00e0y tr\u00f4i qua \u1edf \u0111\u1ea3o Saona (Isla Saona) \u1edf Bayahibe c\u1ed9ng v\u1edbi m\u1ed9t b\u1eefa tr\u01b0a v\u00e0 th\u1eddi gian \u0111i bi\u1ec3n tuy\u1ec7t v\u1eddi.<\/p>\n<p><span style=\"font-weight: 400;\">Chuy\u1ebfn \u0111i trong ng\u00e0y do \u201cBooking Adventures\u201d t\u1ed5 ch\u1ee9c b\u1eaft \u0111\u1ea7u t\u1ea1i \u0111i\u1ec3m h\u1eb9n \u0111\u00e3 \u0111\u1eb7t v\u1edbi H\u01b0\u1edbng d\u1eabn vi\u00ean. <\/span>\u0102n tr\u01b0a t\u1ea1i b\u00e3i bi\u1ec3n v\u00e0 b\u1ea1n c\u00f3 th\u1ec3 \u1edf l\u1ea1i bao l\u00e2u t\u00f9y th\u00edch \u0111\u1ec3 b\u01a1i l\u1ed9i xung quanh. N\u1ebfu b\u1ea1n l\u00e0 ng\u01b0\u1eddi thu\u1ea7n chay, ch\u00fang t\u00f4i c\u0169ng c\u00f3 th\u1ec3 \u0111\u1eb7t m\u1ed9t s\u1ed1 m\u00f3n \u0103n cho b\u1ea1n.<\/p>\n<p>Chuy\u1ebfn \u0111i b\u1eb1ng thuy\u1ec1n n\u00e0y b\u1eaft \u0111\u1ea7u \u1edf Bayahibe nh\u01b0ng ch\u00fang t\u00f4i cung c\u1ea5p Chuy\u1ec3n kho\u1ea3n ri\u00eang v\u1edbi chi ph\u00ed b\u1ed5 sung t\u00f9y thu\u1ed9c v\u00e0o v\u1ecb tr\u00ed c\u1ee7a Nh\u00f3m.<\/p>\n<p><strong>Th\u1eddi gian bi\u1ec3u:<\/strong><\/p>\n<p>7:45 s\u00e1ng \u2013 6:00 t\u1ed1i<\/p>\n<p>&nbsp;<\/p>\n<h4><em><strong>B\u1ea1n n\u00ean mang theo nh\u1eefng g\u00ec?<\/strong><\/em><\/h4>\n<ul>\n<li style=\"font-weight: 400;\"><span style=\"font-weight: 400;\">M\u00e1y \u1ea3nh<\/span><\/li>\n<li style=\"font-weight: 400;\"><span style=\"font-weight: 400;\">ch\u1ed3i \u0111u\u1ed5i<\/span><\/li>\n<li style=\"font-weight: 400;\"><span style=\"font-weight: 400;\">kem ch\u1ed1ng n\u1eafng<\/span><\/li>\n<li style=\"font-weight: 400;\"><span style=\"font-weight: 400;\">m\u0169<\/span><\/li>\n<li style=\"font-weight: 400;\"><span style=\"font-weight: 400;\">qu\u1ea7n tho\u1ea3i m\u00e1i<\/span><\/li>\n<li style=\"font-weight: 400;\"><span style=\"font-weight: 400;\">Gi\u00e0y leo n\u00fai \u0111i r\u1eebng<\/span><\/li>\n<li style=\"font-weight: 400;\"><span style=\"font-weight: 400;\">Sandal \u0111i bi\u1ec3n<\/span><\/li>\n<li style=\"font-weight: 400;\"><span style=\"font-weight: 400;\">\u0111\u1ed3 b\u01a1i<\/span><\/li>\n<li>Ti\u1ec1n m\u1eb7t cho qu\u00e0 l\u01b0u ni\u1ec7m<\/li>\n<\/ul>\n<p>&nbsp;<\/p>\n<h2><b><i>\u0110\u00f3n t\u1ea1i kh\u00e1ch s\u1ea1n cho chuy\u1ebfn \u0111i trong ng\u00e0y \u0110\u1ea3o Saona<\/i><\/b><\/h2>\n<p><span style=\"font-weight: 400;\">\u0110\u00e2y l\u00e0 ch\u01b0\u01a1ng tr\u00ecnh ch\u00fang t\u00f4i \u0111\u00e3 thi\u1ebft l\u1eadp d\u1ef1a tr\u00ean v\u1ecb tr\u00ed c\u1ee7a b\u1ea1n. Vui l\u00f2ng cho ch\u00fang t\u00f4i bi\u1ebft kh\u00e1ch s\u1ea1n c\u1ee5 th\u1ec3 c\u1ee7a b\u1ea1n v\u00e0 ch\u00fang t\u00f4i s\u1ebd li\u00ean h\u1ec7 v\u1edbi b\u1ea1n \u0111\u1ec3 cho b\u1ea1n bi\u1ebft n\u01a1i ch\u00fang t\u00f4i s\u1ebd g\u1eb7p b\u1ea1n. T\u00f9y ch\u1ecdn Chuy\u1ec3n kho\u1ea3n n\u00e0y \u00e1p d\u1ee5ng m\u1ed9t kho\u1ea3n ph\u1ee5 ph\u00ed. Chuy\u1ebfn \u0111i n\u00e0y b\u1eaft \u0111\u1ea7u \u1edf Bayahibe.<\/span><\/p>\n<table style=\"height: 487px;\" width=\"420\">\n<tbody>\n<tr>\n<td><b>\u0110\u1ecba \u0111i\u1ec3m<\/b><\/td>\n<td><b>Th\u1eddi gian<\/b><\/td>\n<\/tr>\n<tr>\n<td><b>Punta Cana<\/b><\/td>\n<td><b>7:45 s\u00e1ng<\/b><\/td>\n<\/tr>\n<tr>\n<td><b>B\u00e1varo<\/b><\/td>\n<td><b>7:30 s\u00e1ng<\/b><\/td>\n<\/tr>\n<tr>\n<td><b>Uvero Altos<\/b><\/td>\n<td><b>07:00<\/b><\/td>\n<\/tr>\n<tr>\n<td><b>c\u00e2u l\u1ea1c b\u1ed9 y t\u1ebf<\/b><\/td>\n<td><b>07:00<\/b><\/td>\n<\/tr>\n<tr>\n<td><b>Boca Chica<\/b><\/td>\n<td><b>07:00<\/b><\/td>\n<\/tr>\n<tr>\n<td><b>Santo Domingo<\/b><\/td>\n<td><b>6:40 s\u00e1ng<\/b><\/td>\n<\/tr>\n<tr>\n<td><b>Juan Doli\u00f3<\/b><\/td>\n<td><b>07:00<\/b><\/td>\n<\/tr>\n<\/tbody>\n<\/table>\n<p>&nbsp;<\/p>\n<p><b>Ghi ch\u00fa:<\/b><span style=\"font-weight: 400;\"> n\u1ebfu b\u1ea1n \u0111\u1eb7t ch\u1ed7 trong v\u00f2ng 24 gi\u1edd tr\u01b0\u1edbc gi\u1edd kh\u1edfi h\u00e0nh c\u1ee7a chuy\u1ebfn tham quan\/Chuy\u1ebfn tham quan, ch\u00fang t\u00f4i c\u00f3 th\u1ec3 s\u1eafp x\u1ebfp d\u1ecbch v\u1ee5 \u0111\u00f3n kh\u00e1ch t\u1ea1i kh\u00e1ch s\u1ea1n v\u1edbi m\u1ed9t kho\u1ea3n ph\u1ee5 ph\u00ed. Sau khi giao d\u1ecbch mua c\u1ee7a b\u1ea1n ho\u00e0n t\u1ea5t, ch\u00fang t\u00f4i s\u1ebd g\u1eedi cho b\u1ea1n th\u00f4ng tin li\u00ean h\u1ec7 \u0111\u1ea7y \u0111\u1ee7 (s\u1ed1 \u0111i\u1ec7n tho\u1ea1i, \u0111\u1ecba ch\u1ec9 email, v.v.) \u0111\u1ec3 H\u01b0\u1edbng d\u1eabn vi\u00ean du l\u1ecbch \u0111\u1ecba ph\u01b0\u01a1ng c\u1ee7a ch\u00fang t\u00f4i s\u1eafp x\u1ebfp vi\u1ec7c \u0111\u00f3n kh\u00e1ch.<\/span><\/p>\n<h4><b><i>X\u00e1c nh\u1eadn th\u00f4ng tin b\u1ed5 sung <\/i><\/b><\/h4>\n<ol>\n<li>V\u00e9 l\u00e0 Bi\u00ean lai sau khi thanh to\u00e1n Tour n\u00e0y. B\u1ea1n c\u00f3 th\u1ec3 hi\u1ec3n th\u1ecb thanh to\u00e1n tr\u00ean \u0111i\u1ec7n tho\u1ea1i c\u1ee7a m\u00ecnh.<\/li>\n<li style=\"font-weight: 400;\"><span style=\"font-weight: 400;\">\u0110i\u1ec3m h\u1eb9n s\u1ebd nh\u1eadn \u0111\u01b0\u1ee3c sau qu\u00e1 tr\u00ecnh \u0111\u1eb7t ch\u1ed7.<\/span><\/li>\n<li style=\"font-weight: 400;\"><span style=\"font-weight: 400;\">Tr\u1ebb em ph\u1ea3i \u0111i c\u00f9ng ng\u01b0\u1eddi l\u1edbn.<\/span><\/li>\n<li style=\"font-weight: 400;\"><span style=\"font-weight: 400;\">Xe l\u0103n cho ng\u01b0\u1eddi khuy\u1ebft <\/span><\/li>\n<li style=\"font-weight: 400;\"><span style=\"font-weight: 400;\">Tr\u1ebb s\u01a1 sinh ph\u1ea3i ng\u1ed3i tr\u00ean \u0111\u00f9i <\/span><\/li>\n<li style=\"font-weight: 400;\"><span style=\"font-weight: 400;\">H\u1ea7u h\u1ebft du kh\u00e1ch c\u00f3 th\u1ec3 tham gia<\/span><\/li>\n<\/ol>\n<h4><b><i>Ch\u00ednh s\u00e1ch h\u1ee7y<\/i><\/b><\/h4>\n<p>\u0110\u1ec3 \u0111\u01b0\u1ee3c ho\u00e0n ti\u1ec1n \u0111\u1ea7y \u0111\u1ee7, vui l\u00f2ng \u0111\u1ecdc ch\u00ednh s\u00e1ch H\u1ee7y c\u1ee7a ch\u00fang t\u00f4i\u00a0<a href=\"https:\/\/www.boattoursamana.com\/vi\/dat-phong-truc-tuyen\/\" target=\"_blank\" rel=\"noopener\" data-saferedirecturl=\"https:\/\/www.google.com\/url?q=https:\/\/www.boattoursamana.com\/online-booking\/&amp;source=gmail&amp;ust=1672449202351000&amp;usg=AOvVaw1yAeVAPktmaVCqDujgUn90\">B\u1ea5m v\u00e0o \u0111\u00e2y<\/a>. Ti\u1ec1n s\u1ebd b\u1ecb m\u1ea5t n\u1ebfu \u0111\u1eb7t ch\u1ed7 b\u1ecb h\u1ee7y trong c\u00f9ng ng\u00e0y c\u1ee7a chuy\u1ebfn \u0111i.<\/p>\n<p>L\u01afU \u00dd: N\u1ebfu b\u1ea1n mu\u1ed1n th\u1ef1c hi\u1ec7n chuy\u1ebfn tham quan n\u00e0y v\u00e0 mu\u1ed1n bi\u1ebft th\u00eam m\u1ed9t s\u1ed1 chi ti\u1ebft, b\u1ea1n c\u00f3 th\u1ec3<a href=\"mailto:info@bookingadventures.com.do\">\u00a0li\u00ean h\u1ec7 v\u1edbi ch\u00fang t\u00f4i qua emai<\/a>t\u00f4i<strong>\u00a0<\/strong>ho\u1eb7c th\u00f4ng qua d\u1ecbch v\u1ee5 tr\u00f2 chuy\u1ec7n tr\u1ef1c ti\u1ebfp Whatsapp c\u1ee7a ch\u00fang t\u00f4i theo s\u1ed1 n\u00e0y:\u00a0<strong>+1 809-720-6035<\/strong>. Ch\u00fang t\u00f4i s\u1ebd \u0111\u1ebfn g\u1eb7p b\u1ea1n ngay l\u1eadp t\u1ee9c v\u00e0 ch\u00fang t\u00f4i c\u00f3 th\u1ec3 \u0111\u01b0a ra \u0111\u1ec1 ngh\u1ecb \u0111i\u1ec1u ch\u1ec9nh gi\u00e1 cho b\u1ea1n t\u00f9y thu\u1ed9c v\u00e0o s\u1ed1 l\u01b0\u1ee3ng ng\u01b0\u1eddi.<\/p>\n<p>(Ch\u00fang t\u00f4i y\u00eau c\u1ea7u t\u1ed1i thi\u1ec3u 4 ng\u01b0\u1eddi \u0111\u1ec3 s\u1eafp x\u1ebfp chuy\u1ebfn tham quan ri\u00eang. \u0110\u1ed1i v\u1edbi \u00edt ng\u01b0\u1eddi h\u01a1n, ch\u00fang t\u00f4i c\u00f3 th\u1ec3 s\u1eafp x\u1ebfp chuy\u1ebfn tham quan b\u00e1n ri\u00eang v\u1edbi t\u1ed1i \u0111a 15 ng\u01b0\u1eddi).<\/p>\n<div id=\"gtx-trans\" style=\"position: absolute; left: -1px; top: 1055.03px;\">\n<div class=\"gtx-trans-icon\"><\/div>\n<\/div>\n\n\t\t<\/div>\n\t<\/div>\n<\/div><\/div><\/div><\/div><div class=\"vc_row wpb_row vc_row-fluid\" ><div class=\"wpb_column vc_column_container vc_col-sm-12\"><div class=\"vc_column-inner\"><div class=\"wpb_wrapper\"><div class=\"vc_btn3-container vc_btn3-inline\" ><a class=\"vc_general vc_btn3 vc_btn3-size-md vc_btn3-shape-rounded vc_btn3-style-modern vc_btn3-color-green\" href=\"https:\/\/bookingadventures.tours\/booking.php?tour_id=8b86c0abbfbae1c1c9782c709a48c939\" title=\"\" rel=\"noopener\">\u0110\u0102\u0323T B\u00c2Y GI\u1edc<\/a><\/div><\/div><\/div><\/div><\/div><div class=\"vc_row wpb_row vc_row-fluid\" ><div class=\"wpb_column vc_column_container vc_col-sm-12\"><div class=\"vc_column-inner\"><div class=\"wpb_wrapper\"><div class=\"vc_empty_space\"   style=\"height: 32px\"><span class=\"vc_empty_space_inner\"><\/span><\/div>\n\t<div class=\"wpb_video_widget wpb_content_element vc_clearfix   vc_video-aspect-ratio-169 vc_video-el-width-100 vc_video-align-left\" >\n\t\t<div class=\"wpb_wrapper\">\n\t\t\t<h2 class=\"wpb_heading wpb_video_heading\">Video Chuy\u1ebfn tham quan &amp; du ngo\u1ea1n \u0110\u1ea3o Saona:<\/h2>\n\t\t\t<div class=\"wpb_video_wrapper\"><iframe loading=\"lazy\" title=\"\u0110\u1ea3o Saola C\u1ea3 ng\u00e0y c\u1ee7a Booking Adventures, Travel C\u1ed9ng h\u00f2a Dominica\" width=\"1100\" height=\"619\" src=\"https:\/\/www.youtube.com\/embed\/sas91N4zMHo?feature=oembed\" frameborder=\"0\" allow=\"accelerometer; autoplay; encrypted-media; gyroscope; picture-in-picture\" allowfullscreen><\/iframe><\/div>\n\t\t<\/div>\n\t<\/div>\n<div class=\"vc_empty_space\"   style=\"height: 32px\"><span class=\"vc_empty_space_inner\"><\/span><\/div><div class=\"vc_btn3-container vc_btn3-inline\" ><a class=\"vc_general vc_btn3 vc_btn3-size-md vc_btn3-shape-rounded vc_btn3-style-modern vc_btn3-color-green\" href=\"https:\/\/bookingadventures.tours\/booking.php?tour_id=8b86c0abbfbae1c1c9782c709a48c939\" title=\"\" rel=\"noopener\">\u0110\u0102\u0323T B\u00c2Y GI\u1edc<\/a><\/div><\/div><\/div><\/div><\/div><div class=\"vc_row wpb_row vc_row-fluid\" ><\/div><div class=\"wpb_column vc_column_container vc_col-sm-12\"><div class=\"vc_column-inner\"><div class=\"wpb_wrapper\"><\/div><\/div><\/div><div class=\"vc_empty_space\"   style=\"height: 32px\"><span class=\"vc_empty_space_inner\"><\/span><\/div><div class=\"vc_empty_space\"   style=\"height: 32px\"><span class=\"vc_empty_space_inner\"><\/span><\/div>","protected":false},"excerpt":{"rendered":"<p>V\u00e9 ng\u00e0y \u0111\u1ebfn \u0110\u1ea3o Saona t\u1eeb c\u1ea3ng Bayahibe. Bao g\u1ed3m b\u1eefa tr\u01b0a v\u00e0 h\u1ed3 b\u01a1i t\u1ef1 nhi\u00ean. N\u1ebfu c\u1ea7n thi\u1ebft, h\u00e3y chuy\u1ec3n t\u1eeb b\u1ea5t k\u1ef3 v\u00f9ng n\u00e0o c\u1ee7a C\u1ed9ng h\u00f2a Dominica. Ch\u1ec9 c\u1ea7n li\u00ean h\u1ec7 v\u1edbi ch\u00fang t\u00f4i v\u00e0 h\u00e3y c\u00f3 tr\u1ea3i nghi\u1ec7m t\u1ed1t nh\u1ea5t \u1edf Isla Saona.<\/p>\n<p>&nbsp;<\/p>\n<p><strong>Ch\u1ecdn ng\u00e0y cho chuy\u1ebfn tham quan:<\/strong><\/p>","protected":false},"featured_media":11546,"template":"","meta":[],"product_cat":[948,971,965,821,822],"product_tag":[400,244,242,395,272,823,690,241,243,315,398,824,825,314],"class_list":["post-11524","product","type-product","status-publish","has-post-thumbnail","hentry","product_cat-1-punta-cana","product_cat-punta-cana-private-tours","product_cat-punta-cana-saona-island","product_cat-saona-island-offers","product_cat-saona-island-private-tour-from-punta-cana-hotels-punta-cana-lobby","product_tag-all-inclusive-trip-to-saona-island-by-speedboat-catamaran","product_tag-bayahibe","product_tag-catamaran","product_tag-how-to-get-to-saona-island","product_tag-isla-saona","product_tag-private-day-trip-saona","product_tag-private-tours","product_tag-saona","product_tag-saona-island","product_tag-saona-island-excursion","product_tag-saona-island-hotels","product_tag-saona-island-private","product_tag-saona-island-private-tour-from-punta-cana-hotels-punta-cana-lobby","product_tag-saona-island-tour"],"_links":{"self":[{"href":"https:\/\/www.boattoursamana.com\/vi\/wp-json\/wp\/v2\/product\/11524","targetHints":{"allow":["GET"]}}],"collection":[{"href":"https:\/\/www.boattoursamana.com\/vi\/wp-json\/wp\/v2\/product"}],"about":[{"href":"https:\/\/www.boattoursamana.com\/vi\/wp-json\/wp\/v2\/types\/product"}],"wp:featuredmedia":[{"embeddable":true,"href":"https:\/\/www.boattoursamana.com\/vi\/wp-json\/wp\/v2\/media\/11546"}],"wp:attachment":[{"href":"https:\/\/www.boattoursamana.com\/vi\/wp-json\/wp\/v2\/media?parent=11524"}],"wp:term":[{"taxonomy":"product_cat","embeddable":true,"href":"https:\/\/www.boattoursamana.com\/vi\/wp-json\/wp\/v2\/product_cat?post=11524"},{"taxonomy":"product_tag","embeddable":true,"href":"https:\/\/www.boattoursamana.com\/vi\/wp-json\/wp\/v2\/product_tag?post=11524"}],"curies":[{"name":"wp","href":"https:\/\/api.w.org\/{rel}","templated":true}]}}