{"id":11643,"date":"2020-11-06T09:22:02","date_gmt":"2020-11-06T09:22:02","guid":{"rendered":"https:\/\/www.ticketswhales.com\/?post_type=product&#038;p=11643"},"modified":"2023-03-28T23:28:35","modified_gmt":"2023-03-28T23:28:35","slug":"pico-duarte-hike-with-local-experts-duarte-peak-camping-trekking","status":"publish","type":"product","link":"https:\/\/www.boattoursamana.com\/vi\/chuyen-du-lich\/pico-duarte-di-bo-duong-dai-voi-cac-chuyen-gia-dia-phuong-duarte-dinh-cam-trai-di-bo-2","title":{"rendered":"\u0110i b\u1ed9 \u0111\u01b0\u1eddng d\u00e0i Pico Duarte v\u1edbi c\u00e1c chuy\u00ean gia \u0111\u1ecba ph\u01b0\u01a1ng \u2013 Duarte Peak Camping &amp; Trekking"},"content":{"rendered":"<div class=\"vc_row wpb_row vc_row-fluid\" ><div class=\"wpb_column vc_column_container vc_col-sm-12\"><div class=\"vc_column-inner\"><div class=\"wpb_wrapper\"><div class=\"vc_btn3-container vc_btn3-inline\" ><button class=\"vc_general vc_btn3 vc_btn3-size-md vc_btn3-shape-rounded vc_btn3-style-modern vc_btn3-color-green\">\u0110\u0102\u0323T B\u00c2Y GI\u1edc<\/button><\/div><div class=\"vc_empty_space\"   style=\"height: 32px\"><span class=\"vc_empty_space_inner\"><\/span><\/div><div class=\"mkdf-section-title-holder\" style=\"text-align: left\">\n\t<div class=\"mkdf-st-inner\">\n\t\t\t\t\t<h5 class=\"mkdf-st-subtitle\" >\n\t\t\t\tC\u1eafm tr\u1ea1i &amp; \u0110i b\u1ed9 tr\u00ean \u0110\u1ec9nh Duarte\t\t\t<\/h5>\n\t\t\t\t\t\t\t<h3 class=\"mkdf-st-title\" >\n\t\t\t\tPico Duarte Hike v\u1edbi c\u00e1c chuy\u00ean gia \u0111\u1ecba ph\u01b0\u01a1ng\t\t\t<\/h3>\n\t\t\t\t\t<\/div>\n<\/div><div class=\"vc_empty_space\"   style=\"height: 32px\"><span class=\"vc_empty_space_inner\"><\/span><\/div><div class=\"vc_message_box vc_message_box-standard vc_message_box-rounded vc_color-info\" ><div class=\"vc_message_box-icon\"><i class=\"fas fa-info-circle\"><\/i><\/div><p>Vui l\u00f2ng \u0110\u1eb7t ch\u1ed7 (7) ng\u00e0y tr\u01b0\u1edbc Ng\u00e0y \u0111\u00e1o h\u1ea1n.<\/p>\n<\/div><div class=\"vc_empty_space\"   style=\"height: 32px\"><span class=\"vc_empty_space_inner\"><\/span><\/div><\/div><\/div><\/div><\/div><div class=\"vc_row wpb_row vc_row-fluid\" ><\/div><div class=\"wpb_column vc_column_container vc_col-sm-12\"><div class=\"vc_column-inner\"><div class=\"wpb_wrapper\"><\/div><\/div><\/div><div class=\"vc_empty_space\"   style=\"height: 32px\"><span class=\"vc_empty_space_inner\"><\/span><\/div><div class=\"vc_empty_space\"   style=\"height: 32px\"><span class=\"vc_empty_space_inner\"><\/span><\/div><div class=\"vc_row wpb_row vc_row-fluid\" ><div class=\"wpb_column vc_column_container vc_col-sm-12\"><div class=\"vc_column-inner\"><div class=\"wpb_wrapper\"><div class=\"vc_btn3-container vc_btn3-inline\" ><button class=\"vc_general vc_btn3 vc_btn3-size-md vc_btn3-shape-rounded vc_btn3-style-modern vc_btn3-color-green\">\u0110\u0102\u0323T B\u00c2Y GI\u1edc<\/button><\/div><\/div><\/div><\/div><\/div>","protected":false},"excerpt":{"rendered":"<p>&nbsp;<\/p>\n<p><span style=\"font-weight: 400;\"><span style=\"vertical-align: inherit;\"><span style=\"vertical-align: inherit;\">\u00danase a nosotros para escalar el punto m\u00e1s alto del Caribe en J. Almando Bermudez National ubicado en la Cordillera Central del pa\u00eds.<\/span><\/span><\/span><\/p>\n<p><span style=\"font-weight: 400;\"><span style=\"vertical-align: inherit;\"><span style=\"vertical-align: inherit;\">El recorrido ir\u00e1 desde un bosquetropical hasta el pinar del Parque Nacional J. Armando Bermudez, caminando por senderos a trav\u00e9s de mile de helechos, ver\u00e1 loros, jilgueros and otras aves ex\u00f3ticas. <\/span><\/span><\/span><\/p>\n<p><em><strong><span style=\"vertical-align: inherit;\"><span style=\"vertical-align: inherit;\">L\u1ef1a ch\u1ecdn cu\u1ed9c s\u1ed1ng \u0111\u1ec3 \u0111\u1ebfn v\u1edbi cu\u1ed9c s\u1ed1ng:<\/span><\/span><\/strong><\/em><\/p>","protected":false},"featured_media":11650,"template":"","meta":[],"product_cat":[833,946],"product_tag":[835,836,834],"class_list":["post-11643","product","type-product","status-publish","has-post-thumbnail","hentry","product_cat-pico-duarte-hike-with-local-experts-duarte-peak-camping-trekking","product_cat-1-sabana-de-la-mar","product_tag-camping-trekking","product_tag-duarte-peak","product_tag-pico-duarte-hike-with-local-experts-duarte-peak-camping-trekking"],"_links":{"self":[{"href":"https:\/\/www.boattoursamana.com\/vi\/wp-json\/wp\/v2\/product\/11643","targetHints":{"allow":["GET"]}}],"collection":[{"href":"https:\/\/www.boattoursamana.com\/vi\/wp-json\/wp\/v2\/product"}],"about":[{"href":"https:\/\/www.boattoursamana.com\/vi\/wp-json\/wp\/v2\/types\/product"}],"wp:featuredmedia":[{"embeddable":true,"href":"https:\/\/www.boattoursamana.com\/vi\/wp-json\/wp\/v2\/media\/11650"}],"wp:attachment":[{"href":"https:\/\/www.boattoursamana.com\/vi\/wp-json\/wp\/v2\/media?parent=11643"}],"wp:term":[{"taxonomy":"product_cat","embeddable":true,"href":"https:\/\/www.boattoursamana.com\/vi\/wp-json\/wp\/v2\/product_cat?post=11643"},{"taxonomy":"product_tag","embeddable":true,"href":"https:\/\/www.boattoursamana.com\/vi\/wp-json\/wp\/v2\/product_tag?post=11643"}],"curies":[{"name":"wp","href":"https:\/\/api.w.org\/{rel}","templated":true}]}}