{"id":11655,"date":"2020-11-06T14:20:04","date_gmt":"2020-11-06T14:20:04","guid":{"rendered":"https:\/\/www.ticketswhales.com\/?post_type=product&#038;p=11655"},"modified":"2023-10-06T11:27:05","modified_gmt":"2023-10-06T11:27:05","slug":"mangroves-reforestation-in-los-haitises-with-locals-on-kayak","status":"publish","type":"product","link":"https:\/\/www.boattoursamana.com\/vi\/chuyen-du-lich\/rung-ngap-man-tai-trong-rung-o-lo-haitises-voi-nguoi-dan-dia-phuong-tren-kayak-2","title":{"rendered":"T\u00e1i tr\u1ed3ng r\u1eebng ng\u1eadp m\u1eb7n \u1edf Los Haitises v\u1edbi ng\u01b0\u1eddi d\u00e2n \u0111\u1ecba ph\u01b0\u01a1ng tr\u00ean thuy\u1ec1n kayak"},"content":{"rendered":"<div class=\"vc_row wpb_row vc_row-fluid\" ><div class=\"wpb_column vc_column_container vc_col-sm-12\"><div class=\"vc_column-inner\"><div class=\"wpb_wrapper\"><div class=\"vc_empty_space\"   style=\"height: 32px\"><span class=\"vc_empty_space_inner\"><\/span><\/div><\/div><\/div><\/div><\/div><div class=\"vc_row wpb_row vc_row-fluid\" ><div class=\"wpb_column vc_column_container vc_col-sm-12\"><div class=\"vc_column-inner\"><div class=\"wpb_wrapper\"><div class=\"mkdf-section-title-holder\" style=\"text-align: left\">\n\t<div class=\"mkdf-st-inner\">\n\t\t\t\t\t<h5 class=\"mkdf-st-subtitle\" >\n\t\t\t\tR\u1eebng ng\u1eadp m\u1eb7n, thuy\u1ec1n kayak, hang \u0111\u1ed9ng v\u00e0 h\u01a1n th\u1ebf n\u1eefa.\t\t\t<\/h5>\n\t\t\t\t\t\t\t<h3 class=\"mkdf-st-title\" >\n\t\t\t\tT\u00e1i tr\u1ed3ng r\u1eebng ng\u1eadp m\u1eb7n \u1edf Los Haitises v\u1edbi ng\u01b0\u1eddi d\u00e2n \u0111\u1ecba ph\u01b0\u01a1ng\t\t\t<\/h3>\n\t\t\t\t\t<\/div>\n<\/div><\/div><\/div><\/div><\/div><div class=\"vc_row wpb_row vc_row-fluid\" ><div class=\"wpb_column vc_column_container vc_col-sm-12\"><div class=\"vc_column-inner\"><div class=\"wpb_wrapper\"><div class=\"vc_empty_space\"   style=\"height: 32px\"><span class=\"vc_empty_space_inner\"><\/span><\/div><\/div><\/div><\/div><\/div><div class=\"vc_row wpb_row vc_row-fluid\" ><div class=\"wpb_column vc_column_container vc_col-sm-12\"><div class=\"vc_column-inner\"><div class=\"wpb_wrapper\"><div class=\"vc_btn3-container vc_btn3-inline\" ><button class=\"vc_general vc_btn3 vc_btn3-size-md vc_btn3-shape-rounded vc_btn3-style-modern vc_btn3-color-green\">\u0110\u0102\u0323T B\u00c2Y GI\u1edc<\/button><\/div>\n\t<div class=\"wpb_text_column wpb_content_element\" >\n\t\t<div class=\"wpb_wrapper\">\n\t\t\t<h4><b><i>T\u1ed5ng quan <\/i><\/b><\/h4>\n<p>Ch\u00e8o thuy\u1ec1n kayak trong r\u1eebng ng\u1eadp m\u1eb7n \u1edf C\u00f4ng vi\u00ean qu\u1ed1c gia Los Haitises v\u1edbi h\u01b0\u1edbng d\u1eabn vi\u00ean du l\u1ecbch \u0111\u1ecba ph\u01b0\u01a1ng 4 gi\u1edd. Trong C\u00f4ng vi\u00ean Qu\u1ed1c gia Los Haitises, g\u1ea7n Sabana de la Mar, c\u00f3 98 km2 r\u1eebng ng\u1eadp m\u1eb7n. B\u1ea1n s\u1ebd th\u1ea5y m\u1ed9t s\u1ed1 \u0111i\u1ec3m m\u1edf trong c\u00f4ng vi\u00ean qu\u1ed1c gia v\u00e0 nh\u1eefng \u0111i\u1ec3m n\u00e0y c\u1ea7n \u0111\u01b0\u1ee3c tr\u1ed3ng l\u1ea1i. N\u0103m 1998, c\u01a1n b\u00e3o George \u0111\u00e3 t\u00e0n ph\u00e1 nhi\u1ec1u di\u1ec7n t\u00edch r\u1eebng ng\u1eadp m\u1eb7n v\u00e0 kh\u00f4ng th\u1ec3 t\u1ef1 ph\u1ee5c h\u1ed3i. Ch\u00fang t\u00f4i hy v\u1ecdng r\u1eb1ng v\u1edbi m\u1ed9t khu r\u1eebng ng\u1eadp m\u1eb7n \u0111ang ph\u00e1t tri\u1ec3n, nhi\u1ec1u lo\u00e0i \u0111\u1ed9ng v\u1eadt s\u1ebd sinh s\u1ed1ng trong khu v\u1ef1c v\u00e0 du l\u1ecbch sinh th\u00e1i c\u00f3 th\u1ec3 mang l\u1ea1i thu nh\u1eadp cho ng\u01b0\u1eddi d\u00e2n \u0111\u1ecba ph\u01b0\u01a1ng.<\/p>\n<p>&nbsp;<\/p>\n<h4><b>Bao g\u1ed3m &amp; Lo\u1ea1i tr\u1eeb<\/b><\/h4>\n<p>&nbsp;<\/p>\n<p><b>bao g\u1ed3m<\/b><\/p>\n<p>&nbsp;<\/p>\n<ol>\n<li style=\"font-weight: 400;\">Chuy\u1ebfn \u0111i ch\u00e8o thuy\u1ec1n kayak<\/li>\n<li>50 C\u00e2y gi\u1ed1ng r\u1eebng ng\u1eadp m\u1eb7n<\/li>\n<li>du l\u1ecbch hang \u0111\u1ed9ng<\/li>\n<li style=\"font-weight: 400;\"><span style=\"font-weight: 400;\">T\u1ea5t c\u1ea3 c\u00e1c lo\u1ea1i thu\u1ebf, ph\u00ed v\u00e0 l\u1ec7 ph\u00ed x\u1eed l\u00fd<\/span><\/li>\n<li style=\"font-weight: 400;\"><span style=\"font-weight: 400;\">Thu\u1ebf \u0111\u1ecba ph\u01b0\u01a1ng<\/span><\/li>\n<li style=\"font-weight: 400;\"><span style=\"font-weight: 400;\">H\u01b0\u1edbng d\u1eabn \u0111\u1ecba ph\u01b0\u01a1ng<\/span><\/li>\n<\/ol>\n<p><b> lo\u1ea1i tr\u1eeb<\/b><\/p>\n<ol>\n<li style=\"font-weight: 400;\"><span style=\"font-weight: 400;\">ti\u1ec1n th\u01b0\u1edfng<\/span><\/li>\n<li style=\"font-weight: 400;\"><span style=\"font-weight: 400;\">Chuy\u1ec3n nh\u01b0\u1ee3ng<\/span><\/li>\n<li>Kh\u00f4ng bao g\u1ed3m \u0103n tr\u01b0a<\/li>\n<li style=\"font-weight: 400;\"><span style=\"font-weight: 400;\">\u0110\u1ed3 u\u1ed1ng c\u00f3 c\u1ed3n<\/span><\/li>\n<\/ol>\n<p>&nbsp;<\/p>\n<h4><em><strong>Kh\u1edfi h\u00e0nh &amp; Tr\u1edf v\u1ec1<\/strong><\/em><\/h4>\n<p><span style=\"font-weight: 400;\">Kh\u00e1ch du l\u1ecbch s\u1ebd nh\u1eadn \u0111\u01b0\u1ee3c m\u1ed9t \u0111i\u1ec3m g\u1eb7p g\u1ee1 sau Quy tr\u00ecnh \u0111\u1eb7t ch\u1ed7. C\u00e1c chuy\u1ebfn tham quan b\u1eaft \u0111\u1ea7u v\u00e0 k\u1ebft th\u00fac t\u1ea1i c\u00e1c \u0111i\u1ec3m g\u1eb7p g\u1ee1 c\u1ee7a ch\u00fang t\u00f4i.<\/span><\/p>\n<p>&nbsp;<\/p>\n<h4><b><i>Mong \u0111\u1ee3i \u0111i\u1ec1u g\u00ec?<\/i><\/b><\/h4>\n<p>\u0110\u1ea7u ti\u00ean, ch\u00fang t\u00f4i ch\u00e8o thuy\u1ec1n kayak v\u00e0 \u0111i kho\u1ea3ng 30 ph\u00fat \u0111\u1ebfn c\u00e1c khu v\u1ef1c, n\u01a1i ch\u00fang t\u00f4i s\u1ebd thu th\u1eadp h\u1ea1t gi\u1ed1ng r\u1eebng ng\u1eadp m\u1eb7n. Trong khi ch\u00e8o thuy\u1ec1n kayak, ch\u00fang t\u00f4i v\u01b0\u1ee3t qua \u0111\u1ea7m l\u1ea7y ng\u1eadp m\u1eb7n v\u00e0 s\u00f4ng Cano Hondo. Sau \u0111\u00f3, b\u1ea1n s\u1ebd th\u1ea5y r\u1ea5t nhi\u1ec1u h\u1ea1t \u0111\u01b0\u1edbc d\u1ea1t v\u00e0o b\u1edd bi\u1ec3n. H\u1ea1t ch\u00fang t\u00f4i t\u00ecm \u0111\u01b0\u1ee3c l\u00e0 \u0111\u01b0\u1edbc \u0111\u1ecf.<\/p>\n<p>Ch\u00fang t\u00f4i s\u1ebd thu th\u1eadp nh\u1eefng h\u1ea1t gi\u1ed1ng n\u00e0y v\u00e0 \u0111i \u0111\u1ebfn c\u00e1c \u0111i\u1ec3m m\u1edf trong v\u01b0\u1eddn qu\u1ed1c gia c\u1ea7n \u0111\u01b0\u1ee3c tr\u1ed3ng l\u1ea1i r\u1eebng. Ch\u00fang t\u00f4i s\u1ebd ch\u1ec9 cho b\u1ea1n c\u00e1ch tr\u1ed3ng r\u1eebng ng\u1eadp m\u1eb7n v\u00e0 gi\u1ea3i th\u00edch t\u1ea1i sao n\u00f3 l\u1ea1i quan tr\u1ecdng nh\u01b0 v\u1eady. Sau \u0111\u00f3, b\u1ea1n s\u1ebd c\u00f3 c\u01a1 h\u1ed9i t\u1ef1 m\u00ecnh tr\u1ed3ng r\u1eebng ng\u1eadp m\u1eb7n v\u00e0 t\u1eadn h\u01b0\u1edfng c\u1ea3m gi\u00e1c t\u1ed1t \u0111\u1eb9p b\u1eb1ng c\u00e1ch gi\u00fap \u0111\u1ee1 thi\u00ean nhi\u00ean. Chuy\u1ebfn tham quan n\u00e0y d\u00e0nh cho t\u1ea5t c\u1ea3 nh\u1eefng ai mu\u1ed1n t\u1eadn h\u01b0\u1edfng th\u1eddi gian trong thi\u00ean nhi\u00ean, h\u1ecdc h\u1ecfi nh\u1eefng \u0111i\u1ec1u m\u1edbi, g\u1eb7p g\u1ee1 nh\u1eefng ng\u01b0\u1eddi m\u1edbi v\u00e0 gi\u00fap \u00edch cho thi\u00ean nhi\u00ean.<\/p>\n<p>M\u1ed7i ng\u01b0\u1eddi c\u00f3 th\u1ec3 tr\u1ed3ng kho\u1ea3ng 50 c\u00e2y con. Ch\u00fang t\u00f4i \u0111ang tr\u1ed3ng trong m\u1ed9t khu v\u1ef1c \u1ee7 r\u0169, v\u00ec v\u1eady ch\u00fang t\u00f4i khuy\u00ean b\u1ea1n n\u00ean mang gi\u00e0y kh\u00f4ng th\u1ea5m n\u01b0\u1edbc.<br \/>\nKhi ho\u00e0n th\u00e0nh vi\u1ec7c tr\u1ed3ng r\u1eebng ng\u1eadp m\u1eb7n, ch\u00fang t\u00f4i ti\u1ebfp t\u1ee5c \u0111\u1ebfn hang \u0111\u1ed9ng n\u1ed5i ti\u1ebfng b\u01a1i trong l\u00e0n n\u01b0\u1edbc s\u1ea1ch \u0111\u1ec3 g\u1ed9t r\u1eeda t\u00e2m tr\u1ea1ng trong m\u1ed9t b\u00ed m\u1eadt c\u1ee7a hang \u0111\u1ed9ng v\u00e0 t\u00ecm hi\u1ec3u v\u1ec1 ngu\u1ed3n g\u1ed1c c\u1ee7a nh\u1eefng ng\u01b0\u1eddi Tainos \u0111\u00e3 s\u1ed1ng \u1edf \u0111\u00e2y 600 n\u0103m tr\u01b0\u1edbc.<\/p>\n<p>Tr\u00ean \u0111\u01b0\u1eddng tr\u1edf v\u1ec1, b\u1ea1n c\u00f3 th\u1ec3 nh\u00ecn th\u1ea5y t\u1eeb thuy\u1ec1n kayak nh\u1eefng lo\u00e0i chim \u0111\u1eb7c h\u1eefu, \u0111\u1ea3o h\u00ecnh th\u00e0nh \u0111\u00e1 v\u00f4i, hoa lan \u0111\u1eb7c h\u1eefu m\u00e0 b\u1ea1n ch\u1ec9 c\u00f3 th\u1ec3 nh\u00ecn th\u1ea5y \u1edf c\u00f4ng vi\u00ean Los Haitises v\u00e0 nh\u1eefng n\u01a1i kh\u00e1c. \u0110\u01b0\u1eddng v\u1ec1 m\u1ea5t kho\u1ea3ng 45 ph\u00fat v\u00e0 k\u1ebft th\u00fac t\u1ea1i c\u1ed5ng ch\u00ednh trong c\u00f4ng vi\u00ean n\u01a1i tr\u1ea3i nghi\u1ec7m b\u1eaft \u0111\u1ea7u. B\u0103ng qua r\u1eebng ng\u1eadp m\u1eb7n v\u00e0 \u0110\u1ea5t li\u1ec1n t\u1ea1i V\u1ecbnh San Lorenzo r\u1ed9ng m\u1edf, t\u1eeb \u0111\u00f3 b\u1ea1n c\u00f3 th\u1ec3 ch\u1ee5p \u1ea3nh phong c\u1ea3nh r\u1eebng r\u1eadm g\u1ed3 gh\u1ec1. Nh\u00ecn xu\u1ed1ng n\u01b0\u1edbc \u0111\u1ec3 ph\u00e1t hi\u1ec7n <em><strong>l\u1ee3n bi\u1ec3n<\/strong><\/em>, gi\u00e1p x\u00e1c v\u00e0 <em><strong>c\u00e1 heo.<\/strong><\/em><\/p>\n<p>&nbsp;<\/p>\n<h4><em><strong>B\u1ea1n n\u00ean mang theo nh\u1eefng g\u00ec?<\/strong><\/em><\/h4>\n<ul>\n<li style=\"font-weight: 400;\"><span style=\"font-weight: 400;\">M\u00e1y \u1ea3nh<\/span><\/li>\n<li style=\"font-weight: 400;\"><span style=\"font-weight: 400;\">ch\u1ed3i \u0111u\u1ed5i<\/span><\/li>\n<li style=\"font-weight: 400;\"><span style=\"font-weight: 400;\">kem ch\u1ed1ng n\u1eafng<\/span><\/li>\n<li style=\"font-weight: 400;\"><span style=\"font-weight: 400;\">m\u0169<\/span><\/li>\n<li style=\"font-weight: 400;\"><span style=\"font-weight: 400;\">qu\u1ea7n tho\u1ea3i m\u00e1i<\/span><\/li>\n<li style=\"font-weight: 400;\"><span style=\"font-weight: 400;\">D\u00e9p ho\u1eb7c Gi\u00e0y cho nh\u1eefng khu v\u1ef1c l\u1ea7y l\u1ed9i.\u00a0<\/span><\/li>\n<li style=\"font-weight: 400;\"><span style=\"font-weight: 400;\">\u0111\u1ed3 b\u01a1i<\/span><\/li>\n<\/ul>\n<p>&nbsp;<\/p>\n<h4><b><i>\u0110\u00f3n kh\u00e1ch s\u1ea1n <\/i><\/b><\/h4>\n<p><span style=\"font-weight: 400;\">\u0110\u00f3n kh\u00e1ch s\u1ea1n kh\u00f4ng \u0111\u01b0\u1ee3c cung c\u1ea5p cho tour du l\u1ecbch n\u00e0y. <\/span><\/p>\n<p>&nbsp;<\/p>\n<p><b>Ghi ch\u00fa:<\/b><span style=\"font-weight: 400;\"> n\u1ebfu b\u1ea1n \u0111\u1eb7t ch\u1ed7 trong v\u00f2ng 24 gi\u1edd k\u1ec3 t\u1eeb gi\u1edd kh\u1edfi h\u00e0nh chuy\u1ebfn tham quan\/Chuy\u1ebfn tham quan, ch\u00fang t\u00f4i c\u00f3 th\u1ec3 s\u1eafp x\u1ebfp d\u1ecbch v\u1ee5 \u0111\u00f3n kh\u00e1ch t\u1ea1i kh\u00e1ch s\u1ea1n v\u1edbi m\u1ed9t kho\u1ea3n ph\u1ee5 ph\u00ed. Sau khi giao d\u1ecbch mua c\u1ee7a b\u1ea1n ho\u00e0n t\u1ea5t, ch\u00fang t\u00f4i s\u1ebd g\u1eedi cho b\u1ea1n th\u00f4ng tin li\u00ean h\u1ec7 \u0111\u1ea7y \u0111\u1ee7 (s\u1ed1 \u0111i\u1ec7n tho\u1ea1i, \u0111\u1ecba ch\u1ec9 email, v.v.) \u0111\u1ec3 H\u01b0\u1edbng d\u1eabn vi\u00ean du l\u1ecbch \u0111\u1ecba ph\u01b0\u01a1ng c\u1ee7a ch\u00fang t\u00f4i s\u1eafp x\u1ebfp vi\u1ec7c \u0111\u00f3n kh\u00e1ch.<\/span><\/p>\n<h4><b><i>X\u00e1c nh\u1eadn th\u00f4ng tin b\u1ed5 sung <\/i><\/b><\/h4>\n<ol>\n<li>V\u00e9 l\u00e0 Bi\u00ean lai sau khi thanh to\u00e1n Tour n\u00e0y. B\u1ea1n c\u00f3 th\u1ec3 hi\u1ec3n th\u1ecb thanh to\u00e1n tr\u00ean \u0111i\u1ec7n tho\u1ea1i c\u1ee7a m\u00ecnh.<\/li>\n<li style=\"font-weight: 400;\"><span style=\"font-weight: 400;\">\u0110i\u1ec3m h\u1eb9n s\u1ebd nh\u1eadn \u0111\u01b0\u1ee3c sau qu\u00e1 tr\u00ecnh \u0111\u1eb7t ch\u1ed7.<\/span><\/li>\n<li style=\"font-weight: 400;\"><span style=\"font-weight: 400;\">Tr\u1ebb em ph\u1ea3i \u0111i c\u00f9ng ng\u01b0\u1eddi l\u1edbn.<\/span><\/li>\n<li style=\"font-weight: 400;\"><span style=\"font-weight: 400;\"> Kh\u00f4ng th\u1ec3 s\u1eed d\u1ee5ng xe l\u0103n <\/span><\/li>\n<li style=\"font-weight: 400;\"><span style=\"font-weight: 400;\">Tr\u1ebb s\u01a1 sinh ph\u1ea3i ng\u1ed3i tr\u00ean \u0111\u00f9i <\/span><\/li>\n<li style=\"font-weight: 400;\"><span style=\"font-weight: 400;\">Kh\u00f4ng n\u00ean d\u00f9ng cho du kh\u00e1ch c\u00f3 v\u1ea5n \u0111\u1ec1 v\u1ec1 l\u01b0ng<\/span><\/li>\n<li style=\"font-weight: 400;\"><span style=\"font-weight: 400;\">Kh\u00f4ng n\u00ean d\u00f9ng cho du kh\u00e1ch mang thai <\/span><\/li>\n<li style=\"font-weight: 400;\"><span style=\"font-weight: 400;\"> Kh\u00f4ng c\u00f3 v\u1ea5n \u0111\u1ec1 v\u1ec1 tim ho\u1eb7c c\u00e1c t\u00ecnh tr\u1ea1ng y t\u1ebf nghi\u00eam tr\u1ecdng kh\u00e1c <\/span><\/li>\n<li style=\"font-weight: 400;\"><span style=\"font-weight: 400;\">H\u1ea7u h\u1ebft du kh\u00e1ch c\u00f3 th\u1ec3 tham gia<\/span><\/li>\n<\/ol>\n<h4><b><i>Ch\u00ednh s\u00e1ch h\u1ee7y<\/i><\/b><\/h4>\n<p>\u0110\u1ec3 \u0111\u01b0\u1ee3c ho\u00e0n ti\u1ec1n \u0111\u1ea7y \u0111\u1ee7, vui l\u00f2ng \u0111\u1ecdc ch\u00ednh s\u00e1ch H\u1ee7y c\u1ee7a ch\u00fang t\u00f4i\u00a0<a href=\"https:\/\/www.boattoursamana.com\/vi\/dat-phong-truc-tuyen\/\" target=\"_blank\" rel=\"noopener\" data-saferedirecturl=\"https:\/\/www.google.com\/url?q=https:\/\/www.boattoursamana.com\/online-booking\/&amp;source=gmail&amp;ust=1672449202351000&amp;usg=AOvVaw1yAeVAPktmaVCqDujgUn90\">B\u1ea5m v\u00e0o \u0111\u00e2y<\/a>. Ti\u1ec1n s\u1ebd b\u1ecb m\u1ea5t n\u1ebfu \u0111\u1eb7t ch\u1ed7 b\u1ecb h\u1ee7y trong c\u00f9ng ng\u00e0y c\u1ee7a chuy\u1ebfn \u0111i.<\/p>\n\n\t\t<\/div>\n\t<\/div>\n<\/div><\/div><\/div><\/div><div class=\"vc_row wpb_row vc_row-fluid\" ><div class=\"wpb_column vc_column_container vc_col-sm-12\"><div class=\"vc_column-inner\"><div class=\"wpb_wrapper\"><div class=\"vc_empty_space\"   style=\"height: 32px\"><span class=\"vc_empty_space_inner\"><\/span><\/div>\n\t<div class=\"wpb_text_column wpb_content_element\" >\n\t\t<div class=\"wpb_wrapper\">\n\t\t\t<h4>Li\u00ean h\u1ec7 ch\u00fang t\u00f4i?<\/h4>\n<h5>\u0111\u1eb7t ph\u00f2ng phi\u00eau l\u01b0u<\/h5>\n<p><em><strong>ng\u01b0\u1eddi d\u00e2n \u0111\u1ecba ph\u01b0\u01a1ng<\/strong>\u00a0v\u00e0\u00a0<strong>c\u00f4ng d\u00e2n<\/strong>\u00a0H\u01b0\u1edbng d\u1eabn vi\u00ean du l\u1ecbch &amp; D\u1ecbch v\u1ee5 kh\u00e1ch<\/em><\/p>\n<p><span class=\"text-turquoise\">\u0111\u1eb7t ph\u00f2ng:<\/span>\u00a0Chuy\u1ebfn tham quan &amp; du ngo\u1ea1n t\u1ea1i Dom. Tr\u1ea3 l\u1eddi.<\/p>\n<p><img decoding=\"async\" class=\"emoji\" draggable=\"false\" src=\"https:\/\/s.w.org\/images\/core\/emoji\/11.2.0\/svg\/1f4de.svg\" alt=\"\ud83d\udcde\" title=\"\">\u00a0\u0110i\u1ec7n tho\u1ea1i \/ Whatsapp\u00a0\u00a0<a href=\"tel:+1-809-720-6035\">+1-809-720-6035<\/a>.<\/p>\n<p><img decoding=\"async\" class=\"emoji\" draggable=\"false\" src=\"https:\/\/s.w.org\/images\/core\/emoji\/11.2.0\/svg\/1f4e9.svg\" alt=\"\ud83d\udce9\" title=\"\">\u00a0<a href=\"mailto:info@bookingadventures.com.do\">info@bookingadventures.com.do<\/a><\/p>\n<p><strong>Ch\u00fang t\u00f4i \u0111ang thi\u1ebft l\u1eadp linh ho\u1ea1t c\u00e1c chuy\u1ebfn tham quan ri\u00eang t\u01b0 b\u1eb1ng Whatsapp:\u00a0<a href=\"tel:+18097206035\">+18097206035.<\/a><\/strong><\/p>\n\n\t\t<\/div>\n\t<\/div>\n<div class=\"vc_empty_space\"   style=\"height: 32px\"><span class=\"vc_empty_space_inner\"><\/span><\/div><\/div><\/div><\/div><\/div><div class=\"vc_row wpb_row vc_row-fluid\" ><div class=\"wpb_column vc_column_container vc_col-sm-12\"><div class=\"vc_column-inner\"><div class=\"wpb_wrapper\">\n\t<div class=\"wpb_video_widget wpb_content_element vc_clearfix   vc_video-aspect-ratio-169 vc_video-el-width-100 vc_video-align-left\" >\n\t\t<div class=\"wpb_wrapper\">\n\t\t\t<h2 class=\"wpb_heading wpb_video_heading\">Ch\u00e8o thuy\u1ec1n kayak &amp; R\u1eebng ng\u1eadp m\u1eb7n<\/h2>\n\t\t\t<div class=\"wpb_video_wrapper\"><iframe loading=\"lazy\" title=\"Tour ch\u00e8o thuy\u1ec1n kayak v\u00e0 kh\u00e1m ph\u00e1 hang \u0111\u1ed9ng \u1edf C\u00f4ng vi\u00ean qu\u1ed1c gia Los Haitises, C\u1ed9ng h\u00f2a Dominica\" width=\"1100\" height=\"619\" src=\"https:\/\/www.youtube.com\/embed\/ucU1uwB57wQ?feature=oembed\" frameborder=\"0\" allow=\"accelerometer; autoplay; clipboard-write; encrypted-media; gyroscope; picture-in-picture; web-share\" allowfullscreen><\/iframe><\/div>\n\t\t<\/div>\n\t<\/div>\n<\/div><\/div><\/div><\/div><div class=\"vc_row wpb_row vc_row-fluid\" ><div class=\"wpb_column vc_column_container vc_col-sm-12\"><div class=\"vc_column-inner\"><div class=\"wpb_wrapper\"><div class=\"vc_btn3-container vc_btn3-inline\" ><button class=\"vc_general vc_btn3 vc_btn3-size-md vc_btn3-shape-rounded vc_btn3-style-modern vc_btn3-color-green\">\u0110\u0102\u0323T B\u00c2Y GI\u1edc<\/button><\/div><\/div><\/div><\/div><\/div>","protected":false},"excerpt":{"rendered":"<div>C\u01a1 h\u1ed9i t\u1ed1t \u0111\u1ec3 gi\u00fap Thi\u00ean nhi\u00ean v\u00e0 t\u1eadn h\u01b0\u1edfng v\u1ebb \u0111\u1eb9p c\u1ee7a C\u00f4ng vi\u00ean Qu\u1ed1c gia Los Haitises tr\u00ean nh\u1eefng chi\u1ebfc thuy\u1ec1n Kayak. 50 c\u00e2y gi\u1ed1ng t\u1eb7ng cho r\u1eebng ng\u1eadp m\u1eb7n s\u1ebd l\u00e0 m\u1ed9t ph\u1ea7n trong chuy\u1ebfn th\u0103m c\u1ee7a b\u1ea1n tr\u00ean thuy\u1ec1n Kayak c\u1ed9ng v\u1edbi H\u01b0\u1edbng d\u1eabn vi\u00ean \u0111\u01b0\u1ee3c \u0111\u00e0o t\u1ea1o c\u1ee7a ng\u01b0\u1eddi d\u00e2n \u0111\u1ecba ph\u01b0\u01a1ng \u0111\u1ec3 gi\u1ea3i th\u00edch v\u1ec1 \u0110\u1ed9ng th\u1ef1c v\u1eadt. N\u1ebfu b\u1ea1n kh\u00f4ng th\u00edch ch\u00e8o thuy\u1ec1n kayak, ho\u1ea1t \u0111\u1ed9ng n\u00e0y c\u00f3 t\u00f9y ch\u1ecdn thuy\u1ec1n.<\/div>\n<div><\/div>\n<div>Ch\u1ecdn ng\u00e0y cho Tour:<\/div>","protected":false},"featured_media":12272,"template":"","meta":[],"product_cat":[218,946,838,929,254,255],"product_tag":[176,211,192,319,208,206,207,171,209,426,837,327,175,199,200],"class_list":["post-11655","product","type-product","status-publish","has-post-thumbnail","hentry","product_cat-kayaking","product_cat-1-sabana-de-la-mar","product_cat-mangroves-projects","product_cat-mangroves-reforestation-los-haitises","product_cat-tours-excursions-los-haitises-national-park","product_cat-tours-excursions-samana-bay-dominican-republic","product_tag-cano-hondo","product_tag-cano-hondo-hotel","product_tag-day-tour-cano-hondo","product_tag-kayak-dominican-republic","product_tag-kayaking-dominican-republic","product_tag-kayaking-los-haitises","product_tag-kayaks","product_tag-los-haitises","product_tag-los-haitises-national-park","product_tag-los-haitises-tours","product_tag-mangroves-reforestation-in-los-haitises-with-locals","product_tag-private-tours-samana","product_tag-sabana-de-la-mar","product_tag-samana-bay","product_tag-samana-excursions"],"_links":{"self":[{"href":"https:\/\/www.boattoursamana.com\/vi\/wp-json\/wp\/v2\/product\/11655","targetHints":{"allow":["GET"]}}],"collection":[{"href":"https:\/\/www.boattoursamana.com\/vi\/wp-json\/wp\/v2\/product"}],"about":[{"href":"https:\/\/www.boattoursamana.com\/vi\/wp-json\/wp\/v2\/types\/product"}],"wp:featuredmedia":[{"embeddable":true,"href":"https:\/\/www.boattoursamana.com\/vi\/wp-json\/wp\/v2\/media\/12272"}],"wp:attachment":[{"href":"https:\/\/www.boattoursamana.com\/vi\/wp-json\/wp\/v2\/media?parent=11655"}],"wp:term":[{"taxonomy":"product_cat","embeddable":true,"href":"https:\/\/www.boattoursamana.com\/vi\/wp-json\/wp\/v2\/product_cat?post=11655"},{"taxonomy":"product_tag","embeddable":true,"href":"https:\/\/www.boattoursamana.com\/vi\/wp-json\/wp\/v2\/product_tag?post=11655"}],"curies":[{"name":"wp","href":"https:\/\/api.w.org\/{rel}","templated":true}]}}