{"id":11676,"date":"2020-11-12T13:34:41","date_gmt":"2020-11-12T13:34:41","guid":{"rendered":"https:\/\/www.ticketswhales.com\/?post_type=product&#038;p=11676"},"modified":"2023-11-07T21:31:56","modified_gmt":"2023-11-07T21:31:56","slug":"snorkel-cayo-levantado-and-farola-island-snorkeling","status":"publish","type":"product","link":"https:\/\/www.boattoursamana.com\/vi\/chuyen-du-lich\/lan-ong-tho-cayo-levantado-va-lan-ong-tho-o-dao-farola","title":{"rendered":"L\u1eb7n \u1ed1ng th\u1edf Cayo Levantado v\u00e0 \u0111\u1ea3o Farola L\u1eb7n \u1ed1ng th\u1edf"},"content":{"rendered":"<div class=\"vc_row wpb_row vc_row-fluid\" ><div class=\"wpb_column vc_column_container vc_col-sm-12\"><div class=\"vc_column-inner\"><div class=\"wpb_wrapper\"><div class=\"vc_empty_space\"   style=\"height: 32px\"><span class=\"vc_empty_space_inner\"><\/span><\/div><div class=\"mkdf-section-title-holder\" style=\"text-align: left\">\n\t<div class=\"mkdf-st-inner\">\n\t\t\t\t\t<h5 class=\"mkdf-st-subtitle\" >\n\t\t\t\tTour ri\u00eang t\u1eeb c\u1ea3ng Saman\u00e1\t\t\t<\/h5>\n\t\t\t\t\t\t\t<h3 class=\"mkdf-st-title\" >\n\t\t\t\tL\u1eb7n \u1ed1ng th\u1edf Cayo Levantado v\u00e0 \u0111\u1ea3o Farola L\u1eb7n \u1ed1ng th\u1edf\t\t\t<\/h3>\n\t\t\t\t\t<\/div>\n<\/div><div class=\"vc_empty_space\"   style=\"height: 32px\"><span class=\"vc_empty_space_inner\"><\/span><\/div><\/div><\/div><\/div><\/div><div class=\"vc_row wpb_row vc_row-fluid\" ><div class=\"wpb_column vc_column_container vc_col-sm-12\"><div class=\"vc_column-inner\"><div class=\"wpb_wrapper\"><div class=\"vc_btn3-container vc_btn3-inline\" ><button class=\"vc_general vc_btn3 vc_btn3-size-md vc_btn3-shape-rounded vc_btn3-style-modern vc_btn3-color-green\">\u0110\u0102\u0323T B\u00c2Y GI\u1edc<\/button><\/div>\n\t<div class=\"wpb_text_column wpb_content_element\" >\n\t\t<div class=\"wpb_wrapper\">\n\t\t\t<div class=\"vc_row wpb_row vc_row-fluid\">\n<div class=\"wpb_column vc_column_container vc_col-sm-12\">\n<div class=\"vc_column-inner\">\n<div class=\"wpb_wrapper\">\n<div class=\"wpb_text_column wpb_content_element\">\n<div class=\"wpb_wrapper\">\n<div class=\"vc_row wpb_row vc_row-fluid\">\n<div class=\"wpb_column vc_column_container vc_col-sm-12\">\n<div class=\"vc_column-inner\">\n<div class=\"wpb_wrapper\">\n<div class=\"wpb_text_column wpb_content_element\">\n<div class=\"wpb_wrapper\">\n<h4><b><i>T\u1ed5ng quan<\/i><\/b><\/h4>\n<p>Ch\u00fang t\u00f4i s\u1ebd tham quan \u0111\u1ea3o Cayo Levantado v\u00e0 Farola, l\u00e0 nh\u1eefng h\u00f2n \u0111\u1ea3o nh\u1ecf \u0111\u1eb7c bi\u1ec7t \u1edf v\u1ecbnh Samana, n\u01a1i sinh s\u1ed1ng c\u1ee7a c\u00e1c sinh v\u1eadt bi\u1ec3n phi th\u01b0\u1eddng - bao g\u1ed3m r\u00f9a, c\u00e1 voi l\u01b0ng g\u00f9, t\u00f4m h\u00f9m v\u00e0 c\u00e1 heo!<\/p>\n<p><strong>Ghi ch\u00fa:<\/strong> Chuy\u1ebfn tham quan n\u00e0y l\u00e0 Ri\u00eang t\u01b0. (Ch\u1ec9 c\u00f3 b\u1ea1n v\u00e0 gia \u0111\u00ecnh ho\u1eb7c b\u1ea1n b\u00e8 v\u00e0 H\u01b0\u1edbng d\u1eabn vi\u00ean).<\/p>\n<p>&nbsp;<\/p>\n<h4><b>Bao g\u1ed3m &amp; Lo\u1ea1i tr\u1eeb<\/b><\/h4>\n<p>&nbsp;<\/p>\n<p><b>bao g\u1ed3m<\/b><\/p>\n<p>&nbsp;<\/p>\n<ol>\n<li>H\u01b0\u1edbng d\u1eabn vi\u00ean du l\u1ecbch<\/li>\n<li>\u0110i thuy\u1ec1n<\/li>\n<li>\u00c1o phao<\/li>\n<li>b\u1ed9 d\u1ee5ng c\u1ee5 l\u1eb7n bi\u1ec3n<\/li>\n<li>T\u1ea5t c\u1ea3 c\u00e1c lo\u1ea1i thu\u1ebf, ph\u00ed v\u00e0 l\u1ec7 ph\u00ed x\u1eed l\u00fd<\/li>\n<li>Thu\u1ebf \u0111\u1ecba ph\u01b0\u01a1ng<\/li>\n<li>\u0110\u1ed3 u\u1ed1ng (Chai n\u01b0\u1edbc m\u1ed7i ng\u01b0\u1eddi)<\/li>\n<\/ol>\n<p><b>lo\u1ea1i tr\u1eeb<\/b><\/p>\n<ol>\n<li>ti\u1ec1n th\u01b0\u1edfng<\/li>\n<li>\u0102n tr\u01b0a (Ph\u1ee5 ph\u00ed 15 USD) m\u1ed7i ng\u01b0\u1eddi.<\/li>\n<li>\u0102n tr\u01b0a v\u1edbi t\u00f4m h\u00f9m (Ph\u1ee5 ph\u00ed 25 USD)\/ng\u01b0\u1eddi.<\/li>\n<li>chuy\u1ec3n xe<\/li>\n<li>\u0110\u1ed3 u\u1ed1ng c\u00f3 c\u1ed3n<\/li>\n<\/ol>\n<p>&nbsp;<\/p>\n<h4><em><strong>Kh\u1edfi h\u00e0nh &amp; Tr\u1edf v\u1ec1<\/strong><\/em><\/h4>\n<p>Chuy\u1ebfn \u0111i n\u00e0y b\u1eaft \u0111\u1ea7u l\u00fac 8:03 s\u00e1ng v\u00e0 k\u1ebft th\u00fac v\u00e0o kho\u1ea3ng 12:15 chi\u1ec1u. Nh\u01b0ng v\u00ec \u0111\u00e2y l\u00e0 chuy\u1ebfn \u0111i ri\u00eang n\u00ean b\u1ea1n c\u00f3 th\u1ec3 \u0111\u1eb7t th\u1eddi gian b\u1eaft \u0111\u1ea7u v\u00e0 k\u1ebft th\u00fac.<\/p>\n<p>Kh\u00e1ch du l\u1ecbch s\u1ebd nh\u1eadn \u0111\u01b0\u1ee3c m\u1ed9t \u0111i\u1ec3m g\u1eb7p g\u1ee1 sau Quy tr\u00ecnh \u0111\u1eb7t ch\u1ed7. C\u00e1c chuy\u1ebfn tham quan b\u1eaft \u0111\u1ea7u v\u00e0 k\u1ebft th\u00fac t\u1ea1i c\u00e1c \u0111i\u1ec3m g\u1eb7p g\u1ee1 c\u1ee7a ch\u00fang t\u00f4i.<\/p>\n<p>&nbsp;<\/p>\n<h4><b><i>Mong \u0111\u1ee3i \u0111i\u1ec1u g\u00ec?<\/i><\/b><\/h4>\n<p>Chuy\u1ebfn tham quan l\u1eb7n v\u1edbi \u1ed1ng th\u1edf v\u1edbi H\u01b0\u1edbng d\u1eabn vi\u00ean chuy\u00ean nghi\u1ec7p \u0111\u1ec3 t\u1eadn h\u01b0\u1edfng \u0111\u1eddi s\u1ed1ng hoang d\u00e3 bi\u1ec3n t\u1eeb tr\u00ean m\u1eb7t n\u01b0\u1edbc, v\u1edbi v\u00e2y v\u00e0 m\u1eb7t n\u1ea1; Ch\u00fang ta s\u1ebd kh\u00e1m ph\u00e1 h\u00f2n \u0111\u1ea3o thi\u00ean \u0111\u01b0\u1eddng Cayo Levantado, l\u1eb7n v\u1edbi \u1ed1ng th\u1edf \u1edf hai \u0111\u1ecba \u0111i\u1ec3m kh\u00e1c nhau trong su\u1ed1t h\u00e0nh tr\u00ecnh v\u00e0 t\u1eadn h\u01b0\u1edfng b\u00e3i bi\u1ec3n h\u1ea5p d\u1eabn kh\u00f4ng c\u00f3 ph\u01b0\u01a1ng ti\u1ec7n \u0111i l\u1ea1i n\u00e0y (Th\u1eddi l\u01b0\u1ee3ng 4 gi\u1edd).<\/p>\n<p>Ch\u00fang t\u00f4i s\u1ebd kh\u1edfi h\u00e0nh t\u1eeb \u0111i\u1ec3m t\u1eadp trung \u1edf C\u1ea3ng ch\u00ednh Samana l\u00fac 8:30 s\u00e1ng, sau 25 ph\u00fat \u0111i\u1ec1u h\u01b0\u1edbng, ch\u00fang t\u00f4i s\u1ebd \u0111\u1ebfn \u0111i\u1ec3m l\u1eb7n \u0111\u1ea7u ti\u00ean c\u00f3 t\u00ean l\u00e0 Cayo Farola, ch\u00fang t\u00f4i s\u1ebd l\u1eb7n trong 45 ph\u00fat v\u00e0 ti\u1ebfp t\u1ee5c \u0111\u1ebfn b\u00e3i bi\u1ec3n Cayo Levantado, n\u01a1i ch\u00fang t\u00f4i c\u00f3 th\u1ec3 b\u01a1i . , l\u1eb7n v\u1edbi \u1ed1ng th\u1edf nhi\u1ec1u h\u01a1n m\u1ed9t ch\u00fat ho\u1eb7c ch\u1ec9 t\u1eadn h\u01b0\u1edfng b\u00e3i bi\u1ec3n tuy\u1ec7t v\u1eddi n\u00e0y.<\/p>\n<p>Ch\u00fang t\u00f4i s\u1ebd th\u01b0\u1edfng th\u1ee9c b\u00e1nh sandwich, r\u01b0\u1ee3u rum, n\u01b0\u1edbc ng\u1ecdt v\u00e0 n\u01b0\u1edbc v\u00e0 l\u00fac 12 gi\u1edd trong ng\u00e0y, ch\u00fang t\u00f4i s\u1ebd quay tr\u1edf l\u1ea1i c\u1ea3ng Samana ho\u1eb7c \u1edf l\u1ea1i Cayo levantado. Sau \u0111\u00f3, ch\u00fang t\u00f4i s\u1ebd tr\u1edf l\u1ea1i \u0111i\u1ec3m xu\u1ea5t ph\u00e1t. Nh\u1eefng \u0111i\u1ec1u kh\u00e1c c\u1ea7n l\u01b0u \u00fd t\u1ea5t c\u1ea3 c\u00e1c chuy\u1ebfn du ngo\u1ea1n \u0111\u01b0\u1ee3c th\u1ef1c hi\u1ec7n b\u1eb1ng thuy\u1ec1n.<\/p>\n<p><strong>Th\u1eddi gian bi\u1ec3u:<\/strong><\/p>\n<p>8:30 s\u00e1ng \u2013 12:15 chi\u1ec1u<\/p>\n<p>&nbsp;<\/p>\n<h4><em><strong>B\u1ea1n n\u00ean mang theo nh\u1eefng g\u00ec?<\/strong><\/em><\/h4>\n<ul>\n<li>M\u00e1y \u1ea3nh<\/li>\n<li>C\u00e1i kh\u0103n lau<\/li>\n<li>b\u1ea3o v\u1ec7 kh\u1ecfi \u00e1nh n\u1eafng m\u1eb7t tr\u1eddi<\/li>\n<li>m\u0169<\/li>\n<li>Qu\u1ea7n v\u00e0 gi\u00e0y tho\u1ea3i m\u00e1i<\/li>\n<li>Sandal \u0111i bi\u1ec3n<\/li>\n<li>\u0111\u1ed3 b\u01a1i<\/li>\n<li>Ti\u1ec1n m\u1eb7t cho qu\u00e0 l\u01b0u ni\u1ec7m<\/li>\n<\/ul>\n<p>&nbsp;<\/p>\n<h4><b><i>\u0110\u00f3n kh\u00e1ch s\u1ea1n<\/i><\/b><\/h4>\n<p>\u0110\u00f3n kh\u00e1ch s\u1ea1n kh\u00f4ng \u0111\u01b0\u1ee3c cung c\u1ea5p cho tour du l\u1ecbch n\u00e0y.<\/p>\n<p>&nbsp;<\/p>\n<p><b>Ghi ch\u00fa:<\/b>\u00a0n\u1ebfu b\u1ea1n \u0111\u1eb7t ch\u1ed7 trong v\u00f2ng 24 gi\u1edd k\u1ec3 t\u1eeb gi\u1edd kh\u1edfi h\u00e0nh chuy\u1ebfn tham quan\/Chuy\u1ebfn tham quan, ch\u00fang t\u00f4i c\u00f3 th\u1ec3 s\u1eafp x\u1ebfp d\u1ecbch v\u1ee5 \u0111\u00f3n kh\u00e1ch t\u1ea1i kh\u00e1ch s\u1ea1n v\u1edbi m\u1ed9t kho\u1ea3n ph\u1ee5 ph\u00ed. Sau khi giao d\u1ecbch mua c\u1ee7a b\u1ea1n ho\u00e0n t\u1ea5t, ch\u00fang t\u00f4i s\u1ebd g\u1eedi cho b\u1ea1n th\u00f4ng tin li\u00ean h\u1ec7 \u0111\u1ea7y \u0111\u1ee7 (s\u1ed1 \u0111i\u1ec7n tho\u1ea1i, \u0111\u1ecba ch\u1ec9 email, v.v.) \u0111\u1ec3 H\u01b0\u1edbng d\u1eabn vi\u00ean du l\u1ecbch \u0111\u1ecba ph\u01b0\u01a1ng c\u1ee7a ch\u00fang t\u00f4i s\u1eafp x\u1ebfp vi\u1ec7c \u0111\u00f3n kh\u00e1ch.<\/p>\n<h4><b><i>X\u00e1c nh\u1eadn th\u00f4ng tin b\u1ed5 sung<\/i><\/b><\/h4>\n<ol>\n<li>V\u00e9 l\u00e0 Bi\u00ean lai sau khi thanh to\u00e1n Tour n\u00e0y. B\u1ea1n c\u00f3 th\u1ec3 hi\u1ec3n th\u1ecb thanh to\u00e1n tr\u00ean \u0111i\u1ec7n tho\u1ea1i c\u1ee7a m\u00ecnh.<\/li>\n<li>\u0110i\u1ec3m h\u1eb9n s\u1ebd nh\u1eadn \u0111\u01b0\u1ee3c sau qu\u00e1 tr\u00ecnh \u0111\u1eb7t ch\u1ed7.<\/li>\n<li>Tr\u1ebb em ph\u1ea3i \u0111i c\u00f9ng ng\u01b0\u1eddi l\u1edbn.<\/li>\n<li>Xe l\u0103n cho ng\u01b0\u1eddi khuy\u1ebft<\/li>\n<li>Tr\u1ebb s\u01a1 sinh ph\u1ea3i ng\u1ed3i tr\u00ean \u0111\u00f9i<\/li>\n<li>H\u1ea7u h\u1ebft du kh\u00e1ch c\u00f3 th\u1ec3 tham gia<\/li>\n<\/ol>\n<h4><b><i>Ch\u00ednh s\u00e1ch h\u1ee7y<\/i><\/b><\/h4>\n<p>\u0110\u1ec3 \u0111\u01b0\u1ee3c ho\u00e0n ti\u1ec1n \u0111\u1ea7y \u0111\u1ee7, vui l\u00f2ng \u0111\u1ecdc ch\u00ednh s\u00e1ch H\u1ee7y c\u1ee7a ch\u00fang t\u00f4i\u00a0<a href=\"https:\/\/www.boattoursamana.com\/vi\/dat-phong-truc-tuyen\/\" target=\"_blank\" rel=\"noopener\" data-saferedirecturl=\"https:\/\/www.google.com\/url?q=https:\/\/www.boattoursamana.com\/online-booking\/&amp;source=gmail&amp;ust=1672449202351000&amp;usg=AOvVaw1yAeVAPktmaVCqDujgUn90\">B\u1ea5m v\u00e0o \u0111\u00e2y<\/a>. Ti\u1ec1n s\u1ebd b\u1ecb m\u1ea5t n\u1ebfu \u0111\u1eb7t ch\u1ed7 b\u1ecb h\u1ee7y trong c\u00f9ng ng\u00e0y c\u1ee7a chuy\u1ebfn \u0111i.<\/p>\n<\/div>\n<\/div>\n<\/div>\n<\/div>\n<\/div>\n<\/div>\n<\/div>\n<\/div>\n<\/div>\n<\/div>\n<\/div>\n<\/div>\n<div class=\"vc_row wpb_row vc_row-fluid\">\n<div class=\"wpb_column vc_column_container vc_col-sm-12\">\n<div class=\"vc_column-inner\">\n<div class=\"wpb_wrapper\">\n<div class=\"wpb_text_column wpb_content_element\">\n<div class=\"wpb_wrapper\">\n<h4>Li\u00ean h\u1ec7 ch\u00fang t\u00f4i?<\/h4>\n<h5><b><i>\u0111\u1eb7t ph\u00f2ng phi\u00eau l\u01b0u<\/i><\/b><\/h5>\n<p><em><strong>ng\u01b0\u1eddi d\u00e2n \u0111\u1ecba ph\u01b0\u01a1ng<\/strong>\u00a0v\u00e0\u00a0<strong>c\u00f4ng d\u00e2n<\/strong>\u00a0H\u01b0\u1edbng d\u1eabn vi\u00ean du l\u1ecbch &amp; D\u1ecbch v\u1ee5 kh\u00e1ch<\/em><\/p>\n<p><span class=\"text-turquoise\">\u0111\u1eb7t ph\u00f2ng:<\/span>\u00a0Chuy\u1ebfn tham quan &amp; du ngo\u1ea1n t\u1ea1i Dom. Tr\u1ea3 l\u1eddi.<\/p>\n<p><img decoding=\"async\" class=\"emoji\" draggable=\"false\" src=\"https:\/\/s.w.org\/images\/core\/emoji\/11.2.0\/svg\/1f4de.svg\" alt=\"\ud83d\udcde\" title=\"\">\u00a0\u0110i\u1ec7n tho\u1ea1i \/ Whatsapp\u00a0\u00a0<a href=\"tel:+1-809-720-6035\">+1-809-720-6035<\/a>.<\/p>\n<p><img decoding=\"async\" class=\"emoji\" draggable=\"false\" src=\"https:\/\/s.w.org\/images\/core\/emoji\/11.2.0\/svg\/1f4e9.svg\" alt=\"\ud83d\udce9\" title=\"\">\u00a0<a href=\"mailto:info@bookingadventures.com.do\">info@bookingadventures.com.do<\/a><\/p>\n<p><strong>Ch\u00fang t\u00f4i \u0111ang thi\u1ebft l\u1eadp linh ho\u1ea1t c\u00e1c chuy\u1ebfn tham quan ri\u00eang t\u01b0 b\u1eb1ng Whatsapp:\u00a0<a href=\"tel:+18097206035\">+18097206035.<\/a><\/strong><\/p>\n<\/div>\n<\/div>\n<\/div>\n<\/div>\n<\/div>\n<\/div>\n\n\t\t<\/div>\n\t<\/div>\n<\/div><\/div><\/div><\/div><div class=\"vc_row wpb_row vc_row-fluid\" ><div class=\"wpb_column vc_column_container vc_col-sm-12\"><div class=\"vc_column-inner\"><div class=\"wpb_wrapper\"><div class=\"vc_btn3-container vc_btn3-inline\" ><button class=\"vc_general vc_btn3 vc_btn3-size-md vc_btn3-shape-rounded vc_btn3-style-modern vc_btn3-color-green\">\u0110\u0102\u0323T B\u00c2Y GI\u1edc<\/button><\/div><\/div><\/div><\/div><\/div>","protected":false},"excerpt":{"rendered":"<p>Ch\u00fang ta s\u1ebd tham quan \u0111\u1ea3o Cayo Levantado v\u00e0 Cayo Farola, ch\u00fang l\u00e0 nh\u1eefng h\u00f2n \u0111\u1ea3o nh\u1ecf \u0111\u1eb7c bi\u1ec7t trong v\u1ecbnh Samana, n\u01a1i sinh s\u1ed1ng c\u1ee7a c\u00e1c sinh v\u1eadt bi\u1ec3n \u0111\u1eb7c bi\u1ec7t, bao g\u1ed3m r\u00f9a, c\u00e1 voi l\u01b0ng g\u00f9, t\u00f4m h\u00f9m v\u00e0 c\u00e1 heo!<\/p>\n<p>L\u01b0u \u00fd: Chuy\u1ebfn tham quan n\u00e0y l\u00e0 ri\u00eang t\u01b0!<\/p>\n<p>Ch\u1ecdn ng\u00e0y \u0111i tour:<\/p>","protected":false},"featured_media":11683,"template":"","meta":[],"product_cat":[255,655],"product_tag":[184,328,327,187,342,433,276],"class_list":["post-11676","product","type-product","status-publish","has-post-thumbnail","hentry","product_cat-tours-excursions-samana-bay-dominican-republic","product_cat-1-samana","product_tag-bacardi-island","product_tag-cayo-levantado-day-pass","product_tag-private-tours-samana","product_tag-samana-tours","product_tag-samana-whale-watching","product_tag-snorkeling","product_tag-whale-samana"],"_links":{"self":[{"href":"https:\/\/www.boattoursamana.com\/vi\/wp-json\/wp\/v2\/product\/11676","targetHints":{"allow":["GET"]}}],"collection":[{"href":"https:\/\/www.boattoursamana.com\/vi\/wp-json\/wp\/v2\/product"}],"about":[{"href":"https:\/\/www.boattoursamana.com\/vi\/wp-json\/wp\/v2\/types\/product"}],"wp:featuredmedia":[{"embeddable":true,"href":"https:\/\/www.boattoursamana.com\/vi\/wp-json\/wp\/v2\/media\/11683"}],"wp:attachment":[{"href":"https:\/\/www.boattoursamana.com\/vi\/wp-json\/wp\/v2\/media?parent=11676"}],"wp:term":[{"taxonomy":"product_cat","embeddable":true,"href":"https:\/\/www.boattoursamana.com\/vi\/wp-json\/wp\/v2\/product_cat?post=11676"},{"taxonomy":"product_tag","embeddable":true,"href":"https:\/\/www.boattoursamana.com\/vi\/wp-json\/wp\/v2\/product_tag?post=11676"}],"curies":[{"name":"wp","href":"https:\/\/api.w.org\/{rel}","templated":true}]}}