{"id":12043,"date":"2021-01-29T08:54:31","date_gmt":"2021-01-29T08:54:31","guid":{"rendered":"https:\/\/www.ticketswhales.com\/Tours-Excursions\/uncategorized\/import-placeholder-for-8649\/"},"modified":"2023-11-07T21:08:26","modified_gmt":"2023-11-07T21:08:26","slug":"excursion-whale-watching-samana-bay-cayo-levantado-from-puerto-plata-private-transportation","status":"publish","type":"product","link":"https:\/\/www.boattoursamana.com\/vi\/chuyen-du-lich\/du-ngoan-ngam-ca-voi-samana-bay-cayo-levantado-tu-puerto-plata-phuong-tien-giao-thong-tu-nhan-2","title":{"rendered":"Du ngo\u1ea1n ng\u1eafm c\u00e1 voi v\u1ecbnh Saman\u00e1 + Cayo Levantado t\u1eeb Puerto Plata (Ph\u01b0\u01a1ng ti\u1ec7n c\u00e1 nh\u00e2n)"},"content":{"rendered":"<div class=\"vc_row wpb_row vc_row-fluid\" ><\/div><div class=\"wpb_column vc_column_container vc_col-sm-12\"><div class=\"vc_column-inner\"><div class=\"wpb_wrapper\"><div class=\"vc_btn3-container vc_btn3-inline\" ><button class=\"vc_general vc_btn3 vc_btn3-size-md vc_btn3-shape-rounded vc_btn3-style-modern vc_btn3-color-green\">\u0110\u0102\u0323T B\u00c2Y GI\u1edc<\/button><\/div><\/div><\/div><\/div>\n\t<div class=\"wpb_text_column wpb_content_element\" >\n\t\t<div class=\"wpb_wrapper\">\n\t\t\t\n\t\t<\/div>\n\t<\/div>\n<div class=\"vc_row wpb_row vc_row-fluid\" ><div class=\"wpb_column vc_column_container vc_col-sm-12\"><div class=\"vc_column-inner\"><div class=\"wpb_wrapper\"><div class=\"vc_btn3-container vc_btn3-inline\" ><button class=\"vc_general vc_btn3 vc_btn3-size-md vc_btn3-shape-rounded vc_btn3-style-modern vc_btn3-color-green\">\u0110\u0102\u0323T B\u00c2Y GI\u1edc<\/button><\/div><\/div><\/div><\/div><\/div><div class=\"vc_row wpb_row vc_row-fluid\" ><div class=\"wpb_column vc_column_container vc_col-sm-12\"><div class=\"vc_column-inner\"><div class=\"wpb_wrapper\">\n\t<div class=\"wpb_text_column wpb_content_element\" >\n\t\t<div class=\"wpb_wrapper\">\n\t\t\t<div class=\"vc_row wpb_row vc_row-fluid\">\n<div class=\"wpb_column vc_column_container vc_col-sm-12\">\n<div class=\"vc_column-inner\">\n<div class=\"wpb_wrapper\">\n<div class=\"wpb_text_column wpb_content_element\">\n<div class=\"wpb_wrapper\">\n<h3>Du ngo\u1ea1n Ng\u1eafm c\u00e1 voi V\u1ecbnh Samana + Cayo Levantado t\u1eeb Puerto Plata (Ph\u01b0\u01a1ng ti\u1ec7n c\u00e1 nh\u00e2n)<\/h3>\n<p>B\u1eaft \u0111\u1ea7u t\u1eeb Puerto Plata, Sosua ho\u1eb7c Cabarete. Ch\u00fang t\u00f4i \u0111\u00f3n b\u1ea1n t\u1ea1i ch\u1ed7 c\u1ee7a b\u1ea1n v\u00e0 l\u00e1i xe \u0111\u1ebfn V\u1ecbnh Saman\u00e1. Chuy\u1ebfn \u0111i n\u00e0y b\u1eaft \u0111\u1ea7u t\u1ea1i c\u1ea3ng Saman\u00e1 l\u00fac 9:00 s\u00e1ng v\u00e0 k\u1ebft th\u00fac l\u00fac 5:00 chi\u1ec1u nh\u01b0ng ch\u00fang t\u00f4i c\u00f3 th\u1ec3 linh ho\u1ea1t v\u1ec1 th\u1eddi gian \u0111\u1ec3 \u0111\u01b0a b\u1ea1n tr\u1edf l\u1ea1i v\u1ecb tr\u00ed c\u1ee7a m\u00ecnh.<\/p>\n<p>Sau khi h\u1ee7y b\u1ecf Catamaran ho\u1eb7c Thuy\u1ec1n c\u1ee7a ch\u00fang t\u00f4i \u0111\u1ec3 th\u0103m C\u00e1 voi trong m\u00f4i tr\u01b0\u1eddng s\u1ed1ng c\u1ee7a ch\u00fang. T\u1eeb 9:00 s\u00e1ng \u0111\u1ebfn 12:00 tr\u01b0a \u0110\u00e0i quan s\u00e1t C\u00e1 voi v\u00e0 Sau chuy\u1ebfn \u0111i ng\u1eafm c\u00e1 voi n\u00e0y, ch\u00fang ta s\u1ebd gh\u00e9 th\u0103m \u0110\u1ea3o Bacardi \/ Cayo Levantado. Tr\u00ean \u0110\u1ea3o Bacardi, B\u1eefa tr\u01b0a T\u1ef1 ch\u1ecdn theo Phong c\u00e1ch Dominica \u0111i\u1ec3n h\u00ecnh s\u1ebd \u0111\u01b0\u1ee3c cung c\u1ea5p. \u0102n tr\u01b0a xong b\u1ea1n \u0111\u01b0\u1ee3c ph\u00e9p b\u01a1i \u0111\u1ebfn 4h30 chi\u1ec1u. Chuy\u1ebfn tham quan s\u1ebd k\u1ebft th\u00fac t\u1ea1i c\u00f9ng m\u1ed9t c\u1ea3ng n\u01a1i s\u1ebd b\u1eaft \u0111\u1ea7u l\u00fac 5:00 chi\u1ec1u.<\/p>\n<p><em><strong>L\u01b0u \u00fd: Chuy\u1ebfn tham quan n\u00e0y kh\u00f4ng ri\u00eang t\u01b0. Ch\u1ec9 c\u1ea7n v\u1eadn chuy\u1ec3n t\u01b0 nh\u00e2n t\u1eeb Puerto Plata. \u0110\u1ed1i v\u1edbi tour du l\u1ecbch thuy\u1ec1n ri\u00eang xin vui l\u00f2ng li\u00ean h\u1ec7 v\u1edbi ch\u00fang t\u00f4i.<\/strong><\/em><\/p>\n<ul>\n<li>Chuy\u1ebfn \u0111i xem c\u00e1 voi<\/li>\n<li>\u0110\u00f3n t\u1eeb c\u00e1c khu v\u1ef1c Puerto Plata.<\/li>\n<li>Ph\u00ed tham quan \u0111\u00e0i quan s\u00e1t<\/li>\n<li>Bao g\u1ed3m Buffet tr\u01b0a tr\u00ean b\u00e3i bi\u1ec3n<\/li>\n<li>chuy\u1ec3n thuy\u1ec1n<\/li>\n<li>Thuy\u1ec1n tr\u01b0\u1edfng cung c\u1ea5p h\u01b0\u1edbng d\u1eabn v\u00e0 gi\u00e1m s\u00e1t<\/li>\n<li>H\u01b0\u1edbng d\u1eabn vi\u00ean du l\u1ecbch<\/li>\n<\/ul>\n<p>&nbsp;<\/p>\n<h4><b>Bao g\u1ed3m &amp; Lo\u1ea1i tr\u1eeb<\/b><\/h4>\n<p>&nbsp;<\/p>\n<p><b>bao g\u1ed3m<\/b><\/p>\n<p>&nbsp;<\/p>\n<ol>\n<li>Buffet tr\u01b0a tr\u00ean b\u00e3i bi\u1ec3n<\/li>\n<li>chuy\u1ec3n xe<\/li>\n<li>H\u01b0\u1edbng d\u1eabn vi\u00ean t\u1ea1i chuy\u1ebfn \u0111i Ng\u1eafm c\u00e1 voi<\/li>\n<li>Catamaran ho\u1eb7c chuy\u1ebfn \u0111i thuy\u1ec1n<\/li>\n<li>T\u1ea5t c\u1ea3 c\u00e1c lo\u1ea1i thu\u1ebf, ph\u00ed v\u00e0 l\u1ec7 ph\u00ed x\u1eed l\u00fd<\/li>\n<li>Thu\u1ebf \u0111\u1ecba ph\u01b0\u01a1ng<\/li>\n<li>n\u01b0\u1edbc gi\u1ea3i kh\u00e1t<\/li>\n<\/ol>\n<p><b>lo\u1ea1i tr\u1eeb<\/b><\/p>\n<ol>\n<li>ti\u1ec1n th\u01b0\u1edfng<\/li>\n<li>\u0110\u1ed3 u\u1ed1ng c\u00f3 c\u1ed3n<\/li>\n<\/ol>\n<p>&nbsp;<\/p>\n<h4><em><strong>Kh\u1edfi h\u00e0nh &amp; Tr\u1edf v\u1ec1<\/strong><\/em><\/h4>\n<p>Kh\u00e1ch du l\u1ecbch s\u1ebd nh\u1eadn \u0111\u01b0\u1ee3c th\u1eddi gian c\u1ee7a \u0111i\u1ec3m g\u1eb7p m\u1eb7t sau Quy tr\u00ecnh \u0111\u1eb7t ch\u1ed7. C\u00e1c chuy\u1ebfn tham quan b\u1eaft \u0111\u1ea7u v\u00e0 k\u1ebft th\u00fac t\u1ea1i c\u00e1c \u0111i\u1ec3m g\u1eb7p g\u1ee1 c\u1ee7a ch\u00fang t\u00f4i.<\/p>\n<p>&nbsp;<\/p>\n<h4><b><i>Mong \u0111\u1ee3i \u0111i\u1ec1u g\u00ec?<\/i><\/b><\/h4>\n<p>&nbsp;<\/p>\n<p><em><strong>Nh\u1eadn v\u00e9 c\u1ee7a b\u1ea1n<\/strong><\/em>\u00a0trong m\u1ed9t ng\u00e0y Tour ng\u1eafm c\u00e1 voi \u1edf v\u1ecbnh Samana b\u1eaft \u0111\u1ea7u t\u1eeb Sosua, Cabarete ho\u1eb7c b\u1ea5t k\u1ef3 khu v\u1ef1c n\u00e0o \u1edf Puerto Plata. tr\u00e1nh v\u1eadn chuy\u1ec3n v\u1edbi c\u00e1c nh\u00f3m l\u1edbn v\u00e0 t\u1eadn h\u01b0\u1edfng th\u1eddi gian \u0103n tr\u01b0a v\u00e0 b\u00e3i bi\u1ec3n tuy\u1ec7t v\u1eddi.<\/p>\n<p>V\u00e9 ban ng\u00e0y \u0111\u1ec3 ng\u1eafm c\u00e1 voi t\u1eeb Puerto Plata \u0111\u01b0\u1ee3c t\u1ed5 ch\u1ee9c b\u1edfi \u201cChuy\u1ebfn phi\u00eau l\u01b0u \u0111\u1eb7t ch\u1ed7\u201d b\u1eaft \u0111\u1ea7u t\u1ea1i \u0111i\u1ec3m t\u1eadp trung \u0111\u01b0\u1ee3c thi\u1ebft l\u1eadp b\u1eb1ng whatsapp ho\u1eb7c th\u01b0. \u0102n tr\u01b0a t\u1ea1i b\u00e3i bi\u1ec3n v\u00e0 b\u1ea1n c\u00f3 th\u1ec3 \u1edf l\u1ea1i bao l\u00e2u t\u00f9y th\u00edch \u0111\u1ec3 b\u01a1i l\u1ed9i xung quanh. N\u1ebfu b\u1ea1n l\u00e0 ng\u01b0\u1eddi \u0103n chay, ch\u00fang t\u00f4i c\u0169ng c\u00f3 th\u1ec3 chu\u1ea9n b\u1ecb m\u1ed9t s\u1ed1 m\u00f3n \u0103n cho b\u1ea1n.<\/p>\n<p><strong>Th\u1eddi gian bi\u1ec3u:<\/strong><\/p>\n<p>5:45 AM \u2013 4:00 PM th\u1eddi gian c\u00f3 th\u1ec3 thay \u0111\u1ed5i t\u00f9y theo nhu c\u1ea7u c\u1ee7a qu\u00fd kh\u00e1ch.<\/p>\n<p>&nbsp;<\/p>\n<h4><em><strong>B\u1ea1n n\u00ean mang theo nh\u1eefng g\u00ec?<\/strong><\/em><\/h4>\n<ul>\n<li>M\u00e1y \u1ea3nh<\/li>\n<li>ch\u1ed3i \u0111u\u1ed5i<\/li>\n<li>kem ch\u1ed1ng n\u1eafng<\/li>\n<li>m\u0169<\/li>\n<li>qu\u1ea7n tho\u1ea3i m\u00e1i<\/li>\n<li>Sandal \u0111i bi\u1ec3n<\/li>\n<li>\u0111\u1ed3 b\u01a1i<\/li>\n<li>Ti\u1ec1n m\u1eb7t cho qu\u00e0 l\u01b0u ni\u1ec7m<\/li>\n<\/ul>\n<p>&nbsp;<\/p>\n<h4><b><i>Kh\u00e1ch s\u1ea1n \u0111\u00f3n kh\u00e1ch<\/i><\/b><\/h4>\n<p>\u0110\u00f3n kh\u00e1ch s\u1ea1n \u0111\u01b0\u1ee3c cung c\u1ea5p cho tour du l\u1ecbch n\u00e0y.<\/p>\n<p>&nbsp;<\/p>\n<p><b>Ghi ch\u00fa:<\/b>\u00a0N\u1ebfu b\u1ea1n \u0111\u01b0\u1ee3c \u0111\u1eb7t trong v\u00f2ng 24 gi\u1edd k\u1ec3 t\u1eeb gi\u1edd kh\u1edfi h\u00e0nh chuy\u1ebfn tham quan\/Chuy\u1ebfn tham quan, ch\u00fang t\u00f4i s\u1ebd s\u1eafp x\u1ebfp \u0111\u00f3n kh\u00e1ch t\u1ea1i kh\u00e1ch s\u1ea1n. Sau khi vi\u1ec7c mua h\u00e0ng c\u1ee7a b\u1ea1n ho\u00e0n t\u1ea5t, ch\u00fang t\u00f4i s\u1ebd g\u1eedi cho b\u1ea1n th\u00f4ng tin li\u00ean h\u1ec7 \u0111\u1ea7y \u0111\u1ee7 (s\u1ed1 \u0111i\u1ec7n tho\u1ea1i, \u0111\u1ecba ch\u1ec9 email, v.v.) \u0111\u1ec3 h\u01b0\u1edbng d\u1eabn vi\u00ean du l\u1ecbch \u0111\u1ecba ph\u01b0\u01a1ng c\u1ee7a ch\u00fang t\u00f4i s\u1eafp x\u1ebfp vi\u1ec7c \u0111\u00f3n kh\u00e1ch.<\/p>\n<h4><b><i>X\u00e1c nh\u1eadn th\u00f4ng tin b\u1ed5 sung<\/i><\/b><\/h4>\n<ol>\n<li>V\u00e9 l\u00e0 Bi\u00ean lai sau khi thanh to\u00e1n Tour n\u00e0y. B\u1ea1n c\u00f3 th\u1ec3 hi\u1ec3n th\u1ecb thanh to\u00e1n tr\u00ean \u0111i\u1ec7n tho\u1ea1i c\u1ee7a m\u00ecnh.<\/li>\n<li>\u0110i\u1ec3m t\u1eadp trung s\u1ebd \u0111\u01b0\u1ee3c nh\u1eadn sau qu\u00e1 tr\u00ecnh \u0111\u1eb7t ch\u1ed7.<\/li>\n<li>Tr\u1ebb em ph\u1ea3i \u0111i c\u00f9ng ng\u01b0\u1eddi l\u1edbn.<\/li>\n<li>Xe l\u0103n cho ng\u01b0\u1eddi khuy\u1ebft<\/li>\n<li>Tr\u1ebb s\u01a1 sinh ph\u1ea3i ng\u1ed3i tr\u00ean \u0111\u00f9i<\/li>\n<li>H\u1ea7u h\u1ebft du kh\u00e1ch c\u00f3 th\u1ec3 tham gia<\/li>\n<\/ol>\n<h4><b><i>Ch\u00ednh s\u00e1ch h\u1ee7y<\/i><\/b><\/h4>\n<p>\u0110\u1ec3 \u0111\u01b0\u1ee3c ho\u00e0n ti\u1ec1n \u0111\u1ea7y \u0111\u1ee7, h\u00e3y h\u1ee7y \u00edt nh\u1ea5t 24 gi\u1edd tr\u01b0\u1edbc ng\u00e0y b\u1eaft \u0111\u1ea7u tr\u1ea3i nghi\u1ec7m.<\/p>\n<\/div>\n<\/div>\n<\/div>\n<\/div>\n<\/div>\n<\/div>\n<div class=\"vc_row wpb_row vc_row-fluid\">\n<div class=\"wpb_column vc_column_container vc_col-sm-12\">\n<div class=\"vc_column-inner\">\n<div class=\"wpb_wrapper\">\n<div class=\"wpb_text_column wpb_content_element\">\n<div class=\"wpb_wrapper\">\n<h4>Li\u00ean h\u1ec7 ch\u00fang t\u00f4i?<\/h4>\n<h5><b><i>TOUR C\u00c1I SAMANA<\/i><\/b><\/h5>\n<p><em><strong>ng\u01b0\u1eddi d\u00e2n \u0111\u1ecba ph\u01b0\u01a1ng<\/strong>\u00a0v\u00e0\u00a0<strong>c\u00f4ng d\u00e2n<\/strong>\u00a0H\u01b0\u1edbng d\u1eabn vi\u00ean du l\u1ecbch &amp; D\u1ecbch v\u1ee5 kh\u00e1ch<\/em><\/p>\n<p><span class=\"text-turquoise\">\u0110\u1eb7t ch\u1ed7:<\/span>\u00a0\u00a0Chuy\u1ebfn tham quan v\u00e0 du ngo\u1ea1n t\u1ea1i Dom. Tr\u1ea3 l\u1eddi.<\/p>\n<p>\ud83d\udcde \u0110i\u1ec7n tho\u1ea1i \/ Whatsapp\u00a0\u00a0\u00a0<a href=\"tel: 1-809-720-6035\">+ 1-809-720-6035<\/a>\u00a0.<\/p>\n<p>\ud83d\udce9\u00a0<a href=\"mailto:info@bookingadventures.com.do\">info@bookingadventures.com.do<\/a><\/p>\n<p><strong>Ch\u00fang t\u00f4i l\u00e0 nh\u1eefng chuy\u1ebfn tham quan ri\u00eang v\u1edbi c\u1ea5u h\u00ecnh linh ho\u1ea1t b\u1eb1ng Whatsapp:\u00a0\u00a0<a href=\"tel: 18097206035\">+18097206035.<\/a><\/strong><\/p>\n<\/div>\n<\/div>\n<\/div>\n<\/div>\n<\/div>\n<\/div>\n\n\t\t<\/div>\n\t<\/div>\n<\/div><\/div><\/div><\/div>","protected":false},"excerpt":{"rendered":"<p>T\u1eeb Puerto Plata, Sosua ho\u1eb7c Cabarete \u0111\u1ebfn c\u1ea3ng V\u1ecbnh Saman\u00e1. V\u1edbi h\u01b0\u1edbng d\u1eabn vi\u00ean du l\u1ecbch theo ch\u1ee7 ngh\u0129a t\u1ef1 nhi\u00ean chuy\u00ean nghi\u1ec7p trong vi\u1ec7c ng\u1eafm c\u00e1 voi. N\u1ebfu b\u1ea1n mu\u1ed1n li\u00ean h\u1ec7 v\u1edbi ch\u00fang t\u00f4i \u0111\u1ec3 \u0111\u01b0\u1ee3c t\u01b0 v\u1ea5n, email, Whatsapp ho\u1eb7c Cu\u1ed9c g\u1ecdi c\u00f3 s\u1eb5n.<\/p>\n<p>H\u00e3y \u0111\u1eb7t v\u00e9 s\u1edbm nh\u00e9. Trong m\u00f9a c\u00e1 voi, c\u00f3 r\u1ea5t nhi\u1ec1u ng\u01b0\u1eddi \u0111\u1eb7t ch\u1ed7 v\u00e0 ch\u00fang t\u00f4i mu\u1ed1n gi\u1eef v\u00e9 an to\u00e0n cho b\u1ea1n. Thi\u1ebft l\u1eadp \u0111\u1ecba \u0111i\u1ec3m v\u00e0 th\u1eddi gian \u0111\u00f3n v\u1edbi ch\u00fang t\u00f4i.<\/p>\n<p><em><strong>Ch\u1ecdn ng\u00e0y tham quan:<\/strong><\/em><\/p>\n<p>&nbsp;<\/p>","protected":false},"featured_media":13309,"template":"","meta":[],"product_cat":[947,655,859,657,658,659,660,661,662,663,664],"product_tag":[186,667,668,524,669,276,274,670],"class_list":["post-12043","product","type-product","status-publish","has-post-thumbnail","hentry","product_cat-1-puerto-plata","product_cat-1-samana","product_cat-puerto-plata-2021","product_cat-tours-excursions","product_cat-tours-excursions-whale-watching-samana-bay-dominican-republic","product_cat-whale-miches","product_cat-whale-sabana-de-la-mar","product_cat-whale-samana","product_cat-whale-watching","product_cat-whale-watching-puerto-plata","product_cat-whale-watching-punta-cana","product_tag-samana","product_tag-samana-tour","product_tag-whale","product_tag-whale-punta-cana","product_tag-whale-sabana-de-la-mar","product_tag-whale-samana","product_tag-whale-watching-dominican-republic","product_tag-whales-trips"],"_links":{"self":[{"href":"https:\/\/www.boattoursamana.com\/vi\/wp-json\/wp\/v2\/product\/12043","targetHints":{"allow":["GET"]}}],"collection":[{"href":"https:\/\/www.boattoursamana.com\/vi\/wp-json\/wp\/v2\/product"}],"about":[{"href":"https:\/\/www.boattoursamana.com\/vi\/wp-json\/wp\/v2\/types\/product"}],"wp:featuredmedia":[{"embeddable":true,"href":"https:\/\/www.boattoursamana.com\/vi\/wp-json\/wp\/v2\/media\/13309"}],"wp:attachment":[{"href":"https:\/\/www.boattoursamana.com\/vi\/wp-json\/wp\/v2\/media?parent=12043"}],"wp:term":[{"taxonomy":"product_cat","embeddable":true,"href":"https:\/\/www.boattoursamana.com\/vi\/wp-json\/wp\/v2\/product_cat?post=12043"},{"taxonomy":"product_tag","embeddable":true,"href":"https:\/\/www.boattoursamana.com\/vi\/wp-json\/wp\/v2\/product_tag?post=12043"}],"curies":[{"name":"wp","href":"https:\/\/api.w.org\/{rel}","templated":true}]}}