{"id":12091,"date":"2021-02-05T16:38:28","date_gmt":"2021-02-05T16:38:28","guid":{"rendered":"https:\/\/www.ticketswhales.com\/?post_type=product&#038;p=12091"},"modified":"2023-11-07T21:00:20","modified_gmt":"2023-11-07T21:00:20","slug":"27-waterfalls-buggies-tour-puerto-plata","status":"publish","type":"product","link":"https:\/\/www.boattoursamana.com\/vi\/chuyen-du-lich\/27-thac-buggies-tour-puerto-plata","title":{"rendered":"27 th\u00e1c n\u01b0\u1edbc Xe \u0111\u1ea9y (\u0110i b\u1ed9 v\u00e0 B\u01a1i l\u1ed9i)"},"content":{"rendered":"<div class=\"vc_row wpb_row vc_row-fluid\" ><div class=\"wpb_column vc_column_container vc_col-sm-12\"><div class=\"vc_column-inner\"><div class=\"wpb_wrapper\"><div class=\"mkdf-section-title-holder\" style=\"text-align: left\">\n\t<div class=\"mkdf-st-inner\">\n\t\t\t\t\t<h5 class=\"mkdf-st-subtitle\" >\n\t\t\t\tBao g\u1ed3m b\u1eefa tr\u01b0a\t\t\t<\/h5>\n\t\t\t\t\t\t\t<h3 class=\"mkdf-st-title\" >\n\t\t\t\t27 Th\u00e1c N\u01b0\u1edbc Tham Quan B\u1eb1ng Xe Buggies Puerto Plata\t\t\t<\/h3>\n\t\t\t\t\t<\/div>\n<\/div><div class=\"vc_message_box vc_message_box-standard vc_message_box-rounded vc_color-info\" ><div class=\"vc_message_box-icon\"><i class=\"fas fa-info-circle\"><\/i><\/div><p>Ch\u1ec9 c\u1ea7n \u0111\u1eb7t v\u00e9 v\u00e0o c\u1eeda ho\u1eb7c c\u00f3 ph\u01b0\u01a1ng ti\u1ec7n di chuy\u1ec3n: <a href=\"https:\/\/www.boattoursamana.com\/vi\/?s=27+waterfalls&amp;post_type=product&amp;dgwt_wcas=1\">B\u1ea5m v\u00e0o \u0111\u00e2y.<\/a><\/p>\n<\/div><div class=\"vc_empty_space\"   style=\"height: 32px\"><span class=\"vc_empty_space_inner\"><\/span><\/div><\/div><\/div><\/div><\/div><div class=\"vc_row wpb_row vc_row-fluid\" ><div class=\"wpb_column vc_column_container vc_col-sm-12\"><div class=\"vc_column-inner\"><div class=\"wpb_wrapper\"><div class=\"vc_btn3-container vc_btn3-inline\" ><button class=\"vc_general vc_btn3 vc_btn3-size-md vc_btn3-shape-rounded vc_btn3-style-modern vc_btn3-color-green\">\u0110\u0102\u0323T B\u00c2Y GI\u1edc<\/button><\/div>\n\t<div class=\"wpb_text_column wpb_content_element\" >\n\t\t<div class=\"wpb_wrapper\">\n\t\t\t<h2 class=\"ui_header h1 attractions-product-info-ProductTitle__title--1qM0o\">27 Th\u00e1c N\u01b0\u1edbc Tham Quan B\u1eb1ng Xe Buggies Puerto Plata<\/h2>\n<p><b><i>T\u1ed5ng quan <\/i><\/b><\/p>\n<p>Nh\u1eadn V\u00e9 cho Xe \u0111\u1ea9y \u1edf Puerto Plata v\u1edbi gi\u00e1 th\u00e1c n\u01b0\u1edbc damajagua th\u1ea5p nh\u1ea5t. Khu v\u1ef1c Damajagua v\u1edbi nh\u1eefng \u0111i\u1ec1u t\u1ed1t nh\u1ea5t <strong data-key=\"puerto plata waterfall excursion\">chuy\u1ebfn tham quan th\u00e1c n\u01b0\u1edbc puerto plata.\u00a0<\/strong><\/p>\n<p>Kh\u00f4ng c\u00f3 c\u00e1ch n\u00e0o th\u00fa v\u1ecb h\u01a1n \u0111\u1ec3 kh\u00e1m ph\u00e1 v\u00f9ng n\u00f4ng th\u00f4n hoang d\u00e3 c\u1ee7a Dominica h\u01a1n l\u00e0 m\u1ed9t trong nh\u1eefng chi\u1ebfc xe \u0111\u1ea9y n\u00e0y trong chuy\u1ebfn tham quan do Ng\u01b0\u1eddi d\u00e2n \u0111\u1ecba ph\u01b0\u01a1ng gi\u1edbi thi\u1ec7u. \u0110i tr\u00ean nh\u1eefng con \u0111\u01b0\u1eddng \u0111\u1ecba h\u00ecnh v\u1edbi 27 khu r\u1eebng th\u00e1c n\u01b0\u1edbc l\u00e0m n\u1ec1n cho b\u1ea1n v\u00e0 b\u01a1i trong s\u00f4ng ho\u1eb7c tr\u00ean b\u00e3i bi\u1ec3n trong cu\u1ed9c phi\u00eau l\u01b0u k\u00e9o d\u00e0i n\u1eeda ng\u00e0y v\u00e0o bu\u1ed5i s\u00e1ng n\u00e0y.<\/p>\n<p>Sau khi \u0111\u01b0\u1ee3c chuy\u00ean gia h\u01b0\u1edbng d\u1eabn, \u0111\u00e3 \u0111\u1ebfn l\u00fac \u0111i theo nh\u1eefng con \u0111\u01b0\u1eddng m\u00f2n v\u00e0 kh\u00e1m ph\u00e1 v\u00f9ng n\u00f4ng th\u00f4n. B\u1ea1n s\u1ebd \u0111i qua nh\u1eefng r\u1eebng c\u1ecd, \u0111\u1ea5t n\u00f4ng nghi\u1ec7p m\u1ed9c m\u1ea1c v\u00e0 nh\u1eefng ng\u00f4i l\u00e0ng, khi b\u1ea1n gi\u1ea3m t\u1ed1c \u0111\u1ed9 tr\u00ean nh\u1eefng con \u0111\u01b0\u1eddng m\u00f2n trong r\u1eebng r\u1eadm \u0111\u1ea7y b\u1ee5i - c\u00e1ch xa con \u0111\u01b0\u1eddng m\u00f2n.<\/p>\n<p>S\u1ebd c\u00f3 m\u1ed9t v\u00e0i \u0111i\u1ec3m d\u1eebng n\u01a1i b\u1ea1n c\u00f3 th\u1ec3 l\u1ea5y m\u1ed9t qu\u1ea3 d\u1eeba t\u01b0\u01a1i tr\u00ean \u0111\u01b0\u1eddng n\u1ebfu b\u1ea1n c\u1ea3m th\u1ea5y kh\u00e1t. Ngo\u00e0i ra, b\u1eb1ng c\u00e1ch n\u00e0y hay c\u00e1ch kh\u00e1c, b\u1ea1n s\u1ebd b\u1ecb b\u1ea9n, v\u00ec v\u1eady h\u00e3y mang theo \u0111\u1ed3 b\u01a1i c\u1ee7a b\u1ea1n v\u00e0 t\u1eafm m\u00e1t \u1edf b\u00e3i bi\u1ec3n ho\u1eb7c d\u00f2ng s\u00f4ng t\u1ef1 nhi\u00ean \u2013 m\u1ed9t c\u00e1ch tuy\u1ec7t v\u1eddi \u0111\u1ec3 ph\u1ee7i b\u1ee5i cho b\u1ea3n th\u00e2n. B\u1ea1n c\u0169ng s\u1ebd \u0111\u01b0\u1ee3c r\u1eeda s\u1ea1ch m\u1ed9t ng\u00e0y th\u00fa v\u1ecb v\u1edbi bia l\u1ea1nh ho\u1eb7c cocktail mi\u1ec5n ph\u00ed t\u1ea1i c\u01a1 s\u1edf. Li\u00ean h\u1ec7 v\u1edbi ch\u00fang t\u00f4i <strong>th\u00e1c n\u01b0\u1edbc damajagua v\u00e0 combo xe \u0111\u1ecba h\u00ecnh<\/strong> .<\/p>\n<ul>\n<li style=\"font-weight: 400;\">\u0110\u00e3 bao g\u1ed3m ph\u00ed<\/li>\n<li>B\u1eefa tr\u01b0a<\/li>\n<li>\u0110\u1ed3 \u0103n nh\u1eb9<\/li>\n<li style=\"font-weight: 400;\">H\u01b0\u1edbng d\u1eabn vi\u00ean \u0111\u1ecba ph\u01b0\u01a1ng b\u1eb1ng ti\u1ebfng Anh<\/li>\n<\/ul>\n<p>&nbsp;<\/p>\n<h4><b>Bao g\u1ed3m &amp; Lo\u1ea1i tr\u1eeb<\/b><\/h4>\n<p>&nbsp;<\/p>\n<p><b>bao g\u1ed3m<\/b><\/p>\n<ol>\n<li>B\u1eefa tr\u01b0a<\/li>\n<li style=\"font-weight: 400;\"><span style=\"font-weight: 400;\">T\u1ea5t c\u1ea3 c\u00e1c lo\u1ea1i thu\u1ebf, ph\u00ed v\u00e0 l\u1ec7 ph\u00ed x\u1eed l\u00fd<\/span><\/li>\n<li style=\"font-weight: 400;\"><span style=\"font-weight: 400;\">Thu\u1ebf \u0111\u1ecba ph\u01b0\u01a1ng<\/span><\/li>\n<li style=\"font-weight: 400;\"><span style=\"font-weight: 400;\">n\u01b0\u1edbc gi\u1ea3i kh\u00e1t<\/span><\/li>\n<li>\u0110\u1ed3 \u0103n nh\u1eb9<\/li>\n<li style=\"font-weight: 400;\"><span style=\"font-weight: 400;\">T\u1ea5t c\u1ea3 c\u00e1c ho\u1ea1t \u0111\u1ed9ng<\/span><\/li>\n<li style=\"font-weight: 400;\"><span style=\"font-weight: 400;\">H\u01b0\u1edbng d\u1eabn \u0111\u1ecba ph\u01b0\u01a1ng<\/span><\/li>\n<\/ol>\n<p><b> lo\u1ea1i tr\u1eeb<\/b><\/p>\n<ol>\n<li style=\"font-weight: 400;\"><span style=\"font-weight: 400;\">ti\u1ec1n th\u01b0\u1edfng<\/span><\/li>\n<li>v\u1eadn chuy\u1ec3n (Thi\u1ebft l\u1eadp b\u1eb1ng c\u00e1ch li\u00ean h\u1ec7 v\u1edbi ch\u00fang t\u00f4i)<\/li>\n<li style=\"font-weight: 400;\"><span style=\"font-weight: 400;\">\u0110\u1ed3 u\u1ed1ng c\u00f3 c\u1ed3n<\/span><\/li>\n<\/ol>\n<p>&nbsp;<\/p>\n<p><em><strong>Kh\u1edfi h\u00e0nh &amp; Tr\u1edf v\u1ec1<\/strong><\/em><\/p>\n<p><span style=\"font-weight: 400;\">Kh\u00e1ch du l\u1ecbch s\u1ebd nh\u1eadn \u0111\u01b0\u1ee3c m\u1ed9t \u0111i\u1ec3m g\u1eb7p g\u1ee1 sau Quy tr\u00ecnh \u0111\u1eb7t ch\u1ed7. C\u00e1c chuy\u1ebfn tham quan b\u1eaft \u0111\u1ea7u v\u00e0 k\u1ebft th\u00fac t\u1ea1i c\u00e1c \u0111i\u1ec3m g\u1eb7p g\u1ee1 c\u1ee7a b\u1ea1n.<\/span><\/p>\n<h4><\/h4>\n<h3 class=\"ui_header h1 attractions-product-info-ProductTitle__title--1qM0o\">27 th\u00e1c n\u01b0\u1edbc c\u1ee7a du ngo\u1ea1n damajagua puerto plata<\/h3>\n<p><b><i>Mong \u0111\u1ee3i \u0111i\u1ec1u g\u00ec?<\/i><\/b><\/p>\n<div class=\"apd_content_block\" data-tab=\"TABS_OVERVIEW\"><\/div>\n<div data-tab=\"TABS_WHAT_TO_EXPECT\">\n<div class=\"ui_card attractions-card-CollapsibleProductDetailsCard__cardContainer--3r2wk attractions-card-CollapsibleProductDetailsCard__cleanslateOverrideDT--2AJh0\">\n<div class=\"attractions-card-CollapsibleCard__content--2Ws8q\">\n<div class=\"attractions-card-CollapsibleCard__contentWrap--374jk attractions-card-CollapsibleCard__titleUnderline--1uHze\">\n<div class=\"attractions-card-CollapsibleProductDetailsCard__cardContent--23ext\">\n<div class=\"common-text-ReadMore__readMore--3Iu8c common-text-ReadMore__variantFadeOut--1tInd\">\n<div class=\"common-text-ReadMore__content--2X4LR\">\n<div class=\"ui_columns is-desktop\">\n<div class=\"ui_column\">\n<p>Damajagua Buggy&#039;s<\/p>\n<p>H\u00e3y kh\u1edfi \u0111\u1ed9ng \u0111\u1ed9ng c\u01a1 c\u1ee7a ch\u00fang t\u00f4i v\u00e0 b\u1eaft \u0111\u1ea7u m\u1ed9t l\u1ed9 tr\u00ecnh th\u00fa v\u1ecb qua nh\u1eefng con \u0111\u01b0\u1eddng m\u00f2n l\u1ea7y l\u1ed9i, r\u1eebng nhi\u1ec7t \u0111\u1edbi, s\u00f4ng v\u00e0 s\u00f4ng. \u0110\u00e2y l\u00e0 m\u1ed9t tour du l\u1ecbch m\u1ed9t gi\u1edd r\u01b0\u1ee1i d\u00e0i t\u1eeb 10 \u0111\u1ebfn 15 km.<\/p>\n<p>\u0110i\u1ec3m d\u1eebng \u0111\u1ea7u ti\u00ean s\u1ebd l\u00e0 \u1edf S\u00f4ng Bajabonico trong C\u1ed9ng \u0111\u1ed3ng Bellaco. Tr\u00ean \u0111\u01b0\u1eddng \u0111i, b\u1ea1n s\u1ebd c\u00f3 th\u1ec3 h\u00e1i m\u1ed9t s\u1ed1 lo\u1ea1i tr\u00e1i c\u00e2y v\u00e0 th\u1eadm ch\u00ed \u0103n Patty do ng\u01b0\u1eddi d\u00e2n \u0111\u1ecba ph\u01b0\u01a1ng l\u00e0m.<\/p>\n<p>Ch\u00fang t\u00f4i s\u1ebd ti\u1ebfp t\u1ee5c l\u1ed9 tr\u00ecnh l\u1ed7i \u0111\u1ebfn c\u00e1c c\u1ed9ng \u0111\u1ed3ng c\u1ee7a Bajabonico Arriba, ch\u00fang t\u00f4i c\u00f3 th\u1ec3 th\u1eed\u00a0 <strong>nhi\u1ec7t \u0111\u1ed9 n\u01b0\u1edbc c\u1ee7a th\u00e1c n\u01b0\u1edbc damajagua.<\/strong> Palmar Grande v\u00e0 Los Felix. Khi ch\u00fang t\u00f4i \u0111ang l\u00e1i xe trong nh\u1eefng c\u1ed9ng \u0111\u1ed3ng \u0111\u00f3, ch\u00fang t\u00f4i ph\u1ea3i gi\u1ea3m t\u1ed1c \u0111\u1ed9 v\u00ec tr\u1ebb em, \u0111\u1ed9ng v\u1eadt v\u00e0 ng\u01b0\u1eddi d\u00e2n \u0111\u1ecba ph\u01b0\u01a1ng \u0111ang s\u1ed1ng cu\u1ed9c s\u1ed1ng b\u00ecnh th\u01b0\u1eddng c\u1ee7a h\u1ecd.<br \/>\nCh\u00fang ta s\u1ebd xu\u1ed1ng xe v\u00e0 c\u00f3 c\u01a1 h\u1ed9i b\u01a1i trong l\u00e0n n\u01b0\u1edbc ng\u1ecdt c\u1ee7a d\u00f2ng s\u00f4ng!<br \/>\nTr\u00ean \u0111\u01b0\u1eddng v\u1ec1, ch\u00fang ta s\u1ebd \u0111i m\u1ed9t con \u0111\u01b0\u1eddng b\u00ean ngo\u00e0i c\u00f3 th\u1ec3 b\u0103ng qua 12 l\u1ea7n s\u00f4ng l\u1ea7n l\u01b0\u1ee3t.<br \/>\nCu\u1ed1i c\u00f9ng, ch\u00fang t\u00f4i s\u1ebd tr\u1edf l\u1ea1i \u0111i\u1ec3m h\u1eb9n v\u00e0 b\u1ea1n c\u00f3 th\u1ec3 tr\u1edf l\u1ea1i v\u1ecb tr\u00ed c\u1ee7a m\u00ecnh v\u00e0 n\u00f3i chuy\u1ec7n v\u1edbi b\u1ea1n b\u00e8 c\u1ee7a b\u1ea1n v\u1ec1 chuy\u1ebfn du l\u1ecbch kh\u00f3 qu\u00ean n\u00e0y.<\/p>\n<\/div>\n<\/div>\n<\/div>\n<\/div>\n<\/div>\n<\/div>\n<\/div>\n<\/div>\n<\/div>\n<p><em><strong>B\u1ea1n n\u00ean mang theo nh\u1eefng g\u00ec?<\/strong><\/em><\/p>\n<ul>\n<li style=\"font-weight: 400;\"><span style=\"font-weight: 400;\">M\u00e1y \u1ea3nh<\/span><\/li>\n<li style=\"font-weight: 400;\"><span style=\"font-weight: 400;\">ch\u1ed3i \u0111u\u1ed5i<\/span><\/li>\n<li style=\"font-weight: 400;\"><span style=\"font-weight: 400;\">Kem ch\u1ed1ng n\u1eafng<\/span><\/li>\n<li style=\"font-weight: 400;\"><span style=\"font-weight: 400;\">m\u0169<\/span><\/li>\n<li style=\"font-weight: 400;\"><span style=\"font-weight: 400;\">qu\u1ea7n tho\u1ea3i m\u00e1i<\/span><\/li>\n<li style=\"font-weight: 400;\"><span style=\"font-weight: 400;\">Gi\u00e0y leo n\u00fai \u0111i r\u1eebng<\/span><\/li>\n<li style=\"font-weight: 400;\"><span style=\"font-weight: 400;\">D\u00e9p \u0111i c\u00e1c mi\u1ec1n Xu\u00e2n.<\/span><\/li>\n<li style=\"font-weight: 400;\"><span style=\"font-weight: 400;\">\u0111\u1ed3 b\u01a1i<\/span><\/li>\n<\/ul>\n<p>&nbsp;<\/p>\n<h3><b><i>\u0110\u00f3n t\u1ea1i kh\u00e1ch s\u1ea1n:\u00a0<\/i><\/b><\/h3>\n<p><span style=\"font-weight: 400;\"><strong>\u0110\u00f3n kh\u00e1ch s\u1ea1n kh\u00f4ng ph\u1ea3i l\u00e0<\/strong> cung c\u1ea5p cho chuy\u1ebfn tham quan n\u00e0y. Ch\u00fang t\u00f4i thi\u1ebft l\u1eadp Nh\u1eadn h\u00e0ng b\u1eb1ng c\u00e1ch li\u00ean h\u1ec7 v\u1edbi ch\u00fang t\u00f4i qua Whatsapp. Ch\u00fang t\u00f4i c\u00f3 \u01b0u \u0111\u00e3i trong tr\u01b0\u1eddng h\u1ee3p b\u1ea1n \u0111\u1ebfn t\u1eeb <strong>v\u1ecbnh h\u1ed5 ph\u00e1ch 27 th\u00e1c n\u01b0\u1edbc.\u00a0<\/strong><\/span><\/p>\n<p>&nbsp;<\/p>\n<p><b>Ghi ch\u00fa:<\/b><span style=\"font-weight: 400;\"> N\u1ebfu b\u1ea1n \u0111\u1eb7t ch\u1ed7 trong v\u00f2ng 24 gi\u1edd tr\u01b0\u1edbc gi\u1edd kh\u1edfi h\u00e0nh c\u1ee7a chuy\u1ebfn tham quan\/Chuy\u1ebfn tham quan, ch\u00fang t\u00f4i c\u00f3 th\u1ec3 s\u1eafp x\u1ebfp d\u1ecbch v\u1ee5 \u0111\u00f3n kh\u00e1ch t\u1ea1i kh\u00e1ch s\u1ea1n v\u1edbi m\u1ed9t kho\u1ea3n ph\u1ee5 ph\u00ed. Sau khi giao d\u1ecbch mua c\u1ee7a b\u1ea1n ho\u00e0n t\u1ea5t, ch\u00fang t\u00f4i s\u1ebd g\u1eedi cho b\u1ea1n th\u00f4ng tin li\u00ean h\u1ec7 \u0111\u1ea7y \u0111\u1ee7 (s\u1ed1 \u0111i\u1ec7n tho\u1ea1i, \u0111\u1ecba ch\u1ec9 email, v.v.) \u0111\u1ec3 H\u01b0\u1edbng d\u1eabn vi\u00ean du l\u1ecbch \u0111\u1ecba ph\u01b0\u01a1ng c\u1ee7a ch\u00fang t\u00f4i s\u1eafp x\u1ebfp vi\u1ec7c \u0111\u00f3n kh\u00e1ch.<\/span><\/p>\n<p><b><i>X\u00e1c nh\u1eadn th\u00f4ng tin b\u1ed5 sung <\/i><\/b><\/p>\n<ol>\n<li>V\u00e9 l\u00e0 Bi\u00ean nh\u1eadn sau khi thanh to\u00e1n cho Tour n\u00e0y. B\u1ea1n c\u00f3 th\u1ec3 hi\u1ec3n th\u1ecb thanh to\u00e1n tr\u00ean \u0111i\u1ec7n tho\u1ea1i c\u1ee7a m\u00ecnh.<\/li>\n<li style=\"font-weight: 400;\"><span style=\"font-weight: 400;\">\u0110i\u1ec3m h\u1eb9n s\u1ebd nh\u1eadn \u0111\u01b0\u1ee3c sau qu\u00e1 tr\u00ecnh \u0111\u1eb7t ch\u1ed7.<\/span><\/li>\n<li style=\"font-weight: 400;\"><span style=\"font-weight: 400;\">Tr\u1ebb em ph\u1ea3i \u0111i c\u00f9ng ng\u01b0\u1eddi l\u1edbn.<\/span><\/li>\n<li style=\"font-weight: 400;\"><span style=\"font-weight: 400;\"> Kh\u00f4ng th\u1ec3 s\u1eed d\u1ee5ng xe l\u0103n <\/span><\/li>\n<li style=\"font-weight: 400;\"><span style=\"font-weight: 400;\">Tr\u1ebb s\u01a1 sinh ph\u1ea3i ng\u1ed3i tr\u00ean \u0111\u00f9i <\/span><\/li>\n<li style=\"font-weight: 400;\"><span style=\"font-weight: 400;\">Kh\u00f4ng n\u00ean d\u00f9ng cho du kh\u00e1ch c\u00f3 v\u1ea5n \u0111\u1ec1 v\u1ec1 l\u01b0ng<\/span><\/li>\n<li style=\"font-weight: 400;\"><span style=\"font-weight: 400;\">Kh\u00f4ng n\u00ean d\u00f9ng cho du kh\u00e1ch mang thai <\/span><\/li>\n<li style=\"font-weight: 400;\"><span style=\"font-weight: 400;\"> Kh\u00f4ng c\u00f3 v\u1ea5n \u0111\u1ec1 v\u1ec1 tim ho\u1eb7c c\u00e1c t\u00ecnh tr\u1ea1ng y t\u1ebf nghi\u00eam tr\u1ecdng kh\u00e1c <\/span><\/li>\n<li style=\"font-weight: 400;\"><span style=\"font-weight: 400;\">H\u1ea7u h\u1ebft du kh\u00e1ch c\u00f3 th\u1ec3 tham gia<\/span><\/li>\n<\/ol>\n<h4><b><i>Ch\u00ednh s\u00e1ch h\u1ee7y<\/i><\/b><\/h4>\n<p>\u0110\u1ec3 \u0111\u01b0\u1ee3c ho\u00e0n ti\u1ec1n \u0111\u1ea7y \u0111\u1ee7, vui l\u00f2ng \u0111\u1ecdc ch\u00ednh s\u00e1ch H\u1ee7y c\u1ee7a ch\u00fang t\u00f4i\u00a0<a href=\"https:\/\/www.boattoursamana.com\/vi\/dat-phong-truc-tuyen\/\" target=\"_blank\" rel=\"noopener\" data-saferedirecturl=\"https:\/\/www.google.com\/url?q=https:\/\/www.boattoursamana.com\/online-booking\/&amp;source=gmail&amp;ust=1672449202351000&amp;usg=AOvVaw1yAeVAPktmaVCqDujgUn90\">B\u1ea5m v\u00e0o \u0111\u00e2y<\/a>. Ti\u1ec1n s\u1ebd b\u1ecb m\u1ea5t n\u1ebfu \u0111\u1eb7t ch\u1ed7 b\u1ecb h\u1ee7y trong c\u00f9ng ng\u00e0y c\u1ee7a chuy\u1ebfn \u0111i.<\/p>\n<p>&nbsp;<\/p>\n<p><em><strong>M\u1ecdi ng\u01b0\u1eddi c\u0169ng t\u00ecm ki\u1ebfm:\u00a0<\/strong><\/em><\/p>\n<p>t\u1ed5ng quan bao g\u1ed3m lo\u1ea1i tr\u1eeb kh\u1edfi h\u00e0nh<\/p>\n<p>bao g\u1ed3m lo\u1ea1i tr\u1eeb kh\u1edfi h\u00e0nh tr\u1edf v\u1ec1<\/p>\n<p>c\u00e1i ch\u1ebft c\u1ee7a th\u00e1c n\u01b0\u1edbc damajagua<\/p>\n<p>27 th\u00e1c n\u01b0\u1edbc c\u1ed9ng h\u00f2a dominica ch\u1ebft<\/p>\n<p>gi\u00e1 th\u00e1c n\u01b0\u1edbc damajagua<\/p>\n<p>&nbsp;<\/p>\n\n\t\t<\/div>\n\t<\/div>\n<\/div><\/div><\/div><\/div><div class=\"vc_row wpb_row vc_row-fluid\" ><div class=\"wpb_column vc_column_container vc_col-sm-12\"><div class=\"vc_column-inner\"><div class=\"wpb_wrapper\"><div class=\"vc_btn3-container vc_btn3-inline\" ><button class=\"vc_general vc_btn3 vc_btn3-size-md vc_btn3-shape-rounded vc_btn3-style-modern vc_btn3-color-green\">\u0110\u0102\u0323T B\u00c2Y GI\u1edc<\/button><\/div>\n\t<div class=\"wpb_video_widget wpb_content_element vc_clearfix   vc_video-aspect-ratio-169 vc_video-el-width-100 vc_video-align-left\" >\n\t\t<div class=\"wpb_wrapper\">\n\t\t\t<h2 class=\"wpb_heading wpb_video_heading\">Chuy\u1ebfn tham quan 27 th\u00e1c n\u01b0\u1edbc Damajagua t\u1eeb Puerto Plata:<\/h2>\n\t\t\t<div class=\"wpb_video_wrapper\"><iframe loading=\"lazy\" title=\"27 Th\u00e1c n\u01b0\u1edbc Damajagua c\u1ee7a Booking Adventures &amp; Travel C\u1ed9ng h\u00f2a Dominica\" width=\"1100\" height=\"619\" src=\"https:\/\/www.youtube.com\/embed\/AVNh_we_RQE?start=17&feature=oembed\" frameborder=\"0\" allow=\"accelerometer; autoplay; encrypted-media; gyroscope; picture-in-picture\" allowfullscreen><\/iframe><\/div>\n\t\t<\/div>\n\t<\/div>\n<\/div><\/div><\/div><\/div><div class=\"vc_row wpb_row vc_row-fluid\" ><\/div><div class=\"wpb_column vc_column_container vc_col-sm-12\"><div class=\"vc_column-inner\"><div class=\"wpb_wrapper\"><\/div><\/div><\/div><div class=\"vc_empty_space\"   style=\"height: 32px\"><span class=\"vc_empty_space_inner\"><\/span><\/div><div class=\"vc_empty_space\"   style=\"height: 32px\"><span class=\"vc_empty_space_inner\"><\/span><\/div><div class=\"vc_row wpb_row vc_row-fluid\" ><div class=\"wpb_column vc_column_container vc_col-sm-12\"><div class=\"vc_column-inner\"><div class=\"wpb_wrapper\"><div class=\"vc_btn3-container vc_btn3-inline\" ><button class=\"vc_general vc_btn3 vc_btn3-size-md vc_btn3-shape-rounded vc_btn3-style-modern vc_btn3-color-green\">\u0110\u0102\u0323T B\u00c2Y GI\u1edc<\/button><\/div><\/div><\/div><\/div><\/div>","protected":false},"excerpt":{"rendered":"<p>Chuy\u1ebfn tham quan n\u00e0y t\u1eeb 27 th\u00e1c n\u01b0\u1edbc Damajagua \u1edf Puerto Plata, \u0102n tr\u01b0a v\u00e0 Tham quan 27 th\u00e1c n\u01b0\u1edbc, \u0111i b\u1ed9 v\u00e0 nh\u1ea3y xu\u1ed1ng s\u00f4ng.<\/p>\n<p>Chuy\u1ebfn \u0111i sinh th\u00e1i t\u1edbi 27 th\u00e1c n\u01b0\u1edbc c\u1ee7a Puerto Plata. Nh\u1eadn v\u00e9 cho chuy\u1ebfn tham quan n\u1eeda ng\u00e0y t\u1ea1i Th\u00e1c Damajagua 27. V\u00e9 v\u00e0o c\u1eeda bao g\u1ed3m b\u1eefa tr\u01b0a v\u00e0 chuy\u1ebfn tham quan bao g\u1ed3m nh\u1ea3y v\u00e0 b\u01a1i trong nh\u1eefng th\u00e1c n\u01b0\u1edbc \u0111\u1eb9p nh\u1ea5t \u1edf C\u1ed9ng h\u00f2a Dominica. \u0110i b\u1ed9 v\u00e0 b\u01a1i l\u1ed9i v\u1edbi thi\u1ebft b\u1ecb an to\u00e0n \u0111\u1ec3 c\u00f3 tr\u1ea3i nghi\u1ec7m t\u1ed1t nh\u1ea5t!<\/p>\n<p><strong><span style=\"vertical-align: inherit;\"><span style=\"vertical-align: inherit;\"><span style=\"vertical-align: inherit;\"><span style=\"vertical-align: inherit;\">Ch\u1ecdn l\u1ef1a cu\u1ed9c phi\u00eau l\u01b0u cho el Tour:\u00a0<\/span><\/span><\/span><\/span><\/strong><\/p>","protected":false},"featured_media":12093,"template":"","meta":[],"product_cat":[283,947,864,159,253,252],"product_tag":[405,865,403,402,285,407],"class_list":["post-12091","product","type-product","status-publish","has-post-thumbnail","hentry","product_cat-damajagua","product_cat-1-puerto-plata","product_cat-buggies-puerto-plata","product_cat-fees-entrace","product_cat-tours-and-excursions","product_cat-waterfalls","product_tag-amber-cove-excursions","product_tag-buggies-puerto-plata","product_tag-damajagua-national-park","product_tag-how-to-get-to-27-waterfalls-from-puerto-plata","product_tag-puerto-plata","product_tag-things-to-do-in-amber-cove"],"_links":{"self":[{"href":"https:\/\/www.boattoursamana.com\/vi\/wp-json\/wp\/v2\/product\/12091","targetHints":{"allow":["GET"]}}],"collection":[{"href":"https:\/\/www.boattoursamana.com\/vi\/wp-json\/wp\/v2\/product"}],"about":[{"href":"https:\/\/www.boattoursamana.com\/vi\/wp-json\/wp\/v2\/types\/product"}],"wp:featuredmedia":[{"embeddable":true,"href":"https:\/\/www.boattoursamana.com\/vi\/wp-json\/wp\/v2\/media\/12093"}],"wp:attachment":[{"href":"https:\/\/www.boattoursamana.com\/vi\/wp-json\/wp\/v2\/media?parent=12091"}],"wp:term":[{"taxonomy":"product_cat","embeddable":true,"href":"https:\/\/www.boattoursamana.com\/vi\/wp-json\/wp\/v2\/product_cat?post=12091"},{"taxonomy":"product_tag","embeddable":true,"href":"https:\/\/www.boattoursamana.com\/vi\/wp-json\/wp\/v2\/product_tag?post=12091"}],"curies":[{"name":"wp","href":"https:\/\/api.w.org\/{rel}","templated":true}]}}