{"id":12214,"date":"2021-03-03T18:41:33","date_gmt":"2021-03-03T18:41:33","guid":{"rendered":"https:\/\/www.ticketswhales.com\/?post_type=product&#038;p=12214"},"modified":"2023-11-07T20:57:34","modified_gmt":"2023-11-07T20:57:34","slug":"tainos-canoe-in-los-haitises-national-park","status":"publish","type":"product","link":"https:\/\/www.boattoursamana.com\/vi\/chuyen-du-lich\/tainos-canoe-in-los-haitises-cong-vien-quoc-gia","title":{"rendered":"Ca n\u00f4 c\u1ee7a Taino Los Haitises"},"content":{"rendered":"<div class=\"vc_row wpb_row vc_row-fluid\" ><div class=\"wpb_column vc_column_container vc_col-sm-12\"><div class=\"vc_column-inner\"><div class=\"wpb_wrapper\"><div class=\"vc_empty_space\"   style=\"height: 32px\"><span class=\"vc_empty_space_inner\"><\/span><\/div><\/div><\/div><\/div><\/div><div class=\"vc_row wpb_row vc_row-fluid\" ><div class=\"wpb_column vc_column_container vc_col-sm-12\"><div class=\"vc_column-inner\"><div class=\"wpb_wrapper\"><div class=\"mkdf-section-title-holder\" style=\"text-align: left\">\n\t<div class=\"mkdf-st-inner\">\n\t\t\t\t\t<h5 class=\"mkdf-st-subtitle\" >\n\t\t\t\tCa n\u00f4 phi\u00eau l\u01b0u\t\t\t<\/h5>\n\t\t\t\t\t\t\t<h3 class=\"mkdf-st-title\" >\n\t\t\t\tCa n\u00f4 c\u1ee7a Taino \u1edf C\u00f4ng vi\u00ean qu\u1ed1c gia Los Haitises\t\t\t<\/h3>\n\t\t\t\t\t<\/div>\n<\/div><\/div><\/div><\/div><\/div><div class=\"vc_row wpb_row vc_row-fluid\" ><div class=\"wpb_column vc_column_container vc_col-sm-12\"><div class=\"vc_column-inner\"><div class=\"wpb_wrapper\"><div class=\"vc_empty_space\"   style=\"height: 32px\"><span class=\"vc_empty_space_inner\"><\/span><\/div><\/div><\/div><\/div><\/div><div class=\"vc_row wpb_row vc_row-fluid\" ><div class=\"wpb_column vc_column_container vc_col-sm-12\"><div class=\"vc_column-inner\"><div class=\"wpb_wrapper\"><div class=\"vc_btn3-container vc_btn3-inline\" ><button class=\"vc_general vc_btn3 vc_btn3-size-md vc_btn3-shape-rounded vc_btn3-style-modern vc_btn3-color-green\">\u0110\u0102\u0323T B\u00c2Y GI\u1edc<\/button><\/div>\n\t<div class=\"wpb_text_column wpb_content_element\" >\n\t\t<div class=\"wpb_wrapper\">\n\t\t\t<h4><b><i>T\u1ed5ng quan <\/i><\/b><\/h4>\n<p><span style=\"font-weight: 400;\">T\u00f2 m\u00f2 v\u1ec1 cu\u1ed9c s\u1ed1ng h\u00e0ng ng\u00e0y c\u1ee7a Ta\u00ednos? V\u1edbi ho\u1ea1t \u0111\u1ed9ng Phi\u00eau l\u01b0u Taino, b\u1ea1n s\u1ebd \u0111\u01b0\u1ee3c \u0111\u01b0a ng\u01b0\u1ee3c th\u1eddi gian \u0111\u1ec3 tr\u1ea3i nghi\u1ec7m th\u1ebf gi\u1edbi c\u1ee7a ng\u01b0\u1eddi d\u00e2n b\u1ea3n \u0111\u1ecba C\u1ed9ng h\u00f2a Dominica.\u00a0<\/span><\/p>\n<p><span style=\"font-weight: 400;\">Ca n\u00f4 \u0111\u01b0\u1ee3c cho l\u00e0 ph\u1ea7n quan tr\u1ecdng nh\u1ea5t trong cu\u1ed9c s\u1ed1ng c\u1ee7a ng\u01b0\u1eddi Ta\u00ednos. V\u1edbi n\u00f3, h\u1ecd \u0111\u00e1nh c\u00e1, \u0111i \u0111\u1ebfn nh\u1eefng h\u00f2n \u0111\u1ea3o nh\u1ecf h\u01a1n, li\u00ean l\u1ea1c v\u1edbi c\u00e1c b\u1ed9 l\u1ea1c kh\u00e1c v\u00e0 \u0111\u1ebfn th\u0103m c\u00e1c ph\u00e1p s\u01b0 \u0111\u1ec3 th\u1ef1c hi\u1ec7n c\u00e1c nghi l\u1ec5, ch\u1eefa b\u1ec7nh v\u00e0 ti\u00ean tri. T\u1ea1i Booking Adventures, ch\u00fang t\u00f4i mu\u1ed1n b\u1ea1n \u0111\u1eafm ch\u00ecm v\u00e0o th\u1ebf gi\u1edbi c\u1ee7a Ta\u00ednos.\u00a0 <\/span><\/p>\n<p>&nbsp;<\/p>\n<h4><b>Bao g\u1ed3m &amp; Lo\u1ea1i tr\u1eeb<\/b><\/h4>\n<p><b>bao g\u1ed3m<\/b><\/p>\n<ol>\n<li style=\"font-weight: 400;\">\u0111i ca n\u00f4<\/li>\n<li>\u00c1o ph\u00f4ng mi\u1ec5n ph\u00ed c\u00f3 ch\u1eef t\u01b0\u1ee3ng h\u00ecnh c\u1ee7a Taino<\/li>\n<li>H\u01b0\u01a1ng v\u1ecb b\u00e1nh m\u00ec Casabe<\/li>\n<li>du l\u1ecbch hang \u0111\u1ed9ng<\/li>\n<li style=\"font-weight: 400;\"><span style=\"font-weight: 400;\">T\u1ea5t c\u1ea3 c\u00e1c lo\u1ea1i thu\u1ebf, ph\u00ed v\u00e0 l\u1ec7 ph\u00ed x\u1eed l\u00fd<\/span><\/li>\n<li style=\"font-weight: 400;\"><span style=\"font-weight: 400;\">Thu\u1ebf \u0111\u1ecba ph\u01b0\u01a1ng<\/span><\/li>\n<li style=\"font-weight: 400;\"><span style=\"font-weight: 400;\">H\u01b0\u1edbng d\u1eabn \u0111\u1ecba ph\u01b0\u01a1ng<\/span><\/li>\n<\/ol>\n<p><b> lo\u1ea1i tr\u1eeb<\/b><\/p>\n<ol>\n<li style=\"font-weight: 400;\"><span style=\"font-weight: 400;\">ti\u1ec1n th\u01b0\u1edfng<\/span><\/li>\n<li style=\"font-weight: 400;\"><span style=\"font-weight: 400;\">Chuy\u1ec3n nh\u01b0\u1ee3ng<\/span><\/li>\n<li>Kh\u00f4ng bao g\u1ed3m \u0103n tr\u01b0a<\/li>\n<li style=\"font-weight: 400;\"><span style=\"font-weight: 400;\">\u0110\u1ed3 u\u1ed1ng c\u00f3 c\u1ed3n<\/span><\/li>\n<\/ol>\n<p>&nbsp;<\/p>\n<h4><em><strong>Kh\u1edfi h\u00e0nh &amp; Tr\u1edf v\u1ec1<\/strong><\/em><\/h4>\n<p><span style=\"font-weight: 400;\">Kh\u00e1ch du l\u1ecbch s\u1ebd nh\u1eadn \u0111\u01b0\u1ee3c m\u1ed9t \u0111i\u1ec3m g\u1eb7p g\u1ee1 sau Quy tr\u00ecnh \u0111\u1eb7t ch\u1ed7. C\u00e1c chuy\u1ebfn tham quan b\u1eaft \u0111\u1ea7u v\u00e0 k\u1ebft th\u00fac t\u1ea1i c\u00e1c \u0111i\u1ec3m g\u1eb7p g\u1ee1 c\u1ee7a ch\u00fang t\u00f4i.<\/span><\/p>\n<h4><b><i>Mong \u0111\u1ee3i \u0111i\u1ec1u g\u00ec?<\/i><\/b><\/h4>\n<p><span style=\"font-weight: 400;\">Trong ho\u1ea1t \u0111\u1ed9ng n\u00e0y, b\u1ea1n s\u1ebd kh\u1edfi h\u00e0nh tr\u00ean nh\u1eefng chi\u1ebfc ca n\u00f4 th\u1ee7 c\u00f4ng, gi\u1ed1ng nh\u01b0 ng\u01b0\u1eddi Ta\u00ednos \u0111\u00e3 l\u00e0m. B\u1ea1n s\u1ebd nghe th\u1ea5y nhi\u1ec1u \u00e2m thanh \u0111\u00e1nh d\u1ea5u m\u1ed1i li\u00ean h\u1ec7 c\u1ee7a ch\u00fang v\u1edbi thi\u00ean nhi\u00ean: ti\u1ebfng s\u1ebfu k\u00eau, ti\u1ebfng cua l\u1eb7n xu\u1ed1ng n\u01b0\u1edbc v\u00e0 ti\u1ebfng s\u00f3ng v\u1ed7 nh\u1eb9 v\u00e0o c\u00e1c t\u1ea3ng \u0111\u00e1 t\u1ef1 nhi\u00ean. Nh\u1eefng v\u00f2m r\u1ec5 c\u00e2y ng\u1eadp m\u1eb7n s\u1ebd khi\u1ebfn b\u1ea1n li\u00ean t\u01b0\u1edfng \u0111\u1ebfn nh\u1eefng th\u00e1nh \u0111\u01b0\u1eddng, v\u00e0 th\u1ef1c s\u1ef1, ng\u01b0\u1eddi Ta\u00ednos (m\u1eb7c d\u00f9 h\u1ecd kh\u00f4ng c\u00f3 nh\u00e0 th\u1edd) r\u1ea5t t\u00e2m linh. Khi b\u1ea1n \u0111\u00e3 b\u1eaft \u0111\u1ea7u v\u1edbi h\u01b0\u1edbng d\u1eabn c\u1ee7a ch\u00fang t\u00f4i, b\u1ea1n s\u1ebd \u0111\u01b0\u1ee3c th\u01b0\u1edfng th\u1ee9c nhi\u1ec1u lo\u1ea1i chim, b\u00f2 s\u00e1t v\u00e0 c\u00e1 phong ph\u00fa c\u1ee7a r\u1eebng ng\u1eadp m\u1eb7n. Cho\u00e1ng ng\u1ee3p tr\u01b0\u1edbc v\u1ebb l\u1ea5p l\u00e1nh c\u1ee7a nh\u1eefng con s\u00f3ng l\u1ea5p l\u00e1nh trong \u00e1nh ban mai, nh\u1eefng ng\u1ecdn n\u00fai Saman\u00e1 \u1edf ph\u00eda xa v\u00e0 m\u00e0u xanh ng\u1ecdc l\u1ee5c b\u1ea3o c\u1ee7a nh\u1eefng h\u00e0ng c\u1ecd \u0111ung \u0111\u01b0a.\u00a0\u00a0<\/span><\/p>\n<p><span style=\"font-weight: 400;\">Ti\u1ebfp theo, b\u1ea1n s\u1ebd c\u00f3 th\u1ec3 gh\u00e9 th\u0103m m\u1ed9t s\u1ed1 hang \u0111\u1ed9ng \u0111\u1eb7c bi\u1ec7t quan tr\u1ecdng \u0111\u1ed1i v\u1edbi ng\u01b0\u1eddi Ta\u00ednos. H\u1ecd \u0111i t\u1eeb hang \u0111\u1ed9ng n\u00e0y sang hang \u0111\u1ed9ng kh\u00e1c \u0111\u1ec3 th\u0103m nh\u1eefng nh\u00e0 th\u00f4ng th\u00e1i, tr\u00fa \u1ea9n kh\u1ecfi nh\u1eefng c\u01a1n b\u00e3o v\u00e0 l\u00e0 \u0111i\u1ec3m g\u1eb7p g\u1ee1 v\u1edbi c\u00e1c b\u1ed9 l\u1ea1c kh\u00e1c. Khi b\u1ea1n \u1edf trong hang \u0111\u1ed9ng, b\u1ea1n s\u1ebd c\u00f3 th\u1ec3 \u0111\u00e1nh gi\u00e1 cao s\u1ef1 im l\u1eb7ng v\u00e0 h\u00e0o quang thi\u00eang li\u00eang c\u1ee7a kh\u00f4ng gian. B\u1ea1n s\u1ebd th\u1ea5y m\u1ed9t s\u1ed1 h\u00ecnh ch\u1ea1m kh\u1eafc tr\u00ean \u0111\u00e1, \u0111\u01b0\u1ee3c g\u1ecdi l\u00e0 tranh kh\u1eafc \u0111\u00e1, t\u01b0\u1ee3ng tr\u01b0ng cho c\u00e1c v\u1ecb th\u1ea7n v\u00e0 linh h\u1ed3n c\u1ee7a h\u1ecd. Cu\u1ed1i c\u00f9ng, b\u1ea1n s\u1ebd c\u00f3 th\u1ec3 n\u1ebfm th\u1eed m\u1ed9t s\u1ed1 lo\u1ea1i tr\u00e1i c\u00e2y nhi\u1ec7t \u0111\u1edbi m\u00e0 Ta\u00ednos \u0111\u00e3 thu th\u1eadp tr\u01b0\u1edbc khi quay tr\u1edf l\u1ea1i \u0111i\u1ec3m t\u1eadp trung.\u00a0<\/span><\/p>\n<p><span style=\"font-weight: 400;\">Trong chuy\u1ebfn tham quan n\u00e0y, c\u00e1c h\u01b0\u1edbng d\u1eabn vi\u00ean chuy\u00ean nghi\u1ec7p c\u1ee7a ch\u00fang t\u00f4i s\u1ebd m\u00f4 t\u1ea3 nhi\u1ec1u c\u00f4ng d\u1ee5ng c\u1ee7a xu\u1ed3ng, c\u00e1ch ng\u01b0\u1eddi Ta\u00ednos s\u1ed1ng tr\u01b0\u1edbc th\u1eddi Columbus v\u00e0 r\u1eebng ng\u1eadp m\u1eb7n c\u1ea7n thi\u1ebft nh\u01b0 th\u1ebf n\u00e0o \u0111\u1ed1i v\u1edbi s\u1ee9c kh\u1ecfe c\u1ee7a m\u00f4i tr\u01b0\u1eddng.\u00a0<\/span><\/p>\n<p>&nbsp;<\/p>\n<h4><em><strong>B\u1ea1n n\u00ean mang theo nh\u1eefng g\u00ec?<\/strong><\/em><\/h4>\n<ul>\n<li style=\"font-weight: 400;\"><span style=\"font-weight: 400;\">M\u00e1y \u1ea3nh<\/span><\/li>\n<li style=\"font-weight: 400;\"><span style=\"font-weight: 400;\">ch\u1ed3i \u0111u\u1ed5i<\/span><\/li>\n<li style=\"font-weight: 400;\"><span style=\"font-weight: 400;\">kem ch\u1ed1ng n\u1eafng<\/span><\/li>\n<li style=\"font-weight: 400;\"><span style=\"font-weight: 400;\">m\u0169<\/span><\/li>\n<li style=\"font-weight: 400;\"><span style=\"font-weight: 400;\">qu\u1ea7n tho\u1ea3i m\u00e1i<\/span><\/li>\n<li style=\"font-weight: 400;\"><span style=\"font-weight: 400;\">D\u00e9p ho\u1eb7c Gi\u00e0y cho nh\u1eefng khu v\u1ef1c l\u1ea7y l\u1ed9i.\u00a0<\/span><\/li>\n<li style=\"font-weight: 400;\"><span style=\"font-weight: 400;\">\u0111\u1ed3 b\u01a1i<\/span><\/li>\n<\/ul>\n<p>&nbsp;<\/p>\n<h4><b><i>\u0110\u00f3n kh\u00e1ch s\u1ea1n <\/i><\/b><\/h4>\n<p><span style=\"font-weight: 400;\">\u0110\u00f3n kh\u00e1ch s\u1ea1n kh\u00f4ng \u0111\u01b0\u1ee3c cung c\u1ea5p cho tour du l\u1ecbch n\u00e0y. <\/span><\/p>\n<p><b>Ghi ch\u00fa:<\/b><span style=\"font-weight: 400;\"> n\u1ebfu b\u1ea1n \u0111\u1eb7t ch\u1ed7 trong v\u00f2ng 24 gi\u1edd k\u1ec3 t\u1eeb gi\u1edd kh\u1edfi h\u00e0nh chuy\u1ebfn tham quan\/Chuy\u1ebfn tham quan, ch\u00fang t\u00f4i c\u00f3 th\u1ec3 s\u1eafp x\u1ebfp d\u1ecbch v\u1ee5 \u0111\u00f3n kh\u00e1ch t\u1ea1i kh\u00e1ch s\u1ea1n v\u1edbi m\u1ed9t kho\u1ea3n ph\u1ee5 ph\u00ed. Sau khi giao d\u1ecbch mua c\u1ee7a b\u1ea1n ho\u00e0n t\u1ea5t, ch\u00fang t\u00f4i s\u1ebd g\u1eedi cho b\u1ea1n th\u00f4ng tin li\u00ean h\u1ec7 \u0111\u1ea7y \u0111\u1ee7 (s\u1ed1 \u0111i\u1ec7n tho\u1ea1i, \u0111\u1ecba ch\u1ec9 email, v.v.) \u0111\u1ec3 H\u01b0\u1edbng d\u1eabn vi\u00ean du l\u1ecbch \u0111\u1ecba ph\u01b0\u01a1ng c\u1ee7a ch\u00fang t\u00f4i s\u1eafp x\u1ebfp vi\u1ec7c \u0111\u00f3n kh\u00e1ch.<\/span><\/p>\n<h4><b><i>X\u00e1c nh\u1eadn th\u00f4ng tin b\u1ed5 sung <\/i><\/b><\/h4>\n<ol>\n<li>V\u00e9 l\u00e0 Bi\u00ean nh\u1eadn sau khi thanh to\u00e1n cho Tour n\u00e0y. B\u1ea1n c\u00f3 th\u1ec3 hi\u1ec3n th\u1ecb thanh to\u00e1n tr\u00ean \u0111i\u1ec7n tho\u1ea1i c\u1ee7a m\u00ecnh.<\/li>\n<li style=\"font-weight: 400;\"><span style=\"font-weight: 400;\">\u0110i\u1ec3m h\u1eb9n s\u1ebd nh\u1eadn \u0111\u01b0\u1ee3c sau qu\u00e1 tr\u00ecnh \u0111\u1eb7t ch\u1ed7.<\/span><\/li>\n<li style=\"font-weight: 400;\"><span style=\"font-weight: 400;\">Tr\u1ebb em ph\u1ea3i \u0111i c\u00f9ng ng\u01b0\u1eddi l\u1edbn.<\/span><\/li>\n<li style=\"font-weight: 400;\"><span style=\"font-weight: 400;\"> Kh\u00f4ng th\u1ec3 s\u1eed d\u1ee5ng xe l\u0103n <\/span><\/li>\n<li style=\"font-weight: 400;\"><span style=\"font-weight: 400;\">Tr\u1ebb s\u01a1 sinh ph\u1ea3i ng\u1ed3i tr\u00ean \u0111\u00f9i <\/span><\/li>\n<li style=\"font-weight: 400;\"><span style=\"font-weight: 400;\">Kh\u00f4ng n\u00ean d\u00f9ng cho du kh\u00e1ch c\u00f3 v\u1ea5n \u0111\u1ec1 v\u1ec1 l\u01b0ng<\/span><\/li>\n<li style=\"font-weight: 400;\"><span style=\"font-weight: 400;\">Kh\u00f4ng n\u00ean d\u00f9ng cho du kh\u00e1ch mang thai <\/span><\/li>\n<li style=\"font-weight: 400;\"><span style=\"font-weight: 400;\"> Kh\u00f4ng c\u00f3 v\u1ea5n \u0111\u1ec1 v\u1ec1 tim ho\u1eb7c c\u00e1c t\u00ecnh tr\u1ea1ng y t\u1ebf nghi\u00eam tr\u1ecdng kh\u00e1c <\/span><\/li>\n<li style=\"font-weight: 400;\"><span style=\"font-weight: 400;\">H\u1ea7u h\u1ebft du kh\u00e1ch c\u00f3 th\u1ec3 tham gia<\/span><\/li>\n<\/ol>\n<h4><b><i>Ch\u00ednh s\u00e1ch h\u1ee7y<\/i><\/b><\/h4>\n<p>\u0110\u1ec3 \u0111\u01b0\u1ee3c ho\u00e0n ti\u1ec1n \u0111\u1ea7y \u0111\u1ee7, vui l\u00f2ng \u0111\u1ecdc ch\u00ednh s\u00e1ch H\u1ee7y c\u1ee7a ch\u00fang t\u00f4i\u00a0<a href=\"https:\/\/www.boattoursamana.com\/vi\/dat-phong-truc-tuyen\/\" target=\"_blank\" rel=\"noopener\" data-saferedirecturl=\"https:\/\/www.google.com\/url?q=https:\/\/www.boattoursamana.com\/online-booking\/&amp;source=gmail&amp;ust=1672449202351000&amp;usg=AOvVaw1yAeVAPktmaVCqDujgUn90\">B\u1ea5m v\u00e0o \u0111\u00e2y<\/a>. Ti\u1ec1n s\u1ebd b\u1ecb m\u1ea5t n\u1ebfu \u0111\u1eb7t ch\u1ed7 b\u1ecb h\u1ee7y trong c\u00f9ng ng\u00e0y c\u1ee7a chuy\u1ebfn \u0111i.<\/p>\n\n\t\t<\/div>\n\t<\/div>\n<\/div><\/div><\/div><\/div><div class=\"vc_row wpb_row vc_row-fluid\" ><div class=\"wpb_column vc_column_container vc_col-sm-12\"><div class=\"vc_column-inner\"><div class=\"wpb_wrapper\"><div class=\"vc_empty_space\"   style=\"height: 32px\"><span class=\"vc_empty_space_inner\"><\/span><\/div>\n\t<div class=\"wpb_text_column wpb_content_element\" >\n\t\t<div class=\"wpb_wrapper\">\n\t\t\t<h4>Li\u00ean h\u1ec7 ch\u00fang t\u00f4i?<\/h4>\n<h5>\u0111\u1eb7t ph\u00f2ng phi\u00eau l\u01b0u<\/h5>\n<p><em><strong>ng\u01b0\u1eddi d\u00e2n \u0111\u1ecba ph\u01b0\u01a1ng<\/strong>\u00a0v\u00e0\u00a0<strong>c\u00f4ng d\u00e2n<\/strong>\u00a0H\u01b0\u1edbng d\u1eabn vi\u00ean du l\u1ecbch &amp; D\u1ecbch v\u1ee5 kh\u00e1ch<\/em><\/p>\n<p><span class=\"text-turquoise\">\u0111\u1eb7t ph\u00f2ng:<\/span>\u00a0Chuy\u1ebfn tham quan &amp; du ngo\u1ea1n t\u1ea1i Dom. Tr\u1ea3 l\u1eddi.<\/p>\n<p><img decoding=\"async\" class=\"emoji\" draggable=\"false\" src=\"https:\/\/s.w.org\/images\/core\/emoji\/11.2.0\/svg\/1f4de.svg\" alt=\"\ud83d\udcde\" title=\"\">\u00a0\u0110i\u1ec7n tho\u1ea1i \/ Whatsapp\u00a0\u00a0<a href=\"tel:+1-809-720-6035\">+1-809-720-6035<\/a>.<\/p>\n<p><img decoding=\"async\" class=\"emoji\" draggable=\"false\" src=\"https:\/\/s.w.org\/images\/core\/emoji\/11.2.0\/svg\/1f4e9.svg\" alt=\"\ud83d\udce9\" title=\"\">\u00a0<a href=\"mailto:info@bookingadventures.com.do\">info@bookingadventures.com.do<\/a><\/p>\n<p><strong>Ch\u00fang t\u00f4i \u0111ang thi\u1ebft l\u1eadp linh ho\u1ea1t c\u00e1c chuy\u1ebfn tham quan ri\u00eang t\u01b0 b\u1eb1ng Whatsapp:\u00a0<a href=\"tel:+18097206035\">+18097206035.<\/a><\/strong><\/p>\n\n\t\t<\/div>\n\t<\/div>\n<div class=\"vc_empty_space\"   style=\"height: 32px\"><span class=\"vc_empty_space_inner\"><\/span><\/div><\/div><\/div><\/div><\/div><div class=\"vc_row wpb_row vc_row-fluid\" ><div class=\"wpb_column vc_column_container vc_col-sm-12\"><div class=\"vc_column-inner\"><div class=\"wpb_wrapper\"><div class=\"vc_btn3-container vc_btn3-inline\" ><button class=\"vc_general vc_btn3 vc_btn3-size-md vc_btn3-shape-rounded vc_btn3-style-modern vc_btn3-color-green\">\u0110\u0102\u0323T B\u00c2Y GI\u1edc<\/button><\/div><\/div><\/div><\/div><\/div>","protected":false},"excerpt":{"rendered":"<p><span style=\"font-weight: 400;\">Trong ho\u1ea1t \u0111\u1ed9ng n\u00e0y, b\u1ea1n s\u1ebd kh\u1edfi h\u00e0nh tr\u00ean nh\u1eefng chi\u1ebfc ca n\u00f4 th\u1ee7 c\u00f4ng, gi\u1ed1ng nh\u01b0 ng\u01b0\u1eddi Ta\u00ednos \u0111\u00e3 l\u00e0m. B\u1ea1n s\u1ebd nghe th\u1ea5y nhi\u1ec1u \u00e2m thanh \u0111\u00e1nh d\u1ea5u m\u1ed1i li\u00ean h\u1ec7 c\u1ee7a ch\u00fang v\u1edbi thi\u00ean nhi\u00ean: ti\u1ebfng s\u1ebfu k\u00eau, ti\u1ebfng cua l\u1eb7n xu\u1ed1ng n\u01b0\u1edbc v\u00e0 ti\u1ebfng s\u00f3ng v\u1ed7 nh\u1eb9 v\u00e0o c\u00e1c t\u1ea3ng \u0111\u00e1 t\u1ef1 nhi\u00ean. Nh\u1eefng v\u00f2m r\u1ec5 c\u00e2y ng\u1eadp m\u1eb7n s\u1ebd khi\u1ebfn b\u1ea1n li\u00ean t\u01b0\u1edfng \u0111\u1ebfn nh\u1eefng th\u00e1nh \u0111\u01b0\u1eddng, v\u00e0 th\u1ef1c s\u1ef1, ng\u01b0\u1eddi Ta\u00ednos (m\u1eb7c d\u00f9 h\u1ecd kh\u00f4ng c\u00f3 nh\u00e0 th\u1edd) r\u1ea5t t\u00e2m linh. Khi b\u1ea1n \u0111\u00e3 b\u1eaft \u0111\u1ea7u v\u1edbi h\u01b0\u1edbng d\u1eabn c\u1ee7a ch\u00fang t\u00f4i, b\u1ea1n s\u1ebd \u0111\u01b0\u1ee3c th\u01b0\u1edfng th\u1ee9c nhi\u1ec1u lo\u1ea1i chim, b\u00f2 s\u00e1t v\u00e0 c\u00e1 phong ph\u00fa c\u1ee7a r\u1eebng ng\u1eadp m\u1eb7n. Cho\u00e1ng ng\u1ee3p tr\u01b0\u1edbc v\u1ebb l\u1ea5p l\u00e1nh c\u1ee7a nh\u1eefng con s\u00f3ng l\u1ea5p l\u00e1nh trong \u00e1nh ban mai, nh\u1eefng ng\u1ecdn n\u00fai Saman\u00e1 \u1edf ph\u00eda xa v\u00e0 m\u00e0u xanh ng\u1ecdc l\u1ee5c b\u1ea3o c\u1ee7a nh\u1eefng h\u00e0ng c\u1ecd \u0111ung \u0111\u01b0a.\u00a0 <\/span><\/p>\n<p>&nbsp;<\/p>\n<p><strong>Vui l\u00f2ng ch\u1ecdn ng\u00e0y cho Tour:<\/strong><\/p>","protected":false},"featured_media":12220,"template":"","meta":[],"product_cat":[838,946,867,926,254,255],"product_tag":[176,211,868,869,192,319,208,206,207,171,209,426,837,327,175,199,200],"class_list":["post-12214","product","type-product","status-publish","has-post-thumbnail","hentry","product_cat-mangroves-projects","product_cat-1-sabana-de-la-mar","product_cat-los-haitises","product_cat-tainos-canoes","product_cat-tours-excursions-los-haitises-national-park","product_cat-tours-excursions-samana-bay-dominican-republic","product_tag-cano-hondo","product_tag-cano-hondo-hotel","product_tag-canoes","product_tag-canoes-dominican-republic","product_tag-day-tour-cano-hondo","product_tag-kayak-dominican-republic","product_tag-kayaking-dominican-republic","product_tag-kayaking-los-haitises","product_tag-kayaks","product_tag-los-haitises","product_tag-los-haitises-national-park","product_tag-los-haitises-tours","product_tag-mangroves-reforestation-in-los-haitises-with-locals","product_tag-private-tours-samana","product_tag-sabana-de-la-mar","product_tag-samana-bay","product_tag-samana-excursions"],"_links":{"self":[{"href":"https:\/\/www.boattoursamana.com\/vi\/wp-json\/wp\/v2\/product\/12214","targetHints":{"allow":["GET"]}}],"collection":[{"href":"https:\/\/www.boattoursamana.com\/vi\/wp-json\/wp\/v2\/product"}],"about":[{"href":"https:\/\/www.boattoursamana.com\/vi\/wp-json\/wp\/v2\/types\/product"}],"wp:featuredmedia":[{"embeddable":true,"href":"https:\/\/www.boattoursamana.com\/vi\/wp-json\/wp\/v2\/media\/12220"}],"wp:attachment":[{"href":"https:\/\/www.boattoursamana.com\/vi\/wp-json\/wp\/v2\/media?parent=12214"}],"wp:term":[{"taxonomy":"product_cat","embeddable":true,"href":"https:\/\/www.boattoursamana.com\/vi\/wp-json\/wp\/v2\/product_cat?post=12214"},{"taxonomy":"product_tag","embeddable":true,"href":"https:\/\/www.boattoursamana.com\/vi\/wp-json\/wp\/v2\/product_tag?post=12214"}],"curies":[{"name":"wp","href":"https:\/\/api.w.org\/{rel}","templated":true}]}}