{"id":12436,"date":"2021-03-24T09:58:12","date_gmt":"2021-03-24T09:58:12","guid":{"rendered":"https:\/\/www.ticketswhales.com\/?post_type=product&#038;p=12436"},"modified":"2023-11-07T20:30:52","modified_gmt":"2023-11-07T20:30:52","slug":"saona-island-rentals-rent-a-private-boat","status":"publish","type":"product","link":"https:\/\/www.boattoursamana.com\/vi\/chuyen-du-lich\/saona-dao-thue-thue-thuyen-tu-nhan-2","title":{"rendered":"Saona Island Rentals \u2013 Thu\u00ea thuy\u1ec1n ri\u00eang"},"content":{"rendered":"<div class=\"vc_row wpb_row vc_row-fluid\" > <div class=\"wpb_column vc_column_container vc_col-sm-12\"><div class=\"vc_column-inner\"><div class=\"wpb_wrapper\"> \n\t<div class=\"wpb_text_column wpb_content_element\" >\n\t\t<div class=\"wpb_wrapper\">\n\t\t\t\n\t\t<\/div>\n\t<\/div>\n <\/div><\/div><\/div> <\/div> <div class=\"wpb_column vc_column_container vc_col-sm-12\"><div class=\"vc_column-inner\"><div class=\"wpb_wrapper\"> <div class=\"vc_btn3-container vc_btn3-inline\" ><button class=\"vc_general vc_btn3 vc_btn3-size-md vc_btn3-shape-rounded vc_btn3-style-modern vc_btn3-color-green\">\u0110\u0102\u0323T B\u00c2Y GI\u1edc<\/button><\/div> <\/div><\/div><\/div> <div class=\"vc_tta-container\" data-vc-action=\"collapse\"><div class=\"vc_general vc_tta vc_tta-tabs vc_tta-color-grey vc_tta-style-classic vc_tta-shape-rounded vc_tta-spacing-1 vc_tta-tabs-position-top vc_tta-controls-align-left\"><div class=\"vc_tta-tabs-container\"><ul class=\"vc_tta-tabs-list\"><\/ul><\/div><div class=\"vc_tta-panels-container\"><div class=\"vc_tta-panels\"> <\/div><\/div><\/div><\/div> <div class=\"vc_tta-panel vc_active\" id=\"1616582286467-74629ea8-fd69\" data-vc-content=\".vc_tta-panel-body\"><div class=\"vc_tta-panel-heading\"><h4 class=\"vc_tta-panel-title\"><a href=\"#1616582286467-74629ea8-fd69\" data-vc-accordion data-vc-container=\".vc_tta-container\"><span class=\"vc_tta-title-text\">M\u00f4 t\u1ea3<\/span><\/a><\/h4><\/div><div class=\"vc_tta-panel-body\"> \n\t<div class=\"wpb_text_column wpb_content_element\" >\n\t\t<div class=\"wpb_wrapper\">\n\t\t\t<div class=\"custom-left\">\n<div class=\"row\">\n<div class=\"col-md-12 cust-clas\">\n<div class=\"product-header alignleft\">\n<p>\u0110\u1ea2O SAONA \u2013 THU\u00ca THUY\u1ec0N \u2013 THUY\u1ec0N<\/p>\n<p>THU\u00ca RI\u00caNG NG\u00c0Y \u0110\u1ebeN \u0110\u1ea2O SAONA<\/p>\n<p>TH\u1edcI GIAN LINH HO\u1ea0T \u2013 TH\u1ee8 2 \u0110\u1ebeN CH\u1ee6 NH\u1eacT<\/p>\n<\/div>\n<\/div>\n<\/div>\n<\/div>\n<div class=\"custom-left para-p\">\n<div class=\"info_content_label\">\n<p>&nbsp;<\/p>\n<p>&nbsp;<\/p>\n<p>&nbsp;<\/p>\n<p>&nbsp;<\/p>\n<p>Thu\u00ea chi\u1ebfc thuy\u1ec1n tuy\u1ec7t v\u1eddi n\u00e0y su\u1ed1t c\u1ea3 ng\u00e0y cho t\u1ed1i \u0111a 16 ng\u01b0\u1eddi \u0111\u1ebfn th\u0103m \u0110\u1ea3o Saona.<\/p>\n<p><strong>BAO G\u1ed2M<\/strong><\/p>\n<ul>\n<li>Phi h\u00e0nh \u0111o\u00e0n (Thuy\u1ec1n tr\u01b0\u1edfng v\u00e0 Tr\u1ee3 l\u00fd Thuy\u1ec1n tr\u01b0\u1edfng)<\/li>\n<li>Nhi\u00ean li\u1ec7u<\/li>\n<li>M\u00e1y l\u00e0m l\u1ea1nh b\u1eb1ng n\u01b0\u1edbc \u0111\u00e1<\/li>\n<\/ul>\n<p>\u0110\u1ed3 \u0103n \u0111\u01b0\u1ee3c cung c\u1ea5p k\u00e8m ph\u1ee5 ph\u00ed:<\/p>\n<p><strong>Chi ti\u1ebft buffet tr\u01b0a truy\u1ec1n th\u1ed1ng $15 USD\/ng\u01b0\u1eddi:<\/strong><\/p>\n<p>- Salad xanh, salad Nga<\/p>\n<p>-Hi\u1ec7p s\u1ef9<\/p>\n<p>-Moro de Guandule (c\u01a1m ki\u1ec3u Dominica) v\u1edbi d\u1eeba<\/p>\n<p>-M\u00ec \u1ed1ng s\u1ed1t c\u00e0 chua-S\u1eafn h\u1ea7m<\/p>\n<p>-C\u00e1 v\u00e0 g\u00e0 n\u01b0\u1edbng (dorado) + n\u01b0\u1edbc c\u1ed1t d\u1eeba t\u00f9y ch\u1ecdn<\/p>\n<p>n-Tr\u00e1i c\u00e2y t\u01b0\u01a1i-1 n\u01b0\u1edbc kh\u00f4ng c\u1ed3n (n\u01b0\u1edbc ng\u1ecdt ho\u1eb7c n\u01b0\u1edbc l\u1ecdc)<br \/>\n-Qu\u00e1n c\u00e0 ph\u00ea<\/p>\n<p><strong>D\u1ecbch v\u1ee5 th\u00eam t\u00f4m h\u00f9m + k\u1eb9o d\u1eeba $19 USD (th\u00eam).<\/strong><\/p>\n<\/div>\n<p><strong><label>Kh\u00f4ng bao g\u1ed3m:<\/label><\/strong> \u0110\u1ed3 u\u1ed1ng v\u00e0 th\u1ee9c \u0103n KH\u00d4NG \u0111\u01b0\u1ee3c bao g\u1ed3m v\u00e0 c\u00f3 th\u1ec3 \u0111\u01b0\u1ee3c thu x\u1ebfp v\u1edbi m\u1ed9t kho\u1ea3n ph\u1ee5 ph\u00ed.<\/p>\n<p>&nbsp;<\/p>\n<\/div>\n<p>N\u1ebfu b\u1ea1n c\u1ea7n th\u00eam th\u00f4ng tin ho\u1eb7c c\u00f3 b\u1ea5t k\u1ef3 c\u00e2u h\u1ecfi n\u00e0o, vui l\u00f2ng li\u00ean h\u1ec7 v\u1edbi ch\u00fang t\u00f4i qua Whatsapp: +1-809-720-6035 ho\u1eb7c Tr\u00f2 chuy\u1ec7n tr\u1ef1c ti\u1ebfp. Ch\u00fang t\u00f4i cung c\u1ea5p gi\u00e1 t\u1ed1t nh\u1ea5t tr\u1ef1c tuy\u1ebfn!<\/p>\n<p>&nbsp;<\/p>\n<h4><b><i>Ch\u00ednh s\u00e1ch h\u1ee7y<\/i><\/b><\/h4>\n<p>\u0110\u1ec3 \u0111\u01b0\u1ee3c ho\u00e0n l\u1ea1i ti\u1ec1n \u0111\u1ea7y \u0111\u1ee7, vui l\u00f2ng \u0111\u1ecdc ch\u00ednh s\u00e1ch h\u1ee7y c\u1ee7a ch\u00fang t\u00f4i <a href=\"https:\/\/www.boattoursamana.com\/vi\/dat-phong-truc-tuyen\/\" target=\"_blank\" rel=\"noopener\" data-saferedirecturl=\"https:\/\/www.google.com\/url?q=https:\/\/www.boattoursamana.com\/online-booking\/&amp;source=gmail&amp;ust=1672449202351000&amp;usg=AOvVaw1yAeVAPktmaVCqDujgUn90\">B\u1ea5m v\u00e0o \u0111\u00e2y<\/a>. S\u1ed1 ti\u1ec1n s\u1ebd b\u1ecb m\u1ea5t n\u1ebfu vi\u1ec7c \u0111\u1eb7t ch\u1ed7 b\u1ecb h\u1ee7y v\u00e0o c\u00f9ng ng\u00e0y \u0111i. <\/p>\n\n\t\t<\/div>\n\t<\/div>\n <\/div><\/div> <div class=\"vc_tta-panel\" id=\"1616580432722-00be9baf-46e3\" data-vc-content=\".vc_tta-panel-body\"><div class=\"vc_tta-panel-heading\"><h4 class=\"vc_tta-panel-title\"><a href=\"#1616580432722-00be9baf-46e3\" data-vc-accordion data-vc-container=\".vc_tta-container\"><span class=\"vc_tta-title-text\">Gi\u00e1 c\u1ea3<\/span><\/a><\/h4><\/div><div class=\"vc_tta-panel-body\"> <\/div><\/div> <div class=\"mkdf-section-title-holder\" style=\"text-align: center\">\n\t<div class=\"mkdf-st-inner\">\n\t\t\t\t\t\t\t<h3 class=\"mkdf-st-title\" >\n\t\t\t\tGI\u00c1\t\t\t<\/h3>\n\t\t\t\t\t<\/div>\n<\/div> <div class=\"vc_empty_space\"   style=\"height: 32px\"><span class=\"vc_empty_space_inner\"><\/span><\/div> <div class=\"vc_row wpb_row vc_row-fluid\" > <div class=\"wpb_column vc_column_container vc_col-sm-12\"><div class=\"vc_column-inner\"><div class=\"wpb_wrapper\"> <div class=\"vc_btn3-container vc_btn3-inline\" ><button class=\"vc_general vc_btn3 vc_btn3-size-md vc_btn3-shape-rounded vc_btn3-style-modern vc_btn3-color-green\">\u0110\u0102\u0323T B\u00c2Y GI\u1edc<\/button><\/div> <\/div><\/div><\/div> <\/div>","protected":false},"excerpt":{"rendered":"<p>Cho thu\u00ea thuy\u1ec1n \u0111\u1ea3o Saona \u2013 Thu\u00ea thuy\u1ec1n ri\u00eang, du thuy\u1ec1n, thuy\u1ec1n bu\u1ed3m, thuy\u1ec1n hai th\u00e2n v\u00e0 kh\u00e1m ph\u00e1 \u0111\u1ea3o Saona. Chuy\u1ebfn tham quan b\u1eb1ng thuy\u1ec1n h\u00e0ng \u0111\u1ea7u Saona &amp; Chuy\u1ebfn du ngo\u1ea1n b\u1eb1ng thuy\u1ec1n \u0111\u00f4i t\u1eeb C\u1ea3ng Bayahibe \u1edf C\u1ed9ng h\u00f2a Dominica\u2026 L\u00fac \u0111\u1ea7u, \u0111\u00e2y l\u00e0 C\u00f4ng ty cho thu\u00ea thuy\u1ec1n ph\u1ee5c v\u1ee5 du l\u1ecbch \u0111\u1ecba ph\u01b0\u01a1ng.<\/p>\n<p><strong>\u0110\u1eb7t thuy\u1ec1n ri\u00eang c\u1ee7a b\u1ea1n:\u00a0<\/strong><\/p>","protected":false},"featured_media":11544,"template":"","meta":[],"product_cat":[871],"product_tag":[874,875,872,876,873],"class_list":["post-12436","product","type-product","status-publish","has-post-thumbnail","hentry","product_cat-rent-private-boat-saona-island","product_tag-saona-island-boat-rent","product_tag-saona-island-boat-rentals","product_tag-saona-island-boat-renting","product_tag-saona-island-private-boat","product_tag-saona-island-rentals"],"_links":{"self":[{"href":"https:\/\/www.boattoursamana.com\/vi\/wp-json\/wp\/v2\/product\/12436","targetHints":{"allow":["GET"]}}],"collection":[{"href":"https:\/\/www.boattoursamana.com\/vi\/wp-json\/wp\/v2\/product"}],"about":[{"href":"https:\/\/www.boattoursamana.com\/vi\/wp-json\/wp\/v2\/types\/product"}],"wp:featuredmedia":[{"embeddable":true,"href":"https:\/\/www.boattoursamana.com\/vi\/wp-json\/wp\/v2\/media\/11544"}],"wp:attachment":[{"href":"https:\/\/www.boattoursamana.com\/vi\/wp-json\/wp\/v2\/media?parent=12436"}],"wp:term":[{"taxonomy":"product_cat","embeddable":true,"href":"https:\/\/www.boattoursamana.com\/vi\/wp-json\/wp\/v2\/product_cat?post=12436"},{"taxonomy":"product_tag","embeddable":true,"href":"https:\/\/www.boattoursamana.com\/vi\/wp-json\/wp\/v2\/product_tag?post=12436"}],"curies":[{"name":"wp","href":"https:\/\/api.w.org\/{rel}","templated":true}]}}