{"id":12453,"date":"2021-03-27T19:17:04","date_gmt":"2021-03-27T19:17:04","guid":{"rendered":"https:\/\/www.ticketswhales.com\/?post_type=product&#038;p=12453"},"modified":"2023-11-07T20:26:43","modified_gmt":"2023-11-07T20:26:43","slug":"los-haitises-tainos-canoe-mountain-bike-tour","status":"publish","type":"product","link":"https:\/\/www.boattoursamana.com\/vi\/chuyen-du-lich\/los-haitises-tainos-ca-no-nui-dap-xe-tour","title":{"rendered":"Xe \u0111\u1ea1p leo n\u00fai + Ca n\u00f4 c\u1ee7a Taino Los Haitises"},"content":{"rendered":"<div class=\"vc_row wpb_row vc_row-fluid\" ><div class=\"wpb_column vc_column_container vc_col-sm-12\"><div class=\"vc_column-inner\"><div class=\"wpb_wrapper\"><div class=\"vc_btn3-container vc_btn3-inline\" ><button class=\"vc_general vc_btn3 vc_btn3-size-md vc_btn3-shape-rounded vc_btn3-style-modern vc_btn3-color-green\">\u0110\u0102\u0323T B\u00c2Y GI\u1edc<\/button><\/div>\n\t<div class=\"wpb_text_column wpb_content_element\" >\n\t\t<div class=\"wpb_wrapper\">\n\t\t\t<p><span style=\"vertical-align: inherit;\"><span style=\"vertical-align: inherit;\"><\/p>\n\n\t\t<\/div>\n\t<\/div>\n\n\t<div class=\"wpb_text_column wpb_content_element\" >\n\t\t<div class=\"wpb_wrapper\">\n\t\t\t<p><\/span><\/span><\/p>\n<h2>Xe \u0111\u1ea1p leo n\u00fai + Ca n\u00f4 c\u1ee7a Taino Los Haitises<\/h2>\n<p>&nbsp;<\/p>\n<p>\u0110i du l\u1ecbch v\u1edbi m\u1ed9t chuy\u00ean gia \u0111\u1ecba ph\u01b0\u01a1ng v\u00e0 c\u00f3 \u0111\u01b0\u1ee3c tr\u1ea3i nghi\u1ec7m \u0111\u1ea1p xe \u0111\u1ed9c \u0111\u00e1o b\u1eaft \u0111\u1ea7u t\u1eeb Sabana de la Mar, chuy\u1ebfn tham quan n\u00e0y s\u1ebd \u0111\u01b0a b\u1ea1n \u0111i kh\u1eafp n\u01a1i \u0111\u1ec3 ng\u1eafm nh\u00ecn phong c\u1ea3nh tuy\u1ec7t \u0111\u1eb9p c\u1ee7a v\u00f9ng n\u00f4ng th\u00f4n C\u1ed9ng h\u00f2a Dominica. Khi b\u1ea1n \u0111\u1ea1p xe, b\u1ea1n s\u1ebd c\u00f3 th\u1ec3 n\u00f3i xin ch\u00e0o! \u0111\u1ebfn nh\u1eefng ng\u01b0\u1eddi n\u00f4ng d\u00e2n c\u01b0\u1ee1i ng\u1ef1a ho\u1eb7c xe m\u00e1y \u0111\u1ebfn khu \u0111\u1ea5t c\u1ee7a h\u1ecd v\u00e0 trong chuy\u1ebfn tham quan, b\u1ea1n s\u1ebd c\u00f3 th\u1ec3 h\u00f2a m\u00ecnh v\u00e0o cu\u1ed9c phi\u00eau l\u01b0u v\u00e0 v\u0103n h\u00f3a \u0111\u1ecba ph\u01b0\u01a1ng t\u1eeb Sabana de la Mar. M\u1ed9t s\u1ed1 s\u1ef1 th\u1eadt v\u1ec1 Los Haitises: l\u00e0 m\u1ed9t trong nh\u1eefng th\u00e0nh t\u1ea1o \u0111\u00e1 v\u00f4i l\u1edbn nh\u1ea5t tr\u00ean th\u1ebf gi\u1edbi, m\u1ed9t n\u01a1i b\u1ea3o t\u1ed3n c\u00e1c lo\u00e0i \u0111\u1eb7c h\u1eefu, V\u1ecb tr\u00ed c\u00f3 ph\u1ea7n l\u1edbn \u0111a d\u1ea1ng sinh h\u1ecdc c\u1ee7a h\u00f2n \u0111\u1ea3o, c\u00f3 m\u1ed9t trong nh\u1eefng khu r\u1eebng ng\u1eadp m\u1eb7n l\u1edbn nh\u1ea5t Quisqueya v\u00e0 hang \u0111\u1ed9ng c\u00f3 nhi\u1ec1u h\u00ecnh \u1ea3nh nh\u1ea5t c\u1ee7a v\u00f9ng Caribe.<\/p>\n<p>T\u00f2 m\u00f2 v\u1ec1 cu\u1ed9c s\u1ed1ng h\u00e0ng ng\u00e0y c\u1ee7a Ta\u00ednos? V\u1edbi ho\u1ea1t \u0111\u1ed9ng Phi\u00eau l\u01b0u Taino, b\u1ea1n s\u1ebd \u0111\u01b0\u1ee3c \u0111\u01b0a ng\u01b0\u1ee3c th\u1eddi gian \u0111\u1ec3 tr\u1ea3i nghi\u1ec7m th\u1ebf gi\u1edbi c\u1ee7a ng\u01b0\u1eddi d\u00e2n b\u1ea3n \u0111\u1ecba C\u1ed9ng h\u00f2a Dominica.<\/p>\n<p>Ca n\u00f4 \u0111\u01b0\u1ee3c cho l\u00e0 ph\u1ea7n quan tr\u1ecdng nh\u1ea5t trong cu\u1ed9c s\u1ed1ng c\u1ee7a ng\u01b0\u1eddi Ta\u00ednos. V\u1edbi n\u00f3, h\u1ecd \u0111\u00e1nh c\u00e1, \u0111i \u0111\u1ebfn nh\u1eefng h\u00f2n \u0111\u1ea3o nh\u1ecf h\u01a1n, li\u00ean l\u1ea1c v\u1edbi c\u00e1c b\u1ed9 l\u1ea1c kh\u00e1c v\u00e0 \u0111\u1ebfn th\u0103m c\u00e1c ph\u00e1p s\u01b0 \u0111\u1ec3 th\u1ef1c hi\u1ec7n c\u00e1c nghi l\u1ec5, ch\u1eefa b\u1ec7nh v\u00e0 ti\u00ean tri. T\u1ea1i Booking Adventures, ch\u00fang t\u00f4i mu\u1ed1n b\u1ea1n \u0111\u1eafm ch\u00ecm v\u00e0o th\u1ebf gi\u1edbi c\u1ee7a Ta\u00ednos.<\/p>\n<p>&nbsp;<\/p>\n<h4><a id=\"inclusions-exclusions\" class=\"aal_anchor\" href=\"https:\/\/bookingadventures.com.do\/dominicantour\/mountain-bikes-tainos-canoe-los-haitises\/#inclusions-exclusions\" aria-hidden=\"true\" rel=\"noopener\"><\/a><b>Bao g\u1ed3m &amp; Lo\u1ea1i tr\u1eeb<\/b><\/h4>\n<p><b>bao g\u1ed3m<\/b><\/p>\n<ol>\n<li>\u0111i ca n\u00f4<\/li>\n<li>xe \u0111\u1ea1p leo n\u00fai<\/li>\n<li>\u00c1o ph\u00f4ng mi\u1ec5n ph\u00ed c\u00f3 ch\u1eef t\u01b0\u1ee3ng h\u00ecnh c\u1ee7a Taino<\/li>\n<li>H\u01b0\u01a1ng v\u1ecb b\u00e1nh m\u00ec Casabe<\/li>\n<li>du l\u1ecbch hang \u0111\u1ed9ng<\/li>\n<li>T\u1ea5t c\u1ea3 c\u00e1c lo\u1ea1i thu\u1ebf, ph\u00ed v\u00e0 l\u1ec7 ph\u00ed x\u1eed l\u00fd<\/li>\n<li>Thu\u1ebf \u0111\u1ecba ph\u01b0\u01a1ng<\/li>\n<li>H\u01b0\u1edbng d\u1eabn \u0111\u1ecba ph\u01b0\u01a1ng<\/li>\n<\/ol>\n<p><b>lo\u1ea1i tr\u1eeb<\/b><\/p>\n<ol>\n<li>ti\u1ec1n th\u01b0\u1edfng<\/li>\n<li>Chuy\u1ec3n nh\u01b0\u1ee3ng<\/li>\n<li>Kh\u00f4ng bao g\u1ed3m \u0103n tr\u01b0a<\/li>\n<li>\u0110\u1ed3 u\u1ed1ng c\u00f3 c\u1ed3n<\/li>\n<\/ol>\n<p>&nbsp;<\/p>\n<h4><a id=\"departure-return\" class=\"aal_anchor\" href=\"https:\/\/bookingadventures.com.do\/dominicantour\/mountain-bikes-tainos-canoe-los-haitises\/#departure-return\" aria-hidden=\"true\" rel=\"noopener\"><\/a><em><strong>Kh\u1edfi h\u00e0nh &amp; Tr\u1edf v\u1ec1<\/strong><\/em><\/h4>\n<p>Kh\u00e1ch du l\u1ecbch s\u1ebd nh\u1eadn \u0111\u01b0\u1ee3c m\u1ed9t \u0111i\u1ec3m g\u1eb7p g\u1ee1 sau Quy tr\u00ecnh \u0111\u1eb7t ch\u1ed7. C\u00e1c chuy\u1ebfn tham quan b\u1eaft \u0111\u1ea7u v\u00e0 k\u1ebft th\u00fac t\u1ea1i c\u00e1c \u0111i\u1ec3m g\u1eb7p g\u1ee1 c\u1ee7a ch\u00fang t\u00f4i.<\/p>\n<h4><a id=\"what-to-expect\" class=\"aal_anchor\" href=\"https:\/\/bookingadventures.com.do\/dominicantour\/mountain-bikes-tainos-canoe-los-haitises\/#what-to-expect\" aria-hidden=\"true\" rel=\"noopener\"><\/a><b><i>Mong \u0111\u1ee3i \u0111i\u1ec1u g\u00ec?<\/i><\/b><\/h4>\n<p>Trong ho\u1ea1t \u0111\u1ed9ng n\u00e0y, b\u1ea1n s\u1ebd kh\u1edfi h\u00e0nh tr\u00ean nh\u1eefng chi\u1ebfc ca n\u00f4 th\u1ee7 c\u00f4ng, gi\u1ed1ng nh\u01b0 ng\u01b0\u1eddi Ta\u00ednos \u0111\u00e3 l\u00e0m. B\u1ea1n s\u1ebd nghe th\u1ea5y nhi\u1ec1u \u00e2m thanh \u0111\u00e1nh d\u1ea5u m\u1ed1i li\u00ean h\u1ec7 c\u1ee7a ch\u00fang v\u1edbi thi\u00ean nhi\u00ean: ti\u1ebfng s\u1ebfu k\u00eau, ti\u1ebfng cua l\u1eb7n xu\u1ed1ng n\u01b0\u1edbc v\u00e0 ti\u1ebfng s\u00f3ng v\u1ed7 nh\u1eb9 v\u00e0o c\u00e1c t\u1ea3ng \u0111\u00e1 t\u1ef1 nhi\u00ean. Nh\u1eefng v\u00f2m r\u1ec5 c\u00e2y ng\u1eadp m\u1eb7n s\u1ebd khi\u1ebfn b\u1ea1n li\u00ean t\u01b0\u1edfng \u0111\u1ebfn nh\u1eefng th\u00e1nh \u0111\u01b0\u1eddng, v\u00e0 th\u1ef1c s\u1ef1, ng\u01b0\u1eddi Ta\u00ednos (m\u1eb7c d\u00f9 h\u1ecd kh\u00f4ng c\u00f3 nh\u00e0 th\u1edd) r\u1ea5t t\u00e2m linh. Khi b\u1ea1n \u0111\u00e3 b\u1eaft \u0111\u1ea7u v\u1edbi h\u01b0\u1edbng d\u1eabn c\u1ee7a ch\u00fang t\u00f4i, b\u1ea1n s\u1ebd \u0111\u01b0\u1ee3c th\u01b0\u1edfng th\u1ee9c nhi\u1ec1u lo\u1ea1i chim, b\u00f2 s\u00e1t v\u00e0 c\u00e1 phong ph\u00fa c\u1ee7a r\u1eebng ng\u1eadp m\u1eb7n. Cho\u00e1ng ng\u1ee3p tr\u01b0\u1edbc v\u1ebb l\u1ea5p l\u00e1nh c\u1ee7a nh\u1eefng con s\u00f3ng l\u1ea5p l\u00e1nh trong \u00e1nh ban mai, nh\u1eefng ng\u1ecdn n\u00fai Saman\u00e1 \u1edf ph\u00eda xa v\u00e0 m\u00e0u xanh ng\u1ecdc l\u1ee5c b\u1ea3o c\u1ee7a nh\u1eefng h\u00e0ng c\u1ecd \u0111ung \u0111\u01b0a.<\/p>\n<p>Ti\u1ebfp theo, b\u1ea1n s\u1ebd c\u00f3 th\u1ec3 gh\u00e9 th\u0103m m\u1ed9t s\u1ed1 hang \u0111\u1ed9ng \u0111\u1eb7c bi\u1ec7t quan tr\u1ecdng \u0111\u1ed1i v\u1edbi ng\u01b0\u1eddi Ta\u00ednos. H\u1ecd \u0111i t\u1eeb hang \u0111\u1ed9ng n\u00e0y sang hang \u0111\u1ed9ng kh\u00e1c \u0111\u1ec3 th\u0103m nh\u1eefng nh\u00e0 th\u00f4ng th\u00e1i, tr\u00fa \u1ea9n kh\u1ecfi nh\u1eefng c\u01a1n b\u00e3o v\u00e0 l\u00e0 \u0111i\u1ec3m g\u1eb7p g\u1ee1 v\u1edbi c\u00e1c b\u1ed9 l\u1ea1c kh\u00e1c. Khi b\u1ea1n \u1edf trong hang \u0111\u1ed9ng, b\u1ea1n s\u1ebd c\u00f3 th\u1ec3 \u0111\u00e1nh gi\u00e1 cao s\u1ef1 im l\u1eb7ng v\u00e0 h\u00e0o quang thi\u00eang li\u00eang c\u1ee7a kh\u00f4ng gian. B\u1ea1n s\u1ebd th\u1ea5y m\u1ed9t s\u1ed1 h\u00ecnh ch\u1ea1m kh\u1eafc tr\u00ean \u0111\u00e1, \u0111\u01b0\u1ee3c g\u1ecdi l\u00e0 tranh kh\u1eafc \u0111\u00e1, t\u01b0\u1ee3ng tr\u01b0ng cho c\u00e1c v\u1ecb th\u1ea7n v\u00e0 linh h\u1ed3n c\u1ee7a h\u1ecd. Cu\u1ed1i c\u00f9ng, b\u1ea1n s\u1ebd c\u00f3 th\u1ec3 n\u1ebfm th\u1eed m\u1ed9t s\u1ed1 lo\u1ea1i tr\u00e1i c\u00e2y nhi\u1ec7t \u0111\u1edbi m\u00e0 Ta\u00ednos \u0111\u00e3 thu th\u1eadp tr\u01b0\u1edbc khi quay tr\u1edf l\u1ea1i \u0111i\u1ec3m t\u1eadp trung.<\/p>\n<p>Trong chuy\u1ebfn tham quan n\u00e0y, c\u00e1c h\u01b0\u1edbng d\u1eabn vi\u00ean chuy\u00ean nghi\u1ec7p c\u1ee7a ch\u00fang t\u00f4i s\u1ebd m\u00f4 t\u1ea3 nhi\u1ec1u c\u00f4ng d\u1ee5ng c\u1ee7a xu\u1ed3ng, c\u00e1ch ng\u01b0\u1eddi Ta\u00ednos s\u1ed1ng tr\u01b0\u1edbc th\u1eddi Columbus v\u00e0 r\u1eebng ng\u1eadp m\u1eb7n c\u1ea7n thi\u1ebft nh\u01b0 th\u1ebf n\u00e0o \u0111\u1ed1i v\u1edbi s\u1ee9c kh\u1ecfe c\u1ee7a m\u00f4i tr\u01b0\u1eddng.<\/p>\n<p>&nbsp;<\/p>\n<h4><a id=\"what-you-should-bring\" class=\"aal_anchor\" href=\"https:\/\/bookingadventures.com.do\/dominicantour\/mountain-bikes-tainos-canoe-los-haitises\/#what-you-should-bring\" aria-hidden=\"true\" rel=\"noopener\"><\/a><em><strong>B\u1ea1n n\u00ean mang theo nh\u1eefng g\u00ec?<\/strong><\/em><\/h4>\n<ul>\n<li>M\u00e1y \u1ea3nh<\/li>\n<li>ch\u1ed3i \u0111u\u1ed5i<\/li>\n<li>kem ch\u1ed1ng n\u1eafng<\/li>\n<li>m\u0169<\/li>\n<li>qu\u1ea7n tho\u1ea3i m\u00e1i<\/li>\n<li>D\u00e9p ho\u1eb7c Gi\u00e0y cho nh\u1eefng khu v\u1ef1c l\u1ea7y l\u1ed9i.<\/li>\n<li>\u0111\u1ed3 b\u01a1i<\/li>\n<\/ul>\n<p>&nbsp;<\/p>\n<h4><a id=\"hotel-pickup\" class=\"aal_anchor\" href=\"https:\/\/bookingadventures.com.do\/dominicantour\/mountain-bikes-tainos-canoe-los-haitises\/#hotel-pickup\" aria-hidden=\"true\" rel=\"noopener\"><\/a><b><i>\u0110\u00f3n kh\u00e1ch s\u1ea1n<\/i><\/b><\/h4>\n<p>\u0110\u00f3n kh\u00e1ch s\u1ea1n kh\u00f4ng \u0111\u01b0\u1ee3c cung c\u1ea5p cho tour du l\u1ecbch n\u00e0y.<\/p>\n<p><b>Ghi ch\u00fa:<\/b>\u00a0n\u1ebfu b\u1ea1n \u0111\u1eb7t ch\u1ed7 trong v\u00f2ng 24 gi\u1edd k\u1ec3 t\u1eeb gi\u1edd kh\u1edfi h\u00e0nh chuy\u1ebfn tham quan\/Chuy\u1ebfn tham quan, ch\u00fang t\u00f4i c\u00f3 th\u1ec3 s\u1eafp x\u1ebfp d\u1ecbch v\u1ee5 \u0111\u00f3n kh\u00e1ch t\u1ea1i kh\u00e1ch s\u1ea1n v\u1edbi m\u1ed9t kho\u1ea3n ph\u1ee5 ph\u00ed. Sau khi giao d\u1ecbch mua c\u1ee7a b\u1ea1n ho\u00e0n t\u1ea5t, ch\u00fang t\u00f4i s\u1ebd g\u1eedi cho b\u1ea1n th\u00f4ng tin li\u00ean h\u1ec7 \u0111\u1ea7y \u0111\u1ee7 (s\u1ed1 \u0111i\u1ec7n tho\u1ea1i, \u0111\u1ecba ch\u1ec9 email, v.v.) \u0111\u1ec3 H\u01b0\u1edbng d\u1eabn vi\u00ean du l\u1ecbch \u0111\u1ecba ph\u01b0\u01a1ng c\u1ee7a ch\u00fang t\u00f4i s\u1eafp x\u1ebfp vi\u1ec7c \u0111\u00f3n kh\u00e1ch.<\/p>\n<h4><a id=\"additional-info-confirmation\" class=\"aal_anchor\" href=\"https:\/\/bookingadventures.com.do\/dominicantour\/mountain-bikes-tainos-canoe-los-haitises\/#additional-info-confirmation\" aria-hidden=\"true\" rel=\"noopener\"><\/a><b><i>X\u00e1c nh\u1eadn th\u00f4ng tin b\u1ed5 sung<\/i><\/b><\/h4>\n<ol>\n<li>V\u00e9 l\u00e0 Bi\u00ean nh\u1eadn sau khi thanh to\u00e1n cho Tour n\u00e0y. B\u1ea1n c\u00f3 th\u1ec3 hi\u1ec3n th\u1ecb thanh to\u00e1n tr\u00ean \u0111i\u1ec7n tho\u1ea1i c\u1ee7a m\u00ecnh.<\/li>\n<li>\u0110i\u1ec3m h\u1eb9n s\u1ebd nh\u1eadn \u0111\u01b0\u1ee3c sau qu\u00e1 tr\u00ecnh \u0111\u1eb7t ch\u1ed7.<\/li>\n<li>Tr\u1ebb em ph\u1ea3i \u0111i c\u00f9ng ng\u01b0\u1eddi l\u1edbn.<\/li>\n<li>Kh\u00f4ng th\u1ec3 s\u1eed d\u1ee5ng xe l\u0103n<\/li>\n<li>Tr\u1ebb s\u01a1 sinh ph\u1ea3i ng\u1ed3i tr\u00ean \u0111\u00f9i<\/li>\n<li>Kh\u00f4ng n\u00ean d\u00f9ng cho du kh\u00e1ch c\u00f3 v\u1ea5n \u0111\u1ec1 v\u1ec1 l\u01b0ng<\/li>\n<li>Kh\u00f4ng n\u00ean d\u00f9ng cho du kh\u00e1ch mang thai<\/li>\n<li>Kh\u00f4ng c\u00f3 v\u1ea5n \u0111\u1ec1 v\u1ec1 tim ho\u1eb7c c\u00e1c t\u00ecnh tr\u1ea1ng y t\u1ebf nghi\u00eam tr\u1ecdng kh\u00e1c<\/li>\n<li>H\u1ea7u h\u1ebft du kh\u00e1ch c\u00f3 th\u1ec3 tham gia<\/li>\n<\/ol>\n\n\t\t<\/div>\n\t<\/div>\n<\/div><\/div><\/div><\/div><div class=\"wpb_column vc_column_container vc_col-sm-12\"><div class=\"vc_column-inner\"><div class=\"wpb_wrapper\"><\/div><\/div><\/div><div class=\"wpb_column vc_column_container vc_col-sm-12\"><div class=\"vc_column-inner\"><div class=\"wpb_wrapper\"><\/div><\/div><\/div><div class=\"wpb_column vc_column_container vc_col-sm-12\"><div class=\"vc_column-inner\"><div class=\"wpb_wrapper\"><\/div><\/div><\/div><div class=\"wpb_column vc_column_container vc_col-sm-12\"><div class=\"vc_column-inner\"><div class=\"wpb_wrapper\"><\/div><\/div><\/div><div class=\"wpb_column vc_column_container vc_col-sm-12\"><div class=\"vc_column-inner\"><div class=\"wpb_wrapper\"><\/div><\/div><\/div>","protected":false},"excerpt":{"rendered":"<p><span style=\"font-weight: 400;\"><span style=\"vertical-align: inherit;\"><span style=\"vertical-align: inherit;\">Trong ho\u1ea1t \u0111\u1ed9ng n\u00e0y, b\u1ea1n s\u1ebd kh\u1edfi h\u00e0nh tr\u00ean nh\u1eefng chi\u1ebfc ca n\u00f4 th\u1ee7 c\u00f4ng, gi\u1ed1ng nh\u01b0 ng\u01b0\u1eddi Tainos \u0111\u00e3 l\u00e0m. B\u1ea1n s\u1ebd nghe th\u1ea5y nhi\u1ec1u \u00e2m thanh \u0111\u00e1nh d\u1ea5u m\u1ed1i li\u00ean h\u1ec7 c\u1ee7a ch\u00fang v\u1edbi thi\u00ean nhi\u00ean: ti\u1ebfng k\u00eau c\u1ee7a s\u1ebfu, ti\u1ebfng cua ng\u00e2m m\u00ecnh trong n\u01b0\u1edbc v\u00e0 ti\u1ebfng s\u00f3ng v\u1ed7 nh\u1eb9 nh\u00e0ng v\u00e0o c\u00e1c kh\u1ed1i \u0111\u00e1 t\u1ef1 nhi\u00ean. Nh\u1eefng v\u00f2m r\u1ec5 c\u00e2y ng\u1eadp m\u1eb7n s\u1ebd khi\u1ebfn b\u1ea1n nh\u1edb \u0111\u1ebfn nh\u1eefng th\u00e1nh \u0111\u01b0\u1eddng, v\u00e0 tr\u00ean th\u1ef1c t\u1ebf, ng\u01b0\u1eddi Tainos (m\u1eb7c d\u00f9 h\u1ecd kh\u00f4ng c\u00f3 nh\u00e0 th\u1edd) r\u1ea5t t\u00e2m linh. <\/span><\/span><\/span><\/p>\n<p><span style=\"font-weight: 400;\"><span style=\"vertical-align: inherit;\"><span style=\"vertical-align: inherit;\"> Sau khi b\u1eaft \u0111\u1ea7u v\u1edbi h\u01b0\u1edbng d\u1eabn vi\u00ean c\u1ee7a ch\u00fang t\u00f4i, b\u1ea1n s\u1ebd \u0111\u01b0\u1ee3c th\u01b0\u1edfng th\u1ee9c s\u1ef1 \u0111a d\u1ea1ng phong ph\u00fa c\u1ee7a c\u00e1c lo\u00e0i chim, b\u00f2 s\u00e1t v\u00e0 c\u00e1 trong r\u1eebng ng\u1eadp m\u1eb7n. L\u00f3a m\u1eaft tr\u01b0\u1edbc s\u1ef1 l\u1ea5p l\u00e1nh c\u1ee7a nh\u1eefng con s\u00f3ng nh\u1ea5p nh\u00e1y trong \u00e1nh b\u00ecnh minh, nh\u1eefng ng\u1ecdn n\u00fai Samana ph\u00eda xa v\u00e0 m\u00e0u xanh ng\u1ecdc l\u1ee5c b\u1ea3o c\u1ee7a nh\u1eefng c\u00e2y c\u1ecd \u0111ung \u0111\u01b0a.\u00a0<\/span><\/span><\/span><\/p>\n<p><strong>Ch\u1ecdn ng\u00e0y cho Tour:<\/strong><\/p>","protected":false},"featured_media":12221,"template":"","meta":[],"product_cat":[838,946,867,930,926,254,255],"product_tag":[176,211,868,869,192,319,208,206,207,171,877,209,426,837,327,175,199,200],"class_list":["post-12453","product","type-product","status-publish","has-post-thumbnail","hentry","product_cat-mangroves-projects","product_cat-1-sabana-de-la-mar","product_cat-los-haitises","product_cat-mountain-bike-los-haitises","product_cat-tainos-canoes","product_cat-tours-excursions-los-haitises-national-park","product_cat-tours-excursions-samana-bay-dominican-republic","product_tag-cano-hondo","product_tag-cano-hondo-hotel","product_tag-canoes","product_tag-canoes-dominican-republic","product_tag-day-tour-cano-hondo","product_tag-kayak-dominican-republic","product_tag-kayaking-dominican-republic","product_tag-kayaking-los-haitises","product_tag-kayaks","product_tag-los-haitises","product_tag-los-haitises-mountain-bike","product_tag-los-haitises-national-park","product_tag-los-haitises-tours","product_tag-mangroves-reforestation-in-los-haitises-with-locals","product_tag-private-tours-samana","product_tag-sabana-de-la-mar","product_tag-samana-bay","product_tag-samana-excursions"],"_links":{"self":[{"href":"https:\/\/www.boattoursamana.com\/vi\/wp-json\/wp\/v2\/product\/12453","targetHints":{"allow":["GET"]}}],"collection":[{"href":"https:\/\/www.boattoursamana.com\/vi\/wp-json\/wp\/v2\/product"}],"about":[{"href":"https:\/\/www.boattoursamana.com\/vi\/wp-json\/wp\/v2\/types\/product"}],"wp:featuredmedia":[{"embeddable":true,"href":"https:\/\/www.boattoursamana.com\/vi\/wp-json\/wp\/v2\/media\/12221"}],"wp:attachment":[{"href":"https:\/\/www.boattoursamana.com\/vi\/wp-json\/wp\/v2\/media?parent=12453"}],"wp:term":[{"taxonomy":"product_cat","embeddable":true,"href":"https:\/\/www.boattoursamana.com\/vi\/wp-json\/wp\/v2\/product_cat?post=12453"},{"taxonomy":"product_tag","embeddable":true,"href":"https:\/\/www.boattoursamana.com\/vi\/wp-json\/wp\/v2\/product_tag?post=12453"}],"curies":[{"name":"wp","href":"https:\/\/api.w.org\/{rel}","templated":true}]}}