{"id":12652,"date":"2021-08-02T05:55:11","date_gmt":"2021-08-02T05:55:11","guid":{"rendered":"https:\/\/www.ticketswhales.com\/?post_type=product&#038;p=12652"},"modified":"2023-11-06T14:24:06","modified_gmt":"2023-11-06T14:24:06","slug":"el-limon-waterfalls-tour-private-from-las-galeras-horse-riding-lunch-swimming","status":"publish","type":"product","link":"https:\/\/www.boattoursamana.com\/vi\/chuyen-du-lich\/el-limon-thac-nuoc-tour-rieng-tu-las-galeras-cuoi-ngua-bua-trua-boi","title":{"rendered":"Las Galeras : Tour ri\u00eang th\u00e1c n\u01b0\u1edbc El Lim\u00f3n (c\u01b0\u1ee1i ng\u1ef1a, \u0103n tr\u01b0a &amp; b\u01a1i l\u1ed9i)"},"content":{"rendered":"<div class=\"vc_row wpb_row vc_row-fluid\" ><div class=\"wpb_column vc_column_container vc_col-sm-12\"><div class=\"vc_column-inner\"><div class=\"wpb_wrapper\"><div class=\"vc_btn3-container vc_btn3-inline\" ><a class=\"vc_general vc_btn3 vc_btn3-size-md vc_btn3-shape-rounded vc_btn3-style-modern vc_btn3-color-green\" href=\"https:\/\/bookingadventures.tours\/booking.php?tour_id=bb6af51ba5f35561b927993a771999a0\" title=\"\" rel=\"noopener\">\u0110\u0102\u0323T B\u00c2Y GI\u1edc<\/a><\/div>\n\t<div class=\"wpb_text_column wpb_content_element\" >\n\t\t<div class=\"wpb_wrapper\">\n\t\t\t<div class=\"vc_row wpb_row vc_row-fluid\">\n<div class=\"wpb_column vc_column_container vc_col-sm-12\">\n<div class=\"vc_column-inner\">\n<div class=\"wpb_wrapper\">\n<div class=\"mkdf-section-title-holder\">\n<div class=\"mkdf-st-inner\">\n<h5 class=\"mkdf-st-subtitle\">(c\u01b0\u1ee1i ng\u1ef1a, \u0102n tr\u01b0a &amp; t\u1eafm bi\u1ec3n)<\/h5>\n<h2 class=\"mkdf-st-title\">Tham quan th\u00e1c n\u01b0\u1edbc El Limon ri\u00eang t\u1eeb Las Galeras<\/h2>\n<\/div>\n<\/div>\n<\/div>\n<\/div>\n<\/div>\n<\/div>\n<div class=\"vc_row wpb_row vc_row-fluid\"><\/div>\n<h4><a id=\"overview\" class=\"aal_anchor\" href=\"https:\/\/bookingadventures.com.do\/dominicantour\/el-limon-waterfalls-tour-private-from-las-galeras-horse-riding-lunch-swimming\/#overview\" aria-hidden=\"true\" rel=\"noopener\"><\/a><b><i>T\u1ed5ng quan<\/i><\/b><\/h4>\n<p>\u0110\u00e2y l\u00e0 m\u1ed9t tour du l\u1ecbch ri\u00eang \u0111\u1ec3\u00a0<strong>Th\u00e1c n\u01b0\u1edbc El Lim\u00f3n<\/strong>\u00a0v\u1edbi C\u01b0\u1ee1i ng\u1ef1a ho\u1eb7c \u0110i b\u1ed9 \u0111\u01b0\u1eddng d\u00e0i. Tham quan r\u1eebng cacao, c\u00e0 ph\u00ea d\u01b0\u1edbi t\u00e1n d\u1eeba. Khi b\u1ea1n \u0111\u1ebfn Th\u00e1c n\u01b0\u1edbc, b\u1ea1n \u0111\u01b0\u1ee3c ph\u00e9p b\u01a1i v\u00e0 \u0110\u1eb7t th\u1eddi gian v\u1edbi H\u01b0\u1edbng d\u1eabn vi\u00ean \u0111\u1ecba ph\u01b0\u01a1ng c\u1ee7a m\u00ecnh. Sau khi th\u01b0\u1edfng th\u1ee9c B\u1eefa tr\u01b0a \u0111i\u1ec3n h\u00ecnh t\u1ea1i C\u1ed9ng \u0111\u1ed3ng El Lim\u00f3n.<\/p>\n<p>T\u00ecm hi\u1ec3u v\u1edbi ng\u01b0\u1eddi d\u00e2n \u0111\u1ecba ph\u01b0\u01a1ng v\u00e0 c\u00f3 \u0111\u01b0\u1ee3c m\u1ed9t chuy\u1ebfn \u0111i an to\u00e0n. Nh\u1eadn v\u00e9 c\u1ee7a b\u1ea1n trong \u01afu \u0111\u00e3i ngay h\u00f4m nay.<\/p>\n<ul>\n<li>Bao g\u1ed3m b\u1eefa tr\u01b0a<\/li>\n<li>C\u01b0\u1ee1i ng\u1ef1a ho\u1eb7c \u0111i b\u1ed9 \u0111\u01b0\u1eddng d\u00e0i<\/li>\n<li>H\u01b0\u1edbng d\u1eabn cung c\u1ea5p h\u01b0\u1edbng d\u1eabn v\u00e0 gi\u00e1m s\u00e1t<\/li>\n<li>Ph\u00ed v\u00e0o v\u01b0\u1eddn qu\u1ed1c gia<\/li>\n<\/ul>\n<p>&nbsp;<\/p>\n<h4><a id=\"inclusions-exclusions\" class=\"aal_anchor\" href=\"https:\/\/bookingadventures.com.do\/dominicantour\/el-limon-waterfalls-tour-private-from-las-galeras-horse-riding-lunch-swimming\/#inclusions-exclusions\" aria-hidden=\"true\" rel=\"noopener\"><\/a><b>Bao g\u1ed3m &amp; Lo\u1ea1i tr\u1eeb<\/b><\/h4>\n<p>&nbsp;<\/p>\n<p><b>bao g\u1ed3m<\/b><\/p>\n<ol>\n<li>B\u1eefa tr\u01b0a t\u1ef1 ch\u1ecdn \u1edf El Lim\u00f3n<\/li>\n<li>Tour \u0111i b\u1ed9 \u0111\u01b0\u1eddng d\u00e0i ho\u1eb7c c\u01b0\u1ee1i ng\u1ef1a<\/li>\n<li>T\u1ea5t c\u1ea3 c\u00e1c lo\u1ea1i thu\u1ebf, ph\u00ed v\u00e0 l\u1ec7 ph\u00ed x\u1eed l\u00fd<\/li>\n<li>Thu\u1ebf \u0111\u1ecba ph\u01b0\u01a1ng<\/li>\n<li>n\u01b0\u1edbc gi\u1ea3i kh\u00e1t<\/li>\n<li>T\u1ea5t c\u1ea3 c\u00e1c ho\u1ea1t \u0111\u1ed9ng<\/li>\n<li>H\u01b0\u1edbng d\u1eabn \u0111\u1ecba ph\u01b0\u01a1ng<\/li>\n<\/ol>\n<p><b>lo\u1ea1i tr\u1eeb<\/b><\/p>\n<ol>\n<li>ti\u1ec1n th\u01b0\u1edfng<\/li>\n<li>Chuy\u1ec3n nh\u01b0\u1ee3ng<\/li>\n<li>\u0110\u1ed3 u\u1ed1ng c\u00f3 c\u1ed3n<\/li>\n<li>Th\u1ee9c \u0103n tr\u00ean b\u00e3i bi\u1ec3n<\/li>\n<\/ol>\n<p>&nbsp;<\/p>\n<h4><a id=\"departure-return\" class=\"aal_anchor\" href=\"https:\/\/bookingadventures.com.do\/dominicantour\/el-limon-waterfalls-tour-private-from-las-galeras-horse-riding-lunch-swimming\/#departure-return\" aria-hidden=\"true\" rel=\"noopener\"><\/a><em><strong>Kh\u1edfi h\u00e0nh &amp; Tr\u1edf v\u1ec1<\/strong><\/em><\/h4>\n<p>Kh\u00e1ch du l\u1ecbch s\u1ebd nh\u1eadn \u0111\u01b0\u1ee3c m\u1ed9t \u0111i\u1ec3m g\u1eb7p g\u1ee1 sau Quy tr\u00ecnh \u0111\u1eb7t ch\u1ed7. C\u00e1c chuy\u1ebfn tham quan b\u1eaft \u0111\u1ea7u v\u00e0 k\u1ebft th\u00fac t\u1ea1i c\u00e1c \u0111i\u1ec3m g\u1eb7p g\u1ee1 c\u1ee7a ch\u00fang t\u00f4i.<\/p>\n<p>&nbsp;<\/p>\n<h4><a id=\"what-to-expect\" class=\"aal_anchor\" href=\"https:\/\/bookingadventures.com.do\/dominicantour\/el-limon-waterfalls-tour-private-from-las-galeras-horse-riding-lunch-swimming\/#what-to-expect\" aria-hidden=\"true\" rel=\"noopener\"><\/a><b><i>Mong \u0111\u1ee3i \u0111i\u1ec1u g\u00ec?<\/i><\/b><\/h4>\n<p>&nbsp;<\/p>\n<p><em><strong>Nh\u1eadn v\u00e9 c\u1ee7a b\u1ea1n<\/strong><\/em>\u00a0v\u00ec \u0111\u00e3 \u0111\u1ebfn th\u0103m Th\u00e1c n\u01b0\u1edbc El Lim\u00f3n \u1edf Saman\u00e1 c\u1ed9ng v\u1edbi b\u1eefa tr\u01b0a tuy\u1ec7t v\u1eddi t\u1ea1i Nh\u00e0 h\u00e0ng El Lim\u00f3n.<\/p>\n<p>Chuy\u1ebfn tham quan do \u201cBooking Adventures\u201d t\u1ed5 ch\u1ee9c b\u1eaft \u0111\u1ea7u t\u1ea1i \u0111i\u1ec3m t\u1eadp trung do H\u01b0\u1edbng d\u1eabn vi\u00ean ch\u1ec9 \u0111\u1ecbnh.<\/p>\n<p>T\u1ed1t nh\u1ea5t C\u00e1c chuy\u1ebfn \u0111i ri\u00eang \u0111\u1ebfn th\u00e1c n\u01b0\u1edbc El Limon v\u1edbi h\u01b0\u1edbng d\u1eabn vi\u00ean du l\u1ecbch \u0111\u1ecba ph\u01b0\u01a1ng. \u0110\u1eb7t m\u1ed9t chuy\u1ebfn C\u01b0\u1ee1i Ng\u1ef1a B\u00ean R\u1eebng v\u00f2ng quanh b\u1edd s\u00f4ng Lim\u00f3n, th\u0103m \u0111\u1ed3n \u0111i\u1ec1n ca cao v\u00e0 c\u00e0 ph\u00ea d\u01b0\u1edbi nh\u1eefng t\u00e1n d\u1eeba r\u1ee3p b\u00f3ng.<\/p>\n<p>\u0110\u1ea7u ti\u00ean, d\u1eebng l\u1ea1i \u1edf th\u00e1c n\u01b0\u1edbc nh\u1ecf n\u01a1i th\u01b0\u1eddng kh\u00f4ng c\u00f3 nhi\u1ec1u ng\u01b0\u1eddi v\u00e0 b\u1ea1n c\u00f3 th\u1ec3 b\u01a1i xung quanh. Sau khi ch\u00fang t\u00f4i ti\u1ebfp t\u1ee5c \u0111\u1ebfn th\u00e1c n\u01b0\u1edbc l\u1edbn, n\u01a1i ch\u00fang t\u00f4i s\u1ebd \u1edf l\u1ea1i trong m\u1ed9t gi\u1edd ho\u1eb7c h\u01a1n n\u1ebfu b\u1ea1n mu\u1ed1n.<\/p>\n<p>\u0110\u01b0a ng\u1ef1a tr\u1edf l\u1ea1i nh\u00e0 h\u00e0ng, n\u01a1i ch\u00fang ta s\u1ebd th\u01b0\u1edfng th\u1ee9c b\u1eefa tr\u01b0a \u0111\u1eb7c tr\u01b0ng tr\u00ean b\u00e3i bi\u1ec3n. C\u00e1 chi\u00ean v\u1edbi Tostones v\u00e0 Salad ho\u1eb7c b\u1ea1n c\u00f3 th\u1ec3 nh\u1eadn c\u00e1c t\u00f9y ch\u1ecdn kh\u00e1c trong menu v\u1edbi m\u1ed9t kho\u1ea3n ph\u1ee5 ph\u00ed.<\/p>\n<p>\u0102n tr\u01b0a t\u1ea1i Nh\u00e0 h\u00e0ng trong c\u1ed9ng \u0111\u1ed3ng El Lim\u00f3n v\u00e0 b\u1ea1n c\u00f3 th\u1ec3 \u1edf l\u1ea1i bao l\u00e2u t\u00f9y th\u00edch \u0111\u1ec3 b\u01a1i l\u1ed9i xung quanh. N\u1ebfu b\u1ea1n l\u00e0 ng\u01b0\u1eddi thu\u1ea7n chay, ch\u00fang t\u00f4i c\u0169ng c\u00f3 th\u1ec3 \u0111\u1eb7t m\u1ed9t s\u1ed1 m\u00f3n \u0103n cho b\u1ea1n.<\/p>\n<p>&nbsp;<\/p>\n<h4><a id=\"what-you-should-bring\" class=\"aal_anchor\" href=\"https:\/\/bookingadventures.com.do\/dominicantour\/el-limon-waterfalls-tour-private-from-las-galeras-horse-riding-lunch-swimming\/#what-you-should-bring\" aria-hidden=\"true\" rel=\"noopener\"><\/a><em><strong>B\u1ea1n n\u00ean mang theo nh\u1eefng g\u00ec?<\/strong><\/em><\/h4>\n<ul>\n<li>M\u00e1y \u1ea3nh<\/li>\n<li>ch\u1ed3i \u0111u\u1ed5i<\/li>\n<li>kem ch\u1ed1ng n\u1eafng<\/li>\n<li>m\u0169<\/li>\n<li>qu\u1ea7n tho\u1ea3i m\u00e1i<\/li>\n<li>Gi\u00e0y leo n\u00fai \u0111i r\u1eebng<\/li>\n<li>\u0111\u1ed3 b\u01a1i<\/li>\n<\/ul>\n<p>&nbsp;<\/p>\n<h4><a id=\"hotel-pickup\" class=\"aal_anchor\" href=\"https:\/\/bookingadventures.com.do\/dominicantour\/el-limon-waterfalls-tour-private-from-las-galeras-horse-riding-lunch-swimming\/#hotel-pickup\" aria-hidden=\"true\" rel=\"noopener\"><\/a><b><i>\u0110\u00f3n kh\u00e1ch s\u1ea1n<\/i><\/b><\/h4>\n<p>\u0110\u00f3n kh\u00e1ch s\u1ea1n kh\u00f4ng \u0111\u01b0\u1ee3c cung c\u1ea5p cho tour du l\u1ecbch n\u00e0y.<\/p>\n<p>&nbsp;<\/p>\n<p><b>Ghi ch\u00fa:<\/b>\u00a0n\u1ebfu b\u1ea1n \u0111\u1eb7t ch\u1ed7 trong v\u00f2ng 24 gi\u1edd k\u1ec3 t\u1eeb gi\u1edd kh\u1edfi h\u00e0nh chuy\u1ebfn tham quan\/Chuy\u1ebfn tham quan, ch\u00fang t\u00f4i c\u00f3 th\u1ec3 s\u1eafp x\u1ebfp d\u1ecbch v\u1ee5 \u0111\u00f3n kh\u00e1ch t\u1ea1i kh\u00e1ch s\u1ea1n v\u1edbi m\u1ed9t kho\u1ea3n ph\u1ee5 ph\u00ed. Sau khi giao d\u1ecbch mua c\u1ee7a b\u1ea1n ho\u00e0n t\u1ea5t, ch\u00fang t\u00f4i s\u1ebd g\u1eedi cho b\u1ea1n th\u00f4ng tin li\u00ean h\u1ec7 \u0111\u1ea7y \u0111\u1ee7 (s\u1ed1 \u0111i\u1ec7n tho\u1ea1i, \u0111\u1ecba ch\u1ec9 email, v.v.) \u0111\u1ec3 H\u01b0\u1edbng d\u1eabn vi\u00ean du l\u1ecbch \u0111\u1ecba ph\u01b0\u01a1ng c\u1ee7a ch\u00fang t\u00f4i s\u1eafp x\u1ebfp vi\u1ec7c \u0111\u00f3n kh\u00e1ch.<\/p>\n<h4><a id=\"additional-info-confirmation\" class=\"aal_anchor\" href=\"https:\/\/bookingadventures.com.do\/dominicantour\/el-limon-waterfalls-tour-private-from-las-galeras-horse-riding-lunch-swimming\/#additional-info-confirmation\" aria-hidden=\"true\" rel=\"noopener\"><\/a><b><i>X\u00e1c nh\u1eadn th\u00f4ng tin b\u1ed5 sung<\/i><\/b><\/h4>\n<ol>\n<li>V\u00e9 l\u00e0 Bi\u00ean lai sau khi thanh to\u00e1n Tour n\u00e0y. B\u1ea1n c\u00f3 th\u1ec3 hi\u1ec3n th\u1ecb thanh to\u00e1n tr\u00ean \u0111i\u1ec7n tho\u1ea1i c\u1ee7a m\u00ecnh.<\/li>\n<li>\u0110i\u1ec3m h\u1eb9n s\u1ebd nh\u1eadn \u0111\u01b0\u1ee3c sau qu\u00e1 tr\u00ecnh \u0111\u1eb7t ch\u1ed7.<\/li>\n<li>Tr\u1ebb em ph\u1ea3i \u0111i c\u00f9ng ng\u01b0\u1eddi l\u1edbn.<\/li>\n<li>Kh\u00f4ng th\u1ec3 s\u1eed d\u1ee5ng xe l\u0103n<\/li>\n<li>Tr\u1ebb s\u01a1 sinh ph\u1ea3i ng\u1ed3i tr\u00ean \u0111\u00f9i<\/li>\n<li>Kh\u00f4ng n\u00ean d\u00f9ng cho du kh\u00e1ch c\u00f3 v\u1ea5n \u0111\u1ec1 v\u1ec1 l\u01b0ng<\/li>\n<li>Kh\u00f4ng n\u00ean d\u00f9ng cho du kh\u00e1ch mang thai<\/li>\n<li>Kh\u00f4ng c\u00f3 v\u1ea5n \u0111\u1ec1 v\u1ec1 tim ho\u1eb7c c\u00e1c t\u00ecnh tr\u1ea1ng y t\u1ebf nghi\u00eam tr\u1ecdng kh\u00e1c<\/li>\n<li>H\u1ea7u h\u1ebft du kh\u00e1ch c\u00f3 th\u1ec3 tham gia<\/li>\n<\/ol>\n\n\t\t<\/div>\n\t<\/div>\n<\/div><\/div><\/div><\/div><div class=\"wpb_column vc_column_container vc_col-sm-12\"><div class=\"vc_column-inner\"><div class=\"wpb_wrapper\"><\/div><\/div><\/div><div class=\"wpb_column vc_column_container vc_col-sm-12\"><div class=\"vc_column-inner\"><div class=\"wpb_wrapper\"><\/div><\/div><\/div>","protected":false},"excerpt":{"rendered":"<p>Tham quan th\u00e1c n\u01b0\u1edbc t\u1eeb Samana b\u1eb1ng d\u1ecbch v\u1ee5 \u0111\u01b0a \u0111\u00f3n ri\u00eang t\u1eeb las Galeras. Sau \u0111\u00f3 \u0111\u1ebfn \u0111i\u1ec3m h\u1eb9n c\u01b0\u1ee1i ng\u1ef1a \u0111\u1ebfn khu v\u1ef1c th\u00e1c n\u01b0\u1edbc. Chuy\u1ebfn \u0111i \u0111\u1ebfn th\u00e1c El limon s\u1ebd k\u00e9o d\u00e0i kho\u1ea3ng 3 gi\u1edd.<\/p>\n<p><strong><span style=\"vertical-align: inherit;\"><span style=\"vertical-align: inherit;\"><span style=\"vertical-align: inherit;\"><span style=\"vertical-align: inherit;\">Select la fecha para el tour\u00a0<\/span><\/span><\/span><\/span><\/strong><\/p>","protected":false},"featured_media":12594,"template":"","meta":[],"product_cat":[255,655,961,958,159,178,189,160,190,253,254],"product_tag":[183,185,902,202,201,903,186,187],"class_list":["post-12652","product","type-product","status-publish","has-post-thumbnail","hentry","product_cat-tours-excursions-samana-bay-dominican-republic","product_cat-1-samana","product_cat-el-limon-horseback-riding","product_cat-el-limon-las-galeras","product_cat-fees-entrace","product_cat-hiking","product_cat-horse-riding-to-waterfalls","product_cat-lunch","product_cat-safari-samana","product_cat-tours-and-excursions","product_cat-tours-excursions-los-haitises-national-park","product_tag-beach-time","product_tag-el-limon-waterfalls","product_tag-el-limon-waterfalls-tour-private-from-las-galeras-horse-riding","product_tag-hiking-el-limon","product_tag-horses-el-limon","product_tag-lunch-swimming","product_tag-samana","product_tag-samana-tours"],"_links":{"self":[{"href":"https:\/\/www.boattoursamana.com\/vi\/wp-json\/wp\/v2\/product\/12652","targetHints":{"allow":["GET"]}}],"collection":[{"href":"https:\/\/www.boattoursamana.com\/vi\/wp-json\/wp\/v2\/product"}],"about":[{"href":"https:\/\/www.boattoursamana.com\/vi\/wp-json\/wp\/v2\/types\/product"}],"wp:featuredmedia":[{"embeddable":true,"href":"https:\/\/www.boattoursamana.com\/vi\/wp-json\/wp\/v2\/media\/12594"}],"wp:attachment":[{"href":"https:\/\/www.boattoursamana.com\/vi\/wp-json\/wp\/v2\/media?parent=12652"}],"wp:term":[{"taxonomy":"product_cat","embeddable":true,"href":"https:\/\/www.boattoursamana.com\/vi\/wp-json\/wp\/v2\/product_cat?post=12652"},{"taxonomy":"product_tag","embeddable":true,"href":"https:\/\/www.boattoursamana.com\/vi\/wp-json\/wp\/v2\/product_tag?post=12652"}],"curies":[{"name":"wp","href":"https:\/\/api.w.org\/{rel}","templated":true}]}}