{"id":12695,"date":"2021-08-23T19:43:20","date_gmt":"2021-08-23T19:43:20","guid":{"rendered":"https:\/\/www.ticketswhales.com\/?post_type=product&#038;p=12695"},"modified":"2023-10-06T11:27:39","modified_gmt":"2023-10-06T11:27:39","slug":"los-haitises-sunrise-or-sunset-private-kayak-excursion-with-locals","status":"publish","type":"product","link":"https:\/\/www.boattoursamana.com\/vi\/chuyen-du-lich\/los-haitises-binh-minh-hoac-hoang-hon-rieng-tu-kayak-du-ngoan-voi-nguoi-dan-dia-phuong-2","title":{"rendered":"Los Haitises Chuy\u1ebfn tham quan b\u1eb1ng thuy\u1ec1n Kayak ri\u00eang v\u00e0o l\u00fac b\u00ecnh minh ho\u1eb7c ho\u00e0ng h\u00f4n v\u1edbi ng\u01b0\u1eddi d\u00e2n \u0111\u1ecba ph\u01b0\u01a1ng"},"content":{"rendered":"<div class=\"vc_row wpb_row vc_row-fluid\" ><div class=\"wpb_column vc_column_container vc_col-sm-12\"><div class=\"vc_column-inner\"><div class=\"wpb_wrapper\"><div class=\"vc_btn3-container vc_btn3-inline\" ><a class=\"vc_general vc_btn3 vc_btn3-size-md vc_btn3-shape-rounded vc_btn3-style-modern vc_btn3-color-green\" href=\"https:\/\/bookingadventures.tours\/booking.php?tour_id=5e23e6777c99f3e8cc360d181c266535\" title=\"\" rel=\"noopener\">\u0110\u0102\u0323T B\u00c2Y GI\u1edc<\/a><\/div><div class=\"vc_empty_space\"   style=\"height: 32px\"><span class=\"vc_empty_space_inner\"><\/span><\/div><\/div><\/div><\/div><\/div><div class=\"wpb_column vc_column_container vc_col-sm-12\"><div class=\"vc_column-inner\"><div class=\"wpb_wrapper\"><\/div><\/div><\/div><div class=\"wpb_column vc_column_container vc_col-sm-12\"><div class=\"vc_column-inner\"><div class=\"wpb_wrapper\"><\/div><\/div><\/div><div class=\"vc_row wpb_row vc_row-fluid\" ><div class=\"wpb_column vc_column_container vc_col-sm-12\"><div class=\"vc_column-inner\"><div class=\"wpb_wrapper\"><\/div><\/div><\/div><\/div><div class=\"vc_row wpb_row vc_row-fluid\" ><div class=\"wpb_column vc_column_container vc_col-sm-12\"><div class=\"vc_column-inner\"><div class=\"wpb_wrapper\">\n\t<div class=\"wpb_text_column wpb_content_element\" >\n\t\t<div class=\"wpb_wrapper\">\n\t\t\t<div class=\"vc_row wpb_row vc_row-fluid\">\n<div class=\"wpb_column vc_column_container vc_col-sm-12\">\n<div class=\"vc_column-inner\">\n<div class=\"wpb_wrapper\">\n<div class=\"mkdf-section-title-holder\">\n<div class=\"mkdf-st-inner\">\n<h5 class=\"mkdf-st-subtitle\">B\u00ecnh Minh &amp; Ho\u00e0ng H\u00f4n Los Haitises<\/h5>\n<h3 class=\"mkdf-st-title\">Los Haitises Chuy\u1ebfn tham quan b\u1eb1ng thuy\u1ec1n Kayak ri\u00eang v\u00e0o l\u00fac b\u00ecnh minh ho\u1eb7c ho\u00e0ng h\u00f4n v\u1edbi ng\u01b0\u1eddi d\u00e2n \u0111\u1ecba ph\u01b0\u01a1ng<\/h3>\n<\/div>\n<\/div>\n<\/div>\n<\/div>\n<\/div>\n<\/div>\n<div class=\"vc_row wpb_row vc_row-fluid\">\n<div class=\"wpb_column vc_column_container vc_col-sm-12\">\n<div class=\"vc_column-inner\">\n<div class=\"wpb_wrapper\">\n<div class=\"vc_empty_space\"><\/div>\n<\/div>\n<\/div>\n<\/div>\n<\/div>\n<div class=\"vc_row wpb_row vc_row-fluid\"><\/div>\n<div class=\"wpb_column vc_column_container vc_col-sm-12\">\n<div class=\"vc_column-inner\">\n<div class=\"wpb_wrapper\"><\/div>\n<\/div>\n<\/div>\n<div class=\"wpb_text_column wpb_content_element\">\n<div class=\"wpb_wrapper\"><\/div>\n<\/div>\n<h4><a id=\"overview\" class=\"aal_anchor\" href=\"https:\/\/bookingadventures.com.do\/dominicantour\/los-haitises-sunrise-or-sunset-private-kayak-excursion-with-locals\/#overview\" aria-hidden=\"true\" rel=\"noopener\"><\/a><b><i>T\u1ed5ng quan<\/i><\/b><\/h4>\n<p>Ch\u00e8o thuy\u1ec1n kayak trong r\u1eebng ng\u1eadp m\u1eb7n \u1edf C\u00f4ng vi\u00ean qu\u1ed1c gia Los Haitises v\u1edbi h\u01b0\u1edbng d\u1eabn vi\u00ean du l\u1ecbch \u0111\u1ecba ph\u01b0\u01a1ng 3 gi\u1edd. Th\u1eddi gian t\u1ed1t nh\u1ea5t khi kh\u00f4ng c\u00f3 du kh\u00e1ch \u1edf c\u00f4ng vi\u00ean qu\u1ed1c gia Los Haitises \u0111\u01b0\u1ee3c thi\u1ebft l\u1eadp trong chuy\u1ebfn \u0111i n\u00e0y. Tham quan R\u1eebng ng\u1eadp m\u1eb7n \u1edf S\u00f4ng Ca\u00f1o Hondo c\u1ed9ng v\u1edbi T\u1ed5ng quan v\u1ec1 V\u1ecbnh San Lorenzo \u1edf C\u00f4ng vi\u00ean Qu\u1ed1c gia Los Haitises, khu v\u1ef1c Sabana de la Mar Ca\u00f1o Hondo. Tr\u01b0\u1eddng h\u1ee3p \u0111i ng\u1eafn ng\u00e0y:\u00a0<a href=\"https:\/\/www.boattoursamana.com\/vi\/tours-excursions\/hang-dong\/kayaking-in-los-haitises-voi-tour-guide-tu-cano-hondo-2\/\" target=\"_blank\" rel=\"noopener\"><em><strong>Ch\u00e8o thuy\u1ec1n kayak Los Haitises 2 gi\u1edd<\/strong><\/em><\/a><\/p>\n<ul>\n<li>H\u01b0\u1edbng d\u1eabn cung c\u1ea5p h\u01b0\u1edbng d\u1eabn v\u00e0 gi\u00e1m s\u00e1t.<\/li>\n<li>Kayaks v\u00e0 Paddles c\u00f3 s\u1eb5n Doble cho hai ng\u01b0\u1eddi v\u00e0 Simple cho ch\u1ec9 m\u1ed9t ng\u01b0\u1eddi.<\/li>\n<\/ul>\n<p>&nbsp;<\/p>\n<h4><a id=\"inclusions-exclusions\" class=\"aal_anchor\" href=\"https:\/\/bookingadventures.com.do\/dominicantour\/los-haitises-sunrise-or-sunset-private-kayak-excursion-with-locals\/#inclusions-exclusions\" aria-hidden=\"true\" rel=\"noopener\"><\/a><b>Bao g\u1ed3m &amp; Lo\u1ea1i tr\u1eeb<\/b><\/h4>\n<p>&nbsp;<\/p>\n<p><b>bao g\u1ed3m<\/b><\/p>\n<p>&nbsp;<\/p>\n<ol>\n<li>Chuy\u1ebfn \u0111i ch\u00e8o thuy\u1ec1n kayak<\/li>\n<li>T\u1ea5t c\u1ea3 c\u00e1c lo\u1ea1i thu\u1ebf, ph\u00ed v\u00e0 l\u1ec7 ph\u00ed x\u1eed l\u00fd<\/li>\n<li>Thu\u1ebf \u0111\u1ecba ph\u01b0\u01a1ng<\/li>\n<li>H\u01b0\u1edbng d\u1eabn \u0111\u1ecba ph\u01b0\u01a1ng<\/li>\n<\/ol>\n<p><b>lo\u1ea1i tr\u1eeb<\/b><\/p>\n<ol>\n<li>ti\u1ec1n th\u01b0\u1edfng<\/li>\n<li>Chuy\u1ec3n nh\u01b0\u1ee3ng<\/li>\n<li>Kh\u00f4ng bao g\u1ed3m \u0103n tr\u01b0a<\/li>\n<li>\u0110\u1ed3 u\u1ed1ng c\u00f3 c\u1ed3n<\/li>\n<\/ol>\n<p>&nbsp;<\/p>\n<h4><a id=\"departure-return\" class=\"aal_anchor\" href=\"https:\/\/bookingadventures.com.do\/dominicantour\/los-haitises-sunrise-or-sunset-private-kayak-excursion-with-locals\/#departure-return\" aria-hidden=\"true\" rel=\"noopener\"><\/a><em><strong>Kh\u1edfi h\u00e0nh &amp; Tr\u1edf v\u1ec1<\/strong><\/em><\/h4>\n<p>Kh\u00e1ch du l\u1ecbch s\u1ebd nh\u1eadn \u0111\u01b0\u1ee3c m\u1ed9t \u0111i\u1ec3m g\u1eb7p g\u1ee1 sau Quy tr\u00ecnh \u0111\u1eb7t ch\u1ed7. C\u00e1c chuy\u1ebfn tham quan b\u1eaft \u0111\u1ea7u v\u00e0 k\u1ebft th\u00fac t\u1ea1i c\u00e1c \u0111i\u1ec3m g\u1eb7p g\u1ee1 c\u1ee7a ch\u00fang t\u00f4i.<\/p>\n<p>&nbsp;<\/p>\n<h4><a id=\"what-to-expect\" class=\"aal_anchor\" href=\"https:\/\/bookingadventures.com.do\/dominicantour\/los-haitises-sunrise-or-sunset-private-kayak-excursion-with-locals\/#what-to-expect\" aria-hidden=\"true\" rel=\"noopener\"><\/a><b><i>Mong \u0111\u1ee3i \u0111i\u1ec1u g\u00ec?<\/i><\/b><\/h4>\n<p>&nbsp;<\/p>\n<p><em><strong>Nh\u1eadn v\u00e9 c\u1ee7a b\u1ea1n<\/strong><\/em>\u00a0\u0111\u1ec3 tham quan 3 gi\u1edd b\u1eb1ng thuy\u1ec1n Kayaking R\u1eebng tr\u00ean s\u00f4ng Hondo (R\u1eebng ng\u1eadp m\u1eb7n), Qu\u1ea7n \u0111\u1ea3o Rocky, Birding, B\u00ecnh minh v\u00e0 Ho\u00e0ng h\u00f4n v\u1edbi h\u01b0\u1edbng d\u1eabn vi\u00ean du l\u1ecbch \u0111\u1ecba ph\u01b0\u01a1ng.<\/p>\n<p>Khi ch\u00fang t\u00f4i nh\u1eadn \u0111\u01b0\u1ee3c t\u1ea5t c\u1ea3 c\u00e1c lo\u1ea1i thi\u1ebft b\u1ecb c\u1ea7n thi\u1ebft cho s\u1ef1 an to\u00e0n c\u1ee7a b\u1ea1n (\u00c1o phao, v.v.), h\u00e0nh \u0111\u1ed9ng b\u1eaft \u0111\u1ea7u Ch\u00e8o thuy\u1ec1n kayak t\u1eeb S\u00f4ng c\u1ea3ng Ca\u00f1o Hondo.<\/p>\n<p>Chuy\u1ebfn tham quan do \u201cBooking Adventures\u201d t\u1ed5 ch\u1ee9c b\u1eaft \u0111\u1ea7u t\u1ea1i \u0111i\u1ec3m t\u1eadp trung do H\u01b0\u1edbng d\u1eabn vi\u00ean ch\u1ec9 \u0111\u1ecbnh. \u0110i thuy\u1ec1n kayak v\u00e0 \u0111i qua \u0111\u1ea7m l\u1ea7y ng\u1eadp m\u1eb7n, b\u0103ng qua hang \u0111\u1ed9ng c\u01b0\u1edbp bi\u1ec3n c\u1ed5 x\u01b0a v\u00e0 v\u00e0o c\u00e1c khu r\u1eebng \u0111\u01b0\u1ee3c b\u1ea3o v\u1ec7 trong khu b\u1ea3o t\u1ed3n \u0111\u1eb9p nh\u01b0 tranh v\u1ebd n\u00e0y b\u1eaft \u0111\u1ea7u t\u1eeb khu v\u1ef1c Kh\u00e1ch s\u1ea1n Ca\u00f1o Hondo ho\u1eb7c t\u1eeb Sabana de la Mar,<\/p>\n<div class=\"body-description secondary\">\n<p>H\u00e3y \u0111\u1ebfn v\u1edbi Booking Adventures v\u00e0 b\u1eaft \u0111\u1ea7u kh\u00e1m ph\u00e1 m\u1ed9t s\u1ed1 khu r\u1eebng ng\u1eadp m\u1eb7n \u0111\u1ea7y chim, nh\u1eefng ng\u1ecdn \u0111\u1ed3i thoai tho\u1ea3i v\u1edbi th\u1ea3m th\u1ef1c v\u1eadt t\u01b0\u01a1i t\u1ed1t v\u00e0 hang \u0111\u1ed9ng c\u1ee7a\u00a0<em><strong>V\u01b0\u1eddn qu\u1ed1c gia Los Haitises<\/strong><\/em>. Tham gia Chuy\u1ebfn tham quan b\u1eb1ng thuy\u1ec1n kayak t\u1eeb s\u00f4ng Ca\u00f1o Hondo, Sabana de la Mar. Xuy\u00ean qua r\u1eebng ng\u1eadp m\u1eb7n v\u00e0 \u0111\u1ed5 b\u1ed9 t\u1ea1i V\u1ecbnh San Lorenzo r\u1ed9ng m\u1edf, t\u1eeb \u0111\u00f3 b\u1ea1n c\u00f3 th\u1ec3 ch\u1ee5p \u1ea3nh phong c\u1ea3nh r\u1eebng r\u1eadm. Nh\u00ecn xu\u1ed1ng n\u01b0\u1edbc \u0111\u1ec3 ph\u00e1t hi\u1ec7n\u00a0<em><strong>l\u1ee3n bi\u1ec3n<\/strong><\/em>, gi\u00e1p x\u00e1c v\u00e0\u00a0<em><strong>c\u00e1 heo.<\/strong><\/em><\/p>\n<p>T\u00ean c\u1ee7a c\u00f4ng vi\u00ean qu\u1ed1c gia b\u1eaft ngu\u1ed3n t\u1eeb c\u01b0 d\u00e2n ban \u0111\u1ea7u c\u1ee7a n\u00f3, ng\u01b0\u1eddi da \u0111\u1ecf Taino. Trong ng\u00f4n ng\u1eef c\u1ee7a h\u1ecd, \u201cHaitises\u201d c\u00f3 ngh\u0129a l\u00e0 cao nguy\u00ean ho\u1eb7c \u0110\u1ed3i, \u00e1m ch\u1ec9 s\u1ef1 h\u00ecnh th\u00e0nh \u0111\u1ecba ch\u1ea5t d\u1ed1c c\u1ee7a b\u1edd bi\u1ec3n v\u1edbi \u0110\u00e1 v\u00f4i. \u0110i s\u00e2u h\u01a1n v\u00e0o c\u00f4ng vi\u00ean \u0111\u1ec3 kh\u00e1m ph\u00e1 c\u00e1c hang \u0111\u1ed9ng nh\u01b0\u00a0<em><strong>Cueva de la Arena<\/strong><\/em>\u00a0v\u00e0\u00a0<strong><em>Cueva de la L\u00ednea.<\/em><\/strong>\u00a0C\u00e1c hang \u0111\u1ed9ng trong khu b\u1ea3o t\u1ed3n \u0111\u01b0\u1ee3c ng\u01b0\u1eddi da \u0111\u1ecf Taino s\u1eed d\u1ee5ng l\u00e0m n\u01a1i tr\u00fa \u1ea9n v\u00e0 sau \u0111\u00f3 l\u00e0 n\u01a1i \u1ea9n n\u00e1u c\u1ee7a nh\u1eefng t\u00ean c\u01b0\u1edbp bi\u1ec3n. H\u00e3y t\u00ecm nh\u1eefng b\u1ee9c v\u1ebd c\u1ee7a ng\u01b0\u1eddi \u1ea4n \u0110\u1ed9 trang tr\u00ed m\u1ed9t s\u1ed1 b\u1ee9c t\u01b0\u1eddng.<\/p>\n<p>Trong tr\u01b0\u1eddng h\u1ee3p b\u1ea1n mu\u1ed1n chuy\u1ebfn \u0111i n\u00e0y ng\u1eafn, ch\u00fang t\u00f4i c\u00f3 l\u1ef1a ch\u1ecdn th\u1ee9 hai:\u00a0<a href=\"https:\/\/www.boattoursamana.com\/vi\/tours-excursions\/hang-dong\/kayaking-in-los-haitises-voi-tour-guide-tu-cano-hondo-2\/\" target=\"_blank\" rel=\"noopener\">Ch\u00e8o thuy\u1ec1n kayak \u1edf Los Haitises 2 gi\u1edd\u00a0<\/a><\/p>\n<p>Chuy\u1ebfn tham quan k\u1ebft th\u00fac t\u1ea1i \u0111i\u1ec3m xu\u1ea5t ph\u00e1t \u1edf C\u00f4ng vi\u00ean Qu\u1ed1c gia Los Haitises. Ch\u00fang t\u00f4i \u0111\u1ec1 xu\u1ea5t chuy\u1ebfn \u0111i n\u00e0y l\u00fac 6:00 s\u00e1ng trong tr\u01b0\u1eddng h\u1ee3p b\u1ea1n mu\u1ed1n xem\u00a0<em><strong>l\u1ee3n bi\u1ec3n<\/strong><\/em>, gi\u00e1p x\u00e1c v\u00e0\u00a0<em><strong>c\u00e1 heo.<\/strong><\/em><\/p>\n<\/div>\n<p><em><strong>06:00<\/strong><\/em>\u00a0 v\u00e0 4:00 chi\u1ec1u l\u00e0 th\u1eddi gian b\u00ed m\u1eadt t\u1ed1t nh\u1ea5t \u0111\u1ec3 \u1edf m\u1ed9t m\u00ecnh t\u1ea1i C\u00f4ng vi\u00ean Qu\u1ed1c gia Los Haitises. T\u1eadn h\u01b0\u1edfng thi\u00ean nhi\u00ean c\u1ed9ng v\u1edbi v\u00f9ng n\u01b0\u1edbc y\u00ean t\u0129nh.<\/p>\n<h4><a id=\"what-you-should-bring\" class=\"aal_anchor\" href=\"https:\/\/bookingadventures.com.do\/dominicantour\/los-haitises-sunrise-or-sunset-private-kayak-excursion-with-locals\/#what-you-should-bring\" aria-hidden=\"true\" rel=\"noopener\"><\/a><em><strong>B\u1ea1n n\u00ean mang theo nh\u1eefng g\u00ec?<\/strong><\/em><\/h4>\n<ul>\n<li>M\u00e1y \u1ea3nh<\/li>\n<li>ch\u1ed3i \u0111u\u1ed5i<\/li>\n<li>kem ch\u1ed1ng n\u1eafng<\/li>\n<li>m\u0169<\/li>\n<li>qu\u1ea7n tho\u1ea3i m\u00e1i<\/li>\n<li>D\u00e9p x\u0103ng \u0111an<\/li>\n<li>\u0111\u1ed3 b\u01a1i<\/li>\n<\/ul>\n<p>&nbsp;<\/p>\n<h4><a id=\"hotel-pickup\" class=\"aal_anchor\" href=\"https:\/\/bookingadventures.com.do\/dominicantour\/los-haitises-sunrise-or-sunset-private-kayak-excursion-with-locals\/#hotel-pickup\" aria-hidden=\"true\" rel=\"noopener\"><\/a><b><i>\u0110\u00f3n kh\u00e1ch s\u1ea1n<\/i><\/b><\/h4>\n<p>\u0110\u00f3n kh\u00e1ch s\u1ea1n kh\u00f4ng \u0111\u01b0\u1ee3c cung c\u1ea5p cho tour du l\u1ecbch n\u00e0y.<\/p>\n<p>&nbsp;<\/p>\n<p><b>Ghi ch\u00fa:<\/b>\u00a0n\u1ebfu b\u1ea1n \u0111\u1eb7t ch\u1ed7 trong v\u00f2ng 24 gi\u1edd k\u1ec3 t\u1eeb gi\u1edd kh\u1edfi h\u00e0nh chuy\u1ebfn tham quan\/Chuy\u1ebfn tham quan, ch\u00fang t\u00f4i c\u00f3 th\u1ec3 s\u1eafp x\u1ebfp d\u1ecbch v\u1ee5 \u0111\u00f3n kh\u00e1ch t\u1ea1i kh\u00e1ch s\u1ea1n v\u1edbi m\u1ed9t kho\u1ea3n ph\u1ee5 ph\u00ed. Sau khi giao d\u1ecbch mua c\u1ee7a b\u1ea1n ho\u00e0n t\u1ea5t, ch\u00fang t\u00f4i s\u1ebd g\u1eedi cho b\u1ea1n th\u00f4ng tin li\u00ean h\u1ec7 \u0111\u1ea7y \u0111\u1ee7 (s\u1ed1 \u0111i\u1ec7n tho\u1ea1i, \u0111\u1ecba ch\u1ec9 email, v.v.) \u0111\u1ec3 H\u01b0\u1edbng d\u1eabn vi\u00ean du l\u1ecbch \u0111\u1ecba ph\u01b0\u01a1ng c\u1ee7a ch\u00fang t\u00f4i s\u1eafp x\u1ebfp vi\u1ec7c \u0111\u00f3n kh\u00e1ch.<\/p>\n<h4><a id=\"additional-info-confirmation\" class=\"aal_anchor\" href=\"https:\/\/bookingadventures.com.do\/dominicantour\/los-haitises-sunrise-or-sunset-private-kayak-excursion-with-locals\/#additional-info-confirmation\" aria-hidden=\"true\" rel=\"noopener\"><\/a><b><i>X\u00e1c nh\u1eadn th\u00f4ng tin b\u1ed5 sung<\/i><\/b><\/h4>\n<ol>\n<li>V\u00e9 l\u00e0 Bi\u00ean lai sau khi thanh to\u00e1n Tour n\u00e0y. B\u1ea1n c\u00f3 th\u1ec3 hi\u1ec3n th\u1ecb thanh to\u00e1n tr\u00ean \u0111i\u1ec7n tho\u1ea1i c\u1ee7a m\u00ecnh.<\/li>\n<li>\u0110i\u1ec3m h\u1eb9n s\u1ebd nh\u1eadn \u0111\u01b0\u1ee3c sau qu\u00e1 tr\u00ecnh \u0111\u1eb7t ch\u1ed7.<\/li>\n<li>Tr\u1ebb em ph\u1ea3i \u0111i c\u00f9ng ng\u01b0\u1eddi l\u1edbn.<\/li>\n<li>Kh\u00f4ng th\u1ec3 s\u1eed d\u1ee5ng xe l\u0103n<\/li>\n<li>Tr\u1ebb s\u01a1 sinh ph\u1ea3i ng\u1ed3i tr\u00ean \u0111\u00f9i<\/li>\n<li>Kh\u00f4ng n\u00ean d\u00f9ng cho du kh\u00e1ch c\u00f3 v\u1ea5n \u0111\u1ec1 v\u1ec1 l\u01b0ng<\/li>\n<li>Kh\u00f4ng n\u00ean d\u00f9ng cho du kh\u00e1ch mang thai<\/li>\n<li>Kh\u00f4ng c\u00f3 v\u1ea5n \u0111\u1ec1 v\u1ec1 tim ho\u1eb7c c\u00e1c t\u00ecnh tr\u1ea1ng y t\u1ebf nghi\u00eam tr\u1ecdng kh\u00e1c<\/li>\n<li>H\u1ea7u h\u1ebft du kh\u00e1ch c\u00f3 th\u1ec3 tham gia<\/li>\n<\/ol>\n\n\t\t<\/div>\n\t<\/div>\n<div class=\"vc_empty_space\"   style=\"height: 32px\"><span class=\"vc_empty_space_inner\"><\/span><\/div><\/div><\/div><\/div><\/div><div class=\"vc_row wpb_row vc_row-fluid\" ><div class=\"wpb_column vc_column_container vc_col-sm-12\"><div class=\"vc_column-inner\"><div class=\"wpb_wrapper\">\n\t<div class=\"wpb_video_widget wpb_content_element vc_clearfix   vc_video-aspect-ratio-169 vc_video-el-width-100 vc_video-align-left\" >\n\t\t<div class=\"wpb_wrapper\">\n\t\t\t<h2 class=\"wpb_heading wpb_video_heading\">Ch\u00e8o thuy\u1ec1n kayak \u1edf Los Haitises <\/h2>\n\t\t\t<div class=\"wpb_video_wrapper\"><iframe loading=\"lazy\" title=\"Tour ch\u00e8o thuy\u1ec1n kayak v\u00e0 kh\u00e1m ph\u00e1 hang \u0111\u1ed9ng \u1edf C\u00f4ng vi\u00ean qu\u1ed1c gia Los Haitises, C\u1ed9ng h\u00f2a Dominica\" width=\"1100\" height=\"619\" src=\"https:\/\/www.youtube.com\/embed\/ucU1uwB57wQ?feature=oembed\" frameborder=\"0\" allow=\"accelerometer; autoplay; clipboard-write; encrypted-media; gyroscope; picture-in-picture; web-share\" allowfullscreen><\/iframe><\/div>\n\t\t<\/div>\n\t<\/div>\n<div class=\"vc_btn3-container vc_btn3-inline\" ><a class=\"vc_general vc_btn3 vc_btn3-size-md vc_btn3-shape-rounded vc_btn3-style-modern vc_btn3-color-green\" href=\"https:\/\/bookingadventures.tours\/booking.php?tour_id=5e23e6777c99f3e8cc360d181c266535\" title=\"\" rel=\"noopener\">\u0110\u0102\u0323T B\u00c2Y GI\u1edc<\/a><\/div><\/div><\/div><\/div><\/div>","protected":false},"excerpt":{"rendered":"<div>N\u1ebfu b\u1ea1n \u0111ang c\u00f3 \u00fd \u0111\u1ecbnh \u0111\u1ebfn th\u0103m Los Haitises m\u1ed9t c\u00e1ch l\u00e3ng m\u1ea1n b\u00ean c\u1ea1nh vi\u1ec7c h\u00f2a m\u00ecnh v\u00e0o thi\u00ean nhi\u00ean v\u00e0 t\u1eadn h\u01b0\u1edfng th\u1eddi gian b\u00ecnh minh ho\u1eb7c ho\u00e0ng h\u00f4n. \u0110\u00e2y l\u00e0 chuy\u1ebfn \u0111i ri\u00eang t\u01b0 t\u1ed1t nh\u1ea5t cho b\u1ea1n.<\/div>\n<div><\/div>\n<div>B\u00ecnh minh t\u1eeb 5h30 s\u00e1ng \u0111\u1ebfn 8h30 s\u00e1ng.<\/div>\n<div><\/div>\n<div>Chuy\u1ebfn \u0111i ho\u00e0ng h\u00f4n t\u1eeb 4:00 chi\u1ec1u \u0111\u1ebfn 7:00 t\u1ed1i.<\/div>\n<div><\/div>\n<div>Ch\u1ecdn ng\u00e0y cho Tour:<\/div>","protected":false},"featured_media":12725,"template":"","meta":[],"product_cat":[218,946,178,927,934,254,255],"product_tag":[176,211,192,319,208,206,207,171,209,426,327,175,199,200],"class_list":["post-12695","product","type-product","status-publish","has-post-thumbnail","hentry","product_cat-kayaking","product_cat-1-sabana-de-la-mar","product_cat-hiking","product_cat-hiking-los-haitises","product_cat-kayaking-los-haitises","product_cat-tours-excursions-los-haitises-national-park","product_cat-tours-excursions-samana-bay-dominican-republic","product_tag-cano-hondo","product_tag-cano-hondo-hotel","product_tag-day-tour-cano-hondo","product_tag-kayak-dominican-republic","product_tag-kayaking-dominican-republic","product_tag-kayaking-los-haitises","product_tag-kayaks","product_tag-los-haitises","product_tag-los-haitises-national-park","product_tag-los-haitises-tours","product_tag-private-tours-samana","product_tag-sabana-de-la-mar","product_tag-samana-bay","product_tag-samana-excursions"],"_links":{"self":[{"href":"https:\/\/www.boattoursamana.com\/vi\/wp-json\/wp\/v2\/product\/12695","targetHints":{"allow":["GET"]}}],"collection":[{"href":"https:\/\/www.boattoursamana.com\/vi\/wp-json\/wp\/v2\/product"}],"about":[{"href":"https:\/\/www.boattoursamana.com\/vi\/wp-json\/wp\/v2\/types\/product"}],"wp:featuredmedia":[{"embeddable":true,"href":"https:\/\/www.boattoursamana.com\/vi\/wp-json\/wp\/v2\/media\/12725"}],"wp:attachment":[{"href":"https:\/\/www.boattoursamana.com\/vi\/wp-json\/wp\/v2\/media?parent=12695"}],"wp:term":[{"taxonomy":"product_cat","embeddable":true,"href":"https:\/\/www.boattoursamana.com\/vi\/wp-json\/wp\/v2\/product_cat?post=12695"},{"taxonomy":"product_tag","embeddable":true,"href":"https:\/\/www.boattoursamana.com\/vi\/wp-json\/wp\/v2\/product_tag?post=12695"}],"curies":[{"name":"wp","href":"https:\/\/api.w.org\/{rel}","templated":true}]}}