{"id":12996,"date":"2021-09-16T15:48:58","date_gmt":"2021-09-16T15:48:58","guid":{"rendered":"https:\/\/www.ticketswhales.com\/?post_type=product&#038;p=12996"},"modified":"2023-10-16T08:39:25","modified_gmt":"2023-10-16T08:39:25","slug":"los-haitises-mountain-bike-private-boat-trip-copy","status":"publish","type":"product","link":"https:\/\/www.boattoursamana.com\/vi\/chuyen-du-lich\/los-haitises-xe-dap-rieng-thuyen-chuyen-ban-sao-3","title":{"rendered":"Xe \u0111\u1ea1p leo n\u00fai Los Haitises + Chuy\u1ebfn \u0111i thuy\u1ec1n ri\u00eang"},"content":{"rendered":"<div class=\"vc_row wpb_row vc_row-fluid\" ><div class=\"wpb_column vc_column_container vc_col-sm-12\"><div class=\"vc_column-inner\"><div class=\"wpb_wrapper\"><div class=\"vc_btn3-container vc_btn3-inline\" ><a class=\"vc_general vc_btn3 vc_btn3-size-md vc_btn3-shape-rounded vc_btn3-style-modern vc_btn3-color-green\" href=\"https:\/\/bookingadventures.tours\/booking.php?tour_id=a7eaf8f70968fc40037fc986faa80770\" title=\"\" rel=\"noopener\">\u0110\u0102\u0323T B\u00c2Y GI\u1edc<\/a><\/div><div class=\"vc_empty_space\"   style=\"height: 32px\"><span class=\"vc_empty_space_inner\"><\/span><\/div>\n\t<div class=\"wpb_text_column wpb_content_element\" >\n\t\t<div class=\"wpb_wrapper\">\n\t\t\t<div class=\"vc_row wpb_row vc_row-fluid\">\n<div class=\"wpb_column vc_column_container vc_col-sm-12\">\n<div class=\"vc_column-inner\">\n<div class=\"wpb_wrapper\">\n<div class=\"mkdf-section-title-holder\">\n<div class=\"mkdf-st-inner\">\n<h5 class=\"mkdf-st-subtitle\">Xe \u0111\u1ea1p, R\u1eebng ng\u1eadp m\u1eb7n, \u0110i thuy\u1ec1n, Hang \u0111\u1ed9ng, v.v.<\/h5>\n<h3 class=\"mkdf-st-title\">Xe \u0111\u1ea1p leo n\u00fai Los Haitises + Chuy\u1ebfn \u0111i thuy\u1ec1n ri\u00eang<\/h3>\n<\/div>\n<\/div>\n<\/div>\n<\/div>\n<\/div>\n<\/div>\n<div class=\"vc_row wpb_row vc_row-fluid\">\n<div class=\"wpb_column vc_column_container vc_col-sm-12\">\n<div class=\"vc_column-inner\">\n<div class=\"wpb_wrapper\">\n<div class=\"vc_empty_space\"><\/div>\n<\/div>\n<\/div>\n<\/div>\n<\/div>\n<div class=\"vc_row wpb_row vc_row-fluid\">\n<div class=\"wpb_column vc_column_container vc_col-sm-12\">\n<div class=\"vc_column-inner\">\n<div class=\"wpb_wrapper\">\n<div class=\"wpb_text_column wpb_content_element\">\n<div class=\"wpb_wrapper\">\n<h5><strong>T\u1ed5ng quan<\/strong><\/h5>\n<p>\u0110i du l\u1ecbch v\u1edbi m\u1ed9t chuy\u00ean gia \u0111\u1ecba ph\u01b0\u01a1ng v\u00e0 c\u00f3 \u0111\u01b0\u1ee3c tr\u1ea3i nghi\u1ec7m \u0111\u1ea1p xe \u0111\u1ed9c \u0111\u00e1o b\u1eaft \u0111\u1ea7u t\u1eeb Sabana de la Mar, chuy\u1ebfn tham quan n\u00e0y s\u1ebd \u0111\u01b0a b\u1ea1n \u0111i v\u00f2ng quanh \u0111\u1ec3 ng\u1eafm nh\u00ecn phong c\u1ea3nh tuy\u1ec7t \u0111\u1eb9p c\u1ee7a v\u00f9ng n\u00f4ng th\u00f4n C\u1ed9ng h\u00f2a Dominica. Khi b\u1ea1n \u0111\u1ea1p xe, b\u1ea1n s\u1ebd c\u00f3 th\u1ec3 n\u00f3i xin ch\u00e0o! nh\u1eefng ng\u01b0\u1eddi n\u00f4ng d\u00e2n c\u01b0\u1ee1i ng\u1ef1a ho\u1eb7c xe m\u00e1y \u0111\u1ebfn khu \u0111\u1ea5t c\u1ee7a h\u1ecd v\u00e0 trong chuy\u1ebfn tham quan, b\u1ea1n s\u1ebd c\u00f3 th\u1ec3 h\u00f2a m\u00ecnh v\u00e0o cu\u1ed9c phi\u00eau l\u01b0u v\u00e0 v\u0103n h\u00f3a \u0111\u1ecba ph\u01b0\u01a1ng t\u1eeb Sabana de la Mar. M\u1ed9t s\u1ed1 s\u1ef1 th\u1eadt v\u1ec1 Los Haitises: l\u00e0 m\u1ed9t trong nh\u1eefng th\u00e0nh t\u1ea1o \u0111\u00e1 v\u00f4i l\u1edbn nh\u1ea5t tr\u00ean th\u1ebf gi\u1edbi, m\u1ed9t n\u01a1i b\u1ea3o t\u1ed3n c\u00e1c lo\u00e0i \u0111\u1eb7c h\u1eefu, V\u1ecb tr\u00ed c\u00f3 ph\u1ea7n l\u1edbn \u0111a d\u1ea1ng sinh h\u1ecdc c\u1ee7a h\u00f2n \u0111\u1ea3o v\u00e0 c\u00f3 m\u1ed9t trong nh\u1eefng khu r\u1eebng ng\u1eadp m\u1eb7n l\u1edbn nh\u1ea5t Quisqueya.<\/p>\n<p>&nbsp;<\/p>\n<p><strong>Bao g\u1ed3m &amp; Lo\u1ea1i tr\u1eeb<\/strong><\/p>\n<p>&nbsp;<\/p>\n<p><strong>bao g\u1ed3m<\/strong><\/p>\n<p>\u0111i xe \u0111\u1ea1p<\/p>\n<p>Thuy\u00ean du li\u0323ch<\/p>\n<p>\u0110\u1ed3 \u0103n nh\u1eb9<\/p>\n<p>1 b\u00ecnh n\u01b0\u1edbc<\/p>\n<p>B\u1ed9 d\u1ee5ng c\u1ee5 s\u01a1 c\u1ee9u<\/p>\n<p>T\u1ea5t c\u1ea3 c\u00e1c lo\u1ea1i thu\u1ebf, ph\u00ed v\u00e0 l\u1ec7 ph\u00ed x\u1eed l\u00fd<\/p>\n<p>Thu\u1ebf \u0111\u1ecba ph\u01b0\u01a1ng<\/p>\n<p>C\u00e1c quan ch\u1ee9c Nh\u00e0 sinh th\u00e1i h\u01b0\u1edbng d\u1eabn vi\u00ean ti\u1ebfng Anh \/ T\u00e2y Ban Nha<\/p>\n<p>&nbsp;<\/p>\n<p><strong>lo\u1ea1i tr\u1eeb<\/strong><\/p>\n<p>ti\u1ec1n th\u01b0\u1edfng<\/p>\n<p>Chuy\u1ec3n nh\u01b0\u1ee3ng<\/p>\n<p>\u0110\u1ed3 u\u1ed1ng<\/p>\n<p>&nbsp;<\/p>\n<p>&nbsp;<\/p>\n<p>Kh\u1edfi h\u00e0nh &amp; Tr\u1edf v\u1ec1<\/p>\n<p>&nbsp;<\/p>\n<p>Chuy\u1ebfn tham quan do \u201cBooking Adventures\u201d t\u1ed5 ch\u1ee9c b\u1eaft \u0111\u1ea7u t\u1ea1i \u0111i\u1ec3m h\u1eb9n \u0111\u00e3 \u0111\u1eb7t v\u1edbi H\u01b0\u1edbng d\u1eabn vi\u00ean. Kh\u00e1ch du l\u1ecbch s\u1ebd nh\u1eadn \u0111\u01b0\u1ee3c m\u1ed9t \u0111i\u1ec3m g\u1eb7p g\u1ee1 sau Quy tr\u00ecnh \u0111\u1eb7t ch\u1ed7. C\u00e1c chuy\u1ebfn tham quan b\u1eaft \u0111\u1ea7u v\u00e0 k\u1ebft th\u00fac t\u1ea1i c\u00e1c \u0111i\u1ec3m g\u1eb7p g\u1ee1 c\u1ee7a ch\u00fang t\u00f4i.<\/p>\n<p>&nbsp;<\/p>\n<p>Mong \u0111\u1ee3i \u0111i\u1ec1u g\u00ec?<\/p>\n<p>Nh\u1eadn v\u00e9 \u0111i xe \u0111\u1ea1p v\u00e0 ch\u00e8o thuy\u1ec1n t\u1eeb Sabana de la Mar<\/p>\n<p>&nbsp;<\/p>\n<p>Chuy\u1ebfn tham quan n\u00e0y b\u1eaft \u0111\u1ea7u t\u1eeb \u0111i\u1ec3m h\u1eb9n m\u00e0 b\u1ea1n ph\u1ea3i x\u00e1c nh\u1eadn v\u1edbi \u0110\u1ea1i l\u00fd du l\u1ecbch c\u1ee7a ch\u00fang t\u00f4i ho\u1eb7c H\u01b0\u1edbng d\u1eabn vi\u00ean du l\u1ecbch c\u1ee7a b\u1ea1n tr\u01b0\u1edbc khi \u0111\u1ebfn b\u1ea5t k\u1ef3 \u0111\u1ecba \u0111i\u1ec3m n\u00e0o. Khi b\u1ea1n g\u1eb7p h\u01b0\u1edbng d\u1eabn vi\u00ean c\u1ee7a m\u00ecnh, b\u1ea1n s\u1ebd \u0111\u01b0\u1ee3c t\u00f3m t\u1eaft v\u1ec1 chuy\u1ebfn tham quan v\u00e0 m\u1ecdi th\u1ee9 li\u00ean quan \u0111\u1ebfn ng\u00e0y c\u1ee7a b\u1ea1n.<\/p>\n<p>&nbsp;<\/p>\n<p>Khi m\u1ecdi ng\u01b0\u1eddi \u0111\u00e3 s\u1eb5n s\u00e0ng, ch\u00fang t\u00f4i s\u1ebd \u0111\u1ebfn c\u1ea3ng C\u00f4ng vi\u00ean Qu\u1ed1c gia Los Haitises, n\u01a1i b\u1ea1n s\u1ebd b\u1eaft \u0111\u1ea7u ch\u00e8o thuy\u1ec1n t\u1ea1i s\u00f4ng Cano Hondo k\u1ebft th\u00fac \u1edf V\u1ecbnh San Lorenzo, \u0111\u00e2y l\u00e0 m\u1ed9t v\u1ecbnh nh\u1ecf ch\u1ec9 r\u1ed9ng 10 Km2 v\u00e0 trong hai gi\u1edd, b\u1ea1n s\u1ebd t\u1ef1 m\u00ecnh \u0111\u1ebfn c\u00e1c h\u1ec7 sinh th\u00e1i kh\u00e1c nhau c\u1ee7a Los Haitises.<\/p>\n<p>&nbsp;<\/p>\n<p>Trong ph\u1ea7n n\u00e0y c\u1ee7a chuy\u1ebfn \u0111i, b\u1ea1n s\u1ebd di chuy\u1ec3n quanh khu r\u1eebng ng\u1eadp m\u1eb7n l\u1edbn th\u1ee9 hai tr\u00ean \u0111\u1ea3o v\u1edbi h\u01a1n 90 Km2 v\u00e0 khi \u0111\u1ebfn V\u1ecbnh San Lorenzo, b\u1ea1n s\u1ebd th\u1ea5y B\u00e1n \u0111\u1ea3o v\u00e0 V\u1ecbnh Samana.<\/p>\n<p>&nbsp;<\/p>\n<p>Trong khi b\u1ea1n \u1edf \u0111\u00f3, b\u1ea1n c\u00f3 th\u1ec3 nh\u00ecn th\u1ea5y m\u1ed9t s\u1ed1 lo\u00e0i c\u00e1 heo, c\u00e1c lo\u00e0i chim nh\u01b0 Di\u1ec7c xanh, Di\u1ec7c x\u00e1m, Qu\u1ea1, B\u1ed3 n\u00f4ng n\u00e2u, Nh\u00e0n nh\u1ea1n ho\u00e0ng gia, Chim t\u00e0u khu tr\u1ee5c tr\u00e1ng l\u1ec7 v\u00e0 t\u1ea7m nh\u00ecn \u0111\u1ed9c \u0111\u00e1o ra C\u00f4ng vi\u00ean Qu\u1ed1c gia Los Haitises. Sau 4 gi\u1edd r\u01b0\u1ee1i tham gia c\u00e1c ho\u1ea1t \u0111\u1ed9ng \u1edf C\u00f4ng vi\u00ean Qu\u1ed1c gia Los Haitises v\u00e0 Sabana de la Mar, chuy\u1ebfn du ngo\u1ea1n n\u00e0y k\u1ebft th\u00fac t\u1ea1i ch\u00ednh n\u01a1i n\u00f3 b\u1eaft \u0111\u1ea7u.<\/p>\n<p>&nbsp;<\/p>\n<p>L\u01b0u \u00fd: C\u00e1c chuy\u1ebfn tham quan n\u00e0y \u0111\u1ec1u c\u00f3 h\u01b0\u1edbng d\u1eabn vi\u00ean c\u1ee7a Nh\u00e0 sinh th\u00e1i h\u1ecdc Ch\u00ednh th\u1ee9c. H\u00e3y \u0111\u1eb7t tr\u01b0\u1edbc v\u1edbi th\u1eddi gian v\u00ec trong c\u00f4ng vi\u00ean kh\u00f4ng c\u00f3 qu\u00e1 nhi\u1ec1u chuy\u00ean gia.<\/p>\n<p>&nbsp;<\/p>\n<p>&nbsp;<\/p>\n<p>B\u1ea1n n\u00ean mang theo nh\u1eefng g\u00ec?<\/p>\n<ul>\n<li aria-level=\"1\">M\u00e1y \u1ea3nh<\/li>\n<li aria-level=\"1\">ch\u1ed3i \u0111u\u1ed5i<\/li>\n<li aria-level=\"1\">kem ch\u1ed1ng n\u1eafng<\/li>\n<li aria-level=\"1\">m\u0169<\/li>\n<li aria-level=\"1\">qu\u1ea7n tho\u1ea3i m\u00e1i<\/li>\n<li aria-level=\"1\">Gi\u00e0y ch\u1ea1y b\u1ed9<\/li>\n<li aria-level=\"1\">D\u00e9p cho ch\u00e8o thuy\u1ec1n kayak<\/li>\n<li aria-level=\"1\">\u0111\u1ed3 b\u01a1i<\/li>\n<li aria-level=\"1\">kh\u0103n t\u1eafm<\/li>\n<\/ul>\n<p>&nbsp;<\/p>\n<h4><b><i>\u0110\u00f3n kh\u00e1ch s\u1ea1n<\/i><\/b><\/h4>\n<p>\u0110\u00f3n kh\u00e1ch s\u1ea1n kh\u00f4ng \u0111\u01b0\u1ee3c cung c\u1ea5p cho tour du l\u1ecbch n\u00e0y.<\/p>\n<p>&nbsp;<\/p>\n<p><b>Ghi ch\u00fa:<\/b>\u00a0n\u1ebfu b\u1ea1n \u0111\u1eb7t ch\u1ed7 trong v\u00f2ng 24 gi\u1edd k\u1ec3 t\u1eeb gi\u1edd kh\u1edfi h\u00e0nh chuy\u1ebfn tham quan\/Chuy\u1ebfn tham quan, ch\u00fang t\u00f4i c\u00f3 th\u1ec3 s\u1eafp x\u1ebfp d\u1ecbch v\u1ee5 \u0111\u00f3n kh\u00e1ch t\u1ea1i kh\u00e1ch s\u1ea1n v\u1edbi m\u1ed9t kho\u1ea3n ph\u1ee5 ph\u00ed. Sau khi giao d\u1ecbch mua c\u1ee7a b\u1ea1n ho\u00e0n t\u1ea5t, ch\u00fang t\u00f4i s\u1ebd g\u1eedi cho b\u1ea1n th\u00f4ng tin li\u00ean h\u1ec7 \u0111\u1ea7y \u0111\u1ee7 (s\u1ed1 \u0111i\u1ec7n tho\u1ea1i, \u0111\u1ecba ch\u1ec9 email, v.v.) \u0111\u1ec3 H\u01b0\u1edbng d\u1eabn vi\u00ean du l\u1ecbch \u0111\u1ecba ph\u01b0\u01a1ng c\u1ee7a ch\u00fang t\u00f4i s\u1eafp x\u1ebfp vi\u1ec7c \u0111\u00f3n kh\u00e1ch.<\/p>\n<h4><b><i>X\u00e1c nh\u1eadn th\u00f4ng tin b\u1ed5 sung<\/i><\/b><\/h4>\n<ol>\n<li>V\u00e9 l\u00e0 Bi\u00ean nh\u1eadn sau khi thanh to\u00e1n cho Tour n\u00e0y. B\u1ea1n c\u00f3 th\u1ec3 hi\u1ec3n th\u1ecb thanh to\u00e1n tr\u00ean \u0111i\u1ec7n tho\u1ea1i c\u1ee7a m\u00ecnh.<\/li>\n<li>\u0110i\u1ec3m h\u1eb9n s\u1ebd nh\u1eadn \u0111\u01b0\u1ee3c sau qu\u00e1 tr\u00ecnh \u0111\u1eb7t ch\u1ed7.<\/li>\n<li>Tr\u1ebb em ph\u1ea3i \u0111i c\u00f9ng ng\u01b0\u1eddi l\u1edbn.<\/li>\n<li>Kh\u00f4ng th\u1ec3 s\u1eed d\u1ee5ng xe l\u0103n<\/li>\n<li>Tr\u1ebb s\u01a1 sinh ph\u1ea3i ng\u1ed3i tr\u00ean \u0111\u00f9i<\/li>\n<li>Kh\u00f4ng n\u00ean d\u00f9ng cho du kh\u00e1ch c\u00f3 v\u1ea5n \u0111\u1ec1 v\u1ec1 l\u01b0ng<\/li>\n<li>Kh\u00f4ng n\u00ean d\u00f9ng cho du kh\u00e1ch mang thai<\/li>\n<li>Kh\u00f4ng c\u00f3 v\u1ea5n \u0111\u1ec1 v\u1ec1 tim ho\u1eb7c c\u00e1c t\u00ecnh tr\u1ea1ng y t\u1ebf nghi\u00eam tr\u1ecdng kh\u00e1c<\/li>\n<li>H\u1ea7u h\u1ebft du kh\u00e1ch c\u00f3 th\u1ec3 tham gia<\/li>\n<\/ol>\n<h4><b><i>Ch\u00ednh s\u00e1ch h\u1ee7y<\/i><\/b><\/h4>\n<p>\u0110\u1ec3 \u0111\u01b0\u1ee3c ho\u00e0n ti\u1ec1n \u0111\u1ea7y \u0111\u1ee7, h\u00e3y h\u1ee7y \u00edt nh\u1ea5t 24 gi\u1edd tr\u01b0\u1edbc ng\u00e0y b\u1eaft \u0111\u1ea7u tr\u1ea3i nghi\u1ec7m.<\/p>\n<\/div>\n<\/div>\n<\/div>\n<\/div>\n<\/div>\n<\/div>\n<div class=\"vc_row wpb_row vc_row-fluid\">\n<div class=\"wpb_column vc_column_container vc_col-sm-12\">\n<div class=\"vc_column-inner\">\n<div class=\"wpb_wrapper\">\n<div class=\"vc_empty_space\"><\/div>\n<div class=\"wpb_text_column wpb_content_element\">\n<div class=\"wpb_wrapper\">\n<h4>Li\u00ean h\u1ec7 ch\u00fang t\u00f4i?<\/h4>\n<h5>\u0111\u1eb7t ph\u00f2ng phi\u00eau l\u01b0u<\/h5>\n<p><em><strong>ng\u01b0\u1eddi d\u00e2n \u0111\u1ecba ph\u01b0\u01a1ng<\/strong>\u00a0v\u00e0\u00a0<strong>c\u00f4ng d\u00e2n<\/strong>\u00a0H\u01b0\u1edbng d\u1eabn vi\u00ean du l\u1ecbch &amp; D\u1ecbch v\u1ee5 kh\u00e1ch<\/em><\/p>\n<p><span class=\"text-turquoise\">\u0111\u1eb7t ph\u00f2ng:<\/span>\u00a0Chuy\u1ebfn tham quan &amp; du ngo\u1ea1n t\u1ea1i Dom. Tr\u1ea3 l\u1eddi.<\/p>\n<p>\ud83d\udcde \u0110i\u1ec7n tho\u1ea1i \/ Whatsapp\u00a0\u00a0<a href=\"tel:+1-809-720-6035\">+1-809-720-6035<\/a>.<\/p>\n<p>\ud83d\udce9\u00a0<a href=\"mailto:info@bookingadventures.com.do\">info@bookingadventures.com.do<\/a><\/p>\n<p><strong>Ch\u00fang t\u00f4i \u0111ang thi\u1ebft l\u1eadp linh ho\u1ea1t c\u00e1c chuy\u1ebfn tham quan ri\u00eang t\u01b0 b\u1eb1ng Whatsapp:\u00a0<a href=\"tel:+18097206035\">+18097206035.<\/a><\/strong><\/p>\n<\/div>\n<\/div>\n<\/div>\n<\/div>\n<\/div>\n<\/div>\n\n\t\t<\/div>\n\t<\/div>\n<\/div><\/div><\/div><\/div><div class=\"wpb_column vc_column_container vc_col-sm-12\"><div class=\"vc_column-inner\"><div class=\"wpb_wrapper\"><\/div><\/div><\/div><div class=\"wpb_column vc_column_container vc_col-sm-12\"><div class=\"vc_column-inner\"><div class=\"wpb_wrapper\"><\/div><\/div><\/div>","protected":false},"excerpt":{"rendered":"<div class=\"woocommerce-product-details__short-description\">\n<p>\u0110i c\u00f9ng chuy\u00ean gia \u0111\u1ecba ph\u01b0\u01a1ng v\u00e0 tr\u1ea3i nghi\u1ec7m \u0111\u1ea1p xe \u0111\u1ed9c \u0111\u00e1o b\u1eaft \u0111\u1ea7u t\u1eeb Sabana de la Mar, chuy\u1ebfn tham quan n\u00e0y s\u1ebd \u0111\u01b0a b\u1ea1n \u0111i v\u00f2ng quanh \u0111\u1ec3 ng\u1eafm c\u1ea3nh quan tuy\u1ec7t \u0111\u1eb9p c\u1ee7a v\u00f9ng n\u00f4ng th\u00f4n C\u1ed9ng h\u00f2a Dominica. Khi b\u1ea1n \u0111\u1ea1p xe, b\u1ea1n s\u1ebd c\u00f3 th\u1ec3 n\u00f3i xin ch\u00e0o! nh\u1eefng ng\u01b0\u1eddi n\u00f4ng d\u00e2n c\u01b0\u1ee1i ng\u1ef1a ho\u1eb7c xe m\u00e1y \u0111\u1ebfn n\u01a1i \u1edf c\u1ee7a h\u1ecd v\u00e0 trong chuy\u1ebfn tham quan, b\u1ea1n s\u1ebd c\u00f3 th\u1ec3 h\u00f2a m\u00ecnh v\u00e0o cu\u1ed9c phi\u00eau l\u01b0u v\u00e0 v\u0103n h\u00f3a \u0111\u1ecba ph\u01b0\u01a1ng t\u1eeb Sabana de la Mar. Tr\u1ea3i nghi\u1ec7m xe \u0111\u1ea1p leo n\u00fai \u0111\u1ed9c \u0111\u00e1o!<\/p>\n<p>&nbsp;<\/p>\n<p><strong>Vui l\u00f2ng ch\u1ecdn ng\u00e0y cho Tour:<\/strong><\/p>\n<\/div>","protected":false},"featured_media":12428,"template":"","meta":[],"product_cat":[870,946,928,838,930,254,255],"product_tag":[176,211,192,171,209,426,327,175,199,200],"class_list":["post-12996","product","type-product","status-publish","has-post-thumbnail","hentry","product_cat-private-boat-trip-los-haitises","product_cat-1-sabana-de-la-mar","product_cat-boat-trip-los-haitises","product_cat-mangroves-projects","product_cat-mountain-bike-los-haitises","product_cat-tours-excursions-los-haitises-national-park","product_cat-tours-excursions-samana-bay-dominican-republic","product_tag-cano-hondo","product_tag-cano-hondo-hotel","product_tag-day-tour-cano-hondo","product_tag-los-haitises","product_tag-los-haitises-national-park","product_tag-los-haitises-tours","product_tag-private-tours-samana","product_tag-sabana-de-la-mar","product_tag-samana-bay","product_tag-samana-excursions"],"_links":{"self":[{"href":"https:\/\/www.boattoursamana.com\/vi\/wp-json\/wp\/v2\/product\/12996","targetHints":{"allow":["GET"]}}],"collection":[{"href":"https:\/\/www.boattoursamana.com\/vi\/wp-json\/wp\/v2\/product"}],"about":[{"href":"https:\/\/www.boattoursamana.com\/vi\/wp-json\/wp\/v2\/types\/product"}],"wp:featuredmedia":[{"embeddable":true,"href":"https:\/\/www.boattoursamana.com\/vi\/wp-json\/wp\/v2\/media\/12428"}],"wp:attachment":[{"href":"https:\/\/www.boattoursamana.com\/vi\/wp-json\/wp\/v2\/media?parent=12996"}],"wp:term":[{"taxonomy":"product_cat","embeddable":true,"href":"https:\/\/www.boattoursamana.com\/vi\/wp-json\/wp\/v2\/product_cat?post=12996"},{"taxonomy":"product_tag","embeddable":true,"href":"https:\/\/www.boattoursamana.com\/vi\/wp-json\/wp\/v2\/product_tag?post=12996"}],"curies":[{"name":"wp","href":"https:\/\/api.w.org\/{rel}","templated":true}]}}