{"id":13477,"date":"2021-12-19T09:08:16","date_gmt":"2021-12-19T09:08:16","guid":{"rendered":"https:\/\/www.ticketswhales.com\/?post_type=product&#038;p=13477"},"modified":"2023-10-06T10:58:13","modified_gmt":"2023-10-06T10:58:13","slug":"el-limon-waterfall-los-haitises-private-tour-from-samana","status":"publish","type":"product","link":"https:\/\/www.boattoursamana.com\/vi\/chuyen-du-lich\/el-limon-thac-los-haitises-tour-rieng-tu-samana-2","title":{"rendered":"Tour Ri\u00eang Th\u00e1c El Lim\u00f3n &amp; Los Haitises T\u1eeb Saman\u00e1"},"content":{"rendered":"<div class=\"vc_row wpb_row vc_row-fluid\" ><div class=\"wpb_column vc_column_container vc_col-sm-12\"><div class=\"vc_column-inner\"><div class=\"wpb_wrapper\"><div class=\"vc_btn3-container vc_btn3-inline\" ><button class=\"vc_general vc_btn3 vc_btn3-size-md vc_btn3-shape-rounded vc_btn3-style-modern vc_btn3-color-green\">\u0110\u0102\u0323T B\u00c2Y GI\u1edc<\/button><\/div><\/div><\/div><\/div><\/div><div class=\"vc_row wpb_row vc_row-fluid\" ><div class=\"wpb_column vc_column_container vc_col-sm-12\"><div class=\"vc_column-inner\"><div class=\"wpb_wrapper\"><div class=\"mkdf-section-title-holder\" style=\"text-align: left\">\n\t<div class=\"mkdf-st-inner\">\n\t\t\t\t\t<h5 class=\"mkdf-st-subtitle\" >\n\t\t\t\tBao g\u1ed3m ph\u01b0\u01a1ng ti\u1ec7n di chuy\u1ec3n &amp; b\u1eefa tr\u01b0a\t\t\t<\/h5>\n\t\t\t\t\t\t\t<h3 class=\"mkdf-st-title\" >\n\t\t\t\tTour Ri\u00eang Th\u00e1c El Lim\u00f3n &amp; Los Haitises T\u1eeb Samana\t\t\t<\/h3>\n\t\t\t\t\t\t\t<p class=\"mkdf-st-text\" >\n\t\t\t\t\u0110\u1eb7t m\u1ed9t chuy\u1ebfn \u0111i ri\u00eang v\u1edbi ng\u01b0\u1eddi d\u00e2n \u0111\u1ecba ph\u01b0\u01a1ng v\u00e0 gh\u00e9 th\u0103m trong m\u1ed9t ng\u00e0y, hai c\u00f4ng vi\u00ean qu\u1ed1c gia \u0111\u01b0\u1ee3c gh\u00e9 th\u0103m nhi\u1ec1u nh\u1ea5t \u1edf C\u1ed9ng h\u00f2a Dominica trong m\u1ed9t ng\u00e0y.\t\t\t<\/p>\n\t\t\t<\/div>\n<\/div><div class=\"vc_btn3-container vc_btn3-inline\" ><button class=\"vc_general vc_btn3 vc_btn3-size-md vc_btn3-shape-rounded vc_btn3-style-modern vc_btn3-color-green\">\u0110\u0102\u0323T B\u00c2Y GI\u1edc<\/button><\/div><\/div><\/div><\/div><\/div><div class=\"vc_row wpb_row vc_row-fluid\" ><div class=\"wpb_column vc_column_container vc_col-sm-12\"><div class=\"vc_column-inner\"><div class=\"wpb_wrapper\">\n\t<div class=\"wpb_text_column wpb_content_element\" >\n\t\t<div class=\"wpb_wrapper\">\n\t\t\t<h3 class=\"LC20lb\"><\/h3>\n<h4><b><i>T\u1ed5ng quan <\/i><\/b><\/h4>\n<p>Chuy\u1ebfn tham quan ri\u00eang \u0111\u1ebfn th\u0103m Th\u00e1c n\u01b0\u1edbc El Limon v\u00e0 Los Haitises T\u1eeb Samana. Hai ho\u1ea1t \u0111\u1ed9ng ch\u1ec9 trong m\u1ed9t ng\u00e0y, tham quan v\u1edbi H\u01b0\u1edbng d\u1eabn vi\u00ean du l\u1ecbch \u0111\u1ecba ph\u01b0\u01a1ng v\u1ebb \u0111\u1eb9p t\u1eeb khu r\u1eebng v\u00e0 th\u00e1c n\u01b0\u1edbc t\u1eeb C\u1ed9ng \u0111\u1ed3ng el limon. B\u1ea1n c\u00f3 th\u1ec3 th\u1ef1c hi\u1ec7n chuy\u1ebfn \u0111i n\u00e0y b\u1eb1ng c\u00e1ch \u0111i b\u1ed9 \u0111\u01b0\u1eddng d\u00e0i ho\u1eb7c c\u01b0\u1ee1i Ng\u1ef1a qua nh\u1eefng con \u0111\u01b0\u1eddng tr\u1ed3ng c\u00e0 ph\u00ea v\u00e0 d\u1eeba. Tham d\u1ef1 \u0102n tr\u01b0a v\u1edbi ng\u01b0\u1eddi d\u00e2n \u0111\u1ecba ph\u01b0\u01a1ng.<\/p>\n<p>Sau khi tham quan Th\u00e1c n\u01b0\u1edbc El limon, ch\u00fang t\u00f4i s\u1ebd l\u00e1i xe \u0111\u1ebfn b\u1ebfn t\u00e0u trung t\u00e2m Th\u00e0nh ph\u1ed1 Samana v\u00e0 \u0111i Thuy\u1ec1n \u0111\u1ebfn C\u00f4ng vi\u00ean Qu\u1ed1c gia Los Haitises. B\u1ea1n s\u1ebd c\u00f3 th\u1eddi gian \u0111\u1ec3 t\u00ecm hi\u1ec3u v\u1ec1 v\u0103n h\u00f3a c\u1ee7a Taino, tham quan c\u00e1c bi\u1ec3u t\u01b0\u1ee3ng trong hang \u0111\u1ed9ng v\u00e0 r\u1eebng ng\u1eadp m\u1eb7n c\u1ed9ng v\u1edbi vi\u1ec7c \u0111i v\u00f2ng quanh c\u00e1c h\u00f2n \u0111\u1ea3o \u0111\u00e1 v\u00f4i tr\u00ean t\u00e0u.<\/p>\n<p>Sau tr\u1ea3i nghi\u1ec7m n\u00e0y, b\u1ea1n s\u1ebd quay l\u1ea1i \u0111i\u1ec3m h\u1eb9n c\u1ee7a ch\u00fang t\u00f4i t\u1eeb n\u01a1i ch\u00fang t\u00f4i \u0111\u00f3n b\u1ea1n \u1edf Samana<\/p>\n<ul>\n<li style=\"font-weight: 400;\">\u0110\u00e3 bao g\u1ed3m ph\u00ed<\/li>\n<li>B\u1eefa tr\u01b0a<\/li>\n<li>\u0110\u1ed3 \u0103n nh\u1eb9<\/li>\n<li style=\"font-weight: 400;\">H\u01b0\u1edbng d\u1eabn vi\u00ean \u0111\u1ecba ph\u01b0\u01a1ng b\u1eb1ng ti\u1ebfng Anh ho\u1eb7c ti\u1ebfng Ph\u00e1p<\/li>\n<li>V\u1eadn chuy\u1ec3n<\/li>\n<li>\u0110i thuy\u1ec1n<\/li>\n<\/ul>\n<p>&nbsp;<\/p>\n<h4><b>Bao g\u1ed3m &amp; Lo\u1ea1i tr\u1eeb<\/b><\/h4>\n<p>&nbsp;<\/p>\n<p><b>bao g\u1ed3m<\/b><\/p>\n<ol>\n<li style=\"font-weight: 400;\">Th\u00e1c n\u01b0\u1edbc El Limon \u0110i b\u1ed9 \u0111\u01b0\u1eddng d\u00e0i ho\u1eb7c c\u01b0\u1ee1i ng\u1ef1a<\/li>\n<li>B\u1eefa tr\u01b0a<\/li>\n<li style=\"font-weight: 400;\"><span style=\"font-weight: 400;\">T\u1ea5t c\u1ea3 c\u00e1c lo\u1ea1i thu\u1ebf, ph\u00ed v\u00e0 l\u1ec7 ph\u00ed x\u1eed l\u00fd<\/span><\/li>\n<li style=\"font-weight: 400;\"><span style=\"font-weight: 400;\">Thu\u1ebf \u0111\u1ecba ph\u01b0\u01a1ng<\/span><\/li>\n<li style=\"font-weight: 400;\"><span style=\"font-weight: 400;\">n\u01b0\u1edbc gi\u1ea3i kh\u00e1t<\/span><\/li>\n<li>\u0110\u1ed3 \u0103n nh\u1eb9<\/li>\n<li style=\"font-weight: 400;\"><span style=\"font-weight: 400;\">T\u1ea5t c\u1ea3 c\u00e1c ho\u1ea1t \u0111\u1ed9ng<\/span><\/li>\n<li style=\"font-weight: 400;\"><span style=\"font-weight: 400;\">H\u01b0\u1edbng d\u1eabn \u0111\u1ecba ph\u01b0\u01a1ng<\/span><\/li>\n<\/ol>\n<p><b> lo\u1ea1i tr\u1eeb<\/b><\/p>\n<ol>\n<li style=\"font-weight: 400;\"><span style=\"font-weight: 400;\">ti\u1ec1n th\u01b0\u1edfng<\/span><\/li>\n<li style=\"font-weight: 400;\"><span style=\"font-weight: 400;\">\u0110\u1ed3 u\u1ed1ng c\u00f3 c\u1ed3n<\/span><\/li>\n<\/ol>\n<p>&nbsp;<\/p>\n<h4><em><strong>Kh\u1edfi h\u00e0nh &amp; Tr\u1edf v\u1ec1<\/strong><\/em><\/h4>\n<p><span style=\"font-weight: 400;\">Kh\u00e1ch du l\u1ecbch s\u1ebd nh\u1eadn \u0111\u01b0\u1ee3c m\u1ed9t \u0111i\u1ec3m g\u1eb7p g\u1ee1 sau Quy tr\u00ecnh \u0111\u1eb7t ch\u1ed7. C\u00e1c chuy\u1ebfn tham quan b\u1eaft \u0111\u1ea7u v\u00e0 k\u1ebft th\u00fac t\u1ea1i c\u00e1c \u0111i\u1ec3m g\u1eb7p g\u1ee1 c\u1ee7a b\u1ea1n.<\/span><\/p>\n<h4><\/h4>\n<h3 class=\"LC20lb\">Tour Ri\u00eang Th\u00e1c El Lim\u00f3n &amp; Los Haitises T\u1eeb Samana.<\/h3>\n<p>&nbsp;<\/p>\n<h4><b><i>Mong \u0111\u1ee3i \u0111i\u1ec1u g\u00ec?<\/i><\/b><\/h4>\n<p><em><strong>Nh\u1eadn v\u00e9 c\u1ee7a b\u1ea1n<\/strong><\/em> v\u00ec \u0111\u00e3 \u0111\u1ebfn th\u0103m Th\u00e1c n\u01b0\u1edbc El limon c\u1ed9ng v\u1edbi C\u00f4ng vi\u00ean Qu\u1ed1c gia Los Haitises t\u1eeb Samana. N\u1ebfu b\u1ea1n \u0111ang \u1edf Las Terrenas ho\u1eb7c Las Galeras v\u00e0 mu\u1ed1n c\u00f3 Tr\u1ea3i nghi\u1ec7m c\u1ee7a ng\u01b0\u1eddi Dominica khi \u0111\u1ebfn th\u0103m hai c\u00f4ng vi\u00ean qu\u1ed1c gia trong m\u1ed9t ng\u00e0y. \u0110\u00e2y l\u00e0 kinh nghi\u1ec7m \u0111\u00f3.<\/p>\n<p>Chuy\u1ebfn du ngo\u1ea1n do \u201cBooking Adventures\u201d t\u1ed5 ch\u1ee9c b\u1eaft \u0111\u1ea7u t\u1ea1i \u0111i\u1ec3m h\u1eb9n \u0111\u00e3 \u0111\u1eb7t v\u1edbi H\u01b0\u1edbng d\u1eabn vi\u00ean. H\u00e3y \u0111\u1ebfn v\u1edbi Booking Adventures trong c\u00e1c chuy\u1ebfn \u0111i ri\u00eang \u0111\u1ebfn th\u00e1c n\u01b0\u1edbc El Limon v\u1edbi h\u01b0\u1edbng d\u1eabn vi\u00ean du l\u1ecbch \u0111\u1ecba ph\u01b0\u01a1ng. C\u01b0\u1ee1i ng\u1ef1a ho\u1eb7c \u0111i b\u1ed9 xuy\u00ean r\u1eebng v\u00f2ng quanh b\u1edd s\u00f4ng Lemon, tham quan \u0111\u1ed3n \u0111i\u1ec1n ca cao v\u00e0 c\u00e0 ph\u00ea d\u01b0\u1edbi nh\u1eefng t\u00e1n d\u1eeba r\u1ee3p b\u00f3ng. \u0110\u1ea7u ti\u00ean, d\u1eebng l\u1ea1i \u1edf th\u00e1c n\u01b0\u1edbc nh\u1ecf n\u01a1i th\u01b0\u1eddng kh\u00f4ng c\u00f3 nhi\u1ec1u ng\u01b0\u1eddi v\u00e0 b\u1ea1n c\u00f3 th\u1ec3 b\u01a1i xung quanh. Sau khi ch\u00fang t\u00f4i ti\u1ebfp t\u1ee5c \u0111\u1ebfn th\u00e1c n\u01b0\u1edbc l\u1edbn, n\u01a1i ch\u00fang t\u00f4i s\u1ebd \u1edf l\u1ea1i trong m\u1ed9t gi\u1edd ho\u1eb7c h\u01a1n n\u1ebfu b\u1ea1n mu\u1ed1n.<\/p>\n<p>B\u1eaft ng\u1ef1a ho\u1eb7c \u0111i b\u1ed9 \u0111\u01b0\u1eddng d\u00e0i tr\u1edf l\u1ea1i Nh\u00e0 h\u00e0ng \u0111\u1ec3 th\u01b0\u1edfng th\u1ee9c B\u1eefa tr\u01b0a tuy\u1ec7t v\u1eddi c\u1ee7a ng\u01b0\u1eddi Dominica. sau \u0111\u00f3 l\u00e1i xe \u0111\u1ebfn c\u1ea3ng Samana. \u0110i thuy\u1ec1n tham quan Los Haitises, v\u1ecbnh Samana, T\u01b0\u1ee3ng h\u00ecnh t\u1eeb Tainos, R\u1eebng ng\u1eadp m\u1eb7n, Birding v\u00e0 nhi\u1ec1u ch\u00eca kh\u00f3a t\u1eeb \u0111\u00e1 v\u00f4i.<\/p>\n<p>&nbsp;<\/p>\n<p>Sau khi tr\u1ea3i nghi\u1ec7m Los haitises, ch\u00fang t\u00f4i s\u1ebd \u0111\u01b0a b\u1ea1n tr\u1edf l\u1ea1i \u0111i\u1ec3m h\u1eb9n V\u00e0 \u1ea5n \u0111\u1ecbnh th\u1eddi gian \u0111\u1ec3 k\u1ebft th\u00fac v\u1edbi H\u01b0\u1edbng d\u1eabn vi\u00ean c\u1ee7a ch\u00fang t\u00f4i.<\/p>\n<p>Xin l\u01b0u \u00fd l\u00e0 m\u1ed9t chuy\u1ebfn \u0111i ri\u00eang, b\u1ea1n \u0111\u01b0\u1ee3c ph\u00e9p t\u00f9y ch\u1ec9nh chuy\u1ebfn \u0111i n\u00e0y.<\/p>\n<p>&nbsp;<\/p>\n<h4><em><strong>B\u1ea1n n\u00ean mang theo nh\u1eefng g\u00ec?<\/strong><\/em><\/h4>\n<ul>\n<li style=\"font-weight: 400;\"><span style=\"font-weight: 400;\">M\u00e1y \u1ea3nh<\/span><\/li>\n<li style=\"font-weight: 400;\"><span style=\"font-weight: 400;\">ch\u1ed3i \u0111u\u1ed5i<\/span><\/li>\n<li style=\"font-weight: 400;\"><span style=\"font-weight: 400;\">Kem ch\u1ed1ng n\u1eafng<\/span><\/li>\n<li style=\"font-weight: 400;\"><span style=\"font-weight: 400;\">m\u0169<\/span><\/li>\n<li style=\"font-weight: 400;\"><span style=\"font-weight: 400;\">qu\u1ea7n tho\u1ea3i m\u00e1i<\/span><\/li>\n<li style=\"font-weight: 400;\"><span style=\"font-weight: 400;\">Gi\u00e0y leo n\u00fai \u0111i r\u1eebng<\/span><\/li>\n<li style=\"font-weight: 400;\"><span style=\"font-weight: 400;\">D\u00e9p \u0111i c\u00e1c mi\u1ec1n Xu\u00e2n.<\/span><\/li>\n<li style=\"font-weight: 400;\"><span style=\"font-weight: 400;\">\u0111\u1ed3 b\u01a1i<\/span><\/li>\n<\/ul>\n<p>&nbsp;<\/p>\n<h4><b><i>\u0110\u00f3n kh\u00e1ch s\u1ea1n <\/i><\/b><\/h4>\n<p><span style=\"font-weight: 400;\">\u0110\u00f3n kh\u00e1ch s\u1ea1n kh\u00f4ng \u0111\u01b0\u1ee3c cung c\u1ea5p cho tour du l\u1ecbch n\u00e0y. <\/span><\/p>\n<p>&nbsp;<\/p>\n<p><b>Ghi ch\u00fa:<\/b><span style=\"font-weight: 400;\"> N\u1ebfu b\u1ea1n \u0111\u1eb7t ch\u1ed7 trong v\u00f2ng 24 gi\u1edd tr\u01b0\u1edbc gi\u1edd kh\u1edfi h\u00e0nh c\u1ee7a chuy\u1ebfn tham quan\/Chuy\u1ebfn tham quan, ch\u00fang t\u00f4i c\u00f3 th\u1ec3 s\u1eafp x\u1ebfp d\u1ecbch v\u1ee5 \u0111\u00f3n kh\u00e1ch t\u1ea1i kh\u00e1ch s\u1ea1n v\u1edbi m\u1ed9t kho\u1ea3n ph\u1ee5 ph\u00ed. Sau khi giao d\u1ecbch mua c\u1ee7a b\u1ea1n ho\u00e0n t\u1ea5t, ch\u00fang t\u00f4i s\u1ebd g\u1eedi cho b\u1ea1n th\u00f4ng tin li\u00ean h\u1ec7 \u0111\u1ea7y \u0111\u1ee7 (s\u1ed1 \u0111i\u1ec7n tho\u1ea1i, \u0111\u1ecba ch\u1ec9 email, v.v.) \u0111\u1ec3 H\u01b0\u1edbng d\u1eabn vi\u00ean du l\u1ecbch \u0111\u1ecba ph\u01b0\u01a1ng c\u1ee7a ch\u00fang t\u00f4i s\u1eafp x\u1ebfp vi\u1ec7c \u0111\u00f3n kh\u00e1ch.<\/span><\/p>\n<h4><b><i>X\u00e1c nh\u1eadn th\u00f4ng tin b\u1ed5 sung <\/i><\/b><\/h4>\n<ol>\n<li>V\u00e9 l\u00e0 Bi\u00ean lai sau khi thanh to\u00e1n Tour n\u00e0y. B\u1ea1n c\u00f3 th\u1ec3 hi\u1ec3n th\u1ecb thanh to\u00e1n tr\u00ean \u0111i\u1ec7n tho\u1ea1i c\u1ee7a m\u00ecnh.<\/li>\n<li style=\"font-weight: 400;\"><span style=\"font-weight: 400;\">\u0110i\u1ec3m h\u1eb9n s\u1ebd nh\u1eadn \u0111\u01b0\u1ee3c sau qu\u00e1 tr\u00ecnh \u0111\u1eb7t ch\u1ed7.<\/span><\/li>\n<li style=\"font-weight: 400;\"><span style=\"font-weight: 400;\">Tr\u1ebb em ph\u1ea3i \u0111i c\u00f9ng ng\u01b0\u1eddi l\u1edbn.<\/span><\/li>\n<li style=\"font-weight: 400;\"><span style=\"font-weight: 400;\"> Kh\u00f4ng th\u1ec3 s\u1eed d\u1ee5ng xe l\u0103n <\/span><\/li>\n<li style=\"font-weight: 400;\"><span style=\"font-weight: 400;\">Tr\u1ebb s\u01a1 sinh ph\u1ea3i ng\u1ed3i tr\u00ean \u0111\u00f9i <\/span><\/li>\n<li style=\"font-weight: 400;\"><span style=\"font-weight: 400;\">Kh\u00f4ng n\u00ean d\u00f9ng cho du kh\u00e1ch c\u00f3 v\u1ea5n \u0111\u1ec1 v\u1ec1 l\u01b0ng<\/span><\/li>\n<li style=\"font-weight: 400;\"><span style=\"font-weight: 400;\">Kh\u00f4ng n\u00ean d\u00f9ng cho du kh\u00e1ch mang thai <\/span><\/li>\n<li style=\"font-weight: 400;\"><span style=\"font-weight: 400;\"> Kh\u00f4ng c\u00f3 v\u1ea5n \u0111\u1ec1 v\u1ec1 tim ho\u1eb7c c\u00e1c t\u00ecnh tr\u1ea1ng y t\u1ebf nghi\u00eam tr\u1ecdng kh\u00e1c <\/span><\/li>\n<li style=\"font-weight: 400;\"><span style=\"font-weight: 400;\">H\u1ea7u h\u1ebft du kh\u00e1ch c\u00f3 th\u1ec3 tham gia<\/span><\/li>\n<\/ol>\n<h4><b><i>Ch\u00ednh s\u00e1ch h\u1ee7y<\/i><\/b><\/h4>\n<p>\u0110\u1ec3 \u0111\u01b0\u1ee3c ho\u00e0n ti\u1ec1n \u0111\u1ea7y \u0111\u1ee7, vui l\u00f2ng \u0111\u1ecdc ch\u00ednh s\u00e1ch H\u1ee7y c\u1ee7a ch\u00fang t\u00f4i\u00a0<a href=\"https:\/\/www.boattoursamana.com\/vi\/dat-phong-truc-tuyen\/\" target=\"_blank\" rel=\"noopener\" data-saferedirecturl=\"https:\/\/www.google.com\/url?q=https:\/\/www.boattoursamana.com\/online-booking\/&amp;source=gmail&amp;ust=1672449202351000&amp;usg=AOvVaw1yAeVAPktmaVCqDujgUn90\">B\u1ea5m v\u00e0o \u0111\u00e2y<\/a>. Ti\u1ec1n s\u1ebd b\u1ecb m\u1ea5t n\u1ebfu \u0111\u1eb7t ch\u1ed7 b\u1ecb h\u1ee7y trong c\u00f9ng ng\u00e0y c\u1ee7a chuy\u1ebfn \u0111i.<\/p>\n\n\t\t<\/div>\n\t<\/div>\n<div class=\"vc_btn3-container vc_btn3-inline\" ><button class=\"vc_general vc_btn3 vc_btn3-size-md vc_btn3-shape-rounded vc_btn3-style-modern vc_btn3-color-green\">\u0110\u0102\u0323T B\u00c2Y GI\u1edc<\/button><\/div><\/div><\/div><\/div><\/div><div class=\"vc_row wpb_row vc_row-fluid\" ><div class=\"wpb_column vc_column_container vc_col-sm-12\"><div class=\"vc_column-inner\"><div class=\"wpb_wrapper\">\n\t<div class=\"wpb_video_widget wpb_content_element vc_clearfix   vc_video-aspect-ratio-169 vc_video-el-width-100 vc_video-align-left\" >\n\t\t<div class=\"wpb_wrapper\">\n\t\t\t\n\t\t\t<div class=\"wpb_video_wrapper\"><iframe loading=\"lazy\" title=\"Saman\u00e1 Has It - C\u1ed9ng h\u00f2a Dominica Has it All\" width=\"1100\" height=\"619\" src=\"https:\/\/www.youtube.com\/embed\/oWlwxZLQnVU?feature=oembed\" frameborder=\"0\" allow=\"accelerometer; autoplay; encrypted-media; gyroscope; picture-in-picture\" allowfullscreen><\/iframe><\/div>\n\t\t<\/div>\n\t<\/div>\n<\/div><\/div><\/div><\/div><div class=\"vc_row wpb_row vc_row-fluid\" ><div class=\"wpb_column vc_column_container vc_col-sm-12\"><div class=\"vc_column-inner\"><div class=\"wpb_wrapper\"><div class=\"vc_empty_space\"   style=\"height: 32px\"><span class=\"vc_empty_space_inner\"><\/span><\/div>\n\t<div class=\"wpb_text_column wpb_content_element\" >\n\t\t<div class=\"wpb_wrapper\">\n\t\t\t<h4>Li\u00ean h\u1ec7 ch\u00fang t\u00f4i?<\/h4>\n<h5>\u0111\u1eb7t ph\u00f2ng phi\u00eau l\u01b0u<\/h5>\n<p><em><strong>ng\u01b0\u1eddi d\u00e2n \u0111\u1ecba ph\u01b0\u01a1ng<\/strong>\u00a0v\u00e0\u00a0<strong>c\u00f4ng d\u00e2n<\/strong>\u00a0H\u01b0\u1edbng d\u1eabn vi\u00ean du l\u1ecbch &amp; D\u1ecbch v\u1ee5 kh\u00e1ch<\/em><\/p>\n<p><span class=\"text-turquoise\">\u0111\u1eb7t ph\u00f2ng:<\/span>\u00a0Chuy\u1ebfn tham quan &amp; du ngo\u1ea1n t\u1ea1i Dom. Tr\u1ea3 l\u1eddi.<\/p>\n<p><img decoding=\"async\" class=\"emoji\" draggable=\"false\" src=\"https:\/\/s.w.org\/images\/core\/emoji\/11.2.0\/svg\/1f4de.svg\" alt=\"\ud83d\udcde\" title=\"\">\u00a0\u0110i\u1ec7n tho\u1ea1i \/ Whatsapp\u00a0\u00a0<a href=\"tel:+1-809-720-6035\">+1-809-720-6035<\/a>.<\/p>\n<p><img decoding=\"async\" class=\"emoji\" draggable=\"false\" src=\"https:\/\/s.w.org\/images\/core\/emoji\/11.2.0\/svg\/1f4e9.svg\" alt=\"\ud83d\udce9\" title=\"\">\u00a0<a href=\"mailto:info@bookingadventures.com.do\">info@bookingadventures.com.do<\/a><\/p>\n<p><strong>Ch\u00fang t\u00f4i \u0111ang thi\u1ebft l\u1eadp linh ho\u1ea1t c\u00e1c chuy\u1ebfn tham quan ri\u00eang t\u01b0 b\u1eb1ng Whatsapp:\u00a0<a href=\"tel:+18097206035\">+18097206035.<\/a><\/strong><\/p>\n\n\t\t<\/div>\n\t<\/div>\n<div class=\"vc_empty_space\"   style=\"height: 32px\"><span class=\"vc_empty_space_inner\"><\/span><\/div><\/div><\/div><\/div><\/div>","protected":false},"excerpt":{"rendered":"<p>Tour Ri\u00eang Th\u00e1c El Lim\u00f3n &amp; Los Haitises T\u1eeb Samana. Gh\u00e9 th\u0103m Th\u00e1c el Limon \u0111i b\u1ed9 \u0111\u01b0\u1eddng d\u00e0i ho\u1eb7c C\u01b0\u1ee1i ng\u1ef1a. \u0110i b\u1ed9 \u0111\u1ebfn Th\u00e1c n\u01b0\u1edbc El limon v\u1edbi ng\u01b0\u1eddi d\u00e2n \u0111\u1ecba ph\u01b0\u01a1ng v\u00e0 gh\u00e9 th\u0103m los haitises trong c\u00f9ng m\u1ed9t ng\u00e0y.<\/p>\n<p><b>Ch\u1ecdn ng\u00e0y cho chuy\u1ebfn \u0111i:\u00a0<\/b><\/p>","protected":false},"featured_media":14315,"template":"","meta":[],"product_cat":[985,961,956,982,307,253,255,1000],"product_tag":[606,1032,1035,1034,1030,185,1031,1033,309,310,312,186,458,200,187],"class_list":["post-13477","product","type-product","status-publish","has-post-thumbnail","hentry","product_cat-sosua-cabarete","product_cat-el-limon-horseback-riding","product_cat-el-limon-samana","product_cat-puerto-plata-tour","product_cat-salto-el-limon-and-bacardi-island","product_cat-tours-and-excursions","product_cat-tours-excursions-samana-bay-dominican-republic","product_cat-ultimo2022","product_tag-el-limon-tours","product_tag-el-limon-waterfall-cascada-el-limon","product_tag-el-limon-waterfall-excursion","product_tag-el-limon-waterfall-hike","product_tag-el-limon-waterfall-tour","product_tag-el-limon-waterfalls","product_tag-el-salto-del-limon","product_tag-how-to-get-to-el-limon-waterfall","product_tag-salto-el-limon","product_tag-salto-el-limon-hiking","product_tag-salto-el-limon-tour","product_tag-samana","product_tag-samana-day-trip-from-punta-cana","product_tag-samana-excursions","product_tag-samana-tours"],"_links":{"self":[{"href":"https:\/\/www.boattoursamana.com\/vi\/wp-json\/wp\/v2\/product\/13477","targetHints":{"allow":["GET"]}}],"collection":[{"href":"https:\/\/www.boattoursamana.com\/vi\/wp-json\/wp\/v2\/product"}],"about":[{"href":"https:\/\/www.boattoursamana.com\/vi\/wp-json\/wp\/v2\/types\/product"}],"wp:featuredmedia":[{"embeddable":true,"href":"https:\/\/www.boattoursamana.com\/vi\/wp-json\/wp\/v2\/media\/14315"}],"wp:attachment":[{"href":"https:\/\/www.boattoursamana.com\/vi\/wp-json\/wp\/v2\/media?parent=13477"}],"wp:term":[{"taxonomy":"product_cat","embeddable":true,"href":"https:\/\/www.boattoursamana.com\/vi\/wp-json\/wp\/v2\/product_cat?post=13477"},{"taxonomy":"product_tag","embeddable":true,"href":"https:\/\/www.boattoursamana.com\/vi\/wp-json\/wp\/v2\/product_tag?post=13477"}],"curies":[{"name":"wp","href":"https:\/\/api.w.org\/{rel}","templated":true}]}}