{"id":13517,"date":"2021-12-30T09:25:29","date_gmt":"2021-12-30T09:25:29","guid":{"rendered":"https:\/\/www.ticketswhales.com\/?post_type=product&#038;p=13517"},"modified":"2023-02-25T21:48:23","modified_gmt":"2023-02-25T21:48:23","slug":"zipline-punta-cana-ziplining-in-the-jungle","status":"publish","type":"product","link":"https:\/\/www.boattoursamana.com\/vi\/chuyen-du-lich\/du-day-punta-cana-du-day-trong-rung","title":{"rendered":"Zipline Punta Cana \u2013 \u0110u d\u00e2y trong r\u1eebng"},"content":{"rendered":"<div class=\"vc_row wpb_row vc_row-fluid\" ><div class=\"wpb_column vc_column_container vc_col-sm-12\"><div class=\"vc_column-inner\"><div class=\"wpb_wrapper\"><div class=\"mkdf-section-title-holder\" style=\"text-align: left\">\n\t<div class=\"mkdf-st-inner\">\n\t\t\t\t\t<h5 class=\"mkdf-st-subtitle\" >\n\t\t\t\tT\u1eeb c\u00e1c kh\u00e1ch s\u1ea1n \u1edf Punta Cana\t\t\t<\/h5>\n\t\t\t\t\t\t\t<h3 class=\"mkdf-st-title\" >\n\t\t\t\tZipline Punta Cana - \u0110u d\u00e2y trong r\u1eebng\t\t\t<\/h3>\n\t\t\t\t\t\t\t<p class=\"mkdf-st-text\" >\n\t\t\t\tL\u01b0u \u00fd: Chuy\u1ebfn tham quan n\u00e0y b\u1eaft \u0111\u1ea7u l\u00fac 7:00 s\u00e1ng T\u00f9y thu\u1ed9c v\u00e0o kh\u00e1ch s\u1ea1n \u0111\u00f3n \u1edf \u0111\u00e2u m\u00e0 th\u1eddi gian c\u00f3 th\u1ec3 thay \u0111\u1ed5i. Chi ph\u00ed b\u1ed5 sung cho Nh\u1eadn t\u1ea1i c\u00e1c Khu v\u1ef1c kh\u00f4ng \u0111\u01b0\u1ee3c li\u1ec7t k\u00ea trong M\u00f4 t\u1ea3 c\u1ee7a ch\u00fang t\u00f4i.\t\t\t<\/p>\n\t\t\t<\/div>\n<\/div><\/div><\/div><\/div><\/div><div class=\"vc_row wpb_row vc_row-fluid\" ><div class=\"wpb_column vc_column_container vc_col-sm-12\"><div class=\"vc_column-inner\"><div class=\"wpb_wrapper\"><div class=\"vc_empty_space\"   style=\"height: 32px\"><span class=\"vc_empty_space_inner\"><\/span><\/div><\/div><\/div><\/div><\/div><div class=\"vc_row wpb_row vc_row-fluid\" ><div class=\"wpb_column vc_column_container vc_col-sm-12\"><div class=\"vc_column-inner\"><div class=\"wpb_wrapper\"><div class=\"vc_btn3-container vc_btn3-inline\" ><button class=\"vc_general vc_btn3 vc_btn3-size-md vc_btn3-shape-rounded vc_btn3-style-modern vc_btn3-color-green\">\u0110\u0102\u0323T B\u00c2Y GI\u1edc<\/button><\/div>\n\t<div class=\"wpb_text_column wpb_content_element\" >\n\t\t<div class=\"wpb_wrapper\">\n\t\t\t<h4><b><i>T\u1ed5ng quan <\/i><\/b><\/h4>\n<div>\n<p>Bay qua t\u00e1n r\u1eebng nhi\u1ec7t \u0111\u1edbi tr\u00ean m\u1ed9t s\u1ed1 \u0111\u01b0\u1eddng tr\u01b0\u1ee3t zipline d\u00e0i nh\u1ea5t v\u00f9ng Carib\u00ea. Di chuy\u1ec3n t\u1eeb n\u1ec1n t\u1ea3ng n\u00e0y sang n\u1ec1n t\u1ea3ng kh\u00e1c trong r\u1eebng qua 12 d\u00e2y c\u00e1p, \u0111\u01b0\u1ee3c \u0111\u1eb7t c\u1ea1nh nhau \u0111\u1ec3 b\u1ea1n c\u00f3 th\u1ec3 tr\u01b0\u1ee3t c\u00f9ng m\u1ed9t \u0111\u1ed1i t\u00e1c.<\/p>\n<p>C\u00e1c chuy\u00ean gia h\u01b0\u1edbng d\u1eabn phi\u00eau l\u01b0u \u0111\u01b0a ra m\u1ed9t cu\u1ed9c h\u1ecdp ng\u1eafn v\u1ec1 an to\u00e0n v\u00e0 th\u1ef1c hi\u1ec7n ki\u1ec3m tra an to\u00e0n \u0111\u1ea7y \u0111\u1ee7 tr\u01b0\u1edbc khi b\u1ea1n bay. Tr\u00ean \u0111\u01b0\u1eddng \u0111i, h\u00e3y \u0111\u1ec3 \u00fd h\u1ec7 \u0111\u1ed9ng th\u1ef1c v\u1eadt b\u1ea3n \u0111\u1ecba trong khu r\u1eebng nhi\u1ec7t \u0111\u1edbi.<\/p>\n<ul>\n<li>Ch\u1ebf \u0111\u1ed9 xem t\u1eeb tr\u00ean cao t\u1eeb m\u1ed9t s\u1ed1 ziplines d\u00e0i nh\u1ea5t v\u00f9ng Caribe<\/li>\n<li>Xem h\u1ec7 th\u1ef1c v\u1eadt v\u00e0 \u0111\u1ed9ng v\u1eadt b\u1ea3n \u0111\u1ecba trong r\u1eebng m\u01b0a nhi\u1ec7t \u0111\u1edbi<\/li>\n<li>H\u01b0\u1edbng d\u1eabn vi\u00ean chuy\u00ean nghi\u1ec7p cung c\u1ea5p th\u00f4ng tin v\u00e0 thi\u1ebft b\u1ecb an to\u00e0n<\/li>\n<li>Bao g\u1ed3m \u0111\u00f3n v\u00e0 tr\u1ea3 kh\u00e1ch s\u1ea1n<\/li>\n<\/ul>\n<\/div>\n<p>&nbsp;<\/p>\n<h4><b>Bao g\u1ed3m &amp; Lo\u1ea1i tr\u1eeb<\/b><\/h4>\n<p>&nbsp;<\/p>\n<p><b>bao g\u1ed3m<\/b><\/p>\n<p>&nbsp;<\/p>\n<ol>\n<li>Chuy\u1ebfn du l\u1ecbch ZIPLINE<\/li>\n<li>Xe bu\u00fdt \u0111\u00f3n t\u1eeb kh\u00e1ch s\u1ea1n c\u1ee7a b\u1ea1n<\/li>\n<li style=\"font-weight: 400;\"><span style=\"font-weight: 400;\">T\u1ea5t c\u1ea3 c\u00e1c lo\u1ea1i thu\u1ebf, ph\u00ed v\u00e0 l\u1ec7 ph\u00ed x\u1eed l\u00fd<\/span><\/li>\n<li style=\"font-weight: 400;\"><span style=\"font-weight: 400;\">Thu\u1ebf \u0111\u1ecba ph\u01b0\u01a1ng<\/span><\/li>\n<li style=\"font-weight: 400;\"><span style=\"font-weight: 400;\">n\u01b0\u1edbc gi\u1ea3i kh\u00e1t<\/span><\/li>\n<\/ol>\n<p><b> lo\u1ea1i tr\u1eeb<\/b><\/p>\n<ol>\n<li style=\"font-weight: 400;\"><span style=\"font-weight: 400;\">ti\u1ec1n th\u01b0\u1edfng<\/span><\/li>\n<li>\n<div class=\"py-1 inclusions-exclusions-item d-flex\">\n<div class=\"d-inline-block inclusions-exclusions-text\">\u0110\u1ed3 u\u1ed1ng c\u00f3 c\u1ed3n (c\u00f3 s\u1eb5n \u0111\u1ec3 mua)<\/div>\n<\/div>\n<\/li>\n<li>B\u1eefa tr\u01b0a<\/li>\n<\/ol>\n<p>&nbsp;<\/p>\n<h4><em><strong>Kh\u1edfi h\u00e0nh &amp; Tr\u1edf v\u1ec1<\/strong><\/em><\/h4>\n<p><span style=\"font-weight: 400;\">Kh\u00e1ch du l\u1ecbch s\u1ebd nh\u1eadn \u0111\u01b0\u1ee3c m\u1ed9t \u0111i\u1ec3m g\u1eb7p g\u1ee1 sau Quy tr\u00ecnh \u0111\u1eb7t ch\u1ed7. C\u00e1c chuy\u1ebfn tham quan b\u1eaft \u0111\u1ea7u v\u00e0 k\u1ebft th\u00fac t\u1ea1i c\u00e1c \u0111i\u1ec3m g\u1eb7p g\u1ee1 c\u1ee7a ch\u00fang t\u00f4i.<\/span><\/p>\n<p>&nbsp;<\/p>\n<h4><b><i>Mong \u0111\u1ee3i \u0111i\u1ec1u g\u00ec?<\/i><\/b><\/h4>\n<p>Gh\u00e9 th\u0103m Chuy\u1ebfn tham quan Zip Line \u0111\u1ea7u ti\u00ean \u1edf C\u1ed9ng h\u00f2a Dominica, \u0111\u01b0\u1ee3c x\u00e2y d\u1ef1ng b\u1edfi m\u1ed9t trong nh\u1eefng ng\u01b0\u1eddi x\u00e2y d\u1ef1ng m\u1ea1ch Zip Lines gi\u00e0u kinh nghi\u1ec7m nh\u1ea5t \u1edf Costa Rica v\u00e0 \u0111\u01b0\u1ee3c ch\u1ee9ng nh\u1eadn b\u1edfi ACCT (Hi\u1ec7p h\u1ed9i c\u00e1c kh\u00f3a h\u1ecdc th\u1eed th\u00e1ch c\u00f4ng ngh\u1ec7). Ng\u1eafm nh\u00ecn nh\u1eefng phong c\u1ea3nh \u0111\u1eb9p v\u00e0 n\u1ec1n v\u0103n h\u00f3a th\u00fa v\u1ecb trong 45 ph\u00fat \u0111i xe \u0111\u1ebfn c\u00e1c c\u01a1 s\u1edf c\u1ee7a ch\u00fang t\u00f4i.<\/p>\n<p>\u1ede \u0111\u00f3, c\u00e1c chuy\u00ean gia h\u01b0\u1edbng d\u1eabn t\u00e1n d\u00f9 c\u1ee7a ch\u00fang t\u00f4i s\u1ebd cho b\u1ea1n bi\u1ebft nh\u1eefng g\u00ec b\u1ea1n c\u1ea7n bi\u1ebft v\u1ec1 ho\u1ea1t \u0111\u1ed9ng v\u00e0 thi\u1ebft b\u1ecb. Sau cu\u1ed9c h\u1ecdp ng\u1eafn v\u1ec1 an to\u00e0n v\u00e0 \u0111\u01b0\u1eddng \u0111\u1ebfn tr\u01b0\u1eddng c\u1ee7a ch\u00fang t\u00f4i, b\u1ea1n \u0111\u00e3 s\u1eb5n s\u00e0ng cho n\u1ec1n t\u1ea3ng \u0111\u1ea7u ti\u00ean. \u0110\u01b0\u1ee3c g\u1eafn an to\u00e0n v\u1edbi thi\u1ebft b\u1ecb leo n\u00fai v\u00e0o d\u00e2y c\u00e1p \u0111\u00f4i, b\u1ea1n ch\u1ec9 c\u1ea7n nh\u1ea3y v\u00e0 t\u1eadn h\u01b0\u1edfng chuy\u1ebfn \u0111i.<\/p>\n<p>Chuy\u1ebfn tham quan bao g\u1ed3m 12 tuy\u1ebfn tr\u1ea3i d\u00e0i gi\u1eefa 18 s\u00e2n ga. B\u1ea1n s\u1ebd c\u1ea7n t\u1eeb m\u1ed9t gi\u1edd \u0111\u1ebfn m\u1ed9t gi\u1edd 30 ph\u00fat \u0111\u1ec3 ho\u00e0n th\u00e0nh kh\u00f3a h\u1ecdc nh\u01b0ng \u0111\u1eebng lo l\u1eafng, nh\u1eefng s\u1ee3i c\u00e1p \u0111\u1ea7u ti\u00ean kh\u00f4ng qu\u00e1 d\u00e0i ho\u1eb7c nhanh \u0111\u1ec3 gi\u00fap b\u1ea1n t\u1ef1 tin.<\/p>\n<p>Khi \u0111i \u0111\u1ebfn c\u00e1p 6, b\u1ea1n c\u00f3 th\u1ec3 \u0111\u1ea1t t\u1ed1c \u0111\u1ed9 55 km m\u1ed9t gi\u1edd. C\u00e1p s\u1ed1 9 l\u00e0 tuy\u1ebfn c\u00e1p cao nh\u1ea5t n\u01b0\u1edbc ta v\u00e0 c\u00e1p 11 l\u00e0 tuy\u1ebfn c\u00e1p song song duy nh\u1ea5t trong c\u1ea3 n\u01b0\u1edbc d\u00e0i 800m. Cu\u1ed1i c\u00f9ng, ch\u00fang t\u00f4i ph\u1ee5c v\u1ee5 tr\u00e1i c\u00e2y t\u01b0\u01a1i.<\/p>\n<p><strong>Th\u1eddi gian bi\u1ec3u:<\/strong><\/p>\n<p>7:00 s\u00e1ng \u2013 2:00 chi\u1ec1u\u2026 Thay \u0111\u1ed5i th\u1eddi gian t\u00f9y thu\u1ed9c v\u00e0o v\u1ecb tr\u00ed c\u1ee7a b\u1ea1n \u1edf Punta Cana.<\/p>\n<p>&nbsp;<\/p>\n<h4><em><strong>B\u1ea1n n\u00ean mang theo nh\u1eefng g\u00ec?<\/strong><\/em><\/h4>\n<ul>\n<li style=\"font-weight: 400;\"><span style=\"font-weight: 400;\">M\u00e1y \u1ea3nh<\/span><\/li>\n<li style=\"font-weight: 400;\"><span style=\"font-weight: 400;\">ch\u1ed3i \u0111u\u1ed5i<\/span><\/li>\n<li style=\"font-weight: 400;\"><span style=\"font-weight: 400;\">kem ch\u1ed1ng n\u1eafng<\/span><\/li>\n<li style=\"font-weight: 400;\"><span style=\"font-weight: 400;\">m\u0169<\/span><\/li>\n<li style=\"font-weight: 400;\"><span style=\"font-weight: 400;\">qu\u1ea7n tho\u1ea3i m\u00e1i<\/span><\/li>\n<li style=\"font-weight: 400;\"><span style=\"font-weight: 400;\">Gi\u00e0y leo n\u00fai \u0111i r\u1eebng<\/span><\/li>\n<li style=\"font-weight: 400;\"><span style=\"font-weight: 400;\">Sandal \u0111i bi\u1ec3n<\/span><\/li>\n<li style=\"font-weight: 400;\"><span style=\"font-weight: 400;\">\u0111\u1ed3 b\u01a1i<\/span><\/li>\n<li>Ti\u1ec1n m\u1eb7t cho qu\u00e0 l\u01b0u ni\u1ec7m<\/li>\n<\/ul>\n<p>&nbsp;<\/p>\n<h4><b><i>\u0110\u00f3n kh\u00e1ch s\u1ea1n <\/i><\/b><\/h4>\n<p><span style=\"font-weight: 400;\">\u0110\u00f3n kh\u00e1ch du l\u1ecbch \u0111\u01b0\u1ee3c cung c\u1ea5p!<\/span><\/p>\n<p><span style=\"font-weight: 400;\">Ch\u00fang t\u00f4i nh\u1eadn t\u1eeb t\u1ea5t c\u1ea3 c\u00e1c Kh\u00e1ch s\u1ea1n \u1edf Punta Cana. \u0110\u1ecba \u0111i\u1ec3m \u0111\u00f3n t\u1ea1i s\u1ea3nh kh\u00e1ch s\u1ea1n<br \/>\nN\u1ebfu b\u1ea1n \u0111ang \u1edf t\u1ea1i m\u1ed9t c\u0103n h\u1ed9 trong khu v\u1ef1c, ch\u00fang t\u00f4i s\u1ebd \u0111\u00f3n b\u1ea1n t\u1ea1i c\u0103n h\u1ed9 ho\u1eb7c \u1edf l\u1ed1i v\u00e0o c\u1ee7a khu ngh\u1ec9 d\u01b0\u1ee1ng g\u1ea7n nh\u1ea5t.. Ch\u00fang t\u00f4i \u0111\u00e3 thi\u1ebft l\u1eadp \u0110\u00f3n li\u00ean h\u1ec7 v\u1edbi ch\u00fang t\u00f4i qua WhatsApp.<\/span><\/p>\n<p><b>Ghi ch\u00fa:<\/b><span style=\"font-weight: 400;\"> N\u1ebfu b\u1ea1n \u0111\u1eb7t ch\u1ed7 trong v\u00f2ng 24 gi\u1edd k\u1ec3 t\u1eeb gi\u1edd kh\u1edfi h\u00e0nh chuy\u1ebfn tham quan\/Chuy\u1ebfn tham quan, ch\u00fang t\u00f4i c\u00f3 th\u1ec3 s\u1eafp x\u1ebfp d\u1ecbch v\u1ee5 \u0111\u00f3n kh\u00e1ch t\u1ea1i kh\u00e1ch s\u1ea1n. Sau khi giao d\u1ecbch mua c\u1ee7a b\u1ea1n ho\u00e0n t\u1ea5t, ch\u00fang t\u00f4i s\u1ebd g\u1eedi cho b\u1ea1n th\u00f4ng tin li\u00ean h\u1ec7 \u0111\u1ea7y \u0111\u1ee7 (s\u1ed1 \u0111i\u1ec7n tho\u1ea1i, \u0111\u1ecba ch\u1ec9 email, v.v.) \u0111\u1ec3 H\u01b0\u1edbng d\u1eabn vi\u00ean du l\u1ecbch \u0111\u1ecba ph\u01b0\u01a1ng c\u1ee7a ch\u00fang t\u00f4i s\u1eafp x\u1ebfp vi\u1ec7c \u0111\u00f3n kh\u00e1ch.<\/span><\/p>\n<h4><b><i>X\u00e1c nh\u1eadn th\u00f4ng tin b\u1ed5 sung <\/i><\/b><\/h4>\n<ol>\n<li>V\u00e9 l\u00e0 Bi\u00ean lai sau khi thanh to\u00e1n Tour n\u00e0y. B\u1ea1n c\u00f3 th\u1ec3 hi\u1ec3n th\u1ecb thanh to\u00e1n tr\u00ean \u0111i\u1ec7n tho\u1ea1i c\u1ee7a m\u00ecnh.<\/li>\n<li style=\"font-weight: 400;\"><span style=\"font-weight: 400;\">\u0110i\u1ec3m h\u1eb9n s\u1ebd nh\u1eadn \u0111\u01b0\u1ee3c sau qu\u00e1 tr\u00ecnh \u0111\u1eb7t ch\u1ed7.<\/span><\/li>\n<li style=\"font-weight: 400;\"><span style=\"font-weight: 400;\">Xe l\u0103n cho ng\u01b0\u1eddi khuy\u1ebft <\/span><\/li>\n<li style=\"font-weight: 400;\"><span style=\"font-weight: 400;\">Tr\u1ebb s\u01a1 sinh ph\u1ea3i ng\u1ed3i tr\u00ean \u0111\u00f9i <\/span><\/li>\n<li style=\"font-weight: 400;\"><span style=\"font-weight: 400;\">H\u1ea7u h\u1ebft du kh\u00e1ch c\u00f3 th\u1ec3 tham gia<\/span><\/li>\n<li><strong>Ph\u1ee5 n\u1eef mang thai<\/strong>\u00a0kh\u00f4ng \u0111\u01b0\u1ee3c tham gia ho\u1ea1t \u0111\u1ed9ng n\u00e0y.<\/li>\n<\/ol>\n<h4><b><i>Ch\u00ednh s\u00e1ch h\u1ee7y<\/i><\/b><\/h4>\n<p>\u0110\u1ec3 \u0111\u01b0\u1ee3c ho\u00e0n ti\u1ec1n \u0111\u1ea7y \u0111\u1ee7, vui l\u00f2ng \u0111\u1ecdc ch\u00ednh s\u00e1ch H\u1ee7y c\u1ee7a ch\u00fang t\u00f4i\u00a0<a href=\"https:\/\/www.boattoursamana.com\/vi\/dat-phong-truc-tuyen\/\" target=\"_blank\" rel=\"noopener\" data-saferedirecturl=\"https:\/\/www.google.com\/url?q=https:\/\/www.boattoursamana.com\/online-booking\/&amp;source=gmail&amp;ust=1672449202351000&amp;usg=AOvVaw1yAeVAPktmaVCqDujgUn90\">B\u1ea5m v\u00e0o \u0111\u00e2y<\/a>. Ti\u1ec1n s\u1ebd b\u1ecb m\u1ea5t n\u1ebfu \u0111\u1eb7t ch\u1ed7 b\u1ecb h\u1ee7y trong c\u00f9ng ng\u00e0y c\u1ee7a chuy\u1ebfn \u0111i.<\/p>\n\n\t\t<\/div>\n\t<\/div>\n<div class=\"vc_btn3-container vc_btn3-inline\" ><button class=\"vc_general vc_btn3 vc_btn3-size-md vc_btn3-shape-rounded vc_btn3-style-modern vc_btn3-color-green\">\u0110\u0102\u0323T B\u00c2Y GI\u1edc<\/button><\/div><\/div><\/div><\/div><\/div><div class=\"vc_row wpb_row vc_row-fluid\" ><div class=\"wpb_column vc_column_container vc_col-sm-12\"><div class=\"vc_column-inner\"><div class=\"wpb_wrapper\">\n\t<div class=\"wpb_text_column wpb_content_element\" >\n\t\t<div class=\"wpb_wrapper\">\n\t\t\t<h4>Li\u00ean h\u1ec7 ch\u00fang t\u00f4i?<\/h4>\n<h5><em><strong>\u0111\u1eb7t ph\u00f2ng phi\u00eau l\u01b0u<\/strong><\/em><\/h5>\n<p><em><strong>ng\u01b0\u1eddi d\u00e2n \u0111\u1ecba ph\u01b0\u01a1ng<\/strong> v\u00e0 <strong>c\u00f4ng d\u00e2n<\/strong> H\u01b0\u1edbng d\u1eabn vi\u00ean du l\u1ecbch &amp; D\u1ecbch v\u1ee5 kh\u00e1ch<\/em><\/p>\n<p><span class=\"text-turquoise\">\u0111\u1eb7t ph\u00f2ng:<\/span> Chuy\u1ebfn tham quan &amp; du ngo\u1ea1n t\u1ea1i Dom. Tr\u1ea3 l\u1eddi.<\/p>\n\n\t\t<\/div>\n\t<\/div>\n<\/div><\/div><\/div><\/div><div class=\"vc_row wpb_row vc_row-fluid\" ><div class=\"wpb_column vc_column_container vc_col-sm-12\"><div class=\"vc_column-inner\"><div class=\"wpb_wrapper\"><div class=\"vc_empty_space\"   style=\"height: 32px\"><span class=\"vc_empty_space_inner\"><\/span><\/div>\n\t<div class=\"wpb_text_column wpb_content_element\" >\n\t\t<div class=\"wpb_wrapper\">\n\t\t\t<h4>Li\u00ean h\u1ec7 ch\u00fang t\u00f4i?<\/h4>\n<h5>\u0111\u1eb7t ph\u00f2ng phi\u00eau l\u01b0u<\/h5>\n<p><em><strong>ng\u01b0\u1eddi d\u00e2n \u0111\u1ecba ph\u01b0\u01a1ng<\/strong>\u00a0v\u00e0\u00a0<strong>c\u00f4ng d\u00e2n<\/strong>\u00a0H\u01b0\u1edbng d\u1eabn vi\u00ean du l\u1ecbch &amp; D\u1ecbch v\u1ee5 kh\u00e1ch<\/em><\/p>\n<p><span class=\"text-turquoise\">\u0111\u1eb7t ph\u00f2ng:<\/span>\u00a0Chuy\u1ebfn tham quan &amp; du ngo\u1ea1n t\u1ea1i Dom. Tr\u1ea3 l\u1eddi.<\/p>\n<p><img decoding=\"async\" class=\"emoji\" draggable=\"false\" src=\"https:\/\/s.w.org\/images\/core\/emoji\/11.2.0\/svg\/1f4de.svg\" alt=\"\ud83d\udcde\" title=\"\">\u00a0\u0110i\u1ec7n tho\u1ea1i \/ Whatsapp\u00a0\u00a0<a href=\"tel:+1-809-720-6035\">+1-809-720-6035<\/a>.<\/p>\n<p><img decoding=\"async\" class=\"emoji\" draggable=\"false\" src=\"https:\/\/s.w.org\/images\/core\/emoji\/11.2.0\/svg\/1f4e9.svg\" alt=\"\ud83d\udce9\" title=\"\">\u00a0<a href=\"mailto:info@bookingadventures.com.do\">info@bookingadventures.com.do<\/a><\/p>\n<p><strong>Ch\u00fang t\u00f4i \u0111ang thi\u1ebft l\u1eadp linh ho\u1ea1t c\u00e1c chuy\u1ebfn tham quan ri\u00eang t\u01b0 b\u1eb1ng Whatsapp:\u00a0<a href=\"tel:+18097206035\">+18097206035.<\/a><\/strong><\/p>\n\n\t\t<\/div>\n\t<\/div>\n<div class=\"vc_empty_space\"   style=\"height: 32px\"><span class=\"vc_empty_space_inner\"><\/span><\/div><\/div><\/div><\/div><\/div><div class=\"vc_row wpb_row vc_row-fluid\" ><div class=\"wpb_column vc_column_container vc_col-sm-12\"><div class=\"vc_column-inner\"><div class=\"wpb_wrapper\"><div class=\"vc_btn3-container vc_btn3-inline\" ><button class=\"vc_general vc_btn3 vc_btn3-size-md vc_btn3-shape-rounded vc_btn3-style-modern vc_btn3-color-green\">\u0110\u0102\u0323T B\u00c2Y GI\u1edc<\/button><\/div><\/div><\/div><\/div><\/div>","protected":false},"excerpt":{"rendered":"<p>\u0110\u1ec3 c\u00f3 cu\u1ed9c phi\u00eau l\u01b0u cu\u1ed1i c\u00f9ng \u1edf Punta Cana, h\u00e3y th\u1eed kh\u00f3a h\u1ecdc zipline 12 d\u00f2ng c\u1ee7a ch\u00fang t\u00f4i! Kh\u00f3a h\u1ecdc leo n\u00fai c\u1ee7a ch\u00fang t\u00f4i c\u0169ng c\u00f3 18 s\u00e2n ga v\u00e0 l\u00e0 n\u01a1i c\u00f3 hai tuy\u1ebfn \u0111\u01b0\u1eddng d\u00e0i nh\u1ea5t \u1edf C\u1ed9ng h\u00f2a Dominica v\u00e0 v\u00f9ng Caribe. B\u1ea1n \u0111\u01b0\u1ee3c g\u1eafn thi\u1ebft b\u1ecb leo n\u00fai m\u1ed9t c\u00e1ch an to\u00e0n v\u00e0o d\u00e2y c\u00e1p \u0111\u00f4i v\u1edbi d\u00e2y d\u00e0i nh\u1ea5t l\u00e0 800 m\u00e9t!<\/p>\n<p><em><strong>Vui l\u00f2ng ch\u1ecdn ng\u00e0y cho chuy\u1ebfn tham quan\u00a0<\/strong><\/em><\/p>","protected":false},"featured_media":13519,"template":"","meta":[],"product_cat":[253,948,808,972,969,349,294],"product_tag":[1039,1037,1038,222,471,1041,313,1040,1036,1042],"class_list":["post-13517","product","type-product","status-publish","has-post-thumbnail","hentry","product_cat-tours-and-excursions","product_cat-1-punta-cana","product_cat-punta-cana-buggy-tour","product_cat-punta-cana-group-tours","product_cat-punta-cana-buggies","product_cat-tours-and-excursion-punta-cana","product_cat-tours-excursions-punta-cana-dominican-republic","product_tag-atv-and-zipline-punta-cana","product_tag-best-zipline-in-punta-cana","product_tag-longest-zipline-in-punta-cana","product_tag-punta-cana","product_tag-punta-cana-catamaran-party-with-snorkeling-and-parasailing","product_tag-punta-cana-excursions","product_tag-punta-cana-tours","product_tag-zipline-dominican-republic","product_tag-zipline-punta-cana-ziplining-in-the-jungle","product_tag-ziplining"],"_links":{"self":[{"href":"https:\/\/www.boattoursamana.com\/vi\/wp-json\/wp\/v2\/product\/13517","targetHints":{"allow":["GET"]}}],"collection":[{"href":"https:\/\/www.boattoursamana.com\/vi\/wp-json\/wp\/v2\/product"}],"about":[{"href":"https:\/\/www.boattoursamana.com\/vi\/wp-json\/wp\/v2\/types\/product"}],"wp:featuredmedia":[{"embeddable":true,"href":"https:\/\/www.boattoursamana.com\/vi\/wp-json\/wp\/v2\/media\/13519"}],"wp:attachment":[{"href":"https:\/\/www.boattoursamana.com\/vi\/wp-json\/wp\/v2\/media?parent=13517"}],"wp:term":[{"taxonomy":"product_cat","embeddable":true,"href":"https:\/\/www.boattoursamana.com\/vi\/wp-json\/wp\/v2\/product_cat?post=13517"},{"taxonomy":"product_tag","embeddable":true,"href":"https:\/\/www.boattoursamana.com\/vi\/wp-json\/wp\/v2\/product_tag?post=13517"}],"curies":[{"name":"wp","href":"https:\/\/api.w.org\/{rel}","templated":true}]}}