{"id":13984,"date":"2022-03-17T14:52:59","date_gmt":"2022-03-17T14:52:59","guid":{"rendered":"https:\/\/www.ticketswhales.com\/?post_type=product&#038;p=13984"},"modified":"2023-10-19T15:18:55","modified_gmt":"2023-10-19T15:18:55","slug":"jarabacoa-buggy-with-baiguate-waterfall-double","status":"publish","type":"product","link":"https:\/\/www.boattoursamana.com\/vi\/chuyen-du-lich\/jarabacoa-buggy-with-baiguate-thac-doi-2","title":{"rendered":"Xe l\u00f4i Jarabacoa v\u1edbi th\u00e1c n\u01b0\u1edbc \u0111\u00f4i Baiguate"},"content":{"rendered":"<div class=\"vc_row wpb_row vc_row-fluid\" ><div class=\"wpb_column vc_column_container vc_col-sm-12\"><div class=\"vc_column-inner\"><div class=\"wpb_wrapper\"><div class=\"mkdf-section-title-holder\" style=\"text-align: left\">\n\t<div class=\"mkdf-st-inner\">\n\t\t\t\t\t<h5 class=\"mkdf-st-subtitle\" >\n\t\t\t\txe \u0111\u1ea9y - xe \u0111\u1ea9y\t\t\t<\/h5>\n\t\t\t\t\t\t\t<h3 class=\"mkdf-st-title\" >\n\t\t\t\tJarabacoa v\u1edbi th\u00e1c n\u01b0\u1edbc Jimenoa v\u00e0 Baiguate\t\t\t<\/h3>\n\t\t\t\t\t<\/div>\n<\/div><\/div><\/div><\/div><\/div><div class=\"vc_row wpb_row vc_row-fluid\" ><div class=\"wpb_column vc_column_container vc_col-sm-12\"><div class=\"vc_column-inner\"><div class=\"wpb_wrapper\"><div class=\"vc_btn3-container vc_btn3-inline\" ><a class=\"vc_general vc_btn3 vc_btn3-size-md vc_btn3-shape-rounded vc_btn3-style-modern vc_btn3-color-green\" href=\"https:\/\/bookingadventures.tours\/booking.php?tour_id=e29316590922029738666cca35b0d5d9\" title=\"\" rel=\"noopener\">\u0110\u0102\u0323T B\u00c2Y GI\u1edc<\/a><\/div>\n\t<div class=\"wpb_text_column wpb_content_element\" >\n\t\t<div class=\"wpb_wrapper\">\n\t\t\t<h3 class=\"ui_header h1 attractions-product-info-ProductTitle__title--1qM0o\">xe l\u00f4i Jarabacoa v\u1edbi th\u00e1c \u0111\u00f4i Baiguate<\/h3>\n<h4><b><i>T\u1ed5ng quan <\/i><\/b><\/h4>\n<p><span style=\"font-weight: 400;\">Tham gia c\u00f9ng ch\u00fang t\u00f4i v\u00e0 \u0111i du l\u1ecbch v\u1edbi m\u1ed9t chuy\u00ean gia \u0111\u1ecba ph\u01b0\u01a1ng t\u1eeb Jarabacoa v\u00e0 c\u00f3 \u0111\u01b0\u1ee3c tr\u1ea3i nghi\u1ec7m \u0111\u1ed9c \u0111\u00e1o khi \u0111\u1ebfn th\u0103m nh\u1eefng \u0111i\u1ec3m t\u1ed1t nh\u1ea5t t\u1eeb th\u1ee7 \u0111\u00f4 du l\u1ecbch sinh th\u00e1i b\u1eaft \u0111\u1ea7u t\u1eeb Jarabacoa, chuy\u1ebfn tham quan n\u00e0y s\u1ebd \u0111\u01b0a b\u1ea1n \u0111i kh\u1eafp n\u01a1i \u0111\u1ec3 ng\u1eafm nh\u00ecn phong c\u1ea3nh tuy\u1ec7t \u0111\u1eb9p c\u1ee7a trang tr\u1ea1i tr\u00ean n\u00fai l\u1edbn nh\u1ea5t c\u1ee7a C\u1ed9ng h\u00f2a Dominica. Khi b\u1ea1n l\u00e1i xe \u0111\u1ebfn c\u00e1c \u0111\u1ecba \u0111i\u1ec3m kh\u00e1c nhau, b\u1ea1n s\u1ebd c\u1ea3m nh\u1eadn \u0111\u01b0\u1ee3c kh\u00f4ng kh\u00ed mi\u1ec1n n\u00fai v\u00e0 t\u1eadn h\u01b0\u1edfng v\u1ebb \u0111\u1eb9p c\u1ee7a v\u00f9ng n\u00f4ng th\u00f4n.\u00a0<\/span><\/p>\n<p><span style=\"font-weight: 400;\">Ch\u00fang t\u00f4i c\u00f3 th\u1ec3 \u0111\u1ebfn c\u00e1c \u0111\u1ecba \u0111i\u1ec3m kh\u00e1c nhau cho chuy\u1ebfn tham quan n\u00e0y. B\u1ea1n s\u1ebd c\u00f3 c\u00e1c t\u00f9y ch\u1ecdn: \u0110i xe \u0111\u1ea1p, C\u01b0\u1ee1i ng\u1ef1a, Safari, B\u1ed1n b\u00e1nh ho\u1eb7c Buggy. H\u00e3y mua v\u00e9 tr\u1ef1c tuy\u1ebfn ngay b\u00e2y gi\u1edd v\u00e0 h\u00e3y t\u1eadn h\u01b0\u1edfng ni\u1ec1m vui khi t\u00ecm hi\u1ec3u v\u1ec1 v\u0103n h\u00f3a Jarabacoa v\u00e0 C\u1ed9ng h\u00f2a Dominica khi b\u1ea1n \u0111i v\u00f2ng quanh nh\u1eefng \u0111\u1ecba \u0111i\u1ec3m tuy\u1ec7t v\u1eddi nh\u1ea5t c\u1ee7a th\u1ecb tr\u1ea5n.<\/span><\/p>\n<p><span style=\"font-weight: 400;\">Jarabacoa l\u00e0 th\u00e0nh ph\u1ed1 c\u1ee7a k\u1ef3 ngh\u1ec9 xu\u00e2n v\u0129nh c\u1eedu v\u00ec th\u1eddi ti\u1ebft v\u00e0 l\u00e0 \u0111\u00f4 th\u1ecb quan tr\u1ecdng th\u1ee9 hai t\u1eeb t\u1ec9nh la Vega. Theo l\u1ecbch s\u1eed, Jarabacoa c\u00f3 ngh\u0129a l\u00e0 \u201cn\u01a1i c\u00f3 nhi\u1ec1u n\u01b0\u1edbc\u201d, V\u00e0o ng\u00e0y 27 th\u00e1ng 9 n\u0103m 1858, Jarabacoa b\u1eaft \u0111\u1ea7u ra \u0111\u1eddi v\u1edbi t\u01b0 c\u00e1ch l\u00e0 m\u1ed9t \u0111\u00f4 th\u1ecb, m\u1ed9t h\u1ea1ng c\u00f3 \u0111\u01b0\u1ee3c sau m\u1ed9t s\u1ef1 nghi\u1ec7p c\u00f3 t\u1eeb \u0111\u1ea7u th\u1ebf k\u1ef7 19. Du l\u1ecbch c\u00f9ng ch\u00fang t\u00f4i v\u00e0 t\u00ecm hi\u1ec3u th\u00eam v\u1ec1 n\u00fai non, thi\u00ean nhi\u00ean, v\u0103n h\u00f3a v\u00e0 con ng\u01b0\u1eddi c\u1ee7a khu v\u1ef1c ph\u00eda b\u1eafc C\u1ed9ng h\u00f2a Dominica.\u00a0<\/span><\/p>\n<ul>\n<li style=\"font-weight: 400;\">\u0110\u00e3 bao g\u1ed3m ph\u00ed<\/li>\n<li>B\u1eefa tr\u01b0a<\/li>\n<li>\u0110\u1ed3 \u0103n nh\u1eb9<\/li>\n<li style=\"font-weight: 400;\">H\u01b0\u1edbng d\u1eabn vi\u00ean \u0111\u1ecba ph\u01b0\u01a1ng b\u1eb1ng ti\u1ebfng Anh<\/li>\n<\/ul>\n<h4><b>Bao g\u1ed3m &amp; Lo\u1ea1i tr\u1eeb<\/b><\/h4>\n<p><b>bao g\u1ed3m<\/b><\/p>\n<ol>\n<li>B\u1eefa tr\u01b0a<\/li>\n<li style=\"font-weight: 400;\"><span style=\"font-weight: 400;\">T\u1ea5t c\u1ea3 c\u00e1c lo\u1ea1i thu\u1ebf, ph\u00ed v\u00e0 l\u1ec7 ph\u00ed x\u1eed l\u00fd<\/span><\/li>\n<li style=\"font-weight: 400;\"><span style=\"font-weight: 400;\">Thu\u1ebf \u0111\u1ecba ph\u01b0\u01a1ng<\/span><\/li>\n<li style=\"font-weight: 400;\"><span style=\"font-weight: 400;\">n\u01b0\u1edbc gi\u1ea3i kh\u00e1t<\/span><\/li>\n<li>\u0110\u1ed3 \u0103n nh\u1eb9<\/li>\n<li style=\"font-weight: 400;\"><span style=\"font-weight: 400;\">T\u1ea5t c\u1ea3 c\u00e1c ho\u1ea1t \u0111\u1ed9ng<\/span><\/li>\n<li style=\"font-weight: 400;\"><span style=\"font-weight: 400;\">H\u01b0\u1edbng d\u1eabn \u0111\u1ecba ph\u01b0\u01a1ng<\/span><\/li>\n<\/ol>\n<p><b> lo\u1ea1i tr\u1eeb<\/b><\/p>\n<ol>\n<li style=\"font-weight: 400;\"><span style=\"font-weight: 400;\">ti\u1ec1n th\u01b0\u1edfng<\/span><\/li>\n<li>v\u1eadn chuy\u1ec3n (Thi\u1ebft l\u1eadp b\u1eb1ng c\u00e1ch li\u00ean h\u1ec7 v\u1edbi ch\u00fang t\u00f4i)<\/li>\n<li style=\"font-weight: 400;\"><span style=\"font-weight: 400;\">\u0110\u1ed3 u\u1ed1ng c\u00f3 c\u1ed3n<\/span><\/li>\n<\/ol>\n<h4><em><strong>Kh\u1edfi h\u00e0nh &amp; Tr\u1edf v\u1ec1<\/strong><\/em><\/h4>\n<p><span style=\"font-weight: 400;\">Kh\u00e1ch du l\u1ecbch s\u1ebd nh\u1eadn \u0111\u01b0\u1ee3c m\u1ed9t \u0111i\u1ec3m g\u1eb7p g\u1ee1 sau Quy tr\u00ecnh \u0111\u1eb7t ch\u1ed7. C\u00e1c chuy\u1ebfn tham quan b\u1eaft \u0111\u1ea7u v\u00e0 k\u1ebft th\u00fac t\u1ea1i c\u00e1c \u0111i\u1ec3m g\u1eb7p g\u1ee1 c\u1ee7a b\u1ea1n.<\/span><\/p>\n<h3 class=\"ui_header h1 attractions-product-info-ProductTitle__title--1qM0o\">xe l\u00f4i Jarabacoa v\u1edbi th\u00e1c \u0111\u00f4i Baiguate<\/h3>\n<h4><b><i>Mong \u0111\u1ee3i \u0111i\u1ec1u g\u00ec?<\/i><\/b><\/h4>\n<p><span style=\"font-weight: 400;\">Nh\u1eadn v\u00e9 c\u1ee7a b\u1ea1n cho Th\u00e1c n\u01b0\u1edbc Baiguate T\u1eeb Th\u00e0nh ph\u1ed1 Jarabacoa b\u1eb1ng Buggy.\u00a0<\/span><\/p>\n<p><span style=\"font-weight: 400;\">Khi ch\u00fang ta n\u00f3i v\u1ec1 xe \u0111\u1ea9y, ch\u00fang ta \u0111ang n\u00f3i v\u1ec1 m\u1ed9t ph\u01b0\u01a1ng ti\u1ec7n v\u01b0\u1ee3t m\u1ecdi \u0111\u1ecba h\u00ecnh mang l\u1ea1i s\u1ef1 an to\u00e0n v\u00e0 d\u1ec5 \u0111i\u1ec1u khi\u1ec3n, \u0111\u1ed3ng th\u1eddi cho ph\u00e9p ng\u01b0\u1eddi d\u00f9ng ti\u1ebfp x\u00fac nhi\u1ec1u h\u01a1n v\u1edbi \u0111\u1ecba h\u00ecnh v\u00e0 thi\u00ean nhi\u00ean xung quanh khi l\u00e1i xe. C\u1ea3m nh\u1eadn l\u00e0n gi\u00f3, n\u1eafng, m\u01b0a, ng\u1eafm nh\u00ecn phong c\u1ea3nh b\u00ean c\u1ea1nh b\u1ea1n trong m\u1ed9t thi\u1ebft b\u1ecb tho\u1ea3i m\u00e1i v\u00e0 an to\u00e0n \u0111\u01b0\u1ee3c thi\u1ebft k\u1ebf \u0111\u1ec3 t\u1eadn h\u01b0\u1edfng \u0111\u01b0\u1eddng r\u1eebng v\u00e0 \u0111\u1ecba h\u00ecnh.<\/span><\/p>\n<p><span style=\"font-weight: 400;\">Chuy\u1ebfn tham quan n\u00e0y b\u1eaft \u0111\u1ea7u t\u1eeb m\u1ed9t \u0111i\u1ec3m h\u1eb9n m\u00e0 b\u1ea1n ph\u1ea3i x\u00e1c nh\u1eadn v\u1edbi \u0110\u1ea1i l\u00fd du l\u1ecbch c\u1ee7a ch\u00fang t\u00f4i ho\u1eb7c H\u01b0\u1edbng d\u1eabn vi\u00ean c\u1ee7a b\u1ea1n tr\u01b0\u1edbc khi \u0111\u1ebfn b\u1ea5t k\u1ef3 \u0111\u1ecba \u0111i\u1ec3m n\u00e0o. Khi b\u1ea1n g\u1eb7p h\u01b0\u1edbng d\u1eabn vi\u00ean, b\u1ea1n s\u1ebd c\u00f3 m\u1ed9t b\u1ea3n t\u00f3m t\u1eaft v\u1ec1 chuy\u1ebfn tham quan v\u00e0 m\u1ecdi th\u1ee9 li\u00ean quan \u0111\u1ebfn ng\u00e0y c\u1ee7a b\u1ea1n.<\/span><\/p>\n<p><span style=\"font-weight: 400;\">Khi m\u1ecdi ng\u01b0\u1eddi \u0111\u00e3 s\u1eb5n s\u00e0ng, ch\u00fang t\u00f4i s\u1ebd b\u1eaft \u0111\u1ea7u chuy\u1ebfn \u0111i \u0111\u1ebfn m\u1ed9t s\u1ed1 v\u00f9ng n\u00f4ng th\u00f4n c\u1ee7a Th\u1ecb tr\u1ea5n Jarabacoa, trong khi l\u00e1i xe l\u00f4i c\u1ee7a b\u1ea1n, nh\u1eefng con \u0111\u01b0\u1eddng g\u1eadp gh\u1ec1nh v\u00e0 kh\u00f4ng kh\u00ed mi\u1ec1n n\u00fai c\u1ee7a v\u00f9ng n\u00f4ng th\u00f4n t\u1eeb mi\u1ec1n trung b\u1eafc c\u1ee7a \u0111\u1ea5t n\u01b0\u1edbc s\u1ebd cho b\u1ea1n th\u1ea5y v\u1ebb \u0111\u1eb9p v\u00e0 thi\u00ean nhi\u00ean th\u00f4ng qua cu\u1ed9c phi\u00eau l\u01b0u n\u00e0y.<\/span><\/p>\n<p><span style=\"font-weight: 400;\">M\u1ed9t s\u1ed1 \u0111\u1ecba \u0111i\u1ec3m b\u1ea1n s\u1ebd gh\u00e9 th\u0103m trong chuy\u1ebfn \u0111i n\u00e0y l\u00e0 La Confluencia n\u01a1i s\u00f4ng Jimenoa v\u00e0 Yaque Del Norte g\u1eb7p nhau, Cieneguita v\u00e0 Monte Arriba.\u00a0<\/span><\/p>\n<p><span style=\"font-weight: 400;\">Sau khi \u0111\u1ea1p xe kho\u1ea3ng 30 km, ch\u00fang ta s\u1ebd \u0111\u1ebfn Th\u00e1c Baiguate \u0111\u1ec3 \u0111i b\u1ed9 10 ph\u00fat v\u00e0 b\u01a1i trong c\u00e1c h\u1ed3 t\u1ef1 nhi\u00ean.\u00a0<\/span><\/p>\n<p><span style=\"font-weight: 400;\">Trong ph\u1ea7n n\u00e0y c\u1ee7a chuy\u1ebfn \u0111i, b\u1ea1n s\u1ebd c\u00f3 th\u1ec3 \u0111i b\u01a1i trong kho\u1ea3ng 1 gi\u1edd v\u00e0 ngh\u1ec9 ng\u01a1i \u0111\u1ec3 \u0103n th\u1eed m\u1ed9t s\u1ed1 lo\u1ea1i tr\u00e1i c\u00e2y t\u01b0\u01a1i \u0111\u01b0\u1ee3c thu ho\u1ea1ch t\u1eeb \u0111\u1ea5t c\u1ee7a n\u00f4ng d\u00e2n Jarabacoa. Baiguate c\u00f3 th\u00e1c cao 82 feet v\u00e0 l\u00e0 n\u01a1i l\u00fd t\u01b0\u1edfng \u0111\u1ec3 th\u01b0 gi\u00e3n m\u1ed9t ch\u00fat tr\u01b0\u1edbc khi quay tr\u1edf l\u1ea1i th\u1ecb tr\u1ea5n.\u00a0\u00a0<\/span><\/p>\n<p><span style=\"font-weight: 400;\">Trong ph\u1ea7n n\u00e0y c\u1ee7a chuy\u1ebfn \u0111i, b\u1ea1n s\u1ebd c\u00f3 th\u1ec3 \u0111i b\u01a1i trong kho\u1ea3ng 1 gi\u1edd v\u00e0 ngh\u1ec9 ng\u01a1i \u0111\u1ec3 \u0103n th\u1eed m\u1ed9t s\u1ed1 lo\u1ea1i tr\u00e1i c\u00e2y t\u01b0\u01a1i \u0111\u01b0\u1ee3c thu ho\u1ea1ch t\u1eeb \u0111\u1ea5t c\u1ee7a n\u00f4ng d\u00e2n Jarabacoa. Baiguate c\u00f3 th\u00e1c cao 82 feet v\u00e0 l\u00e0 n\u01a1i l\u00fd t\u01b0\u1edfng \u0111\u1ec3 th\u01b0 gi\u00e3n m\u1ed9t ch\u00fat tr\u01b0\u1edbc khi quay tr\u1edf l\u1ea1i th\u1ecb tr\u1ea5n.\u00a0\u00a0<\/span><\/p>\n<p><span style=\"font-weight: 400;\">Sau \u0111\u00f3, sau Th\u00e1c Baiguate, ch\u00fang ta s\u1ebd \u0111\u1ebfn Ivon&#039;s \u0111\u1ec3 th\u1eed h\u01b0\u01a1ng v\u1ecb kem ngon nh\u1ea5t c\u1ee7a \u0111\u1ecba ph\u01b0\u01a1ng, do m\u1ed9t chuy\u00ean gia \u0111\u1ecba ph\u01b0\u01a1ng t\u1ef1 l\u00e0m, v\u00e0 \u0111i b\u1ed9 \u0111\u1ebfn C\u00f4ng vi\u00ean Trung t\u00e2m Duarte trong ph\u1ea7n cu\u1ed1i c\u1ee7a chuy\u1ebfn \u0111i, \u0111\u00e2y l\u00e0 chuy\u1ebfn tham quan k\u00e9o d\u00e0i 6 gi\u1edd mang \u0111\u1ebfn cho b\u1ea1n c\u01a1 h\u1ed9i \u0111\u1ec3 gi\u00e1m s\u00e1t Jarabacoa, chuy\u1ebfn du ngo\u1ea1n n\u00e0y k\u1ebft th\u00fac \u1edf n\u01a1i n\u00f3 b\u1eaft \u0111\u1ea7u.<\/span><\/p>\n<p><span style=\"font-weight: 400;\">L\u01b0u \u00fd: C\u00e1c chuy\u1ebfn tham quan n\u00e0y \u0111\u1ec1u c\u00f3 h\u01b0\u1edbng d\u1eabn vi\u00ean c\u1ee7a Nh\u00e0 sinh th\u00e1i h\u1ecdc c\u1ee7a Officials. H\u00e3y \u0111\u1eb7t tr\u01b0\u1edbc v\u1edbi th\u1eddi gian v\u00ec trong c\u00f4ng vi\u00ean kh\u00f4ng c\u00f3 qu\u00e1 nhi\u1ec1u chuy\u00ean gia.<\/span><\/p>\n<h4><em><strong>B\u1ea1n n\u00ean mang theo nh\u1eefng g\u00ec?<\/strong><\/em><\/h4>\n<ul>\n<li style=\"font-weight: 400;\"><span style=\"font-weight: 400;\">M\u00e1y \u1ea3nh<\/span><\/li>\n<li style=\"font-weight: 400;\"><span style=\"font-weight: 400;\">ch\u1ed3i \u0111u\u1ed5i<\/span><\/li>\n<li style=\"font-weight: 400;\"><span style=\"font-weight: 400;\">Kem ch\u1ed1ng n\u1eafng<\/span><\/li>\n<li style=\"font-weight: 400;\"><span style=\"font-weight: 400;\">m\u0169<\/span><\/li>\n<li style=\"font-weight: 400;\"><span style=\"font-weight: 400;\">qu\u1ea7n tho\u1ea3i m\u00e1i<\/span><\/li>\n<li style=\"font-weight: 400;\"><span style=\"font-weight: 400;\">Gi\u00e0y leo n\u00fai \u0111i r\u1eebng<\/span><\/li>\n<li style=\"font-weight: 400;\"><span style=\"font-weight: 400;\">D\u00e9p \u0111i c\u00e1c mi\u1ec1n Xu\u00e2n.<\/span><\/li>\n<li style=\"font-weight: 400;\"><span style=\"font-weight: 400;\">\u0111\u1ed3 b\u01a1i<\/span><\/li>\n<\/ul>\n<h4><b><i>\u0110\u00f3n kh\u00e1ch s\u1ea1n <\/i><\/b><\/h4>\n<p><span style=\"font-weight: 400;\">\u0110\u00f3n kh\u00e1ch s\u1ea1n kh\u00f4ng \u0111\u01b0\u1ee3c cung c\u1ea5p cho tour du l\u1ecbch n\u00e0y. Ch\u00fang t\u00f4i thi\u1ebft l\u1eadp Nh\u1eadn h\u00e0ng b\u1eb1ng c\u00e1ch li\u00ean h\u1ec7 v\u1edbi ch\u00fang t\u00f4i qua Whatsapp.<\/span><\/p>\n<p><b>Ghi ch\u00fa:<\/b><span style=\"font-weight: 400;\"> N\u1ebfu b\u1ea1n \u0111\u1eb7t ch\u1ed7 trong v\u00f2ng 24 gi\u1edd tr\u01b0\u1edbc gi\u1edd kh\u1edfi h\u00e0nh c\u1ee7a chuy\u1ebfn tham quan\/Chuy\u1ebfn tham quan, ch\u00fang t\u00f4i c\u00f3 th\u1ec3 s\u1eafp x\u1ebfp d\u1ecbch v\u1ee5 \u0111\u00f3n kh\u00e1ch t\u1ea1i kh\u00e1ch s\u1ea1n v\u1edbi m\u1ed9t kho\u1ea3n ph\u1ee5 ph\u00ed. Sau khi giao d\u1ecbch mua c\u1ee7a b\u1ea1n ho\u00e0n t\u1ea5t, ch\u00fang t\u00f4i s\u1ebd g\u1eedi cho b\u1ea1n th\u00f4ng tin li\u00ean h\u1ec7 \u0111\u1ea7y \u0111\u1ee7 (s\u1ed1 \u0111i\u1ec7n tho\u1ea1i, \u0111\u1ecba ch\u1ec9 email, v.v.) \u0111\u1ec3 H\u01b0\u1edbng d\u1eabn vi\u00ean du l\u1ecbch \u0111\u1ecba ph\u01b0\u01a1ng c\u1ee7a ch\u00fang t\u00f4i s\u1eafp x\u1ebfp vi\u1ec7c \u0111\u00f3n kh\u00e1ch.<\/span><\/p>\n<h4><b><i>X\u00e1c nh\u1eadn th\u00f4ng tin b\u1ed5 sung <\/i><\/b><\/h4>\n<ol>\n<li>V\u00e9 l\u00e0 Bi\u00ean nh\u1eadn sau khi thanh to\u00e1n cho Tour n\u00e0y. B\u1ea1n c\u00f3 th\u1ec3 hi\u1ec3n th\u1ecb thanh to\u00e1n tr\u00ean \u0111i\u1ec7n tho\u1ea1i c\u1ee7a m\u00ecnh.<\/li>\n<li style=\"font-weight: 400;\"><span style=\"font-weight: 400;\">\u0110i\u1ec3m h\u1eb9n s\u1ebd nh\u1eadn \u0111\u01b0\u1ee3c sau qu\u00e1 tr\u00ecnh \u0111\u1eb7t ch\u1ed7.<\/span><\/li>\n<li style=\"font-weight: 400;\"><span style=\"font-weight: 400;\">Tr\u1ebb em ph\u1ea3i \u0111i c\u00f9ng ng\u01b0\u1eddi l\u1edbn.<\/span><\/li>\n<li style=\"font-weight: 400;\"><span style=\"font-weight: 400;\"> Kh\u00f4ng th\u1ec3 s\u1eed d\u1ee5ng xe l\u0103n <\/span><\/li>\n<li style=\"font-weight: 400;\"><span style=\"font-weight: 400;\">Tr\u1ebb s\u01a1 sinh ph\u1ea3i ng\u1ed3i tr\u00ean \u0111\u00f9i <\/span><\/li>\n<li style=\"font-weight: 400;\"><span style=\"font-weight: 400;\">Kh\u00f4ng n\u00ean d\u00f9ng cho du kh\u00e1ch c\u00f3 v\u1ea5n \u0111\u1ec1 v\u1ec1 l\u01b0ng<\/span><\/li>\n<li style=\"font-weight: 400;\"><span style=\"font-weight: 400;\">Kh\u00f4ng n\u00ean d\u00f9ng cho du kh\u00e1ch mang thai <\/span><\/li>\n<li style=\"font-weight: 400;\"><span style=\"font-weight: 400;\"> Kh\u00f4ng c\u00f3 v\u1ea5n \u0111\u1ec1 v\u1ec1 tim ho\u1eb7c c\u00e1c t\u00ecnh tr\u1ea1ng y t\u1ebf nghi\u00eam tr\u1ecdng kh\u00e1c <\/span><\/li>\n<li style=\"font-weight: 400;\"><span style=\"font-weight: 400;\">H\u1ea7u h\u1ebft du kh\u00e1ch c\u00f3 th\u1ec3 tham gia<\/span><\/li>\n<\/ol>\n<h4><b><i>Ch\u00ednh s\u00e1ch h\u1ee7y<\/i><\/b><\/h4>\n<p>\u0110\u1ec3 \u0111\u01b0\u1ee3c ho\u00e0n ti\u1ec1n \u0111\u1ea7y \u0111\u1ee7, vui l\u00f2ng \u0111\u1ecdc ch\u00ednh s\u00e1ch H\u1ee7y c\u1ee7a ch\u00fang t\u00f4i\u00a0<a href=\"https:\/\/www.boattoursamana.com\/vi\/dat-phong-truc-tuyen\/\" target=\"_blank\" rel=\"noopener\" data-saferedirecturl=\"https:\/\/www.google.com\/url?q=https:\/\/www.boattoursamana.com\/online-booking\/&amp;source=gmail&amp;ust=1672449202351000&amp;usg=AOvVaw1yAeVAPktmaVCqDujgUn90\">B\u1ea5m v\u00e0o \u0111\u00e2y<\/a>. Ti\u1ec1n s\u1ebd b\u1ecb m\u1ea5t n\u1ebfu \u0111\u1eb7t ch\u1ed7 b\u1ecb h\u1ee7y trong c\u00f9ng ng\u00e0y c\u1ee7a chuy\u1ebfn \u0111i.<\/p>\n\n\t\t<\/div>\n\t<\/div>\n<div class=\"vc_btn3-container vc_btn3-inline\" ><a class=\"vc_general vc_btn3 vc_btn3-size-md vc_btn3-shape-rounded vc_btn3-style-modern vc_btn3-color-green\" href=\"https:\/\/bookingadventures.tours\/booking.php?tour_id=e29316590922029738666cca35b0d5d9\" title=\"\" rel=\"noopener\">\u0110\u0102\u0323T B\u00c2Y GI\u1edc<\/a><\/div><\/div><\/div><\/div><\/div><div class=\"vc_row wpb_row vc_row-fluid\" ><div class=\"wpb_column vc_column_container vc_col-sm-12\"><div class=\"vc_column-inner\"><div class=\"wpb_wrapper\">\n\t<div class=\"wpb_video_widget wpb_content_element vc_clearfix   vc_video-aspect-ratio-169 vc_video-el-width-100 vc_video-align-left\" >\n\t\t<div class=\"wpb_wrapper\">\n\t\t\t<h2 class=\"wpb_heading wpb_video_heading\">Video th\u00e0nh ph\u1ed1 Jarabacoa:<\/h2>\n\t\t\t<div class=\"wpb_video_wrapper\"><iframe loading=\"lazy\" title=\"Jarabacoa, Turismo entre rios y monta\u00f1a\" width=\"1100\" height=\"619\" src=\"https:\/\/www.youtube.com\/embed\/FRHfK4RS39A?feature=oembed\" frameborder=\"0\" allow=\"accelerometer; autoplay; clipboard-write; encrypted-media; gyroscope; picture-in-picture\" allowfullscreen><\/iframe><\/div>\n\t\t<\/div>\n\t<\/div>\n<\/div><\/div><\/div><\/div><div class=\"vc_row wpb_row vc_row-fluid\" ><\/div><div class=\"wpb_column vc_column_container vc_col-sm-12\"><div class=\"vc_column-inner\"><div class=\"wpb_wrapper\"><\/div><\/div><\/div><div class=\"vc_empty_space\"   style=\"height: 32px\"><span class=\"vc_empty_space_inner\"><\/span><\/div><div class=\"vc_row wpb_row vc_row-fluid\" ><div class=\"wpb_column vc_column_container vc_col-sm-12\"><div class=\"vc_column-inner\"><div class=\"wpb_wrapper\"><div class=\"vc_btn3-container vc_btn3-inline\" ><a class=\"vc_general vc_btn3 vc_btn3-size-md vc_btn3-shape-rounded vc_btn3-style-modern vc_btn3-color-green\" href=\"https:\/\/bookingadventures.tours\/booking.php?tour_id=e29316590922029738666cca35b0d5d9\" title=\"\" rel=\"noopener\">\u0110\u0102\u0323T B\u00c2Y GI\u1edc<\/a><\/div><\/div><\/div><\/div><\/div>","protected":false},"excerpt":{"rendered":"<p>H\u00e3y tham gia c\u00f9ng ch\u00fang t\u00f4i v\u00e0 \u0111i du l\u1ecbch c\u00f9ng chuy\u00ean gia \u0111\u1ecba ph\u01b0\u01a1ng \u0111\u1ebfn t\u1eeb Jarabacoa v\u00e0 c\u00f3 \u0111\u01b0\u1ee3c tr\u1ea3i nghi\u1ec7m \u0111\u1ed9c \u0111\u00e1o khi \u0111\u1ebfn th\u0103m nh\u1eefng \u0111\u1ecba \u0111i\u1ec3m t\u1ed1t nh\u1ea5t \u1edf th\u1ee7 \u0111\u00f4 du l\u1ecbch sinh th\u00e1i b\u1eaft \u0111\u1ea7u t\u1eeb Jarabacoa, chuy\u1ebfn tham quan n\u00e0y s\u1ebd \u0111\u01b0a b\u1ea1n bi\u1ebft \u0111\u1ebfn c\u1ea3nh quan tuy\u1ec7t \u0111\u1eb9p c\u1ee7a trang tr\u1ea1i tr\u00ean n\u00fai l\u1edbn nh\u1ea5t \u1edf C\u1ed9ng h\u00f2a Dominica. Khi l\u00e1i xe qua c\u00e1c \u0111\u1ecba \u0111i\u1ec3m kh\u00e1c nhau, b\u1ea1n s\u1ebd c\u1ea3m nh\u1eadn \u0111\u01b0\u1ee3c kh\u00f4ng kh\u00ed mi\u1ec1n n\u00fai v\u00e0 t\u1eadn h\u01b0\u1edfng v\u1ebb \u0111\u1eb9p c\u1ee7a v\u00f9ng n\u00f4ng th\u00f4n.<\/p>\n<p><strong>Ch\u1ecdn ng\u00e0y cho Tour:<\/strong><\/p>","protected":false},"featured_media":12529,"template":"","meta":[],"product_cat":[946,159,889,253],"product_tag":[895,892,891,890,896,894,893],"class_list":["post-13984","product","type-product","status-publish","has-post-thumbnail","hentry","product_cat-1-sabana-de-la-mar","product_cat-fees-entrace","product_cat-jarabacoa-buggy","product_cat-tours-and-excursions","product_tag-baiguate-waterfall","product_tag-jarabacoa-buggies","product_tag-jarabacoa-buggy","product_tag-jarabacoa-tour","product_tag-jimenoa-waterfall","product_tag-salto-baiguate","product_tag-salto-jimenoa"],"_links":{"self":[{"href":"https:\/\/www.boattoursamana.com\/vi\/wp-json\/wp\/v2\/product\/13984","targetHints":{"allow":["GET"]}}],"collection":[{"href":"https:\/\/www.boattoursamana.com\/vi\/wp-json\/wp\/v2\/product"}],"about":[{"href":"https:\/\/www.boattoursamana.com\/vi\/wp-json\/wp\/v2\/types\/product"}],"wp:featuredmedia":[{"embeddable":true,"href":"https:\/\/www.boattoursamana.com\/vi\/wp-json\/wp\/v2\/media\/12529"}],"wp:attachment":[{"href":"https:\/\/www.boattoursamana.com\/vi\/wp-json\/wp\/v2\/media?parent=13984"}],"wp:term":[{"taxonomy":"product_cat","embeddable":true,"href":"https:\/\/www.boattoursamana.com\/vi\/wp-json\/wp\/v2\/product_cat?post=13984"},{"taxonomy":"product_tag","embeddable":true,"href":"https:\/\/www.boattoursamana.com\/vi\/wp-json\/wp\/v2\/product_tag?post=13984"}],"curies":[{"name":"wp","href":"https:\/\/api.w.org\/{rel}","templated":true}]}}