{"id":14048,"date":"2022-05-20T10:42:09","date_gmt":"2022-05-20T10:42:09","guid":{"rendered":"https:\/\/www.ticketswhales.com\/?post_type=product&#038;p=14048"},"modified":"2023-10-19T14:13:36","modified_gmt":"2023-10-19T14:13:36","slug":"punta-cana-helicopter-tour-to-salto-de-la-jalda-waterfall-60-minute-experience","status":"publish","type":"product","link":"https:\/\/www.boattoursamana.com\/vi\/chuyen-du-lich\/punta-cana-truc-thang-tour-den-salto-de-la-jalda-thac-60-phut-trai-nghiem","title":{"rendered":"Tr\u1ea3i nghi\u1ec7m 60 ph\u00fat tham quan b\u1eb1ng tr\u1ef1c th\u0103ng Punta Cana \u0111\u1ebfn th\u00e1c n\u01b0\u1edbc Salto de la Jalda"},"content":{"rendered":"<div class=\"vc_row wpb_row vc_row-fluid\" ><div class=\"wpb_column vc_column_container vc_col-sm-12\"><div class=\"vc_column-inner\"><div class=\"wpb_wrapper\"><div class=\"mkdf-section-title-holder\" style=\"text-align: left\">\n\t<div class=\"mkdf-st-inner\">\n\t\t\t\t\t<h5 class=\"mkdf-st-subtitle\" >\n\t\t\t\tSalto la Jalda\t\t\t<\/h5>\n\t\t\t\t\t\t\t<h3 class=\"mkdf-st-title\" >\n\t\t\t\tTr\u1ea3i nghi\u1ec7m 60 ph\u00fat tham quan b\u1eb1ng tr\u1ef1c th\u0103ng Punta Cana \u0111\u1ebfn th\u00e1c n\u01b0\u1edbc Salto de la Jalda\t\t\t<\/h3>\n\t\t\t\t\t\t\t<p class=\"mkdf-st-text\" >\n\t\t\t\tTour Tr\u1ef1c Th\u0103ng Tr\u1ea3i Nghi\u1ec7m 60 Ph\u00fat\t\t\t<\/p>\n\t\t\t<\/div>\n<\/div><div class=\"vc_btn3-container vc_btn3-inline\" ><a class=\"vc_general vc_btn3 vc_btn3-size-md vc_btn3-shape-rounded vc_btn3-style-modern vc_btn3-color-green\" href=\"https:\/\/bookingadventures.tours\/booking.php?tour_id=cf0c7b2af9d3e7d3c0d0b8017c605e6c\" title=\"\" rel=\"noopener\">\u0110\u0102\u0323T B\u00c2Y GI\u1edc<\/a><\/div><\/div><\/div><\/div><\/div><div class=\"vc_row wpb_row vc_row-fluid\" ><div class=\"wpb_column vc_column_container vc_col-sm-12\"><div class=\"vc_column-inner\"><div class=\"wpb_wrapper\">\n\t<div class=\"wpb_text_column wpb_content_element\" >\n\t\t<div class=\"wpb_wrapper\">\n\t\t\t<h4><b><i>T\u1ed5ng quan <\/i><\/b><\/h4>\n<p>\u0110\u00e2y l\u00e0 m\u1ed9t tour du l\u1ecbch ri\u00eang \u0111\u1ec3\u00a0<strong>Th\u00e1c n\u01b0\u1edbc Salto de la Jalda <\/strong>\u1ea8n m\u00ecnh s\u00e2u trong D\u00e3y n\u00fai Cordillera Oriental v\u00e0 \u0111\u01b0\u1ee3c bao quanh b\u1edfi r\u1eebng m\u01b0a nhi\u1ec7t \u0111\u1edbi t\u01b0\u01a1i t\u1ed1t l\u00e0 th\u00e1c n\u01b0\u1edbc cao nh\u1ea5t v\u00f9ng Caribe, Salto La Jalda. Bay d\u1ecdc theo nh\u1eefng b\u00e3i bi\u1ec3n nguy\u00ean s\u01a1 c\u1ee7a Punta Cana, qua nh\u1eefng ng\u00f4i l\u00e0ng y\u00ean t\u0129nh \u0111\u1ebfn s\u01b0\u1eddn ph\u00eda b\u1eafc c\u1ee7a d\u00e3y n\u00fai v\u00e0 kh\u00e1m ph\u00e1 s\u1ef1 k\u1ef3 di\u1ec7u v\u00e0 b\u00ed \u1ea9n c\u1ee7a v\u1ebb \u0111\u1eb9p l\u1ea1 th\u01b0\u1eddng n\u00e0y n\u1eb1m s\u00e2u trong m\u1ed9t khu r\u1eebng m\u01b0a nhi\u1ec7t \u0111\u1edbi t\u01b0\u01a1i t\u1ed1t. Tr\u1ea3i nghi\u1ec7m chuy\u1ebfn bay tr\u1ef1c th\u0103ng kh\u1ee9 h\u1ed3i k\u00e9o d\u00e0i 60 ph\u00fat qua th\u00e1c n\u01b0\u1edbc v\u00e0 Playa Esmeralda v\u1edbi \u0111i\u1ec3m d\u1eebng d\u00e3 ngo\u1ea1i k\u00e9o d\u00e0i m\u1ed9t gi\u1edd. Xem c\u00e1ch d\u00f2ng n\u01b0\u1edbc \u00e0o \u1ea1t tr\u00e0n qua c\u00e1c v\u00e1ch \u0111\u00e1 v\u00e0 sau \u0111\u00f3 t\u1eadn h\u01b0\u1edfng s\u1ef1 y\u00ean b\u00ecnh v\u00e0 t\u0129nh l\u1eb7ng c\u1ee7a thi\u00ean nhi\u00ean trong k\u1ef3 ngh\u1ec9 c\u1ee7a b\u1ea1n t\u1ea1i b\u00e3i bi\u1ec3n Esmeralda tuy\u1ec7t v\u1eddi nh\u1ea5t.<\/p>\n<p>&nbsp;<\/p>\n<ul>\n<li class=\"activity-highlights__list-item\" data-v-86039ad0=\"\">Kh\u00e1m ph\u00e1 s\u1ef1 k\u1ef3 di\u1ec7u c\u1ee7a th\u00e1c n\u01b0\u1edbc cao nh\u1ea5t v\u00f9ng Caribe, Salto La jada<\/li>\n<li class=\"activity-highlights__list-item\" data-v-86039ad0=\"\">Kh\u00e1m ph\u00e1 thi\u00ean nhi\u00ean trong th\u1eddi gian l\u01b0u tr\u00fa t\u1ea1i b\u00e3i bi\u1ec3n Esmeralda<\/li>\n<li class=\"activity-highlights__list-item\" data-v-86039ad0=\"\">Bay qua nh\u1eefng b\u00e3i bi\u1ec3n tuy\u1ec7t v\u1eddi v\u00e0 qua nh\u1eefng ng\u00f4i l\u00e0ng y\u00ean t\u0129nh \u0111\u1ebfn s\u01b0\u1eddn ph\u00eda b\u1eafc c\u1ee7a Sierra<\/li>\n<li class=\"activity-highlights__list-item\" data-v-86039ad0=\"\">Xem c\u00e1ch n\u01b0\u1edbc \u00e0o \u1ea1t tr\u00e0n qua v\u00e1ch \u0111\u00e1<\/li>\n<\/ul>\n<h4><b>Bao g\u1ed3m &amp; Lo\u1ea1i tr\u1eeb<\/b><\/h4>\n<p>&nbsp;<\/p>\n<p><b>bao g\u1ed3m<\/b><\/p>\n<ol>\n<li class=\"activity-inclusions__item activity-inclusions__item--inclusion\" data-v-0d17907c=\"\"><span class=\"activity-inclusions__test activity-inclusions__test--include\" data-v-0d17907c=\"\">V\u1eadn chuy\u1ec3n m\u1eb7t \u0111\u1ea5t \u0111\u1ebfn \/ t\u1eeb kh\u00e1ch s\u1ea1n c\u1ee7a b\u1ea1n<\/span><\/li>\n<li class=\"activity-inclusions__item activity-inclusions__item--inclusion\" data-v-0d17907c=\"\"><span class=\"activity-inclusions__test activity-inclusions__test--include\" data-v-0d17907c=\"\">Nh\u1eadn ph\u00f2ng VIP c\u1ea5p t\u1ed1c khi \u0111\u1ebfn n\u01a1i<\/span><\/li>\n<li class=\"activity-inclusions__item activity-inclusions__item--inclusion\" data-v-0d17907c=\"\"><span class=\"activity-inclusions__test activity-inclusions__test--include\" data-v-0d17907c=\"\">Chuy\u1ebfn bay tr\u1ef1c th\u0103ng kh\u1ee9 h\u1ed3i 60 ph\u00fat<\/span><\/li>\n<li class=\"activity-inclusions__item activity-inclusions__item--inclusion\" data-v-0d17907c=\"\"><span class=\"activity-inclusions__test activity-inclusions__test--include\" data-v-0d17907c=\"\">T\u1ed5ng th\u1eddi gian l\u01b0u tr\u00fa 1 gi\u1edd t\u1ea1i b\u00e3i bi\u1ec3n hoang s\u01a1 tuy\u1ec7t v\u1eddi nh\u1ea5t<\/span><\/li>\n<li class=\"activity-inclusions__item activity-inclusions__item--inclusion\" data-v-0d17907c=\"\"><span class=\"activity-inclusions__test activity-inclusions__test--include\" data-v-0d17907c=\"\">B\u1eefa tr\u01b0a d\u00e3 ngo\u1ea1i b\u1eb1ng t\u00e0u \u0111i\u1ec7n ng\u1ea7m tr\u00ean b\u00e3i bi\u1ec3n v\u1edbi n\u01b0\u1edbc ng\u1ecdt v\u00e0 n\u01b0\u1edbc<\/span><\/li>\n<li style=\"font-weight: 400;\"><span style=\"font-weight: 400;\">T\u1ea5t c\u1ea3 c\u00e1c lo\u1ea1i thu\u1ebf, ph\u00ed v\u00e0 l\u1ec7 ph\u00ed x\u1eed l\u00fd<\/span><\/li>\n<li style=\"font-weight: 400;\"><span style=\"font-weight: 400;\">Thu\u1ebf \u0111\u1ecba ph\u01b0\u01a1ng<\/span><\/li>\n<li style=\"font-weight: 400;\"><span style=\"font-weight: 400;\">T\u1ea5t c\u1ea3 c\u00e1c ho\u1ea1t \u0111\u1ed9ng<\/span><\/li>\n<li style=\"font-weight: 400;\"><span style=\"font-weight: 400;\">H\u01b0\u1edbng d\u1eabn \u0111\u1ecba ph\u01b0\u01a1ng<\/span><\/li>\n<\/ol>\n<p><b> lo\u1ea1i tr\u1eeb<\/b><\/p>\n<ol>\n<li style=\"font-weight: 400;\"><span style=\"font-weight: 400;\">ti\u1ec1n th\u01b0\u1edfng<\/span><\/li>\n<li style=\"font-weight: 400;\"><span style=\"font-weight: 400;\">Chuy\u1ec3n nh\u01b0\u1ee3ng<\/span><\/li>\n<li>B\u1eefa tr\u01b0a<\/li>\n<li style=\"font-weight: 400;\"><span style=\"font-weight: 400;\">\u0110\u1ed3 u\u1ed1ng c\u00f3 c\u1ed3n<\/span><\/li>\n<\/ol>\n<p>&nbsp;<\/p>\n<h4><em><strong>Kh\u1edfi h\u00e0nh &amp; Tr\u1edf v\u1ec1<\/strong><\/em><\/h4>\n<p><span style=\"font-weight: 400;\">Kh\u00e1ch du l\u1ecbch s\u1ebd nh\u1eadn \u0111\u01b0\u1ee3c m\u1ed9t \u0111i\u1ec3m g\u1eb7p g\u1ee1 sau Quy tr\u00ecnh \u0111\u1eb7t ch\u1ed7. C\u00e1c chuy\u1ebfn tham quan b\u1eaft \u0111\u1ea7u v\u00e0 k\u1ebft th\u00fac t\u1ea1i c\u00e1c \u0111i\u1ec3m g\u1eb7p g\u1ee1 c\u1ee7a ch\u00fang t\u00f4i.<\/span><\/p>\n<p>&nbsp;<\/p>\n<h2>M\u00e1y bay tr\u1ef1c th\u0103ng Punta Cana<\/h2>\n<h4><b><i>Mong \u0111\u1ee3i \u0111i\u1ec1u g\u00ec?<\/i><\/b><\/h4>\n<p><em><strong>Nh\u1eadn v\u00e9 c\u1ee7a b\u1ea1n<\/strong><\/em> v\u00ec \u0111\u00e3 \u0111\u1ebfn th\u0103m Th\u00e1c n\u01b0\u1edbc cao nh\u1ea5t \u1edf Caribean.\u00a0 <strong>El Salto la Jalda<\/strong> b\u1eb1ng Tr\u1ef1c th\u0103ng bay t\u1eeb Punta Cana.<\/p>\n<p>Kh\u00e1m ph\u00e1 nh\u01b0 m\u1ed9t ch\u00fa chim Salto La Jalda \u2013 th\u00e1c n\u01b0\u1edbc cao nh\u1ea5t \u1edf Caribe n\u1eb1m s\u00e2u trong D\u00e3y n\u00fai Cordillera Oriental v\u00e0 \u0111\u01b0\u1ee3c bao quanh b\u1edfi khu r\u1eebng m\u01b0a nhi\u1ec7t \u0111\u1edbi t\u01b0\u01a1i t\u1ed1t. M\u1ed9t kinh nghi\u1ec7m b\u1ea1n s\u1ebd kh\u00f4ng bao gi\u1edd qu\u00ean.<\/p>\n<p>Ch\u1ec9 c\u00f3 m\u1ed9t c\u00e1ch duy nh\u1ea5t \u0111\u1ec3 \u0111\u00e1nh gi\u00e1 cao nh\u1eefng thung l\u0169ng bao la v\u00e0 c\u1ea3nh quan \u1ea5n t\u01b0\u1ee3ng c\u1ee7a th\u00e1c n\u01b0\u1edbc cao nh\u1ea5t C\u1ed9ng h\u00f2a Dominica \u2013 \u0111\u00f3 l\u00e0 t\u1eeb tr\u00ean kh\u00f4ng. Th\u1ef1c hi\u1ec7n chuy\u1ebfn bay tr\u1ef1c th\u0103ng ngo\u1ea1n m\u1ee5c tr\u00ean C\u00f4ng vi\u00ean Qu\u1ed1c gia Salto Jalda \u0111\u1ec3 c\u00f3 tr\u1ea3i nghi\u1ec7m k\u1ef3 ngh\u1ec9 kh\u00f3 qu\u00ean.<\/p>\n<p>Cu\u1ed9c phi\u00eau l\u01b0u b\u1eaft \u0111\u1ea7u khi b\u1ea1n \u0111\u01b0\u1ee3c \u0111\u01b0a t\u1eeb kh\u00e1ch s\u1ea1n c\u1ee7a m\u00ecnh \u0111\u1ebfn s\u00e2n bay tr\u1ef1c th\u0103ng. Leo l\u00ean tr\u1ef1c th\u0103ng v\u00e0 s\u1eb5n s\u00e0ng c\u1ea5t c\u00e1nh. B\u1ea1n s\u1ebd s\u1edbm bay v\u00fat l\u00ean tr\u00ean nh\u1eefng trang tr\u1ea1i, ng\u00f4i l\u00e0ng xa x\u00f4i v\u00e0 khu r\u1eebng nhi\u1ec7t \u0111\u1edbi xanh t\u01b0\u01a1i h\u01b0\u1edbng t\u1edbi s\u01b0\u1eddn ph\u00eda b\u1eafc c\u1ee7a d\u00e3y n\u00fai Cordillera Oriental. Qu\u00e9t qua c\u00e1c \u0111\u1ec9nh v\u00e1ch \u0111\u00e1, phi c\u00f4ng l\u00e3o luy\u1ec7n c\u1ee7a b\u1ea1n s\u1ebd \u0111\u1ebfn g\u1ea7n h\u01a1n bao gi\u1edd h\u1ebft \u0111\u1ec3 b\u1ea1n c\u00f3 th\u1ec3 chi\u00eam ng\u01b0\u1ee1ng \u0111\u1ed9 cao 272 ft c\u1ee7a Salto Jalda.<\/p>\n<p>Sau \u0111\u00f3, \u0111i xu\u1ed1ng qua t\u00e1n r\u1eebng r\u1eadm, b\u1ea1n s\u1ebd ch\u1ea1m xu\u1ed1ng b\u00e3i bi\u1ec3n Playa Esmerelda h\u1ebbo l\u00e1nh. Tr\u1ea3i kh\u0103n c\u1ee7a b\u1ea1n \u1edf \u0111\u00e2y v\u00e0 t\u1eafm n\u1eafng tr\u00ean b\u00e3i c\u00e1t tr\u1eafng. V\u00e0 b\u1ea1n \u0111\u00e3 c\u00f3 th\u1eddi gian \u0111\u1ec3 ng\u00e2m m\u00ecnh trong v\u00f9ng bi\u1ec3n Caribbean tr\u01b0\u1edbc khi chuy\u1ebfn bay tr\u1edf v\u1ec1 ph\u1ee5c v\u1ee5 nhi\u1ec1u t\u1ea7m nh\u00ecn h\u01a1n.<\/p>\n<p>&nbsp;<\/p>\n<h4><em><strong>B\u1ea1n n\u00ean mang theo nh\u1eefng g\u00ec?<\/strong><\/em><\/h4>\n<ul>\n<li style=\"font-weight: 400;\"><span style=\"font-weight: 400;\">M\u00e1y \u1ea3nh<\/span><\/li>\n<li style=\"font-weight: 400;\"><span style=\"font-weight: 400;\">ch\u1ed3i \u0111u\u1ed5i<\/span><\/li>\n<li style=\"font-weight: 400;\"><span style=\"font-weight: 400;\">kem ch\u1ed1ng n\u1eafng<\/span><\/li>\n<li style=\"font-weight: 400;\"><span style=\"font-weight: 400;\">m\u0169<\/span><\/li>\n<li style=\"font-weight: 400;\"><span style=\"font-weight: 400;\">qu\u1ea7n tho\u1ea3i m\u00e1i<\/span><\/li>\n<li style=\"font-weight: 400;\"><span style=\"font-weight: 400;\">Gi\u00e0y leo n\u00fai \u0111i r\u1eebng<\/span><\/li>\n<li style=\"font-weight: 400;\"><span style=\"font-weight: 400;\">\u0111\u1ed3 b\u01a1i<\/span><\/li>\n<li>B\u00ecnh n\u01b0\u1edbc th\u00eam<\/li>\n<li>\u0102n tr\u01b0a ho\u1eb7c \u0103n v\u1eb7t<\/li>\n<\/ul>\n<p>&nbsp;<\/p>\n<h4><b><i>\u0110\u00f3n kh\u00e1ch s\u1ea1n <\/i><\/b><\/h4>\n<p><span style=\"font-weight: 400;\">\u0110\u00f3n kh\u00e1ch s\u1ea1n \u0111\u01b0\u1ee3c cung c\u1ea5p cho tour du l\u1ecbch n\u00e0y. <\/span><\/p>\n<p>&nbsp;<\/p>\n<p><b>Ghi ch\u00fa:<\/b><span style=\"font-weight: 400;\"> N\u1ebfu b\u1ea1n \u0111\u1eb7t ch\u1ed7 trong v\u00f2ng 24 gi\u1edd tr\u01b0\u1edbc gi\u1edd kh\u1edfi h\u00e0nh c\u1ee7a chuy\u1ebfn tham quan\/Chuy\u1ebfn tham quan, ch\u00fang t\u00f4i c\u00f3 th\u1ec3 s\u1eafp x\u1ebfp d\u1ecbch v\u1ee5 \u0111\u00f3n kh\u00e1ch t\u1ea1i kh\u00e1ch s\u1ea1n m\u00e0 kh\u00f4ng t\u00ednh th\u00eam ph\u00ed. Sau khi giao d\u1ecbch mua c\u1ee7a b\u1ea1n ho\u00e0n t\u1ea5t, ch\u00fang t\u00f4i s\u1ebd g\u1eedi cho b\u1ea1n th\u00f4ng tin li\u00ean h\u1ec7 \u0111\u1ea7y \u0111\u1ee7 (s\u1ed1 \u0111i\u1ec7n tho\u1ea1i, \u0111\u1ecba ch\u1ec9 email, v.v.) \u0111\u1ec3 H\u01b0\u1edbng d\u1eabn vi\u00ean du l\u1ecbch \u0111\u1ecba ph\u01b0\u01a1ng c\u1ee7a ch\u00fang t\u00f4i s\u1eafp x\u1ebfp vi\u1ec7c \u0111\u00f3n kh\u00e1ch.<\/span><\/p>\n<h4><b><i>X\u00e1c nh\u1eadn th\u00f4ng tin b\u1ed5 sung <\/i><\/b><\/h4>\n<ol>\n<li>V\u00e9 l\u00e0 Bi\u00ean lai sau khi thanh to\u00e1n Tour n\u00e0y. B\u1ea1n c\u00f3 th\u1ec3 hi\u1ec3n th\u1ecb thanh to\u00e1n tr\u00ean \u0111i\u1ec7n tho\u1ea1i c\u1ee7a m\u00ecnh.<\/li>\n<li style=\"font-weight: 400;\"><span style=\"font-weight: 400;\">\u0110i\u1ec3m h\u1eb9n s\u1ebd nh\u1eadn \u0111\u01b0\u1ee3c sau qu\u00e1 tr\u00ecnh \u0111\u1eb7t ch\u1ed7.<\/span><\/li>\n<li style=\"font-weight: 400;\"><span style=\"font-weight: 400;\">Tr\u1ebb em ph\u1ea3i c\u00f3 ng\u01b0\u1eddi l\u1edbn \u0111i k\u00e8m v\u00e0 \u0111\u1ed9 tu\u1ed5i t\u1ed1i thi\u1ec3u l\u00e0 tr\u1ebb em 7 tu\u1ed5i.<\/span><\/li>\n<li class=\"activity-important-information__item\" data-v-772d15b6=\"\" data-v-45a03bbc=\"\">Chuy\u1ebfn tham quan n\u00e0y kh\u00f4ng \u0111\u01b0\u1ee3c khuy\u1ebfn ngh\u1ecb cho nh\u1eefng ng\u01b0\u1eddi b\u1ecb h\u1ea1n ch\u1ebf v\u1ec1 kh\u1ea3 n\u0103ng v\u1eadn \u0111\u1ed9ng tr\u1eeb khi h\u1ecd c\u00f3 \u00edt nh\u1ea5t 2 ng\u01b0\u1eddi c\u00f3 th\u1ec3 h\u1ed7 tr\u1ee3 h\u1ecd<\/li>\n<li class=\"activity-important-information__item\" data-v-772d15b6=\"\" data-v-45a03bbc=\"\">T\u1ea5t c\u1ea3 c\u00e1c chuy\u1ebfn bay \u0111\u1ec1u t\u00f9y thu\u1ed9c v\u00e0o t\u00ecnh tr\u1ea1ng s\u1eb5n c\u00f3 v\u00e0 \u0111i\u1ec1u ki\u1ec7n th\u1eddi ti\u1ebft<\/li>\n<li class=\"activity-important-information__item\" data-v-772d15b6=\"\" data-v-45a03bbc=\"\">Nh\u00e0 cung c\u1ea5p ho\u1ea1t \u0111\u1ed9ng c\u00f3 quy\u1ec1n th\u00eam nhi\u1ec1u h\u00e0nh kh\u00e1ch h\u01a1n v\u00e0o chuy\u1ebfn tham quan<\/li>\n<li style=\"font-weight: 400;\"><span style=\"font-weight: 400;\"> Kh\u00f4ng th\u1ec3 s\u1eed d\u1ee5ng xe l\u0103n <\/span><\/li>\n<li style=\"font-weight: 400;\"><span style=\"font-weight: 400;\">Tr\u1ebb s\u01a1 sinh kh\u00f4ng \u0111\u01b0\u1ee3c ph\u00e9p tham gia chuy\u1ebfn \u0111i n\u00e0y<\/span><\/li>\n<li style=\"font-weight: 400;\"><span style=\"font-weight: 400;\">Kh\u00f4ng n\u00ean d\u00f9ng cho du kh\u00e1ch c\u00f3 v\u1ea5n \u0111\u1ec1 v\u1ec1 l\u01b0ng<\/span><\/li>\n<li style=\"font-weight: 400;\"><span style=\"font-weight: 400;\">Kh\u00f4ng n\u00ean d\u00f9ng cho du kh\u00e1ch mang thai <\/span><\/li>\n<li style=\"font-weight: 400;\"><span style=\"font-weight: 400;\"> Kh\u00f4ng c\u00f3 v\u1ea5n \u0111\u1ec1 v\u1ec1 tim ho\u1eb7c c\u00e1c t\u00ecnh tr\u1ea1ng y t\u1ebf nghi\u00eam tr\u1ecdng kh\u00e1c <\/span><\/li>\n<li style=\"font-weight: 400;\"><span style=\"font-weight: 400;\">H\u1ea7u h\u1ebft du kh\u00e1ch c\u00f3 th\u1ec3 tham gia<\/span><\/li>\n<\/ol>\n<h4><b><i>Ch\u00ednh s\u00e1ch h\u1ee7y<\/i><\/b><\/h4>\n<p>\u0110\u1ec3 \u0111\u01b0\u1ee3c ho\u00e0n ti\u1ec1n \u0111\u1ea7y \u0111\u1ee7, vui l\u00f2ng \u0111\u1ecdc ch\u00ednh s\u00e1ch H\u1ee7y c\u1ee7a ch\u00fang t\u00f4i\u00a0<a href=\"https:\/\/www.boattoursamana.com\/vi\/dat-phong-truc-tuyen\/\" target=\"_blank\" rel=\"noopener\" data-saferedirecturl=\"https:\/\/www.google.com\/url?q=https:\/\/www.boattoursamana.com\/online-booking\/&amp;source=gmail&amp;ust=1672449202351000&amp;usg=AOvVaw1yAeVAPktmaVCqDujgUn90\">B\u1ea5m v\u00e0o \u0111\u00e2y<\/a>. Ti\u1ec1n s\u1ebd b\u1ecb m\u1ea5t n\u1ebfu \u0111\u1eb7t ch\u1ed7 b\u1ecb h\u1ee7y trong c\u00f9ng ng\u00e0y c\u1ee7a chuy\u1ebfn \u0111i.<\/p>\n\n\t\t<\/div>\n\t<\/div>\n<div class=\"vc_btn3-container vc_btn3-inline\" ><a class=\"vc_general vc_btn3 vc_btn3-size-md vc_btn3-shape-rounded vc_btn3-style-modern vc_btn3-color-green\" href=\"https:\/\/bookingadventures.tours\/booking.php?tour_id=cf0c7b2af9d3e7d3c0d0b8017c605e6c\" title=\"\" rel=\"noopener\">\u0110\u0102\u0323T B\u00c2Y GI\u1edc<\/a><\/div><\/div><\/div><\/div><\/div><div class=\"vc_row wpb_row vc_row-fluid\" ><div class=\"wpb_column vc_column_container vc_col-sm-12\"><div class=\"vc_column-inner\"><div class=\"wpb_wrapper\">\n\t<div class=\"wpb_text_column wpb_content_element\" >\n\t\t<div class=\"wpb_wrapper\">\n\t\t\t<h4>Li\u00ean h\u1ec7 ch\u00fang t\u00f4i?<\/h4>\n<h5><em><strong>\u0111\u1eb7t ph\u00f2ng phi\u00eau l\u01b0u<\/strong><\/em><\/h5>\n<p><em><strong>ng\u01b0\u1eddi d\u00e2n \u0111\u1ecba ph\u01b0\u01a1ng<\/strong> v\u00e0 <strong>c\u00f4ng d\u00e2n<\/strong> H\u01b0\u1edbng d\u1eabn vi\u00ean du l\u1ecbch &amp; D\u1ecbch v\u1ee5 kh\u00e1ch<\/em><\/p>\n<p><span class=\"text-turquoise\">\u0111\u1eb7t ph\u00f2ng:<\/span> Chuy\u1ebfn tham quan &amp; du ngo\u1ea1n t\u1ea1i Dom. Tr\u1ea3 l\u1eddi.<\/p>\n<p><img decoding=\"async\" class=\"emoji\" draggable=\"false\" src=\"https:\/\/s.w.org\/images\/core\/emoji\/11.2.0\/svg\/1f4de.svg\" alt=\"\ud83d\udcde\" title=\"\"> \u0110i\u1ec7n tho\u1ea1i \/ Whatsapp\u00a0 <a href=\"tel:+1-809-720-6035\">+1-809-720-6035<\/a>.<\/p>\n<p><img decoding=\"async\" class=\"emoji\" draggable=\"false\" src=\"https:\/\/s.w.org\/images\/core\/emoji\/11.2.0\/svg\/1f4e9.svg\" alt=\"\ud83d\udce9\" title=\"\"> <a href=\"mailto:info@bookingadventures.com.do\">info@bookingadventures.com.do<\/a><\/p>\n<p><strong>Ch\u00fang t\u00f4i \u0111ang thi\u1ebft l\u1eadp linh ho\u1ea1t c\u00e1c chuy\u1ebfn tham quan ri\u00eang t\u01b0 b\u1eb1ng Whatsapp: <a href=\"tel:+18097206035\">+18097206035.<\/a><\/strong><\/p>\n\n\t\t<\/div>\n\t<\/div>\n<\/div><\/div><\/div><\/div><div class=\"vc_row wpb_row vc_row-fluid\" ><div class=\"wpb_column vc_column_container vc_col-sm-12\"><div class=\"vc_column-inner\"><div class=\"wpb_wrapper\"><div class=\"vc_btn3-container vc_btn3-inline\" ><a class=\"vc_general vc_btn3 vc_btn3-size-md vc_btn3-shape-rounded vc_btn3-style-modern vc_btn3-color-green\" href=\"https:\/\/bookingadventures.tours\/booking.php?tour_id=cf0c7b2af9d3e7d3c0d0b8017c605e6c\" title=\"\" rel=\"noopener\">\u0110\u0102\u0323T B\u00c2Y GI\u1edc<\/a><\/div><\/div><\/div><\/div><\/div>","protected":false},"excerpt":{"rendered":"<p>T\u1eadn h\u01b0\u1edfng tr\u1ea3i nghi\u1ec7m \u0111\u1ed9c \u0111\u00e1o khi bay tr\u00ean tr\u1ef1c th\u0103ng qua th\u00e1c n\u01b0\u1edbc cao nh\u1ea5t v\u00f9ng Caribe, Salto La Jada. Ng\u1eafm nh\u00ecn nh\u1eefng b\u00e3i bi\u1ec3n hoang s\u01a1 c\u1ee7a Punta Cana v\u00e0 kh\u00e1m ph\u00e1 s\u1ef1 k\u1ef3 di\u1ec7u c\u1ee7a v\u1ebb \u0111\u1eb9p \u0111\u00e1ng kinh ng\u1ea1c n\u00e0y n\u1eb1m s\u00e2u trong m\u1ed9t khu r\u1eebng m\u01b0a nhi\u1ec7t \u0111\u1edbi t\u01b0\u01a1i t\u1ed1t.<\/p>\n<p>&nbsp;<\/p>\n<p><strong>Vui l\u00f2ng ch\u1ecdn ng\u00e0y cho chuy\u1ebfn tham quan:<\/strong><\/p>","protected":false},"featured_media":14053,"template":"","meta":[],"product_cat":[948,170,1044,191,252],"product_tag":[226,635,636,180,637,638,224,225,639,640,227,641,228,175,642,643,644,645],"class_list":["post-14048","product","type-product","status-publish","has-post-thumbnail","hentry","product_cat-1-punta-cana","product_cat-local-tour-guides","product_cat-punta-cana-helicopter","product_cat-swimming-natural-springs","product_cat-waterfalls","product_tag-higthest-waterfall-in-the-caribean","product_tag-hike-la-jalda","product_tag-hike-to-miches-la-jalda-waterfall-waterfalls","product_tag-hiking","product_tag-la-jalda-excursions","product_tag-la-jalda-horses","product_tag-la-jalda-national-park","product_tag-la-jalda-waterfall","product_tag-leaping","product_tag-leaping-jalda","product_tag-magua","product_tag-magua-la-jalda","product_tag-miches","product_tag-sabana-de-la-mar","product_tag-salto-de-la-jalda","product_tag-salto-la-jalda-sabana-de-la-mar","product_tag-salto-la-jalda-tours","product_tag-waterfalls"],"_links":{"self":[{"href":"https:\/\/www.boattoursamana.com\/vi\/wp-json\/wp\/v2\/product\/14048","targetHints":{"allow":["GET"]}}],"collection":[{"href":"https:\/\/www.boattoursamana.com\/vi\/wp-json\/wp\/v2\/product"}],"about":[{"href":"https:\/\/www.boattoursamana.com\/vi\/wp-json\/wp\/v2\/types\/product"}],"wp:featuredmedia":[{"embeddable":true,"href":"https:\/\/www.boattoursamana.com\/vi\/wp-json\/wp\/v2\/media\/14053"}],"wp:attachment":[{"href":"https:\/\/www.boattoursamana.com\/vi\/wp-json\/wp\/v2\/media?parent=14048"}],"wp:term":[{"taxonomy":"product_cat","embeddable":true,"href":"https:\/\/www.boattoursamana.com\/vi\/wp-json\/wp\/v2\/product_cat?post=14048"},{"taxonomy":"product_tag","embeddable":true,"href":"https:\/\/www.boattoursamana.com\/vi\/wp-json\/wp\/v2\/product_tag?post=14048"}],"curies":[{"name":"wp","href":"https:\/\/api.w.org\/{rel}","templated":true}]}}