{"id":8848,"date":"2018-06-11T10:11:05","date_gmt":"2018-06-11T10:11:05","guid":{"rendered":"https:\/\/www.ticketswhales.com\/?post_type=product&#038;p=8848"},"modified":"2023-03-20T10:08:14","modified_gmt":"2023-03-20T10:08:14","slug":"birdwatching-in-los-haitises-national-park","status":"publish","type":"product","link":"https:\/\/www.boattoursamana.com\/vi\/chuyen-du-lich\/xem-chim-trong-lo-haitises-vuon-quoc-gia-2","title":{"rendered":"Xem chim \u1edf V\u01b0\u1eddn qu\u1ed1c gia Los Haitises"},"content":{"rendered":"<div class=\"vc_row wpb_row vc_row-fluid\" ><div class=\"wpb_column vc_column_container vc_col-sm-12\"><div class=\"vc_column-inner\"><div class=\"wpb_wrapper\"><div class=\"mkdf-section-title-holder\" style=\"text-align: left\">\n\t<div class=\"mkdf-st-inner\">\n\t\t\t\t\t<h5 class=\"mkdf-st-subtitle\" >\n\t\t\t\tBirding \u1edf C\u00f4ng vi\u00ean qu\u1ed1c gia Los Haitises\t\t\t<\/h5>\n\t\t\t\t\t\t\t<h3 class=\"mkdf-st-title\" >\n\t\t\t\tChuy\u1ebfn tham quan b\u1eb1ng di\u1ec1u h\u00e2u c\u1ee7a Ridgway\t\t\t<\/h3>\n\t\t\t\t\t<\/div>\n<\/div><div class=\"vc_empty_space\"   style=\"height: 32px\"><span class=\"vc_empty_space_inner\"><\/span><\/div><div class=\"vc_message_box vc_message_box-standard vc_message_box-rounded vc_color-info\" ><div class=\"vc_message_box-icon\"><i class=\"fas fa-info-circle\"><\/i><\/div><p>Ki\u1ec3m tra danh s\u00e1ch c\u1eadp nh\u1eadt t\u1ea1i C\u00f4ng vi\u00ean qu\u1ed1c gia Los Haitises:\u00a0 <a href=\"https:\/\/www.boattoursamana.com\/vi\/los-haitises-cong-vien-quoc-gia-xem-chim-kiem-danh-sach-cap-nhat\/\">B\u1ea5m v\u00e0o \u0111\u00e2y<\/a><\/p>\n<\/div><div class=\"vc_empty_space\"   style=\"height: 32px\"><span class=\"vc_empty_space_inner\"><\/span><\/div><\/div><\/div><\/div><\/div><div class=\"vc_row wpb_row vc_row-fluid\" ><div class=\"wpb_column vc_column_container vc_col-sm-12\"><div class=\"vc_column-inner\"><div class=\"wpb_wrapper\"><div class=\"vc_btn3-container vc_btn3-inline\" ><button class=\"vc_general vc_btn3 vc_btn3-size-md vc_btn3-shape-rounded vc_btn3-style-modern vc_btn3-color-green\">\u0110\u0102\u0323T B\u00c2Y GI\u1edc<\/button><\/div>\n\t<div class=\"wpb_text_column wpb_content_element\" >\n\t\t<div class=\"wpb_wrapper\">\n\t\t\t<h4><b><i>T\u1ed5ng quan <\/i><\/b><\/h4>\n<section><\/section>\n<p>Ch\u00fang t\u00f4i \u0111ang b\u1ea3o t\u1ed3n 110 lo\u00e0i chim m\u00e0 b\u1ea1n c\u00f3 th\u1ec3 t\u00ecm th\u1ea5y \u1edf C\u00f4ng vi\u00ean Qu\u1ed1c gia Los Haitises. \u0110i b\u1ed9 qua khu r\u1eebng ma thu\u1eadt n\u00e0y \u0111\u1ec3 t\u00ecm ki\u1ebfm v\u1eb9t, Todys, Ridgway&#039;s Hawks, tanagers, chim ru\u1ed3i, v.v. Cung c\u1ea5p L\u1ecbch s\u1eed th\u00fa v\u1ecb v\u1ec1 t\u1ea5t c\u1ea3 nh\u1eefng lo\u00e0i chim n\u00e0y m\u00e0 b\u1ea1n c\u00f3 th\u1ec3 nh\u00ecn th\u1ea5y tr\u00ean \u0111\u01b0\u1eddng m\u00f2n Humit. Ch\u00fang t\u00f4i bi\u1ebft c\u00e1c khu v\u1ef1c sinh s\u1ed1ng c\u1ee7a Ridgway&#039;s, Ashy Faced Owls v\u00e0 c\u00e1c lo\u00e0i \u0111\u1eb7c h\u1eefu kh\u00e1c. Chuy\u1ebfn tham quan n\u00e0y t\u1eadp trung v\u00e0o thi\u00ean nhi\u00ean v\u00e0 t\u1eadp trung nhi\u1ec1u h\u01a1n v\u00e0o th\u00f4ng tin v\u1ec1 \u0111\u1ed9ng v\u1eadt hoang d\u00e3.<\/p>\n<p><strong>Th\u01b0\u1eddng l\u00e0 m\u1ed9t tour du l\u1ecbch ri\u00eang cho tr\u1ea3i nghi\u1ec7m th\u1ef1c s\u1ef1 ch\u1ea5t l\u01b0\u1ee3ng cao.<\/strong><\/p>\n<h4><\/h4>\n<h4><b>Bao g\u1ed3m &amp; Lo\u1ea1i tr\u1eeb<\/b><\/h4>\n<p><b>bao g\u1ed3m<\/b><\/p>\n<ol>\n<li style=\"font-weight: 400;\">3 gi\u1edd chim \u0111i b\u1ed9 tr\u00ean nh\u1eefng con \u0111\u01b0\u1eddng m\u00f2n trong c\u00f4ng vi\u00ean<\/li>\n<li style=\"font-weight: 400;\"><span style=\"font-weight: 400;\">T\u1ea5t c\u1ea3 c\u00e1c lo\u1ea1i thu\u1ebf, ph\u00ed v\u00e0 l\u1ec7 ph\u00ed x\u1eed l\u00fd<\/span><\/li>\n<li style=\"font-weight: 400;\"><span style=\"font-weight: 400;\">Thu\u1ebf \u0111\u1ecba ph\u01b0\u01a1ng<\/span><\/li>\n<li style=\"font-weight: 400;\">C\u00e1c quan ch\u1ee9c Nh\u00e0 sinh th\u00e1i h\u01b0\u1edbng d\u1eabn vi\u00ean ti\u1ebfng Anh \/ T\u00e2y Ban Nha<\/li>\n<\/ol>\n<p><b> lo\u1ea1i tr\u1eeb<\/b><\/p>\n<ol>\n<li style=\"font-weight: 400;\"><span style=\"font-weight: 400;\">ti\u1ec1n th\u01b0\u1edfng<\/span><\/li>\n<li style=\"font-weight: 400;\"><span style=\"font-weight: 400;\">Chuy\u1ec3n nh\u01b0\u1ee3ng<\/span><\/li>\n<li style=\"font-weight: 400;\"><span style=\"font-weight: 400;\">\u0110\u1ed3 u\u1ed1ng<\/span><\/li>\n<\/ol>\n<p>&nbsp;<\/p>\n<h4><em><strong>Kh\u1edfi h\u00e0nh &amp; Tr\u1edf v\u1ec1<\/strong><\/em><\/h4>\n<p><span style=\"font-weight: 400;\">Chuy\u1ebfn tham quan do \u201cBooking Adventures\u201d t\u1ed5 ch\u1ee9c b\u1eaft \u0111\u1ea7u t\u1ea1i \u0111i\u1ec3m h\u1eb9n \u0111\u00e3 \u0111\u1eb7t v\u1edbi H\u01b0\u1edbng d\u1eabn vi\u00ean. Kh\u00e1ch du l\u1ecbch s\u1ebd nh\u1eadn \u0111\u01b0\u1ee3c m\u1ed9t \u0111i\u1ec3m g\u1eb7p g\u1ee1 sau Quy tr\u00ecnh \u0111\u1eb7t ch\u1ed7. C\u00e1c chuy\u1ebfn tham quan b\u1eaft \u0111\u1ea7u v\u00e0 k\u1ebft th\u00fac t\u1ea1i c\u00e1c \u0111i\u1ec3m g\u1eb7p g\u1ee1 c\u1ee7a ch\u00fang t\u00f4i.<\/span><\/p>\n<p>&nbsp;<\/p>\n<h4><b><i>Mong \u0111\u1ee3i \u0111i\u1ec1u g\u00ec?<\/i><\/b><\/h4>\n<p><em><strong>Nh\u1eadn v\u00e9 c\u1ee7a b\u1ea1n<\/strong><\/em> \u0111\u1ec3 xem chim \u1edf V\u01b0\u1eddn qu\u1ed1c gia Los Haitises.<\/p>\n<p>Chuy\u1ebfn tham quan n\u00e0y b\u1eaft \u0111\u1ea7u t\u1eeb \u0111i\u1ec3m g\u1eb7p g\u1ee1 b\u1eb1ng c\u00e1ch \u0111i b\u1ed9 tr\u00ean nh\u1eefng con \u0111\u01b0\u1eddng m\u00f2n Ridgway \u0111\u1ebfn c\u00e1c khu v\u1ef1c L\u00e0m t\u1ed5. Sau 30 ph\u00fat \u0111i b\u1ed9 v\u00e0 xem Di\u1ec1u h\u00e2u, ch\u00fang t\u00f4i c\u00f3 t\u00f9y ch\u1ecdn ti\u1ebfp t\u1ee5c \u0111i b\u1ed9 xung quanh v\u00e0 ki\u1ec3m tra V\u1eb9t, chim ch\u00edch ch\u00f2e v\u00e0 c\u00e1c lo\u00e0i \u0110\u1eb7c h\u1eefu kh\u00e1c trong C\u00f4ng vi\u00ean Qu\u1ed1c gia Los Haitises.<\/p>\n<p>C\u00f4ng vi\u00ean Qu\u1ed1c gia Los Haitises ch\u1ec9 c\u00f3 hai \u0110\u01b0\u1eddng m\u00f2n d\u00e0nh cho Chim \u1edf Sabana de la Mar. Tr\u00ean \u0111\u01b0\u1eddng \u0111\u1ebfn C\u00f4ng vi\u00ean Qu\u1ed1c gia Los Hiatises, ch\u00fang t\u00f4i d\u1eebng l\u1ea1i \u1edf m\u1ed9t s\u1ed1 \u0111i\u1ec3m \u0111\u1ec3 xem th\u00eam c\u00e1c lo\u00e0i chim.<\/p>\n<p>\u0110\u00e3 \u1edf V\u1ecbnh San Lorenzo. ch\u00fang ta s\u1ebd \u0111\u1ebfn th\u0103m hai Hang \u0111\u1ed9ng, Hang Bu\u1ed3n b\u00e3 g\u1ecdi theo ti\u1ebfng T\u00e2y Ban Nha l\u00e0 Cueva de la Arena; trong Hang \u0111\u1ed9ng n\u00e0y, ch\u00fang ta c\u00f3 th\u1ec3 th\u1ea5y c\u00e1c b\u1ea3n kh\u1eafc \u0111\u00e1 t\u1eeb c\u00e1c c\u1ed9ng \u0111\u1ed3ng Tainos \u0111\u00e3 \u1edf quanh khu v\u1ef1c n\u00e0y. v\u00e0 s\u1eed d\u1ee5ng c\u00e1c hang \u0111\u1ed9ng nh\u01b0 m\u1ed9t ng\u00f4i \u0111\u1ec1n.<\/p>\n<p>Sau \u0111\u00f3, ch\u00fang t\u00f4i ti\u1ebfp t\u1ee5c \u0111\u1ebfn Hang Linea, n\u01a1i c\u00f3 2.243 b\u1ee9c tranh g\u1ed1c v\u00e0 h\u01b0\u1edbng d\u1eabn vi\u00ean c\u1ee7a ch\u00fang t\u00f4i s\u1ebd gi\u1ea3i th\u00edch cho b\u1ea1n th\u00f4ng tin t\u1eeb nh\u00e0 kh\u1ea3o c\u1ed5 h\u1ecdc v\u1ec1 nh\u1eefng b\u1ee9c tranh \u0111\u00f3.<\/p>\n<p>\u0110i thuy\u1ec1n tr\u1edf l\u1ea1i \u0111\u1ea3o Pajaros (\u0110\u1ea3o Chim), n\u01a1i ch\u00fang ta c\u00f3 th\u1ec3 nh\u00ecn th\u1ea5y h\u1ea7u h\u1ebft c\u00e1c lo\u00e0i chim v\u00f9ng \u0111\u1ea5t ng\u1eadp n\u01b0\u1edbc xung quanh C\u00f4ng vi\u00ean Qu\u1ed1c gia Los Haitises. Ch\u1ec9 v\u00ec mu\u00f4n lo\u00e0i chim kh\u00f4ng \u1edf trong N\u01b0\u1edbc.<\/p>\n<p>Sau 4 ti\u1ebfng r\u01b0\u1ee1i t\u00ecm hi\u1ec3u v\u1ec1 c\u00e1c lo\u00e0i chim \u1edf C\u00f4ng vi\u00ean Qu\u1ed1c gia Los Haitises, chuy\u1ebfn tham quan n\u00e0y k\u1ebft th\u00fac t\u1ea1i \u0111\u1ecba \u0111i\u1ec3m \u0111\u00e3 b\u1eaft \u0111\u1ea7u.<\/p>\n<p><strong>L\u01b0u \u00fd: C\u00e1c chuy\u1ebfn tham quan n\u00e0y \u0111\u1ec1u c\u00f3 h\u01b0\u1edbng d\u1eabn vi\u00ean c\u1ee7a Nh\u00e0 sinh th\u00e1i h\u1ecdc Ch\u00ednh th\u1ee9c. Vui l\u00f2ng \u0111\u1eb7t tr\u01b0\u1edbc v\u1edbi th\u1eddi gian v\u00ec trong c\u00f4ng vi\u00ean kh\u00f4ng c\u00f3 qu\u00e1 nhi\u1ec1u chuy\u00ean gia.<\/strong><\/p>\n<p>&nbsp;<\/p>\n<h4><em><strong>B\u1ea1n n\u00ean mang theo nh\u1eefng g\u00ec?<\/strong><\/em><\/h4>\n<ul>\n<li style=\"font-weight: 400;\"><span style=\"font-weight: 400;\">M\u00e1y \u1ea3nh<\/span><\/li>\n<li>\u1ed1ng nh\u00f2m<\/li>\n<li style=\"font-weight: 400;\"><span style=\"font-weight: 400;\">ch\u1ed3i \u0111u\u1ed5i<\/span><\/li>\n<li style=\"font-weight: 400;\"><span style=\"font-weight: 400;\">kem ch\u1ed1ng n\u1eafng<\/span><\/li>\n<li style=\"font-weight: 400;\"><span style=\"font-weight: 400;\">m\u0169<\/span><\/li>\n<li style=\"font-weight: 400;\"><span style=\"font-weight: 400;\">qu\u1ea7n tho\u1ea3i m\u00e1i<\/span><\/li>\n<li style=\"font-weight: 400;\"><span style=\"font-weight: 400;\">Gi\u00e0y leo n\u00fai \u0111i r\u1eebng<\/span><\/li>\n<li style=\"font-weight: 400;\"><span style=\"font-weight: 400;\">D\u00e9p \u0111i c\u00e1c mi\u1ec1n Xu\u00e2n.<\/span><\/li>\n<li style=\"font-weight: 400;\"><span style=\"font-weight: 400;\">\u0111\u1ed3 b\u01a1i<\/span><\/li>\n<\/ul>\n<p>&nbsp;<\/p>\n<h4><b><i>\u0110\u00f3n kh\u00e1ch s\u1ea1n <\/i><\/b><\/h4>\n<p><span style=\"font-weight: 400;\">\u0110\u00f3n kh\u00e1ch s\u1ea1n kh\u00f4ng \u0111\u01b0\u1ee3c cung c\u1ea5p cho tour du l\u1ecbch n\u00e0y. <\/span><\/p>\n<p>&nbsp;<\/p>\n<p><b>Ghi ch\u00fa:<\/b><span style=\"font-weight: 400;\"> N\u1ebfu b\u1ea1n \u0111\u1eb7t ch\u1ed7 trong v\u00f2ng 24 gi\u1edd tr\u01b0\u1edbc gi\u1edd kh\u1edfi h\u00e0nh c\u1ee7a chuy\u1ebfn tham quan\/Chuy\u1ebfn tham quan, ch\u00fang t\u00f4i c\u00f3 th\u1ec3 s\u1eafp x\u1ebfp d\u1ecbch v\u1ee5 \u0111\u00f3n kh\u00e1ch t\u1ea1i kh\u00e1ch s\u1ea1n v\u1edbi m\u1ed9t kho\u1ea3n ph\u1ee5 ph\u00ed. Sau khi giao d\u1ecbch mua c\u1ee7a b\u1ea1n ho\u00e0n t\u1ea5t, ch\u00fang t\u00f4i s\u1ebd g\u1eedi cho b\u1ea1n th\u00f4ng tin li\u00ean h\u1ec7 \u0111\u1ea7y \u0111\u1ee7 (s\u1ed1 \u0111i\u1ec7n tho\u1ea1i, \u0111\u1ecba ch\u1ec9 email, v.v.) \u0111\u1ec3 H\u01b0\u1edbng d\u1eabn vi\u00ean du l\u1ecbch \u0111\u1ecba ph\u01b0\u01a1ng c\u1ee7a ch\u00fang t\u00f4i s\u1eafp x\u1ebfp vi\u1ec7c \u0111\u00f3n kh\u00e1ch.<\/span><\/p>\n<h4><b><i>X\u00e1c nh\u1eadn th\u00f4ng tin b\u1ed5 sung <\/i><\/b><\/h4>\n<ol>\n<li>V\u00e9 l\u00e0 Bi\u00ean lai sau khi thanh to\u00e1n Tour n\u00e0y. B\u1ea1n c\u00f3 th\u1ec3 hi\u1ec3n th\u1ecb thanh to\u00e1n tr\u00ean \u0111i\u1ec7n tho\u1ea1i c\u1ee7a m\u00ecnh.<\/li>\n<li style=\"font-weight: 400;\"><span style=\"font-weight: 400;\">\u0110i\u1ec3m h\u1eb9n s\u1ebd nh\u1eadn \u0111\u01b0\u1ee3c sau qu\u00e1 tr\u00ecnh \u0111\u1eb7t ch\u1ed7.<\/span><\/li>\n<li style=\"font-weight: 400;\"><span style=\"font-weight: 400;\">Tr\u1ebb em ph\u1ea3i \u0111i c\u00f9ng ng\u01b0\u1eddi l\u1edbn.<\/span><\/li>\n<li style=\"font-weight: 400;\"><span style=\"font-weight: 400;\"> Kh\u00f4ng th\u1ec3 s\u1eed d\u1ee5ng xe l\u0103n <\/span><\/li>\n<li style=\"font-weight: 400;\"><span style=\"font-weight: 400;\">Tr\u1ebb s\u01a1 sinh ph\u1ea3i ng\u1ed3i tr\u00ean \u0111\u00f9i <\/span><\/li>\n<li style=\"font-weight: 400;\"><span style=\"font-weight: 400;\">Kh\u00f4ng n\u00ean d\u00f9ng cho du kh\u00e1ch c\u00f3 v\u1ea5n \u0111\u1ec1 v\u1ec1 l\u01b0ng<\/span><\/li>\n<li style=\"font-weight: 400;\"><span style=\"font-weight: 400;\">Kh\u00f4ng n\u00ean d\u00f9ng cho du kh\u00e1ch mang thai <\/span><\/li>\n<li style=\"font-weight: 400;\"><span style=\"font-weight: 400;\"> Kh\u00f4ng c\u00f3 v\u1ea5n \u0111\u1ec1 v\u1ec1 tim ho\u1eb7c c\u00e1c t\u00ecnh tr\u1ea1ng y t\u1ebf nghi\u00eam tr\u1ecdng kh\u00e1c <\/span><\/li>\n<li style=\"font-weight: 400;\"><span style=\"font-weight: 400;\">H\u1ea7u h\u1ebft du kh\u00e1ch c\u00f3 th\u1ec3 tham gia<\/span><\/li>\n<\/ol>\n<p>Tour n\u00e0y \u0111\u01b0\u1ee3c cung c\u1ea5p cho t\u1ed1i thi\u1ec3u 2 ng\u01b0\u1eddi v\u00e0 t\u1ed1i \u0111a 15 ng\u01b0\u1eddi. Trong tr\u01b0\u1eddng h\u1ee3p \u00edt ng\u01b0\u1eddi h\u01a1n, vui l\u00f2ng li\u00ean h\u1ec7 v\u1edbi ch\u00fang t\u00f4i.<\/p>\n<h4><b><i>Ch\u00ednh s\u00e1ch h\u1ee7y<\/i><\/b><\/h4>\n<p>\u0110\u1ec3 \u0111\u01b0\u1ee3c ho\u00e0n ti\u1ec1n \u0111\u1ea7y \u0111\u1ee7, vui l\u00f2ng \u0111\u1ecdc ch\u00ednh s\u00e1ch H\u1ee7y c\u1ee7a ch\u00fang t\u00f4i\u00a0<a href=\"https:\/\/www.boattoursamana.com\/vi\/dat-phong-truc-tuyen\/\" target=\"_blank\" rel=\"noopener\" data-saferedirecturl=\"https:\/\/www.google.com\/url?q=https:\/\/www.boattoursamana.com\/online-booking\/&amp;source=gmail&amp;ust=1672449202351000&amp;usg=AOvVaw1yAeVAPktmaVCqDujgUn90\">B\u1ea5m v\u00e0o \u0111\u00e2y<\/a>. Ti\u1ec1n s\u1ebd b\u1ecb m\u1ea5t n\u1ebfu \u0111\u1eb7t ch\u1ed7 b\u1ecb h\u1ee7y trong c\u00f9ng ng\u00e0y c\u1ee7a chuy\u1ebfn \u0111i.<\/p>\n\n\t\t<\/div>\n\t<\/div>\n<\/div><\/div><\/div><\/div><div class=\"vc_row wpb_row vc_row-fluid\" ><\/div><div class=\"wpb_column vc_column_container vc_col-sm-12\"><div class=\"vc_column-inner\"><div class=\"wpb_wrapper\"><div class=\"vc_message_box vc_message_box-standard vc_message_box-rounded vc_color-info\" ><div class=\"vc_message_box-icon\"><i class=\"fas fa-info-circle\"><\/i><\/div><p>Ki\u1ec3m tra danh s\u00e1ch c\u1eadp nh\u1eadt t\u1ea1i C\u00f4ng vi\u00ean qu\u1ed1c gia Los Haitises:\u00a0 <a href=\"https:\/\/www.boattoursamana.com\/vi\/los-haitises-cong-vien-quoc-gia-xem-chim-kiem-danh-sach-cap-nhat\/\">B\u1ea5m v\u00e0o \u0111\u00e2y<\/a><\/p>\n<\/div><\/div><\/div><\/div><div class=\"vc_row wpb_row vc_row-fluid\" ><div class=\"wpb_column vc_column_container vc_col-sm-12\"><div class=\"vc_column-inner\"><div class=\"wpb_wrapper\"><div class=\"vc_btn3-container vc_btn3-inline\" ><button class=\"vc_general vc_btn3 vc_btn3-size-md vc_btn3-shape-rounded vc_btn3-style-modern vc_btn3-color-green\">\u0110\u0102\u0323T B\u00c2Y GI\u1edc<\/button><\/div><\/div><\/div><\/div><\/div>","protected":false},"excerpt":{"rendered":"<p><span style=\"vertical-align: inherit;\"><span style=\"vertical-align: inherit;\">Viaje al Parque Nacional Los Haitises con un gu\u00eda tur\u00edstico local que se focusra en la observaci\u00f3n de aves + Cuevas. <\/span><span style=\"vertical-align: inherit;\">Visitando Los Cayos t\u1ea1i C\u00f4ng vi\u00ean qu\u1ed1c gia Los Haitises, Manglares, Vegetaci\u00f3n, Observaci\u00f3n de aves, Cuevas, Ch\u1eef t\u01b0\u1ee3ng h\u00ecnh v\u00e0 c\u00e1c khu v\u1ef1c l\u1ecbch s\u1eed c\u1ee7a Sabana de la Mar t\u1ea1i C\u00f4ng vi\u00ean qu\u1ed1c gia Los Haitises.<\/span><\/span><\/p>\n<p>&nbsp;<\/p>\n<p><em><strong><span style=\"vertical-align: inherit;\"><span style=\"vertical-align: inherit;\">Select la fecha para el tour\u00a0<\/span><\/span><\/strong><\/em><\/p>","protected":false},"featured_media":8195,"template":"","meta":[],"product_cat":[178,946,932,168,159,170,169,253,254,255],"product_tag":[586,237,582,584,628,236,583,625,626,630,629,585,171,624,209,627,614,239,238,175,186,199,240],"class_list":["post-8848","product","type-product","status-publish","has-post-thumbnail","hentry","product_cat-hiking","product_cat-1-sabana-de-la-mar","product_cat-birdwatching-los-haitises","product_cat-caves","product_cat-fees-entrace","product_cat-local-tour-guides","product_cat-mangroves","product_cat-tours-and-excursions","product_cat-tours-excursions-los-haitises-national-park","product_cat-tours-excursions-samana-bay-dominican-republic","product_tag-biding-sabana-de-la-mar","product_tag-birding","product_tag-birding-dominican-republic","product_tag-birding-in-los-haitises","product_tag-los-haitises-national-park-birding-tour-from-punta-cana","product_tag-birdwatching","product_tag-birdwatching-dominicana","product_tag-birdwtaching","product_tag-boat-tour-birding","product_tag-carretera-cano-hondo","product_tag-eco-lodge-paraiso-cano-hondo","product_tag-hire-a-guide-in-los-haitises","product_tag-los-haitises","product_tag-los-haitises-birding","product_tag-los-haitises-national-park","product_tag-los-haitises-national-park-cano-hondo","product_tag-los-haitises-samana","product_tag-nature","product_tag-ridgways-hawk","product_tag-sabana-de-la-mar","product_tag-samana","product_tag-samana-bay","product_tag-wildlife"],"_links":{"self":[{"href":"https:\/\/www.boattoursamana.com\/vi\/wp-json\/wp\/v2\/product\/8848","targetHints":{"allow":["GET"]}}],"collection":[{"href":"https:\/\/www.boattoursamana.com\/vi\/wp-json\/wp\/v2\/product"}],"about":[{"href":"https:\/\/www.boattoursamana.com\/vi\/wp-json\/wp\/v2\/types\/product"}],"wp:featuredmedia":[{"embeddable":true,"href":"https:\/\/www.boattoursamana.com\/vi\/wp-json\/wp\/v2\/media\/8195"}],"wp:attachment":[{"href":"https:\/\/www.boattoursamana.com\/vi\/wp-json\/wp\/v2\/media?parent=8848"}],"wp:term":[{"taxonomy":"product_cat","embeddable":true,"href":"https:\/\/www.boattoursamana.com\/vi\/wp-json\/wp\/v2\/product_cat?post=8848"},{"taxonomy":"product_tag","embeddable":true,"href":"https:\/\/www.boattoursamana.com\/vi\/wp-json\/wp\/v2\/product_tag?post=8848"}],"curies":[{"name":"wp","href":"https:\/\/api.w.org\/{rel}","templated":true}]}}