{"id":9228,"date":"2019-07-19T06:00:45","date_gmt":"2019-07-19T06:00:45","guid":{"rendered":"https:\/\/www.ticketswhales.com\/?post_type=product&#038;p=9228"},"modified":"2023-02-19T13:36:18","modified_gmt":"2023-02-19T13:36:18","slug":"cayo-levantado-whale-watching-from-samana-port-private-boat-tour","status":"publish","type":"product","link":"https:\/\/www.boattoursamana.com\/vi\/chuyen-du-lich\/cayo-levantado-ngam-ca-voi-tu-samana-cang-tour-thuyen-rieng","title":{"rendered":"Tour Ri\u00eang Ng\u1eafm C\u00e1 Voi Saman\u00e1 + Cayo Levantado (\u0110\u1ea3o Bacardi) t\u1eeb C\u1ea3ng Saman\u00e1"},"content":{"rendered":"<div class=\"vc_row wpb_row vc_row-fluid\" ><div class=\"wpb_column vc_column_container vc_col-sm-12\"><div class=\"vc_column-inner\"><div class=\"wpb_wrapper\"><div class=\"vc_empty_space\"   style=\"height: 32px\"><span class=\"vc_empty_space_inner\"><\/span><\/div><div class=\"mkdf-section-title-holder\" style=\"text-align: left\">\n\t<div class=\"mkdf-st-inner\">\n\t\t\t\t\t<h5 class=\"mkdf-st-subtitle\" >\n\t\t\t\tTour \u0110i Thuy\u1ec1n Ri\u00eang T\u1eeb C\u1ea3ng Saman\u00e1\t\t\t<\/h5>\n\t\t\t\t\t\t\t<h3 class=\"mkdf-st-title\" >\n\t\t\t\tSamana Cayo Levantado + Ng\u1eafm c\u00e1 voi\t\t\t<\/h3>\n\t\t\t\t\t<\/div>\n<\/div><div class=\"vc_message_box vc_message_box-standard vc_message_box-rounded vc_color-info\" ><div class=\"vc_message_box-icon\"><i class=\"fas fa-info-circle\"><\/i><\/div><p>\u0110\u00e2y l\u00e0 Tour ri\u00eang t\u1ed1i thi\u1ec3u 4 ng\u01b0\u1eddi. \u0110\u1ec3 \u0111\u1eb7t c\u00f9ng m\u1ed9t chuy\u1ebfn \u0111i trong nh\u00f3m Catamaran <a href=\"https:\/\/www.boattoursamana.com\/vi\/tours-excursions\/tours-and-excursions\/samana-coi-quanh-cayo-levantado\/\">B\u1ea5m v\u00e0o \u0111\u00e2y.<\/a><\/p>\n<p>N\u1ebfu b\u1ea1n c\u00f3 \u00edt h\u01a1n 4 ng\u01b0\u1eddi v\u00e0 mu\u1ed1n Li\u00ean h\u1ec7 ri\u00eang v\u1edbi ch\u00fang t\u00f4i.<\/p>\n<\/div><div class=\"vc_empty_space\"   style=\"height: 32px\"><span class=\"vc_empty_space_inner\"><\/span><\/div><\/div><\/div><\/div><\/div><div class=\"vc_row wpb_row vc_row-fluid\" ><div class=\"wpb_column vc_column_container vc_col-sm-12\"><div class=\"vc_column-inner\"><div class=\"wpb_wrapper\"><div class=\"vc_btn3-container vc_btn3-inline\" ><a class=\"vc_general vc_btn3 vc_btn3-size-md vc_btn3-shape-rounded vc_btn3-style-modern vc_btn3-color-green\" href=\"https:\/\/bookingadventures.tours\/booking.php?tour_id=ccd2fafcfb0614232b46b749871336cb\" title=\"\u0110\u0102\u0323T B\u00c2Y GI\u1edc\" rel=\"noopener\">\u0110\u0102\u0323T B\u00c2Y GI\u1edc<\/a><\/div>\n\t<div class=\"wpb_text_column wpb_content_element\" >\n\t\t<div class=\"wpb_wrapper\">\n\t\t\t<div class=\"vc_row wpb_row vc_row-fluid\">\n<div class=\"wpb_column vc_column_container vc_col-sm-12\">\n<div class=\"vc_column-inner\">\n<div class=\"wpb_wrapper\">\n<div class=\"wpb_text_column wpb_content_element\">\n<div class=\"wpb_wrapper\">\n<div class=\"vc_row wpb_row vc_row-fluid\">\n<div class=\"wpb_column vc_column_container vc_col-sm-12\">\n<div class=\"vc_column-inner\">\n<div class=\"wpb_wrapper\">\n<div class=\"wpb_text_column wpb_content_element\">\n<div class=\"wpb_wrapper\">\n<h4><b><i>T\u1ed5ng quan<img decoding=\"async\" class=\"emoji\" draggable=\"false\" src=\"https:\/\/s.w.org\/images\/core\/emoji\/12.0.0-1\/svg\/1f433.svg\" alt=\"\ud83d\udc33\" title=\"\"><\/i><\/b><\/h4>\n<p><strong>Tr\u00e1nh c\u00e1c nh\u00f3m kh\u00e1ch du l\u1ecbch l\u1edbn<\/strong>\u00a0v\u00e0 xem C\u00e1 voi c\u1ee7a b\u1ea1n \u1edf v\u1ecbnh Saman\u00e1 b\u1eaft \u0111\u1ea7u t\u1eeb c\u1ea3ng Saman\u00e1 tr\u00ean Thuy\u1ec1n ri\u00eang. Chuy\u1ebfn \u0111i n\u00e0y b\u1eaft \u0111\u1ea7u l\u00fac 9:00 s\u00e1ng v\u00e0 k\u1ebft th\u00fac l\u00fac 5:00 chi\u1ec1u. Nh\u01b0ng v\u00ec \u0111\u00e2y l\u00e0 chuy\u1ebfn \u0111i ri\u00eang n\u00ean b\u1ea1n c\u00f3 th\u1ec3 \u0111\u1eb7t th\u1eddi gian b\u1eaft \u0111\u1ea7u v\u00e0 k\u1ebft th\u00fac. G\u1eb7p nhau tr\u01b0\u1edbc t\u1ea1i V\u0103n ph\u00f2ng c\u1ee7a ch\u00fang t\u00f4i b\u00ean c\u1ea1nh Nh\u00e0 h\u00e0ng Ho\u00e0ng gia. Sau khi h\u1ee7y b\u1ecf Thuy\u1ec1n c\u1ee7a ch\u00fang t\u00f4i \u0111\u1ec3 th\u0103m C\u00e1 voi trong m\u00f4i tr\u01b0\u1eddng s\u1ed1ng c\u1ee7a ch\u00fang. Thuy\u1ec1n tr\u01b0\u1edfng c\u1ee7a ch\u00fang t\u00f4i \u0111\u01b0\u1ee3c \u0111\u00e0o t\u1ea1o \u0111\u1ec3 \u0111\u1ea3m b\u1ea3o r\u1eb1ng b\u1ea1n nh\u00ecn th\u1ea5y c\u00e1 voi.<\/p>\n<p>T\u1eeb 9:00 s\u00e1ng \u0111\u1ebfn 12:00 tr\u01b0a \u0110\u00e0i quan s\u00e1t ng\u1eafm c\u00e1 voi v\u00e0 Sau chuy\u1ebfn \u0111i ng\u1eafm c\u00e1 voi n\u00e0y, ch\u00fang t\u00f4i s\u1ebd gh\u00e9 th\u0103m \u0110\u1ea3o Bacardi \/ Cayo Levantado. T\u1ea1i \u0110\u1ea3o Bacardi, B\u1eefa tr\u01b0a T\u1ef1 ch\u1ecdn theo Phong c\u00e1ch Dominica \u0111i\u1ec3n h\u00ecnh s\u1ebd \u0111\u01b0\u1ee3c ph\u1ee5c v\u1ee5 (C\u01a1m, \u0110\u1eadu, C\u00e1, Salad\u2026). \u0102n tr\u01b0a xong b\u1ea1n \u0111\u01b0\u1ee3c t\u1eafm bi\u1ec3n \u0111\u1ebfn 16h30. Tour s\u1ebd k\u1ebft th\u00fac l\u00fac 5:00 chi\u1ec1u t\u1ea1i c\u00f9ng m\u1ed9t c\u1ea3ng m\u00e0 n\u00f3 s\u1ebd b\u1eaft \u0111\u1ea7u.<\/p>\n<p><strong>Ghi ch\u00fa:<\/strong>\u00a0Chuy\u1ebfn tham quan n\u00e0y l\u00e0 Ri\u00eang t\u01b0. (Ch\u1ec9 c\u00f3 b\u1ea1n v\u00e0 Gia \u0111\u00ecnh ho\u1eb7c b\u1ea1n b\u00e8 tr\u00ean t\u00e0u v\u1edbi Thuy\u1ec1n tr\u01b0\u1edfng v\u00e0 H\u01b0\u1edbng d\u1eabn vi\u00ean).<\/p>\n<ul>\n<li>Chuy\u1ebfn \u0111i xem c\u00e1 voi<\/li>\n<li>Ph\u00ed tham quan \u0111\u00e0i quan s\u00e1t<\/li>\n<li>Bao g\u1ed3m Buffet tr\u01b0a tr\u00ean b\u00e3i bi\u1ec3n<\/li>\n<li>chuy\u1ec3n thuy\u1ec1n<\/li>\n<li>Thuy\u1ec1n tr\u01b0\u1edfng cung c\u1ea5p h\u01b0\u1edbng d\u1eabn v\u00e0 gi\u00e1m s\u00e1t<\/li>\n<li>H\u01b0\u1edbng d\u1eabn vi\u00ean du l\u1ecbch<\/li>\n<\/ul>\n<p>&nbsp;<\/p>\n<h4><b>Bao g\u1ed3m &amp; Lo\u1ea1i tr\u1eeb<\/b><\/h4>\n<p>&nbsp;<\/p>\n<p><b>bao g\u1ed3m<\/b><\/p>\n<p>&nbsp;<\/p>\n<ol>\n<li>Buffet tr\u01b0a tr\u00ean b\u00e3i bi\u1ec3n<\/li>\n<li>H\u01b0\u1edbng d\u1eabn vi\u00ean du l\u1ecbch<\/li>\n<li>Catamaran ho\u1eb7c chuy\u1ebfn \u0111i thuy\u1ec1n<\/li>\n<li>T\u1ea5t c\u1ea3 c\u00e1c lo\u1ea1i thu\u1ebf, ph\u00ed v\u00e0 l\u1ec7 ph\u00ed x\u1eed l\u00fd<\/li>\n<li>Thu\u1ebf \u0111\u1ecba ph\u01b0\u01a1ng<\/li>\n<li>n\u01b0\u1edbc gi\u1ea3i kh\u00e1t<\/li>\n<\/ol>\n<p><b>lo\u1ea1i tr\u1eeb<\/b><\/p>\n<ol>\n<li>ti\u1ec1n th\u01b0\u1edfng<\/li>\n<li>chuy\u1ec3n xe<\/li>\n<li>\u0110\u1ed3 u\u1ed1ng c\u00f3 c\u1ed3n<\/li>\n<\/ol>\n<p>&nbsp;<\/p>\n<h4><em><strong>Kh\u1edfi h\u00e0nh &amp; Tr\u1edf v\u1ec1<\/strong><\/em><\/h4>\n<p>Kh\u00e1ch du l\u1ecbch s\u1ebd nh\u1eadn \u0111\u01b0\u1ee3c m\u1ed9t \u0111i\u1ec3m g\u1eb7p g\u1ee1 sau Quy tr\u00ecnh \u0111\u1eb7t ch\u1ed7. C\u00e1c chuy\u1ebfn tham quan b\u1eaft \u0111\u1ea7u v\u00e0 k\u1ebft th\u00fac t\u1ea1i c\u00e1c \u0111i\u1ec3m g\u1eb7p g\u1ee1 c\u1ee7a ch\u00fang t\u00f4i.<\/p>\n<p>&nbsp;<\/p>\n<h4><b><i>Mong \u0111\u1ee3i \u0111i\u1ec1u g\u00ec?<\/i><\/b><\/h4>\n<p>&nbsp;<\/p>\n<p><em><strong>Nh\u1eadn v\u00e9 c\u1ee7a b\u1ea1n<\/strong><\/em>\u00a0trong m\u1ed9t ng\u00e0y Tour ri\u00eang ng\u1eafm c\u00e1 voi \u1edf v\u1ecbnh Saman\u00e1 c\u1ed9ng v\u1edbi b\u1eefa tr\u01b0a tuy\u1ec7t v\u1eddi v\u00e0 th\u1eddi gian \u0111i bi\u1ec3n \u1edf \u0111\u1ea3o Bacardi.<\/p>\n<p>Daypass \u0111\u1ec3 xem c\u00e1 voi, \u0111\u01b0\u1ee3c t\u1ed5 ch\u1ee9c b\u1edfi \u201cBooking Adventures\u201d b\u1eaft \u0111\u1ea7u t\u1ea1i \u0111i\u1ec3m h\u1eb9n \u0111\u00e3 \u0111\u1eb7t v\u1edbi H\u01b0\u1edbng d\u1eabn vi\u00ean. \u0102n tr\u01b0a t\u1ea1i b\u00e3i bi\u1ec3n v\u00e0 b\u1ea1n c\u00f3 th\u1ec3 \u1edf l\u1ea1i bao l\u00e2u t\u00f9y th\u00edch \u0111\u1ec3 b\u01a1i l\u1ed9i xung quanh. N\u1ebfu b\u1ea1n l\u00e0 ng\u01b0\u1eddi thu\u1ea7n chay, ch\u00fang t\u00f4i c\u0169ng c\u00f3 th\u1ec3 \u0111\u1eb7t m\u1ed9t s\u1ed1 m\u00f3n \u0103n cho b\u1ea1n.<\/p>\n<p><strong>Th\u1eddi gian bi\u1ec3u:<\/strong><\/p>\n<p>8:45 s\u00e1ng \u2013 5:00 chi\u1ec1u<\/p>\n<p>&nbsp;<\/p>\n<h4><em><strong>B\u1ea1n n\u00ean mang theo nh\u1eefng g\u00ec?<\/strong><\/em><\/h4>\n<ul>\n<li>M\u00e1y \u1ea3nh<\/li>\n<li>ch\u1ed3i \u0111u\u1ed5i<\/li>\n<li>kem ch\u1ed1ng n\u1eafng<\/li>\n<li>m\u0169<\/li>\n<li>qu\u1ea7n tho\u1ea3i m\u00e1i<\/li>\n<li>Sandal \u0111i bi\u1ec3n<\/li>\n<li>\u0111\u1ed3 b\u01a1i<\/li>\n<li>Ti\u1ec1n m\u1eb7t cho qu\u00e0 l\u01b0u ni\u1ec7m<\/li>\n<\/ul>\n<p>&nbsp;<\/p>\n<h4><b><i>\u0110\u00f3n kh\u00e1ch s\u1ea1n<\/i><\/b><\/h4>\n<p>\u0110\u00f3n kh\u00e1ch s\u1ea1n kh\u00f4ng \u0111\u01b0\u1ee3c cung c\u1ea5p cho tour du l\u1ecbch n\u00e0y.<\/p>\n<p>&nbsp;<\/p>\n<p><b>Ghi ch\u00fa:<\/b>\u00a0n\u1ebfu b\u1ea1n \u0111\u1eb7t ch\u1ed7 trong v\u00f2ng 24 gi\u1edd k\u1ec3 t\u1eeb gi\u1edd kh\u1edfi h\u00e0nh chuy\u1ebfn tham quan\/Chuy\u1ebfn tham quan, ch\u00fang t\u00f4i c\u00f3 th\u1ec3 s\u1eafp x\u1ebfp d\u1ecbch v\u1ee5 \u0111\u00f3n kh\u00e1ch t\u1ea1i kh\u00e1ch s\u1ea1n v\u1edbi m\u1ed9t kho\u1ea3n ph\u1ee5 ph\u00ed. Sau khi giao d\u1ecbch mua c\u1ee7a b\u1ea1n ho\u00e0n t\u1ea5t, ch\u00fang t\u00f4i s\u1ebd g\u1eedi cho b\u1ea1n th\u00f4ng tin li\u00ean h\u1ec7 \u0111\u1ea7y \u0111\u1ee7 (s\u1ed1 \u0111i\u1ec7n tho\u1ea1i, \u0111\u1ecba ch\u1ec9 email, v.v.) \u0111\u1ec3 H\u01b0\u1edbng d\u1eabn vi\u00ean du l\u1ecbch \u0111\u1ecba ph\u01b0\u01a1ng c\u1ee7a ch\u00fang t\u00f4i s\u1eafp x\u1ebfp vi\u1ec7c \u0111\u00f3n kh\u00e1ch.<\/p>\n<h4><b><i>X\u00e1c nh\u1eadn th\u00f4ng tin b\u1ed5 sung<\/i><\/b><\/h4>\n<ol>\n<li>V\u00e9 l\u00e0 Bi\u00ean lai sau khi thanh to\u00e1n Tour n\u00e0y. B\u1ea1n c\u00f3 th\u1ec3 hi\u1ec3n th\u1ecb thanh to\u00e1n tr\u00ean \u0111i\u1ec7n tho\u1ea1i c\u1ee7a m\u00ecnh.<\/li>\n<li>\u0110i\u1ec3m h\u1eb9n s\u1ebd nh\u1eadn \u0111\u01b0\u1ee3c sau qu\u00e1 tr\u00ecnh \u0111\u1eb7t ch\u1ed7.<\/li>\n<li>Tr\u1ebb em ph\u1ea3i \u0111i c\u00f9ng ng\u01b0\u1eddi l\u1edbn.<\/li>\n<li>Xe l\u0103n cho ng\u01b0\u1eddi khuy\u1ebft<\/li>\n<li>Tr\u1ebb s\u01a1 sinh ph\u1ea3i ng\u1ed3i tr\u00ean \u0111\u00f9i<\/li>\n<li>H\u1ea7u h\u1ebft du kh\u00e1ch c\u00f3 th\u1ec3 tham gia<\/li>\n<\/ol>\n<h4><b><i>Ch\u00ednh s\u00e1ch h\u1ee7y<\/i><\/b><\/h4>\n<p><span style=\"font-weight: 400;\">\u0110\u1ec3 \u0111\u01b0\u1ee3c ho\u00e0n ti\u1ec1n \u0111\u1ea7y \u0111\u1ee7, vui l\u00f2ng \u0111\u1ecdc ch\u00ednh s\u00e1ch H\u1ee7y c\u1ee7a ch\u00fang t\u00f4i\u00a0<a href=\"https:\/\/www.boattoursamana.com\/vi\/dat-phong-truc-tuyen\/\" target=\"_blank\" rel=\"noopener\" data-saferedirecturl=\"https:\/\/www.google.com\/url?q=https:\/\/www.boattoursamana.com\/online-booking\/&amp;source=gmail&amp;ust=1672449202351000&amp;usg=AOvVaw1yAeVAPktmaVCqDujgUn90\">B\u1ea5m v\u00e0o \u0111\u00e2y<\/a>. Ti\u1ec1n s\u1ebd b\u1ecb m\u1ea5t n\u1ebfu \u0111\u1eb7t ch\u1ed7 b\u1ecb h\u1ee7y trong c\u00f9ng ng\u00e0y c\u1ee7a chuy\u1ebfn \u0111i.<\/span><\/p>\n<\/div>\n<\/div>\n<\/div>\n<\/div>\n<\/div>\n<\/div>\n<\/div>\n<\/div>\n<\/div>\n<\/div>\n<\/div>\n<\/div>\n<div class=\"vc_row wpb_row vc_row-fluid\">\n<div class=\"wpb_column vc_column_container vc_col-sm-12\">\n<div class=\"vc_column-inner\">\n<div class=\"wpb_wrapper\">\n<div class=\"vc_empty_space\"><\/div>\n<div class=\"wpb_text_column wpb_content_element\">\n<div class=\"wpb_wrapper\">\n<h4>Li\u00ean h\u1ec7 ch\u00fang t\u00f4i?<\/h4>\n<h5><b><i>DU L\u1ecaCH C\u00c1 V\u00c0NG SAMANA<\/i><\/b><\/h5>\n<p><em><strong>ng\u01b0\u1eddi d\u00e2n \u0111\u1ecba ph\u01b0\u01a1ng<\/strong>\u00a0v\u00e0\u00a0<strong>c\u00f4ng d\u00e2n<\/strong>\u00a0H\u01b0\u1edbng d\u1eabn vi\u00ean du l\u1ecbch &amp; D\u1ecbch v\u1ee5 kh\u00e1ch<\/em><\/p>\n<p><span class=\"text-turquoise\">\u0111\u1eb7t ph\u00f2ng:<\/span>\u00a0Chuy\u1ebfn tham quan &amp; du ngo\u1ea1n t\u1ea1i Dom. Tr\u1ea3 l\u1eddi.<\/p>\n<p><img decoding=\"async\" class=\"emoji\" draggable=\"false\" src=\"https:\/\/s.w.org\/images\/core\/emoji\/11.2.0\/svg\/1f4de.svg\" alt=\"\ud83d\udcde\" title=\"\">\u00a0\u0110i\u1ec7n tho\u1ea1i \/ Whatsapp\u00a0\u00a0<a href=\"tel:+1-809-720-6035\">+1-809-720-6035<\/a>.<\/p>\n<p><img decoding=\"async\" class=\"emoji\" draggable=\"false\" src=\"https:\/\/s.w.org\/images\/core\/emoji\/11.2.0\/svg\/1f4e9.svg\" alt=\"\ud83d\udce9\" title=\"\">\u00a0<a href=\"mailto:info@bookingadventures.com.do\">info@bookingadventures.com.do<\/a><\/p>\n<p><strong>Ch\u00fang t\u00f4i \u0111ang thi\u1ebft l\u1eadp linh ho\u1ea1t c\u00e1c chuy\u1ebfn tham quan ri\u00eang t\u01b0 b\u1eb1ng Whatsapp:\u00a0<a href=\"tel:+18097206035\">+18097206035.<\/a><\/strong><\/p>\n<\/div>\n<\/div>\n<\/div>\n<\/div>\n<\/div>\n<\/div>\n\n\t\t<\/div>\n\t<\/div>\n<div class=\"vc_btn3-container vc_btn3-inline\" ><a class=\"vc_general vc_btn3 vc_btn3-size-md vc_btn3-shape-rounded vc_btn3-style-modern vc_btn3-color-green\" href=\"https:\/\/bookingadventures.tours\/booking.php?tour_id=ccd2fafcfb0614232b46b749871336cb\" title=\"\u0110\u0102\u0323T B\u00c2Y GI\u1edc\" rel=\"noopener\">\u0110\u0102\u0323T B\u00c2Y GI\u1edc<\/a><\/div><\/div><\/div><\/div><\/div>","protected":false},"excerpt":{"rendered":"<p>Chuy\u1ebfn \u0111i xem c\u00e1 voi ri\u00eang \u1edf v\u1ecbnh Samana, C\u1ed9ng h\u00f2a Dominica v\u1edbi H\u01b0\u1edbng d\u1eabn vi\u00ean du l\u1ecbch ng\u01b0\u1eddi d\u00e2n \u0111\u1ecba ph\u01b0\u01a1ng. Vui l\u00f2ng \u0111\u1eb7t th\u1eddi gian c\u1ee7a b\u1ea1n \u0111\u1ec3 \u0111\u1ebfn ho\u1eb7c k\u1ebft th\u00fac Chuy\u1ebfn tham quan. B\u1eefa tr\u01b0a v\u00e0 th\u1eddi gian do b\u1ea1n t\u1ef1 \u0111\u1eb7t. \u0110\u1eb7t ngay chuy\u1ebfn tham quan n\u00e0y \u1edf v\u1ecbnh Samana \u0111\u1ec3 c\u00f3 tr\u1ea3i nghi\u1ec7m chuy\u1ebfn \u0111i ng\u1eafm c\u00e1 voi tuy\u1ec7t v\u1eddi.<\/p>\n<p>L\u01b0u \u00fd: Chuy\u1ebfn tham quan n\u00e0y l\u00e0 Chuy\u1ebfn tham quan ri\u00eang v\u1edbi Kho\u1ea3n thanh to\u00e1n t\u1ed1i thi\u1ec3u. \u0110\u1ec3 tham gia m\u1ed9t nh\u00f3m \u0111\u1ec3 xem c\u00e1 voi v\u1edbi c\u00f9ng m\u1ee9c gi\u00e1 \u1edf Catamaran, vui l\u00f2ng\u00a0 <a href=\"https:\/\/www.boattoursamana.com\/vi\/tours-excursions\/tours-and-excursions\/samana-coi-quanh-cayo-levantado\/\">B\u1ea4M V\u00c0O \u0110\u00c2Y.<\/a><\/p>\n<p>&nbsp;<\/p>\n<p><em><strong>Vui l\u00f2ng ch\u1ecdn ng\u00e0y cho chuy\u1ebfn tham quan:<\/strong><\/em><\/p>","protected":false},"featured_media":12061,"template":"","meta":[],"product_cat":[255,655,942,273],"product_tag":[184,328,327,187,604,342,648,276,605,529,274],"class_list":["post-9228","product","type-product","status-publish","has-post-thumbnail","hentry","product_cat-tours-excursions-samana-bay-dominican-republic","product_cat-1-samana","product_cat-whale-watching-private-tours","product_cat-whale-watching-samana","product_tag-bacardi-island","product_tag-cayo-levantado-day-pass","product_tag-private-tours-samana","product_tag-samana-tours","product_tag-samana-whale","product_tag-samana-whale-watching","product_tag-samana-whale-watching-excursions","product_tag-whale-samana","product_tag-whale-watching","product_tag-whale-watching-2020","product_tag-whale-watching-dominican-republic"],"_links":{"self":[{"href":"https:\/\/www.boattoursamana.com\/vi\/wp-json\/wp\/v2\/product\/9228","targetHints":{"allow":["GET"]}}],"collection":[{"href":"https:\/\/www.boattoursamana.com\/vi\/wp-json\/wp\/v2\/product"}],"about":[{"href":"https:\/\/www.boattoursamana.com\/vi\/wp-json\/wp\/v2\/types\/product"}],"wp:featuredmedia":[{"embeddable":true,"href":"https:\/\/www.boattoursamana.com\/vi\/wp-json\/wp\/v2\/media\/12061"}],"wp:attachment":[{"href":"https:\/\/www.boattoursamana.com\/vi\/wp-json\/wp\/v2\/media?parent=9228"}],"wp:term":[{"taxonomy":"product_cat","embeddable":true,"href":"https:\/\/www.boattoursamana.com\/vi\/wp-json\/wp\/v2\/product_cat?post=9228"},{"taxonomy":"product_tag","embeddable":true,"href":"https:\/\/www.boattoursamana.com\/vi\/wp-json\/wp\/v2\/product_tag?post=9228"}],"curies":[{"name":"wp","href":"https:\/\/api.w.org\/{rel}","templated":true}]}}