{"id":9250,"date":"2019-08-08T07:44:23","date_gmt":"2019-08-08T07:44:23","guid":{"rendered":"https:\/\/www.ticketswhales.com\/?post_type=product&#038;p=9250"},"modified":"2023-03-21T10:45:59","modified_gmt":"2023-03-21T10:45:59","slug":"los-haitises-tour-from-santo-domingo-samana-or-sabana-de-la-mar-full-day-trip","status":"publish","type":"product","link":"https:\/\/www.boattoursamana.com\/vi\/chuyen-du-lich\/los-haitises-tour-tu-santo-domingo-samana-or-sabana-de-la-mar-chuyen-di-ca-ngay-2","title":{"rendered":"Chuy\u1ebfn tham quan Los Haitises t\u1eeb Santo Domingo, Saman\u00e1 ho\u1eb7c Sabana de la Mar. Chuy\u1ebfn \u0111i c\u1ea3 ng\u00e0y."},"content":{"rendered":"<div class=\"vc_row wpb_row vc_row-fluid\" ><div class=\"wpb_column vc_column_container vc_col-sm-12\"><div class=\"vc_column-inner\"><div class=\"wpb_wrapper\"><div class=\"mkdf-section-title-holder\" style=\"text-align: left\">\n\t<div class=\"mkdf-st-inner\">\n\t\t\t\t\t<h5 class=\"mkdf-st-subtitle\" >\n\t\t\t\tBao g\u1ed3m ph\u01b0\u01a1ng ti\u1ec7n di chuy\u1ec3n &amp; b\u1eefa tr\u01b0a\t\t\t<\/h5>\n\t\t\t\t\t\t\t<h3 class=\"mkdf-st-title\" >\n\t\t\t\tTham quan C\u00f4ng vi\u00ean Qu\u1ed1c gia Los Haitises t\u1eeb Santo domingo. chuy\u1ebfn \u0111i c\u1ea3 ng\u00e0y.\t\t\t<\/h3>\n\t\t\t\t\t<\/div>\n<\/div><\/div><\/div><\/div><\/div><div class=\"vc_row wpb_row vc_row-fluid\" ><div class=\"wpb_column vc_column_container vc_col-sm-12\"><div class=\"vc_column-inner\"><div class=\"wpb_wrapper\"><div class=\"vc_btn3-container vc_btn3-inline\" ><button class=\"vc_general vc_btn3 vc_btn3-size-md vc_btn3-shape-rounded vc_btn3-style-modern vc_btn3-color-green\">\u0110\u0102\u0323T B\u00c2Y GI\u1edc<\/button><\/div>\n\t<div class=\"wpb_text_column wpb_content_element\" >\n\t\t<div class=\"wpb_wrapper\">\n\t\t\t<h3><\/h3>\n<h4><b><i>T\u1ed5ng quan <\/i><\/b><\/h4>\n<p>Tham quan C\u00f4ng vi\u00ean Qu\u1ed1c gia Los Haitises t\u1eeb Santo Domingo. Chuy\u1ebfn \u0111i c\u1ea3 ng\u00e0y. B\u1eaft \u0111\u1ea7u t\u1eeb kh\u00e1ch s\u1ea1n c\u1ee7a b\u1ea1n t\u1ea1i Santo Domingo, Boca Chica ho\u1eb7c Juan Dolio. Ch\u00fang t\u00f4i s\u1ebd l\u00e1i xe \u0111\u1ebfn v\u1ecbnh Samana, n\u01a1i Thuy\u1ec1n ho\u1eb7c Catamaran s\u1ebd \u0111\u01b0a ch\u00fang t\u00f4i \u0111\u1ebfn C\u00f4ng vi\u00ean Qu\u1ed1c gia Los Haitises. Tham quan R\u1eebng ng\u1eadp m\u1eb7n, Hang \u0111\u1ed9ng, Ch\u1eef t\u01b0\u1ee3ng h\u00ecnh v\u00e0 t\u1ea5t c\u1ea3 nh\u1eefng g\u00ec \u0111\u1eb9p nh\u1ea5t c\u1ee7a c\u00f4ng vi\u00ean qu\u1ed1c gia Los Haitises v\u1edbi h\u01b0\u1edbng d\u1eabn vi\u00ean du l\u1ecbch \u0111\u1ecba ph\u01b0\u01a1ng.<\/p>\n<p>Sau tr\u1ea3i nghi\u1ec7m n\u00e0y, b\u1ea1n s\u1ebd quay l\u1ea1i Santo Domingo n\u01a1i ch\u00fang t\u00f4i \u0111\u00f3n b\u1ea1n.<\/p>\n<ul>\n<li style=\"font-weight: 400;\">\u0110\u00e3 bao g\u1ed3m ph\u00ed<\/li>\n<li>B\u1eefa tr\u01b0a<\/li>\n<li>\u0110\u1ed3 \u0103n nh\u1eb9<\/li>\n<li style=\"font-weight: 400;\">H\u01b0\u1edbng d\u1eabn vi\u00ean \u0111\u1ecba ph\u01b0\u01a1ng b\u1eb1ng ti\u1ebfng Anh ho\u1eb7c ti\u1ebfng Ph\u00e1p<\/li>\n<li>V\u1eadn chuy\u1ec3n<\/li>\n<li>\u0110i thuy\u1ec1n<\/li>\n<\/ul>\n<p>&nbsp;<\/p>\n<h4><b>Bao g\u1ed3m &amp; Lo\u1ea1i tr\u1eeb<\/b><\/h4>\n<p>&nbsp;<\/p>\n<p><b>bao g\u1ed3m<\/b><\/p>\n<ol>\n<li style=\"font-weight: 400;\">Tham quan Los Haitises + Hang \u0111\u1ed9ng v\u00e0 Ch\u1eef t\u01b0\u1ee3ng h\u00ecnh<\/li>\n<li>B\u1eefa tr\u01b0a<\/li>\n<li style=\"font-weight: 400;\"><span style=\"font-weight: 400;\">T\u1ea5t c\u1ea3 c\u00e1c lo\u1ea1i thu\u1ebf, ph\u00ed v\u00e0 l\u1ec7 ph\u00ed x\u1eed l\u00fd<\/span><\/li>\n<li style=\"font-weight: 400;\"><span style=\"font-weight: 400;\">Thu\u1ebf \u0111\u1ecba ph\u01b0\u01a1ng<\/span><\/li>\n<li style=\"font-weight: 400;\"><span style=\"font-weight: 400;\">n\u01b0\u1edbc gi\u1ea3i kh\u00e1t<\/span><\/li>\n<li>\u0110\u1ed3 \u0103n nh\u1eb9<\/li>\n<li style=\"font-weight: 400;\"><span style=\"font-weight: 400;\">T\u1ea5t c\u1ea3 c\u00e1c ho\u1ea1t \u0111\u1ed9ng<\/span><\/li>\n<li style=\"font-weight: 400;\"><span style=\"font-weight: 400;\">H\u01b0\u1edbng d\u1eabn \u0111\u1ecba ph\u01b0\u01a1ng<\/span><\/li>\n<\/ol>\n<p><b> lo\u1ea1i tr\u1eeb<\/b><\/p>\n<ol>\n<li style=\"font-weight: 400;\"><span style=\"font-weight: 400;\">ti\u1ec1n th\u01b0\u1edfng<\/span><\/li>\n<li style=\"font-weight: 400;\"><span style=\"font-weight: 400;\">\u0110\u1ed3 u\u1ed1ng c\u00f3 c\u1ed3n<\/span><\/li>\n<\/ol>\n<h4><strong>Ri\u00eang t\u01b0 <em>Du l\u1ecbch &amp; Tham quan <\/em>Gi\u00e1 t\u1eeb Santo Domingo:<\/strong><\/h4>\n<p><strong><em>*Tr\u1ebb em t\u1eeb 10 tu\u1ed5i tr\u1edf xu\u1ed1ng \u0111\u01b0\u1ee3c \u0111i mi\u1ec5n ph\u00ed. (t\u1ed1i thi\u1ec3u 2 ng\u01b0\u1eddi l\u1edbn)<br \/>\n<\/em><\/strong><\/p>\n<ul>\n<li><strong><em>Chuy\u1ebfn tham quan &amp; Tham quan ri\u00eang cho 2 ng\u01b0\u1eddi: $210 USD m\u1ed7i ng\u01b0\u1eddi<\/em><\/strong><strong><em><br \/>\n<\/em><\/strong><\/li>\n<li><strong><em>Chuy\u1ebfn tham quan &amp; Tham quan ri\u00eang cho 3 ng\u01b0\u1eddi: $160 USD m\u1ed7i ng\u01b0\u1eddi<\/em><\/strong><\/li>\n<li><strong><em>Chuy\u1ebfn tham quan &amp; Tham quan ri\u00eang cho 4 ng\u01b0\u1eddi: $130 USD m\u1ed7i ng\u01b0\u1eddi<\/em><\/strong><\/li>\n<li><strong><em>Chuy\u1ebfn tham quan &amp; Tham quan ri\u00eang cho 5 ng\u01b0\u1eddi: $105 USD m\u1ed7i ng\u01b0\u1eddi<\/em><\/strong><\/li>\n<li><strong><em>Chuy\u1ebfn tham quan &amp; Tham quan ri\u00eang cho 6 ng\u01b0\u1eddi: $100 USD m\u1ed7i ng\u01b0\u1eddi<\/em><\/strong><\/li>\n<li><strong><em>Chuy\u1ebfn tham quan &amp; tham quan ri\u00eang cho 7 ng\u01b0\u1eddi: $90 USD m\u1ed7i ng\u01b0\u1eddi<\/em><\/strong><\/li>\n<li><strong><em>Chuy\u1ebfn tham quan &amp; Tham quan ri\u00eang cho 8 ng\u01b0\u1eddi: $80 USD m\u1ed7i ng\u01b0\u1eddi<\/em><\/strong><\/li>\n<li><strong><em>9 ng\u01b0\u1eddi tr\u1edf l\u00ean Tham quan &amp; Tham quan: <a href=\"https:\/\/www.boattoursamana.com\/vi\/lien-he-chung-toi\/\">Li\u00ean h\u1ec7 ch\u00fang t\u00f4i<\/a><\/em><\/strong><\/li>\n<\/ul>\n<p><strong><em>* Chuy\u1ebfn tham quan b\u1eaft \u0111\u1ea7u v\u00e0o th\u1eddi \u0111i\u1ec3m b\u1ea1n \u0111\u00e3 \u0111\u1eb7t\u00a0\u00a0<\/em><\/strong><\/p>\n<h4><em><strong>Kh\u1edfi h\u00e0nh &amp; Tr\u1edf v\u1ec1<\/strong><\/em><\/h4>\n<p><span style=\"font-weight: 400;\">Kh\u00e1ch du l\u1ecbch s\u1ebd nh\u1eadn \u0111\u01b0\u1ee3c m\u1ed9t \u0111i\u1ec3m g\u1eb7p g\u1ee1 sau Quy tr\u00ecnh \u0111\u1eb7t ch\u1ed7. C\u00e1c chuy\u1ebfn tham quan b\u1eaft \u0111\u1ea7u v\u00e0 k\u1ebft th\u00fac t\u1ea1i c\u00e1c \u0111i\u1ec3m g\u1eb7p g\u1ee1 c\u1ee7a b\u1ea1n.<\/span><\/p>\n<h4><\/h4>\n<h4><\/h4>\n<h3>V\u01b0\u1eddn qu\u1ed1c gia Los Haitises t\u1eeb Santo Domingo<\/h3>\n<h4><b><i>Mong \u0111\u1ee3i \u0111i\u1ec1u g\u00ec?<\/i><\/b><\/h4>\n<p><em><strong>Nh\u1eadn v\u00e9 c\u1ee7a b\u1ea1n<\/strong><\/em> \u0111\u1ec3 tham quan C\u00f4ng vi\u00ean Qu\u1ed1c gia Los Haitises Tour t\u1eeb Santo Domingo. Chuy\u1ebfn \u0111i c\u1ea3 ng\u00e0y. B\u1eaft \u0111\u1ea7u t\u1eeb Santo Domingo trong m\u1ed9t chuy\u1ebfn chuy\u1ec3n ti\u1ebfp d\u1ec5 d\u00e0ng \u0111\u1ebfn v\u1ecbnh Saman\u00e1. v\u1eadn chuy\u1ec3n \u0111\u1ebfn c\u1ea3ng \u0111\u1ec3 l\u00ean Thuy\u1ec1n ho\u1eb7c catamaran v\u1edbi H\u01b0\u1edbng d\u1eabn vi\u00ean du l\u1ecbch \u0111\u1ecba ph\u01b0\u01a1ng, ch\u00fang t\u00f4i gh\u00e9 th\u0103m Los Haitises, ph\u00eda Sabana de la Mar \u0111\u1ec3 th\u0103m m\u1ed9t trong nh\u1eefng c\u00f4ng vi\u00ean qu\u1ed1c gia \u0111\u1eb9p nh\u1ea5t c\u1ee7a C\u1ed9ng h\u00f2a Dominica. <strong>m\u1ea5t<em>\u00a0V\u01b0\u1eddn qu\u1ed1c gia Haitises<\/em>.<\/strong><\/p>\n<p>Chuy\u1ebfn tham quan do \u201cBooking Adventures\u201d t\u1ed5 ch\u1ee9c b\u1eaft \u0111\u1ea7u t\u1ea1i \u0111i\u1ec3m h\u1eb9n \u0111\u00e3 \u0111\u1eb7t v\u1edbi H\u01b0\u1edbng d\u1eabn vi\u00ean. H\u00e3y \u0111\u1ebfn v\u1edbi Booking Adventures v\u00e0 b\u1eaft \u0111\u1ea7u kh\u00e1m ph\u00e1 m\u1ed9t s\u1ed1 khu r\u1eebng ng\u1eadp m\u1eb7n \u0111\u1ea7y chim, nh\u1eefng ng\u1ecdn \u0111\u1ed3i thoai tho\u1ea3i v\u1edbi th\u1ea3m th\u1ef1c v\u1eadt t\u01b0\u01a1i t\u1ed1t v\u00e0 hang \u0111\u1ed9ng c\u1ee7a <em><strong>V\u01b0\u1eddn qu\u1ed1c gia Los Haitises<\/strong><\/em>. Tham quan \u0110\u1ea3o v\u1edbi c\u00e1c lo\u00e0i chim xung quanh. V\u00e0o m\u00f9a l\u00e0m t\u1ed5, ch\u00fang ta th\u1eadm ch\u00ed c\u00f3 th\u1ec3 nh\u00ecn th\u1ea5y nh\u1eefng ch\u00fa chim non Pelecanos tr\u00ean t\u1ed5. Kh\u00e1m ph\u00e1 s\u00e2u h\u01a1n b\u00ean trong Qu\u1ea7n \u0111\u1ea3o Rocky v\u00e0 tham quan Hang \u0111\u1ed9ng v\u1edbi c\u00e1c b\u1ee9c tranh v\u00e0 tranh kh\u1eafc \u0111\u00e1 c\u1ee7a ng\u01b0\u1eddi b\u1ea3n \u0111\u1ecba.<\/p>\n<p>B\u0103ng qua r\u1eebng ng\u1eadp m\u1eb7n v\u00e0 \u0110\u1ea5t li\u1ec1n t\u1ea1i V\u1ecbnh San Lorenzo r\u1ed9ng m\u1edf, Sabana de la Mar t\u1eeb \u0111\u00f3 b\u1ea1n c\u00f3 th\u1ec3 ch\u1ee5p \u1ea3nh phong c\u1ea3nh r\u1eebng r\u1eadm. Nh\u00ecn xu\u1ed1ng n\u01b0\u1edbc \u0111\u1ec3 ph\u00e1t hi\u1ec7n <em><strong>l\u1ee3n bi\u1ec3n<\/strong><\/em>, gi\u00e1p x\u00e1c v\u00e0 <em><strong>c\u00e1 heo.<\/strong><\/em><\/p>\n<div class=\"body-description secondary\">\n<p>T\u00ean c\u1ee7a c\u00f4ng vi\u00ean qu\u1ed1c gia b\u1eaft ngu\u1ed3n t\u1eeb c\u01b0 d\u00e2n ban \u0111\u1ea7u c\u1ee7a n\u00f3, ng\u01b0\u1eddi da \u0111\u1ecf Taino. Trong ng\u00f4n ng\u1eef c\u1ee7a h\u1ecd, \u201cHaitises\u201d c\u00f3 ngh\u0129a l\u00e0 cao nguy\u00ean ho\u1eb7c \u0110\u1ed3i, \u00e1m ch\u1ec9 \u0111\u1ebfn s\u1ef1 h\u00ecnh th\u00e0nh \u0111\u1ecba ch\u1ea5t d\u1ed1c c\u1ee7a b\u1edd bi\u1ec3n v\u1edbi \u0110\u00e1 v\u00f4i. Phi\u00eau l\u01b0u s\u00e2u h\u01a1n v\u00e0o c\u00f4ng vi\u00ean \u0111\u1ec3 kh\u00e1m ph\u00e1 c\u00e1c hang \u0111\u1ed9ng nh\u01b0 Cueva San Gabriel, <em><strong>\u0110\u1ea5u tr\u01b0\u1eddng Cueva de la, <\/strong><\/em>v\u00e0 <strong><em>Cueva de la L\u00ednea.<\/em><\/strong><\/p>\n<p>Nh\u1eefng hang \u0111\u1ed9ng n\u00e0y trong khu b\u1ea3o t\u1ed3n \u0111\u00e3 \u0111\u01b0\u1ee3c ng\u01b0\u1eddi da \u0111\u1ecf Taino s\u1eed d\u1ee5ng l\u00e0m n\u01a1i tr\u00fa \u1ea9n v\u00e0 sau \u0111\u00f3 l\u00e0 n\u01a1i \u1ea9n n\u00e1u c\u1ee7a nh\u1eefng t\u00ean c\u01b0\u1edbp bi\u1ec3n. H\u00e3y t\u00ecm nh\u1eefng b\u1ee9c v\u1ebd c\u1ee7a ng\u01b0\u1eddi \u1ea4n \u0110\u1ed9 trang tr\u00ed m\u1ed9t s\u1ed1 b\u1ee9c t\u01b0\u1eddng. Sau khi tham quan V\u01b0\u1eddn qu\u1ed1c gia Los Haitises, ch\u00fang t\u00f4i s\u1ebd quay tr\u1edf l\u1ea1i Samana ho\u1eb7c Sabana de la mar \u0111\u1ec3 \u0103n tr\u01b0a.<\/p>\n<p>Ch\u00fang t\u00f4i s\u1ebd c\u00f3 m\u1ed9t b\u1eefa \u0103n tr\u01b0a \u0111i\u1ec3n h\u00ecnh, N\u1ebfu b\u1ea1n l\u00e0 ng\u01b0\u1eddi thu\u1ea7n chay, \u0111\u1eebng lo l\u1eafng, ch\u00fang t\u00f4i c\u0169ng c\u00f3 th\u1ee9c \u0103n cho b\u1ea1n!<\/p>\n<p>Sau b\u1eefa tr\u01b0a, ch\u00fang t\u00f4i quay tr\u1edf l\u1ea1i Santo Domingo!!<\/p>\n<\/div>\n<p>Trong tr\u01b0\u1eddng h\u1ee3p b\u1ea1n mu\u1ed1n chuy\u1ebfn \u0111i n\u00e0y d\u00e0i h\u01a1n ho\u1eb7c ng\u1eafn h\u01a1n, ch\u00fang t\u00f4i c\u00f3 c\u00e1c t\u00f9y ch\u1ecdn sau:<\/p>\n<ol>\n<li><a href=\"https:\/\/www.boattoursamana.com\/vi\/chuyen-du-lich\/the-haitises-national-park-tour-from-samana-port\/\">Ch\u1ec9 c\u1ea7n Los Haitises t\u1eeb c\u1ea3ng Saman\u00e1.<\/a><\/li>\n<li><a href=\"https:\/\/www.boattoursamana.com\/vi\/chuyen-du-lich\/los-haitises-national-park-lunch-at-cano-hondo-tu-samana-port-2\/\">Los Haitises + Ca\u00f1o Hondo t\u1eeb C\u1ea3ng Saman\u00e1.<\/a><\/li>\n<\/ol>\n<p>&nbsp;<\/p>\n<h4><em><strong>B\u1ea1n n\u00ean mang theo nh\u1eefng g\u00ec?<\/strong><\/em><\/h4>\n<ul>\n<li style=\"font-weight: 400;\"><span style=\"font-weight: 400;\">M\u00e1y \u1ea3nh<\/span><\/li>\n<li style=\"font-weight: 400;\"><span style=\"font-weight: 400;\">ch\u1ed3i \u0111u\u1ed5i<\/span><\/li>\n<li style=\"font-weight: 400;\"><span style=\"font-weight: 400;\">Kem ch\u1ed1ng n\u1eafng<\/span><\/li>\n<li style=\"font-weight: 400;\"><span style=\"font-weight: 400;\">m\u0169<\/span><\/li>\n<li style=\"font-weight: 400;\"><span style=\"font-weight: 400;\">qu\u1ea7n tho\u1ea3i m\u00e1i<\/span><\/li>\n<li style=\"font-weight: 400;\"><span style=\"font-weight: 400;\">Gi\u00e0y leo n\u00fai \u0111i r\u1eebng<\/span><\/li>\n<li style=\"font-weight: 400;\"><span style=\"font-weight: 400;\">D\u00e9p \u0111i c\u00e1c mi\u1ec1n Xu\u00e2n.<\/span><\/li>\n<li style=\"font-weight: 400;\"><span style=\"font-weight: 400;\">\u0111\u1ed3 b\u01a1i<\/span><\/li>\n<\/ul>\n<p>&nbsp;<\/p>\n<h4><b><i>\u0110\u00f3n kh\u00e1ch s\u1ea1n <\/i><\/b><\/h4>\n<p><span style=\"font-weight: 400;\">\u0110\u00f3n kh\u00e1ch s\u1ea1n kh\u00f4ng \u0111\u01b0\u1ee3c cung c\u1ea5p cho tour du l\u1ecbch n\u00e0y. <\/span><\/p>\n<p>&nbsp;<\/p>\n<p><b>Ghi ch\u00fa:<\/b><span style=\"font-weight: 400;\"> N\u1ebfu b\u1ea1n \u0111\u1eb7t ch\u1ed7 trong v\u00f2ng 24 gi\u1edd tr\u01b0\u1edbc gi\u1edd kh\u1edfi h\u00e0nh c\u1ee7a chuy\u1ebfn tham quan\/Chuy\u1ebfn tham quan, ch\u00fang t\u00f4i c\u00f3 th\u1ec3 s\u1eafp x\u1ebfp d\u1ecbch v\u1ee5 \u0111\u00f3n kh\u00e1ch t\u1ea1i kh\u00e1ch s\u1ea1n v\u1edbi m\u1ed9t kho\u1ea3n ph\u1ee5 ph\u00ed. Sau khi giao d\u1ecbch mua c\u1ee7a b\u1ea1n ho\u00e0n t\u1ea5t, ch\u00fang t\u00f4i s\u1ebd g\u1eedi cho b\u1ea1n th\u00f4ng tin li\u00ean h\u1ec7 \u0111\u1ea7y \u0111\u1ee7 (s\u1ed1 \u0111i\u1ec7n tho\u1ea1i, \u0111\u1ecba ch\u1ec9 email, v.v.) \u0111\u1ec3 H\u01b0\u1edbng d\u1eabn vi\u00ean du l\u1ecbch \u0111\u1ecba ph\u01b0\u01a1ng c\u1ee7a ch\u00fang t\u00f4i s\u1eafp x\u1ebfp vi\u1ec7c \u0111\u00f3n kh\u00e1ch.<\/span><\/p>\n<h4><b><i>X\u00e1c nh\u1eadn th\u00f4ng tin b\u1ed5 sung <\/i><\/b><\/h4>\n<ol>\n<li>V\u00e9 l\u00e0 Bi\u00ean lai sau khi thanh to\u00e1n Tour n\u00e0y. B\u1ea1n c\u00f3 th\u1ec3 hi\u1ec3n th\u1ecb thanh to\u00e1n tr\u00ean \u0111i\u1ec7n tho\u1ea1i c\u1ee7a m\u00ecnh.<\/li>\n<li style=\"font-weight: 400;\"><span style=\"font-weight: 400;\">\u0110i\u1ec3m h\u1eb9n s\u1ebd nh\u1eadn \u0111\u01b0\u1ee3c sau qu\u00e1 tr\u00ecnh \u0111\u1eb7t ch\u1ed7.<\/span><\/li>\n<li style=\"font-weight: 400;\"><span style=\"font-weight: 400;\">Tr\u1ebb em ph\u1ea3i \u0111i c\u00f9ng ng\u01b0\u1eddi l\u1edbn.<\/span><\/li>\n<li style=\"font-weight: 400;\"><span style=\"font-weight: 400;\"> Kh\u00f4ng th\u1ec3 s\u1eed d\u1ee5ng xe l\u0103n <\/span><\/li>\n<li style=\"font-weight: 400;\"><span style=\"font-weight: 400;\">Tr\u1ebb s\u01a1 sinh ph\u1ea3i ng\u1ed3i tr\u00ean \u0111\u00f9i <\/span><\/li>\n<li style=\"font-weight: 400;\"><span style=\"font-weight: 400;\">Kh\u00f4ng n\u00ean d\u00f9ng cho du kh\u00e1ch c\u00f3 v\u1ea5n \u0111\u1ec1 v\u1ec1 l\u01b0ng<\/span><\/li>\n<li style=\"font-weight: 400;\"><span style=\"font-weight: 400;\">Kh\u00f4ng n\u00ean d\u00f9ng cho du kh\u00e1ch mang thai <\/span><\/li>\n<li style=\"font-weight: 400;\"><span style=\"font-weight: 400;\"> Kh\u00f4ng c\u00f3 v\u1ea5n \u0111\u1ec1 v\u1ec1 tim ho\u1eb7c c\u00e1c t\u00ecnh tr\u1ea1ng y t\u1ebf nghi\u00eam tr\u1ecdng kh\u00e1c <\/span><\/li>\n<li style=\"font-weight: 400;\"><span style=\"font-weight: 400;\">H\u1ea7u h\u1ebft du kh\u00e1ch c\u00f3 th\u1ec3 tham gia<\/span><\/li>\n<\/ol>\n<h4><b><i>Ch\u00ednh s\u00e1ch h\u1ee7y<\/i><\/b><\/h4>\n<p>\u0110\u1ec3 \u0111\u01b0\u1ee3c ho\u00e0n ti\u1ec1n \u0111\u1ea7y \u0111\u1ee7, vui l\u00f2ng \u0111\u1ecdc ch\u00ednh s\u00e1ch H\u1ee7y c\u1ee7a ch\u00fang t\u00f4i\u00a0<a href=\"https:\/\/www.boattoursamana.com\/vi\/dat-phong-truc-tuyen\/\" target=\"_blank\" rel=\"noopener\" data-saferedirecturl=\"https:\/\/www.google.com\/url?q=https:\/\/www.boattoursamana.com\/online-booking\/&amp;source=gmail&amp;ust=1672449202351000&amp;usg=AOvVaw1yAeVAPktmaVCqDujgUn90\">B\u1ea5m v\u00e0o \u0111\u00e2y<\/a>. Ti\u1ec1n s\u1ebd b\u1ecb m\u1ea5t n\u1ebfu \u0111\u1eb7t ch\u1ed7 b\u1ecb h\u1ee7y trong c\u00f9ng ng\u00e0y c\u1ee7a chuy\u1ebfn \u0111i.<\/p>\n\n\t\t<\/div>\n\t<\/div>\n<div class=\"vc_btn3-container vc_btn3-inline\" ><button class=\"vc_general vc_btn3 vc_btn3-size-md vc_btn3-shape-rounded vc_btn3-style-modern vc_btn3-color-green\">\u0110\u0102\u0323T B\u00c2Y GI\u1edc<\/button><\/div><\/div><\/div><\/div><\/div><div class=\"vc_row wpb_row vc_row-fluid\" ><div class=\"wpb_column vc_column_container vc_col-sm-12\"><div class=\"vc_column-inner\"><div class=\"wpb_wrapper\">\n\t<div class=\"wpb_video_widget wpb_content_element vc_clearfix   vc_video-aspect-ratio-169 vc_video-el-width-100 vc_video-align-left\" >\n\t\t<div class=\"wpb_wrapper\">\n\t\t\t\n\t\t\t<div class=\"wpb_video_wrapper\"><iframe loading=\"lazy\" title=\"C\u00f4ng vi\u00ean Qu\u1ed1c gia Los Haitises, Chuy\u1ebfn tham quan &amp; Du ngo\u1ea1n T\u1eeb Samana ho\u1eb7c Sabana de la Mar. \u0110\u1eb7t t\u1ea1i \u0111\u00e2y:\" src=\"https:\/\/player.vimeo.com\/video\/346508015?dnt=1&amp;app_id=122963\" width=\"1100\" height=\"619\" frameborder=\"0\" allow=\"autoplay; fullscreen\" allowfullscreen><\/iframe><\/div>\n\t\t<\/div>\n\t<\/div>\n<\/div><\/div><\/div><\/div><div class=\"vc_row wpb_row vc_row-fluid\" ><div class=\"wpb_column vc_column_container vc_col-sm-12\"><div class=\"vc_column-inner\"><div class=\"wpb_wrapper\"><div class=\"vc_empty_space\"   style=\"height: 32px\"><span class=\"vc_empty_space_inner\"><\/span><\/div>\n\t<div class=\"wpb_text_column wpb_content_element\" >\n\t\t<div class=\"wpb_wrapper\">\n\t\t\t<h4>Li\u00ean h\u1ec7 ch\u00fang t\u00f4i?<\/h4>\n<h5>\u0111\u1eb7t ph\u00f2ng phi\u00eau l\u01b0u<\/h5>\n<p><em><strong>ng\u01b0\u1eddi d\u00e2n \u0111\u1ecba ph\u01b0\u01a1ng<\/strong>\u00a0v\u00e0\u00a0<strong>c\u00f4ng d\u00e2n<\/strong>\u00a0H\u01b0\u1edbng d\u1eabn vi\u00ean du l\u1ecbch &amp; D\u1ecbch v\u1ee5 kh\u00e1ch<\/em><\/p>\n<p><span class=\"text-turquoise\">\u0111\u1eb7t ph\u00f2ng:<\/span>\u00a0Chuy\u1ebfn tham quan &amp; du ngo\u1ea1n t\u1ea1i Dom. Tr\u1ea3 l\u1eddi.<\/p>\n<p><img decoding=\"async\" class=\"emoji\" draggable=\"false\" src=\"https:\/\/s.w.org\/images\/core\/emoji\/11.2.0\/svg\/1f4de.svg\" alt=\"\ud83d\udcde\" title=\"\">\u00a0\u0110i\u1ec7n tho\u1ea1i \/ Whatsapp\u00a0\u00a0<a href=\"tel:+1-809-720-6035\">+1-809-720-6035<\/a>.<\/p>\n<p><img decoding=\"async\" class=\"emoji\" draggable=\"false\" src=\"https:\/\/s.w.org\/images\/core\/emoji\/11.2.0\/svg\/1f4e9.svg\" alt=\"\ud83d\udce9\" title=\"\">\u00a0<a href=\"mailto:info@bookingadventures.com.do\">info@bookingadventures.com.do<\/a><\/p>\n<p><strong>Ch\u00fang t\u00f4i \u0111ang thi\u1ebft l\u1eadp linh ho\u1ea1t c\u00e1c chuy\u1ebfn tham quan ri\u00eang t\u01b0 b\u1eb1ng Whatsapp:\u00a0<a href=\"tel:+18097206035\">+18097206035.<\/a><\/strong><\/p>\n\n\t\t<\/div>\n\t<\/div>\n<div class=\"vc_empty_space\"   style=\"height: 32px\"><span class=\"vc_empty_space_inner\"><\/span><\/div><\/div><\/div><\/div><\/div><div class=\"vc_row wpb_row vc_row-fluid\" ><div class=\"wpb_column vc_column_container vc_col-sm-12\"><div class=\"vc_column-inner\"><div class=\"wpb_wrapper\"><div class=\"vc_btn3-container vc_btn3-inline\" ><button class=\"vc_general vc_btn3 vc_btn3-size-md vc_btn3-shape-rounded vc_btn3-style-modern vc_btn3-color-green\">\u0110\u0102\u0323T B\u00c2Y GI\u1edc<\/button><\/div><\/div><\/div><\/div><\/div>","protected":false},"excerpt":{"rendered":"<p>Chuy\u1ebfn tham quan t\u1eeb Santo Domingo \u0111\u1ebfn C\u00f4ng vi\u00ean Qu\u1ed1c gia Los Haitises bao g\u1ed3m B\u1eefa tr\u01b0a v\u00e0 Ph\u01b0\u01a1ng ti\u1ec7n di chuy\u1ec3n \u0111\u1ec3 tham quan c\u00e1c hang \u0111\u1ed9ng ch\u00ednh, kh\u00e1m ph\u00e1 2 h\u1ec7 sinh th\u00e1i r\u1eebng ng\u1eadp m\u1eb7n kh\u00e1c nhau v\u00e0 t\u1ea5t nhi\u00ean l\u00e0 c\u00e2u c\u00e1, ng\u1eafm chim.<\/p>\n<p>Chuy\u1ebfn \u0111i \u0111\u1ebfn V\u01b0\u1eddn qu\u1ed1c gia Los Haitises v\u1edbi h\u01b0\u1edbng d\u1eabn vi\u00ean du l\u1ecbch theo ch\u1ee7 ngh\u0129a t\u1ef1 nhi\u00ean. Tham quan c\u00e1c Cays \u1edf C\u00f4ng vi\u00ean Qu\u1ed1c gia Los Haitises, R\u1eebng ng\u1eadp m\u1eb7n, Th\u1ea3m th\u1ef1c v\u1eadt, Chim, Hang \u0111\u1ed9ng, Ch\u1eef t\u01b0\u1ee3ng h\u00ecnh v\u00e0 c\u00e1c khu v\u1ef1c l\u1ecbch s\u1eed c\u1ee7a Sabana de la Mar trong C\u00f4ng vi\u00ean Qu\u1ed1c gia Los Haitises.<\/p>\n<p>&nbsp;<\/p>\n<p><strong>Vui l\u00f2ng ch\u1ecdn ng\u00e0y cho Tour:\u00a0<\/strong><\/p>","protected":false},"featured_media":13216,"template":"","meta":[],"product_cat":[329,946,928,253],"product_tag":[268,267,171,209,212,269],"class_list":["post-9250","product","type-product","status-publish","has-post-thumbnail","hentry","product_cat-los-haitises-tour-from-santo-domingo","product_cat-1-sabana-de-la-mar","product_cat-boat-trip-los-haitises","product_cat-tours-and-excursions","product_tag-caves-los-haitises","product_tag-las-terrenas","product_tag-los-haitises","product_tag-los-haitises-national-park","product_tag-mangroves-los-haitises","product_tag-transportation-los-haitises"],"_links":{"self":[{"href":"https:\/\/www.boattoursamana.com\/vi\/wp-json\/wp\/v2\/product\/9250","targetHints":{"allow":["GET"]}}],"collection":[{"href":"https:\/\/www.boattoursamana.com\/vi\/wp-json\/wp\/v2\/product"}],"about":[{"href":"https:\/\/www.boattoursamana.com\/vi\/wp-json\/wp\/v2\/types\/product"}],"wp:featuredmedia":[{"embeddable":true,"href":"https:\/\/www.boattoursamana.com\/vi\/wp-json\/wp\/v2\/media\/13216"}],"wp:attachment":[{"href":"https:\/\/www.boattoursamana.com\/vi\/wp-json\/wp\/v2\/media?parent=9250"}],"wp:term":[{"taxonomy":"product_cat","embeddable":true,"href":"https:\/\/www.boattoursamana.com\/vi\/wp-json\/wp\/v2\/product_cat?post=9250"},{"taxonomy":"product_tag","embeddable":true,"href":"https:\/\/www.boattoursamana.com\/vi\/wp-json\/wp\/v2\/product_tag?post=9250"}],"curies":[{"name":"wp","href":"https:\/\/api.w.org\/{rel}","templated":true}]}}