{"id":9348,"date":"2017-09-05T15:29:26","date_gmt":"2017-09-05T15:29:26","guid":{"rendered":"https:\/\/www.ticketswhales.com\/?post_type=product&#038;p=9348"},"modified":"2023-08-16T22:00:06","modified_gmt":"2023-08-16T22:00:06","slug":"atv-samana-adventures-atv-tours-excursions-in-samana-dominican-republic-atv-el-valle-beach-waterfalls","status":"publish","type":"product","link":"https:\/\/www.boattoursamana.com\/vi\/chuyen-du-lich\/atv-samana-adventures-atv-tours-excursions-in-samana-dominican-republic-atv-el-valle-bai-bien-thac-nuoc-2","title":{"rendered":"ATV Saman\u00e1 Adventures \u2013 Chuy\u1ebfn tham quan &amp; Du ngo\u1ea1n b\u1eb1ng ATV \u1edf C\u1ed9ng h\u00f2a Dominica Saman\u00e1. ATV + B\u00e3i bi\u1ec3n El Valle &amp; Th\u00e1c n\u01b0\u1edbc"},"content":{"rendered":"<div class=\"vc_row wpb_row vc_row-fluid\" ><div class=\"wpb_column vc_column_container vc_col-sm-12\"><div class=\"vc_column-inner\"><div class=\"wpb_wrapper\"><div class=\"mkdf-section-title-holder\" style=\"text-align: left\">\n\t<div class=\"mkdf-st-inner\">\n\t\t\t\t\t<h5 class=\"mkdf-st-subtitle\" >\n\t\t\t\tBao g\u1ed3m b\u1eefa tr\u01b0a t\u1ea1i The Beach\t\t\t<\/h5>\n\t\t\t\t\t\t\t<h3 class=\"mkdf-st-title\" >\n\t\t\t\tATV Samana Adventures - Chuy\u1ebfn tham quan &amp; Du ngo\u1ea1n ATV \u1edf Samana, C\u1ed9ng h\u00f2a Dominica. ATV + B\u00e3i bi\u1ec3n El Valle &amp; Th\u00e1c n\u01b0\u1edbc\t\t\t<\/h3>\n\t\t\t\t\t<\/div>\n<\/div><\/div><\/div><\/div><\/div><div class=\"vc_row wpb_row vc_row-fluid\" ><div class=\"wpb_column vc_column_container vc_col-sm-12\"><div class=\"vc_column-inner\"><div class=\"wpb_wrapper\"><div class=\"vc_btn3-container vc_btn3-inline\" ><button class=\"vc_general vc_btn3 vc_btn3-size-md vc_btn3-shape-rounded vc_btn3-style-modern vc_btn3-color-green\">\u0110\u0102\u0323T B\u00c2Y GI\u1edc<\/button><\/div>\n\t<div class=\"wpb_text_column wpb_content_element\" >\n\t\t<div class=\"wpb_wrapper\">\n\t\t\t<h3 class=\"ui_header h1 attractions-product-info-ProductTitle__title--1qM0o\"><\/h3>\n<h4><b><i>T\u1ed5ng quan <\/i><\/b><\/h4>\n<p>Nh\u1eadn V\u00e9 c\u1ee7a b\u1ea1n cho Chuy\u1ebfn tham quan n\u1eeda ng\u00e0y \u1edf Samana tr\u00ean ATV Tours. <span style=\"font-family: Arial, Helvetica, sans-serif;\"><span style=\"color: #4b291d;\">\u00a0t<\/span>chuy\u1ebfn du ngo\u1ea1n c\u1ee7a anh \u1ea5y s\u1ebd b\u1eaft \u0111\u1ea7u t\u1ea1i v\u0103n ph\u00f2ng c\u1ee7a ch\u00fang t\u00f4i g\u1ea7n b\u1ebfn t\u00e0u ch\u00ednh Samana. Sau 30 ph\u00fat l\u00e1i xe, ch\u00fang t\u00f4i s\u1ebd \u0111\u1ebfn th\u0103m khu sinh th\u00e1i Tree House tr\u00ean \u0111\u01b0\u1eddng \u0111\u1ebfn th\u00e1c n\u01b0\u1edbc. Sau khi \u0111i b\u1ed9 \u0111\u1ebfn th\u00e1c n\u01b0\u1edbc kho\u1ea3ng 10 ph\u00fat. <\/span><\/p>\n<p><span style=\"font-family: Arial, Helvetica, sans-serif;\">Ch\u00fang t\u00f4i s\u1ebd \u0103n tr\u01b0a t\u1ea1i b\u00e3i bi\u1ec3n El valle. Sau 4,5 gi\u1edd ho\u1ea1t \u0111\u1ed9ng, ch\u00fang t\u00f4i quay tr\u1edf l\u1ea1i \u0111i\u1ec3m h\u1eb9n \u1edf Samana.\u00a0<\/span><\/p>\n<p>&nbsp;<\/p>\n<h4><b>Bao g\u1ed3m &amp; Lo\u1ea1i tr\u1eeb<\/b><\/h4>\n<p>&nbsp;<\/p>\n<p><b>bao g\u1ed3m<\/b><\/p>\n<ol>\n<li style=\"font-weight: 400;\">Atv 2 ng\u01b0\u1eddi trong m\u1ed9t.<\/li>\n<li>\u0102n tr\u01b0a t\u1ea1i b\u00e3i bi\u1ec3n<\/li>\n<li style=\"font-weight: 400;\"><span style=\"font-weight: 400;\">T\u1ea5t c\u1ea3 c\u00e1c lo\u1ea1i thu\u1ebf, ph\u00ed v\u00e0 l\u1ec7 ph\u00ed x\u1eed l\u00fd<\/span><\/li>\n<li style=\"font-weight: 400;\"><span style=\"font-weight: 400;\">Thu\u1ebf \u0111\u1ecba ph\u01b0\u01a1ng<\/span><\/li>\n<li style=\"font-weight: 400;\"><span style=\"font-weight: 400;\">n\u01b0\u1edbc gi\u1ea3i kh\u00e1t<\/span><\/li>\n<li>\u0110\u1ed3 \u0103n nh\u1eb9<\/li>\n<li>tham quan th\u00e1c n\u01b0\u1edbc<\/li>\n<li>B\u00e3i bi\u1ec3n Valle<\/li>\n<li>Tham quan Ng\u00f4i nh\u00e0 tr\u00ean c\u00e2y<\/li>\n<li style=\"font-weight: 400;\"><span style=\"font-weight: 400;\">T\u1ea5t c\u1ea3 c\u00e1c ho\u1ea1t \u0111\u1ed9ng<\/span><\/li>\n<li style=\"font-weight: 400;\"><span style=\"font-weight: 400;\">H\u01b0\u1edbng d\u1eabn \u0111\u1ecba ph\u01b0\u01a1ng<\/span><\/li>\n<\/ol>\n<p><b> lo\u1ea1i tr\u1eeb<\/b><\/p>\n<ol>\n<li style=\"font-weight: 400;\"><span style=\"font-weight: 400;\">ti\u1ec1n th\u01b0\u1edfng<\/span><\/li>\n<li>v\u1eadn chuy\u1ec3n t\u1eeb Kh\u00e1ch s\u1ea1n (\u0110\u01b0\u1ee3c \u0111\u1eb7t b\u1eb1ng c\u00e1ch Li\u00ean h\u1ec7 v\u1edbi ch\u00fang t\u00f4i).<\/li>\n<li style=\"font-weight: 400;\"><span style=\"font-weight: 400;\">\u0110\u1ed3 u\u1ed1ng c\u00f3 c\u1ed3n<\/span><\/li>\n<\/ol>\n<p>&nbsp;<\/p>\n<h4><em><strong>Kh\u1edfi h\u00e0nh &amp; Tr\u1edf v\u1ec1<\/strong><\/em><\/h4>\n<p><span style=\"font-weight: 400;\">Kh\u00e1ch du l\u1ecbch s\u1ebd nh\u1eadn \u0111\u01b0\u1ee3c m\u1ed9t \u0111i\u1ec3m g\u1eb7p g\u1ee1 sau Quy tr\u00ecnh \u0111\u1eb7t ch\u1ed7. C\u00e1c chuy\u1ebfn tham quan b\u1eaft \u0111\u1ea7u v\u00e0 k\u1ebft th\u00fac t\u1ea1i c\u00e1c \u0111i\u1ec3m g\u1eb7p g\u1ee1 c\u1ee7a b\u1ea1n.<\/span><\/p>\n<h4><\/h4>\n<h3 class=\"ui_header h1 attractions-product-info-ProductTitle__title--1qM0o\">ATV Samana Adventures \u2013 Chuy\u1ebfn tham quan &amp; Du ngo\u1ea1n b\u1eb1ng ATV \u1edf C\u1ed9ng h\u00f2a Dominica Samana. ATV + B\u00e3i bi\u1ec3n El Valle &amp; Th\u00e1c n\u01b0\u1edbc.<\/h3>\n<h4><b><i>Mong \u0111\u1ee3i \u0111i\u1ec1u g\u00ec?<\/i><\/b><\/h4>\n<div data-tab=\"TABS_WHAT_TO_EXPECT\">\n<div class=\"ui_card attractions-card-CollapsibleProductDetailsCard__cardContainer--3r2wk attractions-card-CollapsibleProductDetailsCard__cleanslateOverrideDT--2AJh0\">\n<div class=\"attractions-card-CollapsibleCard__header--IDA3r\">\n<div class=\"attractions-card-CollapsibleCard__headerSection--3gTKb\"><\/div>\n<\/div>\n<div class=\"attractions-card-CollapsibleCard__content--2Ws8q\">\n<div class=\"attractions-card-CollapsibleCard__contentWrap--374jk attractions-card-CollapsibleCard__titleUnderline--1uHze\">\n<div class=\"attractions-card-CollapsibleProductDetailsCard__cardContent--23ext\">\n<div class=\"common-text-ReadMore__readMore--3Iu8c common-text-ReadMore__variantFadeOut--1tInd\">\n<div class=\"common-text-ReadMore__content--2X4LR\">\n<div class=\"ui_columns is-desktop\">\n<div class=\"ui_column\">B\u1eaft \u0111\u1ea7u Atv c\u1ee7a b\u1ea1n. V\u00ec v\u1eady, b\u1ea1n s\u1ebd s\u1eb5n s\u00e0ng \u0111\u1ec3 \u0111i xuy\u00ean qu\u1ed1c gia v\u00e0 ng\u1eafm nh\u00ecn B\u00e1n \u0111\u1ea3o Saman\u00e1 t\u1eeb c\u1ef1 ly g\u1ea7n. B\u1ea1n s\u1ebd l\u00e1i Xe ATV c\u1ee7a m\u00ecnh v\u01b0\u1ee3t qua m\u1ed9t s\u1ed1 \u0111\u1ecba h\u00ecnh hi\u1ec3m tr\u1edf v\u00e0 ch\u00fang t\u00f4i s\u1ebd \u0111\u1ebfn th\u0103m m\u1ed9t gia \u0111\u00ecnh ng\u01b0\u1eddi Dominica, n\u01a1i ch\u00fang t\u00f4i s\u1ebd d\u1eebng l\u1ea1i nhanh ch\u00f3ng \u0111\u1ec3 ch\u1ee5p m\u1ed9t s\u1ed1 b\u1ee9c \u1ea3nh v\u1ec1 khu sinh th\u00e1i Ng\u00f4i nh\u00e0 tr\u00ean c\u00e2y, u\u1ed1ng m\u1ed9t ly c\u00e0 ph\u00ea ngon c\u1ee7a ng\u01b0\u1eddi Dominica v\u00e0 th\u01b0\u1edfng th\u1ee9c s\u00f4 c\u00f4 la t\u1ef1 nhi\u00ean th\u01a1m ngon.<\/div>\n<div class=\"ui_column\">Sau khi ch\u00fang t\u00f4i ti\u1ebfp t\u1ee5c b\u0103ng qua m\u1ed9t Ng\u00f4i l\u00e0ng nh\u1ecf, n\u01a1i b\u1ea1n c\u00f3 th\u1ec3 t\u1eadn h\u01b0\u1edfng s\u1ef1 \u1ea5m \u00e1p c\u1ee7a ng\u01b0\u1eddi d\u00e2n Dominica b\u1ea3n \u0111\u1ecba tr\u00ean \u0111\u01b0\u1eddng \u0111\u1ebfn th\u0103m th\u00e1c n\u01b0\u1edbc LULU, \u0110i b\u1ed9 \u0111\u1ebfn th\u00e1c n\u01b0\u1edbc 10 ph\u00fat v\u00e0 t\u00ecm hi\u1ec3u v\u1ec1 khu r\u1eebng c\u1ee7a C\u1ed9ng h\u00f2a Dominica t\u1ea1i m\u1ed9t trong nh\u1eefng n\u01a1i k\u1ef3 l\u1ea1 nh\u1ea5t \u1edf v\u00f9ng \u0111\u1ea5t.<\/div>\n<div><\/div>\n<div class=\"ui_column\">Quay tr\u1edf l\u1ea1i chi\u1ebfc ATV c\u1ee7a ch\u00fang t\u00f4i \u0111\u1ec3 tham quan nh\u1eefng b\u00e3i bi\u1ec3n \u0111\u1eb9p nh\u1ea5t xung quanh Samana. B\u00e3i bi\u1ec3n El Valle! N\u01a1i ch\u00fang t\u00f4i s\u1ebd d\u1eebng l\u1ea1i kho\u1ea3ng 1 gi\u1edd 15 ph\u00fat \u0111\u1ec3 t\u1eadn h\u01b0\u1edfng b\u00e3i c\u00e1t tr\u1eafng huy\u1ec1n di\u1ec7u v\u00e0 l\u00e0n n\u01b0\u1edbc trong xanh nh\u01b0 pha l\u00ea c\u1ee7a b\u00e3i bi\u1ec3n Playa El Valle. \u1ede \u0111\u00f3 b\u1ea1n c\u00f3 th\u1ec3 ngh\u1ec9 ng\u01a1i, u\u1ed1ng n\u01b0\u1edbc, b\u01a1i l\u1ed9i, kh\u00e1m ph\u00e1 ho\u1eb7c ch\u1ec9 n\u1eb1m ph\u01a1i n\u1eafng n\u1ebfu mu\u1ed1n. Ti\u1ec7c t\u1ef1 ch\u1ecdn s\u1ebd s\u1eb5n s\u00e0ng v\u1edbi c\u00e1c b\u1eefa \u0103n \u0111\u1eb7c tr\u01b0ng c\u1ee7a ng\u01b0\u1eddi Dominica v\u00e0 n\u1ebfu b\u1ea1n l\u00e0 ng\u01b0\u1eddi \u0103n chay, h\u00e3y cho ch\u00fang t\u00f4i bi\u1ebft. Ch\u00fang t\u00f4i c\u00f3 th\u1ee9c \u0103n cho m\u1ecdi ng\u01b0\u1eddi!<\/div>\n<\/div>\n<div>Sau 4,5 gi\u1edd, ch\u00fang t\u00f4i l\u00e1i xe tr\u1edf l\u1ea1i th\u1ecb tr\u1ea5n th\u00e0nh ph\u1ed1 Samana.<\/div>\n<div class=\"ui_columns is-desktop\">\n<div class=\"ui_column\"><\/div>\n<\/div>\n<\/div>\n<\/div>\n<\/div>\n<\/div>\n<\/div>\n<\/div>\n<\/div>\n<h4><em><strong>B\u1ea1n n\u00ean mang theo nh\u1eefng g\u00ec?<\/strong><\/em><\/h4>\n<ul>\n<li style=\"font-weight: 400;\"><span style=\"font-weight: 400;\">M\u00e1y \u1ea3nh<\/span><\/li>\n<li style=\"font-weight: 400;\"><span style=\"font-weight: 400;\">ch\u1ed3i \u0111u\u1ed5i<\/span><\/li>\n<li style=\"font-weight: 400;\"><span style=\"font-weight: 400;\">Kem ch\u1ed1ng n\u1eafng<\/span><\/li>\n<li style=\"font-weight: 400;\"><span style=\"font-weight: 400;\">m\u0169<\/span><\/li>\n<li style=\"font-weight: 400;\"><span style=\"font-weight: 400;\">qu\u1ea7n tho\u1ea3i m\u00e1i<\/span><\/li>\n<li style=\"font-weight: 400;\"><span style=\"font-weight: 400;\">Gi\u00e0y leo n\u00fai \u0111i r\u1eebng<\/span><\/li>\n<li style=\"font-weight: 400;\"><span style=\"font-weight: 400;\">D\u00e9p \u0111i c\u00e1c mi\u1ec1n Xu\u00e2n.<\/span><\/li>\n<li style=\"font-weight: 400;\"><span style=\"font-weight: 400;\">\u0111\u1ed3 b\u01a1i<\/span><\/li>\n<\/ul>\n<p>&nbsp;<\/p>\n<h4><b><i>\u0110\u00f3n kh\u00e1ch s\u1ea1n <\/i><\/b><\/h4>\n<p><span style=\"font-weight: 400;\">\u0110\u00f3n kh\u00e1ch s\u1ea1n kh\u00f4ng \u0111\u01b0\u1ee3c cung c\u1ea5p cho tour du l\u1ecbch n\u00e0y. Ch\u00fang t\u00f4i thi\u1ebft l\u1eadp Nh\u1eadn li\u00ean h\u1ec7 v\u1edbi ch\u00fang t\u00f4i b\u1eb1ng Whatsapp.<\/span><\/p>\n<p>&nbsp;<\/p>\n<p><b>Ghi ch\u00fa:<\/b><span style=\"font-weight: 400;\"> N\u1ebfu b\u1ea1n \u0111\u1eb7t ch\u1ed7 trong v\u00f2ng 24 gi\u1edd tr\u01b0\u1edbc gi\u1edd kh\u1edfi h\u00e0nh c\u1ee7a chuy\u1ebfn tham quan\/Chuy\u1ebfn tham quan, ch\u00fang t\u00f4i c\u00f3 th\u1ec3 s\u1eafp x\u1ebfp d\u1ecbch v\u1ee5 \u0111\u00f3n kh\u00e1ch t\u1ea1i kh\u00e1ch s\u1ea1n v\u1edbi m\u1ed9t kho\u1ea3n ph\u1ee5 ph\u00ed. Sau khi giao d\u1ecbch mua c\u1ee7a b\u1ea1n ho\u00e0n t\u1ea5t, ch\u00fang t\u00f4i s\u1ebd g\u1eedi cho b\u1ea1n th\u00f4ng tin li\u00ean h\u1ec7 \u0111\u1ea7y \u0111\u1ee7 (s\u1ed1 \u0111i\u1ec7n tho\u1ea1i, \u0111\u1ecba ch\u1ec9 email, v.v.) \u0111\u1ec3 H\u01b0\u1edbng d\u1eabn vi\u00ean du l\u1ecbch \u0111\u1ecba ph\u01b0\u01a1ng c\u1ee7a ch\u00fang t\u00f4i s\u1eafp x\u1ebfp vi\u1ec7c \u0111\u00f3n kh\u00e1ch.<\/span><\/p>\n<h4><b><i>X\u00e1c nh\u1eadn th\u00f4ng tin b\u1ed5 sung <\/i><\/b><\/h4>\n<ol>\n<li>V\u00e9 l\u00e0 Bi\u00ean lai sau khi thanh to\u00e1n Tour n\u00e0y. B\u1ea1n c\u00f3 th\u1ec3 hi\u1ec3n th\u1ecb thanh to\u00e1n tr\u00ean \u0111i\u1ec7n tho\u1ea1i c\u1ee7a m\u00ecnh.<\/li>\n<li style=\"font-weight: 400;\"><span style=\"font-weight: 400;\">\u0110i\u1ec3m h\u1eb9n s\u1ebd nh\u1eadn \u0111\u01b0\u1ee3c sau qu\u00e1 tr\u00ecnh \u0111\u1eb7t ch\u1ed7.<\/span><\/li>\n<li style=\"font-weight: 400;\"><span style=\"font-weight: 400;\">Tr\u1ebb em ph\u1ea3i \u0111i c\u00f9ng ng\u01b0\u1eddi l\u1edbn.<\/span><\/li>\n<li style=\"font-weight: 400;\"><span style=\"font-weight: 400;\"> Kh\u00f4ng th\u1ec3 s\u1eed d\u1ee5ng xe l\u0103n <\/span><\/li>\n<li style=\"font-weight: 400;\"><span style=\"font-weight: 400;\">Tr\u1ebb s\u01a1 sinh ph\u1ea3i ng\u1ed3i tr\u00ean \u0111\u00f9i <\/span><\/li>\n<li style=\"font-weight: 400;\"><span style=\"font-weight: 400;\">Kh\u00f4ng n\u00ean d\u00f9ng cho du kh\u00e1ch c\u00f3 v\u1ea5n \u0111\u1ec1 v\u1ec1 l\u01b0ng<\/span><\/li>\n<li style=\"font-weight: 400;\"><span style=\"font-weight: 400;\">Kh\u00f4ng n\u00ean d\u00f9ng cho du kh\u00e1ch mang thai <\/span><\/li>\n<li style=\"font-weight: 400;\"><span style=\"font-weight: 400;\"> Kh\u00f4ng c\u00f3 v\u1ea5n \u0111\u1ec1 v\u1ec1 tim ho\u1eb7c c\u00e1c t\u00ecnh tr\u1ea1ng y t\u1ebf nghi\u00eam tr\u1ecdng kh\u00e1c <\/span><\/li>\n<li style=\"font-weight: 400;\"><span style=\"font-weight: 400;\">H\u1ea7u h\u1ebft du kh\u00e1ch c\u00f3 th\u1ec3 tham gia<\/span><\/li>\n<\/ol>\n<h4><b><i>Ch\u00ednh s\u00e1ch h\u1ee7y<\/i><\/b><\/h4>\n<p><span style=\"font-weight: 400;\">\u0110\u1ec3 \u0111\u01b0\u1ee3c ho\u00e0n ti\u1ec1n \u0111\u1ea7y \u0111\u1ee7, vui l\u00f2ng \u0111\u1ecdc ch\u00ednh s\u00e1ch H\u1ee7y c\u1ee7a ch\u00fang t\u00f4i\u00a0<a href=\"https:\/\/www.boattoursamana.com\/vi\/dat-phong-truc-tuyen\/\" target=\"_blank\" rel=\"noopener\" data-saferedirecturl=\"https:\/\/www.google.com\/url?q=https:\/\/www.boattoursamana.com\/online-booking\/&amp;source=gmail&amp;ust=1672449202351000&amp;usg=AOvVaw1yAeVAPktmaVCqDujgUn90\">B\u1ea5m v\u00e0o \u0111\u00e2y<\/a>. Ti\u1ec1n s\u1ebd b\u1ecb m\u1ea5t n\u1ebfu \u0111\u1eb7t ch\u1ed7 b\u1ecb h\u1ee7y trong c\u00f9ng ng\u00e0y c\u1ee7a chuy\u1ebfn \u0111i.<\/span><\/p>\n\n\t\t<\/div>\n\t<\/div>\n<\/div><\/div><\/div><\/div><div class=\"vc_row wpb_row vc_row-fluid\" ><div class=\"wpb_column vc_column_container vc_col-sm-12\"><div class=\"vc_column-inner\"><div class=\"wpb_wrapper\">\n\t<div class=\"wpb_video_widget wpb_content_element vc_clearfix   vc_video-aspect-ratio-169 vc_video-el-width-100 vc_video-align-left\" >\n\t\t<div class=\"wpb_wrapper\">\n\t\t\t<h2 class=\"wpb_heading wpb_video_heading\">Samana v\u1edbi nh\u1eefng cu\u1ed9c phi\u00eau l\u01b0u \u0111\u1eb7t ph\u00f2ng:<\/h2>\n\t\t\t<div class=\"wpb_video_wrapper\"><iframe loading=\"lazy\" title=\"\u0110u d\u00e2y Samana \u0110i\u1ec3m \u0111\u1ebfn c\u1ee7a ng\u01b0\u1eddi Dominica, Du ngo\u1ea1n ATV\" width=\"1100\" height=\"619\" src=\"https:\/\/www.youtube.com\/embed\/8Ybh1xtnr2M?feature=oembed\" frameborder=\"0\" allow=\"accelerometer; autoplay; encrypted-media; gyroscope; picture-in-picture\" allowfullscreen><\/iframe><\/div>\n\t\t<\/div>\n\t<\/div>\n<\/div><\/div><\/div><\/div><div class=\"vc_row wpb_row vc_row-fluid\" ><div class=\"wpb_column vc_column_container vc_col-sm-12\"><div class=\"vc_column-inner\"><div class=\"wpb_wrapper\"><div class=\"vc_empty_space\"   style=\"height: 32px\"><span class=\"vc_empty_space_inner\"><\/span><\/div>\n\t<div class=\"wpb_text_column wpb_content_element\" >\n\t\t<div class=\"wpb_wrapper\">\n\t\t\t<h4>Li\u00ean h\u1ec7 ch\u00fang t\u00f4i?<\/h4>\n<h5><em><strong>\u0111\u1eb7t ph\u00f2ng phi\u00eau l\u01b0u<\/strong><\/em><\/h5>\n<p><em><strong>ng\u01b0\u1eddi d\u00e2n \u0111\u1ecba ph\u01b0\u01a1ng<\/strong>\u00a0v\u00e0\u00a0<strong>c\u00f4ng d\u00e2n<\/strong>\u00a0H\u01b0\u1edbng d\u1eabn vi\u00ean du l\u1ecbch &amp; D\u1ecbch v\u1ee5 kh\u00e1ch<\/em><\/p>\n<p><span class=\"text-turquoise\">\u0111\u1eb7t ph\u00f2ng:<\/span>\u00a0Chuy\u1ebfn tham quan &amp; du ngo\u1ea1n t\u1ea1i Dom. Tr\u1ea3 l\u1eddi.<\/p>\n<p><img decoding=\"async\" class=\"emoji\" draggable=\"false\" src=\"https:\/\/s.w.org\/images\/core\/emoji\/11.2.0\/svg\/1f4de.svg\" alt=\"\ud83d\udcde\" title=\"\">\u00a0\u0110i\u1ec7n tho\u1ea1i \/ Whatsapp\u00a0\u00a0<a href=\"tel:+1-809-720-6035\">+1-809-720-6035<\/a>.<\/p>\n<p><img decoding=\"async\" class=\"emoji\" draggable=\"false\" src=\"https:\/\/s.w.org\/images\/core\/emoji\/11.2.0\/svg\/1f4e9.svg\" alt=\"\ud83d\udce9\" title=\"\">\u00a0<a href=\"mailto:info@bookingadventures.com.do\">info@bookingadventures.com.do<\/a><\/p>\n<p><strong>Ch\u00fang t\u00f4i \u0111ang thi\u1ebft l\u1eadp linh ho\u1ea1t c\u00e1c chuy\u1ebfn tham quan ri\u00eang t\u01b0 b\u1eb1ng Whatsapp:\u00a0<a href=\"tel:+18097206035\">+18097206035.<\/a><\/strong><\/p>\n\n\t\t<\/div>\n\t<\/div>\n<div class=\"vc_empty_space\"   style=\"height: 32px\"><span class=\"vc_empty_space_inner\"><\/span><\/div><\/div><\/div><\/div><\/div><div class=\"vc_row wpb_row vc_row-fluid\" ><div class=\"wpb_column vc_column_container vc_col-sm-12\"><div class=\"vc_column-inner\"><div class=\"wpb_wrapper\"><div class=\"vc_btn3-container vc_btn3-inline\" ><button class=\"vc_general vc_btn3 vc_btn3-size-md vc_btn3-shape-rounded vc_btn3-style-modern vc_btn3-color-green\">\u0110\u0102\u0323T B\u00c2Y GI\u1edc<\/button><\/div><\/div><\/div><\/div><\/div>","protected":false},"excerpt":{"rendered":"<div class=\"ui_columns is-desktop\">\n<div class=\"ui_column\">Tr\u1ea3i nghi\u1ec7m Atv n\u00e0y b\u1eaft \u0111\u1ea7u \u1edf Trung t\u00e2m Th\u00e0nh ph\u1ed1 Samana. L\u00e1i Atv \u0111\u1ebfn Th\u00e1c n\u01b0\u1edbc LULU, \u0111i ngang qua Tree House Ecolodge cho \u0111\u1ebfn B\u00e3i bi\u1ec3n El Valle.<\/div>\n<div class=\"ui_column\">B\u00e3i bi\u1ec3n El Valle! N\u01a1i ch\u00fang t\u00f4i s\u1ebd d\u1eebng l\u1ea1i kho\u1ea3ng 1 gi\u1edd 15 ph\u00fat \u0111\u1ec3 t\u1eadn h\u01b0\u1edfng b\u00e3i c\u00e1t tr\u1eafng huy\u1ec1n di\u1ec7u v\u00e0 l\u00e0n n\u01b0\u1edbc trong xanh nh\u01b0 pha l\u00ea c\u1ee7a b\u00e3i bi\u1ec3n Playa El Valle. \u1ede \u0111\u00f3 b\u1ea1n c\u00f3 th\u1ec3 ngh\u1ec9 ng\u01a1i, u\u1ed1ng n\u01b0\u1edbc, b\u01a1i l\u1ed9i, kh\u00e1m ph\u00e1 ho\u1eb7c ch\u1ec9 n\u1eb1m ph\u01a1i n\u1eafng n\u1ebfu mu\u1ed1n. Ti\u1ec7c t\u1ef1 ch\u1ecdn s\u1ebd s\u1eb5n s\u00e0ng v\u1edbi c\u00e1c b\u1eefa \u0103n \u0111\u1eb7c tr\u01b0ng c\u1ee7a ng\u01b0\u1eddi Dominica v\u00e0 n\u1ebfu b\u1ea1n l\u00e0 ng\u01b0\u1eddi \u0103n chay, h\u00e3y cho ch\u00fang t\u00f4i bi\u1ebft. Ch\u00fang t\u00f4i c\u00f3 th\u1ee9c \u0103n cho m\u1ecdi ng\u01b0\u1eddi!<\/div>\n<div><\/div>\n<\/div>\n<div>Sau 4,5 gi\u1edd, ch\u00fang t\u00f4i l\u00e1i xe tr\u1edf l\u1ea1i th\u1ecb tr\u1ea5n th\u00e0nh ph\u1ed1 Samana.<\/div>\n<p>. \u0110i b\u1ed9 \u0111\u01b0\u1eddng d\u00e0i v\u00e0 B\u01a1i l\u1ed9i v\u1edbi thi\u1ebft b\u1ecb an to\u00e0n \u0111\u1ec3 c\u00f3 tr\u1ea3i nghi\u1ec7m tuy\u1ec7t v\u1eddi nh\u1ea5t!!<\/p>\n<p>&nbsp;<\/p>\n<p><strong>Vui l\u00f2ng ch\u1ecdn ng\u00e0y cho Tour:\u00a0<\/strong><\/p>","protected":false},"featured_media":9357,"template":"","meta":[],"product_cat":[159,655,359,361,362,178,363,160,360,253,252],"product_tag":[370,368,366,367,195,371,327,186,369,200,187,372],"class_list":["post-9348","product","type-product","status-publish","has-post-thumbnail","hentry","product_cat-fees-entrace","product_cat-1-samana","product_cat-atv-adventures","product_cat-atv-fourwheels","product_cat-atv-tours-excursions-adventures","product_cat-hiking","product_cat-lulu-waterfalls","product_cat-lunch","product_cat-things-to-do-in-samana-province","product_cat-tours-and-excursions","product_cat-waterfalls","product_tag-atv-samana-excursion","product_tag-atv-tours-excursions-in-samana-dominican-republic","product_tag-atv-fourwheels","product_tag-atv-tours-excursions-adventures","product_tag-el-valle-beach","product_tag-lulu-waterfalls","product_tag-private-tours-samana","product_tag-samana","product_tag-samana-atv","product_tag-samana-excursions","product_tag-samana-tours","product_tag-tree-house-samana"],"_links":{"self":[{"href":"https:\/\/www.boattoursamana.com\/vi\/wp-json\/wp\/v2\/product\/9348","targetHints":{"allow":["GET"]}}],"collection":[{"href":"https:\/\/www.boattoursamana.com\/vi\/wp-json\/wp\/v2\/product"}],"about":[{"href":"https:\/\/www.boattoursamana.com\/vi\/wp-json\/wp\/v2\/types\/product"}],"wp:featuredmedia":[{"embeddable":true,"href":"https:\/\/www.boattoursamana.com\/vi\/wp-json\/wp\/v2\/media\/9357"}],"wp:attachment":[{"href":"https:\/\/www.boattoursamana.com\/vi\/wp-json\/wp\/v2\/media?parent=9348"}],"wp:term":[{"taxonomy":"product_cat","embeddable":true,"href":"https:\/\/www.boattoursamana.com\/vi\/wp-json\/wp\/v2\/product_cat?post=9348"},{"taxonomy":"product_tag","embeddable":true,"href":"https:\/\/www.boattoursamana.com\/vi\/wp-json\/wp\/v2\/product_tag?post=9348"}],"curies":[{"name":"wp","href":"https:\/\/api.w.org\/{rel}","templated":true}]}}