{"id":9463,"date":"2019-09-25T10:00:51","date_gmt":"2019-09-25T10:00:51","guid":{"rendered":"https:\/\/www.ticketswhales.com\/?post_type=product&#038;p=9463"},"modified":"2023-11-10T17:46:17","modified_gmt":"2023-11-10T17:46:17","slug":"miches-whales-watching-half-day-experience-media-luna-half-moon","status":"publish","type":"product","link":"https:\/\/www.boattoursamana.com\/vi\/chuyen-du-lich\/miches-whales-watching-nua-ngay-kinh-nghiem-media-luna-nua-mat-trang-2","title":{"rendered":"Tr\u1ea3i nghi\u1ec7m n\u1eeda ng\u00e0y ng\u1eafm c\u00e1 voi c\u1ee7a Miches \u2013 Media Luna (N\u1eeda m\u1eb7t tr\u0103ng)."},"content":{"rendered":"<div class=\"vc_row wpb_row vc_row-fluid\" ><div class=\"wpb_column vc_column_container vc_col-sm-12\"><div class=\"vc_column-inner\"><div class=\"wpb_wrapper\"><div class=\"vc_btn3-container vc_btn3-inline\" ><button class=\"vc_general vc_btn3 vc_btn3-size-md vc_btn3-shape-rounded vc_btn3-style-modern vc_btn3-color-green\">\u0110\u0102\u0323T B\u00c2Y GI\u1edc<\/button><\/div><div class=\"mkdf-section-title-holder\" style=\"text-align: left\">\n\t<div class=\"mkdf-st-inner\">\n\t\t\t\t\t<h5 class=\"mkdf-st-subtitle\" >\n\t\t\t\tMedia Luna (Half-Moon) Bao g\u1ed3m.\t\t\t<\/h5>\n\t\t\t\t\t\t\t<h3 class=\"mkdf-st-title\" >\n\t\t\t\tTr\u1ea3i Nghi\u1ec7m N\u1eeda Ng\u00e0y Xem C\u00e1 Voi Miches\t\t\t<\/h3>\n\t\t\t\t\t<\/div>\n<\/div><div class=\"vc_empty_space\"   style=\"height: 32px\"><span class=\"vc_empty_space_inner\"><\/span><\/div>\n\t<div class=\"wpb_text_column wpb_content_element\" >\n\t\t<div class=\"wpb_wrapper\">\n\t\t\t<div class=\"vc_row wpb_row vc_row-fluid\">\n<div class=\"wpb_column vc_column_container vc_col-sm-12\">\n<div class=\"vc_column-inner\">\n<div class=\"wpb_wrapper\">\n<div class=\"mkdf-section-title-holder\">\n<div class=\"mkdf-st-inner\">\n<h5 class=\"mkdf-st-subtitle\">Media Luna (Half-Moon) Bao g\u1ed3m.<\/h5>\n<h3 class=\"mkdf-st-title\">Tr\u1ea3i Nghi\u1ec7m N\u1eeda Ng\u00e0y Xem C\u00e1 Voi Miches<\/h3>\n<\/div>\n<\/div>\n<\/div>\n<\/div>\n<\/div>\n<\/div>\n<div class=\"vc_row wpb_row vc_row-fluid\"><\/div>\n<div class=\"wpb_column vc_column_container vc_col-sm-12\">\n<div class=\"vc_column-inner\">\n<div class=\"wpb_wrapper\"><\/div>\n<\/div>\n<\/div>\n<div class=\"wpb_text_column wpb_content_element\">\n<div class=\"wpb_wrapper\"><\/div>\n<\/div>\n<div class=\"vc_row wpb_row vc_row-fluid\">\n<div class=\"wpb_column vc_column_container vc_col-sm-12\">\n<div class=\"vc_column-inner\">\n<div class=\"wpb_wrapper\">\n<div class=\"wpb_text_column wpb_content_element\">\n<div class=\"wpb_wrapper\">\n<div class=\"vc_row wpb_row vc_row-fluid\">\n<div class=\"wpb_column vc_column_container vc_col-sm-12\">\n<div class=\"vc_column-inner\">\n<div class=\"wpb_wrapper\">\n<div class=\"wpb_text_column wpb_content_element\">\n<div class=\"wpb_wrapper\">\n<h4><a id=\"overview\" class=\"aal_anchor\" href=\"https:\/\/bookingadventures.com.do\/be\/dominicantour\/miches-whales-watching-half-day-experience-media-luna-half-moon\/#overview\" aria-hidden=\"true\" rel=\"noopener\"><\/a><b><i>T\u1ed5ng quan\ud83d\udc33<\/i><\/b><\/h4>\n<p>B\u1ecf thuy\u1ec1n c\u1ee7a ch\u00fang t\u00f4i \u0111\u1ec3 th\u0103m C\u00e1 voi l\u01b0ng g\u00f9 trong m\u00f4i tr\u01b0\u1eddng s\u1ed1ng c\u1ee7a ch\u00fang. Tr\u1ea3i nghi\u1ec7m n\u00e0y bao g\u1ed3m B\u1ec3 b\u01a1i t\u1ef1 nhi\u00ean d\u00e0nh cho sao bi\u1ec3n v\u00e0 c\u00e1. \u0110\u01b0\u1ee3c ph\u00e9p mang theo \u1ed1ng th\u1edf cho c\u00e1c h\u1ed3 b\u01a1i t\u1ef1 nhi\u00ean.<strong>\u00a0Ghi ch\u00fa:<\/strong>\u00a0Kh\u00f4ng ph\u1ea3i \u0111\u1ec3 b\u01a1i v\u1edbi C\u00e1 voi. Xem Thuy\u1ec1n tr\u01b0\u1edfng c\u1ee7a ch\u00fang t\u00f4i \u0111\u01b0\u1ee3c \u0111\u00e0o t\u1ea1o \u0111\u1ec3 \u0111\u1ea3m b\u1ea3o r\u1eb1ng b\u1ea1n nh\u00ecn th\u1ea5y c\u00e1 voi.<\/p>\n<p>T\u1eeb 9:00 s\u00e1ng \u0111\u1ebfn 1:00 chi\u1ec1u. \u0110\u00e0i quan s\u00e1t ng\u1eafm c\u00e1 voi v\u00e0 Sau chuy\u1ebfn \u0111i Whale Whatchig n\u00e0y, ch\u00fang t\u00f4i quay tr\u1edf l\u1ea1i C\u1ea3ng Miches.<\/p>\n<p><strong>Ghi ch\u00fa:<\/strong>\u00a0Chuy\u1ebfn tham quan n\u00e0y kh\u00f4ng ph\u1ea3i l\u00e0 Ri\u00eang t\u01b0. N\u1ebfu b\u1ea1n mu\u1ed1n \u0111\u1eb7t m\u1ed9t chuy\u1ebfn tham quan ri\u00eang, ch\u1ec9 c\u1ea7n li\u00ean h\u1ec7 v\u1edbi ch\u00fang t\u00f4i!<\/p>\n<ul>\n<li>Chuy\u1ebfn \u0111i xem c\u00e1 voi<\/li>\n<li>B\u1ec3 B\u01a1i T\u1ef1 Nhi\u00ean Ng\u1eafm C\u00e1 Sao<\/li>\n<li>Thuy\u1ec1n Catamarn Chuy\u1ec3n<\/li>\n<li>Thuy\u1ec1n tr\u01b0\u1edfng cung c\u1ea5p h\u01b0\u1edbng d\u1eabn v\u00e0 gi\u00e1m s\u00e1t<\/li>\n<li>H\u01b0\u1edbng d\u1eabn vi\u00ean du l\u1ecbch<\/li>\n<\/ul>\n<p>&nbsp;<\/p>\n<h4><a id=\"inclusions-exclusions\" class=\"aal_anchor\" href=\"https:\/\/bookingadventures.com.do\/be\/dominicantour\/miches-whales-watching-half-day-experience-media-luna-half-moon\/#inclusions-exclusions\" aria-hidden=\"true\" rel=\"noopener\"><\/a><b>Bao g\u1ed3m &amp; Lo\u1ea1i tr\u1eeb<\/b><\/h4>\n<p>&nbsp;<\/p>\n<p><b>bao g\u1ed3m<\/b><\/p>\n<ol>\n<li>H\u01b0\u1edbng d\u1eabn vi\u00ean du l\u1ecbch<\/li>\n<li>Catamaran ho\u1eb7c chuy\u1ebfn \u0111i thuy\u1ec1n<\/li>\n<li>T\u1ea5t c\u1ea3 c\u00e1c lo\u1ea1i thu\u1ebf, ph\u00ed v\u00e0 l\u1ec7 ph\u00ed x\u1eed l\u00fd<\/li>\n<li>Thu\u1ebf \u0111\u1ecba ph\u01b0\u01a1ng<\/li>\n<li>n\u01b0\u1edbc gi\u1ea3i kh\u00e1t<\/li>\n<li>Vi\u00ean n\u00e9n Dramamine (T\u00f9y ch\u1ecdn)<\/li>\n<li>Ph\u00ed v\u00e0o c\u1ed5ng Santuary. (V\u00f2ng \u0111eo tay)<\/li>\n<\/ol>\n<p><b>lo\u1ea1i tr\u1eeb<\/b><\/p>\n<ol>\n<li>ti\u1ec1n th\u01b0\u1edfng<\/li>\n<li>chuy\u1ec3n xe<\/li>\n<li>\u0110\u1ed3 u\u1ed1ng c\u00f3 c\u1ed3n<\/li>\n<\/ol>\n<p>&nbsp;<\/p>\n<h4><a id=\"departure-return\" class=\"aal_anchor\" href=\"https:\/\/bookingadventures.com.do\/be\/dominicantour\/miches-whales-watching-half-day-experience-media-luna-half-moon\/#departure-return\" aria-hidden=\"true\" rel=\"noopener\"><\/a><em><strong>Kh\u1edfi h\u00e0nh &amp; Tr\u1edf v\u1ec1<\/strong><\/em><\/h4>\n<p>Kh\u00e1ch du l\u1ecbch s\u1ebd nh\u1eadn \u0111\u01b0\u1ee3c m\u1ed9t \u0111i\u1ec3m g\u1eb7p g\u1ee1 sau Quy tr\u00ecnh \u0111\u1eb7t ch\u1ed7. C\u00e1c chuy\u1ebfn tham quan b\u1eaft \u0111\u1ea7u v\u00e0 k\u1ebft th\u00fac t\u1ea1i c\u00e1c \u0111i\u1ec3m g\u1eb7p g\u1ee1 c\u1ee7a ch\u00fang t\u00f4i.<\/p>\n<h3><a id=\"miches-whales-watching-half-day-experience-media-luna-half-moon\" class=\"aal_anchor\" href=\"https:\/\/bookingadventures.com.do\/be\/dominicantour\/miches-whales-watching-half-day-experience-media-luna-half-moon\/#miches-whales-watching-half-day-experience-media-luna-half-moon\" aria-hidden=\"true\" rel=\"noopener\"><\/a>Tr\u1ea3i nghi\u1ec7m n\u1eeda ng\u00e0y ng\u1eafm c\u00e1 voi Miches \u2013 Media Luna (N\u1eeda v\u1ea7ng tr\u0103ng).<\/h3>\n<h4><a id=\"what-to-expect\" class=\"aal_anchor\" href=\"https:\/\/bookingadventures.com.do\/be\/dominicantour\/miches-whales-watching-half-day-experience-media-luna-half-moon\/#what-to-expect\" aria-hidden=\"true\" rel=\"noopener\"><\/a><b><i>Mong \u0111\u1ee3i \u0111i\u1ec1u g\u00ec?<\/i><\/b><\/h4>\n<p>&nbsp;<\/p>\n<p><em><strong>Nh\u1eadn v\u00e9 c\u1ee7a b\u1ea1n<\/strong><\/em>\u00a0cho chuy\u1ebfn \u0111i n\u1eeda ng\u00e0y Tour ng\u1eafm c\u00e1 voi \u1edf v\u1ecbnh Saman\u00e1 B\u1eaft \u0111\u1ea7u t\u1eeb Miches.<\/p>\n<p>Chuy\u1ebfn \u0111i xem c\u00e1 voi n\u1eeda ng\u00e0y do \u201cBooking Adventures\u201d t\u1ed5 ch\u1ee9c b\u1eaft \u0111\u1ea7u t\u1ea1i \u0111i\u1ec3m h\u1eb9n \u0111\u00e3 \u0111\u1eb7t v\u1edbi H\u01b0\u1edbng d\u1eabn vi\u00ean. Chuy\u1ebfn n\u00e0y gh\u00e9 Media Luna ( Half- Moon ). \u0102n tr\u01b0a t\u1ea1i b\u00e3i bi\u1ec3n l\u00e0\u00a0<strong>kh\u00f4ng<\/strong>\u00a0bao g\u1ed3m trong tour du l\u1ecbch n\u00e0y.<\/p>\n<p><strong>Truy\u1ec1n th\u00f4ng Luna l\u00e0 g\u00ec?<\/strong><\/p>\n<p>L\u00e0 n\u01a1i m\u1ef1c n\u01b0\u1edbc ph\u1ee5 thu\u1ed9c v\u00e0o \u0111\u01b0\u1eddng ch\u00e2n tr\u1eddi c\u1ee7a th\u1ee7y tri\u1ec1u ho\u1eb7c d\u00f2ng h\u1ea3i l\u01b0u, khi l\u00ean cao s\u1ebd s\u00e2u h\u01a1n v\u00e0 khi xu\u1ed1ng th\u1ea5p th\u00ec d\u00f2ng ch\u1ea3y c\u1ee7a b\u1ec3 gi\u1ea3m. B\u1ecb \u1ea9n gi\u1ea5u v\u00e0 c\u00f3 l\u1ed1i v\u00e0o b\u1eb1ng \u0111\u01b0\u1eddng bi\u1ec3n, khi\u1ebfn n\u01a1i \u0111\u00e2y tr\u1edf th\u00e0nh m\u1ed9t n\u01a1i k\u1ef3 di\u1ec7u v\u00e0 hoang s\u01a1, khi\u1ebfn nh\u1eefng ai gh\u00e9 th\u0103m kh\u00f4ng mu\u1ed1n r\u1eddi \u0111i. \u1ede \u0111\u00e2y kh\u00f4ng c\u00f3 c\u00e2y c\u1ed1i \u0111\u1ec3 che n\u1eafng m\u00e0 n\u01b0\u1edbc l\u1ea1nh bu\u1ed1t do nh\u1eefng c\u01a1n gi\u00f3 m\u1eadu d\u1ecbch trong v\u00f9ng \u00f4m l\u1ea5y ho\u1eb7c lay \u0111\u1ed9ng.<\/p>\n<p>C\u00f3 th\u1ec3 t\u00f3m t\u1eaft r\u1eb1ng \u0111\u00e2y l\u00e0 m\u1ed9t \u0111\u1ea7m ph\u00e1 t\u1ef1 nhi\u00ean \u1edf \u0110\u1ea1i T\u00e2y D\u01b0\u01a1ng, c\u00f3 t\u00ean nh\u01b0 v\u1eady v\u00ec nh\u00ecn t\u1eeb tr\u00ean cao tr\u00f4ng gi\u1ed1ng nh\u01b0 h\u00ecnh l\u01b0\u1ee1i li\u1ec1m. Ng\u01b0\u1eddi d\u00e2n \u0111\u1ecba ph\u01b0\u01a1ng c\u00f2n g\u1ecdi n\u00f3 l\u00e0 Cayo de la Media Luna, \u0111\u01b0\u1ee3c h\u00ecnh th\u00e0nh b\u1edfi c\u00e1c r\u1ea1n san h\u00f4 v\u00e0 c\u00e1t tr\u1eafng, n\u01b0\u1edbc k\u1ebft tinh r\u1ea3i r\u00e1c kh\u1eafp n\u01a1i \u0111\u1ec3 ph\u00e1 s\u00f3ng t\u1ef1 nhi\u00ean, l\u00e0m cho m\u1eb7t n\u01b0\u1edbc \u00eam d\u1ecbu. Khi th\u1ee7y tri\u1ec1u \u1ed5n \u0111\u1ecbnh, \u0111\u1ed9 s\u00e2u c\u1ee7a n\u00f3 kh\u00f4ng qu\u00e1 3 feet, khi\u1ebfn tr\u1ebb em v\u00e0 ng\u01b0\u1eddi l\u1edbn th\u00edch th\u00fa v\u1edbi v\u00f9ng n\u01b0\u1edbc m\u1eb7n thi\u00ean \u0111\u01b0\u1eddng n\u00e0y.<\/p>\n<p>&nbsp;<\/p>\n<p><strong>Th\u1eddi gian bi\u1ec3u:<\/strong><\/p>\n<p>8h45 \u2013 12h30<\/p>\n<p>&nbsp;<\/p>\n<\/div>\n<p>Th\u1eddi gian c\u00f3 th\u1ec3 thay \u0111\u1ed5i t\u00f9y thu\u1ed9c v\u00e0o s\u1ed1 l\u01b0\u1ee3ng c\u00e1 voi m\u00e0 ch\u00fang ta nh\u00ecn th\u1ea5y.<\/p>\n<div class=\"wpb_wrapper\">\n<p>&nbsp;<\/p>\n<h4><a id=\"what-you-should-bring\" class=\"aal_anchor\" href=\"https:\/\/bookingadventures.com.do\/be\/dominicantour\/miches-whales-watching-half-day-experience-media-luna-half-moon\/#what-you-should-bring\" aria-hidden=\"true\" rel=\"noopener\"><\/a><em><strong>B\u1ea1n n\u00ean mang theo nh\u1eefng g\u00ec?<\/strong><\/em><\/h4>\n<ul>\n<li>M\u00e1y \u1ea3nh<\/li>\n<li>ch\u1ed3i \u0111u\u1ed5i<\/li>\n<li>kem ch\u1ed1ng n\u1eafng<\/li>\n<li>m\u0169<\/li>\n<li>qu\u1ea7n tho\u1ea3i m\u00e1i<\/li>\n<li>\u0111\u1ed3 b\u01a1i<\/li>\n<li>Ti\u1ec1n m\u1eb7t cho qu\u00e0 l\u01b0u ni\u1ec7m<\/li>\n<\/ul>\n<p>&nbsp;<\/p>\n<h4><a id=\"hotel-pickup\" class=\"aal_anchor\" href=\"https:\/\/bookingadventures.com.do\/be\/dominicantour\/miches-whales-watching-half-day-experience-media-luna-half-moon\/#hotel-pickup\" aria-hidden=\"true\" rel=\"noopener\"><\/a><b><i>\u0110\u00f3n kh\u00e1ch s\u1ea1n<\/i><\/b><\/h4>\n<p>\u0110\u00f3n kh\u00e1ch s\u1ea1n kh\u00f4ng \u0111\u01b0\u1ee3c cung c\u1ea5p cho tour du l\u1ecbch n\u00e0y. Ch\u00fang t\u00f4i c\u00f3 th\u1ec3 \u0111\u1eb7t n\u00f3 qua- Whatsapp.<\/p>\n<p>&nbsp;<\/p>\n<p><b>Ghi ch\u00fa:<\/b>\u00a0n\u1ebfu b\u1ea1n \u0111\u1eb7t ch\u1ed7 trong v\u00f2ng 24 gi\u1edd k\u1ec3 t\u1eeb gi\u1edd kh\u1edfi h\u00e0nh chuy\u1ebfn tham quan\/Chuy\u1ebfn tham quan, ch\u00fang t\u00f4i c\u00f3 th\u1ec3 s\u1eafp x\u1ebfp d\u1ecbch v\u1ee5 \u0111\u00f3n kh\u00e1ch t\u1ea1i kh\u00e1ch s\u1ea1n v\u1edbi m\u1ed9t kho\u1ea3n ph\u1ee5 ph\u00ed. Sau khi giao d\u1ecbch mua c\u1ee7a b\u1ea1n ho\u00e0n t\u1ea5t, ch\u00fang t\u00f4i s\u1ebd g\u1eedi cho b\u1ea1n th\u00f4ng tin li\u00ean h\u1ec7 \u0111\u1ea7y \u0111\u1ee7 (s\u1ed1 \u0111i\u1ec7n tho\u1ea1i, \u0111\u1ecba ch\u1ec9 email, v.v.) \u0111\u1ec3 H\u01b0\u1edbng d\u1eabn vi\u00ean du l\u1ecbch \u0111\u1ecba ph\u01b0\u01a1ng c\u1ee7a ch\u00fang t\u00f4i s\u1eafp x\u1ebfp vi\u1ec7c \u0111\u00f3n kh\u00e1ch.<\/p>\n<h4><a id=\"additional-info-confirmation\" class=\"aal_anchor\" href=\"https:\/\/bookingadventures.com.do\/be\/dominicantour\/miches-whales-watching-half-day-experience-media-luna-half-moon\/#additional-info-confirmation\" aria-hidden=\"true\" rel=\"noopener\"><\/a><b><i>X\u00e1c nh\u1eadn th\u00f4ng tin b\u1ed5 sung<\/i><\/b><\/h4>\n<ol>\n<li>V\u00e9 l\u00e0 Bi\u00ean lai sau khi thanh to\u00e1n Tour n\u00e0y. B\u1ea1n c\u00f3 th\u1ec3 hi\u1ec3n th\u1ecb thanh to\u00e1n tr\u00ean \u0111i\u1ec7n tho\u1ea1i c\u1ee7a m\u00ecnh.<\/li>\n<li>\u0110i\u1ec3m h\u1eb9n s\u1ebd nh\u1eadn \u0111\u01b0\u1ee3c sau qu\u00e1 tr\u00ecnh \u0111\u1eb7t ch\u1ed7.<\/li>\n<li>Tr\u1ebb em ph\u1ea3i \u0111i c\u00f9ng ng\u01b0\u1eddi l\u1edbn.<\/li>\n<li>Xe l\u0103n cho ng\u01b0\u1eddi khuy\u1ebft<\/li>\n<li>Tr\u1ebb s\u01a1 sinh ph\u1ea3i ng\u1ed3i tr\u00ean \u0111\u00f9i<\/li>\n<li>H\u1ea7u h\u1ebft du kh\u00e1ch c\u00f3 th\u1ec3 tham gia<\/li>\n<\/ol>\n<h4><a id=\"cancellation-policy\" class=\"aal_anchor\" href=\"https:\/\/bookingadventures.com.do\/be\/dominicantour\/miches-whales-watching-half-day-experience-media-luna-half-moon\/#cancellation-policy\" aria-hidden=\"true\" rel=\"noopener\"><\/a><b><i>Ch\u00ednh s\u00e1ch h\u1ee7y<\/i><\/b><\/h4>\n<p>\u0110\u1ec3 \u0111\u01b0\u1ee3c ho\u00e0n ti\u1ec1n \u0111\u1ea7y \u0111\u1ee7, h\u00e3y h\u1ee7y \u00edt nh\u1ea5t 24 gi\u1edd tr\u01b0\u1edbc ng\u00e0y b\u1eaft \u0111\u1ea7u tr\u1ea3i nghi\u1ec7m.<\/p>\n<\/div>\n<\/div>\n<\/div>\n<\/div>\n<\/div>\n<\/div>\n<\/div>\n<\/div>\n<\/div>\n<\/div>\n<\/div>\n<\/div>\n\n\t\t<\/div>\n\t<\/div>\n<\/div><\/div><\/div><\/div><div class=\"vc_row wpb_row vc_row-fluid\" ><\/div><div class=\"wpb_column vc_column_container vc_col-sm-12\"><div class=\"vc_column-inner\"><div class=\"wpb_wrapper\"><\/div><\/div><\/div><div class=\"vc_row wpb_row vc_row-fluid\" ><div class=\"wpb_column vc_column_container vc_col-sm-12\"><div class=\"vc_column-inner\"><div class=\"wpb_wrapper\"><div class=\"vc_btn3-container vc_btn3-inline\" ><button class=\"vc_general vc_btn3 vc_btn3-size-md vc_btn3-shape-rounded vc_btn3-style-modern vc_btn3-color-green\">\u0110\u0102\u0323T B\u00c2Y GI\u1edc<\/button><\/div><\/div><\/div><\/div><\/div>","protected":false},"excerpt":{"rendered":"<p>N\u1eeda ng\u00e0y ng\u1eafm c\u00e1 voi \u1edf V\u1ecbnh Samana, C\u1ed9ng h\u00f2a Dominica. Ng\u1eafm c\u00e1 voi t\u1eeb c\u1ea3ng Miches tr\u00ean thuy\u1ec1n \u0111\u00f4i ho\u1eb7c thuy\u1ec1n tho\u1ea3i m\u00e1i. \u0110\u1eb7t v\u00e9 v\u00e0o bu\u1ed5i s\u00e1ng sau khi \u0103n s\u00e1ng \u0111\u1ec3 tham quan Media Luna (N\u1eeda Tr\u0103ng) v\u00e0 Ng\u1eafm C\u00e1 Voi. H\u00e3y \u0111\u1eb7t ngay chuy\u1ebfn tham quan V\u1ecbnh Samana n\u00e0y \u0111\u1ec3 c\u00f3 tr\u1ea3i nghi\u1ec7m ng\u1eafm c\u00e1 voi v\u00e0 du l\u1ecbch bi\u1ec3n th\u00fa v\u1ecb.<\/p>\n<p><strong>Ch\u1ecdn ng\u00e0y \u0111i tour:<\/strong><\/p>","protected":false},"featured_media":12019,"template":"","meta":[],"product_cat":[427,255,937],"product_tag":[428,429,228,393,327,199,342,276,277,274,389,388,275],"class_list":["post-9463","product","type-product","status-publish","has-post-thumbnail","hentry","product_cat-miches-whale-watching-and-media-luna","product_cat-tours-excursions-samana-bay-dominican-republic","product_cat-whale-watching-miches","product_tag-half-day-whale-watching-miches","product_tag-media-luna-miches","product_tag-miches","product_tag-miches-whale-watching","product_tag-private-tours-samana","product_tag-samana-bay","product_tag-samana-whale-watching","product_tag-whale-samana","product_tag-whale-tours","product_tag-whale-watching-dominican-republic","product_tag-whale-watching-las-galeras","product_tag-whale-watching-las-terrenas","product_tag-whale-watching-samana"],"_links":{"self":[{"href":"https:\/\/www.boattoursamana.com\/vi\/wp-json\/wp\/v2\/product\/9463","targetHints":{"allow":["GET"]}}],"collection":[{"href":"https:\/\/www.boattoursamana.com\/vi\/wp-json\/wp\/v2\/product"}],"about":[{"href":"https:\/\/www.boattoursamana.com\/vi\/wp-json\/wp\/v2\/types\/product"}],"wp:featuredmedia":[{"embeddable":true,"href":"https:\/\/www.boattoursamana.com\/vi\/wp-json\/wp\/v2\/media\/12019"}],"wp:attachment":[{"href":"https:\/\/www.boattoursamana.com\/vi\/wp-json\/wp\/v2\/media?parent=9463"}],"wp:term":[{"taxonomy":"product_cat","embeddable":true,"href":"https:\/\/www.boattoursamana.com\/vi\/wp-json\/wp\/v2\/product_cat?post=9463"},{"taxonomy":"product_tag","embeddable":true,"href":"https:\/\/www.boattoursamana.com\/vi\/wp-json\/wp\/v2\/product_tag?post=9463"}],"curies":[{"name":"wp","href":"https:\/\/api.w.org\/{rel}","templated":true}]}}