{"id":9483,"date":"2019-09-29T19:07:31","date_gmt":"2019-09-29T19:07:31","guid":{"rendered":"https:\/\/www.ticketswhales.com\/?post_type=product&#038;p=9483"},"modified":"2023-11-10T17:38:00","modified_gmt":"2023-11-10T17:38:00","slug":"playa-rincon-rincon-beach-half-day-trip-samana-dominican-republic","status":"publish","type":"product","link":"https:\/\/www.boattoursamana.com\/vi\/chuyen-du-lich\/playa-rincon-rincon-bai-bien-nua-ngay-chuyen-di-samana-cong-hoa-dominican-2","title":{"rendered":"Playa Rinc\u00f3n (B\u00e3i bi\u1ec3n Rincon), Chuy\u1ebfn \u0111i n\u1eeda ng\u00e0y, Saman\u00e1 \u2013 C\u1ed9ng h\u00f2a Dominica."},"content":{"rendered":"<div class=\"vc_row wpb_row vc_row-fluid\" ><div class=\"wpb_column vc_column_container vc_col-sm-12\"><div class=\"vc_column-inner\"><div class=\"wpb_wrapper\"><div class=\"mkdf-section-title-holder\" style=\"text-align: left\">\n\t<div class=\"mkdf-st-inner\">\n\t\t\t\t\t<h5 class=\"mkdf-st-subtitle\" >\n\t\t\t\t\u0102n tr\u01b0a, \u0111i thuy\u1ec1n v\u00e0 v\u1eadn chuy\u1ec3n t\u01b0 nh\u00e2n t\u1eeb kh\u00e1ch s\u1ea1n.\t\t\t<\/h5>\n\t\t\t\t\t\t\t<h3 class=\"mkdf-st-title\" >\n\t\t\t\tPlaya Rinc\u00f3n, Playa Fronton + B\u00e3i bi\u1ec3n Playa Madame, Saman\u00e1 - C\u1ed9ng h\u00f2a Dominica.\t\t\t<\/h3>\n\t\t\t\t\t<\/div>\n<\/div><div class=\"vc_btn3-container vc_btn3-inline\" ><button class=\"vc_general vc_btn3 vc_btn3-size-md vc_btn3-shape-rounded vc_btn3-style-modern vc_btn3-color-green\">\u0110\u0102\u0323T B\u00c2Y GI\u1edc<\/button><\/div>\n\t<div class=\"wpb_text_column wpb_content_element\" >\n\t\t<div class=\"wpb_wrapper\">\n\t\t\t<h3><\/h3>\n<h4><b><i>T\u1ed5ng quan <\/i><\/b><\/h4>\n<p>Chuy\u1ebfn \u0111i b\u1eaft \u0111\u1ea7u \u0111\u00f3n b\u1ea1n t\u1ea1i kh\u00e1ch s\u1ea1n ho\u1eb7c t\u1ea1i s\u00e2n bay \u1edf khu v\u1ef1c Samana ho\u1eb7c Las Galeras. H\u00e3y c\u00f9ng ch\u00fang t\u00f4i kh\u00e1m ph\u00e1 b\u00e3i bi\u1ec3n El Rincon, m\u1ed9t b\u00e3i bi\u1ec3n c\u00e1t tr\u1eafng d\u00e0i v\u00e0 hoang s\u01a1, gi\u00e1p v\u1edbi m\u1ed9t v\u1ecbnh n\u01b0\u1edbc trong xanh nh\u01b0 ng\u1ecdc, \u0111i\u1ec3m xuy\u1ebft nh\u1eefng h\u00e0ng d\u1eeba, thu h\u00fat s\u1ef1 ch\u00fa \u00fd c\u1ee7a m\u1ecdi du kh\u00e1ch. El Rincon l\u00e0 m\u1ed9t trong m\u01b0\u1eddi b\u00e3i bi\u1ec3n \u0111\u1eb9p nh\u1ea5t th\u1ebf gi\u1edbi. \u0110\u1ec3 \u0111\u1ebfn b\u00e3i bi\u1ec3n \u0111\u1ed9c \u0111\u00e1o n\u00e0y, b\u1ea1n s\u1ebd t\u1eadn h\u01b0\u1edfng phong c\u00e1ch s\u1ed1ng c\u1ee7a C\u1ed9ng h\u00f2a Dominica khi \u0111\u1ebfn b\u00e3i bi\u1ec3n. Tr\u00ean xe bu\u00fdt s\u1ebd c\u00f3 m\u1ed9t v\u00e0i \u0111i\u1ec3m d\u1eebng t\u1ea1i c\u00e1c c\u1eeda h\u00e0ng tr\u00e1i c\u00e2y, n\u01a1i b\u1ea1n c\u00f3 th\u1ec3 mua m\u1ed9t \u00edt n\u1ebfu mu\u1ed1n, s\u1ebd th\u1ea5y nh\u1eefng ng\u00f4i nh\u00e0 \u0111\u1ecba ph\u01b0\u01a1ng v\u00e0 t\u00ecm hi\u1ec3u v\u1ec1 cu\u1ed9c s\u1ed1ng th\u1ef1c c\u1ee7a ng\u01b0\u1eddi Dominica.<\/p>\n<ul>\n<li>B\u1ea1n s\u1ebd d\u00f9ng b\u1eefa tr\u01b0a v\u1edbi nh\u1eefng ng\u00f3n ch\u00e2n tr\u00ean c\u00e1t trong khi c\u00e1c b\u00e0i h\u00e1t Merengue v\u00e0 Bachata s\u1ebd \u0111\u01b0\u1ee3c ch\u01a1i t\u1ea1i \u201cEl Paraiso\u201d, n\u01a1i b\u1ea1n s\u1ebd \u0111\u01b0\u1ee3c ph\u1ee5c v\u1ee5 m\u1ed9t b\u1eefa \u0103n ho\u00e0n ch\u1ec9nh bao g\u1ed3m m\u1ed9t m\u00f3n c\u00e1, k\u00e8m theo \u0111\u1ed3 u\u1ed1ng \u0111\u1ecba ph\u01b0\u01a1ng v\u00e0 cocktail. \u1ede \u0111\u00e2y b\u1ea1n s\u1ebd t\u00ecm th\u1ea5y m\u1ed9t vi\u00ean ng\u1ecdc trai t\u1ef1 nhi\u00ean \u0111\u01b0\u1ee3c coi l\u00e0 m\u1ed9t trong nh\u1eefng b\u00e3i bi\u1ec3n \u0111\u1eb9p nh\u1ea5t trong c\u1ea3 n\u01b0\u1edbc. C\u00e1t tr\u1eafng m\u1ecbn, n\u01b0\u1edbc bi\u1ec3n m\u00e0u ng\u1ecdc lam v\u00e0 nh\u1eefng c\u00e2y c\u1ecd cao h\u00e0ng m\u00e9t \u0111\u00e3 n\u00f3i l\u00ean t\u1ea5t c\u1ea3.<\/li>\n<\/ul>\n<p>&nbsp;<\/p>\n<ul>\n<li>H\u01b0\u1edbng d\u1eabn \u0111\u1ecba ph\u01b0\u01a1ng v\u1edbi kinh nghi\u1ec7m an to\u00e0n trong khu v\u1ef1c.<\/li>\n<li>giao th\u00f4ng c\u00e1 nh\u00e2n<\/li>\n<li>\u0110\u00e3 bao g\u1ed3m ph\u00ed<\/li>\n<li>\u0102n tr\u01b0a t\u1ea1i b\u00e3i bi\u1ec3n<\/li>\n<li>H\u01b0\u1edbng d\u1eabn vi\u00ean \u0111\u1ecba ph\u01b0\u01a1ng b\u1eb1ng ti\u1ebfng T\u00e2y Ban Nha, ti\u1ebfng Anh ho\u1eb7c ti\u1ebfng Ph\u00e1p.<\/li>\n<li>\u0110i b\u1ed9 \u0111\u01b0\u1eddng d\u00e0i<\/li>\n<\/ul>\n<h4><b>Bao g\u1ed3m &amp; Lo\u1ea1i tr\u1eeb<\/b><\/h4>\n<p>&nbsp;<\/p>\n<p><b>bao g\u1ed3m<\/b><\/p>\n<ol>\n<li><span style=\"font-weight: 400;\">H\u01b0\u1edbng d\u1eabn \u0111\u1ecba ph\u01b0\u01a1ng v\u1edbi kinh nghi\u1ec7m an to\u00e0n trong khu v\u1ef1c.<\/span><\/li>\n<li>Ph\u01b0\u01a1ng ti\u1ec7n di chuy\u1ec3n ri\u00eang cho c\u00e1c nh\u00f3m nh\u1ecf<\/li>\n<li style=\"font-weight: 400;\">B\u00e3i bi\u1ec3n El Rincon<\/li>\n<li>Trang tr\u1ea1i nh\u00e0 Dominican<\/li>\n<li>S\u00f4ng Cano Frio<\/li>\n<li style=\"font-weight: 400;\"><span style=\"font-weight: 400;\">T\u1ea5t c\u1ea3 c\u00e1c lo\u1ea1i thu\u1ebf, ph\u00ed v\u00e0 l\u1ec7 ph\u00ed x\u1eed l\u00fd<\/span><\/li>\n<li style=\"font-weight: 400;\"><span style=\"font-weight: 400;\">Thu\u1ebf \u0111\u1ecba ph\u01b0\u01a1ng<\/span><\/li>\n<li>\u0102n tr\u01b0a t\u1ea1i b\u00e3i bi\u1ec3n<\/li>\n<li>\u0110i b\u1ed9 \u0111\u01b0\u1eddng d\u00e0i<\/li>\n<li style=\"font-weight: 400;\"><span style=\"font-weight: 400;\">T\u1ea5t c\u1ea3 c\u00e1c ho\u1ea1t \u0111\u1ed9ng<\/span><\/li>\n<\/ol>\n<p><b> lo\u1ea1i tr\u1eeb<\/b><\/p>\n<ol>\n<li style=\"font-weight: 400;\"><span style=\"font-weight: 400;\">ti\u1ec1n th\u01b0\u1edfng<\/span><\/li>\n<li>T\u1ea5t c\u1ea3 \u0111\u1ed3 u\u1ed1ng<\/li>\n<\/ol>\n<h4><em><strong>Kh\u1edfi h\u00e0nh &amp; Tr\u1edf v\u1ec1<\/strong><\/em><\/h4>\n<p><span style=\"font-weight: 400;\">Kh\u00e1ch du l\u1ecbch s\u1ebd nh\u1eadn \u0111\u01b0\u1ee3c m\u1ed9t \u0111i\u1ec3m g\u1eb7p g\u1ee1 sau Quy tr\u00ecnh \u0111\u1eb7t ch\u1ed7. C\u00e1c chuy\u1ebfn tham quan b\u1eaft \u0111\u1ea7u v\u00e0 k\u1ebft th\u00fac t\u1ea1i c\u00e1c \u0111i\u1ec3m g\u1eb7p g\u1ee1 c\u1ee7a b\u1ea1n.<\/span><\/p>\n<h3>Playa Rinc\u00f3n (B\u00e3i bi\u1ec3n Rincon), Chuy\u1ebfn \u0111i n\u1eeda ng\u00e0y, Saman\u00e1 \u2013 C\u1ed9ng h\u00f2a Dominica.<\/h3>\n<h4><em>Mong \u0111\u1ee3i \u0111i\u1ec1u g\u00ec?<\/em><\/h4>\n<p>Sau khi r\u1eddi kh\u1ecfi khu v\u1ef1c kh\u00e1ch s\u1ea1n Samana v\u00e0 l\u00e1i xe qua c\u00e1c \u0111\u01b0\u1eddng ph\u1ed1 c\u1ee7a Dominica, b\u1ea1n s\u1ebd th\u1ea5y v\u00e0 t\u00ecm hi\u1ec3u v\u1ec1 phong c\u00e1ch s\u1ed1ng c\u1ee7a ng\u01b0\u1eddi d\u00e2n \u0111\u1ecba ph\u01b0\u01a1ng. Tham quan Playa Rinc\u00f3n l\u00e0 m\u1ed9t d\u1ea3i c\u00e1t tr\u1eafng hoang s\u01a1 tr\u1ea3i d\u00e0i kho\u1ea3ng 2,5 d\u1eb7m (4 km) d\u1ecdc theo m\u1ed9t ph\u1ea7n ch\u01b0a ph\u00e1t tri\u1ec3n c\u1ee7a b\u1edd bi\u1ec3n. \u0110\u01b0\u1ee3c bao quanh b\u1edfi m\u1ed9t h\u00e0ng d\u1eeba v\u00e0 \u0111\u01b0\u1ee3c bao b\u1ecdc b\u1edfi c\u00e1c \u0111\u1ec9nh n\u00fai v\u00e0 v\u00e1ch \u0111\u00e1 \u1edf c\u1ea3 hai \u0111\u1ea7u, b\u00e3i bi\u1ec3n h\u1ebbo l\u00e1nh n\u00e0y gi\u1ed1ng nh\u01b0 m\u1ed9t \u0111i\u1ec1u kh\u00f4ng t\u01b0\u1edfng th\u1ef1c s\u1ef1, b\u1ecb c\u1eaft \u0111\u1ee9t kh\u1ecfi n\u1ec1n v\u0103n minh. \u1ede \u0111\u00e2y n\u01b0\u1edbc si\u00eau trong v\u00e0 c\u00f3 r\u1ea1n san h\u00f4 xung quanh \u0111\u1ea3m b\u1ea3o an to\u00e0n cho b\u00e3i bi\u1ec3n, ngh\u0129a l\u00e0 b\u1ea1n c\u00f3 th\u1ec3 \u0111i b\u01a1i m\u00e0 kh\u00f4ng g\u1eb7p r\u1ee7i ro. Ch\u00fang t\u00f4i c\u0169ng s\u1ebd \u0111\u1ebfn th\u0103m s\u00f4ng Cano Frio.<\/p>\n<p>&nbsp;<\/p>\n<p>Chuy\u1ebfn tham quan n\u00e0y do \u201cBooking Adventures\u201d t\u1ed5 ch\u1ee9c b\u1eaft \u0111\u1ea7u t\u1ea1i \u0111i\u1ec3m h\u1eb9n \u0111\u00e3 \u0111\u1eb7t v\u1edbi H\u01b0\u1edbng d\u1eabn vi\u00ean c\u1ee7a ch\u00fang t\u00f4i. H\u00e3y \u0111\u1ebfn v\u1edbi Booking Adventures v\u00e0 \u0103n tr\u01b0a t\u1ea1i b\u00e3i bi\u1ec3n v\u00e0 t\u1eadn h\u01b0\u1edfng m\u1ed9t trong nh\u1eefng b\u00e3i bi\u1ec3n tuy\u1ec7t v\u1eddi nh\u1ea5t \u1edf Samana, C\u1ed9ng h\u00f2a Dominica.<\/p>\n<h4><em><strong>B\u1ea1n n\u00ean mang theo nh\u1eefng g\u00ec?<\/strong><\/em><\/h4>\n<ul>\n<li style=\"font-weight: 400;\"><span style=\"font-weight: 400;\">M\u00e1y \u1ea3nh<\/span><\/li>\n<li style=\"font-weight: 400;\"><span style=\"font-weight: 400;\">ch\u1ed3i \u0111u\u1ed5i<\/span><\/li>\n<li style=\"font-weight: 400;\"><span style=\"font-weight: 400;\">Kem ch\u1ed1ng n\u1eafng<\/span><\/li>\n<li>N\u01b0\u1edbc<\/li>\n<li style=\"font-weight: 400;\"><span style=\"font-weight: 400;\">m\u0169<\/span><\/li>\n<li style=\"font-weight: 400;\"><span style=\"font-weight: 400;\">qu\u1ea7n tho\u1ea3i m\u00e1i<\/span><\/li>\n<li style=\"font-weight: 400;\"><span style=\"font-weight: 400;\">Gi\u00e0y leo n\u00fai \u0111i r\u1eebng<\/span><\/li>\n<li style=\"font-weight: 400;\"><span style=\"font-weight: 400;\">D\u00e9p \u0111i c\u00e1c mi\u1ec1n Xu\u00e2n.<\/span><\/li>\n<li style=\"font-weight: 400;\"><span style=\"font-weight: 400;\">\u0111\u1ed3 b\u01a1i<\/span><\/li>\n<\/ul>\n<p>&nbsp;<\/p>\n<h4><b><i>\u0110\u00f3n kh\u00e1ch s\u1ea1n <\/i><\/b><\/h4>\n<p><span style=\"font-weight: 400;\">\u0110\u00f3n kh\u00e1ch s\u1ea1n \u0111\u01b0\u1ee3c cung c\u1ea5p cho tour du l\u1ecbch n\u00e0y. <\/span><\/p>\n<p>&nbsp;<\/p>\n<p><b>Ghi ch\u00fa:<\/b><span style=\"font-weight: 400;\"> N\u1ebfu b\u1ea1n \u0111\u1eb7t ch\u1ed7 trong v\u00f2ng 24 gi\u1edd k\u1ec3 t\u1eeb gi\u1edd kh\u1edfi h\u00e0nh chuy\u1ebfn tham quan\/Chuy\u1ebfn tham quan, ch\u00fang t\u00f4i c\u00f3 th\u1ec3 s\u1eafp x\u1ebfp d\u1ecbch v\u1ee5 \u0111\u00f3n kh\u00e1ch t\u1ea1i kh\u00e1ch s\u1ea1n. Ch\u00fang t\u00f4i ch\u1ec9 nh\u1eadn \u1edf khu v\u1ef1c Samana. Sau khi giao d\u1ecbch mua c\u1ee7a b\u1ea1n ho\u00e0n t\u1ea5t, ch\u00fang t\u00f4i s\u1ebd g\u1eedi cho b\u1ea1n th\u00f4ng tin li\u00ean h\u1ec7 \u0111\u1ea7y \u0111\u1ee7 (s\u1ed1 \u0111i\u1ec7n tho\u1ea1i, \u0111\u1ecba ch\u1ec9 email, v.v.) \u0111\u1ec3 H\u01b0\u1edbng d\u1eabn vi\u00ean du l\u1ecbch \u0111\u1ecba ph\u01b0\u01a1ng c\u1ee7a ch\u00fang t\u00f4i s\u1eafp x\u1ebfp vi\u1ec7c \u0111\u00f3n kh\u00e1ch.<\/span><\/p>\n<h4><b><i>X\u00e1c nh\u1eadn th\u00f4ng tin b\u1ed5 sung <\/i><\/b><\/h4>\n<ol>\n<li>V\u00e9 l\u00e0 Bi\u00ean lai sau khi thanh to\u00e1n Tour n\u00e0y. B\u1ea1n c\u00f3 th\u1ec3 hi\u1ec3n th\u1ecb thanh to\u00e1n tr\u00ean \u0111i\u1ec7n tho\u1ea1i c\u1ee7a m\u00ecnh.<\/li>\n<li style=\"font-weight: 400;\"><span style=\"font-weight: 400;\">\u0110i\u1ec3m h\u1eb9n s\u1ebd nh\u1eadn \u0111\u01b0\u1ee3c sau qu\u00e1 tr\u00ecnh \u0111\u1eb7t ch\u1ed7.<\/span><\/li>\n<li style=\"font-weight: 400;\"><span style=\"font-weight: 400;\">Tr\u1ebb em ph\u1ea3i \u0111i c\u00f9ng ng\u01b0\u1eddi l\u1edbn.<\/span><\/li>\n<li style=\"font-weight: 400;\"><span style=\"font-weight: 400;\"> Kh\u00f4ng th\u1ec3 s\u1eed d\u1ee5ng xe l\u0103n <\/span><\/li>\n<li style=\"font-weight: 400;\"><span style=\"font-weight: 400;\">Tr\u1ebb s\u01a1 sinh ph\u1ea3i ng\u1ed3i tr\u00ean \u0111\u00f9i <\/span><\/li>\n<li style=\"font-weight: 400;\"><span style=\"font-weight: 400;\">Kh\u00f4ng n\u00ean d\u00f9ng cho du kh\u00e1ch c\u00f3 v\u1ea5n \u0111\u1ec1 v\u1ec1 l\u01b0ng<\/span><\/li>\n<li style=\"font-weight: 400;\"><span style=\"font-weight: 400;\">Kh\u00f4ng n\u00ean d\u00f9ng cho du kh\u00e1ch mang thai <\/span><\/li>\n<li style=\"font-weight: 400;\"><span style=\"font-weight: 400;\"> Kh\u00f4ng c\u00f3 v\u1ea5n \u0111\u1ec1 v\u1ec1 tim ho\u1eb7c c\u00e1c t\u00ecnh tr\u1ea1ng y t\u1ebf nghi\u00eam tr\u1ecdng kh\u00e1c <\/span><\/li>\n<li style=\"font-weight: 400;\"><span style=\"font-weight: 400;\">H\u1ea7u h\u1ebft du kh\u00e1ch c\u00f3 th\u1ec3 tham gia<\/span><\/li>\n<\/ol>\n<h4><b><i>Ch\u00ednh s\u00e1ch h\u1ee7y<\/i><\/b><\/h4>\n<p>\u0110\u1ec3 \u0111\u01b0\u1ee3c ho\u00e0n ti\u1ec1n \u0111\u1ea7y \u0111\u1ee7, vui l\u00f2ng \u0111\u1ecdc ch\u00ednh s\u00e1ch H\u1ee7y c\u1ee7a ch\u00fang t\u00f4i\u00a0<a href=\"https:\/\/www.boattoursamana.com\/vi\/dat-phong-truc-tuyen\/\" target=\"_blank\" rel=\"noopener\" data-saferedirecturl=\"https:\/\/www.google.com\/url?q=https:\/\/www.boattoursamana.com\/online-booking\/&amp;source=gmail&amp;ust=1672532492004000&amp;usg=AOvVaw3ylqI1cdbIPTimEqEWneyd\">B\u1ea5m v\u00e0o \u0111\u00e2y<\/a>. Ti\u1ec1n s\u1ebd b\u1ecb m\u1ea5t n\u1ebfu \u0111\u1eb7t ch\u1ed7 b\u1ecb h\u1ee7y trong c\u00f9ng ng\u00e0y c\u1ee7a chuy\u1ebfn \u0111i.<\/p>\n\n\t\t<\/div>\n\t<\/div>\n<div class=\"vc_btn3-container vc_btn3-inline\" ><button class=\"vc_general vc_btn3 vc_btn3-size-md vc_btn3-shape-rounded vc_btn3-style-modern vc_btn3-color-green\">\u0110\u0102\u0323T B\u00c2Y GI\u1edc<\/button><\/div><\/div><\/div><\/div><\/div><div class=\"vc_row wpb_row vc_row-fluid\" ><div class=\"wpb_column vc_column_container vc_col-sm-12\"><div class=\"vc_column-inner\"><div class=\"wpb_wrapper\">\n\t<div class=\"wpb_video_widget wpb_content_element vc_clearfix   vc_video-aspect-ratio-169 vc_video-el-width-100 vc_video-align-left\" >\n\t\t<div class=\"wpb_wrapper\">\n\t\t\t<h2 class=\"wpb_heading wpb_video_heading\">B\u00e3i bi\u1ec3n Boca del Diablo v\u00e0 Fronton<\/h2>\n\t\t\t<div class=\"wpb_video_wrapper\"><iframe loading=\"lazy\" title=\"B\u00e1n \u0111\u1ea3o Saman\u00e1, C\u1ed9ng h\u00f2a Dominica (DJI Phantom 4 4K)\" width=\"1100\" height=\"619\" src=\"https:\/\/www.youtube.com\/embed\/DYDXVm8Q_iM?feature=oembed\" frameborder=\"0\" allow=\"accelerometer; autoplay; encrypted-media; gyroscope; picture-in-picture\" allowfullscreen><\/iframe><\/div>\n\t\t<\/div>\n\t<\/div>\n<\/div><\/div><\/div><\/div><div class=\"vc_row wpb_row vc_row-fluid\" ><div class=\"wpb_column vc_column_container vc_col-sm-12\"><div class=\"vc_column-inner\"><div class=\"wpb_wrapper\"><div class=\"vc_empty_space\"   style=\"height: 32px\"><span class=\"vc_empty_space_inner\"><\/span><\/div>\n\t<div class=\"wpb_text_column wpb_content_element\" >\n\t\t<div class=\"wpb_wrapper\">\n\t\t\t<h4>Li\u00ean h\u1ec7 ch\u00fang t\u00f4i?<\/h4>\n<h5>\u0111\u1eb7t ph\u00f2ng phi\u00eau l\u01b0u<\/h5>\n<p><em><strong>ng\u01b0\u1eddi d\u00e2n \u0111\u1ecba ph\u01b0\u01a1ng<\/strong>\u00a0v\u00e0\u00a0<strong>c\u00f4ng d\u00e2n<\/strong>\u00a0H\u01b0\u1edbng d\u1eabn vi\u00ean du l\u1ecbch &amp; D\u1ecbch v\u1ee5 kh\u00e1ch<\/em><\/p>\n<p><span class=\"text-turquoise\">\u0111\u1eb7t ph\u00f2ng:<\/span>\u00a0Chuy\u1ebfn tham quan &amp; du ngo\u1ea1n t\u1ea1i Dom. Tr\u1ea3 l\u1eddi.<\/p>\n<p><img decoding=\"async\" class=\"emoji\" draggable=\"false\" src=\"https:\/\/s.w.org\/images\/core\/emoji\/11.2.0\/svg\/1f4de.svg\" alt=\"\ud83d\udcde\" title=\"\">\u00a0\u0110i\u1ec7n tho\u1ea1i \/ Whatsapp\u00a0\u00a0<a href=\"tel:+1-809-720-6035\">+1-809-720-6035<\/a>.<\/p>\n<p><img decoding=\"async\" class=\"emoji\" draggable=\"false\" src=\"https:\/\/s.w.org\/images\/core\/emoji\/11.2.0\/svg\/1f4e9.svg\" alt=\"\ud83d\udce9\" title=\"\">\u00a0<a href=\"mailto:info@bookingadventures.com.do\">info@bookingadventures.com.do<\/a><\/p>\n<p><strong>Ch\u00fang t\u00f4i \u0111ang thi\u1ebft l\u1eadp linh ho\u1ea1t c\u00e1c chuy\u1ebfn tham quan ri\u00eang t\u01b0 b\u1eb1ng Whatsapp:\u00a0<a href=\"tel:+18097206035\">+18097206035.<\/a><\/strong><\/p>\n\n\t\t<\/div>\n\t<\/div>\n<div class=\"vc_empty_space\"   style=\"height: 32px\"><span class=\"vc_empty_space_inner\"><\/span><\/div><\/div><\/div><\/div><\/div><div class=\"vc_row wpb_row vc_row-fluid\" ><div class=\"wpb_column vc_column_container vc_col-sm-12\"><div class=\"vc_column-inner\"><div class=\"wpb_wrapper\"><\/div><\/div><\/div><\/div>","protected":false},"excerpt":{"rendered":"<p>Tham quan b\u00e3i bi\u1ec3n Playa el Rincon v\u1edbi B\u1eefa tr\u01b0a t\u1ea1i b\u00e3i bi\u1ec3n, d\u1eebng ch\u00e2n tr\u00ean \u0111\u01b0\u1eddng t\u1ea1i Nh\u00e0 Dominican v\u00e0 c\u1eeda h\u00e0ng tr\u00e1i c\u00e2y c\u1ed9ng v\u1edbi b\u01a1i l\u1ed9i trong v\u00f9ng n\u01b0\u1edbc pha l\u00ea c\u1ee7a S\u00f4ng Cano Frio. \u0110\u00e2y l\u00e0 tr\u1ea3i nghi\u1ec7m n\u1eeda ng\u00e0y v\u1ec1 Samana th\u1ef1c s\u1ef1 \u1edf C\u1ed9ng h\u00f2a Dominica.<\/p>\n<p>&nbsp;<\/p>\n<p><strong>Vui l\u00f2ng ch\u1ecdn ng\u00e0y cho Tour:\u00a0<\/strong><\/p>","protected":false},"featured_media":9381,"template":"","meta":[],"product_cat":[160,655,170,255],"product_tag":[204,373,379,327,376,375,200,187],"class_list":["post-9483","product","type-product","status-publish","has-post-thumbnail","hentry","product_cat-lunch","product_cat-1-samana","product_cat-local-tour-guides","product_cat-tours-excursions-samana-bay-dominican-republic","product_tag-el-rincon-beach","product_tag-playa-rincon","product_tag-playa-rincon-tours","product_tag-private-tours-samana","product_tag-rincon-beach-tour","product_tag-samana-dominican-republic","product_tag-samana-excursions","product_tag-samana-tours"],"_links":{"self":[{"href":"https:\/\/www.boattoursamana.com\/vi\/wp-json\/wp\/v2\/product\/9483","targetHints":{"allow":["GET"]}}],"collection":[{"href":"https:\/\/www.boattoursamana.com\/vi\/wp-json\/wp\/v2\/product"}],"about":[{"href":"https:\/\/www.boattoursamana.com\/vi\/wp-json\/wp\/v2\/types\/product"}],"wp:featuredmedia":[{"embeddable":true,"href":"https:\/\/www.boattoursamana.com\/vi\/wp-json\/wp\/v2\/media\/9381"}],"wp:attachment":[{"href":"https:\/\/www.boattoursamana.com\/vi\/wp-json\/wp\/v2\/media?parent=9483"}],"wp:term":[{"taxonomy":"product_cat","embeddable":true,"href":"https:\/\/www.boattoursamana.com\/vi\/wp-json\/wp\/v2\/product_cat?post=9483"},{"taxonomy":"product_tag","embeddable":true,"href":"https:\/\/www.boattoursamana.com\/vi\/wp-json\/wp\/v2\/product_tag?post=9483"}],"curies":[{"name":"wp","href":"https:\/\/api.w.org\/{rel}","templated":true}]}}