{"id":9630,"date":"2019-10-14T14:05:44","date_gmt":"2019-10-14T14:05:44","guid":{"rendered":"https:\/\/www.ticketswhales.com\/?post_type=product&#038;p=9630"},"modified":"2023-11-10T17:32:15","modified_gmt":"2023-11-10T17:32:15","slug":"parasailing-tour-from-punta-cana","status":"publish","type":"product","link":"https:\/\/www.boattoursamana.com\/vi\/chuyen-du-lich\/du-luon-tour-tu-punta-cana","title":{"rendered":"Tour d\u00f9 k\u00e9o t\u1eeb Punta Cana 95 USD."},"content":{"rendered":"<div class=\"vc_row wpb_row vc_row-fluid\" ><div class=\"wpb_column vc_column_container vc_col-sm-12\"><div class=\"vc_column-inner\"><div class=\"wpb_wrapper\"><div class=\"mkdf-section-title-holder\" style=\"text-align: left\">\n\t<div class=\"mkdf-st-inner\">\n\t\t\t\t\t<h5 class=\"mkdf-st-subtitle\" >\n\t\t\t\tT\u1eeb c\u00e1c kh\u00e1ch s\u1ea1n \u1edf Punta Cana\t\t\t<\/h5>\n\t\t\t\t\t\t\t<h3 class=\"mkdf-st-title\" >\n\t\t\t\tTour d\u00f9 l\u01b0\u1ee3n t\u1eeb Punta Cana\t\t\t<\/h3>\n\t\t\t\t\t\t\t<p class=\"mkdf-st-text\" >\n\t\t\t\tL\u01b0u \u00fd: Chuy\u1ebfn tham quan n\u00e0y b\u1eaft \u0111\u1ea7u l\u00fac 7:00 s\u00e1ng T\u00f9y thu\u1ed9c v\u00e0o kh\u00e1ch s\u1ea1n \u0111\u00f3n \u1edf \u0111\u00e2u m\u00e0 th\u1eddi gian c\u00f3 th\u1ec3 thay \u0111\u1ed5i. Chi ph\u00ed b\u1ed5 sung cho Nh\u1eadn t\u1ea1i c\u00e1c Khu v\u1ef1c kh\u00f4ng \u0111\u01b0\u1ee3c li\u1ec7t k\u00ea trong M\u00f4 t\u1ea3 c\u1ee7a ch\u00fang t\u00f4i.\t\t\t<\/p>\n\t\t\t<\/div>\n<\/div><\/div><\/div><\/div><\/div><div class=\"vc_row wpb_row vc_row-fluid\" ><div class=\"wpb_column vc_column_container vc_col-sm-12\"><div class=\"vc_column-inner\"><div class=\"wpb_wrapper\"><div class=\"vc_empty_space\"   style=\"height: 32px\"><span class=\"vc_empty_space_inner\"><\/span><\/div><\/div><\/div><\/div><\/div><div class=\"vc_row wpb_row vc_row-fluid\" ><div class=\"wpb_column vc_column_container vc_col-sm-12\"><div class=\"vc_column-inner\"><div class=\"wpb_wrapper\"><div class=\"vc_btn3-container vc_btn3-inline\" ><button class=\"vc_general vc_btn3 vc_btn3-size-md vc_btn3-shape-rounded vc_btn3-style-modern vc_btn3-color-green\">\u0110\u0102\u0323T B\u00c2Y GI\u1edc<\/button><\/div>\n\t<div class=\"wpb_text_column wpb_content_element\" >\n\t\t<div class=\"wpb_wrapper\">\n\t\t\t<h4><b><i>T\u1ed5ng quan <\/i><\/b><\/h4>\n<div>\n<p>D\u00f9 k\u00e9o qua b\u1edd bi\u1ec3n Punta Cana\/Bavaro trong ho\u1ea1t \u0111\u1ed9ng k\u00e9o d\u00e0i 40 ph\u00fat n\u00e0y kh\u1edfi h\u00e0nh t\u1eeb Punta Cana. H\u01b0\u1edfng l\u1ee3i t\u1eeb ki\u1ebfn th\u1ee9c chuy\u00ean m\u00f4n c\u1ee7a m\u1ed9t trong nh\u1eefng c\u00f4ng ty d\u00f9 l\u01b0\u1ee3n gi\u00e0u kinh nghi\u1ec7m nh\u1ea5t \u1edf C\u1ed9ng h\u00f2a Dominica, v\u1edbi h\u01a1n 60.000 chuy\u1ebfn bay k\u1ec3 t\u1eeb n\u0103m 2001. Ng\u1eafm nh\u00ecn khung c\u1ea3nh ngo\u1ea1n m\u1ee5c c\u1ee7a nh\u1eefng b\u00e3i bi\u1ec3n, l\u00e0n n\u01b0\u1edbc m\u00e0u ng\u1ecdc lam v\u00e0 nh\u1eefng khu ngh\u1ec9 d\u01b0\u1ee1ng tr\u1ea3i d\u00e0i d\u1ecdc b\u1edd bi\u1ec3n trong khi bay \u1edf \u0111\u1ed9 cao h\u00e0ng tr\u0103m m\u00e9t trong kh\u00f4ng trung. Mang theo kem ch\u1ed1ng n\u1eafng, \u0111\u1ed3 t\u1eafm v\u00e0 c\u1ea3m gi\u00e1c phi\u00eau l\u01b0u. Tour ng\u1eafm c\u1ea3nh tr\u00ean kh\u00f4ng Du l\u1ecbch b\u1eb1ng thuy\u1ec1n v\u00e0 ng\u1eafm c\u1ea3nh t\u1eeb d\u01b0\u1edbi n\u01b0\u1edbc L\u1ef1a ch\u1ecdn kh\u1edfi h\u00e0nh bu\u1ed5i s\u00e1ng ho\u1eb7c bu\u1ed5i chi\u1ec1u Bao g\u1ed3m \u0111\u00f3n v\u00e0 tr\u1ea3 kh\u00e1ch t\u1ea1i kh\u00e1ch s\u1ea1n mi\u1ec5n ph\u00ed<\/p>\n<\/div>\n<ul class=\"vcs-highlights\">\n<li>L\u1ef1a ch\u1ecdn nhi\u1ec1u chuy\u1ebfn kh\u1edfi h\u00e0nh trong ng\u00e0y<\/li>\n<li>T\u1eadn h\u01b0\u1edfng t\u1ea7m nh\u00ecn t\u1eeb tr\u00ean kh\u00f4ng tuy\u1ec7t v\u1eddi<\/li>\n<li>Gia \u0111\u00ecnh th\u00e2n thi\u1ec7n<\/li>\n<li>\u0110\u00f3n kh\u00e1ch t\u1eeb m\u1ed9t \u0111i\u1ec3m t\u1eadp trung n\u1eb1m \u1edf trung t\u00e2m<\/li>\n<li>Tr\u1ea3i nghi\u1ec7m l\u00e3ng m\u1ea1n, ho\u00e0n h\u1ea3o cho c\u00e1c c\u1eb7p \u0111\u00f4i<\/li>\n<\/ul>\n<p>&nbsp;<\/p>\n<h4><b>Bao g\u1ed3m &amp; Lo\u1ea1i tr\u1eeb<\/b><\/h4>\n<p>&nbsp;<\/p>\n<p><b>bao g\u1ed3m<\/b><\/p>\n<p>&nbsp;<\/p>\n<ol>\n<li>Tour d\u00f9 l\u01b0\u1ee3n<\/li>\n<li>Xe bu\u00fdt \u0111\u00f3n t\u1eeb kh\u00e1ch s\u1ea1n c\u1ee7a b\u1ea1n<\/li>\n<li style=\"font-weight: 400;\"><span style=\"font-weight: 400;\">T\u1ea5t c\u1ea3 c\u00e1c lo\u1ea1i thu\u1ebf, ph\u00ed v\u00e0 l\u1ec7 ph\u00ed x\u1eed l\u00fd<\/span><\/li>\n<li style=\"font-weight: 400;\"><span style=\"font-weight: 400;\">Thu\u1ebf \u0111\u1ecba ph\u01b0\u01a1ng<\/span><\/li>\n<li style=\"font-weight: 400;\"><span style=\"font-weight: 400;\">n\u01b0\u1edbc gi\u1ea3i kh\u00e1t<\/span><\/li>\n<\/ol>\n<p><b> lo\u1ea1i tr\u1eeb<\/b><\/p>\n<ol>\n<li style=\"font-weight: 400;\"><span style=\"font-weight: 400;\">ti\u1ec1n th\u01b0\u1edfng<\/span><\/li>\n<li>B\u1eefa tr\u01b0a<\/li>\n<\/ol>\n<p>&nbsp;<\/p>\n<h4><em><strong>Kh\u1edfi h\u00e0nh &amp; Tr\u1edf v\u1ec1<\/strong><\/em><\/h4>\n<p><span style=\"font-weight: 400;\">Kh\u00e1ch du l\u1ecbch s\u1ebd nh\u1eadn \u0111\u01b0\u1ee3c m\u1ed9t \u0111i\u1ec3m g\u1eb7p g\u1ee1 sau Quy tr\u00ecnh \u0111\u1eb7t ch\u1ed7. C\u00e1c chuy\u1ebfn tham quan b\u1eaft \u0111\u1ea7u v\u00e0 k\u1ebft th\u00fac t\u1ea1i c\u00e1c \u0111i\u1ec3m g\u1eb7p g\u1ee1 c\u1ee7a ch\u00fang t\u00f4i.<\/span><\/p>\n<p>&nbsp;<\/p>\n<h4><b><i>Mong \u0111\u1ee3i \u0111i\u1ec1u g\u00ec?<\/i><\/b><\/h4>\n<p>H\u00e3y t\u01b0\u1edfng t\u01b0\u1ee3ng b\u1ea1n \u0111\u01b0\u1ee3c n\u00e2ng l\u00ean cao 150 feet trong kh\u00f4ng trung, l\u00e0n gi\u00f3 m\u00e1t m\u01a1n man tr\u00ean khu\u00f4n m\u1eb7t b\u1ea1n trong khi th\u01b0 gi\u00e3n v\u1edbi t\u1ea7m nh\u00ecn ngo\u1ea1n m\u1ee5c ra b\u1edd bi\u1ec3n Bavaro \u2013 Punta Cana. Ng\u1eebng t\u01b0\u1edfng t\u01b0\u1ee3ng v\u00e0 tham gia c\u00f9ng ch\u00fang t\u00f4i trong chuy\u1ebfn \u0111i d\u00f9 l\u01b0\u1ee3n th\u00fa v\u1ecb, m\u1ed9t tr\u1ea3i nghi\u1ec7m th\u1ef1c s\u1ef1 kh\u00f3 qu\u00ean. B\u1ea1n ch\u1ec9 c\u1ea7n kem ch\u1ed1ng n\u1eafng v\u00e0 \u0111\u1ed3 t\u1eafm, trong khi t\u1eadn h\u01b0\u1edfng c\u1ea3m gi\u00e1c h\u1ed3i h\u1ed9p c\u1ee7a chuy\u1ebfn \u0111i. Bay c\u00f9ng c\u00f4ng ty d\u00f9 l\u01b0\u1ee3n h\u00e0ng \u0111\u1ea7u c\u1ee7a C\u1ed9ng h\u00f2a Dominica. V\u1edbi h\u01a1n 60.000 chuy\u1ebfn bay k\u1ec3 t\u1eeb n\u0103m 2001, \u0111\u1ed9i tr\u01b0\u1edfng v\u00e0 phi h\u00e0nh \u0111o\u00e0n l\u00e0nh ngh\u1ec1 c\u1ee7a ch\u00fang t\u00f4i l\u00e0 nh\u1eefng ng\u01b0\u1eddi c\u00f3 kinh nghi\u1ec7m nh\u1ea5t trong ng\u00e0nh.<\/p>\n<p><strong>Th\u1eddi gian bi\u1ec3u:<\/strong><\/p>\n<p>7:00 s\u00e1ng \u2013 7:00 t\u1ed1i\u2026 Thay \u0111\u1ed5i th\u1eddi gian t\u00f9y thu\u1ed9c v\u00e0o v\u1ecb tr\u00ed c\u1ee7a b\u1ea1n \u1edf Punta Cana.<\/p>\n<p>&nbsp;<\/p>\n<h4><em><strong>B\u1ea1n n\u00ean mang theo nh\u1eefng g\u00ec?<\/strong><\/em><\/h4>\n<ul>\n<li style=\"font-weight: 400;\"><span style=\"font-weight: 400;\">M\u00e1y \u1ea3nh<\/span><\/li>\n<li style=\"font-weight: 400;\"><span style=\"font-weight: 400;\">ch\u1ed3i \u0111u\u1ed5i<\/span><\/li>\n<li style=\"font-weight: 400;\"><span style=\"font-weight: 400;\">kem ch\u1ed1ng n\u1eafng<\/span><\/li>\n<li style=\"font-weight: 400;\"><span style=\"font-weight: 400;\">m\u0169<\/span><\/li>\n<li style=\"font-weight: 400;\"><span style=\"font-weight: 400;\">qu\u1ea7n tho\u1ea3i m\u00e1i<\/span><\/li>\n<li style=\"font-weight: 400;\"><span style=\"font-weight: 400;\">Gi\u00e0y leo n\u00fai \u0111i r\u1eebng<\/span><\/li>\n<li style=\"font-weight: 400;\"><span style=\"font-weight: 400;\">Sandal \u0111i bi\u1ec3n<\/span><\/li>\n<li style=\"font-weight: 400;\"><span style=\"font-weight: 400;\">\u0111\u1ed3 b\u01a1i<\/span><\/li>\n<li>Ti\u1ec1n m\u1eb7t cho qu\u00e0 l\u01b0u ni\u1ec7m<\/li>\n<\/ul>\n<p>&nbsp;<\/p>\n<h4><b><i>\u0110\u00f3n kh\u00e1ch s\u1ea1n <\/i><\/b><\/h4>\n<p><span style=\"font-weight: 400;\">\u0110\u00f3n kh\u00e1ch du l\u1ecbch \u0111\u01b0\u1ee3c cung c\u1ea5p!<\/span><\/p>\n<p><span style=\"font-weight: 400;\">Ch\u00fang t\u00f4i nh\u1eadn t\u1eeb t\u1ea5t c\u1ea3 c\u00e1c Kh\u00e1ch s\u1ea1n \u1edf Punta Cana. \u0110\u1ecba \u0111i\u1ec3m \u0111\u00f3n t\u1ea1i s\u1ea3nh kh\u00e1ch s\u1ea1n<br \/>\nN\u1ebfu b\u1ea1n \u0111ang \u1edf t\u1ea1i m\u1ed9t c\u0103n h\u1ed9 trong khu v\u1ef1c, ch\u00fang t\u00f4i s\u1ebd \u0111\u00f3n b\u1ea1n t\u1ea1i c\u0103n h\u1ed9 ho\u1eb7c \u1edf l\u1ed1i v\u00e0o c\u1ee7a khu ngh\u1ec9 d\u01b0\u1ee1ng g\u1ea7n nh\u1ea5t.. Ch\u00fang t\u00f4i \u0111\u00e3 thi\u1ebft l\u1eadp Pick Pick li\u00ean h\u1ec7 v\u1edbi ch\u00fang t\u00f4i b\u1eb1ng Whatsapp.<\/span><\/p>\n<p><b>Ghi ch\u00fa:<\/b><span style=\"font-weight: 400;\"> N\u1ebfu b\u1ea1n \u0111\u1eb7t ch\u1ed7 trong v\u00f2ng 24 gi\u1edd k\u1ec3 t\u1eeb gi\u1edd kh\u1edfi h\u00e0nh chuy\u1ebfn tham quan\/Chuy\u1ebfn tham quan, ch\u00fang t\u00f4i c\u00f3 th\u1ec3 s\u1eafp x\u1ebfp d\u1ecbch v\u1ee5 \u0111\u00f3n kh\u00e1ch t\u1ea1i kh\u00e1ch s\u1ea1n. Sau khi giao d\u1ecbch mua c\u1ee7a b\u1ea1n ho\u00e0n t\u1ea5t, ch\u00fang t\u00f4i s\u1ebd g\u1eedi cho b\u1ea1n th\u00f4ng tin li\u00ean h\u1ec7 \u0111\u1ea7y \u0111\u1ee7 (s\u1ed1 \u0111i\u1ec7n tho\u1ea1i, \u0111\u1ecba ch\u1ec9 email, v.v.) \u0111\u1ec3 H\u01b0\u1edbng d\u1eabn vi\u00ean du l\u1ecbch \u0111\u1ecba ph\u01b0\u01a1ng c\u1ee7a ch\u00fang t\u00f4i s\u1eafp x\u1ebfp vi\u1ec7c \u0111\u00f3n kh\u00e1ch.<\/span><\/p>\n<h4><b><i>X\u00e1c nh\u1eadn th\u00f4ng tin b\u1ed5 sung <\/i><\/b><\/h4>\n<ol>\n<li>V\u00e9 l\u00e0 Bi\u00ean lai sau khi thanh to\u00e1n Tour n\u00e0y. B\u1ea1n c\u00f3 th\u1ec3 hi\u1ec3n th\u1ecb thanh to\u00e1n tr\u00ean \u0111i\u1ec7n tho\u1ea1i c\u1ee7a m\u00ecnh.<\/li>\n<li style=\"font-weight: 400;\"><span style=\"font-weight: 400;\">\u0110i\u1ec3m h\u1eb9n s\u1ebd nh\u1eadn \u0111\u01b0\u1ee3c sau qu\u00e1 tr\u00ecnh \u0111\u1eb7t ch\u1ed7.<\/span><\/li>\n<li style=\"font-weight: 400;\"><span style=\"font-weight: 400;\">Tr\u1ebb em ph\u1ea3i \u0111i c\u00f9ng ng\u01b0\u1eddi l\u1edbn.<\/span><\/li>\n<li style=\"font-weight: 400;\"><span style=\"font-weight: 400;\">Xe l\u0103n cho ng\u01b0\u1eddi khuy\u1ebft <\/span><\/li>\n<li style=\"font-weight: 400;\"><span style=\"font-weight: 400;\">Tr\u1ebb s\u01a1 sinh ph\u1ea3i ng\u1ed3i tr\u00ean \u0111\u00f9i <\/span><\/li>\n<li style=\"font-weight: 400;\"><span style=\"font-weight: 400;\">H\u1ea7u h\u1ebft du kh\u00e1ch c\u00f3 th\u1ec3 tham gia<\/span><\/li>\n<\/ol>\n<h4><b><i>Ch\u00ednh s\u00e1ch h\u1ee7y<\/i><\/b><\/h4>\n<p>\u0110\u1ec3 \u0111\u01b0\u1ee3c ho\u00e0n ti\u1ec1n \u0111\u1ea7y \u0111\u1ee7, vui l\u00f2ng \u0111\u1ecdc ch\u00ednh s\u00e1ch H\u1ee7y c\u1ee7a ch\u00fang t\u00f4i\u00a0<a href=\"https:\/\/www.boattoursamana.com\/vi\/dat-phong-truc-tuyen\/\" target=\"_blank\" rel=\"noopener\" data-saferedirecturl=\"https:\/\/www.google.com\/url?q=https:\/\/www.boattoursamana.com\/online-booking\/&amp;source=gmail&amp;ust=1672532492004000&amp;usg=AOvVaw3ylqI1cdbIPTimEqEWneyd\">B\u1ea5m v\u00e0o \u0111\u00e2y<\/a>. Ti\u1ec1n s\u1ebd b\u1ecb m\u1ea5t n\u1ebfu \u0111\u1eb7t ch\u1ed7 b\u1ecb h\u1ee7y trong c\u00f9ng ng\u00e0y c\u1ee7a chuy\u1ebfn \u0111i.<\/p>\n\n\t\t<\/div>\n\t<\/div>\n<\/div><\/div><\/div><\/div><div class=\"vc_row wpb_row vc_row-fluid\" ><div class=\"wpb_column vc_column_container vc_col-sm-12\"><div class=\"vc_column-inner\"><div class=\"wpb_wrapper\">\n\t<div class=\"wpb_text_column wpb_content_element\" >\n\t\t<div class=\"wpb_wrapper\">\n\t\t\t<h4>Li\u00ean h\u1ec7 ch\u00fang t\u00f4i?<\/h4>\n<h5><em><strong>\u0111\u1eb7t ph\u00f2ng phi\u00eau l\u01b0u<\/strong><\/em><\/h5>\n<p><em><strong>ng\u01b0\u1eddi d\u00e2n \u0111\u1ecba ph\u01b0\u01a1ng<\/strong> v\u00e0 <strong>c\u00f4ng d\u00e2n<\/strong> H\u01b0\u1edbng d\u1eabn vi\u00ean du l\u1ecbch &amp; D\u1ecbch v\u1ee5 kh\u00e1ch<\/em><\/p>\n<p><span class=\"text-turquoise\">\u0111\u1eb7t ph\u00f2ng:<\/span> Chuy\u1ebfn tham quan &amp; du ngo\u1ea1n t\u1ea1i Dom. Tr\u1ea3 l\u1eddi.<\/p>\n\n\t\t<\/div>\n\t<\/div>\n<\/div><\/div><\/div><\/div><div class=\"vc_row wpb_row vc_row-fluid\" ><\/div><div class=\"wpb_column vc_column_container vc_col-sm-12\"><div class=\"vc_column-inner\"><div class=\"wpb_wrapper\"><\/div><\/div><\/div><div class=\"vc_empty_space\"   style=\"height: 32px\"><span class=\"vc_empty_space_inner\"><\/span><\/div><div class=\"vc_row wpb_row vc_row-fluid\" ><div class=\"wpb_column vc_column_container vc_col-sm-12\"><div class=\"vc_column-inner\"><div class=\"wpb_wrapper\"><div class=\"vc_btn3-container vc_btn3-inline\" ><button class=\"vc_general vc_btn3 vc_btn3-size-md vc_btn3-shape-rounded vc_btn3-style-modern vc_btn3-color-green\">\u0110\u0102\u0323T B\u00c2Y GI\u1edc<\/button><\/div><\/div><\/div><\/div><\/div>","protected":false},"excerpt":{"rendered":"<p>D\u00f9 l\u01b0\u1ee3n \u1edf Punta Cana l\u00e0 m\u1ed9t cu\u1ed9c phi\u00eau l\u01b0u th\u00fa v\u1ecb v\u00e0 l\u00e0 m\u1ed9t trong nh\u1eefng \u0111i\u1ec1u tuy\u1ec7t v\u1eddi nh\u1ea5t \u0111\u1ec3 l\u00e0m \u1edf Punta Cana. \u0110\u01b0\u1eddng b\u1edd bi\u1ec3n t\u1eeb \u0111\u1ed9 cao 200 feet tr\u00ean kh\u00f4ng khi b\u1ea1n ch\u00e8o thuy\u1ec1n th\u1ef1c s\u1ef1 tuy\u1ec7t \u0111\u1eb9p.<\/p>\n<p>D\u00f9 l\u01b0\u1ee3n l\u00e0 m\u1ed9t tr\u1ea3i nghi\u1ec7m \u0111\u01a1n gi\u1ea3n v\u00e0 th\u00fa v\u1ecb d\u00e0nh cho m\u1ecdi th\u00e0nh vi\u00ean trong gia \u0111\u00ecnh. L\u00e0 c\u00f4ng ty d\u00f9 l\u01b0\u1ee3n v\u00e0 phi\u00eau l\u01b0u h\u00e0ng \u0111\u1ea7u \u1edf C\u1ed9ng h\u00f2a Dominica, \u0111\u1ed9i D\u00f9 l\u01b0\u1ee3n c\u1ee7a ch\u00fang t\u00f4i l\u00e0 m\u1ed9t trong nh\u1eefng \u0111\u1ed9i gi\u00e0u kinh nghi\u1ec7m nh\u1ea5t \u1edf Punta Cana, v\u1edbi h\u01a1n 16 n\u0103m kinh nghi\u1ec7m bay<span style=\"vertical-align: inherit;\"><span style=\"vertical-align: inherit;\">.<\/span><\/span><\/p>\n<p>B\u1ea1n c\u00f3 th\u1ec3 t\u1eadn h\u01b0\u1edfng kho\u1ea3ng 15 ph\u00fat bay trong khi ng\u1eafm nh\u00ecn to\u00e0n c\u1ea3nh tuy\u1ec7t \u0111\u1eb9p.<\/p>\n<p><strong>Ch\u1ecdn ng\u00e0y cho chuy\u1ebfn tham quan:\u00a0<\/strong><\/p>","protected":false},"featured_media":9634,"template":"","meta":[],"product_cat":[253,948,468,972,349,294],"product_tag":[242,470,469,222,471,313,243],"class_list":["post-9630","product","type-product","status-publish","has-post-thumbnail","hentry","product_cat-tours-and-excursions","product_cat-1-punta-cana","product_cat-parasaling","product_cat-punta-cana-group-tours","product_cat-tours-and-excursion-punta-cana","product_cat-tours-excursions-punta-cana-dominican-republic","product_tag-catamaran","product_tag-parasail-punta-cana","product_tag-parasailing-in-punta-cana","product_tag-punta-cana","product_tag-punta-cana-catamaran-party-with-snorkeling-and-parasailing","product_tag-punta-cana-tours","product_tag-saona-island"],"_links":{"self":[{"href":"https:\/\/www.boattoursamana.com\/vi\/wp-json\/wp\/v2\/product\/9630","targetHints":{"allow":["GET"]}}],"collection":[{"href":"https:\/\/www.boattoursamana.com\/vi\/wp-json\/wp\/v2\/product"}],"about":[{"href":"https:\/\/www.boattoursamana.com\/vi\/wp-json\/wp\/v2\/types\/product"}],"wp:featuredmedia":[{"embeddable":true,"href":"https:\/\/www.boattoursamana.com\/vi\/wp-json\/wp\/v2\/media\/9634"}],"wp:attachment":[{"href":"https:\/\/www.boattoursamana.com\/vi\/wp-json\/wp\/v2\/media?parent=9630"}],"wp:term":[{"taxonomy":"product_cat","embeddable":true,"href":"https:\/\/www.boattoursamana.com\/vi\/wp-json\/wp\/v2\/product_cat?post=9630"},{"taxonomy":"product_tag","embeddable":true,"href":"https:\/\/www.boattoursamana.com\/vi\/wp-json\/wp\/v2\/product_tag?post=9630"}],"curies":[{"name":"wp","href":"https:\/\/api.w.org\/{rel}","templated":true}]}}