{"id":9912,"date":"2020-03-29T08:08:03","date_gmt":"2020-03-29T08:08:03","guid":{"rendered":"https:\/\/www.ticketswhales.com\/Tours-Excursions\/uncategorized\/import-placeholder-for-9851\/"},"modified":"2023-11-10T15:24:20","modified_gmt":"2023-11-10T15:24:20","slug":"samana-whale-watching-cayo-levantado-bacardi-island-limon-waterfalls-from-punta-cana-hotels","status":"publish","type":"product","link":"https:\/\/www.boattoursamana.com\/vi\/chuyen-du-lich\/samana-ngam-ca-voi-cayo-levantado-bacardi-dao-limon-thac-nuoc-tu-punta-cana-khach-san","title":{"rendered":"Punta Cana: Ng\u1eafm c\u00e1 voi Saman\u00e1 + Cayo Levantado (\u0110\u1ea3o Bacardi) + Th\u00e1c n\u01b0\u1edbc Lim\u00f3n"},"content":{"rendered":"<div class=\"wpb_column vc_column_container vc_col-sm-12\"><div class=\"vc_column-inner\"><div class=\"wpb_wrapper\"><div class=\"vc_btn3-container vc_btn3-inline\" ><button class=\"vc_general vc_btn3 vc_btn3-size-md vc_btn3-shape-rounded vc_btn3-style-modern vc_btn3-color-green\">\u0110\u0102\u0323T B\u00c2Y GI\u1edc<\/button><\/div>\n\t<div class=\"wpb_text_column wpb_content_element\" >\n\t\t<div class=\"wpb_wrapper\">\n\t\t\t<div class=\"vc_row wpb_row vc_row-fluid\">\n<div class=\"wpb_column vc_column_container vc_col-sm-12\">\n<div class=\"vc_column-inner\">\n<div class=\"wpb_wrapper\">\n<div class=\"mkdf-section-title-holder\">\n<div class=\"mkdf-st-inner\">\n<h5 class=\"mkdf-st-subtitle\">Cayo Levantado (\u0110\u1ea3o Bacardi) + Th\u00e1c n\u01b0\u1edbc Limon t\u1eeb Kh\u00e1ch s\u1ea1n Punta Cana.<\/h5>\n<h3 class=\"mkdf-st-title\">Xem c\u00e1 voi n\u0103m 2023 \u1edf Punta Cana \u0111\u1ebfn V\u1ecbnh Samana<\/h3>\n<\/div>\n<\/div>\n<\/div>\n<\/div>\n<\/div>\n<\/div>\n<div class=\"vc_row wpb_row vc_row-fluid\"><\/div>\n<div class=\"wpb_column vc_column_container vc_col-sm-12\">\n<div class=\"vc_column-inner\">\n<div class=\"wpb_wrapper\"><\/div>\n<\/div>\n<\/div>\n<div class=\"wpb_text_column wpb_content_element\">\n<div class=\"wpb_wrapper\"><\/div>\n<\/div>\n<div class=\"vc_row wpb_row vc_row-fluid\">\n<div class=\"wpb_column vc_column_container vc_col-sm-12\">\n<div class=\"vc_column-inner\">\n<div class=\"wpb_wrapper\">\n<div class=\"wpb_text_column wpb_content_element\">\n<div class=\"wpb_wrapper\">\n<div class=\"vc_row wpb_row vc_row-fluid\">\n<div class=\"wpb_column vc_column_container vc_col-sm-12\">\n<div class=\"vc_column-inner\">\n<div class=\"wpb_wrapper\">\n<div class=\"wpb_text_column wpb_content_element\">\n<div class=\"wpb_wrapper\">\n<h4><b><i>T\u1ed5ng quan\ud83d\udc33<\/i><\/b><\/h4>\n<p>C\u00e1 voi Punta Cana, ng\u1eafm c\u00e1 voi \u1edf V\u1ecbnh Saman\u00e1 v\u00e0 gh\u00e9 th\u0103m Cayo Levantado c\u1ed9ng v\u1edbi Safari \u0111\u1ebfn Th\u00e1c n\u01b0\u1edbc El limon trong chuy\u1ebfn tham quan c\u1ea3 ng\u00e0y n\u00e0y t\u1eeb c\u00e1c kh\u00e1ch s\u1ea1n \u1edf Punta Cana. \u0110i \u0111\u1ebfn v\u1ecbnh Saman\u00e1 tr\u00ean m\u1ed9t chi\u1ebfc xe kh\u00e1ch tho\u1ea3i m\u00e1i, c\u00f3 m\u00e1y l\u1ea1nh, sau \u0111\u00f3 chuy\u1ec3n sang m\u1ed9t chi\u1ebfc thuy\u1ec1n Catamaran t\u1ea1i Miches. Du thuy\u1ec1n ra v\u00f9ng bi\u1ec3n r\u1ed9ng m\u1edf \u0111\u1ec3 t\u00ecm ki\u1ebfm nh\u1eefng \u0111\u00e0n c\u00e1 voi l\u01b0ng g\u00f9 \u0111\u1ebfn sinh s\u1ea3n v\u00e0 \u0111\u1ebb con trong khu v\u1ef1c. T\u00ecm hi\u1ec3u v\u1ec1 h\u00e0nh vi v\u00e0 sinh h\u1ecdc c\u1ee7a nh\u1eefng \u0111\u1ed9ng v\u1eadt c\u00f3 v\u00fa s\u1ed1ng \u1edf bi\u1ec3n n\u00e0y t\u1eeb h\u01b0\u1edbng d\u1eabn vi\u00ean chuy\u00ean gia v\u1ec1 t\u1ef1 nhi\u00ean h\u1ecdc c\u1ee7a b\u1ea1n. Ti\u1ebfp t\u1ee5c \u0111\u1ebfn Cayo Levantado \/ \u0110\u1ea3o Bacardi, \u0103n tr\u01b0a tr\u00ean b\u00e3i bi\u1ec3n v\u00e0 ng\u00e2m m\u00ecnh trong l\u00e0n n\u01b0\u1edbc trong xanh sau chuy\u1ebfn \u0111i Safari n\u00e0y \u0111\u1ebfn Th\u00e1c n\u01b0\u1edbc el Limon v\u1edbi C\u01b0\u1ee1i ng\u1ef1a b\u00ean r\u1eebng d\u1eeba tr\u01b0\u1edbc khi quay tr\u1edf l\u1ea1i Punta Cana.<\/p>\n<p>&nbsp;<\/p>\n<p><strong>Ghi ch\u00fa:<\/strong>\u00a0Chuy\u1ebfn tham quan n\u00e0y kh\u00f4ng ph\u1ea3i l\u00e0 Ri\u00eang t\u01b0. Chuy\u1ebfn tham quan n\u00e0y \u0111\u00e3 bao g\u1ed3m \u0111i\u1ec3m d\u1eebng t\u1ea1i\u00a0<strong>Th\u00e1c Limon<\/strong>. \u0110\u1ec3 \u0111\u1eb7t c\u00f9ng m\u1ed9t chuy\u1ebfn \u0111i v\u00e0 kh\u00f4ng \u0111i \u0111\u1ebfn th\u00e1c n\u01b0\u1edbc, vui l\u00f2ng\u00a0<a href=\"https:\/\/www.boattoursamana.com\/vi\/Tours-Excursions\/tours-excursions-samana-bay-dominican-republic\/whale-watching-2020-in-punta-cana-to-samana-bay-cayo-levantado-bacardi-island-from-hotels\/\" data-mil=\"9912\">B\u1ea4M V\u00c0O \u0110\u00c2Y.<\/a><\/p>\n<ul>\n<li>Chuy\u1ebfn \u0111i xem c\u00e1 voi<\/li>\n<li>\u0110\u1ea3o Bacardi \/ Cayo Levantado<\/li>\n<li>Ph\u00ed tham quan \u0111\u00e0i quan s\u00e1t<\/li>\n<li>Samana Safari<\/li>\n<li>C\u01b0\u1ee1i ng\u1ef1a th\u00e1c n\u01b0\u1edbc El Limon<\/li>\n<li>Bao g\u1ed3m Buffet tr\u01b0a tr\u00ean b\u00e3i bi\u1ec3n<\/li>\n<li>chuy\u1ec3n thuy\u1ec1n<\/li>\n<li>Thuy\u1ec1n tr\u01b0\u1edfng cung c\u1ea5p h\u01b0\u1edbng d\u1eabn v\u00e0 gi\u00e1m s\u00e1t<\/li>\n<li>H\u01b0\u1edbng d\u1eabn vi\u00ean du l\u1ecbch<\/li>\n<\/ul>\n<p>&nbsp;<\/p>\n<h4><b>Bao g\u1ed3m &amp; Lo\u1ea1i tr\u1eeb<\/b><\/h4>\n<p>&nbsp;<\/p>\n<p><b>bao g\u1ed3m<\/b><\/p>\n<p>&nbsp;<\/p>\n<ol>\n<li>Buffet tr\u01b0a tr\u00ean b\u00e3i bi\u1ec3n<\/li>\n<li>chuy\u1ec3n t\u1eeb kh\u00e1ch s\u1ea1n<\/li>\n<li>H\u01b0\u1edbng d\u1eabn vi\u00ean du l\u1ecbch<\/li>\n<li>Catamaran ho\u1eb7c chuy\u1ebfn \u0111i thuy\u1ec1n<\/li>\n<li>T\u1ea5t c\u1ea3 c\u00e1c lo\u1ea1i thu\u1ebf, ph\u00ed v\u00e0 l\u1ec7 ph\u00ed x\u1eed l\u00fd<\/li>\n<li>Thu\u1ebf \u0111\u1ecba ph\u01b0\u01a1ng<\/li>\n<li>n\u01b0\u1edbc gi\u1ea3i kh\u00e1t<\/li>\n<\/ol>\n<p><b>lo\u1ea1i tr\u1eeb<\/b><\/p>\n<ol>\n<li>ti\u1ec1n th\u01b0\u1edfng<\/li>\n<\/ol>\n<p>&nbsp;<\/p>\n<h4><em><strong>Kh\u1edfi h\u00e0nh &amp; Tr\u1edf v\u1ec1<\/strong><\/em><\/h4>\n<p>\u0110\u00f3n kh\u00e1ch s\u1ea1n \u0111\u01b0\u1ee3c cung c\u1ea5p cho tour du l\u1ecbch n\u00e0y. Trong Ghi ch\u00fa Ch\u1ec9 c\u1ea7n vi\u1ebft t\u00ean c\u1ee7a kh\u00e1ch s\u1ea1n \u0111\u1ec3 \u0111\u00f3n b\u1ea1n. Ch\u00fang t\u00f4i nh\u1eadn trong t\u1ea5t c\u1ea3 c\u00e1c kh\u00e1ch s\u1ea1n Punta Cana.<\/p>\n<p>&nbsp;<\/p>\n<h3>Ng\u1eafm c\u00e1 voi Samana + Cayo Levantado (\u0110\u1ea3o Bacardi) + Th\u00e1c n\u01b0\u1edbc Limon t\u1eeb Kh\u00e1ch s\u1ea1n Punta Cana.<\/h3>\n<h4><b><i>Mong \u0111\u1ee3i \u0111i\u1ec1u g\u00ec?<\/i><\/b><\/h4>\n<p>\u0110\u1ebfn g\u1ea7n nh\u1eefng ng\u01b0\u1eddi kh\u1ed5ng l\u1ed3 nh\u1eb9 nh\u00e0ng c\u1ee7a bi\u1ec3n c\u1ea3 C\u1ed9ng h\u00f2a Dominica trong chuy\u1ebfn du ngo\u1ea1n ng\u1eafm c\u00e1 voi l\u01b0ng g\u00f9 k\u00e9o d\u00e0i 12 gi\u1edd tr\u00ean V\u1ecbnh S\u00e1mana. H\u00e3y d\u00e0nh m\u1ed9t ng\u00e0y kh\u00f3 qu\u00ean \u0111\u1ec3 quan s\u00e1t h\u00e0ng ng\u00e0n con c\u00e1 voi \u0111\u1ed5 v\u1ec1 \u0111\u1ea3o m\u1ed7i n\u0103m \u0111\u1ec3 giao ph\u1ed1i, ki\u1ebfm \u0103n v\u00e0 ch\u01a1i \u0111\u00f9a trong v\u00f9ng n\u01b0\u1edbc nhi\u1ec7t \u0111\u1edbi \u1ea5m \u00e1p. Khi quan s\u00e1t nh\u1eefng sinh v\u1eadt xinh \u0111\u1eb9p n\u00e0y, b\u1ea1n s\u1ebd t\u1eadn h\u01b0\u1edfng nh\u1eefng hi\u1ec3u bi\u1ebft \u0111\u1ed9c \u0111\u00e1o t\u1eeb h\u01b0\u1edbng d\u1eabn vi\u00ean chuy\u00ean gia v\u1ec1 quan s\u00e1t c\u00e1 voi c\u1ee7a m\u00ecnh. K\u1ebft th\u00fac m\u1ed9t ng\u00e0y v\u1edbi b\u1eefa tr\u01b0a bao g\u1ed3m v\u00e0 th\u1eddi gian \u0111i bi\u1ec3n tr\u00ean \u0110\u1ea3o Cayo Levantado xinh \u0111\u1eb9p. V\u1eadn chuy\u1ec3n kh\u00e1ch s\u1ea1n kh\u1ee9 h\u1ed3i c\u0169ng \u0111\u01b0\u1ee3c bao g\u1ed3m.<\/p>\n<p>T\u1eeb 9:00 s\u00e1ng \u0111\u1ebfn 12:00 tr\u01b0a \u0110\u00e0i quan s\u00e1t ng\u1eafm c\u00e1 voi v\u00e0 Sau chuy\u1ebfn \u0111i ng\u1eafm c\u00e1 voi n\u00e0y, ch\u00fang t\u00f4i s\u1ebd gh\u00e9 th\u0103m \u0110\u1ea3o Bacardi \/ Cayo Levantado. T\u1ea1i \u0110\u1ea3o Bacardi, B\u1eefa tr\u01b0a T\u1ef1 ch\u1ecdn theo Phong c\u00e1ch Dominica \u0111i\u1ec3n h\u00ecnh s\u1ebd \u0111\u01b0\u1ee3c ph\u1ee5c v\u1ee5 (C\u01a1m, \u0110\u1eadu, C\u00e1, Salad\u2026). \u0102n tr\u01b0a xong b\u1ea1n \u0111\u01b0\u1ee3c t\u1eafm bi\u1ec3n v\u00e0 chu\u1ea9n b\u1ecb \u0111i th\u00e1c El limon \u0111\u1ebfn 16h30. Chuy\u1ebfn tham quan s\u1ebd k\u1ebft th\u00fac l\u00fac 5:00 chi\u1ec1u t\u1ea1i c\u00f9ng m\u1ed9t c\u1ea3ng t\u1eeb n\u01a1i n\u00f3 s\u1ebd b\u1eaft \u0111\u1ea7u tr\u00ean chi\u1ebfc Catamaran c\u1ee7a ch\u00fang t\u00f4i v\u00e0 h\u1ecd b\u1eaft xe bu\u00fdt tr\u1edf l\u1ea1i Kh\u00e1ch s\u1ea1n Punta Cana.<\/p>\n<p><strong>Th\u1eddi gian bi\u1ec3u:<\/strong><\/p>\n<p>6:00 \u2013 7:00 \u0110\u00f3n kh\u00e1ch t\u1eeb c\u00e1c kh\u00e1ch s\u1ea1n kh\u00e1c nhau<br \/>\n07:00 Kh\u1edfi h\u00e0nh \u0111\u1ebfn Las Canitas \u1edf Sabana de la mar<br \/>\n08:15 \u0110\u1ebfn b\u1ebfn t\u00e0u ri\u00eang<br \/>\n08:15 \u2013 8:40 Gi\u1edd \u0103n s\u00e1ng (b\u00e1nh m\u00ec, b\u00e1nh n\u01b0\u1edbng x\u1ed1p, tr\u00e0, c\u00e0 ph\u00ea, n\u01b0\u1edbc tr\u00e1i c\u00e2y)<br \/>\n8:45 L\u00ean t\u00e0u \u0111\u1ec3 b\u1eaft \u0111\u1ea7u h\u00e0nh tr\u00ecnh \u0111\u1ebfn khu b\u1ea3o t\u1ed3n c\u00e1 voi l\u01b0ng g\u00f9 \u1edf Samana<br \/>\n11:00 T\u00ecm ki\u1ebfm c\u00e1 voi trong kho\u1ea3ng th\u1eddi gian 45 ph\u00fat- \u0110\u00e2y l\u00e0 Th\u1eddi gian theo quy \u0111\u1ecbnh c\u1ee7a ch\u00ednh ph\u1ee7.<br \/>\n11:45 \u0110i \u0111\u1ebfn Cayo Levantado \u1edf V\u1ecbnh Samana<br \/>\n12:30 \u0110\u1ebfn Cayo Levantado<br \/>\n13:00 Gi\u1edd \u0103n tr\u01b0a (b\u1eefa tr\u01b0a t\u1ef1 ch\u1ecdn, \u0111\u1eb7c tr\u01b0ng c\u1ee7a ng\u01b0\u1eddi Dominica)*<br \/>\n13:45 \u2013 15:30 Th\u1eddi gian r\u1ea3nh \u1edf Cayo Levantado<br \/>\n15:00 \u2013 15:45 L\u00ean t\u00e0u quay tr\u1edf l\u1ea1i Miches<br \/>\n17:00 \u0110\u1ebfn Miches v\u00e0 kh\u1edfi h\u00e0nh v\u1ec1 kh\u00e1ch s\u1ea1n \u1edf Punta Cana<br \/>\n19:30 \u2013 20:00 \u0110\u1ebfn kh\u00e1ch s\u1ea1n \u1edf Punta Cana<\/p>\n<p><strong>*Th\u1ef1c \u0111\u01a1n B\u1eefa tr\u01b0a (\u0111i\u1ec3n h\u00ecnh c\u1ee7a ng\u01b0\u1eddi Dominica)<br \/>\n<\/strong>C\u01a1m, g\u00e0 n\u01b0\u1edbng ho\u1eb7c c\u00e1 n\u01b0\u1edbng, salad, rau, tr\u00e1i c\u00e2y t\u01b0\u01a1i.<\/p>\n<p><strong>*Nh\u1eefng kh\u00e1ch h\u00e0ng ch\u1ecdn th\u00eam \u0111i\u1ec3m d\u1eebng t\u1ea1i th\u00e1c n\u01b0\u1edbc El Limon sau khi xem c\u00e1 voi s\u1ebd di chuy\u1ec3n \u0111\u1ebfn qu\u1ea3ng c\u00e1o th\u00e1c n\u01b0\u1edbc s\u1ebd c\u00f3 \u00edt th\u1eddi gian h\u01a1n \u1edf Cayo Levantado.<\/strong><\/p>\n<p>Chuy\u1ebfn tham quan n\u00e0y \u0111\u00e3 bao g\u1ed3m \u0111i\u1ec3m d\u1eebng t\u1ea1i\u00a0<strong>Th\u00e1c Limon<\/strong>. \u0110\u1ec3 \u0111\u1eb7t c\u00f9ng m\u1ed9t chuy\u1ebfn \u0111i v\u00e0 kh\u00f4ng \u0111i \u0111\u1ebfn th\u00e1c n\u01b0\u1edbc, vui l\u00f2ng\u00a0<a href=\"https:\/\/www.boattoursamana.com\/vi\/Tours-Excursions\/tours-excursions-samana-bay-dominican-republic\/whale-watching-2020-in-punta-cana-to-samana-bay-cayo-levantado-bacardi-island-from-hotels\/\" data-mil=\"9912\">B\u1ea4M V\u00c0O \u0110\u00c2Y.<\/a><\/p>\n<p>&nbsp;<\/p>\n<h4><em><strong>B\u1ea1n n\u00ean mang theo nh\u1eefng g\u00ec?<\/strong><\/em><\/h4>\n<ul>\n<li>M\u00e1y \u1ea3nh<\/li>\n<li>ch\u1ed3i \u0111u\u1ed5i<\/li>\n<li>kem ch\u1ed1ng n\u1eafng<\/li>\n<li>m\u0169<\/li>\n<li>qu\u1ea7n tho\u1ea3i m\u00e1i<\/li>\n<li>Sandal \u0111i bi\u1ec3n<\/li>\n<li>\u0111\u1ed3 b\u01a1i<\/li>\n<li>Ti\u1ec1n m\u1eb7t cho qu\u00e0 l\u01b0u ni\u1ec7m v\u00e0 ti\u1ec1n boa<\/li>\n<\/ul>\n<p>&nbsp;<\/p>\n<h4><b><i>\u0110\u00f3n kh\u00e1ch s\u1ea1n<\/i><\/b><\/h4>\n<p>\u0110\u00f3n kh\u00e1ch s\u1ea1n \u0111\u01b0\u1ee3c cung c\u1ea5p cho tour du l\u1ecbch n\u00e0y. Trong Ghi ch\u00fa Ch\u1ec9 c\u1ea7n vi\u1ebft t\u00ean c\u1ee7a kh\u00e1ch s\u1ea1n \u0111\u1ec3 \u0111\u00f3n b\u1ea1n. Ch\u00fang t\u00f4i nh\u1eadn trong t\u1ea5t c\u1ea3 c\u00e1c kh\u00e1ch s\u1ea1n Punta Cana.<\/p>\n<p>&nbsp;<\/p>\n<p><b>Ghi ch\u00fa:<\/b>\u00a0n\u1ebfu b\u1ea1n \u0111\u1eb7t ch\u1ed7 trong v\u00f2ng 24 gi\u1edd k\u1ec3 t\u1eeb gi\u1edd kh\u1edfi h\u00e0nh chuy\u1ebfn tham quan\/Chuy\u1ebfn tham quan, ch\u00fang t\u00f4i c\u00f3 th\u1ec3 s\u1eafp x\u1ebfp d\u1ecbch v\u1ee5 \u0111\u00f3n kh\u00e1ch t\u1ea1i kh\u00e1ch s\u1ea1n. Sau khi giao d\u1ecbch mua c\u1ee7a b\u1ea1n ho\u00e0n t\u1ea5t, ch\u00fang t\u00f4i s\u1ebd g\u1eedi cho b\u1ea1n th\u00f4ng tin li\u00ean h\u1ec7 \u0111\u1ea7y \u0111\u1ee7 (s\u1ed1 \u0111i\u1ec7n tho\u1ea1i, \u0111\u1ecba ch\u1ec9 email, v.v.) \u0111\u1ec3 H\u01b0\u1edbng d\u1eabn vi\u00ean du l\u1ecbch \u0111\u1ecba ph\u01b0\u01a1ng c\u1ee7a ch\u00fang t\u00f4i s\u1eafp x\u1ebfp vi\u1ec7c \u0111\u00f3n kh\u00e1ch.<\/p>\n<h4><b><i>X\u00e1c nh\u1eadn th\u00f4ng tin b\u1ed5 sung<\/i><\/b><\/h4>\n<ol>\n<li>V\u00e9 l\u00e0 Bi\u00ean lai sau khi thanh to\u00e1n Tour n\u00e0y. B\u1ea1n c\u00f3 th\u1ec3 hi\u1ec3n th\u1ecb thanh to\u00e1n tr\u00ean \u0111i\u1ec7n tho\u1ea1i c\u1ee7a m\u00ecnh.<\/li>\n<li>\u0110i\u1ec3m h\u1eb9n s\u1ebd nh\u1eadn \u0111\u01b0\u1ee3c sau qu\u00e1 tr\u00ecnh \u0111\u1eb7t ch\u1ed7.<\/li>\n<li>Tr\u1ebb em ph\u1ea3i \u0111i c\u00f9ng ng\u01b0\u1eddi l\u1edbn.<\/li>\n<li>Xe l\u0103n cho ng\u01b0\u1eddi khuy\u1ebft<\/li>\n<li>Tr\u1ebb s\u01a1 sinh ph\u1ea3i ng\u1ed3i tr\u00ean \u0111\u00f9i<\/li>\n<li>H\u1ea7u h\u1ebft du kh\u00e1ch c\u00f3 th\u1ec3 tham gia<\/li>\n<\/ol>\n<h4><b><i>Ch\u00ednh s\u00e1ch h\u1ee7y<\/i><\/b><\/h4>\n<p>\u0110\u1ec3 \u0111\u01b0\u1ee3c ho\u00e0n ti\u1ec1n \u0111\u1ea7y \u0111\u1ee7, h\u00e3y h\u1ee7y \u00edt nh\u1ea5t 7 ng\u00e0y tr\u01b0\u1edbc ng\u00e0y b\u1eaft \u0111\u1ea7u tr\u1ea3i nghi\u1ec7m.<a href=\"https:\/\/www.boattoursamana.com\/vi\/dat-phong-truc-tuyen\/\"> B\u1ea5m v\u00e0o \u0111\u00e2y<\/a> \u0111\u1ec3 xem ch\u00ednh s\u00e1ch.<\/p>\n<\/div>\n<\/div>\n<\/div>\n<\/div>\n<\/div>\n<\/div>\n<\/div>\n<\/div>\n<\/div>\n<\/div>\n<\/div>\n<\/div>\n<div class=\"vc_row wpb_row vc_row-fluid\">\n<div class=\"wpb_column vc_column_container vc_col-sm-12\">\n<div class=\"vc_column-inner\">\n<div class=\"wpb_wrapper\">\n<div class=\"vc_empty_space\"><\/div>\n<div class=\"wpb_text_column wpb_content_element\">\n<div class=\"wpb_wrapper\">\n<h4>Li\u00ean h\u1ec7 ch\u00fang t\u00f4i?<\/h4>\n<h5><b><i>DU L\u1ecaCH C\u00c1 V\u00c0NG SAMANA<\/i><\/b><\/h5>\n<p><em><strong>ng\u01b0\u1eddi d\u00e2n \u0111\u1ecba ph\u01b0\u01a1ng<\/strong>\u00a0v\u00e0\u00a0<strong>c\u00f4ng d\u00e2n<\/strong>\u00a0H\u01b0\u1edbng d\u1eabn vi\u00ean du l\u1ecbch &amp; D\u1ecbch v\u1ee5 kh\u00e1ch<\/em><\/p>\n<p><span class=\"text-turquoise\">d\u1ef1 tr\u1eef:<\/span>\u00a0\u00a0Chuy\u1ebfn tham quan v\u00e0 du ngo\u1ea1n trong nh\u00e0. \u0110\u1ea1i di\u1ec7n.<\/p>\n<p>\ud83d\udcde \u0110i\u1ec7n tho\u1ea1i \/ Whatsapp\u00a0\u00a0\u00a0<a href=\"tel:+1-809-720-6035\">+ 1-809-720-6035<\/a>\u00a0.<\/p>\n<p>\ud83d\udce9\u00a0<a href=\"mailto:info@bookingadventures.com.do\">info@bookingadventures.com.do<\/a><\/p>\n<p><strong>Somos tham quan quy\u1ec1n ri\u00eang t\u01b0 v\u1ec1 c\u1ea5u h\u00ecnh linh ho\u1ea1t c\u1ee7a Whatsapp:\u00a0\u00a0<a href=\"tel:+18097206035\">+18097206035.<\/a><\/strong><\/p>\n<\/div>\n<\/div>\n<\/div>\n<\/div>\n<\/div>\n<\/div>\n\n\t\t<\/div>\n\t<\/div>\n<div class=\"vc_btn3-container vc_btn3-inline\" ><a class=\"vc_general vc_btn3 vc_btn3-size-md vc_btn3-shape-rounded vc_btn3-style-modern vc_btn3-color-green\" href=\"https:\/\/bookingadventures.tours\/booking.php?tour_id=01ff052b441a674729c1b831875aa68f\" title=\"\" rel=\"noopener\">\u0110\u0102\u0323T B\u00c2Y GI\u1edc<\/a><\/div><\/div><\/div><\/div><div class=\"vc_row wpb_row vc_row-fluid\" ><div class=\"wpb_column vc_column_container vc_col-sm-12\"><div class=\"vc_column-inner\"><div class=\"wpb_wrapper\"><div class=\"vc_btn3-container vc_btn3-inline\" ><a class=\"vc_general vc_btn3 vc_btn3-size-md vc_btn3-shape-rounded vc_btn3-style-modern vc_btn3-color-green\" href=\"https:\/\/bookingadventures.tours\/booking.php?tour_id=01ff052b441a674729c1b831875aa68f\" title=\"\" rel=\"noopener\">\u0110\u0102\u0323T B\u00c2Y GI\u1edc<\/a><\/div><\/div><\/div><\/div><\/div>","protected":false},"excerpt":{"rendered":"<p>T\u1eeb c\u00e1c kh\u00e1ch s\u1ea1n \u1edf Punta Cana, ch\u00fang ta s\u1ebd t\u1eadn h\u01b0\u1edfng nh\u1eefng c\u1ea3nh quan tuy\u1ec7t \u0111\u1eb9p c\u1ee7a D\u00e3y n\u00fai Ph\u01b0\u01a1ng \u0110\u00f4ng khi ch\u00fang ta l\u00e1i xe v\u1ec1 ph\u00eda b\u1eafc c\u1ee7a Punta Cana tr\u01b0\u1edbc khi \u0111\u1ebfn l\u00e0ng ch\u00e0i nh\u1ecf Miches \u1edf b\u1edd bi\u1ec3n ph\u00eda nam c\u1ee7a V\u1ecbnh Samana. \u1ede \u0111\u00f3 b\u1ea1n s\u1ebd th\u01b0\u1edfng th\u1ee9c b\u1eefa s\u00e1ng nhanh tr\u01b0\u1edbc khi l\u00ean thuy\u1ec1n \u0111\u1ebfn Samana. Ch\u00fang ta s\u1ebd \u0111i s\u00e2u v\u00e0o v\u1ecbnh \u0111\u1ec3 xem c\u00e1 voi. \u0110\u1ea7u ti\u00ean ch\u00fang ta s\u1ebd \u0111\u1ebfn Cayo Levantado, c\u00f2n \u0111\u01b0\u1ee3c g\u1ecdi l\u00e0 \u0110\u1ea3o Bacardi v\u00ec n\u00f3 g\u1ea7n gi\u1ed1ng v\u1edbi b\u00e3i bi\u1ec3n Bacardi Rum t\u1eebng \u0111\u01b0\u1ee3c s\u1eed d\u1ee5ng cho c\u00e1c qu\u1ea3ng c\u00e1o n\u1ed5i ti\u1ebfng c\u1ee7a n\u00f3. Cayo Levantado kh\u00f4ng kh\u00e1c g\u00ec m\u1ed9t \u1ed1c \u0111\u1ea3o nhi\u1ec7t \u0111\u1edbi \u2013 m\u1ed9t h\u00f2n \u0111\u1ea3o nh\u1ecf gi\u1eefa \u0111\u1ea1i d\u01b0\u01a1ng v\u1edbi l\u00e0n n\u01b0\u1edbc m\u00e0u ng\u1ecdc lam v\u00e0 b\u00e3i c\u00e1t tr\u1eafng. Sau \u0111\u00f3 l\u00e0 Safari \u1edf Samana Comunity \u0111\u1ebfn th\u00e1c n\u01b0\u1edbc. T\u1ea1i Th\u00e1c n\u01b0\u1edbc, el Limon \u0111\u00e3 s\u1eb5n s\u00e0ng \u0111\u1ec3 c\u01b0\u1ee1i ng\u1ef1a ho\u1eb7c \u0110i b\u1ed9 \u0111\u01b0\u1eddng d\u00e0i. \u0110\u00e2y l\u00e0 m\u1ed9t cu\u1ed9c phi\u00eau l\u01b0u ho\u00e0n ch\u1ec9nh \u0111\u1ed9c \u0111\u00e1o.<\/p>\n<p>Chuy\u1ebfn tham quan n\u00e0y bao g\u1ed3m m\u1ed9t \u0111i\u1ec3m d\u1eebng \u1edf Th\u00e1c Lim\u00f3n. Vui l\u00f2ng \u0111\u1eb7t chuy\u1ebfn \u0111i gi\u1ed1ng nhau v\u00e0 kh\u00f4ng \u0111i th\u00e1c n\u01b0\u1edbc <a href=\"https:\/\/www.boattoursamana.com\/vi\/tours-excursions\/tours-excursions-samana-bay-dominican-republic\/xem-ca-voi-trong-punta-cana-to-samana-bay-cayo-levantado-bacardi-dao-tu-khach-san\/\">B\u1ea4M V\u00c0O \u0110\u00c2Y.<\/a><\/p>\n<p>&nbsp;<\/p>\n<p><strong>Ch\u1ecdn ng\u00e0y tham quan:<\/strong><\/p>","protected":false},"featured_media":12008,"template":"","meta":[],"product_cat":[159,948,655,961,959,972,963,968,664],"product_tag":[631,184,328,480,296,380,428,649,327,222,527,313,199,526,458,342,650,524,276,529,528,274,525],"class_list":["post-9912","product","type-product","status-publish","has-post-thumbnail","hentry","product_cat-fees-entrace","product_cat-1-punta-cana","product_cat-1-samana","product_cat-el-limon-horseback-riding","product_cat-el-limon-punta-cana","product_cat-punta-cana-group-tours","product_cat-punta-cana-samana-day-trips","product_cat-punta-cana-whale-watching","product_cat-whale-watching-punta-cana","product_tag-631","product_tag-bacardi-island","product_tag-cayo-levantado-day-pass","product_tag-cheap-punta-cana-excursions","product_tag-day-trip-punta-cana","product_tag-el-limon-waterfall-and-bacardi-island-tour-from-punta-cana","product_tag-half-day-whale-watching-miches","product_tag-limon-from-punta-cana","product_tag-private-tours-samana","product_tag-punta-cana","product_tag-punta-cana-activities","product_tag-punta-cana-tours","product_tag-samana-bay","product_tag-samana-day-trip","product_tag-samana-day-trip-from-punta-cana","product_tag-samana-whale-watching","product_tag-waterfalls-punta-cana","product_tag-whale-punta-cana","product_tag-whale-samana","product_tag-whale-watching-2020","product_tag-whale-watching-2020-in-punta-cana-to-samana-bay-cayo-levantado-bacardi-island-from-hotels","product_tag-whale-watching-dominican-republic","product_tag-whale-watching-punta-cana"],"_links":{"self":[{"href":"https:\/\/www.boattoursamana.com\/vi\/wp-json\/wp\/v2\/product\/9912","targetHints":{"allow":["GET"]}}],"collection":[{"href":"https:\/\/www.boattoursamana.com\/vi\/wp-json\/wp\/v2\/product"}],"about":[{"href":"https:\/\/www.boattoursamana.com\/vi\/wp-json\/wp\/v2\/types\/product"}],"wp:featuredmedia":[{"embeddable":true,"href":"https:\/\/www.boattoursamana.com\/vi\/wp-json\/wp\/v2\/media\/12008"}],"wp:attachment":[{"href":"https:\/\/www.boattoursamana.com\/vi\/wp-json\/wp\/v2\/media?parent=9912"}],"wp:term":[{"taxonomy":"product_cat","embeddable":true,"href":"https:\/\/www.boattoursamana.com\/vi\/wp-json\/wp\/v2\/product_cat?post=9912"},{"taxonomy":"product_tag","embeddable":true,"href":"https:\/\/www.boattoursamana.com\/vi\/wp-json\/wp\/v2\/product_tag?post=9912"}],"curies":[{"name":"wp","href":"https:\/\/api.w.org\/{rel}","templated":true}]}}