{"id":9925,"date":"2020-03-29T08:08:21","date_gmt":"2020-03-29T08:08:21","guid":{"rendered":"https:\/\/www.ticketswhales.com\/Tours-Excursions\/uncategorized\/import-placeholder-for-10408\/"},"modified":"2023-11-10T14:42:19","modified_gmt":"2023-11-10T14:42:19","slug":"27-waterfalls-of-damajagua-tour-from-cabarete-sosua-and-puerto-plata-hotels-pick-up","status":"publish","type":"product","link":"https:\/\/www.boattoursamana.com\/vi\/chuyen-du-lich\/27-thac-nuoc-damajagua-tour-tu-cabarete-sosua-va-puerto-plata-khach-san-don-khach","title":{"rendered":"Chuy\u1ebfn tham quan 27 th\u00e1c n\u01b0\u1edbc Damajagua t\u1eeb Cabarete, Sosua v\u00e0 Puerto Plata. Kh\u00e1ch s\u1ea1n \u0110\u00f3n kh\u00e1ch."},"content":{"rendered":"<div class=\"vc_row wpb_row vc_row-fluid\" ><div class=\"wpb_column vc_column_container vc_col-sm-12\"><div class=\"vc_column-inner\"><div class=\"wpb_wrapper\"><div class=\"mkdf-section-title-holder\" style=\"text-align: left\">\n\t<div class=\"mkdf-st-inner\">\n\t\t\t\t\t<h5 class=\"mkdf-st-subtitle\" >\n\t\t\t\tBao g\u1ed3m ph\u01b0\u01a1ng ti\u1ec7n di chuy\u1ec3n &amp; b\u1eefa tr\u01b0a\t\t\t<\/h5>\n\t\t\t\t\t\t\t<h3 class=\"mkdf-st-title\" >\n\t\t\t\tChuy\u1ebfn tham quan 27 th\u00e1c n\u01b0\u1edbc Damajagua t\u1eeb Cabarete, Sosua v\u00e0 Puerto Plata.\t\t\t<\/h3>\n\t\t\t\t\t<\/div>\n<\/div><\/div><\/div><\/div><\/div><div class=\"vc_row wpb_row vc_row-fluid\" ><div class=\"wpb_column vc_column_container vc_col-sm-12\"><div class=\"vc_column-inner\"><div class=\"wpb_wrapper\"><div class=\"vc_btn3-container vc_btn3-inline\" ><a class=\"vc_general vc_btn3 vc_btn3-size-md vc_btn3-shape-rounded vc_btn3-style-modern vc_btn3-color-green\" href=\"https:\/\/bookingadventures.tours\/booking.php?tour_id=36f9705bcc61386d84e226d0c35f8a49\" title=\"\" rel=\"noopener\">\u0110\u0102\u0323T B\u00c2Y GI\u1edc<\/a><\/div>\n\t<div class=\"wpb_text_column wpb_content_element\" >\n\t\t<div class=\"wpb_wrapper\">\n\t\t\t<h3 class=\"ui_header h1 attractions-product-info-ProductTitle__title--1qM0o\"><\/h3>\n<h4><b><i>T\u1ed5ng quan <\/i><\/b><\/h4>\n<p>Nh\u1eadn V\u00e9 c\u1ee7a b\u1ea1n cho chuy\u1ebfn tham quan n\u1eeda ng\u00e0y \u1edf \u0111\u00e2y trong 27 Th\u00e1c n\u01b0\u1edbc t\u1eeb Damajagua. V\u00e9 v\u00e0o c\u1eeda v\u1edbi B\u1eefa tr\u01b0a v\u00e0 Tham quan Bao g\u1ed3m Nh\u1ea3y v\u00e0 b\u01a1i trong nh\u1eefng th\u00e1c n\u01b0\u1edbc \u0111\u1eb9p nh\u1ea5t c\u1ee7a C\u1ed9ng h\u00f2a Dominica. \u0110i b\u1ed9 \u0111\u01b0\u1eddng d\u00e0i v\u00e0 B\u01a1i l\u1ed9i v\u1edbi thi\u1ebft b\u1ecb an to\u00e0n \u0111\u1ec3 c\u00f3 tr\u1ea3i nghi\u1ec7m tuy\u1ec7t v\u1eddi nh\u1ea5t!!<\/p>\n<p>Sau tr\u1ea3i nghi\u1ec7m n\u00e0y, b\u1ea1n s\u1ebd quay l\u1ea1i \u0110\u1ecba \u0111i\u1ec3m n\u01a1i b\u1ea1n g\u1eb7p H\u01b0\u1edbng d\u1eabn vi\u00ean.<\/p>\n<ul>\n<li style=\"font-weight: 400;\">\u0110\u00e3 bao g\u1ed3m ph\u00ed<\/li>\n<li>B\u1eefa tr\u01b0a<\/li>\n<li>\u0110\u1ed3 \u0103n nh\u1eb9<\/li>\n<li style=\"font-weight: 400;\">H\u01b0\u1edbng d\u1eabn vi\u00ean \u0111\u1ecba ph\u01b0\u01a1ng b\u1eb1ng ti\u1ebfng Anh<\/li>\n<\/ul>\n<p>&nbsp;<\/p>\n<h4><b>Bao g\u1ed3m &amp; Lo\u1ea1i tr\u1eeb<\/b><\/h4>\n<p>&nbsp;<\/p>\n<p><b>bao g\u1ed3m<\/b><\/p>\n<ol>\n<li>\u00a0 27 Th\u00e1c n\u01b0\u1edbc Damajagua (ng\u00e0y nay ch\u1ec9 c\u00f3 12 v\u00e0 7 th\u00e1c)<\/li>\n<li>\u00a0 Buffet bao g\u1ed3m \u0111\u1ed3 u\u1ed1ng v\u00e0 \u0111\u1ed3 u\u1ed1ng nhi\u1ec7t \u0111\u1edbi<\/li>\n<li>\u00a0 T\u1ea5t c\u1ea3 c\u00e1c lo\u1ea1i thu\u1ebf, ph\u00ed v\u00e0 l\u1ec7 ph\u00ed x\u1eed l\u00fd<\/li>\n<li>\u00a0 Thu\u1ebf \u0111\u1ecba ph\u01b0\u01a1ng<\/li>\n<li>\u00a0 T\u1ea5t c\u1ea3 c\u00e1c ho\u1ea1t \u0111\u1ed9ng<\/li>\n<li>\u00a0 H\u01b0\u1edbng d\u1eabn \u0111\u1ecba ph\u01b0\u01a1ng<\/li>\n<li>\u00a0 Tham quan nh\u00e0 m\u00e1y x\u00ec g\u00e0<\/li>\n<\/ol>\n<p><b> lo\u1ea1i tr\u1eeb<\/b><\/p>\n<ol>\n<li style=\"font-weight: 400;\"><span style=\"font-weight: 400;\">ti\u1ec1n th\u01b0\u1edfng<\/span><\/li>\n<\/ol>\n<h4><em><strong>Kh\u1edfi h\u00e0nh &amp; Tr\u1edf v\u1ec1<\/strong><\/em><\/h4>\n<p><span style=\"font-weight: 400;\">Ch\u00fang t\u00f4i c\u00f3 l\u1ecbch tr\u00ecnh \u0111\u00f3n v\u00e0 tr\u1ea3 b\u1ea1n d\u1ef1a tr\u00ean khu v\u1ef1c b\u1ea1n \u0111ang \u1edf. Vui l\u00f2ng xem th\u00f4ng tin chi ti\u1ebft b\u00ean d\u01b0\u1edbi trong ph\u1ea7n \u0111\u00f3n kh\u00e1ch s\u1ea1n. <\/span><\/p>\n<p>\u0110\u00e2y l\u00e0 ch\u01b0\u01a1ng tr\u00ecnh ch\u00fang t\u00f4i \u0111\u00e3 thi\u1ebft l\u1eadp d\u1ef1a tr\u00ean v\u1ecb tr\u00ed c\u1ee7a b\u1ea1n. Vui l\u00f2ng cho ch\u00fang t\u00f4i bi\u1ebft kh\u00e1ch s\u1ea1n c\u1ee5 th\u1ec3 c\u1ee7a b\u1ea1n v\u00e0 ch\u00fang t\u00f4i s\u1ebd li\u00ean h\u1ec7 v\u1edbi b\u1ea1n \u0111\u1ec3 cho b\u1ea1n bi\u1ebft n\u01a1i ch\u00fang t\u00f4i s\u1ebd g\u1eb7p b\u1ea1n.<\/p>\n<p>&nbsp;<\/p>\n<table style=\"height: 246px;\" width=\"237\">\n<tbody>\n<tr>\n<td><b>\u0110\u1ecba \u0111i\u1ec3m<\/b><\/td>\n<td><b>Th\u1eddi gian<\/b><\/td>\n<\/tr>\n<tr>\n<td><b>qu\u00e1n r\u01b0\u1ee3u<\/b><\/td>\n<td><b>7:45 s\u00e1ng<\/b><\/td>\n<\/tr>\n<tr>\n<td><b>Sosua<\/b><\/td>\n<td><b>8:10 s\u00e1ng<\/b><\/td>\n<\/tr>\n<tr>\n<td><b>B\u00e3i bi\u1ec3n Dorada<\/b><\/td>\n<td><b>8:50 s\u00e1ng<\/b><\/td>\n<\/tr>\n<tr>\n<td><b>B\u1edd bi\u1ec3n Dorada<\/b><\/td>\n<td><b>09:00<\/b><\/td>\n<\/tr>\n<tr>\n<td><b>Cofresi (Phong c\u00e1ch s\u1ed1ng)<\/b><\/td>\n<td><b>9:20 s\u00e1ng<\/b><\/td>\n<\/tr>\n<tr>\n<td><b>th\u01b0\u1ee3ng ngh\u1ecb s\u0129<\/b><\/td>\n<td><b>9 gi\u1edd 30 ph\u00fat s\u00e1ng<\/b><\/td>\n<\/tr>\n<\/tbody>\n<\/table>\n<h4><\/h4>\n<h3 class=\"ui_header h1 attractions-product-info-ProductTitle__title--1qM0o\">Chuy\u1ebfn tham quan 27 th\u00e1c n\u01b0\u1edbc Damajagua t\u1eeb Puerto Plata.<\/h3>\n<h4><b><i>Mong \u0111\u1ee3i \u0111i\u1ec1u g\u00ec?<\/i><\/b><\/h4>\n<div class=\"apd_content_block\" data-tab=\"TABS_OVERVIEW\">\n<div class=\"ui_card section attractions-product-details-Overview__sectionMargin--uHktd attractions-product-details-Overview__cleanslateOverrideDT--39Ov7\">\n<p>Kh\u00e1m ph\u00e1 Th\u00e1c n\u01b0\u1edbc Damajagua h\u1ebbo l\u00e1nh, \u1ea9n m\u00ecnh trong nh\u1eefng ng\u1ecdn \u0111\u1ed3i c\u1ee7a H\u00e0nh lang ph\u00eda B\u1eafc C\u1ed9ng h\u00f2a Dominica, trong chuy\u1ebfn \u0111i c\u1ea3 ng\u00e0y t\u1eeb Puerto Plata n\u00e0y. Kh\u00e1m ph\u00e1 27 th\u00e1c n\u01b0\u1edbc nguy\u00ean s\u01a1, x\u1ebfp t\u1ea7ng tr\u00ean \u0111\u00e1 v\u00f4i, v\u1edbi h\u01b0\u1edbng d\u1eabn vi\u00ean \u0111\u1ecba ph\u01b0\u01a1ng c\u1ee7a b\u1ea1n. Nh\u1eadn m\u1ed9t cu\u1ed9c h\u1ecdp ng\u1eafn v\u1ec1 an to\u00e0n, sau \u0111\u00f3 nh\u1ea3y, b\u01a1i v\u00e0 tr\u01b0\u1ee3t xu\u1ed1ng c\u00e1c \u0111\u01b0\u1eddng tr\u01b0\u1ee3t n\u01b0\u1edbc t\u1ef1 nhi\u00ean.<\/p>\n<p>\u0102n tr\u01b0a v\u00e0 \u0111\u1ed3 u\u1ed1ng \u0111\u01b0\u1ee3c bao g\u1ed3m. M\u1ed9t chuy\u1ebfn \u0111i b\u1ed9 l\u00ean d\u1ed1c v\u1eeba ph\u1ea3i k\u00e9o d\u00e0i 40 ph\u00fat qua khung c\u1ea3nh r\u1eebng r\u1eadm tuy\u1ec7t \u0111\u1eb9p s\u1ebd \u0111\u01b0a b\u1ea1n \u0111\u1ebfn th\u00e1c n\u01b0\u1edbc th\u1ee9 12 ho\u1eb7c n\u1ebfu b\u1ea1n c\u00f3 th\u1ec3 tr\u1ea1ng t\u1ed1t, h\u00e3y ch\u1ecdn \u0111i b\u1ed9 l\u00ean \u0111\u1ec9nh c\u1ee7a 27 th\u00e1c n\u01b0\u1edbc (kho\u1ea3ng 70 ph\u00fat) v\u00e0 tr\u1ea3i nghi\u1ec7m t\u1ea5t c\u1ea3 .<\/p>\n<p>D\u00f9 b\u1eb1ng c\u00e1ch n\u00e0o, ni\u1ec1m vui th\u1ef1c s\u1ef1 c\u1ee7a b\u1ea1n b\u1eaft \u0111\u1ea7u khi ch\u00fang t\u00f4i quay tr\u1edf l\u1ea1i d\u00f2ng s\u00f4ng v\u00e0 b\u1ea1n nh\u1ea3y, tr\u01b0\u1ee3t v\u00e0 b\u01a1i qua m\u1ed9t lo\u1ea1t th\u00e1c n\u01b0\u1edbc, h\u1ebbm n\u00fai v\u00e0 h\u1ed3 n\u01b0\u1edbc trong xanh ngo\u1ea1n m\u1ee5c, n\u1ed5i l\u00ean v\u1edbi n\u1ee5 c\u01b0\u1eddi ng\u1edb ng\u1ea9n tr\u00ean khu\u00f4n m\u1eb7t v\u00e0 nh\u1eefng k\u1ef7 ni\u1ec7m \u0111\u00e1ng kinh ng\u1ea1c \u0111\u1ec3 tr\u00e2n tr\u1ecdng! C\u00e1c chuy\u1ebfn tham quan bao g\u1ed3m c\u00e1c b\u01b0\u1edbc nh\u1ea3y cao t\u1edbi 25 feet (8 m\u00e9t) nh\u01b0ng \u0111\u1eebng lo, n\u1ebfu b\u1ea1n kh\u00f4ng tho\u1ea3i m\u00e1i v\u1edbi vi\u1ec7c nh\u1ea3y th\u00ec c\u00f3 m\u1ed9t c\u00e1ch kh\u00e1c \u0111\u1ec3 nh\u1ea3y xu\u1ed1ng.<\/p>\n<p>Sau 15 ph\u00fat \u0111i b\u1ed9 tr\u1edf l\u1ea1i tr\u1ea1i c\u0103n c\u1ee9 v\u00e0 thay qu\u1ea7n \u00e1o kh\u00f4, h\u00e3y th\u01b0\u1edfng th\u1ee9c b\u1eefa tr\u01b0a t\u1ef1 ch\u1ecdn ngon mi\u1ec7ng v\u00e0 \u0111a d\u1ea1ng c\u1ee7a ng\u01b0\u1eddi Dominica, bao g\u1ed3m th\u1ecbt g\u00e0 v\u00e0 th\u1ecbt l\u1ee3n n\u01b0\u1edbng, m\u00f3n h\u1ea7m, c\u01a1m, m\u00ec \u1ed1ng v\u00e0 sa l\u00e1t.<\/p>\n<p>\u0110\u1ed3 u\u1ed1ng rum \u0111\u1ecba ph\u01b0\u01a1ng, soda v\u00e0 n\u01b0\u1edbc c\u0169ng \u0111\u01b0\u1ee3c bao g\u1ed3m (bia c\u00f3 s\u1eb5n nh\u01b0ng kh\u00f4ng bao g\u1ed3m). Sau b\u1eefa \u0103n, b\u1ea1n s\u1ebd n\u00f3i l\u1eddi t\u1ea1m bi\u1ec7t v\u1edbi h\u01b0\u1edbng d\u1eabn vi\u00ean \u0111\u1ecba ph\u01b0\u01a1ng nh\u01b0ng nh\u1eefng k\u1ef7 ni\u1ec7m v\u1ec1 tr\u1ea3i nghi\u1ec7m n\u00e0y s\u1ebd t\u1ed3n t\u1ea1i su\u1ed1t \u0111\u1eddi. V\u00e0 \u0111\u00e2y kh\u00f4ng ph\u1ea3i l\u00e0 t\u1ea5t c\u1ea3, sau \u0111\u00f3 b\u1ea1n s\u1ebd \u0111\u1ebfn m\u1ed9t nh\u00e0 m\u00e1y s\u1ea3n xu\u1ea5t x\u00ec g\u00e0, n\u01a1i b\u1ea1n s\u1ebd xem c\u00e1ch h\u1ecd chu\u1ea9n b\u1ecb ch\u00fang v\u00e0 c\u0169ng c\u00f3 th\u1ec3 l\u1ea5y m\u1ed9t \u00edt n\u1ebfu b\u1ea1n quan t\u00e2m. H\u00e3y nh\u1edb r\u1eb1ng C\u1ed9ng h\u00f2a Dominica l\u00e0 m\u1ed9t trong nh\u1eefng qu\u1ed1c gia s\u1ea3n xu\u1ea5t x\u00ec g\u00e0 t\u1ed1t nh\u1ea5t, v\u00ec v\u1eady \u0111\u00e2y l\u00e0 c\u01a1 h\u1ed9i \u0111\u1ec3 b\u1ea1n h\u1ecdc h\u1ecfi t\u1eeb nh\u1eefng gi\u00e1o vi\u00ean gi\u1ecfi nh\u1ea5t t\u1eeb tr\u01b0\u1edbc \u0111\u1ebfn nay.<\/p>\n<\/div>\n<\/div>\n<h4><em><strong>B\u1ea1n n\u00ean mang theo nh\u1eefng g\u00ec?<\/strong><\/em><\/h4>\n<ul>\n<li style=\"font-weight: 400;\"><span style=\"font-weight: 400;\">M\u00e1y \u1ea3nh<\/span><\/li>\n<li style=\"font-weight: 400;\"><span style=\"font-weight: 400;\">ch\u1ed3i \u0111u\u1ed5i<\/span><\/li>\n<li style=\"font-weight: 400;\"><span style=\"font-weight: 400;\">Kem ch\u1ed1ng n\u1eafng<\/span><\/li>\n<li style=\"font-weight: 400;\"><span style=\"font-weight: 400;\">m\u0169<\/span><\/li>\n<li style=\"font-weight: 400;\"><span style=\"font-weight: 400;\">qu\u1ea7n tho\u1ea3i m\u00e1i<\/span><\/li>\n<li style=\"font-weight: 400;\"><span style=\"font-weight: 400;\">Gi\u00e0y leo n\u00fai \u0111i r\u1eebng<\/span><\/li>\n<li style=\"font-weight: 400;\"><span style=\"font-weight: 400;\">D\u00e9p \u0111i c\u00e1c mi\u1ec1n Xu\u00e2n.<\/span><\/li>\n<li style=\"font-weight: 400;\"><span style=\"font-weight: 400;\">\u0111\u1ed3 b\u01a1i<\/span><\/li>\n<\/ul>\n<p>&nbsp;<\/p>\n<h4><b><i>\u0110\u00f3n kh\u00e1ch s\u1ea1n <\/i><\/b><\/h4>\n<p><span style=\"font-weight: 400;\">\u0110\u00f3n kh\u00e1ch s\u1ea1n \u0111\u01b0\u1ee3c cung c\u1ea5p cho tour du l\u1ecbch n\u00e0y. Ch\u00fang t\u00f4i thi\u1ebft l\u1eadp Nh\u1eadn li\u00ean h\u1ec7 v\u1edbi ch\u00fang t\u00f4i b\u1eb1ng Whatsapp.<\/span><\/p>\n<p>&nbsp;<\/p>\n<p><b>Ghi ch\u00fa:<\/b><span style=\"font-weight: 400;\"> N\u1ebfu b\u1ea1n \u0111\u1eb7t ch\u1ed7 trong v\u00f2ng 24 gi\u1edd k\u1ec3 t\u1eeb gi\u1edd kh\u1edfi h\u00e0nh chuy\u1ebfn tham quan\/Chuy\u1ebfn tham quan, ch\u00fang t\u00f4i c\u00f3 th\u1ec3 s\u1eafp x\u1ebfp d\u1ecbch v\u1ee5 \u0111\u00f3n kh\u00e1ch t\u1ea1i kh\u00e1ch s\u1ea1n. Sau khi giao d\u1ecbch mua c\u1ee7a b\u1ea1n ho\u00e0n t\u1ea5t, ch\u00fang t\u00f4i s\u1ebd g\u1eedi cho b\u1ea1n th\u00f4ng tin li\u00ean h\u1ec7 \u0111\u1ea7y \u0111\u1ee7 (s\u1ed1 \u0111i\u1ec7n tho\u1ea1i, \u0111\u1ecba ch\u1ec9 email, v.v.) \u0111\u1ec3 H\u01b0\u1edbng d\u1eabn vi\u00ean du l\u1ecbch \u0111\u1ecba ph\u01b0\u01a1ng c\u1ee7a ch\u00fang t\u00f4i s\u1eafp x\u1ebfp vi\u1ec7c \u0111\u00f3n kh\u00e1ch.<\/span><\/p>\n<h4><b><i>X\u00e1c nh\u1eadn th\u00f4ng tin b\u1ed5 sung <\/i><\/b><\/h4>\n<ol>\n<li>V\u00e9 l\u00e0 Bi\u00ean lai sau khi thanh to\u00e1n Tour n\u00e0y. B\u1ea1n c\u00f3 th\u1ec3 hi\u1ec3n th\u1ecb thanh to\u00e1n tr\u00ean \u0111i\u1ec7n tho\u1ea1i c\u1ee7a m\u00ecnh.<\/li>\n<li style=\"font-weight: 400;\"><span style=\"font-weight: 400;\">\u0110i\u1ec3m h\u1eb9n s\u1ebd nh\u1eadn \u0111\u01b0\u1ee3c sau qu\u00e1 tr\u00ecnh \u0111\u1eb7t ch\u1ed7.<\/span><\/li>\n<li style=\"font-weight: 400;\"><span style=\"font-weight: 400;\">Tr\u1ebb em ph\u1ea3i \u0111i c\u00f9ng ng\u01b0\u1eddi l\u1edbn.<\/span><\/li>\n<li style=\"font-weight: 400;\"><span style=\"font-weight: 400;\"> Kh\u00f4ng th\u1ec3 s\u1eed d\u1ee5ng xe l\u0103n <\/span><\/li>\n<li style=\"font-weight: 400;\"><span style=\"font-weight: 400;\">Tr\u1ebb s\u01a1 sinh ph\u1ea3i ng\u1ed3i tr\u00ean \u0111\u00f9i <\/span><\/li>\n<li style=\"font-weight: 400;\"><span style=\"font-weight: 400;\">Kh\u00f4ng n\u00ean d\u00f9ng cho du kh\u00e1ch c\u00f3 v\u1ea5n \u0111\u1ec1 v\u1ec1 l\u01b0ng<\/span><\/li>\n<li style=\"font-weight: 400;\"><span style=\"font-weight: 400;\">Kh\u00f4ng n\u00ean d\u00f9ng cho du kh\u00e1ch mang thai <\/span><\/li>\n<li style=\"font-weight: 400;\"><span style=\"font-weight: 400;\"> Kh\u00f4ng c\u00f3 v\u1ea5n \u0111\u1ec1 v\u1ec1 tim ho\u1eb7c c\u00e1c t\u00ecnh tr\u1ea1ng y t\u1ebf nghi\u00eam tr\u1ecdng kh\u00e1c <\/span><\/li>\n<li style=\"font-weight: 400;\"><span style=\"font-weight: 400;\">H\u1ea7u h\u1ebft du kh\u00e1ch c\u00f3 th\u1ec3 tham gia<\/span><\/li>\n<\/ol>\n<h4><b><i>Ch\u00ednh s\u00e1ch h\u1ee7y<\/i><\/b><\/h4>\n<p>\u0110\u1ec3 \u0111\u01b0\u1ee3c ho\u00e0n ti\u1ec1n \u0111\u1ea7y \u0111\u1ee7, vui l\u00f2ng \u0111\u1ecdc ch\u00ednh s\u00e1ch H\u1ee7y c\u1ee7a ch\u00fang t\u00f4i\u00a0<a href=\"https:\/\/www.boattoursamana.com\/vi\/dat-phong-truc-tuyen\/\" target=\"_blank\" rel=\"noopener\" data-saferedirecturl=\"https:\/\/www.google.com\/url?q=https:\/\/www.boattoursamana.com\/online-booking\/&amp;source=gmail&amp;ust=1672449202351000&amp;usg=AOvVaw1yAeVAPktmaVCqDujgUn90\">B\u1ea5m v\u00e0o \u0111\u00e2y<\/a>. Ti\u1ec1n s\u1ebd b\u1ecb m\u1ea5t n\u1ebfu \u0111\u1eb7t ch\u1ed7 b\u1ecb h\u1ee7y trong c\u00f9ng ng\u00e0y c\u1ee7a chuy\u1ebfn \u0111i.<\/p>\n\n\t\t<\/div>\n\t<\/div>\n<\/div><\/div><\/div><\/div><div class=\"vc_row wpb_row vc_row-fluid\" ><div class=\"wpb_column vc_column_container vc_col-sm-12\"><div class=\"vc_column-inner\"><div class=\"wpb_wrapper\"><div class=\"vc_btn3-container vc_btn3-inline\" ><a class=\"vc_general vc_btn3 vc_btn3-size-md vc_btn3-shape-rounded vc_btn3-style-modern vc_btn3-color-green\" href=\"https:\/\/bookingadventures.tours\/booking.php?tour_id=36f9705bcc61386d84e226d0c35f8a49\" title=\"\" rel=\"noopener\">\u0110\u0102\u0323T B\u00c2Y GI\u1edc<\/a><\/div>\n\t<div class=\"wpb_video_widget wpb_content_element vc_clearfix   vc_video-aspect-ratio-169 vc_video-el-width-100 vc_video-align-left\" >\n\t\t<div class=\"wpb_wrapper\">\n\t\t\t<h2 class=\"wpb_heading wpb_video_heading\">Chuy\u1ebfn tham quan 27 th\u00e1c n\u01b0\u1edbc Damajagua t\u1eeb Puerto Plata:<\/h2>\n\t\t\t<div class=\"wpb_video_wrapper\"><iframe loading=\"lazy\" title=\"27 Th\u00e1c n\u01b0\u1edbc Damajagua c\u1ee7a Booking Adventures &amp; Travel C\u1ed9ng h\u00f2a Dominica\" width=\"1100\" height=\"619\" src=\"https:\/\/www.youtube.com\/embed\/AVNh_we_RQE?start=17&feature=oembed\" frameborder=\"0\" allow=\"accelerometer; autoplay; encrypted-media; gyroscope; picture-in-picture\" allowfullscreen><\/iframe><\/div>\n\t\t<\/div>\n\t<\/div>\n<\/div><\/div><\/div><\/div><div class=\"vc_row wpb_row vc_row-fluid\" ><div class=\"wpb_column vc_column_container vc_col-sm-12\"><div class=\"vc_column-inner\"><div class=\"wpb_wrapper\"><div class=\"vc_empty_space\"   style=\"height: 32px\"><span class=\"vc_empty_space_inner\"><\/span><\/div>\n\t<div class=\"wpb_text_column wpb_content_element\" >\n\t\t<div class=\"wpb_wrapper\">\n\t\t\t<h4>Li\u00ean h\u1ec7 ch\u00fang t\u00f4i?<\/h4>\n<h5><em><strong>\u0111\u1eb7t ph\u00f2ng phi\u00eau l\u01b0u<\/strong><\/em><\/h5>\n<p><em><strong>ng\u01b0\u1eddi d\u00e2n \u0111\u1ecba ph\u01b0\u01a1ng<\/strong>\u00a0v\u00e0\u00a0<strong>c\u00f4ng d\u00e2n<\/strong>\u00a0H\u01b0\u1edbng d\u1eabn vi\u00ean du l\u1ecbch &amp; D\u1ecbch v\u1ee5 kh\u00e1ch<\/em><\/p>\n<p><span class=\"text-turquoise\">\u0111\u1eb7t ph\u00f2ng:<\/span>\u00a0Chuy\u1ebfn tham quan &amp; du ngo\u1ea1n t\u1ea1i Dom. Tr\u1ea3 l\u1eddi.<\/p>\n<p><img decoding=\"async\" class=\"emoji\" draggable=\"false\" src=\"https:\/\/s.w.org\/images\/core\/emoji\/11.2.0\/svg\/1f4de.svg\" alt=\"\ud83d\udcde\" title=\"\">\u00a0\u0110i\u1ec7n tho\u1ea1i \/ Whatsapp\u00a0\u00a0<a href=\"tel:+1-809-720-6035\">+1-809-720-6035<\/a>.<\/p>\n<p><img decoding=\"async\" class=\"emoji\" draggable=\"false\" src=\"https:\/\/s.w.org\/images\/core\/emoji\/11.2.0\/svg\/1f4e9.svg\" alt=\"\ud83d\udce9\" title=\"\">\u00a0<a href=\"mailto:info@bookingadventures.com.do\">info@bookingadventures.com.do<\/a><\/p>\n<p><strong>Ch\u00fang t\u00f4i \u0111ang thi\u1ebft l\u1eadp linh ho\u1ea1t c\u00e1c chuy\u1ebfn tham quan ri\u00eang t\u01b0 b\u1eb1ng Whatsapp:\u00a0<a href=\"tel:+18097206035\">+18097206035.<\/a><\/strong><\/p>\n\n\t\t<\/div>\n\t<\/div>\n<div class=\"vc_empty_space\"   style=\"height: 32px\"><span class=\"vc_empty_space_inner\"><\/span><\/div><\/div><\/div><\/div><\/div><div class=\"vc_row wpb_row vc_row-fluid\" ><div class=\"wpb_column vc_column_container vc_col-sm-12\"><div class=\"vc_column-inner\"><div class=\"wpb_wrapper\"><div class=\"vc_btn3-container vc_btn3-inline\" ><a class=\"vc_general vc_btn3 vc_btn3-size-md vc_btn3-shape-rounded vc_btn3-style-modern vc_btn3-color-green\" href=\"https:\/\/bookingadventures.tours\/booking.php?tour_id=36f9705bcc61386d84e226d0c35f8a49\" title=\"\" rel=\"noopener\">\u0110\u0102\u0323T B\u00c2Y GI\u1edc<\/a><\/div><\/div><\/div><\/div><\/div>","protected":false},"excerpt":{"rendered":"<p>T\u1eeb c\u00e1c kh\u00e1ch s\u1ea1n \u1edf Cabarete, Sosua ho\u1eb7c Puerto Plata. Chuy\u1ebfn tham quan n\u00e0y t\u1eeb 27 th\u00e1c n\u01b0\u1edbc Damajagua \u1edf Puerto Plata, \u0102n tr\u01b0a v\u00e0 Tham quan 27 th\u00e1c n\u01b0\u1edbc, \u0111i b\u1ed9 \u0111\u01b0\u1eddng d\u00e0i v\u00e0 nh\u1ea3y xu\u1ed1ng s\u00f4ng.<\/p>\n<p>Chuy\u1ebfn \u0111i sinh th\u00e1i \u0111\u1ebfn 27 th\u00e1c n\u01b0\u1edbc c\u1ee7a Puerto Plata. Nh\u1eadn V\u00e9 c\u1ee7a b\u1ea1n cho chuy\u1ebfn tham quan n\u1eeda ng\u00e0y \u1edf \u0111\u00e2y trong 27 Th\u00e1c n\u01b0\u1edbc t\u1eeb Damajagua. V\u00e9 v\u00e0o c\u1eeda v\u1edbi B\u1eefa tr\u01b0a v\u00e0 Tham quan Bao g\u1ed3m Nh\u1ea3y v\u00e0 b\u01a1i trong nh\u1eefng th\u00e1c n\u01b0\u1edbc \u0111\u1eb9p nh\u1ea5t c\u1ee7a C\u1ed9ng h\u00f2a Dominica. \u0110i b\u1ed9 \u0111\u01b0\u1eddng d\u00e0i v\u00e0 B\u01a1i l\u1ed9i v\u1edbi thi\u1ebft b\u1ecb an to\u00e0n \u0111\u1ec3 c\u00f3 tr\u1ea3i nghi\u1ec7m tuy\u1ec7t v\u1eddi nh\u1ea5t!!<\/p>\n<p><em><strong>Vui l\u00f2ng ch\u1ecdn ng\u00e0y cho Tour:\u00a0<\/strong><\/em><\/p>","protected":false},"featured_media":9040,"template":"","meta":[],"product_cat":[281,947,774,1001,252],"product_tag":[286,284,292,401,290,291,406,405,404,403,288,402,287,293,285,407,289],"class_list":["post-9925","product","type-product","status-publish","has-post-thumbnail","hentry","product_cat-27-waterfalls","product_cat-1-puerto-plata","product_cat-group-tours-excursions","product_cat-puerto-plata-27-waterfalls-hike","product_cat-waterfalls","product_tag-27-charcos-de-damajagua","product_tag-27-waterfalls","product_tag-27-waterfalls-dominican-republic","product_tag-27-waterfalls-dominican-republic-facts","product_tag-27-waterfalls-excursion","product_tag-27-waterfalls-puerto-plata","product_tag-amber-cove-cruise-terminal-27-waterfalls","product_tag-amber-cove-excursions","product_tag-damajagua-falls-tours","product_tag-damajagua-national-park","product_tag-excursion-27-waterfalls","product_tag-how-to-get-to-27-waterfalls-from-puerto-plata","product_tag-jumping-27-waterfalls","product_tag-los-27-charcos-de-puerto-plata","product_tag-puerto-plata","product_tag-things-to-do-in-amber-cove","product_tag-tour-27-waterfalls"],"_links":{"self":[{"href":"https:\/\/www.boattoursamana.com\/vi\/wp-json\/wp\/v2\/product\/9925","targetHints":{"allow":["GET"]}}],"collection":[{"href":"https:\/\/www.boattoursamana.com\/vi\/wp-json\/wp\/v2\/product"}],"about":[{"href":"https:\/\/www.boattoursamana.com\/vi\/wp-json\/wp\/v2\/types\/product"}],"wp:featuredmedia":[{"embeddable":true,"href":"https:\/\/www.boattoursamana.com\/vi\/wp-json\/wp\/v2\/media\/9040"}],"wp:attachment":[{"href":"https:\/\/www.boattoursamana.com\/vi\/wp-json\/wp\/v2\/media?parent=9925"}],"wp:term":[{"taxonomy":"product_cat","embeddable":true,"href":"https:\/\/www.boattoursamana.com\/vi\/wp-json\/wp\/v2\/product_cat?post=9925"},{"taxonomy":"product_tag","embeddable":true,"href":"https:\/\/www.boattoursamana.com\/vi\/wp-json\/wp\/v2\/product_tag?post=9925"}],"curies":[{"name":"wp","href":"https:\/\/api.w.org\/{rel}","templated":true}]}}