{"id":15744,"date":"2023-07-15T07:42:45","date_gmt":"2023-07-15T07:42:45","guid":{"rendered":"https:\/\/www.ticketswhales.com\/los-haitises-national-park-playa-el-rincon-beach\/"},"modified":"2023-07-15T07:42:45","modified_gmt":"2023-07-15T07:42:45","slug":"los-haitises-national-park-playa-el-rincon-beach","status":"publish","type":"page","link":"https:\/\/www.boattoursamana.com\/zh\/%e6%b4%9b%e6%96%af%e6%b5%b7%e8%92%82%e6%96%af%e5%9b%bd%e5%ae%b6%e5%85%ac%e5%9b%ad%e6%99%ae%e6%8b%89%e4%ba%9a%e5%9f%83%e5%b0%94%e6%9e%97%e5%ad%94%e6%b5%b7%e6%bb%a9","title":{"rendered":"Los Haitises \u56fd\u5bb6\u516c\u56ed + Playa el Rinc\u00f3n \u6d77\u6ee9"},"content":{"rendered":"<p>Los Haitises \u56fd\u5bb6\u516c\u56ed\u548c Playa El Rinc\u00f3n\uff0c\u5728\u6d77\u6ee9\u4e0a\u4eab\u7528\u5348\u9910\u3002\u548c\u6211\u4eec\u4e00\u8d77\u53c2\u89c2\u591a\u7c73\u5c3c\u52a0\u5171\u548c\u56fd\u6700\u7f8e\u4e3d\u7684\u56fd\u5bb6\u516c\u56ed\uff0c\u53c2\u89c2\u7ea2\u6811\u6797\u3001\u6d1e\u7a74\u548c\u5723\u6d1b\u4f26\u7d22\u6e7e\u3002\u8fd4\u56de\u8428\u9a6c\u7eb3\u6e2f\u53e3\u540e\uff0c\u524d\u5f80 Playa El Rinc\u00f3n \u6d77\u6ee9\u8fdb\u884c\u79c1\u4eba\u65c5\u884c\uff0c\u5e76\u5728\u6d77\u6ee9\u4e0a\u4eab\u7528\u5348\u9910\u3002<br \/>\nn<br \/>\nnGet your tickets with offers here&#8230;<br \/>\nn<br \/>\nn&nbsp;<br \/>\nn<br \/>\nn<strong>\u8bf7\u9009\u62e9\u6e38\u89c8\u65e5\u671f\u00a0<\/strong><\/p>\n<p>&nbsp;<\/p>\n<div class=\"vc_row wpb_row vc_row-fluid\" ><div class=\"wpb_column vc_column_container vc_col-sm-12\"><div class=\"vc_column-inner\"><div class=\"wpb_wrapper\"><div class=\"mkdf-section-title-holder\" style=\"text-align: left\">\n\t<div class=\"mkdf-st-inner\">\n\t\t\t\t\t<h5 class=\"mkdf-st-subtitle\" >\n\t\t\t\t\u6d1e\u7a74\u3001\u7ea2\u6811\u6797\u3001\u6d77\u6ee9\u5348\u9910\u548c\u6e38\u6cf3\t\t\t<\/h5>\n\t\t\t\t\t\t\t<h3 class=\"mkdf-st-title\" >\n\t\t\t\tLos Haitises \u56fd\u5bb6\u516c\u56ed + Playa el Rinc\u00f3n \u6d77\u6ee9\t\t\t<\/h3>\n\t\t\t\t\t<\/div>\n<\/div><div class=\"vc_btn3-container vc_btn3-inline\" ><button class=\"vc_general vc_btn3 vc_btn3-size-md vc_btn3-shape-rounded vc_btn3-style-modern vc_btn3-color-green\">\u73b0\u5728\u9884\u8ba2<\/button><\/div><\/div><\/div><\/div><\/div><div class=\"vc_row wpb_row vc_row-fluid\" ><div class=\"wpb_column vc_column_container vc_col-sm-12\"><div class=\"vc_column-inner\"><div class=\"wpb_wrapper\">\n\t<div class=\"wpb_text_column wpb_content_element\" >\n\t\t<div class=\"wpb_wrapper\">\n\t\t\t<p>\nn<\/p>\n<h4><b><i>\u6982\u8ff0 <\/i><\/b><\/h4>\n<p>nLos Haitises National Park and Playa El Rincon with Lunch on the beach. Come with us and visit the most beautiful national park of Dominican Republic, Visiting Mangroves, Caves and San Lorenzo Bay. After back to Samana port to take a\u00a0 private trip to Playa El Rincon Beach with Lunch on the Beach<br \/>\nn<br \/>\nnAfter this experience, you will get your time on the beach plus local lunch on the beach.<br \/>\nn<\/p>\n<ul>\nn \t<\/p>\n<li style=\"font-weight: 400;\"><span style=\"font-weight: 400;\">\u5305\u62ec\u5728\u6d77\u6ee9\u4e0a\u7684\u81ea\u52a9\u5348\u9910 <\/span><\/li>\n<p>n \t<\/p>\n<li style=\"font-weight: 400;\">\u5305\u62ec\u8d39\u7528<\/li>\n<p>n \t<\/p>\n<li style=\"font-weight: 400;\"><span style=\"font-weight: 400;\">\u8be5\u6307\u5357\u63d0\u4f9b\u6307\u5bfc\u548c\u76d1\u7763<\/span><\/li>\n<p>n<\/ul>\n<p>n&nbsp;<br \/>\nn<\/p>\n<h4><b>\u5305\u542b\u548c\u6392\u9664<\/b><\/h4>\n<p>n&nbsp;<br \/>\nn<br \/>\nn<b>\u5939\u6742\u7269<\/b><br \/>\nn<\/p>\n<ol>\nn \t<\/p>\n<li style=\"font-weight: 400;\"><span style=\"font-weight: 400;\">\u00a0\u5728\u6d77\u6ee9\u4e0a\u5403\u5348\u996d<\/span><\/li>\n<p>n \t<\/p>\n<li style=\"font-weight: 400;\">Los Haitises \u4e4b\u65c5 + Playa El Rincon<\/li>\n<p>n \t<\/p>\n<li style=\"font-weight: 400;\"><span style=\"font-weight: 400;\">\u6240\u6709\u7a0e\u8d39\u3001\u624b\u7eed\u8d39\u548c\u624b\u7eed\u8d39<\/span><\/li>\n<p>n \t<\/p>\n<li style=\"font-weight: 400;\"><span style=\"font-weight: 400;\">\u5730\u65b9\u7a0e<\/span><\/li>\n<p>n \t<\/p>\n<li style=\"font-weight: 400;\"><span style=\"font-weight: 400;\">\u996e\u6599<\/span><\/li>\n<p>n \t<\/p>\n<li style=\"font-weight: 400;\"><span style=\"font-weight: 400;\">\u6240\u6709\u6d3b\u52a8<\/span><\/li>\n<p>n \t<\/p>\n<li style=\"font-weight: 400;\"><span style=\"font-weight: 400;\">\u5f53\u5730\u5411\u5bfc<\/span><\/li>\n<p>n<\/ol>\n<p>n<b> \u6392\u9664<\/b><br \/>\nn<\/p>\n<ol>\nn \t<\/p>\n<li style=\"font-weight: 400;\"><span style=\"font-weight: 400;\">\u5c0f\u8d39<\/span><\/li>\n<p>n \t<\/p>\n<li style=\"font-weight: 400;\"><span style=\"font-weight: 400;\">\u8f6c\u79fb<\/span><\/li>\n<p>n \t<\/p>\n<li style=\"font-weight: 400;\"><span style=\"font-weight: 400;\">\u6709\u9152\u7cbe\u7684\u996e\u54c1<\/span><\/li>\n<p>n<\/ol>\n<p>n&nbsp;<br \/>\nn<\/p>\n<h4><em><strong>\u51fa\u53d1\u548c\u8fd4\u56de<\/strong><\/em><\/h4>\n<p>n<span style=\"font-weight: 400;\">\u65c5\u5ba2\u5c06\u5728\u9884\u8ba2\u6d41\u7a0b\u540e\u83b7\u5f97\u96c6\u5408\u70b9\u3002\u6e38\u89c8\u5728\u6211\u4eec\u7684\u96c6\u5408\u70b9\u5f00\u59cb\u548c\u7ed3\u675f\u3002<\/span><br \/>\nn<br \/>\nn&nbsp;<br \/>\nn<\/p>\n<h4><b><i>\u671f\u5f85\u4ec0\u4e48\uff1f<\/i><\/b><\/h4>\n<p>n&nbsp;<br \/>\nn<br \/>\nn<em><strong>\u83b7\u53d6\u60a8\u7684\u95e8\u7968<\/strong><\/em> \u5728 Playa El Rincon \u6d77\u6ee9\u4eab\u7528\u7f8e\u5473\u7684\u5348\u9910\uff0c\u53c2\u89c2 Los Haitises \u56fd\u5bb6\u516c\u56ed\u3002<br \/>\nn<br \/>\nn<span style=\"font-weight: 400;\">\u7531\u201cBooking Adventures\u201d\u7ec4\u7ec7\u7684\u65c5\u6e38\u4ece\u5bfc\u6e38\u8bbe\u5b9a\u7684\u4f1a\u9762\u70b9\u5f00\u59cb\u3002<\/span><br \/>\nn<\/p>\n<div class=\"teaser-description\">\u4e58\u8239\u6e38\u89c8\u8428\u9a6c\u7eb3\u6e7e\uff0c\u53c2\u89c2\u6d1b\u65af\u6d77\u8482\u65af\u56fd\u5bb6\u516c\u56ed\uff0c\u7a7f\u8fc7\u7ea2\u6811\u6797\u6cbc\u6cfd\uff0c\u7ecf\u8fc7\u53e4\u8001\u7684\u6d77\u76d7\u6d1e\u7a74\uff0c\u8fdb\u5165\u8fd9\u4e2a\u98ce\u666f\u5982\u753b\u7684\u4fdd\u62a4\u533a\u7684\u53d7\u4fdd\u62a4\u68ee\u6797\u3002<\/div>\n<p>n<\/p>\n<div class=\"body-description secondary\">\nn<br \/>\n\u4e0e Booking Adventures \u4e00\u8d77\u5f00\u59cb\u63a2\u7d22\u9e1f\u7c7b\u6816\u606f\u7684\u7ea2\u6811\u6797\u3001\u8302\u5bc6\u690d\u88ab\u7684\u8fde\u7ef5\u8d77\u4f0f\u5c71\u4e18\u548c\u6d1e\u7a74 <em><strong>\u6d1b\u65af\u6d77\u8482\u65af\u56fd\u5bb6\u516c\u56ed<\/strong><\/em>.\u4ece\u8428\u9a6c\u7eb3\u6e2f\u4e58\u8239\u6e38\u89c8\u3002<br \/>\nn<br \/>\n\u56fd\u5bb6\u516c\u56ed\u7684\u540d\u5b57\u6765\u6e90\u4e8e\u5176\u539f\u59cb\u5c45\u6c11\u6cf0\u8bfa\u5370\u7b2c\u5b89\u4eba\u3002\u5728\u4ed6\u4eec\u7684\u8bed\u8a00\u4e2d\uff0c\u201cHaitises\u201d\u7ffb\u8bd1\u4e3a\u9ad8\u5730\u6216\u4e18\u9675\uff0c\u6307\u7684\u662f\u6d77\u5cb8\u7ebf\u9661\u5ced\u7684\u77f3\u7070\u5ca9\u5730\u8d28\u6784\u9020\u3002\u6df1\u5165\u516c\u56ed\u63a2\u7d22\u6d1e\u7a74\uff0c\u4f8b\u5982 <em><strong>\u7ade\u6280\u573a\u7403\u573a<\/strong><\/em> \u548c <strong><em>Cueva de la L\u00cdnea\u3002<\/em><\/strong> \u4fdd\u62a4\u533a\u5185\u7684\u6d1e\u7a74\u88ab\u6cf0\u8bfa\u5370\u7b2c\u5b89\u4eba\u7528\u4f5c\u907f\u96be\u6240\uff0c\u540e\u6765\u88ab\u6d77\u76d7\u7528\u4f5c\u85cf\u8eab\u4e4b\u5904\u3002\u5bfb\u627e\u88c5\u9970\u67d0\u4e9b\u5899\u58c1\u7684\u5370\u7b2c\u5b89\u4eba\u7684\u56fe\u753b\u3002<br \/>\nn<br \/>\nnAfter visiting Los Haitises National Park we will take the boat and going through the mangroves and Land at the open San Lorenzo Bay directly to\u00a0 Saman\u00e1 Port. In Saman\u00e1 Port, we take our private Transportation to El Rinc\u00f3n beach for lunch.<br \/>\nn<br \/>\nnLunch will be delicious but we did not finish yet. After lunchtime, you will have time to enjoy the beach or just sit in a shade and enjoy Pi\u00f1a Colada or Coco Loco in one of typical Dominican bar. Around 4:30 pm leaving from the beach and coming back to Saman\u00e1.<br \/>\nn<br \/>\nn<\/div>\n<p>nIn the beach and you can stay as long you want swimming around. Frite fish and Tostones are offered! If you are Vegan we also can set some food for you.<br \/>\nn<br \/>\nn&nbsp;<br \/>\nn<\/p>\n<h4><em><strong>\u4f60\u5e94\u8be5\u5e26\u4ec0\u4e48\uff1f<\/strong><\/em><\/h4>\n<p>n<\/p>\n<ul>\nn \t<\/p>\n<li style=\"font-weight: 400;\"><span style=\"font-weight: 400;\">\u76f8\u673a<\/span><\/li>\n<p>n \t<\/p>\n<li style=\"font-weight: 400;\"><span style=\"font-weight: 400;\">\u9a71\u868a\u82bd<\/span><\/li>\n<p>n \t<\/p>\n<li style=\"font-weight: 400;\"><span style=\"font-weight: 400;\">\u9632\u6652\u971c<\/span><\/li>\n<p>n \t<\/p>\n<li style=\"font-weight: 400;\"><span style=\"font-weight: 400;\">\u5e3d\u5b50<\/span><\/li>\n<p>n \t<\/p>\n<li style=\"font-weight: 400;\"><span style=\"font-weight: 400;\">\u8212\u9002\u7684\u88e4\u5b50<\/span><\/li>\n<p>n \t<\/p>\n<li style=\"font-weight: 400;\"><span style=\"font-weight: 400;\">\u68ee\u6797\u767b\u5c71\u978b<\/span><\/li>\n<p>n \t<\/p>\n<li style=\"font-weight: 400;\"><span style=\"font-weight: 400;\">\u6c99\u6ee9\u51c9\u978b<\/span><\/li>\n<p>n \t<\/p>\n<li style=\"font-weight: 400;\"><span style=\"font-weight: 400;\">\u6cf3\u88c5<\/span><\/li>\n<p>n<\/ul>\n<p>n&nbsp;<br \/>\nn<\/p>\n<h4><b><i>\u9152\u5e97\u63a5\u9001 <\/i><\/b><\/h4>\n<p>n<span style=\"font-weight: 400;\">\u6b64\u884c\u7a0b\u4e0d\u63d0\u4f9b\u9152\u5e97\u63a5\u5ba2\u670d\u52a1\u3002 <\/span><br \/>\nn<br \/>\nn&nbsp;<br \/>\nn<br \/>\nn<b>\u7b14\u8bb0\uff1a<\/b><span style=\"font-weight: 400;\"> \u5982\u679c\u60a8\u5728\u65c5\u6e38\/\u77ed\u9014\u65c5\u884c\u51fa\u53d1\u65f6\u95f4\u524d 24 \u5c0f\u65f6\u5185\u9884\u8ba2\uff0c\u6211\u4eec\u53ef\u4ee5\u5b89\u6392\u989d\u5916\u6536\u8d39\u7684\u9152\u5e97\u63a5\u5ba2\u670d\u52a1\u3002\u8d2d\u4e70\u5b8c\u6210\u540e\uff0c\u6211\u4eec\u5c06\u5411\u60a8\u53d1\u9001\u5b8c\u6574\u7684\u8054\u7cfb\u4fe1\u606f\uff08\u7535\u8bdd\u53f7\u7801\u3001\u7535\u5b50\u90ae\u4ef6\u5730\u5740\u7b49\uff09\uff0c\u4ee5\u4fbf\u6211\u4eec\u5f53\u5730\u7684\u5bfc\u6e38\u5b89\u6392\u63a5\u9001\u4e8b\u5b9c\u3002<\/span><br \/>\nn<\/p>\n<h4><b><i>\u9644\u52a0\u4fe1\u606f\u786e\u8ba4 <\/i><\/b><\/h4>\n<p>n<\/p>\n<ol>\nn \t<\/p>\n<li>\u95e8\u7968\u662f\u672c\u6b21\u65c5\u6e38\u4ed8\u6b3e\u540e\u7684\u6536\u636e\u3002\u60a8\u53ef\u4ee5\u5728\u624b\u673a\u4e0a\u663e\u793a\u4ed8\u6b3e\u3002<\/li>\n<p>n \t<\/p>\n<li style=\"font-weight: 400;\"><span style=\"font-weight: 400;\">\u4f1a\u9762\u70b9\u5c06\u5728\u9884\u8ba2\u8fc7\u7a0b\u540e\u6536\u5230\u3002<\/span><\/li>\n<p>n \t<\/p>\n<li style=\"font-weight: 400;\"><span style=\"font-weight: 400;\">\u513f\u7ae5\u5fc5\u987b\u7531\u6210\u4eba\u966a\u540c\u3002<\/span><\/li>\n<p>n \t<\/p>\n<li style=\"font-weight: 400;\"><span style=\"font-weight: 400;\"> \u4e0d\u9002\u5408\u8f6e\u6905\u4f7f\u7528\u8005 <\/span><\/li>\n<p>n \t<\/p>\n<li style=\"font-weight: 400;\"><span style=\"font-weight: 400;\">\u5a74\u513f\u5fc5\u987b\u5750\u5728\u819d\u76d6\u4e0a <\/span><\/li>\n<p>n \t<\/p>\n<li style=\"font-weight: 400;\"><span style=\"font-weight: 400;\">\u4e0d\u5efa\u8bae\u6709\u80cc\u90e8\u95ee\u9898\u7684\u65c5\u884c\u8005\u4f7f\u7528<\/span><\/li>\n<p>n \t<\/p>\n<li style=\"font-weight: 400;\"><span style=\"font-weight: 400;\">\u4e0d\u5efa\u8bae\u6000\u5b55\u7684\u65c5\u5ba2\u4f7f\u7528 <\/span><\/li>\n<p>n \t<\/p>\n<li style=\"font-weight: 400;\"><span style=\"font-weight: 400;\"> \u6ca1\u6709\u5fc3\u810f\u95ee\u9898\u6216\u5176\u4ed6\u4e25\u91cd\u7684\u533b\u7597\u72b6\u51b5 <\/span><\/li>\n<p>n \t<\/p>\n<li style=\"font-weight: 400;\"><span style=\"font-weight: 400;\">\u5927\u591a\u6570\u65c5\u884c\u8005\u90fd\u53ef\u4ee5\u53c2\u52a0<\/span><\/li>\n<p>n<\/ol>\n<p>n<\/p>\n<h4><b><i>\u53d6\u6d88\u653f\u7b56<\/i><\/b><\/h4>\n<p>\u5982\u9700\u5168\u989d\u9000\u6b3e\uff0c\u8bf7\u9605\u8bfb\u6211\u4eec\u7684\u53d6\u6d88\u653f\u7b56\u3002\u00a0<a href=\"https:\/\/www.boattoursamana.com\/zh\/%e5%9c%a8%e7%ba%bf%e9%a2%84%e8%ae%a2\/\" target=\"_blank\" rel=\"noopener\" data-saferedirecturl=\"https:\/\/www.google.com\/url?q=https:\/\/www.boattoursamana.com\/online-booking\/&amp;source=gmail&amp;ust=1672449202351000&amp;usg=AOvVaw1yAeVAPktmaVCqDujgUn90\">\u70b9\u51fb\u8fd9\u91cc<\/a>.\u5982\u679c\u5728\u65c5\u884c\u5f53\u5929\u53d6\u6d88\u9884\u8ba2\uff0c\u5c06\u635f\u5931\u8d44\u91d1\u3002<\/p>\n\n\t\t<\/div>\n\t<\/div>\n<div class=\"vc_empty_space\"   style=\"height: 32px\"><span class=\"vc_empty_space_inner\"><\/span><\/div><\/div><\/div><\/div><\/div><div class=\"vc_row wpb_row vc_row-fluid\" ><div class=\"wpb_column vc_column_container vc_col-sm-12\"><div class=\"vc_column-inner\"><div class=\"wpb_wrapper\"><\/div><\/div><\/div><\/div><div class=\"vc_row wpb_row vc_row-fluid\" ><div class=\"wpb_column vc_column_container vc_col-sm-12\"><div class=\"vc_column-inner\"><div class=\"wpb_wrapper\"><div class=\"vc_btn3-container vc_btn3-inline\" ><button class=\"vc_general vc_btn3 vc_btn3-size-md vc_btn3-shape-rounded vc_btn3-style-modern vc_btn3-color-green\">\u73b0\u5728\u9884\u8ba2<\/button><\/div><\/div><\/div><\/div><\/div>","protected":false},"excerpt":{"rendered":"<p>Los Haitises National Park and Playa El Rinc\u00f3n with Lunch on the beach. Come with us and visit the most beautiful national park of the Dominican Republic, Visiting Mangroves, Caves and San Lorenzo Bay. After back to Saman\u00e1 port to take a\u00a0 private trip to Playa El Rinc\u00f3n Beach with Lunch on the Beach. n nGet your tickets with offers here&#8230; n n&nbsp; n nPlease Select date for The Tour\u00a0 &nbsp;<\/p>","protected":false},"author":2,"featured_media":0,"parent":0,"menu_order":0,"comment_status":"open","ping_status":"closed","template":"","meta":{"footnotes":""},"class_list":["post-15744","page","type-page","status-publish","hentry"],"_links":{"self":[{"href":"https:\/\/www.boattoursamana.com\/zh\/wp-json\/wp\/v2\/pages\/15744","targetHints":{"allow":["GET"]}}],"collection":[{"href":"https:\/\/www.boattoursamana.com\/zh\/wp-json\/wp\/v2\/pages"}],"about":[{"href":"https:\/\/www.boattoursamana.com\/zh\/wp-json\/wp\/v2\/types\/page"}],"author":[{"embeddable":true,"href":"https:\/\/www.boattoursamana.com\/zh\/wp-json\/wp\/v2\/users\/2"}],"replies":[{"embeddable":true,"href":"https:\/\/www.boattoursamana.com\/zh\/wp-json\/wp\/v2\/comments?post=15744"}],"version-history":[{"count":0,"href":"https:\/\/www.boattoursamana.com\/zh\/wp-json\/wp\/v2\/pages\/15744\/revisions"}],"wp:attachment":[{"href":"https:\/\/www.boattoursamana.com\/zh\/wp-json\/wp\/v2\/media?parent=15744"}],"curies":[{"name":"wp","href":"https:\/\/api.w.org\/{rel}","templated":true}]}}