{"id":15780,"date":"2023-07-15T07:43:40","date_gmt":"2023-07-15T07:43:40","guid":{"rendered":"https:\/\/www.ticketswhales.com\/birdwatching-punta-cana-birding-tours-from-punta-cana-to-los-haitises-national-park\/"},"modified":"2023-07-15T07:43:40","modified_gmt":"2023-07-15T07:43:40","slug":"birdwatching-punta-cana-birding-tours-from-punta-cana-to-los-haitises-national-park","status":"publish","type":"page","link":"https:\/\/www.boattoursamana.com\/zh\/%e4%bb%8e%e8%93%ac%e5%a1%94%e5%8d%a1%e7%ba%b3%e5%88%b0%e6%b4%9b%e6%96%af%e6%b5%b7%e8%92%82%e6%96%af%e5%9b%bd%e5%ae%b6%e5%85%ac%e5%9b%ad%e7%9a%84%e8%a7%82%e9%b8%9f%e4%b9%8b%e6%97%85","title":{"rendered":"\u89c2\u9e1f\u84ec\u5854\u5361\u7eb3 - \u4ece\u84ec\u5854\u5361\u7eb3\u5230\u6d1b\u65af\u6d77\u8482\u65af\u56fd\u5bb6\u516c\u56ed\u7684\u89c2\u9e1f\u4e4b\u65c5"},"content":{"rendered":"<p><span style=\"vertical-align: inherit;\"><span style=\"vertical-align: inherit;\">Observaci\u00f3n de aves Ma\u00f1ana completa en los senderos de la Selva Tropical del Parque Nacional Los Haitises\u3002 <\/span><span style=\"vertical-align: inherit;\">Este parque tiene una gran variedad de esspecies de aves y animales y es el favorito de los observadores de aves\u3002 <\/span><span style=\"vertical-align: inherit;\">Si bien el n\u00famero visto puede ser m\u00e1s alto que en otros lugares, la ubicaci\u00f3n de Cano Hondo en un \u00e1rea levemente h\u00fameda del pa\u00eds significa que la selva tropical es m\u00e1s abierta con menos plantaciones de cacao y caf\u00e9, lo que facilita la obsercaci\u00f3n de la vida\u897f\u5c14\u7ef4\u65af\u7279\u3002 <\/span><span style=\"vertical-align: inherit;\">Este es un viaje privado\u3002 <\/span><span style=\"vertical-align: inherit;\">Puede elegir elegir un momento para comenzar la experiencia de observci\u00f3n de aves y cu\u00e1ndo regresar a Punta Cana\u3002<\/span><\/span><br \/>\nn<br \/>\nn<em><strong><span style=\"vertical-align: inherit;\"><span style=\"vertical-align: inherit;\">Seleccione la fecha de la actividad\u3002<\/span><\/span><\/strong><\/em><\/p>\n<p>&nbsp;<\/p>\n<div class=\"vc_row wpb_row vc_row-fluid\" ><div class=\"wpb_column vc_column_container vc_col-sm-12\"><div class=\"vc_column-inner\"><div class=\"wpb_wrapper\"><div class=\"mkdf-section-title-holder\" style=\"text-align: left\">\n\t<div class=\"mkdf-st-inner\">\n\t\t\t\t\t<h5 class=\"mkdf-st-subtitle\" >\n\t\t\t\t\u5728\u6d1b\u65af\u6d77\u8482\u65af\u56fd\u5bb6\u516c\u56ed\u89c2\u9e1f\t\t\t<\/h5>\n\t\t\t\t\t\t\t<h3 class=\"mkdf-st-title\" >\n\t\t\t\t\u4ece\u84ec\u5854\u5361\u7eb3\u5230\u6d1b\u65af\u6d77\u8482\u65af\u56fd\u5bb6\u516c\u56ed\u7684\u89c2\u9e1f\u4e4b\u65c5\t\t\t<\/h3>\n\t\t\t\t\t<\/div>\n<\/div><\/div><\/div><\/div><\/div><div class=\"vc_row wpb_row vc_row-fluid\" ><\/div><div class=\"wpb_column vc_column_container vc_col-sm-12\"><div class=\"vc_column-inner\"><div class=\"wpb_wrapper\"><\/div><\/div><\/div>\n\t<div class=\"wpb_text_column wpb_content_element\" >\n\t\t<div class=\"wpb_wrapper\">\n\t\t\t<p>\nn<br \/>\n\u6211\u662f\u6587\u672c\u5757\u3002\u5355\u51fb\u7f16\u8f91\u6309\u94ae\u66f4\u6539\u6b64\u6587\u672c\u3002 Lorem ipsum dolor sat amet\uff0cconsectetur adipiscing elit\u3002 Ut elittellus\uff0cluctus nec ullamcorper mattis\uff0cpulvinar dapibus leo\u3002<br \/>\nn<br \/>\nn<\/p>\n\n\t\t<\/div>\n\t<\/div>\n<div class=\"vc_row wpb_row vc_row-fluid\" ><\/div><div class=\"wpb_column vc_column_container vc_col-sm-12\"><div class=\"vc_column-inner\"><div class=\"wpb_wrapper\"><\/div><\/div><\/div>\n\t<div class=\"wpb_text_column wpb_content_element\" >\n\t\t<div class=\"wpb_wrapper\">\n\t\t\t<p>\nn<br \/>\n\u6211\u662f\u6587\u672c\u5757\u3002\u5355\u51fb\u7f16\u8f91\u6309\u94ae\u66f4\u6539\u6b64\u6587\u672c\u3002 Lorem ipsum dolor sat amet\uff0cconsectetur adipiscing elit\u3002 Ut elittellus\uff0cluctus nec ullamcorper mattis\uff0cpulvinar dapibus leo\u3002<br \/>\nn<br \/>\nn<\/p>\n\n\t\t<\/div>\n\t<\/div>\n<div class=\"vc_row wpb_row vc_row-fluid\" ><div class=\"wpb_column vc_column_container vc_col-sm-12\"><div class=\"vc_column-inner\"><div class=\"wpb_wrapper\"><\/div><\/div><\/div><\/div>","protected":false},"excerpt":{"rendered":"<p>Observaci\u00f3n de aves Ma\u00f1ana completa en los senderos de la Selva Tropical del Parque Nacional Los Haitises. Este parque tiene una gran variedad de especies de aves y animales y es el favorito de los observadores de aves. Si bien el n\u00famero visto puede ser m\u00e1s alto que en otros lugares, la ubicaci\u00f3n de Cano Hondo en un \u00e1rea levemente h\u00fameda del pa\u00eds significa que la selva tropical es m\u00e1s abierta con menos plantaciones de cacao y caf\u00e9, lo que [&hellip;]<\/p>\n","protected":false},"author":2,"featured_media":0,"parent":0,"menu_order":0,"comment_status":"open","ping_status":"closed","template":"","meta":{"footnotes":""},"class_list":["post-15780","page","type-page","status-publish","hentry"],"_links":{"self":[{"href":"https:\/\/www.boattoursamana.com\/zh\/wp-json\/wp\/v2\/pages\/15780","targetHints":{"allow":["GET"]}}],"collection":[{"href":"https:\/\/www.boattoursamana.com\/zh\/wp-json\/wp\/v2\/pages"}],"about":[{"href":"https:\/\/www.boattoursamana.com\/zh\/wp-json\/wp\/v2\/types\/page"}],"author":[{"embeddable":true,"href":"https:\/\/www.boattoursamana.com\/zh\/wp-json\/wp\/v2\/users\/2"}],"replies":[{"embeddable":true,"href":"https:\/\/www.boattoursamana.com\/zh\/wp-json\/wp\/v2\/comments?post=15780"}],"version-history":[{"count":0,"href":"https:\/\/www.boattoursamana.com\/zh\/wp-json\/wp\/v2\/pages\/15780\/revisions"}],"wp:attachment":[{"href":"https:\/\/www.boattoursamana.com\/zh\/wp-json\/wp\/v2\/media?parent=15780"}],"curies":[{"name":"wp","href":"https:\/\/api.w.org\/{rel}","templated":true}]}}