{"id":15790,"date":"2023-07-15T07:43:59","date_gmt":"2023-07-15T07:43:59","guid":{"rendered":"https:\/\/www.ticketswhales.com\/samana-day-trip-from-bayahibe-el-limon-waterfall-and-bacardi-island\/"},"modified":"2023-07-15T07:43:59","modified_gmt":"2023-07-15T07:43:59","slug":"samana-day-trip-from-bayahibe-el-limon-waterfall-and-bacardi-island","status":"publish","type":"page","link":"https:\/\/www.boattoursamana.com\/zh\/samana-%e4%b8%80%e6%97%a5%e6%b8%b8%e4%bb%8e-bayahibe-el-limon-%e7%80%91%e5%b8%83%e5%92%8c%e7%99%be%e5%8a%a0%e5%be%97%e5%b2%9b-2","title":{"rendered":"Bayahibe \u7684 Saman\u00e1 \u4e00\u65e5\u6e38 \u2013 El Lim\u00f3n \u7011\u5e03\u548c\u767e\u52a0\u5f97\u5c9b"},"content":{"rendered":"<p><span style=\"vertical-align: inherit;\"><span style=\"vertical-align: inherit;\">Si est\u00e1s en Punta Cana o B\u00e1varo y quieres hacer una excursi\u00f3n de un d\u00eda pagando menos de lo habitual, reserva este viaje\u3002 <\/span><span style=\"vertical-align: inherit;\">Dentro de este viaje\u3001lo llevaremos a Samana\u3001donde en un catamaran\u3001lo llevar\u00e1n a Sabana de la Mar\u3001un municipio de Hato Mayor\u3001la casa del Parque Nacional Los Haitises\u3002 <\/span><span style=\"vertical-align: inherit;\">Este viaje \u5305\u62ec Safari Tour\u3001Catamar\u00e1n\u3001Cascada \u548c nataci\u00f3n en la playa\uff0c\u7b49\u7b49\u3002 <\/span><span style=\"vertical-align: inherit;\">\u65e9\u4e0a 6:00 \u81f3\u4e0b\u5348 6:30 \u7684 El viaje comienza\u3002 <\/span><span style=\"vertical-align: inherit;\">\u00a1\u6ca1\u6709te lo pierdas\uff01<\/span><\/span><br \/>\nn<br \/>\nn&nbsp;<br \/>\nn<br \/>\nn&nbsp;<br \/>\nn<br \/>\nn<strong><span style=\"vertical-align: inherit;\"><span style=\"vertical-align: inherit;\">Seleccione la fecha para el tour\u00a0<\/span><\/span><\/strong><\/p>\n<p>&nbsp;<\/p>\n<div class=\"vc_row wpb_row vc_row-fluid\" ><div class=\"wpb_column vc_column_container vc_col-sm-12\"><div class=\"vc_column-inner\"><div class=\"wpb_wrapper\"><div class=\"mkdf-section-title-holder\" style=\"text-align: left\">\n\t<div class=\"mkdf-st-inner\">\n\t\t\t\t\t<h5 class=\"mkdf-st-subtitle\" >\n\t\t\t\t\uff08\u5728 Bayahibe \u9152\u5e97\u63a5\u5ba2\uff09\t\t\t<\/h5>\n\t\t\t\t\t\t\t<h3 class=\"mkdf-st-title\" >\n\t\t\t\tBayahibe \u7684 Samana \u4e00\u65e5\u6e38 - El Limon \u7011\u5e03\u548c\u767e\u52a0\u5f97\u5c9b\t\t\t<\/h3>\n\t\t\t\t\t<\/div>\n<\/div><\/div><\/div><\/div><\/div><div class=\"vc_row wpb_row vc_row-fluid\" ><div class=\"wpb_column vc_column_container vc_col-sm-12\"><div class=\"vc_column-inner\"><div class=\"wpb_wrapper\">\n\t<div class=\"wpb_text_column wpb_content_element\" >\n\t\t<div class=\"wpb_wrapper\">\n\t\t\t<p>\nn<\/p>\n<h4><b><i>\u6982\u8ff0 <\/i><\/b><\/h4>\n<p>\u5982\u679c\u60a8\u5728\u5df4\u4e9a\u5e0c\u8d1d\u3001\u84ec\u5854\u5361\u7eb3\u6216\u5df4\u74e6\u7f57\uff0c\u5e76\u4e14\u60f3\u8981\u4ee5\u4f4e\u4e8e\u5e73\u5e38\u7684\u4ef7\u683c\u8fdb\u884c\u4e00\u65e5\u6e38\uff0c\u8bf7\u7ee7\u7eed\u9884\u8ba2\u6b64\u884c\u7a0b\u3002\u5728\u8fd9\u6b21\u65c5\u884c\u4e2d\uff0c\u6211\u4eec\u5c06\u5e26\u60a8\u524d\u5f80\u8428\u9a6c\u7eb3\uff0c\u5728\u90a3\u91cc\u60a8\u5c06\u4e58\u5750\u53cc\u4f53\u8239\u524d\u5f80\u8428\u74e6\u7eb3\u5fb7\u62c9\u9a6c\u5c14\uff0c\u8fd9\u662f\u54c8\u6258\u5e02\u957f\u7684\u4e00\u4e2a\u5c0f\u9547\uff0c\u4e5f\u662f\u6d1b\u65af\u6d77\u8482\u65af\u56fd\u5bb6\u516c\u56ed\u7684\u6240\u5728\u5730\u3002\u6b64\u65c5\u7a0b\u5305\u62ec\u53c2\u89c2\u8428\u9a6c\u7eb3\u548c\u57c3\u5c14\u5229\u8499\u793e\u533a\uff0c\u7a7f\u8fc7\u8428\u9a6c\u7eb3\u6e7e\u540e\u60a8\u53ef\u4ee5\u9a91\u9a6c\u6216\u5f92\u6b65\u524d\u5f80\u7011\u5e03\u3002\u5348\u9910\u5c06\u5728\u767e\u52a0\u5f97\u5c9b\u4eab\u7528\u3002\u884c\u7a0b\u4ece\u65e9\u4e0a 6:00 \u5f00\u59cb\uff0c\u5230\u4e0b\u5348 6:30 \u7ed3\u675f\u3002\u7acb\u5373\u9884\u8ba2\uff01<br \/>\nn<br \/>\n\u4f53\u9a8c\u7ed3\u675f\u540e\uff0c\u6211\u4eec\u4f1a\u5c06\u60a8\u9001\u81f3\u60a8\u7684\u9152\u5e97\u3002<br \/>\nn<\/p>\n<ul>\nn \t<\/p>\n<li style=\"font-weight: 400;\">\u5305\u62ec\u8d39\u7528<\/li>\n<p>n \t<\/p>\n<li>\u5305\u62ec\u6d77\u6ee9\u5348\u9910<\/li>\n<p>n \t<\/p>\n<li>\u5305\u62ec\u63a5\u9001\u670d\u52a1<\/li>\n<p>n \t<\/p>\n<li style=\"font-weight: 400;\"><span style=\"font-weight: 400;\">\u8be5\u6307\u5357\u63d0\u4f9b\u6307\u5bfc\u548c\u76d1\u7763<\/span><\/li>\n<p>n<\/ul>\n<p>n&nbsp;<br \/>\nn<\/p>\n<h4><b>\u5305\u542b\u548c\u6392\u9664<\/b><\/h4>\n<p>n&nbsp;<br \/>\nn<br \/>\nn<b>\u5939\u6742\u7269<\/b><br \/>\nn<br \/>\nn&nbsp;<br \/>\nn<\/p>\n<ol>\nn \t<\/p>\n<li style=\"font-weight: 400;\">\u9152\u5e97\u63a5\u8f7d<\/li>\n<p>n \t<\/p>\n<li style=\"font-weight: 400;\">\u8428\u9a6c\u7eb3\u6e7e<\/li>\n<p>n \t<\/p>\n<li>\u767e\u52a0\u5f97\u5c9b\u3001\u6d77\u6ee9\u548c\u5348\u9910<\/li>\n<p>n \t<\/p>\n<li>Safari \u5230 El Lim\u00f3n<\/li>\n<p>n \t<\/p>\n<li>\u9a91\u9a6c\u6216\u5f92\u6b65\u524d\u5f80\u7011\u5e03<\/li>\n<p>n \t<\/p>\n<li>\u591a\u7c73\u5c3c\u52a0\u9e21\u5c3e\u9152<\/li>\n<p>n \t<\/p>\n<li style=\"font-weight: 400;\"><span style=\"font-weight: 400;\">\u6240\u6709\u7a0e\u8d39\u3001\u624b\u7eed\u8d39\u548c\u624b\u7eed\u8d39<\/span><\/li>\n<p>n \t<\/p>\n<li style=\"font-weight: 400;\"><span style=\"font-weight: 400;\">\u5730\u65b9\u7a0e<\/span><\/li>\n<p>n \t<\/p>\n<li style=\"font-weight: 400;\"><span style=\"font-weight: 400;\">\u996e\u6599<\/span><\/li>\n<p>n \t<\/p>\n<li style=\"font-weight: 400;\"><span style=\"font-weight: 400;\">\u6240\u6709\u6d3b\u52a8<\/span><\/li>\n<p>n \t<\/p>\n<li style=\"font-weight: 400;\"><span style=\"font-weight: 400;\">\u5f53\u5730\u5411\u5bfc<\/span><\/li>\n<p>n<\/ol>\n<p>n<b> \u6392\u9664<\/b><br \/>\nn<\/p>\n<ol>\nn \t<\/p>\n<li style=\"font-weight: 400;\"><span style=\"font-weight: 400;\">\u5c0f\u8d39<\/span><\/li>\n<p>n \t<\/p>\n<li style=\"font-weight: 400;\"><span style=\"font-weight: 400;\">\u9e21\u5c3e\u9152\u540e\u7684\u9152\u7cbe\u996e\u6599\u00a0<\/span><\/li>\n<p>n<\/ol>\n<p>n&nbsp;<br \/>\nn<\/p>\n<h4><em><strong>\u51fa\u53d1\u548c\u8fd4\u56de<\/strong><\/em><\/h4>\n<p>n<span style=\"font-weight: 400;\">\u65c5\u5ba2\u5c06\u5728\u9884\u8ba2\u6d41\u7a0b\u540e\u83b7\u5f97\u96c6\u5408\u70b9\u3002\u6e38\u89c8\u5728\u6211\u4eec\u7684\u96c6\u5408\u70b9\u5f00\u59cb\u548c\u7ed3\u675f\u3002<\/span><br \/>\nn<br \/>\nn&nbsp;<br \/>\nn<\/p>\n<h3>Bayahibe \u7684 Samana \u4e00\u65e5\u6e38 \u2013 El Limon \u7011\u5e03\u548c\u767e\u52a0\u5f97\u5c9b<\/h3>\n<p>n<\/p>\n<h4><b><i>\u671f\u5f85\u4ec0\u4e48\uff1f<\/i><\/b><\/h4>\n<p>n&nbsp;<br \/>\nn<br \/>\nn<strong>\u7acb\u5373\u83b7\u53d6\u95e8\u7968<\/strong>.\u7011\u5e03\u3001\u9a91\u9a6c\u3001\u5f92\u6b65\u65c5\u884c\u548c\u91ce\u751f\u52a8\u7269\u56ed\u4e4b\u65c5\u3001\u5929\u7136\u6cc9\u6c34\u6e38\u6cf3\u3001\u767e\u52a0\u5f97\u5c9b\u5348\u9910\u4ee5\u53ca\u5176\u4ed6\u6709\u8da3\u7684\u6d3b\u52a8\u7b49\u7740\u60a8\u3002<br \/>\nn<br \/>\n\u4e58\u5750\u5df4\u58eb\u4ece\u5df4\u4e9a\u5e0c\u8d1d\u51fa\u53d1\uff0c\u524d\u5f80\u8428\u9a6c\u7eb3\u6e7e\u6e2f\u53e3\u3002\u5230\u8fbe\u6e2f\u53e3\u540e\uff0c\u6211\u4eec\u5c06\u4e0e\u5f53\u5730\u5bfc\u6e38\u4e00\u8d77\u767b\u4e0a\u5c0f\u8239\u6216\u53cc\u4f53\u8239\uff0c\u5bfc\u6e38\u5c06\u5e26\u60a8\u524d\u5f80\u8428\u9a6c\u7eb3\u793e\u533a\u3002\u5728\u8fd9\u4e2a\u793e\u533a\uff0c\u91ce\u751f\u52a8\u7269\u56ed\u4e4b\u65c5\u5c06\u5e26\u60a8\u56db\u5904\u6e38\u89c8\uff0c\u5411\u60a8\u4ecb\u7ecd\u8fd9\u4e2a\u5c0f\u9547\u7684\u5386\u53f2\u3002\u4f46\u8fd9\u8fd8\u4e0d\u662f\u5168\u90e8\uff0c\u63a5\u4e0b\u6765\u662f El Limon \u7011\u5e03\uff0c\u5728\u8fd9\u91cc\u60a8\u53ef\u4ee5\u6e38\u6cf3\u3001\u5f92\u6b65\u65c5\u884c\u6216\u9a91\u9a6c\u3002 El Limon \u7011\u5e03\u662f\u4e00\u5ea7\u5947\u5999\u7684\u5929\u7136\u7eaa\u5ff5\u7891\uff0c\u62e5\u6709\u70ed\u5e26\u68ee\u6797\u548c\u6e05\u6f88\u7684\u5929\u7136\u6cc9\u6c34\u3002\u5728\u8fd4\u56de\u8428\u9a6c\u7eb3\u7684\u8def\u4e0a\uff0c\u6211\u4eec\u5c06\u5728\u767e\u52a0\u5f97\u5c9b\u505c\u7559\uff0c\u5728\u90a3\u91cc\u4eab\u7528\u5348\u9910\uff0c\u60a8\u5c06\u80fd\u591f\u5728\u591a\u7c73\u5c3c\u52a0\u5171\u548c\u56fd\u6700\u81ea\u7136\u7684\u6e38\u6cf3\u6c60\u4e4b\u4e00\u6e38\u6cf3\u3002<br \/>\nn<br \/>\nn&nbsp;<br \/>\nn<br \/>\n\u5982\u679c\u60a8\u60f3\u8c03\u6574\u6b64\u884c\u7a0b\uff0c\u4f7f\u5176\u66f4\u77ed\u6216\u66f4\u957f\uff0c\u8bf7\u8054\u7cfb\u6211\u4eec\u3002<br \/>\nn<br \/>\nn&nbsp;<br \/>\nn<\/p>\n<h4><em><strong>\u4f60\u5e94\u8be5\u5e26\u4ec0\u4e48\uff1f<\/strong><\/em><\/h4>\n<p>n<\/p>\n<ul>\nn \t<\/p>\n<li style=\"font-weight: 400;\"><span style=\"font-weight: 400;\">\u76f8\u673a<\/span><\/li>\n<p>n \t<\/p>\n<li style=\"font-weight: 400;\"><span style=\"font-weight: 400;\">\u9a71\u868a\u82bd<\/span><\/li>\n<p>n \t<\/p>\n<li style=\"font-weight: 400;\"><span style=\"font-weight: 400;\">\u9632\u6652\u971c<\/span><\/li>\n<p>n \t<\/p>\n<li style=\"font-weight: 400;\"><span style=\"font-weight: 400;\">\u5e3d\u5b50<\/span><\/li>\n<p>n \t<\/p>\n<li style=\"font-weight: 400;\"><span style=\"font-weight: 400;\">\u8212\u9002\u7684\u88e4\u5b50<\/span><\/li>\n<p>n \t<\/p>\n<li style=\"font-weight: 400;\"><span style=\"font-weight: 400;\">\u68ee\u6797\u767b\u5c71\u978b<\/span><\/li>\n<p>n \t<\/p>\n<li style=\"font-weight: 400;\"><span style=\"font-weight: 400;\">\u51c9\u978b\u5230\u6625\u5b63\u5730\u533a\u3002<\/span><\/li>\n<p>n \t<\/p>\n<li style=\"font-weight: 400;\"><span style=\"font-weight: 400;\">\u6cf3\u88c5<\/span><\/li>\n<p>n<\/ul>\n<p>n&nbsp;<br \/>\nn<\/p>\n<h4><b><i>\u9152\u5e97\u63a5\u9001 <\/i><\/b><\/h4>\n<p>n<span style=\"font-weight: 400;\">\u63d0\u4f9b\u65c5\u5ba2\u63a5\u9001\u670d\u52a1\uff01<\/span><br \/>\nn<br \/>\nn<span style=\"font-weight: 400;\">\u6211\u4eec\u4f1a\u4ece Bayahibe \u7684\u6240\u6709\u9152\u5e97\u63a5\u5ba2\u3002\u63a5\u8f7d\u5730\u70b9\u4e3a\u9152\u5e97\u5927\u5802<br \/>\n\u5982\u679c\u60a8\u4f4f\u5728\u8be5\u5730\u533a\u7684\u516c\u5bd3\uff0c\u6211\u4eec\u5c06\u5728\u516c\u5bd3\u6216\u6700\u8fd1\u7684\u5ea6\u5047\u6751\u5165\u53e3\u5904\u63a5\u60a8\u3002\u6211\u4eec\u8bbe\u7f6e\u4e86\u901a\u8fc7 Whatsapp \u8054\u7cfb\u6211\u4eec\u7684\u63a5\u673a\u3002<\/span><br \/>\nn<br \/>\nn<b>\u7b14\u8bb0\uff1a<\/b><span style=\"font-weight: 400;\"> \u5982\u679c\u60a8\u5728\u65c5\u6e38\/\u77ed\u9014\u65c5\u884c\u51fa\u53d1\u65f6\u95f4\u524d 24 \u5c0f\u65f6\u5185\u9884\u8ba2\uff0c\u6211\u4eec\u53ef\u4ee5\u5b89\u6392\u9152\u5e97\u63a5\u5ba2\u3002\u8d2d\u4e70\u5b8c\u6210\u540e\uff0c\u6211\u4eec\u5c06\u5411\u60a8\u53d1\u9001\u5b8c\u6574\u7684\u8054\u7cfb\u4fe1\u606f\uff08\u7535\u8bdd\u53f7\u7801\u3001\u7535\u5b50\u90ae\u4ef6\u5730\u5740\u7b49\uff09\uff0c\u4ee5\u4fbf\u6211\u4eec\u5f53\u5730\u7684\u5bfc\u6e38\u5b89\u6392\u63a5\u9001\u4e8b\u5b9c\u3002<\/span><br \/>\nn<\/p>\n<h4><b><i>\u9644\u52a0\u4fe1\u606f\u786e\u8ba4 <\/i><\/b><\/h4>\n<p>n<\/p>\n<ol>\nn \t<\/p>\n<li>\u95e8\u7968\u662f\u672c\u6b21\u65c5\u6e38\u4ed8\u6b3e\u540e\u7684\u6536\u636e\u3002\u60a8\u53ef\u4ee5\u5728\u624b\u673a\u4e0a\u663e\u793a\u4ed8\u6b3e\u3002<\/li>\n<p>n \t<\/p>\n<li style=\"font-weight: 400;\"><span style=\"font-weight: 400;\">\u4f1a\u9762\u70b9\u5c06\u5728\u9884\u8ba2\u8fc7\u7a0b\u540e\u6536\u5230\u3002<\/span><\/li>\n<p>n \t<\/p>\n<li style=\"font-weight: 400;\"><span style=\"font-weight: 400;\">\u513f\u7ae5\u5fc5\u987b\u7531\u6210\u4eba\u966a\u540c\u3002<\/span><\/li>\n<p>n \t<\/p>\n<li style=\"font-weight: 400;\"><span style=\"font-weight: 400;\"> \u4e0d\u9002\u5408\u8f6e\u6905\u4f7f\u7528\u8005 <\/span><\/li>\n<p>n \t<\/p>\n<li style=\"font-weight: 400;\"><span style=\"font-weight: 400;\">\u5a74\u513f\u5fc5\u987b\u5750\u5728\u819d\u76d6\u4e0a <\/span><\/li>\n<p>n \t<\/p>\n<li style=\"font-weight: 400;\"><span style=\"font-weight: 400;\">\u4e0d\u5efa\u8bae\u6709\u80cc\u90e8\u95ee\u9898\u7684\u65c5\u884c\u8005\u4f7f\u7528<\/span><\/li>\n<p>n \t<\/p>\n<li style=\"font-weight: 400;\"><span style=\"font-weight: 400;\">\u4e0d\u5efa\u8bae\u6000\u5b55\u7684\u65c5\u5ba2\u4f7f\u7528 <\/span><\/li>\n<p>n \t<\/p>\n<li style=\"font-weight: 400;\"><span style=\"font-weight: 400;\"> \u6ca1\u6709\u5fc3\u810f\u95ee\u9898\u6216\u5176\u4ed6\u4e25\u91cd\u7684\u533b\u7597\u72b6\u51b5 <\/span><\/li>\n<p>n \t<\/p>\n<li style=\"font-weight: 400;\"><span style=\"font-weight: 400;\">\u5927\u591a\u6570\u65c5\u884c\u8005\u90fd\u53ef\u4ee5\u53c2\u52a0<\/span><\/li>\n<p>n<\/ol>\n<p>n<\/p>\n<h4><b><i>\u53d6\u6d88\u653f\u7b56<\/i><\/b><\/h4>\n<p>\u5982\u9700\u5168\u989d\u9000\u6b3e\uff0c\u8bf7\u9605\u8bfb\u6211\u4eec\u7684\u53d6\u6d88\u653f\u7b56\u3002\u00a0<a href=\"https:\/\/www.boattoursamana.com\/zh\/%e5%9c%a8%e7%ba%bf%e9%a2%84%e8%ae%a2\/\" target=\"_blank\" rel=\"noopener\" data-saferedirecturl=\"https:\/\/www.google.com\/url?q=https:\/\/www.boattoursamana.com\/online-booking\/&amp;source=gmail&amp;ust=1672449202351000&amp;usg=AOvVaw1yAeVAPktmaVCqDujgUn90\">\u70b9\u51fb\u8fd9\u91cc<\/a>.\u5982\u679c\u5728\u65c5\u884c\u5f53\u5929\u53d6\u6d88\u9884\u8ba2\uff0c\u5c06\u635f\u5931\u8d44\u91d1\u3002<\/p>\n\n\t\t<\/div>\n\t<\/div>\n<\/div><\/div><\/div><\/div><div class=\"vc_row wpb_row vc_row-fluid\" ><\/div><div class=\"wpb_column vc_column_container vc_col-sm-12\"><div class=\"vc_column-inner\"><div class=\"wpb_wrapper\"><\/div><\/div><\/div><div class=\"vc_empty_space\"   style=\"height: 32px\"><span class=\"vc_empty_space_inner\"><\/span><\/div>\n\t<div class=\"wpb_text_column wpb_content_element\" >\n\t\t<div class=\"wpb_wrapper\">\n\t\t\t<p>\nn<br \/>\n\u6211\u662f\u6587\u672c\u5757\u3002\u5355\u51fb\u7f16\u8f91\u6309\u94ae\u66f4\u6539\u6b64\u6587\u672c\u3002 Lorem ipsum dolor sat amet\uff0cconsectetur adipiscing elit\u3002 Ut elittellus\uff0cluctus nec ullamcorper mattis\uff0cpulvinar dapibus leo\u3002<br \/>\nn<br \/>\nn<\/p>\n\n\t\t<\/div>\n\t<\/div>\n<div class=\"vc_empty_space\"   style=\"height: 32px\"><span class=\"vc_empty_space_inner\"><\/span><\/div>","protected":false},"excerpt":{"rendered":"<p>Si est\u00e1s en Punta Cana o B\u00e1varo y quieres hacer una excursi\u00f3n de un d\u00eda pagando menos de lo habitual, reserva este viaje. Dentro de este viaje, lo llevaremos a Samana, donde en un catamar\u00e1n, lo llevar\u00e1n a Sabana de la Mar, un municipio de Hato Mayor, la casa del Parque Nacional Los Haitises. Este viaje incluye Safari Tour, Catamar\u00e1n, Cascada y nataci\u00f3n en la playa, y m\u00e1s. El viaje comienza a las 6:00 am y termina a las 6:30 [&hellip;]<\/p>\n","protected":false},"author":2,"featured_media":0,"parent":0,"menu_order":0,"comment_status":"open","ping_status":"closed","template":"","meta":{"footnotes":""},"class_list":["post-15790","page","type-page","status-publish","hentry"],"_links":{"self":[{"href":"https:\/\/www.boattoursamana.com\/zh\/wp-json\/wp\/v2\/pages\/15790","targetHints":{"allow":["GET"]}}],"collection":[{"href":"https:\/\/www.boattoursamana.com\/zh\/wp-json\/wp\/v2\/pages"}],"about":[{"href":"https:\/\/www.boattoursamana.com\/zh\/wp-json\/wp\/v2\/types\/page"}],"author":[{"embeddable":true,"href":"https:\/\/www.boattoursamana.com\/zh\/wp-json\/wp\/v2\/users\/2"}],"replies":[{"embeddable":true,"href":"https:\/\/www.boattoursamana.com\/zh\/wp-json\/wp\/v2\/comments?post=15790"}],"version-history":[{"count":0,"href":"https:\/\/www.boattoursamana.com\/zh\/wp-json\/wp\/v2\/pages\/15790\/revisions"}],"wp:attachment":[{"href":"https:\/\/www.boattoursamana.com\/zh\/wp-json\/wp\/v2\/media?parent=15790"}],"curies":[{"name":"wp","href":"https:\/\/api.w.org\/{rel}","templated":true}]}}