{"id":15794,"date":"2023-07-15T07:43:59","date_gmt":"2023-07-15T07:43:59","guid":{"rendered":"https:\/\/www.ticketswhales.com\/mangroves-reforestation-in-los-haitises-with-locals-on-kayak\/"},"modified":"2023-07-15T07:43:59","modified_gmt":"2023-07-15T07:43:59","slug":"mangroves-reforestation-in-los-haitises-with-locals-on-kayak","status":"publish","type":"page","link":"https:\/\/www.boattoursamana.com\/zh\/%e6%b4%9b%e6%9d%89%e7%9f%b6%e6%b5%b7%e5%9c%b0%e6%96%af%e7%9a%84%e7%ba%a2%e6%a0%91%e6%9e%97%e5%86%8d%e9%80%a0%e6%9e%97%e4%b8%8e%e5%bd%93%e5%9c%b0%e4%ba%ba%e4%b8%80%e8%b5%b7%e5%88%92%e7%9a%ae%e5%88%92","title":{"rendered":"Los Haitises \u7684\u7ea2\u6811\u6797\u518d\u9020\u6797\u4e0e\u5f53\u5730\u4eba\u5212\u76ae\u5212\u8247"},"content":{"rendered":"<p><span style=\"vertical-align: inherit;\"><span style=\"vertical-align: inherit;\">Buena opportunidad para ayudar a la Naturaleza y disfrutar en Kayaks de la belleza del Parque Nacional Los Haitises\u3002 <\/span><span style=\"vertical-align: inherit;\">50 \u4e2a pl\u00e1ntulas de donaci\u00f3n de manglares ser\u00e1n parte de su visita en kayaks m\u00e1s gu\u00edas capacitados por los locales para la interpretaci\u00f3n de la flora y la fauna\u3002 <\/span><span style=\"vertical-align: inherit;\">Si no te gustan los kayaks esta actividad tienes opci\u00f3n de bote\u3002<\/span><\/span><br \/>\nn<br \/>\nn&nbsp;<br \/>\nn<br \/>\nn<strong><span style=\"vertical-align: inherit;\"><span style=\"vertical-align: inherit;\">Seleccione la fecha para el Tour\uff1a<\/span><\/span><\/strong><\/p>\n<p>&nbsp;<\/p>\n<div class=\"vc_row wpb_row vc_row-fluid\" ><div class=\"wpb_column vc_column_container vc_col-sm-12\"><div class=\"vc_column-inner\"><div class=\"wpb_wrapper\"><div class=\"vc_empty_space\"   style=\"height: 32px\"><span class=\"vc_empty_space_inner\"><\/span><\/div><\/div><\/div><\/div><\/div><div class=\"vc_row wpb_row vc_row-fluid\" ><div class=\"wpb_column vc_column_container vc_col-sm-12\"><div class=\"vc_column-inner\"><div class=\"wpb_wrapper\"><div class=\"mkdf-section-title-holder\" style=\"text-align: left\">\n\t<div class=\"mkdf-st-inner\">\n\t\t\t\t\t<h5 class=\"mkdf-st-subtitle\" >\n\t\t\t\t\u7ea2\u6811\u6797\u3001\u76ae\u5212\u8247\u3001\u6d1e\u7a74\u7b49\u7b49\u3002\t\t\t<\/h5>\n\t\t\t\t\t\t\t<h3 class=\"mkdf-st-title\" >\n\t\t\t\t\u4e0e\u5f53\u5730\u4eba\u4e00\u8d77\u5728 Los Haitises \u8fdb\u884c\u7ea2\u6811\u6797\u518d\u9020\u6797\t\t\t<\/h3>\n\t\t\t\t\t<\/div>\n<\/div><\/div><\/div><\/div><\/div><div class=\"vc_row wpb_row vc_row-fluid\" ><div class=\"wpb_column vc_column_container vc_col-sm-12\"><div class=\"vc_column-inner\"><div class=\"wpb_wrapper\"><div class=\"vc_empty_space\"   style=\"height: 32px\"><span class=\"vc_empty_space_inner\"><\/span><\/div><\/div><\/div><\/div><\/div><div class=\"vc_row wpb_row vc_row-fluid\" ><div class=\"wpb_column vc_column_container vc_col-sm-12\"><div class=\"vc_column-inner\"><div class=\"wpb_wrapper\">\n\t<div class=\"wpb_text_column wpb_content_element\" >\n\t\t<div class=\"wpb_wrapper\">\n\t\t\t<p>\nn<\/p>\n<h4><b><i>\u6982\u8ff0 <\/i><\/b><\/h4>\n<p>\u4e0e\u5f53\u5730\u5bfc\u6e38\u4e00\u8d77\u5728\u6d1b\u65af\u6d77\u8482\u65af\u56fd\u5bb6\u516c\u56ed\u7684\u7ea2\u6811\u6797\u5212\u76ae\u5212\u8247 4 \u5c0f\u65f6\u3002\u6d1b\u65af\u6d77\u8482\u65af\u56fd\u5bb6\u516c\u56ed (Los Haitises National Park) \u9760\u8fd1\u8428\u74e6\u7eb3\u5fb7\u62c9\u9a6c\u5c14 (Sabana de la Mar)\uff0c\u6709 98 \u5e73\u65b9\u516c\u91cc\u7684\u7ea2\u6811\u6797\u3002\u60a8\u4f1a\u5728\u56fd\u5bb6\u516c\u56ed\u770b\u5230\u51e0\u4e2a\u7a7a\u5730\uff0c\u8fd9\u4e9b\u5730\u65b9\u9700\u8981\u518d\u6b21\u91cd\u65b0\u9020\u6797\u3002 1998\u5e74\uff0c\u4e54\u6cbb\u98d3\u98ce\u6467\u6bc1\u4e86\u8bb8\u591a\u5730\u533a\u7684\u7ea2\u6811\u6797\uff0c\u5e76\u4e14\u65e0\u6cd5\u81ea\u884c\u6062\u590d\u3002\u6211\u4eec\u5e0c\u671b\u968f\u7740\u7ea2\u6811\u6797\u7684\u4e0d\u65ad\u751f\u957f\uff0c\u66f4\u591a\u7684\u52a8\u7269\u6816\u606f\u5728\u8be5\u5730\u533a\uff0c\u751f\u6001\u65c5\u6e38\u4e5f\u80fd\u4e3a\u5f53\u5730\u4eba\u6c11\u5e26\u6765\u6536\u5165\u3002<br \/>\nn<br \/>\nn&nbsp;<br \/>\nn<\/p>\n<h4><b>\u5305\u542b\u548c\u6392\u9664<\/b><\/h4>\n<p>n&nbsp;<br \/>\nn<br \/>\nn<b>\u5939\u6742\u7269<\/b><br \/>\nn<br \/>\nn&nbsp;<br \/>\nn<\/p>\n<ol>\nn \t<\/p>\n<li style=\"font-weight: 400;\">\u76ae\u5212\u8247\u4e4b\u65c5<\/li>\n<p>n \t<\/p>\n<li>50\u68f5\u7ea2\u6811\u6797\u82d7<\/li>\n<p>n \t<\/p>\n<li>\u6d1e\u7a74\u4e4b\u65c5<\/li>\n<p>n \t<\/p>\n<li style=\"font-weight: 400;\"><span style=\"font-weight: 400;\">\u6240\u6709\u7a0e\u8d39\u3001\u624b\u7eed\u8d39\u548c\u624b\u7eed\u8d39<\/span><\/li>\n<p>n \t<\/p>\n<li style=\"font-weight: 400;\"><span style=\"font-weight: 400;\">\u5730\u65b9\u7a0e<\/span><\/li>\n<p>n \t<\/p>\n<li style=\"font-weight: 400;\"><span style=\"font-weight: 400;\">\u5f53\u5730\u5411\u5bfc<\/span><\/li>\n<p>n<\/ol>\n<p>n<b> \u6392\u9664<\/b><br \/>\nn<\/p>\n<ol>\nn \t<\/p>\n<li style=\"font-weight: 400;\"><span style=\"font-weight: 400;\">\u5c0f\u8d39<\/span><\/li>\n<p>n \t<\/p>\n<li style=\"font-weight: 400;\"><span style=\"font-weight: 400;\">\u8f6c\u79fb<\/span><\/li>\n<p>n \t<\/p>\n<li>\u4e0d\u542b\u5348\u9910<\/li>\n<p>n \t<\/p>\n<li style=\"font-weight: 400;\"><span style=\"font-weight: 400;\">\u6709\u9152\u7cbe\u7684\u996e\u54c1<\/span><\/li>\n<p>n<\/ol>\n<p>n&nbsp;<br \/>\nn<\/p>\n<h4><em><strong>\u51fa\u53d1\u548c\u8fd4\u56de<\/strong><\/em><\/h4>\n<p>n<span style=\"font-weight: 400;\">\u65c5\u5ba2\u5c06\u5728\u9884\u8ba2\u6d41\u7a0b\u540e\u83b7\u5f97\u96c6\u5408\u70b9\u3002\u6e38\u89c8\u5728\u6211\u4eec\u7684\u96c6\u5408\u70b9\u5f00\u59cb\u548c\u7ed3\u675f\u3002<\/span><br \/>\nn<br \/>\nn&nbsp;<br \/>\nn<\/p>\n<h4><b><i>\u671f\u5f85\u4ec0\u4e48\uff1f<\/i><\/b><\/h4>\n<p>\u9996\u5148\uff0c\u6211\u4eec\u4e58\u5750\u76ae\u5212\u8247\uff0c\u5927\u7ea6 30 \u5206\u949f\u524d\u5f80\u6211\u4eec\u5c06\u6536\u96c6\u7ea2\u6811\u6797\u79cd\u5b50\u7684\u533a\u57df\u3002\u5212\u76ae\u5212\u8247\u65f6\uff0c\u6211\u4eec\u7ecf\u8fc7\u7ea2\u6811\u6797\u6cbc\u6cfd\u548c\u5361\u8bfa\u7fc1\u591a\u6cb3\u3002\u4e4b\u540e\uff0c\u4f60\u4f1a\u770b\u5230\u5927\u91cf\u88ab\u6d77\u6c34\u51b2\u8d70\u7684\u7ea2\u6811\u79cd\u5b50\u3002\u6211\u4eec\u627e\u5230\u7684\u79cd\u5b50\u662f\u7ea2\u6811\u6797\u3002<br \/>\nn<br \/>\n\u6211\u4eec\u5c06\u6536\u96c6\u8fd9\u4e9b\u79cd\u5b50\uff0c\u5e76\u524d\u5f80\u56fd\u5bb6\u516c\u56ed\u5185\u9700\u8981\u518d\u6b21\u91cd\u65b0\u9020\u6797\u7684\u7a7a\u5730\u3002\u6211\u4eec\u5c06\u5411\u60a8\u5c55\u793a\u5982\u4f55\u79cd\u690d\u7ea2\u6811\u6797\uff0c\u5e76\u89e3\u91ca\u4e3a\u4ec0\u4e48\u5b83\u5982\u6b64\u91cd\u8981\u3002\u5c4a\u65f6\u60a8\u5c06\u6709\u673a\u4f1a\u4eb2\u624b\u79cd\u690d\u7ea2\u6811\u6797\uff0c\u4eab\u53d7\u5e2e\u52a9\u5927\u81ea\u7136\u7684\u7f8e\u597d\u611f\u89c9\u3002\u8fd9\u6b21\u65c5\u884c\u9002\u5408\u6240\u6709\u60f3\u8981\u4eab\u53d7\u5927\u81ea\u7136\u65f6\u5149\u3001\u5b66\u4e60\u65b0\u4e8b\u7269\u3001\u7ed3\u8bc6\u65b0\u670b\u53cb\u5e76\u5e2e\u52a9\u5927\u81ea\u7136\u7684\u4eba\u3002<br \/>\nn<br \/>\nn\u6bcf\u4eba\u53ef\u79cd\u690d\u7ea650\u68f5\u6811\u82d7\u3002\u6211\u4eec\u5728\u559c\u6012\u65e0\u5e38\u7684\u5730\u533a\u79cd\u690d\uff0c\u56e0\u6b64\u5efa\u8bae\u5e26\u9632\u6c34\u978b\u3002<br \/>\n\u5f53\u6211\u4eec\u79cd\u690d\u5b8c\u7ea2\u6811\u6797\u540e\uff0c\u6211\u4eec\u7ee7\u7eed\u524d\u5f80\u8457\u540d\u7684\u6d1e\u7a74\uff0c\u5728\u5e72\u51c0\u7684\u6c34\u4e2d\u6e38\u6cf3\uff0c\u6d17\u53bb\u6d1e\u7a74\u79d8\u5bc6\u4e2d\u7684\u5fc3\u60c5\uff0c\u4e86\u89e3600\u5e74\u524d\u5c45\u4f4f\u5728\u8fd9\u91cc\u7684\u6cf0\u8bfa\u4eba\u7684\u8d77\u6e90\u3002<br \/>\nn<br \/>\n\u5728\u6211\u4eec\u8fd4\u56de\u7684\u8def\u4e0a\uff0c\u60a8\u53ef\u4ee5\u4ece\u76ae\u5212\u8247\u4e0a\u770b\u5230\u7279\u6709\u7684\u9e1f\u7c7b\u3001\u77f3\u7070\u5ca9\u5f62\u6210\u7684\u5c9b\u5c7f\u3001\u53ea\u6709\u5728\u6d1b\u65af\u6d77\u8482\u65af\u516c\u56ed\u548c\u5176\u4ed6\u5730\u65b9\u624d\u80fd\u770b\u5230\u7684\u7279\u6709\u5170\u82b1\u3002\u8fd4\u56de\u7684\u8def\u7a0b\u5927\u7ea6\u9700\u8981 45 \u5206\u949f\uff0c\u6700\u7ec8\u5230\u8fbe\u516c\u56ed\u7684\u4e3b\u8981\u6e2f\u53e3\uff0c\u4e5f\u5c31\u662f\u4f53\u9a8c\u7684\u8d77\u70b9\u3002\u7a7f\u8fc7\u7ea2\u6811\u6797\u548c\u5f00\u9614\u7684\u5723\u6d1b\u4f26\u7d22\u6e7e\u7684\u571f\u5730\uff0c\u4ece\u90a3\u91cc\u60a8\u53ef\u4ee5\u62cd\u6444\u5d0e\u5c96\u7684\u68ee\u6797\u666f\u89c2\u3002\u89c2\u5bdf\u6c34\u9762\u5373\u53ef\u53d1\u73b0 <em><strong>\u6d77\u725b<\/strong><\/em>, \u7532\u58f3\u7c7b\u52a8\u7269, \u548c <em><strong>\u6d77\u8c5a\u3002<\/strong><\/em><br \/>\nn<br \/>\nn&nbsp;<br \/>\nn<\/p>\n<h4><em><strong>\u4f60\u5e94\u8be5\u5e26\u4ec0\u4e48\uff1f<\/strong><\/em><\/h4>\n<p>n<\/p>\n<ul>\nn \t<\/p>\n<li style=\"font-weight: 400;\"><span style=\"font-weight: 400;\">\u76f8\u673a<\/span><\/li>\n<p>n \t<\/p>\n<li style=\"font-weight: 400;\"><span style=\"font-weight: 400;\">\u9a71\u868a\u82bd<\/span><\/li>\n<p>n \t<\/p>\n<li style=\"font-weight: 400;\"><span style=\"font-weight: 400;\">\u9632\u6652\u971c<\/span><\/li>\n<p>n \t<\/p>\n<li style=\"font-weight: 400;\"><span style=\"font-weight: 400;\">\u5e3d\u5b50<\/span><\/li>\n<p>n \t<\/p>\n<li style=\"font-weight: 400;\"><span style=\"font-weight: 400;\">\u8212\u9002\u7684\u88e4\u5b50<\/span><\/li>\n<p>n \t<\/p>\n<li style=\"font-weight: 400;\"><span style=\"font-weight: 400;\">\u7528\u4e8e\u6ce5\u6cde\u5730\u533a\u7684\u51c9\u978b\u6216\u978b\u5b50\u3002\u00a0<\/span><\/li>\n<p>n \t<\/p>\n<li style=\"font-weight: 400;\"><span style=\"font-weight: 400;\">\u6cf3\u88c5<\/span><\/li>\n<p>n<\/ul>\n<p>n&nbsp;<br \/>\nn<\/p>\n<h4><b><i>\u9152\u5e97\u63a5\u9001 <\/i><\/b><\/h4>\n<p>n<span style=\"font-weight: 400;\">\u6b64\u884c\u7a0b\u4e0d\u63d0\u4f9b\u9152\u5e97\u63a5\u5ba2\u670d\u52a1\u3002 <\/span><br \/>\nn<br \/>\nn&nbsp;<br \/>\nn<br \/>\nn<b>\u7b14\u8bb0\uff1a<\/b><span style=\"font-weight: 400;\"> \u5982\u679c\u60a8\u5728\u65c5\u6e38\/\u77ed\u9014\u65c5\u884c\u51fa\u53d1\u65f6\u95f4\u524d 24 \u5c0f\u65f6\u5185\u9884\u8ba2\uff0c\u6211\u4eec\u53ef\u4ee5\u5b89\u6392\u989d\u5916\u6536\u8d39\u7684\u9152\u5e97\u63a5\u5ba2\u670d\u52a1\u3002\u8d2d\u4e70\u5b8c\u6210\u540e\uff0c\u6211\u4eec\u5c06\u5411\u60a8\u53d1\u9001\u5b8c\u6574\u7684\u8054\u7cfb\u4fe1\u606f\uff08\u7535\u8bdd\u53f7\u7801\u3001\u7535\u5b50\u90ae\u4ef6\u5730\u5740\u7b49\uff09\uff0c\u4ee5\u4fbf\u6211\u4eec\u5f53\u5730\u7684\u5bfc\u6e38\u5b89\u6392\u63a5\u9001\u4e8b\u5b9c\u3002<\/span><br \/>\nn<\/p>\n<h4><b><i>\u9644\u52a0\u4fe1\u606f\u786e\u8ba4 <\/i><\/b><\/h4>\n<p>n<\/p>\n<ol>\nn \t<\/p>\n<li>\u95e8\u7968\u662f\u672c\u6b21\u65c5\u6e38\u4ed8\u6b3e\u540e\u7684\u6536\u636e\u3002\u60a8\u53ef\u4ee5\u5728\u624b\u673a\u4e0a\u663e\u793a\u4ed8\u6b3e\u3002<\/li>\n<p>n \t<\/p>\n<li style=\"font-weight: 400;\"><span style=\"font-weight: 400;\">\u4f1a\u9762\u70b9\u5c06\u5728\u9884\u8ba2\u8fc7\u7a0b\u540e\u6536\u5230\u3002<\/span><\/li>\n<p>n \t<\/p>\n<li style=\"font-weight: 400;\"><span style=\"font-weight: 400;\">\u513f\u7ae5\u5fc5\u987b\u7531\u6210\u4eba\u966a\u540c\u3002<\/span><\/li>\n<p>n \t<\/p>\n<li style=\"font-weight: 400;\"><span style=\"font-weight: 400;\"> \u4e0d\u9002\u5408\u8f6e\u6905\u4f7f\u7528\u8005 <\/span><\/li>\n<p>n \t<\/p>\n<li style=\"font-weight: 400;\"><span style=\"font-weight: 400;\">\u5a74\u513f\u5fc5\u987b\u5750\u5728\u819d\u76d6\u4e0a <\/span><\/li>\n<p>n \t<\/p>\n<li style=\"font-weight: 400;\"><span style=\"font-weight: 400;\">\u4e0d\u5efa\u8bae\u6709\u80cc\u90e8\u95ee\u9898\u7684\u65c5\u884c\u8005\u4f7f\u7528<\/span><\/li>\n<p>n \t<\/p>\n<li style=\"font-weight: 400;\"><span style=\"font-weight: 400;\">\u4e0d\u5efa\u8bae\u6000\u5b55\u7684\u65c5\u5ba2\u4f7f\u7528 <\/span><\/li>\n<p>n \t<\/p>\n<li style=\"font-weight: 400;\"><span style=\"font-weight: 400;\"> \u6ca1\u6709\u5fc3\u810f\u95ee\u9898\u6216\u5176\u4ed6\u4e25\u91cd\u7684\u533b\u7597\u72b6\u51b5 <\/span><\/li>\n<p>n \t<\/p>\n<li style=\"font-weight: 400;\"><span style=\"font-weight: 400;\">\u5927\u591a\u6570\u65c5\u884c\u8005\u90fd\u53ef\u4ee5\u53c2\u52a0<\/span><\/li>\n<p>n<\/ol>\n<p>n<\/p>\n<h4><b><i>\u53d6\u6d88\u653f\u7b56<\/i><\/b><\/h4>\n<p>\u5982\u9700\u5168\u989d\u9000\u6b3e\uff0c\u8bf7\u9605\u8bfb\u6211\u4eec\u7684\u53d6\u6d88\u653f\u7b56\u3002\u00a0<a href=\"https:\/\/www.boattoursamana.com\/zh\/%e5%9c%a8%e7%ba%bf%e9%a2%84%e8%ae%a2\/\" target=\"_blank\" rel=\"noopener\" data-saferedirecturl=\"https:\/\/www.google.com\/url?q=https:\/\/www.boattoursamana.com\/online-booking\/&amp;source=gmail&amp;ust=1672449202351000&amp;usg=AOvVaw1yAeVAPktmaVCqDujgUn90\">\u70b9\u51fb\u8fd9\u91cc<\/a>.\u5982\u679c\u5728\u65c5\u884c\u5f53\u5929\u53d6\u6d88\u9884\u8ba2\uff0c\u5c06\u635f\u5931\u8d44\u91d1\u3002<\/p>\n\n\t\t<\/div>\n\t<\/div>\n<\/div><\/div><\/div><\/div><div class=\"vc_row wpb_row vc_row-fluid\" ><div class=\"wpb_column vc_column_container vc_col-sm-12\"><div class=\"vc_column-inner\"><div class=\"wpb_wrapper\"><div class=\"vc_empty_space\"   style=\"height: 32px\"><span class=\"vc_empty_space_inner\"><\/span><\/div>\n\t<div class=\"wpb_text_column wpb_content_element\" >\n\t\t<div class=\"wpb_wrapper\">\n\t\t\t<p>\nn<\/p>\n<h4>\u8054\u7cfb\u6211\u4eec\uff1f<\/h4>\n<p>n<\/p>\n<h5>\u9884\u8ba2\u63a2\u9669<\/h5>\n<p>n<em><strong>\u5f53\u5730\u4eba<\/strong>\u00a0\u548c\u00a0<strong>\u56fd\u6c11<\/strong>\u00a0\u5bfc\u6e38\u548c\u5bbe\u5ba2\u670d\u52a1<\/em><br \/>\nn<br \/>\nn<span class=\"text-turquoise\">\u9884\u8ba2\uff1a<\/span>\u00a0Dom \u7684\u65c5\u6e38\u548c\u77ed\u9014\u65c5\u884c\u3002\u4f17\u8bae\u5458<br \/>\nn<br \/>\nn<img decoding=\"async\" class=\"emoji\" draggable=\"false\" src=\"https:\/\/s.w.org\/images\/core\/emoji\/11.2.0\/svg\/1f4de.svg\" alt=\" \" title=\"\">\u00a0\u7535\u8bdd \/ Whatsapp\u00a0\u00a0<a href=\"tel:+1-809-720-6035\">+1-809-720-6035<\/a>.<br \/>\nn<br \/>\nn<img decoding=\"async\" class=\"emoji\" draggable=\"false\" src=\"https:\/\/s.w.org\/images\/core\/emoji\/11.2.0\/svg\/1f4e9.svg\" alt=\" \" title=\"\">\u00a0<a href=\"mailto:info@bookingadventures.com.do\">info@bookingadventures.com.do<\/a><br \/>\nn<br \/>\nn<strong>\u6211\u4eec\u901a\u8fc7 Whatsapp \u7075\u6d3b\u8bbe\u7f6e\u79c1\u4eba\u65c5\u6e38\uff1a\u00a0<a href=\"tel:+18097206035\">+18097206035.<\/a><\/strong><\/p>\n\n\t\t<\/div>\n\t<\/div>\n<div class=\"vc_empty_space\"   style=\"height: 32px\"><span class=\"vc_empty_space_inner\"><\/span><\/div><\/div><\/div><\/div><\/div>","protected":false},"excerpt":{"rendered":"<p>Buena oportunidad para ayudar a la Naturaleza y disfrutar en Kayaks de la belleza del Parque Nacional Los Haitises. 50 pl\u00e1ntulas de donaci\u00f3n de manglares ser\u00e1n parte de su visita en kayaks m\u00e1s gu\u00edas capacitados por los locales para la interpretaci\u00f3n de la flora y la fauna. Si no te gustan los kayaks esta actividad tienes opci\u00f3n de bote. n n&nbsp; n nSeleccione la fecha para el Tour: &nbsp;<\/p>","protected":false},"author":2,"featured_media":0,"parent":0,"menu_order":0,"comment_status":"open","ping_status":"closed","template":"","meta":{"footnotes":""},"class_list":["post-15794","page","type-page","status-publish","hentry"],"_links":{"self":[{"href":"https:\/\/www.boattoursamana.com\/zh\/wp-json\/wp\/v2\/pages\/15794","targetHints":{"allow":["GET"]}}],"collection":[{"href":"https:\/\/www.boattoursamana.com\/zh\/wp-json\/wp\/v2\/pages"}],"about":[{"href":"https:\/\/www.boattoursamana.com\/zh\/wp-json\/wp\/v2\/types\/page"}],"author":[{"embeddable":true,"href":"https:\/\/www.boattoursamana.com\/zh\/wp-json\/wp\/v2\/users\/2"}],"replies":[{"embeddable":true,"href":"https:\/\/www.boattoursamana.com\/zh\/wp-json\/wp\/v2\/comments?post=15794"}],"version-history":[{"count":0,"href":"https:\/\/www.boattoursamana.com\/zh\/wp-json\/wp\/v2\/pages\/15794\/revisions"}],"wp:attachment":[{"href":"https:\/\/www.boattoursamana.com\/zh\/wp-json\/wp\/v2\/media?parent=15794"}],"curies":[{"name":"wp","href":"https:\/\/api.w.org\/{rel}","templated":true}]}}