{"id":15798,"date":"2023-07-15T07:43:59","date_gmt":"2023-07-15T07:43:59","guid":{"rendered":"https:\/\/www.ticketswhales.com\/bahia-de-las-aguilas-beach-day-trip-by-boat-day-pass-pedernales\/"},"modified":"2023-07-15T07:43:59","modified_gmt":"2023-07-15T07:43:59","slug":"bahia-de-las-aguilas-beach-day-trip-by-boat-day-pass-pedernales","status":"publish","type":"page","link":"https:\/\/www.boattoursamana.com\/zh\/bahia-de-las-aguilas-beach-day-trip-by-boat-day-pass-pedernales-2","title":{"rendered":"Bah\u00eda de las Aguilas\uff1a\u4e58\u8239\u6d77\u6ee9\u4e00\u65e5\u6e38 \u2013 \u65e5\u7968 \u2013 Pedernales"},"content":{"rendered":"<p><span style=\"vertical-align: inherit;\"><span style=\"vertical-align: inherit;\">Compre un boleto de un d\u00eda Bah\u00eda las \u00c1guilas desde las \u00e1reas de Pedernales\u3002 <\/span><span style=\"vertical-align: inherit;\">Disfruta de un d\u00eda de playa y deja fluir el \u00e1nimo\uff0clejos de las zonas tur\u00edsticas y de todo el estr\u00e9s\u3002 <\/span><span style=\"vertical-align: inherit;\">Ven y descubre el Parque Nacional Jaragua y Bah\u00eda de las \u00c1guilas\u3002 <\/span><span style=\"vertical-align: inherit;\">Conduzca por una hermosa carretera con impresionantes vistas del peque\u00f1o puerto y el pueblo pesquero de Cabo Rojo\u3002 <\/span><span style=\"vertical-align: inherit;\">En Las Cuevas\uff0cabordar\u00e1 un bote que lo llevar\u00e1 en un viaje de 15 minutos a una de las playas naturales m\u00e1s hermosas del mundo\u3002 <\/span><span style=\"vertical-align: inherit;\">Las arenas de la Bah\u00eda de las \u00c1guilas son v\u00edrgenes y la bah\u00eda cubre 8 \u516c\u91cc\u3002 <\/span><span style=\"vertical-align: inherit;\">Experimente un paisaje costero excepcional con aguas cristalinas que brillan en tonos que van del turquesa al azul \u00f3palo que se derrite en el horizonte\u3002 <\/span><span style=\"vertical-align: inherit;\">El almuerzo se sirve en la playa, nadar o bucear y explorar este para\u00edso natural virgen\u3002<\/span><\/span><br \/>\nn<br \/>\nn&nbsp;<br \/>\nn<br \/>\nn<strong><span style=\"vertical-align: inherit;\"><span style=\"vertical-align: inherit;\">Seleccione el d\u00eda para este viaje\uff1a<\/span><\/span><\/strong><\/p>\n<p>&nbsp;<\/p>\n<div class=\"vc_row wpb_row vc_row-fluid\" ><div class=\"wpb_column vc_column_container vc_col-sm-12\"><div class=\"vc_column-inner\"><div class=\"wpb_wrapper\"><div class=\"mkdf-section-title-holder\" style=\"text-align: left\">\n\t<div class=\"mkdf-st-inner\">\n\t\t\t\t\t<h5 class=\"mkdf-st-subtitle\" >\n\t\t\t\t\u65e5\u7968 - \u6d6e\u6f5c\u548c\u5348\u9910\t\t\t<\/h5>\n\t\t\t\t\t\t\t<h3 class=\"mkdf-st-title\" >\n\t\t\t\tBah\u00eda de las Aguilas\uff1a\u4e58\u8239\u6e38\u89c8\u6d77\u6ee9\u4e00\u65e5\u6e38\t\t\t<\/h3>\n\t\t\t\t\t<\/div>\n<\/div><\/div><\/div><\/div><\/div><div class=\"vc_row wpb_row vc_row-fluid\" ><div class=\"wpb_column vc_column_container vc_col-sm-12\"><div class=\"vc_column-inner\"><div class=\"wpb_wrapper\">\n\t<div class=\"wpb_text_column wpb_content_element\" >\n\t\t<div class=\"wpb_wrapper\">\n\t\t\t<p>\nn<\/p>\n<h4><b><i>\u6982\u8ff0<\/i><\/b><\/h4>\n<p>\u5728\u8fdc\u79bb\u65c5\u6e38\u533a\u548c\u6240\u6709\u538b\u529b\u7684\u6d77\u6ee9\u4e0a\u4eab\u53d7\u4e00\u5929\uff0c\u8ba9\u60a8\u7684\u5fc3\u60c5\u7545\u5feb\u6dcb\u6f13\u3002\u6765\u53d1\u73b0Jaragua\u56fd\u5bb6\u516c\u56ed\u548cBahia de las \u00c1guilas\u3002\u6cbf\u7740\u7f8e\u4e3d\u7684\u516c\u8def\u884c\u9a76\uff0c\u60a8\u53ef\u4ee5\u6b23\u8d4f\u5230\u5c0f\u6e2f\u53e3\u548c\u6e14\u6751Cabo Rojo\u7684\u58ee\u4e3d\u666f\u8272\u3002\u5728\u62c9\u65af\u594e\u74e6\u65af(Las Cuevas)\uff0c\u60a8\u53ef\u4ee5\u4e58\u823915\u5206\u949f\u5230\u8fbe\u4e16\u754c\u4e0a\u6700\u7f8e\u4e3d\u7684\u5929\u7136\u6d77\u6ee9\u4e4b\u4e00\u3002\u963f\u5409\u62c9\u65af\u6e7e\uff08Bah\u00eda de las Aguilas\uff09\u7684\u6c99\u6ee9\u662f\u7eaf\u51c0\u7684\uff0c\u6d77\u6e7e\u957f\u8fbe8\u516c\u91cc\u3002\u5728\u8fd9\u91cc\u60a8\u53ef\u4ee5\u4f53\u9a8c\u5230\u72ec\u7279\u7684\u6d77\u5cb8\u98ce\u5149\uff0c\u6e05\u6f88\u7684\u6d77\u6c34\u95ea\u8000\u7740\u4ece\u7eff\u677e\u77f3\u8272\u5230\u4e73\u84dd\u8272\u7684\u5149\u6cfd\uff0c\u4e0e\u5730\u5e73\u7ebf\u878d\u4e3a\u4e00\u4f53\u3002\u5348\u9910\u5728\u6d77\u6ee9\u4e0a\u4eab\u7528\uff0c\u60a8\u53ef\u4ee5\u6e38\u6cf3\u6216\u6d6e\u6f5c\uff0c\u63a2\u7d22\u8fd9\u4e2a\u4eba\u8ff9\u7f55\u81f3\u7684\u81ea\u7136\u5929\u5802\u3002<br \/>\nn<br \/>\nn&nbsp;<br \/>\nn<\/p>\n<ul>\nn \t<\/p>\n<li>\u5728\u8be5\u5730\u533a\u5177\u6709\u5b89\u5168\u7ecf\u9a8c\u7684\u672c\u5730\u5411\u5bfc\u3002<\/li>\n<p>n \t<\/p>\n<li>\u79c1\u4eba\u4ea4\u901a\u5de5\u5177<\/li>\n<p>n \t<\/p>\n<li>\u5305\u62ec\u8d39\u7528<\/li>\n<p>n \t<\/p>\n<li>\u5348\u9910<\/li>\n<p>n \t<\/p>\n<li>\u897f\u73ed\u7259\u8bed\u3001\u82f1\u8bed\u6216\u6cd5\u8bed\u7684\u5f53\u5730\u5bfc\u6e38\u3002<\/li>\n<p>n \t<\/p>\n<li>\u8fdc\u8db3<\/li>\n<p>n \t<\/p>\n<li>\u6d6e\u6f5c<\/li>\n<p>n<\/ul>\n<p>n<\/p>\n<h4><b>\u5305\u542b\u548c\u6392\u9664<\/b><\/h4>\n<p>n&nbsp;<br \/>\nn<br \/>\nn<b>\u5939\u6742\u7269<\/b><br \/>\nn<\/p>\n<ol>\nn \t<\/p>\n<li>\u5728\u8be5\u5730\u533a\u5177\u6709\u5b89\u5168\u7ecf\u9a8c\u7684\u672c\u5730\u5411\u5bfc\u3002<\/li>\n<p>n \t<\/p>\n<li>\u5c0f\u56e2\u4f53\u79c1\u4eba\u4ea4\u901a\u5de5\u5177<\/li>\n<p>n \t<\/p>\n<li>\u6240\u6709\u7a0e\u8d39\u3001\u624b\u7eed\u8d39\u548c\u624b\u7eed\u8d39<\/li>\n<p>n \t<\/p>\n<li>\u5730\u65b9\u7a0e<\/li>\n<p>n \t<\/p>\n<li>\u5348\u9910<\/li>\n<p>n \t<\/p>\n<li>\u8fdc\u8db3<\/li>\n<p>n \t<\/p>\n<li>\u5929\u7136\u6cf3\u6c60<\/li>\n<p>n \t<\/p>\n<li>\u6d6e\u6f5c<\/li>\n<p>n \t<\/p>\n<li>\u6240\u6709\u6d3b\u52a8<\/li>\n<p>n<\/ol>\n<p>n<b>\u6392\u9664<\/b><br \/>\nn<\/p>\n<ol>\nn \t<\/p>\n<li>\u5c0f\u8d39<\/li>\n<p>n \t<\/p>\n<li>\u6240\u6709\u996e\u54c1<\/li>\n<p>n<\/ol>\n<p>n<\/p>\n<h4><em><strong>\u51fa\u53d1\u548c\u8fd4\u56de<\/strong><\/em><\/h4>\n<p>\u6e38\u5ba2\u5728\u9884\u8ba2\u540e\u5c06\u5f97\u5230\u4e00\u4e2a\u96c6\u5408\u70b9\u3002\u65c5\u884c\u56e2\u5728\u60a8\u7684\u96c6\u5408\u70b9\u5f00\u59cb\u548c\u7ed3\u675f\u3002<br \/>\nn<\/p>\n<h2 class=\"styles__heading___mD4_3\" data-radium=\"true\">Bah\u00eda de las Aguilas\uff1a\u4e58\u8239\u6d77\u6ee9\u4e00\u65e5\u6e38 - \u4e00\u65e5\u901a\u884c\u8bc1 - \u6d6e\u6f5c\u548c\u5348\u9910<\/h2>\n<p>n<\/p>\n<h4><em>\u671f\u5f85\u4ec0\u4e48\uff1f<\/em><\/h4>\n<p>\u5df4\u4f0a\u4e9a\u963f\u5409\u62c9\u65af\u6d77\u6ee9\uff08Playa de las Aguilas\uff09\u4ee5\u5f53\u5730\u7684\u9e70\u547d\u540d\u3002\u4eceBahia de las Aguilas\u51fa\u53d1\uff0c\u4e58\u5750\u79c1\u4eba\u4ea4\u901a\u5de5\u5177\uff0c\u4ee5\u4e00\u79cd\u4e0e\u4f17\u4e0d\u540c\u7684\u3001\u53ef\u6301\u7eed\u7684\u65b9\u5f0f\u63a2\u7d22\u8fd9\u7247\u50ac\u60c5\u6d77\u6ee9\u7684\u81ea\u7136\u5947\u89c2\u3002\u6211\u4eec\u5c06\u4e58\u5750\u5feb\u8247\u5230\u8fbe\u8fd9\u4e2a\u5929\u5802\u822c\u7684\u6d77\u6ee9\uff0c\u8fd9\u662f\u4e00\u4e2a\u5b8c\u5168\u53d7\u73af\u5883\u6cd5\u4fdd\u62a4\u7684\u5730\u533a\u3002\u5728\u65e0\u4eba\u5c45\u4f4f\u7684\u81ea\u7136\u4fdd\u62a4\u533a\u548c\u56fd\u5bb6\u516c\u56edBahia de las Aguilas\u5ea6\u8fc7\u4e00\u6bb5\u8f7b\u677e\u6109\u5feb\u7684\u65f6\u5149\uff0c\u5e76\u5728\u6d1e\u7a74\u4e2d\u4eab\u7528\u70e7\u70e4\u5f0f\u5348\u9910\u3002<br \/>\nn<br \/>\n\u98ce\u5e73\u6d6a\u9759\u7684\u6d77\u9762\u548c\u8f7b\u67d4\u7684\u6d77\u98ce\u5c06\u4f7f\u60a8\u514d\u53d7\u70c8\u65e5\u548c\u9177\u6691\u7684\u714e\u71ac\u3002\u6210\u4e3a\u4e00\u5929\u7684\u63a2\u9669\u5bb6\uff0c\u53d1\u73b0\u4e00\u4e2a\u751f\u6001\u3001\u81ea\u7136\u548c\u5b8c\u5168\u672a\u53d7\u7834\u574f\u7684\u5929\u5802\u3002\u60a8\u53ef\u4ee5\u89c2\u5bdf\u5230130\u591a\u79cd\u9e1f\u7c7b\uff0c\u5176\u4e2d76\u79cd\u957f\u671f\u751f\u6d3b\u5728\u6d77\u6e7e\uff0c10\u79cd\u662f\u7279\u6709\u9e1f\u7c7b\uff0c47\u79cd\u662f\u8fc1\u5f99\u9e1f\u7c7b\u3002<br \/>\nn<br \/>\nn08.30 - \u4ece\u96c6\u5408\u70b9\u51fa\u53d1<br \/>\nn08.45 - \u4eceLa Cueva\u6751\u4e58\u8239\u524d\u5f80Bahia de las Aguilas<br \/>\n\u4e2d\u534812:30 - \u6d77\u6ee9\u5348\u9910<br \/>\nn03.00 - \u8fd4\u56deLa Cueva<br \/>\nn05.30 - \u62b5\u8fbe\u96c6\u5408\u5730\u70b9<br \/>\nn<\/p>\n<h4><em><strong>\u4f60\u5e94\u8be5\u5e26\u4ec0\u4e48\uff1f<\/strong><\/em><\/h4>\n<p>n<\/p>\n<ul>\nn \t<\/p>\n<li>\u76f8\u673a<\/li>\n<p>n \t<\/p>\n<li>\u9a71\u868a\u82bd<\/li>\n<p>n \t<\/p>\n<li>\u9632\u6652\u971c<\/li>\n<p>n \t<\/p>\n<li>\u6c34<\/li>\n<p>n \t<\/p>\n<li>\u5e3d\u5b50<\/li>\n<p>n \t<\/p>\n<li>\u8212\u9002\u7684\u88e4\u5b50<\/li>\n<p>n \t<\/p>\n<li>\u68ee\u6797\u767b\u5c71\u978b<\/li>\n<p>n \t<\/p>\n<li>\u51c9\u978b\u5230\u6625\u5b63\u5730\u533a\u3002<\/li>\n<p>n \t<\/p>\n<li>\u6cf3\u88c5<\/li>\n<p>n<\/ul>\n<p>n&nbsp;<br \/>\nn<\/p>\n<h4><b><i>\u9152\u5e97\u63a5\u9001<\/i><\/b><\/h4>\n<p>n\u9152\u5e97\u63a5\u673a\u670d\u52a1\u9700\u989d\u5916\u6536\u8d39\u3002<br \/>\nn<br \/>\nn<b>\u7b14\u8bb0\uff1a<\/b> \u5982\u679c\u60a8\u5728\u65c5\u6e38\/\u77ed\u9014\u65c5\u884c\u51fa\u53d1\u65f6\u95f4\u524d 24 \u5c0f\u65f6\u5185\u9884\u8ba2\uff0c\u6211\u4eec\u53ef\u4ee5\u5b89\u6392\u9152\u5e97\u63a5\u5ba2\u3002\u6211\u4eec\u53ea\u662f\u5728\u4f69\u5fb7\u7eb3\u83b1\u65af\u5730\u533a\u63a5\u5ba2\u3002\u8d2d\u4e70\u5b8c\u6210\u540e\uff0c\u6211\u4eec\u5c06\u5411\u60a8\u53d1\u9001\u5b8c\u6574\u7684\u8054\u7cfb\u4fe1\u606f\uff08\u7535\u8bdd\u53f7\u7801\u3001\u7535\u5b50\u90ae\u4ef6\u5730\u5740\u7b49\uff09\uff0c\u4ee5\u4fbf\u6211\u4eec\u5f53\u5730\u7684\u5bfc\u6e38\u5b89\u6392\u63a5\u9001\u4e8b\u5b9c\u3002<br \/>\nn<\/p>\n<h4><b><i>\u9644\u52a0\u4fe1\u606f\u786e\u8ba4<\/i><\/b><\/h4>\n<p>n<\/p>\n<ol>\nn \t<\/p>\n<li>\u95e8\u7968\u662f\u672c\u6b21\u65c5\u6e38\u4ed8\u6b3e\u540e\u7684\u6536\u636e\u3002\u60a8\u53ef\u4ee5\u5728\u624b\u673a\u4e0a\u663e\u793a\u4ed8\u6b3e\u3002<\/li>\n<p>n \t<\/p>\n<li>\u4f1a\u9762\u70b9\u5c06\u5728\u9884\u8ba2\u8fc7\u7a0b\u540e\u6536\u5230\u3002<\/li>\n<p>n \t<\/p>\n<li>\u513f\u7ae5\u5fc5\u987b\u7531\u6210\u4eba\u966a\u540c\u3002<\/li>\n<p>n \t<\/p>\n<li>\u4e0d\u9002\u5408\u8f6e\u6905\u4f7f\u7528\u8005<\/li>\n<p>n \t<\/p>\n<li>\u5a74\u513f\u5fc5\u987b\u5750\u5728\u819d\u76d6\u4e0a<\/li>\n<p>n \t<\/p>\n<li>\u4e0d\u5efa\u8bae\u6709\u80cc\u90e8\u95ee\u9898\u7684\u65c5\u884c\u8005\u4f7f\u7528<\/li>\n<p>n \t<\/p>\n<li>\u4e0d\u5efa\u8bae\u6000\u5b55\u7684\u65c5\u5ba2\u4f7f\u7528<\/li>\n<p>n \t<\/p>\n<li>\u6ca1\u6709\u5fc3\u810f\u95ee\u9898\u6216\u5176\u4ed6\u4e25\u91cd\u7684\u533b\u7597\u72b6\u51b5<\/li>\n<p>n \t<\/p>\n<li>\u5927\u591a\u6570\u65c5\u884c\u8005\u90fd\u53ef\u4ee5\u53c2\u52a0<\/li>\n<p>n<\/ol>\n<p>n<\/p>\n<h4><b><i>\u53d6\u6d88\u653f\u7b56<\/i><\/b><\/h4>\n<p>\u5982\u9700\u5168\u989d\u9000\u6b3e\uff0c\u8bf7\u9605\u8bfb\u6211\u4eec\u7684\u53d6\u6d88\u653f\u7b56\u3002\u00a0<a href=\"https:\/\/www.boattoursamana.com\/zh\/%e5%9c%a8%e7%ba%bf%e9%a2%84%e8%ae%a2\/\" target=\"_blank\" rel=\"noopener\" data-saferedirecturl=\"https:\/\/www.google.com\/url?q=https:\/\/www.boattoursamana.com\/online-booking\/&amp;source=gmail&amp;ust=1672449202351000&amp;usg=AOvVaw1yAeVAPktmaVCqDujgUn90\">\u70b9\u51fb\u8fd9\u91cc<\/a>.\u5982\u679c\u5728\u65c5\u884c\u5f53\u5929\u53d6\u6d88\u9884\u8ba2\uff0c\u5c06\u635f\u5931\u8d44\u91d1\u3002<\/p>\n\n\t\t<\/div>\n\t<\/div>\n<\/div><\/div><\/div><\/div>","protected":false},"excerpt":{"rendered":"<p>Compre un boleto de un d\u00eda a Bah\u00eda las \u00c1guilas desde las \u00e1reas de Pedernales. Disfruta de un d\u00eda de playa y deja fluir el \u00e1nimo, lejos de las zonas tur\u00edsticas y de todo el estr\u00e9s. Ven y descubre el Parque Nacional Jaragua y Bah\u00eda de las \u00c1guilas. Conduzca por una hermosa carretera con impresionantes vistas del peque\u00f1o puerto y el pueblo pesquero de Cabo Rojo. En Las Cuevas, abordar\u00e1 un bote que lo llevar\u00e1 en un viaje de 15 [&hellip;]<\/p>\n","protected":false},"author":2,"featured_media":0,"parent":0,"menu_order":0,"comment_status":"open","ping_status":"closed","template":"","meta":{"footnotes":""},"class_list":["post-15798","page","type-page","status-publish","hentry"],"_links":{"self":[{"href":"https:\/\/www.boattoursamana.com\/zh\/wp-json\/wp\/v2\/pages\/15798","targetHints":{"allow":["GET"]}}],"collection":[{"href":"https:\/\/www.boattoursamana.com\/zh\/wp-json\/wp\/v2\/pages"}],"about":[{"href":"https:\/\/www.boattoursamana.com\/zh\/wp-json\/wp\/v2\/types\/page"}],"author":[{"embeddable":true,"href":"https:\/\/www.boattoursamana.com\/zh\/wp-json\/wp\/v2\/users\/2"}],"replies":[{"embeddable":true,"href":"https:\/\/www.boattoursamana.com\/zh\/wp-json\/wp\/v2\/comments?post=15798"}],"version-history":[{"count":0,"href":"https:\/\/www.boattoursamana.com\/zh\/wp-json\/wp\/v2\/pages\/15798\/revisions"}],"wp:attachment":[{"href":"https:\/\/www.boattoursamana.com\/zh\/wp-json\/wp\/v2\/media?parent=15798"}],"curies":[{"name":"wp","href":"https:\/\/api.w.org\/{rel}","templated":true}]}}