{"id":15811,"date":"2023-07-15T07:44:18","date_gmt":"2023-07-15T07:44:18","guid":{"rendered":"https:\/\/www.ticketswhales.com\/los-haitises-national-park-and-cayo-levantado-from-punta-cana\/"},"modified":"2023-07-15T07:44:18","modified_gmt":"2023-07-15T07:44:18","slug":"los-haitises-national-park-and-cayo-levantado-from-punta-cana","status":"publish","type":"page","link":"https:\/\/www.boattoursamana.com\/zh\/%e6%b4%9b%e6%96%af%e6%b5%b7%e8%92%82%e6%96%af%e5%9b%bd%e5%ae%b6%e5%85%ac%e5%9b%ad%e5%92%8c%e8%93%ac%e5%a1%94%e5%8d%a1%e7%ba%b3%e5%b2%9b%e8%8e%b1%e4%b8%87%e5%a1%94%e5%a4%9a%e5%b2%9b","title":{"rendered":"\u84ec\u5854\u5361\u7eb3\u7684 Los Haitises \u56fd\u5bb6\u516c\u56ed\u548c Cayo Levantado"},"content":{"rendered":"<p><span style=\"vertical-align: inherit;\"><span style=\"vertical-align: inherit;\">Recojo en su hotel en Punta Cana, Cap Cana, B\u00e1varo en un c\u00f3modo traslado al Parque Nacional Los Haitises desde Punta Cana m\u00e1s almuerzo en la Bacardi\u3002 <\/span><span style=\"vertical-align: inherit;\">Ven con nosotros y visita el parque nacional m\u00e1s hermoso de la Rep\u00fablica Dominicana, visitando manglares, cuevas y la bah\u00eda de San Lorenzo, adem\u00e1s de cruzar la hermosa bah\u00eda de Saman\u00e1\u3002 <\/span><span style=\"vertical-align: inherit;\">Para visitar la isla de Bacard\u00ed\uff0calmuerce en la playay y nade en una de las playas m\u00e1s bonitas de la bah\u00eda de Saman\u00e1\u3002 <\/span><span style=\"vertical-align: inherit;\">Despu\u00e9s de este<\/span><\/span><br \/>\nn<br \/>\nn<span style=\"vertical-align: inherit;\"><span style=\"vertical-align: inherit;\">Despu\u00e9s de esta experiencia, regresar\u00e1 al puerto de Sabana de la mar y regresar\u00e1 las \u00e1reas de Punta cana\u3002<\/span><\/span><br \/>\nn<br \/>\nn&nbsp;<br \/>\nn<br \/>\nn<strong><span style=\"vertical-align: inherit;\"><span style=\"vertical-align: inherit;\">Seleccione la fecha para el Tour\uff1a<\/span><\/span><\/strong><\/p>\n<p>&nbsp;<\/p>\n<div class=\"vc_row wpb_row vc_row-fluid\" ><div class=\"wpb_column vc_column_container vc_col-sm-12\"><div class=\"vc_column-inner\"><div class=\"wpb_wrapper\"><div class=\"vc_btn3-container vc_btn3-inline\" ><button class=\"vc_general vc_btn3 vc_btn3-size-md vc_btn3-shape-rounded vc_btn3-style-modern vc_btn3-color-green\">\u73b0\u5728\u9884\u8ba2<\/button><\/div><\/div><\/div><\/div><\/div><div class=\"vc_row wpb_row vc_row-fluid\" ><div class=\"wpb_column vc_column_container vc_col-sm-12\"><div class=\"vc_column-inner\"><div class=\"wpb_wrapper\">\n\t<div class=\"wpb_text_column wpb_content_element\" >\n\t\t<div class=\"wpb_wrapper\">\n\t\t\t<p>\nn<\/p>\n<h4><\/h4>\n<p>n<\/p>\n<h2>\u84ec\u5854\u5361\u7eb3\u7684 Los Haitises \u56fd\u5bb6\u516c\u56ed\u548c Cayo Levantado<\/h2>\n<p>n<\/p>\n<h4><b><i>\u6982\u8ff0 <\/i><\/b><\/h4>\n<p>n \u5728\u60a8\u4f4d\u4e8e\u5df4\u74e6\u7f57\u89d2\u5361\u7eb3\u84ec\u5854\u5361\u7eb3\u7684\u9152\u5e97\u63a5\u5ba2\uff0c\u8212\u9002\u5730\u4ece\u84ec\u5854\u5361\u7eb3\u524d\u5f80\u6d1b\u65af\u6d77\u8482\u65af\u56fd\u5bb6\u516c\u56ed\uff0c\u5e76\u5728\u767e\u52a0\u5f97\u5c9b\u4eab\u7528\u5348\u9910\u3002\u4e0e\u6211\u4eec\u4e00\u8d77\u53c2\u89c2\u591a\u7c73\u5c3c\u52a0\u5171\u548c\u56fd\u6700\u7f8e\u4e3d\u7684\u56fd\u5bb6\u516c\u56ed\uff0c\u53c2\u89c2\u7ea2\u6811\u6797\u3001\u6d1e\u7a74\u548c\u5723\u6d1b\u4f26\u7d22\u6e7e\uff0c\u5e76\u7a7f\u8d8a\u7f8e\u4e3d\u7684\u8428\u9a6c\u7eb3\u6e7e\u3002\u8981\u53c2\u89c2\u767e\u52a0\u5f97\u5c9b\uff0c\u8bf7\u5728\u6d77\u6ee9\u4eab\u7528\u5348\u9910\uff0c\u7136\u540e\u5728\u8428\u9a6c\u7eb3\u6e7e\u6700\u7f8e\u4e3d\u7684\u6d77\u6ee9\u4e4b\u4e00\u6e38\u6cf3\u3002\u5728\u8fd9\u4e4b\u540e<br \/>\nn<br \/>\n\u4f53\u9a8c\u7ed3\u675f\u540e\uff0c\u60a8\u5c06\u8fd4\u56de\u8428\u74e6\u7eb3\u5fb7\u62c9\u9a6c\u5c14\u6e2f\u5e76\u8fd4\u56de\u84ec\u5854\u5361\u7eb3\u5730\u533a\u3002<br \/>\nn<\/p>\n<ul>\nn \t<\/p>\n<li style=\"font-weight: 400;\">\u5305\u62ec\u8d39\u7528<\/li>\n<p>n \t<\/p>\n<li>\u542b\u767e\u52a0\u5f97\u5c9b\u5348\u9910<\/li>\n<p>n \t<\/p>\n<li style=\"font-weight: 400;\"><span style=\"font-weight: 400;\">\u8be5\u6307\u5357\u63d0\u4f9b\u6307\u5bfc\u548c\u76d1\u7763<\/span><\/li>\n<p>n<\/ul>\n<p>n&nbsp;<br \/>\nn<\/p>\n<h4><b>\u5305\u542b\u548c\u6392\u9664<\/b><\/h4>\n<p>n<b>\u5939\u6742\u7269<\/b><br \/>\nn<\/p>\n<ol>\nn \t<\/p>\n<li style=\"font-weight: 400;\">Los Haitises \u4e4b\u65c5 + \u6d1e\u7a74\u548c\u8c61\u5f62\u6587\u5b57<\/li>\n<p>n \t<\/p>\n<li>\u8fd0\u8f93<\/li>\n<p>n \t<\/p>\n<li>\u4e58\u8239\u6e38\u89c8<\/li>\n<p>n \t<\/p>\n<li>\u5728 Cayo Levantado\uff08\u767e\u52a0\u5f97\u5c9b\uff09\u4eab\u7528\u5348\u9910\uff0c\u5982\u679c\u60a8\u559c\u6b22\u7c7b\u4f3c\u7684\u65c5\u6e38\uff1aLos Haitises + Ca\u00f1o Hondo<\/li>\n<p>n \t<\/p>\n<li style=\"font-weight: 400;\"><span style=\"font-weight: 400;\">\u6240\u6709\u7a0e\u8d39\u3001\u624b\u7eed\u8d39\u548c\u624b\u7eed\u8d39<\/span><\/li>\n<p>n \t<\/p>\n<li style=\"font-weight: 400;\"><span style=\"font-weight: 400;\">\u5730\u65b9\u7a0e<\/span><\/li>\n<p>n \t<\/p>\n<li style=\"font-weight: 400;\"><span style=\"font-weight: 400;\">\u996e\u6599<\/span><\/li>\n<p>n \t<\/p>\n<li style=\"font-weight: 400;\"><span style=\"font-weight: 400;\">\u6240\u6709\u6d3b\u52a8<\/span><\/li>\n<p>n \t<\/p>\n<li style=\"font-weight: 400;\"><span style=\"font-weight: 400;\">\u5f53\u5730\u5411\u5bfc<\/span><\/li>\n<p>n<\/ol>\n<p>n<b> \u6392\u9664<\/b><br \/>\nn<\/p>\n<ol>\nn \t<\/p>\n<li style=\"font-weight: 400;\"><span style=\"font-weight: 400;\">\u5c0f\u8d39<\/span><\/li>\n<p>n \t<\/p>\n<li style=\"font-weight: 400;\"><span style=\"font-weight: 400;\">\u6709\u9152\u7cbe\u7684\u996e\u54c1<\/span><\/li>\n<p>n<\/ol>\n<p>n&nbsp;<br \/>\nn<\/p>\n<h4><em><strong>\u51fa\u53d1\u548c\u8fd4\u56de<\/strong><\/em><\/h4>\n<p>n<span style=\"font-weight: 400;\">\u65c5\u5ba2\u5c06\u5728\u9884\u8ba2\u6d41\u7a0b\u540e\u83b7\u5f97\u96c6\u5408\u70b9\u3002\u6e38\u89c8\u5728\u6211\u4eec\u7684\u96c6\u5408\u70b9\u5f00\u59cb\u548c\u7ed3\u675f\u3002<\/span><br \/>\nn<br \/>\nn&nbsp;<br \/>\nn<\/p>\n<h2>\u84ec\u5854\u5361\u7eb3\u7684 Los Haitises \u56fd\u5bb6\u516c\u56ed\u548c Cayo Levantado<\/h2>\n<p>n<\/p>\n<h4><b><i>\u671f\u5f85\u4ec0\u4e48\uff1f<\/i><\/b><\/h4>\n<p>n<b><i>V<\/i><\/b>\u8bbf\u95ee<strong> \u6d1b\u65af\u6d77\u8482\u65af\u56fd\u5bb6\u516c\u56ed<\/strong> \u4eab\u7528\u7f8e\u5999\u7684\u5348\u9910<strong> Cayo Levantado \u5c9b<\/strong> \u548c\u5728\u6d77\u6ee9\u6e38\u6cf3\u3002\u5f00\u59cb <strong>\u6765\u81ea\u84ec\u5854\u5361\u7eb3\u5730\u533a<\/strong> \u5728\u4ea4\u901a\u5de5\u5177\u8f66\u6216\u516c\u5171\u6c7d\u8f66\u4e0a\u4e0e\u5f53\u5730\u5bfc\u6e38\u4e00\u8d77\u4e58\u8239\u6e38\u89c8\u8428\u9a6c\u7eb3\u6e7e\u8fb9\u548c\u591a\u7c73\u5c3c\u52a0\u5171\u548c\u56fd\u6700\u7f8e\u4e3d\u7684\u56fd\u5bb6\u516c\u56ed\u4e4b\u4e00\u3002 <em><strong>\u6d77\u5730\u56fd\u5bb6\u516c\u56ed<\/strong><\/em>.<br \/>\nn<br \/>\n\u8be5\u65c5\u6e38\u7531\u201cBooking Adventures\u201d\u7ec4\u7ec7\uff0c\u4ece\u84ec\u5854\u5361\u7eb3\u7684\u9152\u5e97\u51fa\u53d1\uff0c\u5e76\u63d0\u4f9b\u4ea4\u901a\u670d\u52a1\u3002\u52a0\u5165 Booking Adventures \u4e4b\u65c5\uff0c\u5f00\u59cb\u63a2\u7d22\u9e1f\u7c7b\u6816\u606f\u7684\u7ea2\u6811\u6797\u3001\u8302\u5bc6\u690d\u88ab\u8fde\u7ef5\u8d77\u4f0f\u7684\u5c71\u4e18\u548c\u6d1e\u7a74 <em><strong>\u6d1b\u65af\u6d77\u8482\u65af\u56fd\u5bb6\u516c\u56ed<\/strong><\/em>.\u53c2\u89c2\u5468\u56f4\u6709\u9e1f\u513f\u7684\u5c9b\u5c7f\u3002\u5728\u7b51\u5de2\u5b63\u8282\uff0c\u6211\u4eec\u751a\u81f3\u53ef\u4ee5\u5728\u5de2\u4e2d\u770b\u5230 Pelecanos \u96cf\u9e1f\u3002\u6df1\u5165\u4e86\u89e3\u843d\u57fa\u7fa4\u5c9b\uff0c\u5e76\u53c2\u89c2\u5e26\u6709\u571f\u8457\u4eba\u6c11\u7684\u8c61\u5f62\u6587\u5b57\u548c\u5ca9\u753b\u7684\u6d1e\u7a74\u3002<br \/>\nn<br \/>\n\u7a7f\u8fc7\u7ea2\u6811\u6797\uff0c\u5728\u5f00\u9614\u7684\u5723\u6d1b\u4f26\u7d22\u6e7e\u767b\u9646\uff0c\u4ece\u8fd9\u91cc\u53ef\u4ee5\u62cd\u6444\u5d0e\u5c96\u7684\u68ee\u6797\u666f\u89c2\u3002\u5411\u6c34\u9762\u671b\u53bb\uff0c\u53ef\u4ee5\u53d1\u73b0 <em><strong>\u6d77\u725b<\/strong><\/em>, \u7532\u58f3\u7c7b\u52a8\u7269, \u548c <em><strong>\u6d77\u8c5a\u3002<\/strong><\/em><br \/>\nn<\/p>\n<h2><strong>\u5728\u6d1b\u65af\u6d77\u8482\u65af\u56fd\u5bb6\u516c\u56ed\u7684\u6d1e\u7a74<\/strong><\/h2>\n<p>n<\/p>\n<div class=\"body-description secondary\">\nn<br \/>\n\u56fd\u5bb6\u516c\u56ed\u7684\u540d\u5b57\u6765\u6e90\u4e8e\u5176\u539f\u59cb\u5c45\u6c11\u6cf0\u8bfa\u5370\u7b2c\u5b89\u4eba\u3002\u5728\u4ed6\u4eec\u7684\u8bed\u8a00\u4e2d\uff0c\u201cHaitises\u201d\u7ffb\u8bd1\u4e3a\u9ad8\u5730\u6216\u4e18\u9675\uff0c\u6307\u7684\u662f\u6d77\u5cb8\u7ebf\u9661\u5ced\u7684\u77f3\u7070\u5ca9\u5730\u8d28\u6784\u9020\u3002\u6df1\u5165\u516c\u56ed\u63a2\u9669\uff0c\u63a2\u7d22\u6d1e\u7a74\uff0c\u4f8b\u5982 <em><strong>\u7ade\u6280\u573a\u7403\u573a<\/strong><\/em> \u548c <strong><em>Cueva de la L\u00ednea\u3002<\/em><\/strong><br \/>\nn<br \/>\n\u4fdd\u62a4\u533a\u5185\u7684\u6d1e\u7a74\u66fe\u88ab\u6cf0\u8bfa\u5370\u7b2c\u5b89\u4eba\u7528\u4f5c\u5e87\u62a4\u6240\uff0c\u540e\u6765\u53c8\u88ab\u6d77\u76d7\u7528\u4f5c\u85cf\u8eab\u4e4b\u5904\u3002\u5bfb\u627e\u88c5\u9970\u4e00\u4e9b\u5899\u58c1\u7684\u5370\u7b2c\u5b89\u4eba\u7684\u7ed8\u753b\u3002\u53c2\u89c2\u6d1b\u65af\u6d77\u8482\u65af\u56fd\u5bb6\u516c\u56ed\u540e\uff0c\u6211\u4eec\u5c06\u8fd4\u56de\u5c71\u7f8e\u7eb3\u6e2f\u53e3\uff0c\u7ecf\u8fc7\u5c71\u7f8e\u7eb3\u6e7e 30 \u5206\u949f\uff0c\u5e76\u53c2\u89c2\u767e\u52a0\u5f97\u5c9b\u3002\u6211\u4eec\u5c06\u5728\u5c9b\u4e0a\u4eab\u7528\u5178\u578b\u7684\u5348\u9910\u3002\u5982\u679c\u60a8\u662f\u7d20\u98df\u4e3b\u4e49\u8005\uff0c\u4e0d\u7528\u62c5\u5fc3\uff0c\u6211\u4eec\u4e5f\u4e3a\u60a8\u51c6\u5907\u4e86\u98df\u7269\uff01<br \/>\nn<br \/>\n\u6e38\u6cf3\u4e00\u4e0b\u5348\u5e76\u5728\u6d77\u6ee9\u4e0a\u653e\u677e\u540e\uff0c\u6211\u4eec\u7684\u5bfc\u6e38\u5c06\u5b89\u6392\u65f6\u95f4\u8fd4\u56de\u6ee8\u6d77\u8428\u74e6\u7eb3\u6e2f\u3002<br \/>\nn<br \/>\nn<\/div>\n<p>\u5982\u679c\u60a8\u5e0c\u671b\u8fd9\u6b21\u65c5\u884c\u66f4\u957f\u6216\u66f4\u77ed\uff0c\u6211\u4eec\u6709\u4ee5\u4e0b\u9009\u62e9\uff1a<br \/>\nn<\/p>\n<ol>\nn \t<\/p>\n<li>\u53ea\u662f\u6765\u81ea\u8428\u9a6c\u7eb3\u6e2f\u7684 Los Haitises\u3002<\/li>\n<p>n \t<\/p>\n<li>\u6765\u81ea\u8428\u9a6c\u7eb3\u6e2f\u7684 Los Haitises + Ca\u00f1o Hondo\u3002<\/li>\n<p>n<\/ol>\n<p>n&nbsp;<br \/>\nn<\/p>\n<h4><em><strong>\u4f60\u5e94\u8be5\u5e26\u4ec0\u4e48\uff1f<\/strong><\/em><\/h4>\n<p>n<\/p>\n<ul>\nn \t<\/p>\n<li style=\"font-weight: 400;\"><span style=\"font-weight: 400;\">\u76f8\u673a<\/span><\/li>\n<p>n \t<\/p>\n<li style=\"font-weight: 400;\"><span style=\"font-weight: 400;\">\u9a71\u868a\u82bd<\/span><\/li>\n<p>n \t<\/p>\n<li style=\"font-weight: 400;\"><span style=\"font-weight: 400;\">\u9632\u6652\u971c<\/span><\/li>\n<p>n \t<\/p>\n<li style=\"font-weight: 400;\"><span style=\"font-weight: 400;\">\u5e3d\u5b50<\/span><\/li>\n<p>n \t<\/p>\n<li style=\"font-weight: 400;\"><span style=\"font-weight: 400;\">\u8212\u9002\u7684\u88e4\u5b50<\/span><\/li>\n<p>n \t<\/p>\n<li style=\"font-weight: 400;\"><span style=\"font-weight: 400;\">\u68ee\u6797\u767b\u5c71\u978b<\/span><\/li>\n<p>n \t<\/p>\n<li style=\"font-weight: 400;\"><span style=\"font-weight: 400;\">\u51c9\u978b\u5230\u6625\u5b63\u5730\u533a\u3002<\/span><\/li>\n<p>n \t<\/p>\n<li style=\"font-weight: 400;\"><span style=\"font-weight: 400;\">\u6cf3\u88c5<\/span><\/li>\n<p>n<\/ul>\n<p>n&nbsp;<br \/>\nn<\/p>\n<h4><b><i>\u9152\u5e97\u63a5\u9001 <\/i><\/b><\/h4>\n<p>n<span style=\"font-weight: 400;\">\u6b64\u884c\u7a0b\u63d0\u4f9b\u9152\u5e97\u63a5\u5ba2\u670d\u52a1\u3002 <\/span><br \/>\nn<br \/>\nn&nbsp;<br \/>\nn<br \/>\nn<b>\u7b14\u8bb0\uff1a<\/b><span style=\"font-weight: 400;\"> \u5982\u679c\u60a8\u5728\u65c5\u6e38\/\u77ed\u9014\u65c5\u884c\u51fa\u53d1\u65f6\u95f4\u524d 24 \u5c0f\u65f6\u5185\u9884\u8ba2\uff0c\u6211\u4eec\u53ef\u4ee5\u5b89\u6392\u9152\u5e97\u63a5\u5ba2\u3002\u8d2d\u4e70\u5b8c\u6210\u540e\uff0c\u6211\u4eec\u5c06\u5411\u60a8\u53d1\u9001\u5b8c\u6574\u7684\u8054\u7cfb\u4fe1\u606f\uff08\u7535\u8bdd\u53f7\u7801\u3001\u7535\u5b50\u90ae\u4ef6\u5730\u5740\u7b49\uff09\uff0c\u4ee5\u4fbf\u6211\u4eec\u5f53\u5730\u7684\u5bfc\u6e38\u5b89\u6392\u63a5\u9001\u4e8b\u5b9c\u3002<\/span><br \/>\nn<\/p>\n<h4><b><i>\u9644\u52a0\u4fe1\u606f\u786e\u8ba4 <\/i><\/b><\/h4>\n<p>n<\/p>\n<ol>\nn \t<\/p>\n<li>\u95e8\u7968\u662f\u672c\u6b21\u65c5\u6e38\u4ed8\u6b3e\u540e\u7684\u6536\u636e\u3002\u60a8\u53ef\u4ee5\u5728\u624b\u673a\u4e0a\u663e\u793a\u4ed8\u6b3e\u3002<\/li>\n<p>n \t<\/p>\n<li style=\"font-weight: 400;\"><span style=\"font-weight: 400;\">\u4f1a\u9762\u70b9\u5c06\u5728\u9884\u8ba2\u8fc7\u7a0b\u540e\u6536\u5230\u3002<\/span><\/li>\n<p>n \t<\/p>\n<li style=\"font-weight: 400;\"><span style=\"font-weight: 400;\">\u513f\u7ae5\u5fc5\u987b\u7531\u6210\u4eba\u966a\u540c\u3002<\/span><\/li>\n<p>n \t<\/p>\n<li style=\"font-weight: 400;\"><span style=\"font-weight: 400;\"> \u4e0d\u9002\u5408\u8f6e\u6905\u4f7f\u7528\u8005 <\/span><\/li>\n<p>n \t<\/p>\n<li style=\"font-weight: 400;\"><span style=\"font-weight: 400;\">\u5a74\u513f\u5fc5\u987b\u5750\u5728\u819d\u76d6\u4e0a <\/span><\/li>\n<p>n \t<\/p>\n<li style=\"font-weight: 400;\"><span style=\"font-weight: 400;\">\u4e0d\u5efa\u8bae\u6709\u80cc\u90e8\u95ee\u9898\u7684\u65c5\u884c\u8005\u4f7f\u7528<\/span><\/li>\n<p>n \t<\/p>\n<li style=\"font-weight: 400;\"><span style=\"font-weight: 400;\">\u4e0d\u5efa\u8bae\u6000\u5b55\u7684\u65c5\u5ba2\u4f7f\u7528 <\/span><\/li>\n<p>n \t<\/p>\n<li style=\"font-weight: 400;\"><span style=\"font-weight: 400;\"> \u6ca1\u6709\u5fc3\u810f\u95ee\u9898\u6216\u5176\u4ed6\u4e25\u91cd\u7684\u533b\u7597\u72b6\u51b5 <\/span><\/li>\n<p>n \t<\/p>\n<li style=\"font-weight: 400;\"><span style=\"font-weight: 400;\">\u5927\u591a\u6570\u65c5\u884c\u8005\u90fd\u53ef\u4ee5\u53c2\u52a0<\/span><\/li>\n<p>n<\/ol>\n<p>n<\/p>\n<h4><b><i>\u53d6\u6d88\u653f\u7b56<\/i><\/b><\/h4>\n<p>\u5982\u9700\u5168\u989d\u9000\u6b3e\uff0c\u8bf7\u9605\u8bfb\u6211\u4eec\u7684\u53d6\u6d88\u653f\u7b56\u3002\u00a0<a href=\"https:\/\/www.boattoursamana.com\/zh\/%e5%9c%a8%e7%ba%bf%e9%a2%84%e8%ae%a2\/\" target=\"_blank\" rel=\"noopener\" data-saferedirecturl=\"https:\/\/www.google.com\/url?q=https:\/\/www.boattoursamana.com\/online-booking\/&amp;source=gmail&amp;ust=1672449202351000&amp;usg=AOvVaw1yAeVAPktmaVCqDujgUn90\">\u70b9\u51fb\u8fd9\u91cc<\/a>.\u5982\u679c\u5728\u65c5\u884c\u5f53\u5929\u53d6\u6d88\u9884\u8ba2\uff0c\u5c06\u635f\u5931\u8d44\u91d1\u3002<\/p>\n\n\t\t<\/div>\n\t<\/div>\n<div class=\"vc_btn3-container vc_btn3-inline\" ><button class=\"vc_general vc_btn3 vc_btn3-size-md vc_btn3-shape-rounded vc_btn3-style-modern vc_btn3-color-green\">\u73b0\u5728\u9884\u8ba2<\/button><\/div>\n\t<div class=\"wpb_video_widget wpb_content_element vc_clearfix   vc_video-aspect-ratio-169 vc_video-el-width-100 vc_video-align-left\" >\n\t\t<div class=\"wpb_wrapper\">\n\t\t\t<h2 class=\"wpb_heading wpb_video_heading\">\u6d1b\u65af\u6d77\u8482\u65af\u56fd\u5bb6\u516c\u56ed<\/h2>\n\t\t\t<div class=\"wpb_video_wrapper\"><iframe loading=\"lazy\" title=\"Los Haitises \u56fd\u5bb6\u516c\u56ed\u6e38\u89c8\u548c\u77ed\u9014\u65c5\u884c\" width=\"1100\" height=\"619\" src=\"https:\/\/www.youtube.com\/embed\/vMI4Ou81cd4?feature=oembed\" frameborder=\"0\" allow=\"accelerometer; autoplay; clipboard-write; encrypted-media; gyroscope; picture-in-picture; web-share\" allowfullscreen><\/iframe><\/div>\n\t\t<\/div>\n\t<\/div>\n<\/div><\/div><\/div><\/div><div class=\"vc_row wpb_row vc_row-fluid\" ><\/div><div class=\"wpb_column vc_column_container vc_col-sm-12\"><div class=\"vc_column-inner\"><div class=\"wpb_wrapper\"><\/div><\/div><\/div><div class=\"vc_empty_space\"   style=\"height: 32px\"><span class=\"vc_empty_space_inner\"><\/span><\/div><div class=\"vc_empty_space\"   style=\"height: 32px\"><span class=\"vc_empty_space_inner\"><\/span><\/div><div class=\"vc_row wpb_row vc_row-fluid\" ><\/div><div class=\"wpb_column vc_column_container vc_col-sm-12\"><div class=\"vc_column-inner\"><div class=\"wpb_wrapper\"><\/div><\/div><\/div><div class=\"vc_empty_space\"   style=\"height: 32px\"><span class=\"vc_empty_space_inner\"><\/span><\/div><div class=\"vc_row wpb_row vc_row-fluid\" ><\/div><div class=\"wpb_column vc_column_container vc_col-sm-12\"><div class=\"vc_column-inner\"><div class=\"wpb_wrapper\"><\/div><\/div><\/div><div class=\"vc_row wpb_row vc_row-fluid\" ><div class=\"wpb_column vc_column_container vc_col-sm-12\"><div class=\"vc_column-inner\"><div class=\"wpb_wrapper\"><div class=\"vc_btn3-container vc_btn3-inline\" ><button class=\"vc_general vc_btn3 vc_btn3-size-md vc_btn3-shape-rounded vc_btn3-style-modern vc_btn3-color-green\">\u73b0\u5728\u9884\u8ba2<\/button><\/div><\/div><\/div><\/div><\/div>","protected":false},"excerpt":{"rendered":"<p>Recojo en su hotel en Punta Cana, Cap Cana, B\u00e1varo en un c\u00f3modo traslado al Parque Nacional Los Haitises desde Punta Cana m\u00e1s almuerzo en la isla Bacardi. Ven con nosotros y visita el parque nacional m\u00e1s hermoso de la Rep\u00fablica Dominicana, visitando manglares, cuevas y la bah\u00eda de San Lorenzo, adem\u00e1s de cruzar la hermosa bah\u00eda de Saman\u00e1. Para visitar la isla de Bacard\u00ed, almuerce en la playa y nade en una de las playas m\u00e1s bonitas de la [&hellip;]<\/p>\n","protected":false},"author":2,"featured_media":0,"parent":0,"menu_order":0,"comment_status":"open","ping_status":"closed","template":"","meta":{"footnotes":""},"class_list":["post-15811","page","type-page","status-publish","hentry"],"_links":{"self":[{"href":"https:\/\/www.boattoursamana.com\/zh\/wp-json\/wp\/v2\/pages\/15811","targetHints":{"allow":["GET"]}}],"collection":[{"href":"https:\/\/www.boattoursamana.com\/zh\/wp-json\/wp\/v2\/pages"}],"about":[{"href":"https:\/\/www.boattoursamana.com\/zh\/wp-json\/wp\/v2\/types\/page"}],"author":[{"embeddable":true,"href":"https:\/\/www.boattoursamana.com\/zh\/wp-json\/wp\/v2\/users\/2"}],"replies":[{"embeddable":true,"href":"https:\/\/www.boattoursamana.com\/zh\/wp-json\/wp\/v2\/comments?post=15811"}],"version-history":[{"count":0,"href":"https:\/\/www.boattoursamana.com\/zh\/wp-json\/wp\/v2\/pages\/15811\/revisions"}],"wp:attachment":[{"href":"https:\/\/www.boattoursamana.com\/zh\/wp-json\/wp\/v2\/media?parent=15811"}],"curies":[{"name":"wp","href":"https:\/\/api.w.org\/{rel}","templated":true}]}}