{"id":15828,"date":"2023-07-15T07:44:18","date_gmt":"2023-07-15T07:44:18","guid":{"rendered":"https:\/\/www.ticketswhales.com\/hike-kayak-los-haitises-national-park-from-boca-chica\/"},"modified":"2023-07-15T07:44:18","modified_gmt":"2023-07-15T07:44:18","slug":"hike-kayak-los-haitises-national-park-from-boca-chica","status":"publish","type":"page","link":"https:\/\/www.boattoursamana.com\/zh\/%e8%bf%9c%e8%b6%b3%e7%9a%ae%e5%88%92%e8%89%87-%e6%b4%9b%e6%96%af-%e6%b5%b7%e8%92%82%e6%96%af-%e5%9b%bd%e5%ae%b6%e5%85%ac%e5%9b%ad-%e4%bb%8e-boca-chica","title":{"rendered":"\u4ece\u535a\u5361\u5947\u5361\u8fdc\u8db3 + \u76ae\u5212\u8247\u6d1b\u65af\u6d77\u8482\u65af\u56fd\u5bb6\u516c\u56ed"},"content":{"rendered":"<p><span style=\"vertical-align: inherit;\"><span style=\"vertical-align: inherit;\">Caminata de 3 horas y kayak en manglares en el Parque Nacional Los Haitises con un gu\u00eda tur\u00edstico local desde Sabana de la mar\u3002 <\/span><span style=\"vertical-align: inherit;\">Visitando las \u00e1reas de Selva Tropical\u3001Cocos\u3001Caf\u00e9 y Cacao\u3002 <\/span><span style=\"vertical-align: inherit;\">Aprendiendo sobre la historia original del Parque Nacional Los Haitises\u3002<\/span><\/span><br \/>\nn<br \/>\nn&nbsp;<br \/>\nn<br \/>\nn<strong><span style=\"vertical-align: inherit;\"><span style=\"vertical-align: inherit;\">Seleccione la fecha para el viaje de senderismo\uff1a<\/span><\/span><\/strong><\/p>\n<p>&nbsp;<\/p>\n<div class=\"vc_row wpb_row vc_row-fluid\" ><div class=\"wpb_column vc_column_container vc_col-sm-12\"><div class=\"vc_column-inner\"><div class=\"wpb_wrapper\">\n\t<div class=\"wpb_text_column wpb_content_element\" >\n\t\t<div class=\"wpb_wrapper\">\n\t\t\t<p>\nn<\/p>\n<h4><b><i>\u6982\u8ff0 <\/i><\/b><\/h4>\n<p>n\u6b64\u5f92\u6b65\u8def\u7ebf + \u76ae\u5212\u8247\u4e4b\u65c5\u4ece <strong>\u535a\u5361\u5947\u5361<\/strong> \u4ece\u9152\u5e97\u63a5\u9001\u3002\u4e4b\u540e\u6211\u4eec\u5c06\u5230\u8fbe\u516c\u56ed\uff0c\u6211\u4eec\u5c06\u6cbf\u7740\u6d1b\u65af\u6d77\u8482\u65af\u56fd\u5bb6\u516c\u56ed\u7684\u6f6e\u6e7f\u68ee\u6797\u5f92\u6b65\u5927\u7ea6 2 \u5c0f\u65f6\u3002\u60a8\u5c06\u4e86\u89e3\u8be5\u5730\u533a\u7684\u836f\u7528\u690d\u7269\uff0c\u53c2\u89c2\u6d1b\u65af\u6d77\u8482\u65af\u56fd\u5bb6\u516c\u56ed\u4e3b\u8981\u548c\u6b21\u8981\u7684\u9614\u53f6\u6797\u5c71\u8109\uff0c\u540c\u65f6\u5230\u8fbe Jivales \u6cb3\u7684\u6cc9\u6c34\uff0cEco-lodge Ca\u00f1o Hondo \u7684\u5929\u7136\u6c34\u6c60\u5c31\u662f\u4ece\u8fd9\u91cc\u6d41\u51fa\u7684\u3002\u7136\u540e\u6211\u4eec\u5e26\u4e0a\u60a8\u7684\u5b89\u5168\u6240\u9700\u7684\u8bbe\u5907\uff08\u6551\u751f\u8863\u7b49\uff09\u3001\u76ae\u5212\u8247\u548c\u7a7f\u8fc7\u7ea2\u6811\u6797\u6cbc\u6cfd\u3002\u4f60\u4f1a\u770b\u5230\u4e00\u4e9b\u9e1f\u7c7b\u904d\u5e03\u7684\u7ea2\u6811\u6797\uff0c\u8fde\u7ef5\u8d77\u4f0f\u7684\u8302\u5bc6\u690d\u88ab\u4e18\u9675\u3002\u7a7f\u8fc7\u5f00\u9614\u7684\u5723\u6d1b\u4f26\u7d22\u6e7e\u7684\u7ea2\u6811\u6797\u548c\u571f\u5730\uff0c\u4ece\u90a3\u91cc\u60a8\u53ef\u4ee5\u62cd\u6444\u5d0e\u5c96\u7684\u68ee\u6797\u666f\u89c2\u3002<br \/>\nn<br \/>\n\u4f53\u9a8c\u7ed3\u675f\u540e\uff0c\u60a8\u5c06\u8fd4\u56de Cano Hondo \u6216 Sabana de la mar \u9a71\u8f66\u8fd4\u56de Bayahibe \u5730\u533a\u3002<br \/>\nn<\/p>\n<ul>\nn \t<\/p>\n<li style=\"font-weight: 400;\">\u5305\u62ec\u8d39\u7528<\/li>\n<p>n \t<\/p>\n<li>\u6d1b\u65af\u6d77\u8482\u65af\u56fd\u5bb6\u516c\u56ed\u5f92\u6b65\u65c5\u884c<\/li>\n<p>n \t<\/p>\n<li style=\"font-weight: 400;\"><span style=\"font-weight: 400;\">\u8be5\u6307\u5357\u63d0\u4f9b\u6307\u5bfc\u548c\u76d1\u7763<\/span><\/li>\n<p>n<\/ul>\n<p>n&nbsp;<br \/>\nn<\/p>\n<h4><b>\u5305\u542b\u548c\u6392\u9664<\/b><\/h4>\n<p>n&nbsp;<br \/>\nn<br \/>\nn<b>\u5939\u6742\u7269<\/b><br \/>\nn<br \/>\nn&nbsp;<br \/>\nn<\/p>\n<ol>\nn \t<\/p>\n<li style=\"font-weight: 400;\">\u6d1b\u65af\u6d77\u8482\u65af\u56fd\u5bb6\u516c\u56ed<\/li>\n<p>n \t<\/p>\n<li>\u8fdc\u8db3+\u76ae\u5212\u8247<\/li>\n<p>n \t<\/p>\n<li style=\"font-weight: 400;\"><span style=\"font-weight: 400;\">\u6240\u6709\u7a0e\u8d39\u3001\u624b\u7eed\u8d39\u548c\u624b\u7eed\u8d39<\/span><\/li>\n<p>n \t<\/p>\n<li style=\"font-weight: 400;\"><span style=\"font-weight: 400;\">\u5730\u65b9\u7a0e<\/span><\/li>\n<p>n \t<\/p>\n<li style=\"font-weight: 400;\"><span style=\"font-weight: 400;\">\u996e\u6599<\/span><\/li>\n<p>n \t<\/p>\n<li style=\"font-weight: 400;\"><span style=\"font-weight: 400;\">\u6240\u6709\u6d3b\u52a8<\/span><\/li>\n<p>n \t<\/p>\n<li style=\"font-weight: 400;\"><span style=\"font-weight: 400;\">\u5f53\u5730\u5411\u5bfc<\/span><\/li>\n<p>n \t<\/p>\n<li><span style=\"font-weight: 400;\">\u8f6c\u79fb<\/span><\/li>\n<p>n \t<\/p>\n<li>\u4e0e\u5f53\u5730\u4eba\u5171\u8fdb\u5348\u9910<\/li>\n<p>n<\/ol>\n<p>n<b> \u6392\u9664<\/b><br \/>\nn<\/p>\n<ol>\nn \t<\/p>\n<li style=\"font-weight: 400;\"><span style=\"font-weight: 400;\">\u5c0f\u8d39<\/span><\/li>\n<p>n \t<\/p>\n<li style=\"font-weight: 400;\"><span style=\"font-weight: 400;\">\u6709\u9152\u7cbe\u7684\u996e\u54c1<\/span><\/li>\n<p>n<\/ol>\n<p>n&nbsp;<br \/>\nn<\/p>\n<h4><em><strong>\u51fa\u53d1\u548c\u8fd4\u56de<\/strong><\/em><\/h4>\n<p>n<span style=\"font-weight: 400;\">\u65c5\u5ba2\u5c06\u5728\u9884\u8ba2\u6d41\u7a0b\u540e\u83b7\u5f97\u96c6\u5408\u70b9\u3002\u6e38\u89c8\u5728\u6211\u4eec\u7684\u96c6\u5408\u70b9\u5f00\u59cb\u548c\u7ed3\u675f\u3002<\/span><br \/>\nn<br \/>\nn&nbsp;<br \/>\nn<\/p>\n<h2>\u4ece\u535a\u5361\u5947\u5361\u8fdc\u8db3 + \u76ae\u5212\u8247\u6d1b\u65af\u6d77\u8482\u65af\u56fd\u5bb6\u516c\u56ed<\/h2>\n<p>n<\/p>\n<h4><b><i>\u671f\u5f85\u4ec0\u4e48\uff1f<\/i><\/b><\/h4>\n<p>\u56fd\u5bb6\u516c\u56ed\u7684\u540d\u5b57\u6765\u6e90\u4e8e\u5176\u539f\u59cb\u5c45\u6c11\u6cf0\u8bfa\u5370\u7b2c\u5b89\u4eba\u3002\u5728\u4ed6\u4eec\u7684\u8bed\u8a00\u4e2d\uff0c\u201cHaitises\u201d\u7ffb\u8bd1\u4e3a\u9ad8\u5730\u6216\u4e18\u9675\uff0c\u6307\u7684\u662f\u6d77\u5cb8\u7ebf\u9661\u5ced\u7684\u77f3\u7070\u5ca9\u5730\u8d28\u6784\u9020\u3002\u5212\u76ae\u5212\u8247\u9700\u89812\u4e2a\u5c0f\u65f6\u3002<br \/>\nn<br \/>\nn \u4e0e\u5f53\u5730\u4eba\u4e00\u8d77\u4e86\u89e3\u5386\u53f2\u548c\u81ea\u7136<br \/>\nn<br \/>\n\u6700\u521d\u6b65\u884c\u7a7f\u8fc7\u7530\u91ce\u548c\u519c\u7530\u540e\uff0c\u60a8\u5c06\u5f00\u59cb\u6b65\u884c\u7ecf\u8fc7\u6930\u5b50\u548c\u53ef\u53ef\u6797\u3002\u5145\u5206\u5229\u7528\u6bcf\u4e00\u5206\u949f\u6765\u4fdd\u62a4\u6d1b\u65af\u6d77\u8482\u65af\u56fd\u5bb6\u516c\u56ed\u5185\u7684\u68ee\u6797\u9762\u79ef\u3002\u4e0e\u9884\u8ba2\u63a2\u9669\u4e00\u8d77\u6765\uff0c\u5f00\u59cb\u68c0\u67e5\u4e00\u4e9b\u7279\u6709\u7684\u9e1f\u7c7b\u3001\u54fa\u4e73\u52a8\u7269\u548c\u690d\u7269\u7269\u79cd\u3001\u8302\u5bc6\u690d\u88ab\u7684\u8fde\u7ef5\u8d77\u4f0f\u7684\u5c71\u4e18\u548c\u6d1e\u7a74 <em><strong>\u6d1b\u65af\u6d77\u8482\u65af\u56fd\u5bb6\u516c\u56ed<\/strong><\/em>.<br \/>\nn<\/p>\n<div class=\"body-description secondary\">\nn<br \/>\n\u56fd\u5bb6\u516c\u56ed\u7684\u540d\u79f0\u6e90\u81ea\u5176\u539f\u59cb\u5c45\u6c11\u6cf0\u8bfa\u5370\u7b2c\u5b89\u4eba\u3002\u5728\u4ed6\u4eec\u7684\u8bed\u8a00\u4e2d\uff0c\"Haitises \"\u610f\u4e3a\u9ad8\u5730\u6216\u4e18\u9675\uff0c\u6307\u7684\u662f\u6d77\u5cb8\u7ebf\u4e0a\u9661\u5ced\u7684\u77f3\u7070\u5ca9\u5730\u8d28\u6784\u9020\u3002\u6df1\u5165\u516c\u56ed\uff0c\u63a2\u7d22\u6d1e\u7a74\uff0c\u5982 <em><strong>\u7ade\u6280\u573a\u7403\u573a<\/strong><\/em> \u548c <strong><em>Cueva de la L\u00ednea\u3002\u60a8\u53ef\u4ee5\u5c06\u4e58\u8239\u6e38\u89c8\u4e0e\u5f92\u6b65\u65c5\u884c\u76f8\u7ed3\u5408\u3002\u8bf7\u8054\u7cfb\u6211\u4eec\u3002<\/em><\/strong><br \/>\nn<br \/>\n\u4fdd\u62a4\u533a\u5185\u7684\u6d1e\u7a74\u66fe\u88ab\u6cf0\u8bfa\u5370\u7b2c\u5b89\u4eba\u7528\u4f5c\u5e87\u62a4\u6240\uff0c\u540e\u6765\u53c8\u88ab\u6d77\u76d7\u7528\u4f5c\u85cf\u8eab\u4e4b\u5904\u3002\u5bfb\u627e\u88c5\u9970\u4e00\u4e9b\u5899\u58c1\u7684\u5370\u7b2c\u5b89\u4eba\u7684\u7ed8\u753b\u3002\u96e8\u6797\u91cc\u6709\u8d85\u8fc770000\u79cd\u690d\u7269\uff0c\u6211\u4eec\u5728\u8fd9\u6761\u5f92\u6b65\u8def\u7ebf\u4e0a\u5c1d\u8bd5\u5411\u6e38\u5ba2\u4ecb\u7ecd\u6211\u4eec\u6240\u77e5\u9053\u7684\u6240\u6709\u836f\u7528\u690d\u7269\u3002<br \/>\nn<br \/>\n\u6765\u6d1b\u65af\u6d77\u8482\u65af\u56fd\u5bb6\u516c\u56ed\u5b66\u4e60\u3001\u5f92\u6b65\u5e76\u4eab\u53d7\u771f\u6b63\u7684\u5927\u81ea\u7136\u3002<br \/>\nn<br \/>\nn<\/div>\n<p>n&nbsp;<br \/>\nn<\/p>\n<h4><em><strong>\u4f60\u5e94\u8be5\u5e26\u4ec0\u4e48\uff1f<\/strong><\/em><\/h4>\n<p>n<\/p>\n<ul>\nn \t<\/p>\n<li style=\"font-weight: 400;\"><span style=\"font-weight: 400;\">\u76f8\u673a<\/span><\/li>\n<p>n \t<\/p>\n<li style=\"font-weight: 400;\"><span style=\"font-weight: 400;\">\u9a71\u868a\u82bd<\/span><\/li>\n<p>n \t<\/p>\n<li style=\"font-weight: 400;\"><span style=\"font-weight: 400;\">\u9632\u6652\u971c<\/span><\/li>\n<p>n \t<\/p>\n<li style=\"font-weight: 400;\"><span style=\"font-weight: 400;\">\u5e3d\u5b50<\/span><\/li>\n<p>n \t<\/p>\n<li style=\"font-weight: 400;\"><span style=\"font-weight: 400;\">\u8212\u9002\u7684\u88e4\u5b50<\/span><\/li>\n<p>n \t<\/p>\n<li style=\"font-weight: 400;\"><span style=\"font-weight: 400;\">\u68ee\u6797\u767b\u5c71\u978b<\/span><\/li>\n<p>n \t<\/p>\n<li style=\"font-weight: 400;\"><span style=\"font-weight: 400;\">\u51c9\u978b\u5230\u6625\u5b63\u5730\u533a\u3002<\/span><\/li>\n<p>n \t<\/p>\n<li style=\"font-weight: 400;\"><span style=\"font-weight: 400;\">\u6cf3\u88c5<\/span><\/li>\n<p>n<\/ul>\n<p>n&nbsp;<br \/>\nn<\/p>\n<h4><b><i>\u9152\u5e97\u63a5\u9001 <\/i><\/b><\/h4>\n<p>n<span style=\"font-weight: 400;\">\u6b64\u884c\u7a0b\u63d0\u4f9b\u9152\u5e97\u63a5\u5ba2\u670d\u52a1\u3002\u00a0<\/span><br \/>\nn<br \/>\nn<b>\u7b14\u8bb0\uff1a<\/b><span style=\"font-weight: 400;\"> \u5982\u679c\u60a8\u5728\u65c5\u6e38\/\u77ed\u9014\u65c5\u884c\u51fa\u53d1\u65f6\u95f4\u524d 24 \u5c0f\u65f6\u5185\u9884\u8ba2\uff0c\u6211\u4eec\u53ef\u4ee5\u5b89\u6392\u535a\u5361\u5947\u5361\u5730\u533a\u7684\u9152\u5e97\u63a5\u5ba2\u670d\u52a1\u3002\u8d2d\u4e70\u5b8c\u6210\u540e\uff0c\u6211\u4eec\u5c06\u5411\u60a8\u53d1\u9001\u5b8c\u6574\u7684\u8054\u7cfb\u4fe1\u606f\uff08\u7535\u8bdd\u53f7\u7801\u3001\u7535\u5b50\u90ae\u4ef6\u5730\u5740\u7b49\uff09\uff0c\u4ee5\u4fbf\u6211\u4eec\u5f53\u5730\u7684\u5bfc\u6e38\u5b89\u6392\u63a5\u9001\u4e8b\u5b9c\u3002<\/span><br \/>\nn<\/p>\n<h4><b><i>\u9644\u52a0\u4fe1\u606f\u786e\u8ba4 <\/i><\/b><\/h4>\n<p>n<\/p>\n<ol>\nn \t<\/p>\n<li>\u95e8\u7968\u662f\u672c\u6b21\u65c5\u6e38\u4ed8\u6b3e\u540e\u7684\u6536\u636e\u3002\u60a8\u53ef\u4ee5\u5728\u624b\u673a\u4e0a\u663e\u793a\u4ed8\u6b3e\u3002<\/li>\n<p>n \t<\/p>\n<li style=\"font-weight: 400;\"><span style=\"font-weight: 400;\">\u4f1a\u9762\u70b9\u5c06\u5728\u9884\u8ba2\u8fc7\u7a0b\u540e\u6536\u5230\u3002<\/span><\/li>\n<p>n \t<\/p>\n<li style=\"font-weight: 400;\"><span style=\"font-weight: 400;\">\u513f\u7ae5\u5fc5\u987b\u7531\u6210\u4eba\u966a\u540c\u3002<\/span><\/li>\n<p>n \t<\/p>\n<li style=\"font-weight: 400;\"><span style=\"font-weight: 400;\"> \u4e0d\u9002\u5408\u8f6e\u6905\u4f7f\u7528\u8005 <\/span><\/li>\n<p>n \t<\/p>\n<li style=\"font-weight: 400;\"><span style=\"font-weight: 400;\">\u5a74\u513f\u5fc5\u987b\u5750\u5728\u819d\u76d6\u4e0a <\/span><\/li>\n<p>n \t<\/p>\n<li style=\"font-weight: 400;\"><span style=\"font-weight: 400;\">\u4e0d\u5efa\u8bae\u6709\u80cc\u90e8\u95ee\u9898\u7684\u65c5\u884c\u8005\u4f7f\u7528<\/span><\/li>\n<p>n \t<\/p>\n<li style=\"font-weight: 400;\"><span style=\"font-weight: 400;\">\u4e0d\u5efa\u8bae\u6000\u5b55\u7684\u65c5\u5ba2\u4f7f\u7528 <\/span><\/li>\n<p>n \t<\/p>\n<li style=\"font-weight: 400;\"><span style=\"font-weight: 400;\"> \u6ca1\u6709\u5fc3\u810f\u95ee\u9898\u6216\u5176\u4ed6\u4e25\u91cd\u7684\u533b\u7597\u72b6\u51b5 <\/span><\/li>\n<p>n \t<\/p>\n<li style=\"font-weight: 400;\"><span style=\"font-weight: 400;\">\u5927\u591a\u6570\u65c5\u884c\u8005\u90fd\u53ef\u4ee5\u53c2\u52a0<\/span><\/li>\n<p>n<\/ol>\n<p>n<\/p>\n<h4><b><i>\u53d6\u6d88\u653f\u7b56<\/i><\/b><\/h4>\n<p>\u5982\u9700\u5168\u989d\u9000\u6b3e\uff0c\u8bf7\u9605\u8bfb\u6211\u4eec\u7684\u53d6\u6d88\u653f\u7b56\u3002\u00a0<a href=\"https:\/\/www.boattoursamana.com\/zh\/%e5%9c%a8%e7%ba%bf%e9%a2%84%e8%ae%a2\/\" target=\"_blank\" rel=\"noopener\" data-saferedirecturl=\"https:\/\/www.google.com\/url?q=https:\/\/www.boattoursamana.com\/online-booking\/&amp;source=gmail&amp;ust=1672449202351000&amp;usg=AOvVaw1yAeVAPktmaVCqDujgUn90\">\u70b9\u51fb\u8fd9\u91cc<\/a>.\u5982\u679c\u5728\u65c5\u884c\u5f53\u5929\u53d6\u6d88\u9884\u8ba2\uff0c\u5c06\u635f\u5931\u8d44\u91d1\u3002<\/p>\n\n\t\t<\/div>\n\t<\/div>\n<div class=\"mkdf-section-title-holder\" style=\"text-align: left\">\n\t<div class=\"mkdf-st-inner\">\n\t\t\t\t\t<h5 class=\"mkdf-st-subtitle\" >\n\t\t\t\t\u5f92\u6b65\u96e8\u6797\u548c\u76ae\u5212\u8247\t\t\t<\/h5>\n\t\t\t\t\t\t\t<h3 class=\"mkdf-st-title\" >\n\t\t\t\t\u8fdc\u8db3 + \u76ae\u5212\u8247 Los Haitises \u56fd\u5bb6\u516c\u56ed\t\t\t<\/h3>\n\t\t\t\t\t\t\t<p class=\"mkdf-st-text\" >\n\t\t\t\t\u6b64\u4f53\u9a8c\u81f3\u5c11\u9700\u8981 2 \u540d\u53c2\u4e0e\u8005\u3002\u5982\u679c\u60a8\u4e0d\u662f 2\uff0c\u8bf7\u968f\u65f6\u4e0e\u6211\u4eec\u8054\u7cfb\uff01\t\t\t<\/p>\n\t\t\t<\/div>\n<\/div><\/div><\/div><\/div><\/div><div class=\"vc_row wpb_row vc_row-fluid\" ><div class=\"wpb_column vc_column_container vc_col-sm-12\"><div class=\"vc_column-inner\"><div class=\"wpb_wrapper\"><\/div><\/div><\/div><\/div><div class=\"vc_row wpb_row vc_row-fluid\" ><\/div><div class=\"wpb_column vc_column_container vc_col-sm-12\"><div class=\"vc_column-inner\"><div class=\"wpb_wrapper\"><\/div><\/div><\/div><div class=\"vc_empty_space\"   style=\"height: 32px\"><span class=\"vc_empty_space_inner\"><\/span><\/div>\n\t<div class=\"wpb_text_column wpb_content_element\" >\n\t\t<div class=\"wpb_wrapper\">\n\t\t\t<p>\nn<br \/>\n\u6211\u662f\u6587\u672c\u5757\u3002\u5355\u51fb\u7f16\u8f91\u6309\u94ae\u66f4\u6539\u6b64\u6587\u672c\u3002 Lorem ipsum dolor sat amet\uff0cconsectetur adipiscing elit\u3002 Ut elittellus\uff0cluctus nec ullamcorper mattis\uff0cpulvinar dapibus leo\u3002<br \/>\nn<br \/>\nn<\/p>\n\n\t\t<\/div>\n\t<\/div>\n<div class=\"vc_empty_space\"   style=\"height: 32px\"><span class=\"vc_empty_space_inner\"><\/span><\/div>","protected":false},"excerpt":{"rendered":"<p>Caminata de 3 horas y kayak en manglares en el Parque Nacional Los Haitises con un gu\u00eda tur\u00edstico local desde Sabana de la mar. Visitando las \u00e1reas de Selva Tropical, Cocos, Caf\u00e9 y Cacao. Aprendiendo sobre la historia original del Parque Nacional Los Haitises. n n&nbsp; n nSeleccione la fecha para el viaje de senderismo: &nbsp;<\/p>","protected":false},"author":2,"featured_media":0,"parent":0,"menu_order":0,"comment_status":"open","ping_status":"closed","template":"","meta":{"footnotes":""},"class_list":["post-15828","page","type-page","status-publish","hentry"],"_links":{"self":[{"href":"https:\/\/www.boattoursamana.com\/zh\/wp-json\/wp\/v2\/pages\/15828","targetHints":{"allow":["GET"]}}],"collection":[{"href":"https:\/\/www.boattoursamana.com\/zh\/wp-json\/wp\/v2\/pages"}],"about":[{"href":"https:\/\/www.boattoursamana.com\/zh\/wp-json\/wp\/v2\/types\/page"}],"author":[{"embeddable":true,"href":"https:\/\/www.boattoursamana.com\/zh\/wp-json\/wp\/v2\/users\/2"}],"replies":[{"embeddable":true,"href":"https:\/\/www.boattoursamana.com\/zh\/wp-json\/wp\/v2\/comments?post=15828"}],"version-history":[{"count":0,"href":"https:\/\/www.boattoursamana.com\/zh\/wp-json\/wp\/v2\/pages\/15828\/revisions"}],"wp:attachment":[{"href":"https:\/\/www.boattoursamana.com\/zh\/wp-json\/wp\/v2\/media?parent=15828"}],"curies":[{"name":"wp","href":"https:\/\/api.w.org\/{rel}","templated":true}]}}