{"id":15830,"date":"2023-07-15T07:44:42","date_gmt":"2023-07-15T07:44:42","guid":{"rendered":"https:\/\/www.ticketswhales.com\/las-galeras-las-7-playas-escondidas-de-samana-the-7-hidden-beaches-in-samana\/"},"modified":"2023-07-15T07:44:42","modified_gmt":"2023-07-15T07:44:42","slug":"las-galeras-las-7-playas-escondidas-de-samana-the-7-hidden-beaches-in-samana","status":"publish","type":"page","link":"https:\/\/www.boattoursamana.com\/zh\/%e6%8b%89%e6%96%af%e5%8a%a0%e8%8e%b1%e6%8b%89%e6%96%af-%e6%8b%89%e6%96%af-7-%e6%b5%b7%e6%bb%a9-%e8%90%a8%e9%a9%ac%e7%ba%b3-7-%e4%b8%aa%e9%9a%90%e8%97%8f%e7%9a%84%e6%b5%b7%e6%bb%a9","title":{"rendered":"Las Galeras\uff1aLas 7 Playas Escondidas de Saman\u00e1 \u2013 \u8428\u7f8e\u7eb3\u7684 7 \u4e2a\u9690\u85cf\u6d77\u6ee9"},"content":{"rendered":"<p><span style=\"vertical-align: inherit;\"><span style=\"vertical-align: inherit;\">Si est\u00e1 visitando Saman\u00e1 y le gustar\u00eda tener una verdadera experiencia local haciendo senderismo, un viaje en barco m\u00e1s un almuerzo en la playa de Rinc\u00f3n, este es el viaje que necesita hacer\u3002 <\/span><span style=\"vertical-align: inherit;\">\u8bbf\u95ee Saman\u00e1 \u548c Las Galeras \u5730\u533a\u7684 7 \u5904\u6e38\u4e50\u573a\uff0c\u8bf7\u8bbf\u95ee una cueva y tomar excelentes \u89c6\u9891\u6216\u4ee4\u4eba\u96be\u4ee5\u7f6e\u4fe1\u7684\u7167\u7247\u3002<\/span><\/span><br \/>\nn<br \/>\nn<strong><span style=\"vertical-align: inherit;\"><span style=\"vertical-align: inherit;\">Seleccione la fecha para el Tour\uff1a\u00a0<\/span><\/span><\/strong><\/p>\n<p>&nbsp;<\/p>\n<div class=\"vc_row wpb_row vc_row-fluid\" ><div class=\"wpb_column vc_column_container vc_col-sm-12\"><div class=\"vc_column-inner\"><div class=\"wpb_wrapper\"><div class=\"mkdf-section-title-holder\" style=\"text-align: left\">\n\t<div class=\"mkdf-st-inner\">\n\t\t\t\t\t<h5 class=\"mkdf-st-subtitle\" >\n\t\t\t\t\u4ece\u9152\u5e97\u4eab\u7528\u5348\u9910\u3001\u4e58\u8239\u6e38\u89c8\u548c\u79c1\u4eba\u4ea4\u901a\u5de5\u5177\u3002\t\t\t<\/h5>\n\t\t\t\t\t\t\t<h3 class=\"mkdf-st-title\" >\n\t\t\t\tPlaya Rinc\u00f3n, Playa Fronton + Playa Madame Beach, Saman\u00e1 - \u591a\u7c73\u5c3c\u52a0\u5171\u548c\u56fd\u3002\t\t\t<\/h3>\n\t\t\t\t\t<\/div>\n<\/div>\n\t<div class=\"wpb_text_column wpb_content_element\" >\n\t\t<div class=\"wpb_wrapper\">\n\t\t\t<p>\nn<\/p>\n<h3>Playa Calet\u00f3n\u3001Playa Escondida\u3001Playa Colorado\u3001Playa del Amor\u3001Playa La Vaca\u3001Playa la Playita Playa Brem\u00e1n\u3002<\/h3>\n<p>n<\/p>\n<h4><b><i>\u6982\u8ff0 <\/i><\/b><\/h4>\n<p>\u5c71\u7f8e\u7eb3\u534a\u5c9b\u4e0a\u6700\u7f8e\u4e3d\u7684\u6e38\u89c8\u4e4b\u4e00\u3002<br \/>\nn<br \/>\nn<span class=\"Y2IQFc\" lang=\"en\">\u4f4d\u4e8e\u8428\u9a6c\u7eb3\u534a\u5c9b\u7684\u8428\u9a6c\u7eb3 (Saman\u00e1) \u7684 7 \u4e2a\u9690\u85cf\u6d77\u6ee9\u4fdd\u7559\u7740\u7f8e\u4e3d\u7684\u5386\u53f2\u79d8\u5bc6\uff0c\u540c\u65f6\u4e86\u89e3\u8fd9\u4e9b\u5730\u65b9\uff0c\u6211\u4eec\u4e3a\u5f53\u5730\u7ecf\u6d4e\u505a\u51fa\u8d21\u732e\uff0c\u8fd9\u5bf9\u5f53\u5730\u4eba\u6c11\u7684\u751f\u5b58\u81f3\u5173\u91cd\u8981\u3002<\/span><br \/>\nn<br \/>\n\u4e58\u8239\u6e38\u89c8 7 \u4e2a\u6d77\u6ee9\uff0c\u5728\u6d77\u5cb8\u7684\u4e00\u4e2a\u5c0f\u6d1e\u7a74\u4e2d\u5f92\u6b65\u65c5\u884c\uff0c\u611f\u53d7\u72ec\u7279\u7684\u6c1b\u56f4\u3002\u6709\u4e9b\u6d77\u6ee9\u53ea\u80fd\u4e58\u8239\u5230\u8fbe\uff0c\u5468\u56f4\u73af\u7ed5\u7740\u73ca\u745a\u7901\uff0c\u60a8\u53ef\u4ee5\u5728\u5468\u56f4\u6d6e\u6f5c\u3001\u4e0e\u9c7c\u4e00\u8d77\u6e38\u6cf3\u3001\u53d1\u73b0\u73ca\u745a\u3001\u653e\u677e\u8eab\u5fc3\u5e76\u6b23\u8d4f\u8ff7\u4eba\u7684\u98ce\u666f\u3002\u653e\u677e\u3001\u6e38\u6cf3\uff0c\u7136\u540e\u51fa\u53d1\u524d\u5f80 Playa colorado\uff0c\u8fd9\u662f\u53e6\u4e00\u4e2a\u4e0e\u4e16\u9694\u7edd\u7684\u5b8c\u7f8e\u6d6e\u6f5c\u6d77\u6ee9\uff0c\u60a8\u8fd8\u53ef\u4ee5\u53c2\u89c2\u6d1e\u7a74\u5e76\u62cd\u6444\u7cbe\u5f69\u7684\u89c6\u9891\u6216\u7167\u7247\uff0c\u7559\u4e0b\u7f8e\u597d\u56de\u5fc6\u3002<br \/>\nn<br \/>\n\u60a8\u5c06\u5728\u201cEl Paraiso\u201d\uff08\u4e1b\u6797\u524d\u7684\u6700\u540e\u4e00\u5bb6\u9910\u5385\uff09\u4f34\u7740\u6885\u4f26\u683c\u821e\u548c\u5df4\u6070\u5854\u7684\u58f0\u97f3\uff0c\u7528\u811a\u8dbe\u8e29\u5728\u6c99\u5b50\u4e0a\u4eab\u7528\u5348\u9910\uff0c\u5728\u90a3\u91cc\u60a8\u5c06\u4eab\u7528\u4e00\u987f\u5b8c\u6574\u7684\u9910\u70b9\uff0c\u5305\u62ec\u9c7c\u7c7b\u83dc\u80b4\uff0c\u5e76\u4f50\u4ee5\u5f53\u5730\u996e\u6599\u548c\u9e21\u5c3e\u9152\u3002\u8fd4\u56de\u9014\u4e2d\uff0c\u6211\u4eec\u5c06\u5728\u57c3\u5c14\u6797\u5b54\u6d77\u6ee9\u505c\u7559\uff0c\u5728\u8fd9\u91cc\u60a8\u4f1a\u53d1\u73b0\u4e00\u9897\u5929\u7136\u73cd\u73e0\uff0c\u88ab\u8ba4\u4e3a\u662f\u8be5\u56fd\u6700\u7f8e\u4e3d\u7684\u6d77\u6ee9\u4e4b\u4e00\u3002\u767d\u8272\u7ec6\u6c99\u3001\u78a7\u7eff\u6d77\u6c34\u548c\u4e00\u7c73\u9ad8\u7684\u68d5\u6988\u6811\u90fd\u662f\u4e0d\u8a00\u800c\u55bb\u7684\u3002<br \/>\nn<br \/>\nn&nbsp;<br \/>\nn<\/p>\n<ul>\nn \t<\/p>\n<li><span style=\"font-weight: 400;\">\u5728\u8be5\u5730\u533a\u5177\u6709\u5b89\u5168\u7ecf\u9a8c\u7684\u672c\u5730\u5411\u5bfc\u3002<\/span><\/li>\n<p>n \t<\/p>\n<li style=\"font-weight: 400;\">\u5305\u62ec\u8d39\u7528<\/li>\n<p>n \t<\/p>\n<li>\u5728\u6d77\u6ee9\u4eab\u7528\u5348\u9910<\/li>\n<p>n \t<\/p>\n<li>\u8239\u7a0b<\/li>\n<p>n \t<\/p>\n<li style=\"font-weight: 400;\">\u897f\u73ed\u7259\u8bed\u3001\u82f1\u8bed\u6216\u6cd5\u8bed\u7684\u5f53\u5730\u5bfc\u6e38\u3002<\/li>\n<p>n \t<\/p>\n<li>\u8fdc\u8db3<\/li>\n<p>n \t<\/p>\n<li>\u6e38\u6cf3<\/li>\n<p>n<\/ul>\n<p>n&nbsp;<br \/>\nn<\/p>\n<h4><b>\u5305\u542b\u548c\u6392\u9664<\/b><\/h4>\n<p>n&nbsp;<br \/>\nn<br \/>\nn<b>\u5939\u6742\u7269<\/b><br \/>\nn<\/p>\n<ol>\nn \t<\/p>\n<li><span style=\"font-weight: 400;\">\u5728\u8be5\u5730\u533a\u5177\u6709\u5b89\u5168\u7ecf\u9a8c\u7684\u672c\u5730\u5411\u5bfc\u3002<\/span><\/li>\n<p>n \t<\/p>\n<li style=\"font-weight: 400;\">\u57c3\u5c14\u6797\u5b54\u6d77\u6ee9<\/li>\n<p>n \t<\/p>\n<li>\u79d1\u7f57\u62c9\u591a\u6d77\u6ee9<\/li>\n<p>n \t<\/p>\n<li>\u62c9\u666e\u62c9\u4f0a\u5854\u6d77\u6ee9<\/li>\n<p>n \t<\/p>\n<li>\u62c9\u74e6\u5361\u6d77\u6ee9<\/li>\n<p>n \t<\/p>\n<li>\u4e0d\u6765\u66fc\u6d77\u6ee9<\/li>\n<p>n \t<\/p>\n<li>\u9a6c\u91cc\u4e9a\u8bfa\u6d77\u6ee9<\/li>\n<p>n \t<\/p>\n<li>\u5361\u5c14\u987f\u6d77\u6ee9<\/li>\n<p>n \t<\/p>\n<li style=\"font-weight: 400;\"><span style=\"font-weight: 400;\">\u6240\u6709\u7a0e\u8d39\u3001\u624b\u7eed\u8d39\u548c\u624b\u7eed\u8d39<\/span><\/li>\n<p>n \t<\/p>\n<li style=\"font-weight: 400;\"><span style=\"font-weight: 400;\">\u5730\u65b9\u7a0e<\/span><\/li>\n<p>n \t<\/p>\n<li>\u5728\u6d77\u6ee9\u4eab\u7528\u5348\u9910<\/li>\n<p>n \t<\/p>\n<li>\u8fdc\u8db3<\/li>\n<p>n \t<\/p>\n<li style=\"font-weight: 400;\"><span style=\"font-weight: 400;\">\u6240\u6709\u6d3b\u52a8<\/span><\/li>\n<p>n<\/ol>\n<p>n<b> \u6392\u9664<\/b><br \/>\nn<\/p>\n<ol>\nn \t<\/p>\n<li style=\"font-weight: 400;\"><span style=\"font-weight: 400;\">\u5c0f\u8d39<\/span><\/li>\n<p>n<\/ol>\n<p>n<\/p>\n<h4><em><strong>\u51fa\u53d1\u548c\u8fd4\u56de<\/strong><\/em><\/h4>\n<p>n<span style=\"font-weight: 400;\">\u65c5\u5ba2\u5c06\u5728\u9884\u8ba2\u6d41\u7a0b\u540e\u83b7\u5f97\u96c6\u5408\u70b9\u3002\u6e38\u89c8\u5728\u60a8\u7684\u96c6\u5408\u70b9\u5f00\u59cb\u548c\u7ed3\u675f\u3002<\/span><br \/>\nn<\/p>\n<h3>Playa Calet\u00f3n\u3001Playa Escondida\u3001Playa Colorado\u3001Playa del Amor\u3001Playa La Vaca\u3001Playa la Playita Playa Brem\u00e1n\u3002<\/h3>\n<p>n<\/p>\n<h4><b><i>\u671f\u5f85\u4ec0\u4e48\uff1f<\/i><\/b><\/h4>\n<p>n<em><strong>\u83b7\u53d6\u60a8\u7684\u95e8\u7968<\/strong><\/em> \u53c2\u89c2\u591a\u7c73\u5c3c\u52a0\u5171\u548c\u56fd\u5468\u56f4 7 \u4e2a\u6700\u72ec\u7279\u7684\u6d77\u6ee9\u3002\u5f00\u59cb\u65c5\u884c\u7684\u96c6\u5408\u70b9\u662f\u5728 Las Galeras \u5730\u533a\u5f92\u6b65\u65c5\u884c\u548c\u6e38\u6cf3\u4e00\u65e5\u6e38 7 \u4e2a\u6d77\u6ee9\u52a0\u4e0a el Rincon \u6d77\u6ee9\u3002\u9996\u5148\uff0c\u6211\u4eec\u53c2\u89c2\u4e86\u675c\u963f\u5c14\u7279\u6d1e\u7a74\uff0c\u5f92\u6b65\u65c5\u884c\uff0c\u5e76\u53c2\u89c2\u4e86\u62c9\u65af\u52a0\u52d2\u62c9\u65af\u6700\u7f8e\u4e3d\u7684\u6d1e\u7a74\u3002\u8fd9\u4e2a\u6d1e\u7a74\u6709900\u7c73\uff0c\u67092\u4e2a\u4e0d\u540c\u7684\u5165\u53e3\uff0c\u4ee5\u907f\u514d\u91cd\u590d\u540c\u6837\u7684\u666f\u8272\u3002<br \/>\nn<br \/>\n\u53c2\u89c2\u5b8c\u6d1e\u7a74\u540e\uff0c\u6211\u4eec\u56de\u5230\u5feb\u8247\u53bb\u53c2\u89c2\u5361\u5c14\u987f\u6d77\u6ee9\uff0c\u7531\u4e8e\u6d77\u6c34\u6e05\u6f88\uff0c\u8fd9\u662f\u8428\u9a6c\u7eb3\u6700\u53d7\u63d0\u53ca\u7684\u6d77\u6ee9\u4e4b\u4e00\u3002\u6211\u4eec\u5c06\u9996\u5148\u6e38\u6cf3\u5e76\u4eab\u53d7\u8fd9\u4e2a\u6d77\u6ee9\uff0c\u7136\u540e\u7ee7\u7eed\u6211\u4eec\u7684 Playa del Amor \u4e4b\u65c5\u3002<br \/>\nn<br \/>\nn<strong>\u666e\u62c9\u4e9a 7<\/strong><br \/>\nn<br \/>\nnPlaya Rinc\u00f3n \u662f\u4e00\u7247\u672a\u53d7\u7834\u574f\u7684\u767d\u8272\u6c99\u6ee9\uff0c\u6cbf\u7740\u6d77\u5cb8\u672a\u5f00\u53d1\u7684\u90e8\u5206\u7ef5\u5ef6\u7ea6 2.5 \u82f1\u91cc\uff084 \u516c\u91cc\uff09\u3002\u8fd9\u4e2a\u50fb\u9759\u7684\u6d77\u6ee9\u5468\u56f4\u73af\u7ed5\u7740\u6930\u5b50\u6811\uff0c\u4e24\u7aef\u88ab\u5c71\u5cf0\u548c\u60ac\u5d16\u5c71\u5cf0\u5305\u56f4\uff0c\u611f\u89c9\u5c31\u50cf\u4e00\u4e2a\u771f\u6b63\u7684\u4e4c\u6258\u90a6\uff0c\u4e0e\u6587\u660e\u9694\u7edd\u3002<br \/>\nn<br \/>\n\u79bb\u5f00 El Rincon \u6d77\u6ee9\u540e\uff0c\u6211\u4eec\u5c06\u4e58\u5750\u5feb\u8247\u8fd4\u56de Las Galeras \u96c6\u5408\u70b9\uff01<br \/>\nn<br \/>\n\u7531\u201cBooking Adventures\u201d\u7ec4\u7ec7\u7684\u65c5\u884c\u4ece\u6211\u4eec\u5bfc\u6e38\u8bbe\u5b9a\u7684\u96c6\u5408\u70b9\u5f00\u59cb\u3002\u4e0e Booking Adventures \u4e00\u8d77\u5728\u6d77\u6ee9\u4eab\u7528\u5348\u9910\uff0c\u4eab\u53d7\u591a\u7c73\u5c3c\u52a0\u5171\u548c\u56fd\u8428\u9a6c\u7eb3 7 \u4e2a\u6700\u4ee4\u4eba\u60ca\u53f9\u7684\u6d77\u6ee9\u3002<br \/>\nn<\/p>\n<div class=\"body-description secondary\">\nn<br \/>\nn&nbsp;<br \/>\nn<br \/>\nn<\/div>\n<p>n<\/p>\n<h4><em><strong>\u4f60\u5e94\u8be5\u5e26\u4ec0\u4e48\uff1f<\/strong><\/em><\/h4>\n<p>n<\/p>\n<ul>\nn \t<\/p>\n<li style=\"font-weight: 400;\"><span style=\"font-weight: 400;\">\u76f8\u673a<\/span><\/li>\n<p>n \t<\/p>\n<li style=\"font-weight: 400;\"><span style=\"font-weight: 400;\">\u9a71\u868a\u82bd<\/span><\/li>\n<p>n \t<\/p>\n<li style=\"font-weight: 400;\"><span style=\"font-weight: 400;\">\u9632\u6652\u971c<\/span><\/li>\n<p>n \t<\/p>\n<li>\u6c34<\/li>\n<p>n \t<\/p>\n<li style=\"font-weight: 400;\"><span style=\"font-weight: 400;\">\u5e3d\u5b50<\/span><\/li>\n<p>n \t<\/p>\n<li style=\"font-weight: 400;\"><span style=\"font-weight: 400;\">\u8212\u9002\u7684\u88e4\u5b50<\/span><\/li>\n<p>n \t<\/p>\n<li style=\"font-weight: 400;\"><span style=\"font-weight: 400;\">\u68ee\u6797\u767b\u5c71\u978b<\/span><\/li>\n<p>n \t<\/p>\n<li style=\"font-weight: 400;\"><span style=\"font-weight: 400;\">\u51c9\u978b\u5230\u6625\u5b63\u5730\u533a\u3002<\/span><\/li>\n<p>n \t<\/p>\n<li style=\"font-weight: 400;\"><span style=\"font-weight: 400;\">\u6cf3\u88c5<\/span><\/li>\n<p>n<\/ul>\n<p>n&nbsp;<br \/>\nn<\/p>\n<h4><b><i>\u9152\u5e97\u63a5\u9001 <\/i><\/b><\/h4>\n<p>n<span style=\"font-weight: 400;\">\u6b64\u884c\u7a0b\u4e0d\u5305\u542b\u9152\u5e97\u63a5\u5ba2\u670d\u52a1\u3002 <\/span><br \/>\nn<br \/>\nn&nbsp;<br \/>\nn<br \/>\nn<b>\u7b14\u8bb0\uff1a<\/b><span style=\"font-weight: 400;\"> \u5982\u679c\u60a8\u5728\u65c5\u6e38\/\u77ed\u9014\u65c5\u884c\u51fa\u53d1\u65f6\u95f4\u524d 24 \u5c0f\u65f6\u5185\u9884\u8ba2\uff0c\u6211\u4eec\u53ef\u4ee5\u5b89\u6392\u989d\u5916\u6536\u8d39\u7684\u9152\u5e97\u63a5\u5ba2\u670d\u52a1\u3002\u6211\u4eec\u53ea\u662f\u5728 Samana \u5730\u533a\u53d6\u8d27\u3002\u8d2d\u4e70\u5b8c\u6210\u540e\uff0c\u6211\u4eec\u5c06\u5411\u60a8\u53d1\u9001\u5b8c\u6574\u7684\u8054\u7cfb\u4fe1\u606f\uff08\u7535\u8bdd\u53f7\u7801\u3001\u7535\u5b50\u90ae\u4ef6\u5730\u5740\u7b49\uff09\uff0c\u4ee5\u4fbf\u6211\u4eec\u5f53\u5730\u7684\u5bfc\u6e38\u5b89\u6392\u63a5\u9001\u4e8b\u5b9c\u3002<\/span><br \/>\nn<\/p>\n<h4><b><i>\u9644\u52a0\u4fe1\u606f\u786e\u8ba4 <\/i><\/b><\/h4>\n<p>n<\/p>\n<ol>\nn \t<\/p>\n<li>\u95e8\u7968\u662f\u672c\u6b21\u65c5\u6e38\u4ed8\u6b3e\u540e\u7684\u6536\u636e\u3002\u60a8\u53ef\u4ee5\u5728\u624b\u673a\u4e0a\u663e\u793a\u4ed8\u6b3e\u3002<\/li>\n<p>n \t<\/p>\n<li style=\"font-weight: 400;\"><span style=\"font-weight: 400;\">\u4f1a\u9762\u70b9\u5c06\u5728\u9884\u8ba2\u8fc7\u7a0b\u540e\u6536\u5230\u3002<\/span><\/li>\n<p>n \t<\/p>\n<li style=\"font-weight: 400;\"><span style=\"font-weight: 400;\">\u513f\u7ae5\u5fc5\u987b\u7531\u6210\u4eba\u966a\u540c\u3002<\/span><\/li>\n<p>n \t<\/p>\n<li style=\"font-weight: 400;\"><span style=\"font-weight: 400;\"> \u4e0d\u9002\u5408\u8f6e\u6905\u4f7f\u7528\u8005 <\/span><\/li>\n<p>n \t<\/p>\n<li style=\"font-weight: 400;\"><span style=\"font-weight: 400;\">\u5a74\u513f\u5fc5\u987b\u5750\u5728\u819d\u76d6\u4e0a <\/span><\/li>\n<p>n \t<\/p>\n<li style=\"font-weight: 400;\"><span style=\"font-weight: 400;\">\u4e0d\u5efa\u8bae\u6709\u80cc\u90e8\u95ee\u9898\u7684\u65c5\u884c\u8005\u4f7f\u7528<\/span><\/li>\n<p>n \t<\/p>\n<li style=\"font-weight: 400;\"><span style=\"font-weight: 400;\">\u4e0d\u5efa\u8bae\u6000\u5b55\u7684\u65c5\u5ba2\u4f7f\u7528 <\/span><\/li>\n<p>n \t<\/p>\n<li style=\"font-weight: 400;\"><span style=\"font-weight: 400;\"> \u6ca1\u6709\u5fc3\u810f\u95ee\u9898\u6216\u5176\u4ed6\u4e25\u91cd\u7684\u533b\u7597\u72b6\u51b5 <\/span><\/li>\n<p>n \t<\/p>\n<li style=\"font-weight: 400;\"><span style=\"font-weight: 400;\">\u5927\u591a\u6570\u65c5\u884c\u8005\u90fd\u53ef\u4ee5\u53c2\u52a0<\/span><\/li>\n<p>n<\/ol>\n<p>n<\/p>\n<h4><b><i>\u53d6\u6d88\u653f\u7b56<\/i><\/b><\/h4>\n<p>\u5982\u9700\u5168\u989d\u9000\u6b3e\uff0c\u8bf7\u9605\u8bfb\u6211\u4eec\u7684\u53d6\u6d88\u653f\u7b56\u3002\u00a0<a href=\"https:\/\/www.boattoursamana.com\/zh\/%e5%9c%a8%e7%ba%bf%e9%a2%84%e8%ae%a2\/\" target=\"_blank\" rel=\"noopener\" data-saferedirecturl=\"https:\/\/www.google.com\/url?q=https:\/\/www.boattoursamana.com\/online-booking\/&amp;source=gmail&amp;ust=1672449202351000&amp;usg=AOvVaw1yAeVAPktmaVCqDujgUn90\">\u70b9\u51fb\u8fd9\u91cc<\/a>.\u5982\u679c\u5728\u65c5\u884c\u5f53\u5929\u53d6\u6d88\u9884\u8ba2\uff0c\u5c06\u635f\u5931\u8d44\u91d1\u3002<\/p>\n\n\t\t<\/div>\n\t<\/div>\n<\/div><\/div><\/div><\/div><div class=\"vc_row wpb_row vc_row-fluid\" ><div class=\"wpb_column vc_column_container vc_col-sm-12\"><div class=\"vc_column-inner\"><div class=\"wpb_wrapper\">\n\t<div class=\"wpb_video_widget wpb_content_element vc_clearfix   vc_video-aspect-ratio-169 vc_video-el-width-100 vc_video-align-left\" >\n\t\t<div class=\"wpb_wrapper\">\n\t\t\t<h2 class=\"wpb_heading wpb_video_heading\">Boca del diablo \u548c Fronton \u6d77\u6ee9<\/h2>\n\t\t\t<div class=\"wpb_video_wrapper\"><iframe loading=\"lazy\" title=\"\u591a\u7c73\u5c3c\u52a0\u5171\u548c\u56fd\u8428\u9a6c\u7eb3\u534a\u5c9b\uff08DJI Phantom 4 4K\uff09\" width=\"1100\" height=\"619\" src=\"https:\/\/www.youtube.com\/embed\/DYDXVm8Q_iM?feature=oembed\" frameborder=\"0\" allow=\"accelerometer; autoplay; clipboard-write; encrypted-media; gyroscope; picture-in-picture; web-share\" allowfullscreen><\/iframe><\/div>\n\t\t<\/div>\n\t<\/div>\n<\/div><\/div><\/div><\/div><div class=\"vc_row wpb_row vc_row-fluid\" ><\/div><div class=\"wpb_column vc_column_container vc_col-sm-12\"><div class=\"vc_column-inner\"><div class=\"wpb_wrapper\"><\/div><\/div><\/div><div class=\"vc_empty_space\"   style=\"height: 32px\"><span class=\"vc_empty_space_inner\"><\/span><\/div>\n\t<div class=\"wpb_text_column wpb_content_element\" >\n\t\t<div class=\"wpb_wrapper\">\n\t\t\t<p>\nn<br \/>\n\u6211\u662f\u6587\u672c\u5757\u3002\u5355\u51fb\u7f16\u8f91\u6309\u94ae\u66f4\u6539\u6b64\u6587\u672c\u3002 Lorem ipsum dolor sat amet\uff0cconsectetur adipiscing elit\u3002 Ut elittellus\uff0cluctus nec ullamcorper mattis\uff0cpulvinar dapibus leo\u3002<br \/>\nn<br \/>\nn<\/p>\n\n\t\t<\/div>\n\t<\/div>\n<div class=\"vc_empty_space\"   style=\"height: 32px\"><span class=\"vc_empty_space_inner\"><\/span><\/div>","protected":false},"excerpt":{"rendered":"<p>\u60a8\u53ef\u4ee5\u53c2\u89c2\u5c71\u7f8e\u5c3c\u4e9a\u5e76\u4f53\u9a8c\u5f53\u5730\u5e84\u56ed\u7684\u9b45\u529b\uff0c\u5728\u6797\u5b54\u6d77\u6ee9\u4e0a\u4eab\u53d7\u9152\u5427\u7684\u4e50\u8da3\uff0c\u8fd9\u662f\u5fc5\u8981\u7684\u3002\u8bbf\u95ee Las Galeras \u548c Saman\u00e1 \u7684 7 \u4e2a\u6d77\u6ee9\uff0c\u60a8\u53ef\u4ee5\u89c2\u770b\u7cbe\u5f69\u7684\u89c6\u9891\u6216\u4ee4\u4eba\u96be\u4ee5\u7f6e\u4fe1\u7684\u7167\u7247\u3002\u9009\u62e9 Tour \u7684 fecha\uff1a\u00a0 &nbsp;<\/p>","protected":false},"author":2,"featured_media":0,"parent":0,"menu_order":0,"comment_status":"open","ping_status":"closed","template":"","meta":{"footnotes":""},"class_list":["post-15830","page","type-page","status-publish","hentry"],"_links":{"self":[{"href":"https:\/\/www.boattoursamana.com\/zh\/wp-json\/wp\/v2\/pages\/15830","targetHints":{"allow":["GET"]}}],"collection":[{"href":"https:\/\/www.boattoursamana.com\/zh\/wp-json\/wp\/v2\/pages"}],"about":[{"href":"https:\/\/www.boattoursamana.com\/zh\/wp-json\/wp\/v2\/types\/page"}],"author":[{"embeddable":true,"href":"https:\/\/www.boattoursamana.com\/zh\/wp-json\/wp\/v2\/users\/2"}],"replies":[{"embeddable":true,"href":"https:\/\/www.boattoursamana.com\/zh\/wp-json\/wp\/v2\/comments?post=15830"}],"version-history":[{"count":0,"href":"https:\/\/www.boattoursamana.com\/zh\/wp-json\/wp\/v2\/pages\/15830\/revisions"}],"wp:attachment":[{"href":"https:\/\/www.boattoursamana.com\/zh\/wp-json\/wp\/v2\/media?parent=15830"}],"curies":[{"name":"wp","href":"https:\/\/api.w.org\/{rel}","templated":true}]}}