{"id":15831,"date":"2023-07-15T07:44:42","date_gmt":"2023-07-15T07:44:42","guid":{"rendered":"https:\/\/www.ticketswhales.com\/montana-redonda-miches-round-mountain-day-pass-lunch-included\/"},"modified":"2023-07-15T07:44:42","modified_gmt":"2023-07-15T07:44:42","slug":"montana-redonda-miches-round-mountain-day-pass-lunch-included","status":"publish","type":"page","link":"https:\/\/www.boattoursamana.com\/zh\/montana-redonda-miches-round-mountain-day-pass-lunch-included","title":{"rendered":"\u8499\u5927\u62ff\u5dde\u96f7\u4e1c\u8fbe\u7c73\u6b47\u65af\uff08\u5706\u5c71\uff09\u65e5\u7968\u3002\u5305\u62ec\u5348\u9910\u3002"},"content":{"rendered":"<p><span style=\"vertical-align: inherit;\"><span style=\"vertical-align: inherit;\">Obtenga sus boletos de pase de un d\u00eda para Montana Redonda\u3002 <\/span><span style=\"vertical-align: inherit;\">Reserve ahora su viaje a la monta\u00f1a y almuerce con nosotros mientras puede disfrutar de las incre\u00edbles y tener el mejor viaje seguro de su vida\u3002<\/span><\/span><br \/>\nn<br \/>\nn&nbsp;<br \/>\nn<br \/>\nn<strong><span style=\"vertical-align: inherit;\"><span style=\"vertical-align: inherit;\">Seleccione la fecha para el Tour\uff1a\u00a0<\/span><\/span><\/strong><\/p>\n<p>&nbsp;<\/p>\n<div class=\"vc_row wpb_row vc_row-fluid\" ><div class=\"wpb_column vc_column_container vc_col-sm-12\"><div class=\"vc_column-inner\"><div class=\"wpb_wrapper\">\n\t<div class=\"wpb_text_column wpb_content_element\" >\n\t\t<div class=\"wpb_wrapper\">\n\t\t\t<p>\nn<\/p>\n<h2><strong>\u8499\u5927\u62ff\u96f7\u4e1c\u8fbe\u7c73\u6b47\u65af\uff08\u5706\u5c71\uff09\u65e5\u7968\u3002<\/strong><\/h2>\n<p>n<\/p>\n\n\t\t<\/div>\n\t<\/div>\n<\/div><\/div><\/div><\/div><div class=\"vc_row wpb_row vc_row-fluid\" ><div class=\"wpb_column vc_column_container vc_col-sm-12\"><div class=\"vc_column-inner\"><div class=\"wpb_wrapper\">\n\t<div class=\"wpb_text_column wpb_content_element\" >\n\t\t<div class=\"wpb_wrapper\">\n\t\t\t<p>\nn<\/p>\n<h3>\u8499\u5927\u62ff\u96f7\u4e1c\u8fbe\u7c73\u6b47\u65af\uff08\u5706\u5c71\uff09\u65e5\u7968\u3002\u5305\u62ec\u5348\u9910\u3002<\/h3>\n<p>n<\/p>\n<h4><b><i>\u6982\u8ff0 <\/i><\/b><\/h4>\n<p>nClimb a zafari truck and take us to the top while enjoying panoramic views of nature and the ocean. When you reach the top you will have the opportunity to surprise yourself and fall in love with the beauty of the narutaleza while you take some incredible photos. You will have Lunch and\u00a0 Time for\u00a0 to relax in this paradise. Follow by a 360-degree panoramic view at Montana Redonda 1000 feet high famous mountain where you will enjoy a meal looking at birds flying, and a green spectacular view of nature to it\u2019s best.<br \/>\nn<br \/>\nnAfter this experience, you will get Back to The Safari to take you to Our Meeting Point.<br \/>\nn<\/p>\n<ul>\nn \t<\/p>\n<li style=\"font-weight: 400;\">\u5305\u62ec\u8d39\u7528<\/li>\n<p>n \t<\/p>\n<li>\u5348\u9910<\/li>\n<p>n \t<\/p>\n<li>\u96c6\u5408\u70b9\u7684\u4ea4\u901a\u3002<\/li>\n<p>n \t<\/p>\n<li>\u8499\u5927\u62ff\u96f7\u4e1c\u8fbe<\/li>\n<p>n<\/ul>\n<p>n<\/p>\n<h4><b>\u5305\u542b\u548c\u6392\u9664<\/b><\/h4>\n<p>n<b>\u5939\u6742\u7269<\/b><br \/>\nn<\/p>\n<ol>\nn \t<\/p>\n<li>\u8499\u5927\u62ff\u96f7\u4e1c\u8fbe<\/li>\n<p>n \t<\/p>\n<li>\u5348\u9910<\/li>\n<p>n \t<\/p>\n<li style=\"font-weight: 400;\"><span style=\"font-weight: 400;\">\u6240\u6709\u7a0e\u8d39\u3001\u624b\u7eed\u8d39\u548c\u624b\u7eed\u8d39<\/span><\/li>\n<p>n \t<\/p>\n<li style=\"font-weight: 400;\"><span style=\"font-weight: 400;\">\u5730\u65b9\u7a0e<\/span><\/li>\n<p>n \t<\/p>\n<li style=\"font-weight: 400;\"><span style=\"font-weight: 400;\">\u996e\u6599<\/span><\/li>\n<p>n \t<\/p>\n<li style=\"font-weight: 400;\"><span style=\"font-weight: 400;\">\u6240\u6709\u6d3b\u52a8<\/span><\/li>\n<p>n \t<\/p>\n<li style=\"font-weight: 400;\"><span style=\"font-weight: 400;\">\u5f53\u5730\u5411\u5bfc<\/span><\/li>\n<p>n<\/ol>\n<p>n<b> \u6392\u9664<\/b><br \/>\nn<\/p>\n<ol>\nn \t<\/p>\n<li style=\"font-weight: 400;\"><span style=\"font-weight: 400;\">\u5c0f\u8d39<\/span><\/li>\n<p>n \t<\/p>\n<li style=\"font-weight: 400;\"><span style=\"font-weight: 400;\">\u6709\u9152\u7cbe\u7684\u996e\u54c1<\/span><\/li>\n<p>n<\/ol>\n<p>n&nbsp;<br \/>\nn<\/p>\n<h4><em><strong>\u51fa\u53d1\u548c\u8fd4\u56de<\/strong><\/em><\/h4>\n<p>n<span style=\"font-weight: 400;\">\u65c5\u5ba2\u5c06\u5728\u9884\u8ba2\u6d41\u7a0b\u540e\u83b7\u5f97\u96c6\u5408\u70b9\u3002\u6e38\u89c8\u5728\u60a8\u7684\u96c6\u5408\u70b9\u5f00\u59cb\u548c\u7ed3\u675f\u3002<\/span><br \/>\nn<\/p>\n<h4><\/h4>\n<p>n<\/p>\n<h3>\u8499\u5927\u62ff\u96f7\u4e1c\u8fbe\u7c73\u6b47\u65af\uff08\u5706\u5c71\uff09\u65e5\u7968\u3002\u5305\u62ec\u5348\u9910\u3002<\/h3>\n<p>n<\/p>\n<h4><b><i>\u671f\u5f85\u4ec0\u4e48\uff1f<\/i><\/b><\/h4>\n<p>n<em><strong>\u83b7\u53d6\u60a8\u7684\u95e8\u7968<\/strong><\/em> \u53c2\u89c2\u4f4d\u4e8e Miches \u7684 Montana Redonda\uff08\u5706\u5c71\uff09\uff0c\u662f\u4e00\u4e2a\u4ee4\u4eba\u96be\u5fd8\u7684\u5730\u65b9\uff0c\u88ab\u4e61\u6751\u7684\u5927\u81ea\u7136\u5305\u56f4\uff0c\u6b23\u8d4f\u5168\u666f\uff0c\u6cfb\u6e56\u7684\u5012\u5f71\u4e0e\u6d77\u6ee9\u4e0a\u7684\u65e5\u51fa\u548c\u65e5\u843d\u4e0e\u7eff\u8272\u76f8\u7ed3\u5408\u9ad8\u5c71\uff0c\u6e05\u65b0\u7684\u7a7a\u6c14\uff0c\u9e1f\u8bed\u82b1\u9999\uff0c\u548c\u5e73\u4e0e\u5b89\u5b81\uff0c\u8ba9\u6211\u4eec\u5fc3\u751f\u7559\u604b\u3002<br \/>\nn<\/p>\n<div class=\"body-description secondary\">\nn<br \/>\nnThis Place ito have a\u00a0 typical lunch,\u00a0 If you are vegan no worries we also have food for you!<br \/>\nn<br \/>\nnAfter Lunch, you can deside when to finish the trip.<br \/>\nn<br \/>\nn<\/div>\n<p>\u5982\u679c\u60a8\u5e0c\u671b\u8fd9\u6b21\u65c5\u884c\u66f4\u957f\u6216\u66f4\u77ed\uff0c\u8bf7\u8054\u7cfb\u6211\u4eec\u3002<br \/>\nn<br \/>\nn&nbsp;<br \/>\nn<\/p>\n<h4><em><strong>\u4f60\u5e94\u8be5\u5e26\u4ec0\u4e48\uff1f<\/strong><\/em><\/h4>\n<p>n<\/p>\n<ul>\nn \t<\/p>\n<li style=\"font-weight: 400;\"><span style=\"font-weight: 400;\">\u76f8\u673a<\/span><\/li>\n<p>n \t<\/p>\n<li style=\"font-weight: 400;\"><span style=\"font-weight: 400;\">\u9a71\u868a\u82bd<\/span><\/li>\n<p>n \t<\/p>\n<li style=\"font-weight: 400;\"><span style=\"font-weight: 400;\">\u9632\u6652\u971c<\/span><\/li>\n<p>n \t<\/p>\n<li style=\"font-weight: 400;\"><span style=\"font-weight: 400;\">\u5e3d\u5b50<\/span><\/li>\n<p>n \t<\/p>\n<li style=\"font-weight: 400;\"><span style=\"font-weight: 400;\">\u8212\u9002\u7684\u88e4\u5b50<\/span><\/li>\n<p>n \t<\/p>\n<li style=\"font-weight: 400;\"><span style=\"font-weight: 400;\">\u68ee\u6797\u767b\u5c71\u978b<\/span><\/li>\n<p>n<\/ul>\n<p>n&nbsp;<br \/>\nn<\/p>\n<h4><b><i>\u9152\u5e97\u63a5\u9001 <\/i><\/b><\/h4>\n<p>n<span style=\"font-weight: 400;\">\u6b64\u884c\u7a0b\u4e0d\u63d0\u4f9b\u9152\u5e97\u63a5\u5ba2\u670d\u52a1\u3002<br \/>\nn<\/span><br \/>\nn<br \/>\nn&nbsp;<br \/>\nn<br \/>\nn<b>\u7b14\u8bb0\uff1a<\/b><span style=\"font-weight: 400;\"> \u5982\u679c\u60a8\u5728\u65c5\u6e38\/\u77ed\u9014\u65c5\u884c\u51fa\u53d1\u65f6\u95f4\u524d 24 \u5c0f\u65f6\u5185\u9884\u8ba2\uff0c\u6211\u4eec\u53ef\u4ee5\u5b89\u6392\u989d\u5916\u6536\u8d39\u7684\u9152\u5e97\u63a5\u5ba2\u670d\u52a1\u3002\u8d2d\u4e70\u5b8c\u6210\u540e\uff0c\u6211\u4eec\u5c06\u5411\u60a8\u53d1\u9001\u5b8c\u6574\u7684\u8054\u7cfb\u4fe1\u606f\uff08\u7535\u8bdd\u53f7\u7801\u3001\u7535\u5b50\u90ae\u4ef6\u5730\u5740\u7b49\uff09\uff0c\u4ee5\u4fbf\u6211\u4eec\u5f53\u5730\u7684\u5bfc\u6e38\u5b89\u6392\u63a5\u9001\u4e8b\u5b9c\u3002<\/span><br \/>\nn<\/p>\n<h4><b><i>\u9644\u52a0\u4fe1\u606f\u786e\u8ba4 <\/i><\/b><\/h4>\n<p>n<\/p>\n<ol>\nn \t<\/p>\n<li>\u95e8\u7968\u662f\u672c\u6b21\u65c5\u6e38\u4ed8\u6b3e\u540e\u7684\u6536\u636e\u3002\u60a8\u53ef\u4ee5\u5728\u624b\u673a\u4e0a\u663e\u793a\u4ed8\u6b3e\u3002<\/li>\n<p>n \t<\/p>\n<li style=\"font-weight: 400;\"><span style=\"font-weight: 400;\">\u4f1a\u9762\u70b9\u5c06\u5728\u9884\u8ba2\u8fc7\u7a0b\u540e\u6536\u5230\u3002<\/span><\/li>\n<p>n \t<\/p>\n<li style=\"font-weight: 400;\"><span style=\"font-weight: 400;\">\u513f\u7ae5\u5fc5\u987b\u7531\u6210\u4eba\u966a\u540c\u3002<\/span><\/li>\n<p>n \t<\/p>\n<li style=\"font-weight: 400;\"><span style=\"font-weight: 400;\"> \u4e0d\u9002\u5408\u8f6e\u6905\u4f7f\u7528\u8005 <\/span><\/li>\n<p>n \t<\/p>\n<li style=\"font-weight: 400;\"><span style=\"font-weight: 400;\">\u5a74\u513f\u5fc5\u987b\u5750\u5728\u819d\u76d6\u4e0a <\/span><\/li>\n<p>n \t<\/p>\n<li style=\"font-weight: 400;\"><span style=\"font-weight: 400;\">\u4e0d\u5efa\u8bae\u6709\u80cc\u90e8\u95ee\u9898\u7684\u65c5\u884c\u8005\u4f7f\u7528<\/span><\/li>\n<p>n \t<\/p>\n<li style=\"font-weight: 400;\"><span style=\"font-weight: 400;\">\u4e0d\u5efa\u8bae\u6000\u5b55\u7684\u65c5\u5ba2\u4f7f\u7528 <\/span><\/li>\n<p>n \t<\/p>\n<li style=\"font-weight: 400;\"><span style=\"font-weight: 400;\"> \u6ca1\u6709\u5fc3\u810f\u95ee\u9898\u6216\u5176\u4ed6\u4e25\u91cd\u7684\u533b\u7597\u72b6\u51b5 <\/span><\/li>\n<p>n \t<\/p>\n<li style=\"font-weight: 400;\"><span style=\"font-weight: 400;\">\u5927\u591a\u6570\u65c5\u884c\u8005\u90fd\u53ef\u4ee5\u53c2\u52a0<\/span><\/li>\n<p>n<\/ol>\n<p>n<\/p>\n<h4><b><i>\u53d6\u6d88\u653f\u7b56<\/i><\/b><\/h4>\n<p>\u5982\u9700\u5168\u989d\u9000\u6b3e\uff0c\u8bf7\u9605\u8bfb\u6211\u4eec\u7684\u53d6\u6d88\u653f\u7b56\u3002\u00a0<a href=\"https:\/\/www.boattoursamana.com\/zh\/%e5%9c%a8%e7%ba%bf%e9%a2%84%e8%ae%a2\/\" target=\"_blank\" rel=\"noopener\" data-saferedirecturl=\"https:\/\/www.google.com\/url?q=https:\/\/www.boattoursamana.com\/online-booking\/&amp;source=gmail&amp;ust=1672449202351000&amp;usg=AOvVaw1yAeVAPktmaVCqDujgUn90\">\u70b9\u51fb\u8fd9\u91cc<\/a>.\u5982\u679c\u5728\u65c5\u884c\u5f53\u5929\u53d6\u6d88\u9884\u8ba2\uff0c\u5c06\u635f\u5931\u8d44\u91d1\u3002<\/p>\n\n\t\t<\/div>\n\t<\/div>\n<\/div><\/div><\/div><\/div><div class=\"vc_row wpb_row vc_row-fluid\" ><div class=\"wpb_column vc_column_container vc_col-sm-12\"><div class=\"vc_column-inner\"><div class=\"wpb_wrapper\"><div class=\"vc_empty_space\"   style=\"height: 32px\"><span class=\"vc_empty_space_inner\"><\/span><\/div>\n\t<div class=\"wpb_video_widget wpb_content_element vc_clearfix   vc_video-aspect-ratio-169 vc_video-el-width-100 vc_video-align-left\" >\n\t\t<div class=\"wpb_wrapper\">\n\t\t\t<h2 class=\"wpb_heading wpb_video_heading\">\u8499\u5927\u62ff\u96f7\u4e1c\u8fbe\u89c6\u9891\uff1a<\/h2>\n\t\t\t<div class=\"wpb_video_wrapper\"><iframe loading=\"lazy\" title=\"\u8499\u5927\u62ff\u96f7\u4e1c\u8fbe |\u84ec\u5854\u5361\u7eb3 |\u591a\u7c73\u5c3c\u52a0\u5171\u548c\u56fd |\u7c73\u6b47\u65af\" width=\"1100\" height=\"619\" src=\"https:\/\/www.youtube.com\/embed\/VMXCABYGIYs?feature=oembed\" frameborder=\"0\" allow=\"accelerometer; autoplay; clipboard-write; encrypted-media; gyroscope; picture-in-picture; web-share\" allowfullscreen><\/iframe><\/div>\n\t\t<\/div>\n\t<\/div>\n<div class=\"vc_empty_space\"   style=\"height: 32px\"><span class=\"vc_empty_space_inner\"><\/span><\/div><\/div><\/div><\/div><\/div><div class=\"vc_row wpb_row vc_row-fluid\" ><\/div><div class=\"wpb_column vc_column_container vc_col-sm-12\"><div class=\"vc_column-inner\"><div class=\"wpb_wrapper\"><\/div><\/div><\/div><div class=\"vc_empty_space\"   style=\"height: 32px\"><span class=\"vc_empty_space_inner\"><\/span><\/div>\n\t<div class=\"wpb_text_column wpb_content_element\" >\n\t\t<div class=\"wpb_wrapper\">\n\t\t\t<p>\nn<br \/>\n\u6211\u662f\u6587\u672c\u5757\u3002\u5355\u51fb\u7f16\u8f91\u6309\u94ae\u66f4\u6539\u6b64\u6587\u672c\u3002 Lorem ipsum dolor sat amet\uff0cconsectetur adipiscing elit\u3002 Ut elittellus\uff0cluctus nec ullamcorper mattis\uff0cpulvinar dapibus leo\u3002<br \/>\nn<br \/>\nn<\/p>\n\n\t\t<\/div>\n\t<\/div>\n<div class=\"vc_empty_space\"   style=\"height: 32px\"><span class=\"vc_empty_space_inner\"><\/span><\/div>","protected":false},"excerpt":{"rendered":"<p>Obtenga sus boletos de pase de un d\u00eda para Montana Redonda. Reserve ahora su viaje a la monta\u00f1a y almuerce con nosotros mientras puede disfrutar de las incre\u00edbles vistas y tener el mejor viaje seguro de su vida. n n&nbsp; n nSeleccione la fecha para el Tour:\u00a0 &nbsp;<\/p>","protected":false},"author":2,"featured_media":0,"parent":0,"menu_order":0,"comment_status":"open","ping_status":"closed","template":"","meta":{"footnotes":""},"class_list":["post-15831","page","type-page","status-publish","hentry"],"_links":{"self":[{"href":"https:\/\/www.boattoursamana.com\/zh\/wp-json\/wp\/v2\/pages\/15831","targetHints":{"allow":["GET"]}}],"collection":[{"href":"https:\/\/www.boattoursamana.com\/zh\/wp-json\/wp\/v2\/pages"}],"about":[{"href":"https:\/\/www.boattoursamana.com\/zh\/wp-json\/wp\/v2\/types\/page"}],"author":[{"embeddable":true,"href":"https:\/\/www.boattoursamana.com\/zh\/wp-json\/wp\/v2\/users\/2"}],"replies":[{"embeddable":true,"href":"https:\/\/www.boattoursamana.com\/zh\/wp-json\/wp\/v2\/comments?post=15831"}],"version-history":[{"count":0,"href":"https:\/\/www.boattoursamana.com\/zh\/wp-json\/wp\/v2\/pages\/15831\/revisions"}],"wp:attachment":[{"href":"https:\/\/www.boattoursamana.com\/zh\/wp-json\/wp\/v2\/media?parent=15831"}],"curies":[{"name":"wp","href":"https:\/\/api.w.org\/{rel}","templated":true}]}}