{"id":15865,"date":"2023-07-15T07:45:08","date_gmt":"2023-07-15T07:45:08","guid":{"rendered":"https:\/\/www.ticketswhales.com\/jarabacoa-buggy-with-baiguate-waterfall-double\/"},"modified":"2023-07-15T07:45:08","modified_gmt":"2023-07-15T07:45:08","slug":"jarabacoa-buggy-with-baiguate-waterfall-double","status":"publish","type":"page","link":"https:\/\/www.boattoursamana.com\/zh\/jarabacoa-%e8%b6%8a%e9%87%8e%e8%bd%a6%e4%b8%8e-baiguate-%e7%80%91%e5%b8%83%e5%8f%8c-2","title":{"rendered":"Jarabacoa \u8d8a\u91ce\u8f66\u4e0e Baiguate \u7011\u5e03\u53cc"},"content":{"rendered":"<p><span style=\"font-weight: 400;\"><span style=\"vertical-align: inherit;\"><span style=\"vertical-align: inherit;\">\u53c2\u89c2\u54c8\u62c9\u5df4\u79d1\u963f\u5f53\u5730\u7684\u4e13\u5bb6\u548c\u7ecf\u9a8c\u4e30\u5bcc\u7684\u6e38\u5ba2\uff0c\u5728\u54c8\u62c9\u5df4\u79d1\u963f\u7684\u9996\u5e9c\u751f\u6001\u65c5\u6e38\u4e2d\u53c2\u89c2\uff0c\u5e76\u5728\u591a\u7c73\u5c3c\u52a0\u5171\u548c\u56fd\u7684\u5927\u5c71\u4e0a\u6e38\u89c8 el hermoso paisaje\u3002 <\/span><span style=\"vertical-align: inherit;\">Mientras conduce por los diferentes lugares, sentir\u00e1 el aire de la monta\u00f1a y disfrutar\u00e1 de la belleza del campo\u3002\u00a0<\/span><\/span><\/span><br \/>\nn<br \/>\nn<strong><span style=\"vertical-align: inherit;\"><span style=\"vertical-align: inherit;\">Seleccione la fecha para el Tour\uff1a\u00a0<\/span><\/span><\/strong><\/p>\n<p>&nbsp;<\/p>\n<div class=\"vc_row wpb_row vc_row-fluid\" ><div class=\"wpb_column vc_column_container vc_col-sm-12\"><div class=\"vc_column-inner\"><div class=\"wpb_wrapper\"><div class=\"mkdf-section-title-holder\" style=\"text-align: left\">\n\t<div class=\"mkdf-st-inner\">\n\t\t\t\t\t<h5 class=\"mkdf-st-subtitle\" >\n\t\t\t\t\u8d8a\u91ce\u8f66 - \u8d8a\u91ce\u8f66\t\t\t<\/h5>\n\t\t\t\t\t\t\t<h3 class=\"mkdf-st-title\" >\n\t\t\t\tJarabacoa \u4e0e Jimenoa \u548c Baiguate \u7011\u5e03\t\t\t<\/h3>\n\t\t\t\t\t<\/div>\n<\/div><\/div><\/div><\/div><\/div><div class=\"vc_row wpb_row vc_row-fluid\" ><div class=\"wpb_column vc_column_container vc_col-sm-12\"><div class=\"vc_column-inner\"><div class=\"wpb_wrapper\">\n\t<div class=\"wpb_text_column wpb_content_element\" >\n\t\t<div class=\"wpb_wrapper\">\n\t\t\t<p>\nn<\/p>\n<h3 class=\"ui_header h1 attractions-product-info-ProductTitle__title--1qM0o\">Jarabacoa \u8d8a\u91ce\u8f66\u4e0e Baiguate Waterfall Double<\/h3>\n<p>n<\/p>\n<h4><b><i>\u6982\u8ff0 <\/i><\/b><\/h4>\n<p>n<span style=\"font-weight: 400;\">\u52a0\u5165\u6211\u4eec\uff0c\u4e0e Jarabacoa \u7684\u5f53\u5730\u4e13\u5bb6\u4e00\u8d77\u65c5\u884c\uff0c\u4ece Jarabacoa \u51fa\u53d1\uff0c\u83b7\u5f97\u53c2\u89c2\u751f\u6001\u65c5\u6e38\u4e4b\u90fd\u6700\u4f73\u666f\u70b9\u7684\u72ec\u7279\u4f53\u9a8c\uff0c\u8fd9\u6b21\u65c5\u884c\u5c06\u5e26\u60a8\u6e38\u89c8\u591a\u7c73\u5c3c\u52a0\u5171\u548c\u56fd\u6700\u5927\u7684\u5c71\u5730\u7267\u573a\u7684\u7f8e\u4e3d\u98ce\u666f\u3002\u5f53\u60a8\u9a7e\u8f66\u524d\u5f80\u4e0d\u540c\u7684\u5730\u70b9\u65f6\uff0c\u60a8\u4f1a\u611f\u53d7\u5230\u5c71\u95f4\u7684\u7a7a\u6c14\u5e76\u4eab\u53d7\u4e61\u6751\u7684\u7f8e\u666f\u3002\u00a0<\/span><br \/>\nn<br \/>\nn<span style=\"font-weight: 400;\">\u6211\u4eec\u53ef\u4ee5\u5230\u8fbe\u8fd9\u6b21\u65c5\u884c\u7684\u4e0d\u540c\u5730\u70b9\u3002\u60a8\u5c06\u6709\u4ee5\u4e0b\u9009\u9879\uff1a\u9a91\u81ea\u884c\u8f66\u3001\u9a91\u9a6c\u3001Safari\u3001\u56db\u8f6e\u6216\u8d8a\u91ce\u8f66\u3002\u7acb\u5373\u5728\u7ebf\u8d2d\u7968\uff0c\u5728\u6e38\u89c8\u8be5\u9547\u6700\u4f73\u5730\u70b9\u7684\u540c\u65f6\uff0c\u8ba9\u6211\u4eec\u6109\u5feb\u5730\u4e86\u89e3 Jarabacoa \u548c\u591a\u7c73\u5c3c\u52a0\u5171\u548c\u56fd\u7684\u6587\u5316\u3002<\/span><br \/>\nn<br \/>\nn<span style=\"font-weight: 400;\">\u7531\u4e8e\u5929\u6c14\u539f\u56e0\uff0cJarabacoa \u662f\u6c38\u6052\u6625\u5047\u7684\u57ce\u5e02\uff0c\u4e5f\u662f\u62c9\u7ef4\u52a0\u7701\u7b2c\u4e8c\u91cd\u8981\u7684\u76f4\u8f96\u5e02\u3002\u6839\u636e\u5386\u53f2\uff0cJarabacoa \u7684\u610f\u601d\u662f\u201c\u591a\u6c34\u4e4b\u5730\u201d\uff0c1858 \u5e74 9 \u6708 27 \u65e5\uff0cJarabacoa \u5f00\u59cb\u4e86\u5b83\u4f5c\u4e3a\u4e00\u4e2a\u81ea\u6cbb\u5e02\u7684\u751f\u6d3b\uff0c\u8fd9\u662f\u5728 19 \u4e16\u7eaa\u521d\u7684\u804c\u4e1a\u751f\u6daf\u4e4b\u540e\u83b7\u5f97\u7684\u4e00\u4e2a\u7c7b\u522b\u3002\u548c\u6211\u4eec\u4e00\u8d77\u65c5\u884c\uff0c\u66f4\u591a\u5730\u4e86\u89e3\u591a\u7c73\u5c3c\u52a0\u5171\u548c\u56fd\u5317\u90e8\u5730\u533a\u7684\u5c71\u8109\u3001\u81ea\u7136\u3001\u6587\u5316\u548c\u4eba\u6c11\u3002\u00a0<\/span><br \/>\nn<\/p>\n<ul>\nn \t<\/p>\n<li style=\"font-weight: 400;\">\u5305\u62ec\u8d39\u7528<\/li>\n<p>n \t<\/p>\n<li>\u5348\u9910<\/li>\n<p>n \t<\/p>\n<li>\u96f6\u98df<\/li>\n<p>n \t<\/p>\n<li style=\"font-weight: 400;\">\u5f53\u5730\u82f1\u8bed\u5bfc\u6e38<\/li>\n<p>n<\/ul>\n<p>n<\/p>\n<h4><b>\u5305\u542b\u548c\u6392\u9664<\/b><\/h4>\n<p>n<b>\u5939\u6742\u7269<\/b><br \/>\nn<\/p>\n<ol>\nn \t<\/p>\n<li>\u5348\u9910<\/li>\n<p>n \t<\/p>\n<li style=\"font-weight: 400;\"><span style=\"font-weight: 400;\">\u6240\u6709\u7a0e\u8d39\u3001\u624b\u7eed\u8d39\u548c\u624b\u7eed\u8d39<\/span><\/li>\n<p>n \t<\/p>\n<li style=\"font-weight: 400;\"><span style=\"font-weight: 400;\">\u5730\u65b9\u7a0e<\/span><\/li>\n<p>n \t<\/p>\n<li style=\"font-weight: 400;\"><span style=\"font-weight: 400;\">\u996e\u6599<\/span><\/li>\n<p>n \t<\/p>\n<li>\u96f6\u98df<\/li>\n<p>n \t<\/p>\n<li style=\"font-weight: 400;\"><span style=\"font-weight: 400;\">\u6240\u6709\u6d3b\u52a8<\/span><\/li>\n<p>n \t<\/p>\n<li style=\"font-weight: 400;\"><span style=\"font-weight: 400;\">\u5f53\u5730\u5411\u5bfc<\/span><\/li>\n<p>n<\/ol>\n<p>n<b> \u6392\u9664<\/b><br \/>\nn<\/p>\n<ol>\nn \t<\/p>\n<li style=\"font-weight: 400;\"><span style=\"font-weight: 400;\">\u5c0f\u8d39<\/span><\/li>\n<p>n \t<\/p>\n<li>\u8fd0\u8f93\uff08\u8054\u7cfb\u6211\u4eec\u8bbe\u7f6e\uff09<\/li>\n<p>n \t<\/p>\n<li style=\"font-weight: 400;\"><span style=\"font-weight: 400;\">\u6709\u9152\u7cbe\u7684\u996e\u54c1<\/span><\/li>\n<p>n<\/ol>\n<p>n<\/p>\n<h4><em><strong>\u51fa\u53d1\u548c\u8fd4\u56de<\/strong><\/em><\/h4>\n<p>n<span style=\"font-weight: 400;\">\u65c5\u5ba2\u5c06\u5728\u9884\u8ba2\u6d41\u7a0b\u540e\u83b7\u5f97\u96c6\u5408\u70b9\u3002\u6e38\u89c8\u5728\u60a8\u7684\u96c6\u5408\u70b9\u5f00\u59cb\u548c\u7ed3\u675f\u3002<\/span><br \/>\nn<\/p>\n<h3 class=\"ui_header h1 attractions-product-info-ProductTitle__title--1qM0o\">Jarabacoa \u8d8a\u91ce\u8f66\u4e0e Baiguate Waterfall Double<\/h3>\n<p>n<\/p>\n<h4><b><i>\u671f\u5f85\u4ec0\u4e48\uff1f<\/i><\/b><\/h4>\n<p>n<span style=\"font-weight: 400;\">\u8d2d\u4e70 Buggy \u4ece Jarabacoa City \u51fa\u53d1\u7684 Baiguate Waterfalls \u7684\u95e8\u7968\u3002\u00a0<\/span><br \/>\nn<br \/>\nn<span style=\"font-weight: 400;\">\u5f53\u6211\u4eec\u8c08\u8bba\u8d8a\u91ce\u8f66\u65f6\uff0c\u6211\u4eec\u8c08\u8bba\u7684\u662f\u4e00\u79cd\u5168\u5730\u5f62\u8f66\uff0c\u5b83\u63d0\u4f9b\u5b89\u5168\u6027\u548c\u6613\u4e8e\u64cd\u4f5c\uff0c\u540c\u65f6\u5141\u8bb8\u7528\u6237\u5728\u9a7e\u9a76\u65f6\u66f4\u591a\u5730\u63a5\u89e6\u4ed6\u5468\u56f4\u7684\u5730\u5f62\u548c\u81ea\u7136\u3002\u5728\u4e13\u4e3a\u4eab\u53d7\u68ee\u6797\u8d5b\u9053\u548c\u8d8a\u91ce\u800c\u8bbe\u8ba1\u7684\u8212\u9002\u5b89\u5168\u7684\u8bbe\u5907\u4e2d\u611f\u53d7\u5fae\u98ce\u3001\u9633\u5149\u3001\u96e8\u6c34\uff0c\u6b23\u8d4f\u8eab\u8fb9\u7684\u98ce\u666f\u3002<\/span><br \/>\nn<br \/>\nn<span style=\"font-weight: 400;\">\u6b64\u77ed\u9014\u65c5\u884c\u4ece\u96c6\u5408\u70b9\u5f00\u59cb\uff0c\u60a8\u5fc5\u987b\u5728\u524d\u5f80\u4efb\u4f55\u5730\u70b9\u4e4b\u524d\u4e0e\u6211\u4eec\u7684\u65c5\u884c\u793e\u6216\u60a8\u7684\u5bfc\u6e38\u786e\u8ba4\u3002\u4e0e\u60a8\u7684\u5bfc\u6e38\u4f1a\u9762\u540e\uff0c\u60a8\u5c06\u542c\u53d6\u8fd9\u6b21\u65c5\u884c\u7684\u6c47\u62a5\u4ee5\u53ca\u4e0e\u60a8\u4e00\u5929\u76f8\u5173\u7684\u4e00\u5207\u3002<\/span><br \/>\nn<br \/>\nn<span style=\"font-weight: 400;\">\u5f53\u6bcf\u4e2a\u4eba\u90fd\u51c6\u5907\u597d\u540e\uff0c\u6211\u4eec\u5c06\u5f00\u59cb\u524d\u5f80 Jarabacoa \u9547\u7684\u4e00\u4e9b\u519c\u6751\u5730\u533a\uff0c\u540c\u65f6\u9a7e\u9a76\u60a8\u7684\u8d8a\u91ce\u8f66\u4ece\u8be5\u56fd\u4e2d\u5317\u90e8\u7684\u5d0e\u5c96\u4e0d\u5e73\u7684\u9053\u8def\u548c\u4e61\u6751\u7684\u5c71\u95f4\u7a7a\u6c14\u5c06\u901a\u8fc7\u8fd9\u6b21\u5192\u9669\u5411\u60a8\u5c55\u793a\u7f8e\u4e3d\u548c\u81ea\u7136\u3002<\/span><br \/>\nn<br \/>\nn<span style=\"font-weight: 400;\">\u60a8\u5c06\u5728\u8fd9\u6b21\u65c5\u884c\u4e2d\u53c2\u89c2\u7684\u4e00\u4e9b\u5730\u70b9\u5305\u62ec Jimenoa \u548c Yaque Del Norte \u6cb3\u4ea4\u6c47\u5904\u7684 La Confluencia\u3001Cieneguita \u548c Monte Arriba\u3002\u00a0<\/span><br \/>\nn<br \/>\nn<span style=\"font-weight: 400;\">\u9a91\u884c\u7ea6 30 \u516c\u91cc\u540e\uff0c\u6211\u4eec\u5c06\u524d\u5f80\u767e\u5173\u7279\u7011\u5e03\u5f92\u6b65 10 \u5206\u949f\uff0c\u5e76\u5728\u5929\u7136\u6cf3\u6c60\u4e2d\u6e38\u6cf3\u3002\u00a0<\/span><br \/>\nn<br \/>\nn<span style=\"font-weight: 400;\">\u5728\u8fd9\u90e8\u5206\u65c5\u884c\u4e2d\uff0c\u60a8\u5c06\u53ef\u4ee5\u6e38\u6cf3\u7ea6 1 \u5c0f\u65f6\uff0c\u5e76\u53ef\u4ee5\u4f11\u606f\u4e00\u4e0b\uff0c\u5c1d\u8bd5\u6bcf\u5929\u4ece Jarabacoa \u519c\u6c11\u7684\u571f\u5730\u4e0a\u6536\u83b7\u7684\u65b0\u9c9c\u6c34\u679c\u3002 Baiguate \u6709 82 \u82f1\u5c3a\u9ad8\u7684\u7011\u5e03\uff0c\u662f\u56de\u57ce\u524d\u653e\u677e\u4e00\u4e0b\u7684\u7406\u60f3\u573a\u6240\u3002\u00a0\u00a0<\/span><br \/>\nn<br \/>\nn<span style=\"font-weight: 400;\">\u5728\u8fd9\u90e8\u5206\u65c5\u884c\u4e2d\uff0c\u60a8\u5c06\u53ef\u4ee5\u6e38\u6cf3\u7ea6 1 \u5c0f\u65f6\uff0c\u5e76\u53ef\u4ee5\u4f11\u606f\u4e00\u4e0b\uff0c\u5c1d\u8bd5\u6bcf\u5929\u4ece Jarabacoa \u519c\u6c11\u7684\u571f\u5730\u4e0a\u6536\u83b7\u7684\u65b0\u9c9c\u6c34\u679c\u3002 Baiguate \u6709 82 \u82f1\u5c3a\u9ad8\u7684\u7011\u5e03\uff0c\u662f\u56de\u57ce\u524d\u653e\u677e\u4e00\u4e0b\u7684\u7406\u60f3\u573a\u6240\u3002\u00a0\u00a0<\/span><br \/>\nn<br \/>\nn<span style=\"font-weight: 400;\">Baiguate Waterfall \u4e4b\u540e\uff0c\u6211\u4eec\u5c06\u524d\u5f80 Ivon&#039;s \u54c1\u5c1d\u7531\u5f53\u5730\u4e13\u5bb6\u81ea\u5236\u7684\u5f53\u5730\u6700\u597d\u7684\u51b0\u6dc7\u6dcb\u53e3\u5473\uff0c\u7136\u540e\u6b65\u884c\u5230 Duarte \u4e2d\u592e\u516c\u56ed\u7ed3\u675f\u60a8\u65c5\u7a0b\u7684\u6700\u540e\u4e00\u90e8\u5206\uff0c\u8fd9\u662f\u4e00\u4e2a 6 \u5c0f\u65f6\u7684\u65c5\u6e38\uff0c\u8ba9\u60a8\u6709\u673a\u4f1a\u76d1\u7763 Jarabacoa\uff0c\u8fd9\u6b21\u65c5\u884c\u5728\u5f00\u59cb\u7684\u5730\u65b9\u7ed3\u675f\u3002<\/span><br \/>\nn<br \/>\nn<span style=\"font-weight: 400;\">\u6ce8\u610f\uff1a\u8fd9\u4e9b\u65c5\u884c\u56e2\u7531\u5b98\u65b9\u751f\u6001\u5b66\u5bb6\u5bfc\u6e38\u966a\u540c\u3002\u56ed\u5185\u4e13\u5bb6\u4e0d\u591a\uff0c\u8bf7\u6293\u7d27\u65f6\u95f4\u9884\u5b9a\u3002<\/span><br \/>\nn<\/p>\n<h4><em><strong>\u4f60\u5e94\u8be5\u5e26\u4ec0\u4e48\uff1f<\/strong><\/em><\/h4>\n<p>n<\/p>\n<ul>\nn \t<\/p>\n<li style=\"font-weight: 400;\"><span style=\"font-weight: 400;\">\u76f8\u673a<\/span><\/li>\n<p>n \t<\/p>\n<li style=\"font-weight: 400;\"><span style=\"font-weight: 400;\">\u9a71\u868a\u82bd<\/span><\/li>\n<p>n \t<\/p>\n<li style=\"font-weight: 400;\"><span style=\"font-weight: 400;\">\u9632\u6652\u971c<\/span><\/li>\n<p>n \t<\/p>\n<li style=\"font-weight: 400;\"><span style=\"font-weight: 400;\">\u5e3d\u5b50<\/span><\/li>\n<p>n \t<\/p>\n<li style=\"font-weight: 400;\"><span style=\"font-weight: 400;\">\u8212\u9002\u7684\u88e4\u5b50<\/span><\/li>\n<p>n \t<\/p>\n<li style=\"font-weight: 400;\"><span style=\"font-weight: 400;\">\u68ee\u6797\u767b\u5c71\u978b<\/span><\/li>\n<p>n \t<\/p>\n<li style=\"font-weight: 400;\"><span style=\"font-weight: 400;\">\u51c9\u978b\u5230\u6625\u5b63\u5730\u533a\u3002<\/span><\/li>\n<p>n \t<\/p>\n<li style=\"font-weight: 400;\"><span style=\"font-weight: 400;\">\u6cf3\u88c5<\/span><\/li>\n<p>n<\/ul>\n<p>n<\/p>\n<h4><b><i>\u9152\u5e97\u63a5\u9001 <\/i><\/b><\/h4>\n<p>n<span style=\"font-weight: 400;\">\u6b64\u884c\u7a0b\u4e0d\u63d0\u4f9b\u9152\u5e97\u63a5\u5ba2\u670d\u52a1\u3002\u6211\u4eec\u901a\u8fc7 Whatsapp \u8054\u7cfb\u6211\u4eec\u6765\u8bbe\u7f6e\u53d6\u8d27\u3002<\/span><br \/>\nn<br \/>\nn<b>\u7b14\u8bb0\uff1a<\/b><span style=\"font-weight: 400;\"> \u5982\u679c\u60a8\u5728\u65c5\u6e38\/\u77ed\u9014\u65c5\u884c\u51fa\u53d1\u65f6\u95f4\u524d 24 \u5c0f\u65f6\u5185\u9884\u8ba2\uff0c\u6211\u4eec\u53ef\u4ee5\u5b89\u6392\u989d\u5916\u6536\u8d39\u7684\u9152\u5e97\u63a5\u5ba2\u670d\u52a1\u3002\u8d2d\u4e70\u5b8c\u6210\u540e\uff0c\u6211\u4eec\u5c06\u5411\u60a8\u53d1\u9001\u5b8c\u6574\u7684\u8054\u7cfb\u4fe1\u606f\uff08\u7535\u8bdd\u53f7\u7801\u3001\u7535\u5b50\u90ae\u4ef6\u5730\u5740\u7b49\uff09\uff0c\u4ee5\u4fbf\u6211\u4eec\u5f53\u5730\u7684\u5bfc\u6e38\u5b89\u6392\u63a5\u9001\u4e8b\u5b9c\u3002<\/span><br \/>\nn<\/p>\n<h4><b><i>\u9644\u52a0\u4fe1\u606f\u786e\u8ba4 <\/i><\/b><\/h4>\n<p>n<\/p>\n<ol>\nn \t<\/p>\n<li>\u95e8\u7968\u662f\u672c\u6b21\u65c5\u6e38\u4ed8\u6b3e\u540e\u7684\u6536\u636e\u3002\u60a8\u53ef\u4ee5\u5728\u624b\u673a\u4e0a\u663e\u793a\u4ed8\u6b3e\u3002<\/li>\n<p>n \t<\/p>\n<li style=\"font-weight: 400;\"><span style=\"font-weight: 400;\">\u4f1a\u9762\u70b9\u5c06\u5728\u9884\u8ba2\u8fc7\u7a0b\u540e\u6536\u5230\u3002<\/span><\/li>\n<p>n \t<\/p>\n<li style=\"font-weight: 400;\"><span style=\"font-weight: 400;\">\u513f\u7ae5\u5fc5\u987b\u7531\u6210\u4eba\u966a\u540c\u3002<\/span><\/li>\n<p>n \t<\/p>\n<li style=\"font-weight: 400;\"><span style=\"font-weight: 400;\"> \u4e0d\u9002\u5408\u8f6e\u6905\u4f7f\u7528\u8005 <\/span><\/li>\n<p>n \t<\/p>\n<li style=\"font-weight: 400;\"><span style=\"font-weight: 400;\">\u5a74\u513f\u5fc5\u987b\u5750\u5728\u819d\u76d6\u4e0a <\/span><\/li>\n<p>n \t<\/p>\n<li style=\"font-weight: 400;\"><span style=\"font-weight: 400;\">\u4e0d\u5efa\u8bae\u6709\u80cc\u90e8\u95ee\u9898\u7684\u65c5\u884c\u8005\u4f7f\u7528<\/span><\/li>\n<p>n \t<\/p>\n<li style=\"font-weight: 400;\"><span style=\"font-weight: 400;\">\u4e0d\u5efa\u8bae\u6000\u5b55\u7684\u65c5\u5ba2\u4f7f\u7528 <\/span><\/li>\n<p>n \t<\/p>\n<li style=\"font-weight: 400;\"><span style=\"font-weight: 400;\"> \u6ca1\u6709\u5fc3\u810f\u95ee\u9898\u6216\u5176\u4ed6\u4e25\u91cd\u7684\u533b\u7597\u72b6\u51b5 <\/span><\/li>\n<p>n \t<\/p>\n<li style=\"font-weight: 400;\"><span style=\"font-weight: 400;\">\u5927\u591a\u6570\u65c5\u884c\u8005\u90fd\u53ef\u4ee5\u53c2\u52a0<\/span><\/li>\n<p>n<\/ol>\n<p>n<\/p>\n<h4><b><i>\u53d6\u6d88\u653f\u7b56<\/i><\/b><\/h4>\n<p>\u5982\u9700\u5168\u989d\u9000\u6b3e\uff0c\u8bf7\u9605\u8bfb\u6211\u4eec\u7684\u53d6\u6d88\u653f\u7b56\u3002\u00a0<a href=\"https:\/\/www.boattoursamana.com\/zh\/%e5%9c%a8%e7%ba%bf%e9%a2%84%e8%ae%a2\/\" target=\"_blank\" rel=\"noopener\" data-saferedirecturl=\"https:\/\/www.google.com\/url?q=https:\/\/www.boattoursamana.com\/online-booking\/&amp;source=gmail&amp;ust=1672449202351000&amp;usg=AOvVaw1yAeVAPktmaVCqDujgUn90\">\u70b9\u51fb\u8fd9\u91cc<\/a>.\u5982\u679c\u5728\u65c5\u884c\u5f53\u5929\u53d6\u6d88\u9884\u8ba2\uff0c\u5c06\u635f\u5931\u8d44\u91d1\u3002<\/p>\n\n\t\t<\/div>\n\t<\/div>\n<\/div><\/div><\/div><\/div><div class=\"vc_row wpb_row vc_row-fluid\" ><div class=\"wpb_column vc_column_container vc_col-sm-12\"><div class=\"vc_column-inner\"><div class=\"wpb_wrapper\">\n\t<div class=\"wpb_video_widget wpb_content_element vc_clearfix   vc_video-aspect-ratio-169 vc_video-el-width-100 vc_video-align-left\" >\n\t\t<div class=\"wpb_wrapper\">\n\t\t\t<h2 class=\"wpb_heading wpb_video_heading\">Jarabacoa \u5e02\u89c6\u9891\uff1a<\/h2>\n\t\t\t<div class=\"wpb_video_wrapper\"><iframe loading=\"lazy\" title=\"\u54c8\u62c9\u74e6\u79d1\u4e9a |\u8499\u5927\u62ff\u5dde\u666e\u7f57\u8d5b\u8f66\" width=\"1100\" height=\"619\" src=\"https:\/\/www.youtube.com\/embed\/FRHfK4RS39A?feature=oembed\" frameborder=\"0\" allow=\"accelerometer; autoplay; clipboard-write; encrypted-media; gyroscope; picture-in-picture; web-share\" allowfullscreen><\/iframe><\/div>\n\t\t<\/div>\n\t<\/div>\n<\/div><\/div><\/div><\/div><div class=\"vc_row wpb_row vc_row-fluid\" ><\/div><div class=\"wpb_column vc_column_container vc_col-sm-12\"><div class=\"vc_column-inner\"><div class=\"wpb_wrapper\"><\/div><\/div><\/div><div class=\"vc_empty_space\"   style=\"height: 32px\"><span class=\"vc_empty_space_inner\"><\/span><\/div>\n\t<div class=\"wpb_text_column wpb_content_element\" >\n\t\t<div class=\"wpb_wrapper\">\n\t\t\t<p>\nn<br \/>\n\u6211\u662f\u6587\u672c\u5757\u3002\u5355\u51fb\u7f16\u8f91\u6309\u94ae\u66f4\u6539\u6b64\u6587\u672c\u3002 Lorem ipsum dolor sat amet\uff0cconsectetur adipiscing elit\u3002 Ut elittellus\uff0cluctus nec ullamcorper mattis\uff0cpulvinar dapibus leo\u3002<br \/>\nn<br \/>\nn<\/p>\n\n\t\t<\/div>\n\t<\/div>\n<div class=\"vc_empty_space\"   style=\"height: 32px\"><span class=\"vc_empty_space_inner\"><\/span><\/div>","protected":false},"excerpt":{"rendered":"<p>\u4f53\u9a8c\u54c8\u62c9\u74e6\u79d1\u4e9a\u5f53\u5730\u4e13\u5bb6\u7684\u7ecf\u5386\u548c\u4f53\u9a8c\uff0c\u4f53\u9a8c\u54c8\u62c9\u74e6\u79d1\u4e9a\u9996\u90fd\u751f\u6001\u65c5\u6e38\u7684\u6700\u4f73\u4f53\u9a8c\uff0c\u4f53\u9a8c\u591a\u7c73\u5c3c\u52a0\u5171\u548c\u56fd\u8499\u5854\u8bfa\u7d22\u7267\u573a\u7684\u7f8e\u4e3d\u98ce\u666f\u3002 Mientras \u6709\u52a9\u4e8e\u4e0d\u540c\u7684\u5362\u52a0\u96f7\u65af\u3001\u5c71\u5730\u7a7a\u6c14\u548c\u7530\u91ce\u7f8e\u666f\u7684\u4e0d\u6109\u5feb\u3002\u9009\u62e9 Tour \u7684 fecha\uff1a\u00a0 &nbsp;<\/p>","protected":false},"author":2,"featured_media":0,"parent":0,"menu_order":0,"comment_status":"open","ping_status":"closed","template":"","meta":{"footnotes":""},"class_list":["post-15865","page","type-page","status-publish","hentry"],"_links":{"self":[{"href":"https:\/\/www.boattoursamana.com\/zh\/wp-json\/wp\/v2\/pages\/15865","targetHints":{"allow":["GET"]}}],"collection":[{"href":"https:\/\/www.boattoursamana.com\/zh\/wp-json\/wp\/v2\/pages"}],"about":[{"href":"https:\/\/www.boattoursamana.com\/zh\/wp-json\/wp\/v2\/types\/page"}],"author":[{"embeddable":true,"href":"https:\/\/www.boattoursamana.com\/zh\/wp-json\/wp\/v2\/users\/2"}],"replies":[{"embeddable":true,"href":"https:\/\/www.boattoursamana.com\/zh\/wp-json\/wp\/v2\/comments?post=15865"}],"version-history":[{"count":0,"href":"https:\/\/www.boattoursamana.com\/zh\/wp-json\/wp\/v2\/pages\/15865\/revisions"}],"wp:attachment":[{"href":"https:\/\/www.boattoursamana.com\/zh\/wp-json\/wp\/v2\/media?parent=15865"}],"curies":[{"name":"wp","href":"https:\/\/api.w.org\/{rel}","templated":true}]}}