{"id":19077,"date":"2025-02-14T09:50:00","date_gmt":"2025-02-14T09:50:00","guid":{"rendered":"https:\/\/www.boattoursamana.com\/?post_type=product&#038;p=19077"},"modified":"2025-02-14T11:05:57","modified_gmt":"2025-02-14T11:05:57","slug":"bayahibe-samana-and-miches-whale-watching-day-trip","status":"publish","type":"product","link":"https:\/\/www.boattoursamana.com\/zh\/%e6%97%85%e6%b8%b8\/bayahibe-samana-and-miches-whale-watching-day-trip","title":{"rendered":"Bayahibe: Saman\u00e1 and Miches Whale Watching Day Trip"},"content":{"rendered":"<p>Bayahibe: Saman\u00e1 and Miches Whale Watching Day Trip, Cross the bays of Miches and Saman\u00e1 by boat and enjoy a paradise with humpback whales. The design of this tour and its elements make it the largest and most comprehensive whale watching tour with longer duration offered in the Bavaro Punta Cana destination. Here, to the beat of Dominican rum Brugal, we will welcome you on Bacardi Island. After an exciting journey observing the whales in their sanctuary, Bacardi Island\u2019s white sand will disconnect you during your stay, offering a wonderful beach.<\/p>\n<p>The place where you will have lunch will be the perfect bridge to reach the Lemon Waterfall monument, where the solitude of the surroundings in the afternoon will be the perfect company to enjoy all its magic and freshness.<\/p>\n<p>Start your day with a pick-up from your hotel in Bavaro and head to the Ca\u00f1itas Pier. Set sail towards the whale sanctuary and enjoy a whale watching tour. After, head to Cayo Levantado Island and enjoy a welcome drink.<\/p>\n<p>Depart to Saman\u00e1 for a city tour and countryside safari in Santa Barbara de Saman\u00e1 and El Lim\u00f3n community. Visit a ranch in the middle of the jungle. Go horseback riding with guided assistance from the local village.<\/p>\n<p>Visit the Lim\u00f3n Waterfall, a 50-meter high waterfall. Depart from Saman\u00e1 pier to Ca\u00f1itas pier. Return to your hotel in Bavaro.<\/p>","protected":false},"excerpt":{"rendered":"<div data-track=\"overview\" data-v-83a2b402=\"\">\n<section id=\"activity-overview\" class=\"activity-overview\" data-component=\"overview\" data-v-83a2b402=\"\" data-v-f3236c42=\"\">\n<p class=\"activity-overview__content\" data-test-id=\"activity-overview-content\" data-v-f3236c42=\"\">Discover the beauty of the Saman\u00e1 Peninsula on a day trip from Bayahibe. Watch the humpback whales in their natural habitat and enjoy a buffet-style lunch at a local restaurant in Saman\u00e1.<\/p>\n<\/section>\n<\/div>\n<div data-track=\"key-details\" data-v-83a2b402=\"\"><\/div>","protected":false},"featured_media":19316,"template":"","meta":[],"product_cat":[1098],"product_tag":[173,1099],"class_list":["post-19077","product","type-product","status-publish","has-post-thumbnail","hentry","product_cat-dominican-republic","product_tag-excursion","product_tag-tour"],"_links":{"self":[{"href":"https:\/\/www.boattoursamana.com\/zh\/wp-json\/wp\/v2\/product\/19077","targetHints":{"allow":["GET"]}}],"collection":[{"href":"https:\/\/www.boattoursamana.com\/zh\/wp-json\/wp\/v2\/product"}],"about":[{"href":"https:\/\/www.boattoursamana.com\/zh\/wp-json\/wp\/v2\/types\/product"}],"wp:featuredmedia":[{"embeddable":true,"href":"https:\/\/www.boattoursamana.com\/zh\/wp-json\/wp\/v2\/media\/19316"}],"wp:attachment":[{"href":"https:\/\/www.boattoursamana.com\/zh\/wp-json\/wp\/v2\/media?parent=19077"}],"wp:term":[{"taxonomy":"product_cat","embeddable":true,"href":"https:\/\/www.boattoursamana.com\/zh\/wp-json\/wp\/v2\/product_cat?post=19077"},{"taxonomy":"product_tag","embeddable":true,"href":"https:\/\/www.boattoursamana.com\/zh\/wp-json\/wp\/v2\/product_tag?post=19077"}],"curies":[{"name":"wp","href":"https:\/\/api.w.org\/{rel}","templated":true}]}}