{"id":8850,"date":"2019-06-11T10:34:00","date_gmt":"2019-06-11T10:34:00","guid":{"rendered":"https:\/\/www.ticketswhales.com\/?post_type=product&#038;p=8850"},"modified":"2023-03-20T10:20:15","modified_gmt":"2023-03-20T10:20:15","slug":"ridgways-hawk-tour-bird-watching-los-haitises-national-park-tour","status":"publish","type":"product","link":"https:\/\/www.boattoursamana.com\/zh\/%e6%97%85%e6%b8%b8\/ridgways-hawk-tour-bird-watching-los-haitises-national-park-tour","title":{"rendered":"Ridgway&#039;s Hawk Tour \u2013 \u89c2\u9e1f Los Haitises National Park Excursion"},"content":{"rendered":"<div class=\"vc_row wpb_row vc_row-fluid\" ><div class=\"wpb_column vc_column_container vc_col-sm-12\"><div class=\"vc_column-inner\"><div class=\"wpb_wrapper\"><div class=\"mkdf-section-title-holder\" style=\"text-align: left\">\n\t<div class=\"mkdf-st-inner\">\n\t\t\t\t\t<h5 class=\"mkdf-st-subtitle\" >\n\t\t\t\t\u5728\u6d1b\u65af\u6d77\u8482\u65af\u56fd\u5bb6\u516c\u56ed\u89c2\u9e1f\t\t\t<\/h5>\n\t\t\t\t\t\t\t<h3 class=\"mkdf-st-title\" >\n\t\t\t\t\u674e\u5947\u5fae\u7684\u9e70\u4e4b\u65c5\t\t\t<\/h3>\n\t\t\t\t\t<\/div>\n<\/div><\/div><\/div><\/div><\/div><div class=\"vc_row wpb_row vc_row-fluid\" ><div class=\"wpb_column vc_column_container vc_col-sm-12\"><div class=\"vc_column-inner\"><div class=\"wpb_wrapper\"><div class=\"vc_btn3-container vc_btn3-inline\" ><button class=\"vc_general vc_btn3 vc_btn3-size-md vc_btn3-shape-rounded vc_btn3-style-modern vc_btn3-color-green\">\u73b0\u5728\u9884\u8ba2<\/button><\/div>\n\t<div class=\"wpb_text_column wpb_content_element\" >\n\t\t<div class=\"wpb_wrapper\">\n\t\t\t<h4><b><i>\u6982\u8ff0 <\/i><\/b><\/h4>\n<section><\/section>\n<p>Ridgway&#039;s Hawk \u662f\u4f0a\u65af\u5e15\u5c3c\u5965\u62c9\u5c9b\u7279\u6709\u7684\u4e00\u79cd\u6781\u5ea6\u6fd2\u5371\u7684\u663c\u884c\u731b\u79bd\u3002\u4e00\u767e\u5e74\u524d\uff0c\u5728\u4f0a\u65af\u5e15\u5c3c\u5965\u62c9\u5c9b\u5404\u5730\u90fd\u53d1\u73b0\u4e86\u9e70\uff0c\u4f46\u4eca\u5929\u5728\u591a\u7c73\u5c3c\u52a0\u5171\u548c\u56fd\u7684\u6d1b\u65af\u6d77\u8482\u65af\u56fd\u5bb6\u516c\u56ed\u53d1\u73b0\u4e86\u5927\u7ea6 300 \u53ea\u7684\u552f\u4e00\u5269\u4f59\u7e41\u6b96\u79cd\u7fa4\u3002<\/p>\n<p>Los Haitises \u56fd\u5bb6\u516c\u56ed\u662f\u81ea\u7136\u7231\u597d\u8005\u548c\u89c2\u9e1f\u8005\u7684\u70ed\u95e8\u76ee\u7684\u5730\uff0c\u56e0\u4e3a\u65e0\u8bba\u662f\u5728\u7279\u6709\u73b0\u8c61\u8fd8\u662f\u7269\u79cd\u6570\u91cf\u65b9\u9762\uff0c\u5b83\u90fd\u5bf9\u751f\u7269\u591a\u6837\u6027\u548c\u52a8\u7269\u7fa4\u7684\u4e30\u5bcc\u6027\u5177\u6709\u6700\u9ad8\u91cd\u8981\u6027\u3002\u6211\u4eec\u7684\u4e3b\u8981\u91cd\u70b9\u662f\u53d1\u73b0 Cano Hondo \u5730\u533a\u5468\u56f4\u7684\u6240\u6709\u9e70\u6d3e\u3002<\/p>\n<p>\u6211\u4eec\u5728 Los Haitises \u56fd\u5bb6\u516c\u56ed\u4fdd\u62a4\u91cc\u5947\u5fae\u9e70\uff0c\u60a8\u53ef\u4ee5\u5728\u70ed\u5e26\u96e8\u6797\u5c0f\u5f84\u4e2d\u770b\u5230\u91cc\u5947\u5fae\u9e70\u7684\u6816\u606f\u5730\u548c\u6709\u8da3\u7684\u5386\u53f2\u3002\u6211\u4eec\u77e5\u9053\u674e\u5947\u5fae\u732b\u5934\u9e70\u548c\u7070\u8138\u732b\u5934\u9e70\u7684\u6816\u606f\u5730\u3002\u56e0\u4e3a\u5728\u8d85\u8fc7 15 \u5e74\u7684\u5fd7\u613f\u8005\u751f\u6daf\u4e2d\uff0c\u6211\u4eec\u4e00\u76f4\u81f4\u529b\u4e8e\u4fdd\u62a4\u793e\u533a\u4e2d\u7684\u8fd9\u4e9b\u592b\u5987\u548c\u4e2a\u4eba\u3002<\/p>\n<p>\u6b64\u5916\uff0c\u60a8\u8fd8\u53ef\u4ee5\u5728\u516c\u56ed\u5468\u56f4\u770b\u5230\u5176\u4ed6\u7279\u6709\u7269\u79cd\u3002\u8fd9\u6b21\u65c5\u884c\u4ee5\u81ea\u7136\u4e3a\u91cd\u70b9\uff0c\u66f4\u4fa7\u91cd\u4e8e\u91ce\u751f\u52a8\u7269\u7684\u4fe1\u606f\u3002\u901a\u5e38\u662f\u79c1\u4eba\u7684\u3002<\/p>\n<h4><\/h4>\n<h4><b>\u5305\u542b\u548c\u6392\u9664<\/b><\/h4>\n<p><b>\u5939\u6742\u7269<\/b><\/p>\n<ol>\n<li style=\"font-weight: 400;\">\u89c2\u9e1f\u4e4b\u65c5 + \u6d1e\u7a74\u548c\u8c61\u5f62\u6587\u5b57<\/li>\n<li style=\"font-weight: 400;\"><span style=\"font-weight: 400;\">\u6240\u6709\u7a0e\u8d39\u3001\u624b\u7eed\u8d39\u548c\u624b\u7eed\u8d39<\/span><\/li>\n<li style=\"font-weight: 400;\"><span style=\"font-weight: 400;\">\u5730\u65b9\u7a0e<\/span><\/li>\n<li style=\"font-weight: 400;\">\u5b98\u65b9\u751f\u6001\u5b66\u5bb6\u5bfc\u6e38<\/li>\n<\/ol>\n<p><b> \u6392\u9664<\/b><\/p>\n<ol>\n<li style=\"font-weight: 400;\"><span style=\"font-weight: 400;\">\u5c0f\u8d39<\/span><\/li>\n<li style=\"font-weight: 400;\"><span style=\"font-weight: 400;\">\u8f6c\u79fb<\/span><\/li>\n<li style=\"font-weight: 400;\"><span style=\"font-weight: 400;\">\u996e\u6599<\/span><\/li>\n<\/ol>\n<p>&nbsp;<\/p>\n<h4><em><strong>\u51fa\u53d1\u548c\u8fd4\u56de<\/strong><\/em><\/h4>\n<p><span style=\"font-weight: 400;\">\u7531\u201cBooking Adventures\u201d\u7ec4\u7ec7\u7684\u65c5\u6e38\u4ece\u5bfc\u6e38\u8bbe\u5b9a\u7684\u4f1a\u9762\u70b9\u5f00\u59cb\u3002\u65c5\u5ba2\u5c06\u5728\u9884\u8ba2\u6d41\u7a0b\u540e\u83b7\u5f97\u96c6\u5408\u70b9\u3002\u6e38\u89c8\u5728\u6211\u4eec\u7684\u96c6\u5408\u70b9\u5f00\u59cb\u548c\u7ed3\u675f\u3002<\/span><\/p>\n<p>&nbsp;<\/p>\n<h4><b><i>\u671f\u5f85\u4ec0\u4e48\uff1f<\/i><\/b><\/h4>\n<p><em><strong>\u62ff\u5230\u4f60\u7684\u7968<\/strong><\/em> \u4fdd\u62a4\u6d1b\u65af\u6d77\u8482\u65af\u56fd\u5bb6\u516c\u56ed\u7684\u674e\u5947\u5fae\u9e70\u3002<\/p>\n<p>\u8fd9\u6b21\u77ed\u9014\u65c5\u884c\u4ece\u96c6\u5408\u70b9\u5f00\u59cb\uff0c\u5f92\u6b65\u6cbf\u7740\u91cc\u5947\u97e6\u5c0f\u5f84\u5230\u8fbe\u5d4c\u5957\u533a\u3002\u5728 30 \u5206\u949f\u7684\u5f92\u6b65\u65c5\u884c\u548c\u89c2\u770b\u9e70\u961f\u6bd4\u8d5b\u540e\uff0c\u6211\u4eec\u53ef\u4ee5\u9009\u62e9\u7ee7\u7eed\u5f92\u6b65\u65c5\u884c\uff0c\u5e76\u5728\u6d1b\u65af\u6d77\u8482\u65af\u56fd\u5bb6\u516c\u56ed\u68c0\u67e5\u9e66\u9e49\u3001\u5c0f\u9e66\u9e49\u548c\u5176\u4ed6\u7279\u6709\u7269\u79cd\u3002<\/p>\n<p>Los Haitises \u56fd\u5bb6\u516c\u56ed\u5728 Sabana de la Mar \u53ea\u6709\u4e24\u6761\u89c2\u9e1f\u8def\u7ebf\u3002\u5728\u524d\u5f80 Los Hiatises \u56fd\u5bb6\u516c\u56ed\u7684\u9014\u4e2d\uff0c\u6211\u4eec\u4f1a\u5728\u4e00\u4e9b\u5730\u65b9\u505c\u4e0b\u6765\u89c2\u770b\u66f4\u591a\u7684\u9e1f\u7c7b\u3002<\/p>\n<p>\u53bb\u8fc7\u5723\u6d1b\u4f26\u7d22\u6e7e\u3002\u6211\u4eec\u5c06\u53c2\u89c2\u4e24\u4e2a\u6d1e\u7a74\uff0c\u897f\u73ed\u7259\u8bed Cueva de la Arena \u4e2d\u7684 Sadly Cave\uff1b\u5728\u8fd9\u4e2a\u6d1e\u7a74\u4e2d\uff0c\u6211\u4eec\u53ef\u4ee5\u770b\u5230\u7559\u5728\u8be5\u5730\u533a\u9644\u8fd1\u7684\u6cf0\u8bfa\u65af\u793e\u533a\u7684\u5ca9\u753b\u3002\u5e76\u5c06\u6d1e\u7a74\u7528\u4f5c\u5bfa\u5e99\u3002<\/p>\n<p>\u4e4b\u540e\uff0c\u6211\u4eec\u7ee7\u7eed\u524d\u5f80 Linea \u6d1e\u7a74\uff0c\u8fd9\u4e2a\u6d1e\u7a74\u6709 2,243 \u4e2a\u539f\u59cb\u8c61\u5f62\u6587\u5b57\uff0c\u6211\u4eec\u7684\u5bfc\u6e38\u4f1a\u5411\u60a8\u89e3\u91ca\u8003\u53e4\u5b66\u5bb6\u5173\u4e8e\u8fd9\u4e9b\u8c61\u5f62\u6587\u5b57\u7684\u4fe1\u606f\u3002<\/p>\n<p>\u518d\u6b21\u4e58\u8239\u8fd4\u56dePajaros\u5c9b\uff08\u9e1f\u7c7b\u5c9b\uff09\uff0c\u53ef\u4ee5\u770b\u5230Los Haitises\u56fd\u5bb6\u516c\u56ed\u5468\u56f4\u5927\u90e8\u5206\u7684\u6e7f\u5730\u9e1f\u7c7b\u3002\u53ea\u662f\u56e0\u4e3a\u6240\u6709\u7684\u9e1f\u90fd\u4e0d\u5728\u6c34\u4e2d\u3002<\/p>\n<p>\u5728 Los Haitises \u56fd\u5bb6\u516c\u56ed\u4e86\u89e3\u9e1f\u7c7b 4.5 \u5c0f\u65f6\u540e\uff0c\u8fd9\u6b21\u65c5\u884c\u5728\u5f00\u59cb\u7684\u5730\u65b9\u7ed3\u675f\u3002<\/p>\n<p><strong>\u6ce8\u610f\uff1a\u8fd9\u4e9b\u6e38\u89c8\u7531 Los Haitises \u56fd\u5bb6\u516c\u56ed\u7684\u5b98\u65b9\u751f\u6001\u5b66\u5bb6\u6307\u5357\u63d0\u4f9b\u3002\u5f53\u60a8\u8ba1\u5212\u8bbf\u95ee\u6211\u4eec\u65f6\uff0c\u8bf7\u544a\u8bc9\u6211\u4eec\uff01<\/strong><\/p>\n<p>&nbsp;<\/p>\n<h4><em><strong>\u4f60\u5e94\u8be5\u5e26\u4ec0\u4e48\uff1f<\/strong><\/em><\/h4>\n<ul>\n<li style=\"font-weight: 400;\"><span style=\"font-weight: 400;\">\u76f8\u673a<\/span><\/li>\n<li>\u53cc\u76ee<\/li>\n<li style=\"font-weight: 400;\"><span style=\"font-weight: 400;\">\u9a71\u868a\u82bd<\/span><\/li>\n<li style=\"font-weight: 400;\"><span style=\"font-weight: 400;\">\u9632\u6652\u971c<\/span><\/li>\n<li style=\"font-weight: 400;\"><span style=\"font-weight: 400;\">\u5e3d\u5b50<\/span><\/li>\n<li style=\"font-weight: 400;\"><span style=\"font-weight: 400;\">\u8212\u9002\u7684\u88e4\u5b50<\/span><\/li>\n<li style=\"font-weight: 400;\"><span style=\"font-weight: 400;\">\u68ee\u6797\u767b\u5c71\u978b<\/span><\/li>\n<li style=\"font-weight: 400;\"><span style=\"font-weight: 400;\">\u51c9\u978b\u5230\u6625\u5b63\u5730\u533a\u3002<\/span><\/li>\n<li style=\"font-weight: 400;\"><span style=\"font-weight: 400;\">\u6cf3\u88c5<\/span><\/li>\n<\/ul>\n<p>&nbsp;<\/p>\n<h4><b><i>\u9152\u5e97\u63a5\u9001 <\/i><\/b><\/h4>\n<p><span style=\"font-weight: 400;\">\u6b64\u884c\u7a0b\u4e0d\u63d0\u4f9b\u9152\u5e97\u63a5\u5ba2\u670d\u52a1\u3002 <\/span><\/p>\n<p>&nbsp;<\/p>\n<p><b>\u7b14\u8bb0\uff1a<\/b><span style=\"font-weight: 400;\"> \u5982\u679c\u60a8\u5728\u65c5\u6e38\/\u77ed\u9014\u65c5\u884c\u51fa\u53d1\u65f6\u95f4\u524d 24 \u5c0f\u65f6\u5185\u9884\u8ba2\uff0c\u6211\u4eec\u53ef\u4ee5\u5b89\u6392\u989d\u5916\u6536\u8d39\u7684\u9152\u5e97\u63a5\u5ba2\u670d\u52a1\u3002\u8d2d\u4e70\u5b8c\u6210\u540e\uff0c\u6211\u4eec\u5c06\u5411\u60a8\u53d1\u9001\u5b8c\u6574\u7684\u8054\u7cfb\u4fe1\u606f\uff08\u7535\u8bdd\u53f7\u7801\u3001\u7535\u5b50\u90ae\u4ef6\u5730\u5740\u7b49\uff09\uff0c\u4ee5\u4fbf\u6211\u4eec\u5f53\u5730\u7684\u5bfc\u6e38\u5b89\u6392\u63a5\u9001\u4e8b\u5b9c\u3002<\/span><\/p>\n<h4><b><i>\u9644\u52a0\u4fe1\u606f\u786e\u8ba4 <\/i><\/b><\/h4>\n<ol>\n<li>\u95e8\u7968\u662f\u672c\u6b21\u65c5\u6e38\u4ed8\u6b3e\u540e\u7684\u6536\u636e\u3002\u60a8\u53ef\u4ee5\u5728\u624b\u673a\u4e0a\u663e\u793a\u4ed8\u6b3e\u3002<\/li>\n<li style=\"font-weight: 400;\"><span style=\"font-weight: 400;\">\u4f1a\u9762\u70b9\u5c06\u5728\u9884\u8ba2\u8fc7\u7a0b\u540e\u6536\u5230\u3002<\/span><\/li>\n<li style=\"font-weight: 400;\"><span style=\"font-weight: 400;\">\u513f\u7ae5\u5fc5\u987b\u7531\u6210\u4eba\u966a\u540c\u3002<\/span><\/li>\n<li style=\"font-weight: 400;\"><span style=\"font-weight: 400;\"> \u4e0d\u9002\u5408\u8f6e\u6905\u4f7f\u7528\u8005 <\/span><\/li>\n<li style=\"font-weight: 400;\"><span style=\"font-weight: 400;\">\u5a74\u513f\u5fc5\u987b\u5750\u5728\u819d\u76d6\u4e0a <\/span><\/li>\n<li style=\"font-weight: 400;\"><span style=\"font-weight: 400;\">\u4e0d\u5efa\u8bae\u6709\u80cc\u90e8\u95ee\u9898\u7684\u65c5\u884c\u8005\u4f7f\u7528<\/span><\/li>\n<li style=\"font-weight: 400;\"><span style=\"font-weight: 400;\">\u4e0d\u5efa\u8bae\u6000\u5b55\u7684\u65c5\u5ba2\u4f7f\u7528 <\/span><\/li>\n<li style=\"font-weight: 400;\"><span style=\"font-weight: 400;\"> \u6ca1\u6709\u5fc3\u810f\u95ee\u9898\u6216\u5176\u4ed6\u4e25\u91cd\u7684\u533b\u7597\u72b6\u51b5 <\/span><\/li>\n<li style=\"font-weight: 400;\"><span style=\"font-weight: 400;\">\u5927\u591a\u6570\u65c5\u884c\u8005\u90fd\u53ef\u4ee5\u53c2\u52a0<\/span><\/li>\n<\/ol>\n<p>\u6b64\u65c5\u6e38\u6700\u5c11 2 \u4eba\uff0c\u6700\u591a 15 \u4eba\u3002\u5982\u9047\u4eba\u5c11\uff0c\u8bf7\u8054\u7cfb\u6211\u4eec\u3002<\/p>\n<h4><b><i>\u53d6\u6d88\u653f\u7b56<\/i><\/b><\/h4>\n<p>\u5982\u9700\u5168\u989d\u9000\u6b3e\uff0c\u8bf7\u9605\u8bfb\u6211\u4eec\u7684\u53d6\u6d88\u653f\u7b56\u00a0<a href=\"https:\/\/www.boattoursamana.com\/zh\/%e5%9c%a8%e7%ba%bf%e9%a2%84%e8%ae%a2\/\" target=\"_blank\" rel=\"noopener\" data-saferedirecturl=\"https:\/\/www.google.com\/url?q=https:\/\/www.boattoursamana.com\/online-booking\/&amp;source=gmail&amp;ust=1672529771100000&amp;usg=AOvVaw2NIGJBZ0qjB5RhPUl5Obc7\">\u70b9\u51fb\u8fd9\u91cc<\/a>.\u5982\u679c\u5728\u65c5\u884c\u5f53\u5929\u53d6\u6d88\u9884\u8ba2\uff0c\u5c06\u635f\u5931\u8d44\u91d1\u3002<\/p>\n\n\t\t<\/div>\n\t<\/div>\n<\/div><\/div><\/div><\/div><div class=\"vc_row wpb_row vc_row-fluid\" ><\/div><div class=\"wpb_column vc_column_container vc_col-sm-12\"><div class=\"vc_column-inner\"><div class=\"wpb_wrapper\"><\/div><\/div><\/div><div class=\"vc_empty_space\"   style=\"height: 32px\"><span class=\"vc_empty_space_inner\"><\/span><\/div><div class=\"vc_empty_space\"   style=\"height: 32px\"><span class=\"vc_empty_space_inner\"><\/span><\/div><div class=\"vc_row wpb_row vc_row-fluid\" ><div class=\"wpb_column vc_column_container vc_col-sm-12\"><div class=\"vc_column-inner\"><div class=\"wpb_wrapper\"><div class=\"vc_btn3-container vc_btn3-inline\" ><button class=\"vc_general vc_btn3 vc_btn3-size-md vc_btn3-shape-rounded vc_btn3-style-modern vc_btn3-color-green\">\u73b0\u5728\u9884\u8ba2<\/button><\/div><\/div><\/div><\/div><\/div>","protected":false},"excerpt":{"rendered":"<p><span style=\"vertical-align: inherit;\"><span style=\"vertical-align: inherit;\">Viaje ecol\u00f3gico al Parque Nacional Los Haitises con un gu\u00eda tur\u00edstico local\u3002 <\/span><span style=\"vertical-align: inherit;\">Visitor los halcones de Ridgway en el Parque Nacional Los Haitises y las \u00e1reas hist\u00f3ricas de Sabana de la Mar en el Parque Nacional Los Haitises\u3002<\/span><\/span><\/p>\n<p>&nbsp;<\/p>\n<p><em><strong><span style=\"vertical-align: inherit;\"><span style=\"vertical-align: inherit;\">Seleccione la fecha para el tour\u00a0<\/span><\/span><\/strong><\/em><\/p>","protected":false},"featured_media":12258,"template":"","meta":[],"product_cat":[255,946,932,927,253,254],"product_tag":[237,236,171,209,239,238,175,186,199,240],"class_list":["post-8850","product","type-product","status-publish","has-post-thumbnail","hentry","product_cat-tours-excursions-samana-bay-dominican-republic","product_cat-1-sabana-de-la-mar","product_cat-birdwatching-los-haitises","product_cat-hiking-los-haitises","product_cat-tours-and-excursions","product_cat-tours-excursions-los-haitises-national-park","product_tag-birding","product_tag-birdwatching","product_tag-los-haitises","product_tag-los-haitises-national-park","product_tag-nature","product_tag-ridgways-hawk","product_tag-sabana-de-la-mar","product_tag-samana","product_tag-samana-bay","product_tag-wildlife"],"_links":{"self":[{"href":"https:\/\/www.boattoursamana.com\/zh\/wp-json\/wp\/v2\/product\/8850","targetHints":{"allow":["GET"]}}],"collection":[{"href":"https:\/\/www.boattoursamana.com\/zh\/wp-json\/wp\/v2\/product"}],"about":[{"href":"https:\/\/www.boattoursamana.com\/zh\/wp-json\/wp\/v2\/types\/product"}],"wp:featuredmedia":[{"embeddable":true,"href":"https:\/\/www.boattoursamana.com\/zh\/wp-json\/wp\/v2\/media\/12258"}],"wp:attachment":[{"href":"https:\/\/www.boattoursamana.com\/zh\/wp-json\/wp\/v2\/media?parent=8850"}],"wp:term":[{"taxonomy":"product_cat","embeddable":true,"href":"https:\/\/www.boattoursamana.com\/zh\/wp-json\/wp\/v2\/product_cat?post=8850"},{"taxonomy":"product_tag","embeddable":true,"href":"https:\/\/www.boattoursamana.com\/zh\/wp-json\/wp\/v2\/product_tag?post=8850"}],"curies":[{"name":"wp","href":"https:\/\/api.w.org\/{rel}","templated":true}]}}