{"id":9218,"date":"2019-07-18T11:24:01","date_gmt":"2019-07-18T11:24:01","guid":{"rendered":"https:\/\/www.ticketswhales.com\/?post_type=product&#038;p=9218"},"modified":"2023-02-14T18:40:51","modified_gmt":"2023-02-14T18:40:51","slug":"samana-cayo-levantado-bacardi-island-and-whale-watching-from-miches-in-catamaran","status":"publish","type":"product","link":"https:\/\/www.boattoursamana.com\/zh\/%e6%97%85%e6%b8%b8\/samana-cayo-levantado-bacardi-island-and-whale-watching-from-miches-in-catamaran-2","title":{"rendered":"Saman\u00e1 Cayo Levantado\uff08\u767e\u52a0\u5f97\u5c9b\uff09\u548c\u53cc\u4f53\u8239\u7684 Miches \u89c2\u9cb8"},"content":{"rendered":"<div class=\"vc_row wpb_row vc_row-fluid\" ><div class=\"wpb_column vc_column_container vc_col-sm-12\"><div class=\"vc_column-inner\"><div class=\"wpb_wrapper\">\n\t<div class=\"wpb_text_column wpb_content_element\" >\n\t\t<div class=\"wpb_wrapper\">\n\t\t\t<p><span style=\"vertical-align: inherit;\"><span style=\"vertical-align: inherit;\"><\/p>\n\n\t\t<\/div>\n\t<\/div>\n<\/div><\/div><\/div><\/div><div class=\"vc_row wpb_row vc_row-fluid\" ><\/div><div class=\"wpb_column vc_column_container vc_col-sm-12\"><div class=\"vc_column-inner\"><div class=\"wpb_wrapper\"><\/div><\/div><\/div><div class=\"vc_row wpb_row vc_row-fluid\" ><\/div><div class=\"wpb_column vc_column_container vc_col-sm-12\"><div class=\"vc_column-inner\"><div class=\"wpb_wrapper\"><div class=\"vc_btn3-container vc_btn3-inline\" ><button class=\"vc_general vc_btn3 vc_btn3-size-md vc_btn3-shape-rounded vc_btn3-style-modern vc_btn3-color-green\">\u73b0\u5728\u9884\u8ba2<\/button><\/div><\/div><\/div><\/div><div class=\"mkdf-section-title-holder\" style=\"text-align: left\">\n\t<div class=\"mkdf-st-inner\">\n\t\t\t\t\t\t\t<h3 class=\"mkdf-st-title\" >\n\t\t\t\tCayo Levantado + Avistamiento de ballenas de Miches en catamaran\t\t\t<\/h3>\n\t\t\t\t\t<\/div>\n<\/div><div class=\"vc_empty_space\"   style=\"height: 32px\"><span class=\"vc_empty_space_inner\"><\/span><\/div>\n\t<div class=\"wpb_text_column wpb_content_element\" >\n\t\t<div class=\"wpb_wrapper\">\n\t\t\t<p>\u00a0<\/span><\/span><\/p>\n<div class=\"vc_empty_space\"><\/div>\n<div class=\"wpb_text_column wpb_content_element\">\n<div class=\"wpb_wrapper\">\n<div class=\"vc_row wpb_row vc_row-fluid\">\n<div class=\"wpb_column vc_column_container vc_col-sm-12\">\n<div class=\"vc_column-inner\">\n<div class=\"wpb_wrapper\">\n<div class=\"wpb_text_column wpb_content_element\">\n<div class=\"wpb_wrapper\">\n<div class=\"vc_row wpb_row vc_row-fluid\">\n<div class=\"wpb_column vc_column_container vc_col-sm-12\">\n<div class=\"vc_column-inner\">\n<div class=\"wpb_wrapper\">\n<div class=\"wpb_text_column wpb_content_element\">\n<div class=\"wpb_wrapper\">\n<h4><a id=\"overview\" class=\"aal_anchor\" href=\"https:\/\/www.boattoursamana.com\/zh\/%e6%97%85%e6%b8%b8\/samana-cayo-levantado-bacardi-island-and-whale-watching-from-miches-in-catamaran-2\/#overview\" aria-hidden=\"true\"><\/a><b><i>\u6982\u8ff0<\/i><\/b><\/h4>\n<p>\u4ece\u53cc\u4f53\u8239\u7684 Miches \u6e2f\u53e3\u51fa\u53d1\uff0c\u5728 Saman\u00e1 \u6e7e\u89c2\u9cb8\u3002\u8fd9\u6b21\u65c5\u884c\u4ece\u4e0a\u5348 9:00 \u5f00\u59cb\uff0c\u5230\u4e0b\u5348 5:00 \u7ed3\u675f\u3002\u4e4b\u524d\u5728\u6211\u4eec\u4f4d\u4e8e Miches \u7684\u6e2f\u53e3\u4f1a\u9762\u3002\u5728\u6211\u4eec\u7684\u53cc\u4f53\u8239\u6216\u8239\u4e2d\u6b62\u540e\uff0c\u5728\u4ed6\u4eec\u81ea\u5df1\u7684\u6816\u606f\u5730\u53c2\u89c2\u9cb8\u9c7c\u3002<\/p>\n<p>\u4ece\u4e0a\u5348 9:00 \u5230\u4e2d\u5348 12:00 \u89c2\u9cb8\u53f0\uff0c\u8fd9\u6b21\u89c2\u9cb8\u4e4b\u65c5\u7ed3\u675f\u540e\uff0c\u6211\u4eec\u5c06\u53c2\u89c2\u767e\u52a0\u5f97\u5c9b\/\u5361\u7ea6\u83b1\u4e07\u5854\u591a\u3002\u5728\u767e\u52a0\u5f97\u5c9b\uff0c\u5c06\u63d0\u4f9b\u5178\u578b\u7684\u591a\u7c73\u5c3c\u52a0\u98ce\u683c\u7684\u81ea\u52a9\u5348\u9910\u3002\u5348\u9910\u7ed3\u675f\u540e\uff0c\u60a8\u53ef\u4ee5\u6e38\u6cf3\u81f3\u4e0b\u5348 4:30\u3002\u6e38\u89c8\u5c06\u4e8e\u4e0b\u5348 5:00 \u5728\u5f00\u59cb\u7684\u540c\u4e00\u6e2f\u53e3\u7ed3\u675f\u3002<\/p>\n<p>\u6ce8\u610f\uff1a\u8fd9\u6b21\u65c5\u884c\u4e0d\u662f\u79c1\u4eba\u7684\u3002<strong>\u00a0\u5982\u9700\u79c1\u4eba\u65c5\u6e38\uff0c\u8bf7\u8054\u7cfb\u6211\u4eec\u3002<\/strong><\/p>\n<ul>\n<li>\u89c2\u9cb8\u4e4b\u65c5<\/li>\n<li>\u5929\u6587\u53f0\u5165\u573a\u8d39<\/li>\n<li>\u5305\u62ec\u6d77\u6ee9\u4e0a\u7684\u81ea\u52a9\u5348\u9910<\/li>\n<li>\u8239\u53ea\u63a5\u9001<\/li>\n<li>\u8239\u957f\u63d0\u4f9b\u6307\u5bfc\u548c\u76d1\u7763<\/li>\n<li>\u5bfc\u6e38<\/li>\n<\/ul>\n<p>&nbsp;<\/p>\n<h4><a id=\"inclusions-exclusions\" class=\"aal_anchor\" href=\"https:\/\/www.boattoursamana.com\/zh\/%e6%97%85%e6%b8%b8\/samana-cayo-levantado-bacardi-island-and-whale-watching-from-miches-in-catamaran-2\/#inclusions-exclusions\" aria-hidden=\"true\"><\/a><b>\u5305\u542b\u548c\u6392\u9664<\/b><\/h4>\n<p>&nbsp;<\/p>\n<p><b>\u5939\u6742\u7269<\/b><\/p>\n<p>&nbsp;<\/p>\n<ol>\n<li>\u6d77\u6ee9\u81ea\u52a9\u5348\u9910<\/li>\n<li>\u8d4f\u9cb8<\/li>\n<li>\u5bfc\u6e38<\/li>\n<li>\u53cc\u4f53\u8239\u6216\u6e38\u8239<\/li>\n<li>\u6240\u6709\u7a0e\u8d39\u3001\u624b\u7eed\u8d39\u548c\u624b\u7eed\u8d39<\/li>\n<li>\u5730\u65b9\u7a0e<\/li>\n<li>\u996e\u6599<\/li>\n<li>\u6709\u9152\u7cbe\u7684\u996e\u54c1<\/li>\n<\/ol>\n<p><b>\u6392\u9664<\/b><\/p>\n<ol>\n<li>\u5c0f\u8d39<\/li>\n<li>\u63a5\u9001\u8f66<\/li>\n<\/ol>\n<p>&nbsp;<\/p>\n<h4><a id=\"departure-return\" class=\"aal_anchor\" href=\"https:\/\/www.boattoursamana.com\/zh\/%e6%97%85%e6%b8%b8\/samana-cayo-levantado-bacardi-island-and-whale-watching-from-miches-in-catamaran-2\/#departure-return\" aria-hidden=\"true\"><\/a><em><strong>\u51fa\u53d1\u548c\u8fd4\u56de<\/strong><\/em><\/h4>\n<p>\u65c5\u5ba2\u5c06\u5728\u9884\u8ba2\u6d41\u7a0b\u540e\u83b7\u5f97\u96c6\u5408\u70b9\u3002\u6e38\u89c8\u5728\u6211\u4eec\u7684\u96c6\u5408\u70b9\u5f00\u59cb\u548c\u7ed3\u675f\u3002<\/p>\n<p>&nbsp;<\/p>\n<h4><a id=\"what-to-expect\" class=\"aal_anchor\" href=\"https:\/\/www.boattoursamana.com\/zh\/%e6%97%85%e6%b8%b8\/samana-cayo-levantado-bacardi-island-and-whale-watching-from-miches-in-catamaran-2\/#what-to-expect\" aria-hidden=\"true\"><\/a><b><i>\u671f\u5f85\u4ec0\u4e48\uff1f<\/i><\/b><\/h4>\n<p>&nbsp;<\/p>\n<p><em><strong>\u83b7\u53d6\u60a8\u7684\u95e8\u7968<\/strong><\/em>\u00a0\u4ece\u53cc\u4f53\u8239\u7684 Miches \u51fa\u53d1\uff0c\u5728 Saman\u00e1 \u6e7e\u8fdb\u884c\u4e3a\u671f\u4e00\u5929\u7684\u89c2\u9cb8\u4e4b\u65c5\uff0c\u4eab\u7528\u5f53\u5730\u996e\u54c1\u4ee5\u53ca\u7f8e\u5999\u7684\u5348\u9910\u548c\u6d77\u6ee9\u65f6\u5149\u3002<\/p>\n<p>\u7531\u201cBooking Adventures\u201d\u7ec4\u7ec7\u7684\u89c2\u9cb8\u4e00\u65e5\u901a\u884c\u8bc1\u4ece\u5bfc\u6e38\u8bbe\u5b9a\u7684\u4f1a\u9762\u70b9\u5f00\u59cb\u3002\u5728\u6d77\u6ee9\u4eab\u7528\u5348\u9910\uff0c\u60f3\u6e38\u6cf3\u591a\u4e45\u90fd\u53ef\u4ee5\u3002\u5982\u679c\u60a8\u662f\u7d20\u98df\u4e3b\u4e49\u8005\uff0c\u6211\u4eec\u4e5f\u53ef\u4ee5\u4e3a\u60a8\u51c6\u5907\u4e00\u4e9b\u98df\u7269\u3002<\/p>\n<p><strong>\u65f6\u95f4\u8868\uff1a<\/strong><\/p>\n<p>\u4e0a\u5348 8:45 \u2013 \u4e0b\u5348 5:00<\/p>\n<p>&nbsp;<\/p>\n<h4><a id=\"what-you-should-bring\" class=\"aal_anchor\" href=\"https:\/\/www.boattoursamana.com\/zh\/%e6%97%85%e6%b8%b8\/samana-cayo-levantado-bacardi-island-and-whale-watching-from-miches-in-catamaran-2\/#what-you-should-bring\" aria-hidden=\"true\"><\/a><em><strong>\u4f60\u5e94\u8be5\u5e26\u4ec0\u4e48\uff1f<\/strong><\/em><\/h4>\n<ul>\n<li>\u76f8\u673a<\/li>\n<li>\u9a71\u868a\u82bd<\/li>\n<li>\u9632\u6652\u971c<\/li>\n<li>\u5e3d\u5b50<\/li>\n<li>\u8212\u9002\u7684\u88e4\u5b50<\/li>\n<li>\u6c99\u6ee9\u51c9\u978b<\/li>\n<li>\u6cf3\u88c5<\/li>\n<li>\u7eaa\u5ff5\u54c1\u73b0\u91d1<\/li>\n<\/ul>\n<p>&nbsp;<\/p>\n<h4><a id=\"hotel-pickup\" class=\"aal_anchor\" href=\"https:\/\/www.boattoursamana.com\/zh\/%e6%97%85%e6%b8%b8\/samana-cayo-levantado-bacardi-island-and-whale-watching-from-miches-in-catamaran-2\/#hotel-pickup\" aria-hidden=\"true\"><\/a><b><i>\u9152\u5e97\u63a5\u9001<\/i><\/b><\/h4>\n<p>\u6b64\u884c\u7a0b\u4e0d\u63d0\u4f9b\u9152\u5e97\u63a5\u5ba2\u670d\u52a1\u3002<\/p>\n<p>&nbsp;<\/p>\n<p><b>\u7b14\u8bb0\uff1a<\/b>\u00a0\u5982\u679c\u60a8\u5728\u65c5\u6e38\/\u77ed\u9014\u65c5\u884c\u51fa\u53d1\u65f6\u95f4\u524d 24 \u5c0f\u65f6\u5185\u9884\u8ba2\uff0c\u6211\u4eec\u53ef\u4ee5\u5b89\u6392\u989d\u5916\u6536\u8d39\u7684\u9152\u5e97\u63a5\u5ba2\u670d\u52a1\u3002\u8d2d\u4e70\u5b8c\u6210\u540e\uff0c\u6211\u4eec\u5c06\u5411\u60a8\u53d1\u9001\u5b8c\u6574\u7684\u8054\u7cfb\u4fe1\u606f\uff08\u7535\u8bdd\u53f7\u7801\u3001\u7535\u5b50\u90ae\u4ef6\u5730\u5740\u7b49\uff09\uff0c\u4ee5\u4fbf\u6211\u4eec\u5f53\u5730\u7684\u5bfc\u6e38\u5b89\u6392\u63a5\u9001\u4e8b\u5b9c\u3002<\/p>\n<h4><a id=\"additional-info-confirmation\" class=\"aal_anchor\" href=\"https:\/\/www.boattoursamana.com\/zh\/%e6%97%85%e6%b8%b8\/samana-cayo-levantado-bacardi-island-and-whale-watching-from-miches-in-catamaran-2\/#additional-info-confirmation\" aria-hidden=\"true\"><\/a><b><i>\u9644\u52a0\u4fe1\u606f\u786e\u8ba4<\/i><\/b><\/h4>\n<ol>\n<li>\u95e8\u7968\u662f\u672c\u6b21\u65c5\u6e38\u4ed8\u6b3e\u540e\u7684\u6536\u636e\u3002\u60a8\u53ef\u4ee5\u5728\u624b\u673a\u4e0a\u663e\u793a\u4ed8\u6b3e\u3002<\/li>\n<li>\u4f1a\u9762\u70b9\u5c06\u5728\u9884\u8ba2\u8fc7\u7a0b\u540e\u6536\u5230\u3002<\/li>\n<li>\u513f\u7ae5\u5fc5\u987b\u7531\u6210\u4eba\u966a\u540c\u3002<\/li>\n<li>\u65e0\u969c\u788d\u901a\u9053<\/li>\n<li>\u5a74\u513f\u5fc5\u987b\u5750\u5728\u819d\u76d6\u4e0a<\/li>\n<li>\u5927\u591a\u6570\u65c5\u884c\u8005\u90fd\u53ef\u4ee5\u53c2\u52a0<\/li>\n<\/ol>\n<h4><a id=\"cancellation-policy\" class=\"aal_anchor\" href=\"https:\/\/www.boattoursamana.com\/zh\/%e6%97%85%e6%b8%b8\/samana-cayo-levantado-bacardi-island-and-whale-watching-from-miches-in-catamaran-2\/#cancellation-policy\" aria-hidden=\"true\"><\/a><b><i>\u53d6\u6d88\u653f\u7b56<\/i><\/b><\/h4>\n<p>\u5982\u9700\u5168\u989d\u9000\u6b3e\uff0c\u8bf7\u81f3\u5c11\u5728\u4f53\u9a8c\u5f00\u59cb\u65e5\u671f\u524d 24 \u5c0f\u65f6\u53d6\u6d88\u3002<\/p>\n<\/div>\n<\/div>\n<\/div>\n<\/div>\n<\/div>\n<\/div>\n<\/div>\n<\/div>\n<\/div>\n<\/div>\n<\/div>\n<\/div>\n<div class=\"vc_row wpb_row vc_row-fluid\">\n<div class=\"wpb_column vc_column_container vc_col-sm-12\">\n<div class=\"vc_column-inner\">\n<div class=\"wpb_wrapper\">\n<div class=\"vc_empty_space\"><\/div>\n<div class=\"wpb_text_column wpb_content_element\">\n<div class=\"wpb_wrapper\">\n<h4><a id=\"contact-us\" class=\"aal_anchor\" href=\"https:\/\/www.boattoursamana.com\/zh\/%e6%97%85%e6%b8%b8\/samana-cayo-levantado-bacardi-island-and-whale-watching-from-miches-in-catamaran-2\/#contact-us\" aria-hidden=\"true\"><\/a>\u8054\u7cfb\u6211\u4eec\uff1f<\/h4>\n<h5><\/h5>\n<p><em><strong>\u5f53\u5730\u4eba<\/strong>\u00a0\u548c\u00a0<strong>\u56fd\u6c11<\/strong>\u00a0\u5bfc\u6e38\u548c\u5bbe\u5ba2\u670d\u52a1<\/em><\/p>\n<p><span class=\"text-turquoise\">\u9884\u8ba2\uff1a<\/span>\u00a0Dom \u7684\u65c5\u6e38\u548c\u77ed\u9014\u65c5\u884c\u3002\u4f17\u8bae\u5458<\/p>\n<p><img decoding=\"async\" class=\"emoji\" title=\"Samana Cayo Levantado\uff08\u767e\u52a0\u5f97\u5c9b\uff09\u548c\u53cc\u4f53\u8239 1 \u7684 Miches \u89c2\u9cb8\" draggable=\"false\" src=\"https:\/\/s.w.org\/images\/core\/emoji\/11.2.0\/svg\/1f4de.svg\" alt=\"\ud83d\udcde\" \/> \u7535\u8bdd \/ Whatsapp <strong><a href=\"tel:+1 (829) 318-9463\">+1 (829) 318-9463.<\/a><\/strong><\/p>\n<p><img decoding=\"async\" class=\"emoji\" title=\"Samana Cayo Levantado\uff08\u767e\u52a0\u5f97\u5c9b\uff09\u548c\u53cc\u4f53\u8239 Miches \u7684\u89c2\u9cb8\u6d3b\u52a8 2\" draggable=\"false\" src=\"https:\/\/s.w.org\/images\/core\/emoji\/11.2.0\/svg\/1f4e9.svg\" alt=\"\ud83d\udce9\" \/>\u00a0<a href=\"mailto:reservabatour@gmail.com\">reservabatour@gmail.com<\/a><\/p>\n<p><strong>\u6211\u4eec\u901a\u8fc7 Whatsapp \u7075\u6d3b\u8bbe\u7f6e\u79c1\u4eba\u65c5\u6e38\uff1a\u00a0<a href=\"tel:+1 (829) 318-9463\">+1 (829) 318-9463.<\/a><\/strong><\/p>\n<\/div>\n<\/div>\n<\/div>\n<\/div>\n<\/div>\n<\/div>\n<\/div>\n<\/div>\n\n\t\t<\/div>\n\t<\/div>\n<div class=\"vc_row wpb_row vc_row-fluid\" ><div class=\"wpb_column vc_column_container vc_col-sm-12\"><div class=\"vc_column-inner\"><div class=\"wpb_wrapper\"><div class=\"vc_btn3-container vc_btn3-inline\" ><button class=\"vc_general vc_btn3 vc_btn3-size-md vc_btn3-shape-rounded vc_btn3-style-modern vc_btn3-color-green\">\u73b0\u5728\u9884\u8ba2<\/button><\/div><\/div><\/div><\/div><\/div>","protected":false},"excerpt":{"rendered":"<p><span style=\"vertical-align: inherit;\"><span style=\"vertical-align: inherit;\">Whale Miches Tours &amp; Excursiones\u3002 <\/span><span style=\"vertical-align: inherit;\">Reserve sus boletos para el avistamiento de ballenas en la Bah\u00eda de Saman\u00e1, comenzando desde Miches y visitando Cayo Levantado, tambi\u00e9n conocida como Isla Bacard\u00ed para una aventura con pase de un d\u00eda\u3002<\/span><\/span><\/p>\n<p>&nbsp;<\/p>\n<p><em><strong><span style=\"vertical-align: inherit;\"><span style=\"vertical-align: inherit;\">Seleccione la fecha de la excursi\u00f3n\uff1a<\/span><\/span><\/strong><\/em><\/p>","protected":false},"featured_media":11588,"template":"","meta":[],"product_cat":[255,937],"product_tag":[393,375,342,392,391,276,274,322,394,390],"class_list":["post-9218","product","type-product","status-publish","has-post-thumbnail","hentry","product_cat-tours-excursions-samana-bay-dominican-republic","product_cat-whale-watching-miches","product_tag-miches-whale-watching","product_tag-samana-dominican-republic","product_tag-samana-whale-watching","product_tag-samana-whale-watching-price","product_tag-things-to-do-in-dominican-republic","product_tag-whale-samana","product_tag-whale-watching-dominican-republic","product_tag-whale-watching-miches","product_tag-whale-watching-miches-dominican-republic","product_tag-when-to-see-whales-dominican-republic"],"_links":{"self":[{"href":"https:\/\/www.boattoursamana.com\/zh\/wp-json\/wp\/v2\/product\/9218","targetHints":{"allow":["GET"]}}],"collection":[{"href":"https:\/\/www.boattoursamana.com\/zh\/wp-json\/wp\/v2\/product"}],"about":[{"href":"https:\/\/www.boattoursamana.com\/zh\/wp-json\/wp\/v2\/types\/product"}],"wp:featuredmedia":[{"embeddable":true,"href":"https:\/\/www.boattoursamana.com\/zh\/wp-json\/wp\/v2\/media\/11588"}],"wp:attachment":[{"href":"https:\/\/www.boattoursamana.com\/zh\/wp-json\/wp\/v2\/media?parent=9218"}],"wp:term":[{"taxonomy":"product_cat","embeddable":true,"href":"https:\/\/www.boattoursamana.com\/zh\/wp-json\/wp\/v2\/product_cat?post=9218"},{"taxonomy":"product_tag","embeddable":true,"href":"https:\/\/www.boattoursamana.com\/zh\/wp-json\/wp\/v2\/product_tag?post=9218"}],"curies":[{"name":"wp","href":"https:\/\/api.w.org\/{rel}","templated":true}]}}