{"id":9639,"date":"2019-10-14T16:35:48","date_gmt":"2019-10-14T16:35:48","guid":{"rendered":"https:\/\/www.ticketswhales.com\/?post_type=product&#038;p=9639"},"modified":"2023-02-21T17:56:59","modified_gmt":"2023-02-21T17:56:59","slug":"four-adventures-parasailing-snorkeling-cruise-sharks-rays-in-natural-pools-from-punta-cana","status":"publish","type":"product","link":"https:\/\/www.boattoursamana.com\/zh\/%e6%97%85%e6%b8%b8\/%e5%9b%9b%e6%ac%a1%e5%86%92%e9%99%a9-%e6%bb%91%e7%bf%94%e4%bc%9e-%e6%b5%ae%e6%bd%9c-%e5%b7%a1%e8%88%aa-%e8%93%ac%e5%a1%94%e5%8d%a1%e7%ba%b3%e5%a4%a9%e7%84%b6%e6%b3%b3%e6%b1%a0%e4%b8%ad%e7%9a%84","title":{"rendered":"\u56db\u5927\u5192\u9669\uff1a\u5e06\u4f1e\u8fd0\u52a8\u3001\u6d6e\u6f5c\u6e38\u8f6e\u3001\u84ec\u5854\u5361\u7eb3\u5929\u7136\u6cf3\u6c60\u4e2d\u7684\u9ca8\u9c7c\u548c\u9cd0\u9c7c"},"content":{"rendered":"<div class=\"vc_row wpb_row vc_row-fluid\" ><div class=\"wpb_column vc_column_container vc_col-sm-12\"><div class=\"vc_column-inner\"><div class=\"wpb_wrapper\"><div class=\"mkdf-section-title-holder\" style=\"text-align: left\">\n\t<div class=\"mkdf-st-inner\">\n\t\t\t\t\t<h5 class=\"mkdf-st-subtitle\" >\n\t\t\t\t\u4ece\u84ec\u5854\u5361\u7eb3\u51fa\u53d1\t\t\t<\/h5>\n\t\t\t\t\t\t\t<h3 class=\"mkdf-st-title\" >\n\t\t\t\t\u56db\u5927\u5192\u9669\uff1a\u5e06\u4f1e\u8fd0\u52a8\u3001\u6d6e\u6f5c\u6e38\u8f6e\u3001\u84ec\u5854\u5361\u7eb3\u5929\u7136\u6cf3\u6c60\u4e2d\u7684\u9ca8\u9c7c\u548c\u9cd0\u9c7c\t\t\t<\/h3>\n\t\t\t\t\t\t\t<p class=\"mkdf-st-text\" >\n\t\t\t\t\u6ce8\u610f\uff1a\u6b64\u884c\u7a0b\u7684\u5f00\u59cb\u65f6\u95f4\u4e0d\u540c\uff0c\u4ece\u65e9\u4e0a 7: 00 \u5230\u4e0b\u5348 4: 00\u3002\u6b64\u5916\uff0c\u60a8\u53ef\u4ee5\u770b\u5230\u6d77\u8c5a\uff0c\u4f46\u4e0d\u80fd\u4e0e\u6d77\u8c5a\u4e00\u8d77\u6e38\u6cf3\u3002\u6839\u636e\u63a5\u9001\u9152\u5e97\u7684\u5730\u70b9\uff0c\u65f6\u95f4\u53ef\u80fd\u4f1a\u53d1\u751f\u53d8\u5316\u3002\u5728\u6211\u4eec\u7684\u63cf\u8ff0\u4e2d\u672a\u5217\u51fa\u7684\u533a\u57df\u53d6\u8d27\u7684\u989d\u5916\u8d39\u7528\u3002\t\t\t<\/p>\n\t\t\t<\/div>\n<\/div><\/div><\/div><\/div><\/div><div class=\"vc_row wpb_row vc_row-fluid\" ><div class=\"wpb_column vc_column_container vc_col-sm-12\"><div class=\"vc_column-inner\"><div class=\"wpb_wrapper\"><div class=\"vc_empty_space\"   style=\"height: 32px\"><span class=\"vc_empty_space_inner\"><\/span><\/div><\/div><\/div><\/div><\/div><div class=\"vc_row wpb_row vc_row-fluid\" ><div class=\"wpb_column vc_column_container vc_col-sm-12\"><div class=\"vc_column-inner\"><div class=\"wpb_wrapper\"><div class=\"vc_btn3-container vc_btn3-inline\" ><button class=\"vc_general vc_btn3 vc_btn3-size-md vc_btn3-shape-rounded vc_btn3-style-modern vc_btn3-color-green\">\u73b0\u5728\u9884\u8ba2<\/button><\/div>\n\t<div class=\"wpb_text_column wpb_content_element\" >\n\t\t<div class=\"wpb_wrapper\">\n\t\t\t<h4><b><i>\u6982\u8ff0 <\/i><\/b><\/h4>\n<div>\n<p>\u53c2\u52a0\u8fd9\u573a\u4ece\u84ec\u5854\u5361\u7eb3\u51fa\u53d1\u7684\u53f2\u8bd7\u822c\u7684\u65c5\u884c\uff0c\u4f53\u9a8c\u4e00\u6b21\u56db\u6b21\u5192\u9669\u7684\u523a\u6fc0\u3002\u5728\u53cc\u5c42\u53cc\u4f53\u8239\u4e0a\u653e\u677e\u8eab\u5fc3\uff0c\u63a2\u7d22\u6d77\u6d0b\u5947\u89c2\uff0c\u8fd1\u8ddd\u79bb\u63a5\u89e6\u6d77\u6d0b\u751f\u7269\u3002\u60a8\u5c06\u5728\u88ab\u70ed\u5e26\u9c7c\u5305\u56f4\u7684\u58ee\u89c2\u5821\u7901\u4e2d\u6d6e\u6f5c\uff0c\u5e76\u4f53\u9a8c\u4e92\u52a8\u5f0f\u6d77\u6d0b\u8868\u6f14\u7684\u4e50\u8da3\uff0c\u5305\u62ec\u9ca8\u9c7c\u548c\u9ec4\u8c82\u9c7c\u3002\u8fd9\u4e2a\u53d7\u6b22\u8fce\u7684\u65c5\u6e38\u9009\u9879\u5305\u62ec\u5728\u5468\u56f4\u6700\u597d\u7684\u6d3e\u5bf9\u8239\u4e0a\u65e0\u9650\u7545\u996e\uff0c\u975e\u5e38\u9002\u5408\u4e0e\u5bb6\u4eba\u548c\u670b\u53cb\u4e00\u8d77\u73a9\u4e50\u3002\u4f53\u9a8c\u6c34\u4e0b\u751f\u6d3b\u540e\uff0c\u4e58\u5750\u9ad8\u51fa\u6c34\u9762 500 \u82f1\u5c3a\u7684\u60ca\u9669\u523a\u6fc0\u7684\u6ed1\u7fd4\u4f1e\u4ece\u4e0a\u65b9\u63a2\u7d22\uff01<\/p>\n<\/div>\n<ul class=\"vcs-highlights\">\n<li>\u5168\u5929\u53ef\u9009\u62e9\u591a\u4e2a\u73ed\u6b21<\/li>\n<li>\u5bf9\u4e8e\u6d77\u6d0b\u7231\u597d\u8005<\/li>\n<li>\u4eab\u53d7\u7f8e\u5999\u7684\u9e1f\u77b0\u56fe<\/li>\n<li>\u5bb6\u5ead\u53cb\u5584<\/li>\n<li>\u4ece\u4f4d\u4e8e\u5e02\u4e2d\u5fc3\u7684\u96c6\u5408\u70b9\u63a5\u5ba2<\/li>\n<li>\u6d6a\u6f2b\u4f53\u9a8c\uff0c\u6700\u9002\u5408\u60c5\u4fa3<\/li>\n<\/ul>\n<p>&nbsp;<\/p>\n<h4><b>\u5305\u542b\u548c\u6392\u9664<\/b><\/h4>\n<p>&nbsp;<\/p>\n<p><b>\u5939\u6742\u7269<\/b><\/p>\n<p>&nbsp;<\/p>\n<ol>\n<li>\u6ed1\u7fd4\u4f1e\u4e4b\u65c5<\/li>\n<li>\u5929\u7136\u6cf3\u6c60\u4e2d\u7684\u6d6e\u6f5c\u6e38\u8f6e\u3001\u9ca8\u9c7c\u548c\u9cd0\u9c7c<\/li>\n<li>\u4ece\u60a8\u7684\u9152\u5e97\u63a5\u5ba2<\/li>\n<li style=\"font-weight: 400;\"><span style=\"font-weight: 400;\">\u6240\u6709\u7a0e\u8d39\u3001\u624b\u7eed\u8d39\u548c\u624b\u7eed\u8d39<\/span><\/li>\n<li style=\"font-weight: 400;\"><span style=\"font-weight: 400;\">\u5730\u65b9\u7a0e<\/span><\/li>\n<li style=\"font-weight: 400;\"><span style=\"font-weight: 400;\">\u996e\u6599<\/span><\/li>\n<\/ol>\n<p><b> \u6392\u9664<\/b><\/p>\n<ol>\n<li style=\"font-weight: 400;\"><span style=\"font-weight: 400;\">\u5c0f\u8d39<\/span><\/li>\n<li>\u5348\u9910<\/li>\n<\/ol>\n<p>&nbsp;<\/p>\n<h4><em><strong>\u51fa\u53d1\u548c\u8fd4\u56de<\/strong><\/em><\/h4>\n<p><span style=\"font-weight: 400;\">\u65c5\u5ba2\u5c06\u5728\u9884\u8ba2\u6d41\u7a0b\u540e\u83b7\u5f97\u96c6\u5408\u70b9\u3002\u6e38\u89c8\u5728\u6211\u4eec\u7684\u96c6\u5408\u70b9\u5f00\u59cb\u548c\u7ed3\u675f\u3002<\/span><\/p>\n<p>&nbsp;<\/p>\n<h4><b><i>\u671f\u5f85\u4ec0\u4e48\uff1f<\/i><\/b><\/h4>\n<p>\u4ece\u60a8\u7684\u84ec\u5854\u5361\u7eb3\u9152\u5e97\u4e58\u5750\u8212\u9002\u7684\u7a7a\u8c03\u65c5\u884c\u5230\u7f8e\u4e3d\u7684\u53cc\u5c42\u53cc\u4f53\u8239\uff0c\u5e76\u4e0e\u4e13\u4e1a\u8239\u5458\u4e00\u8d77\u63a2\u7d22\u84ec\u5854\u5361\u7eb3\u7684\u58ee\u4e3d\u7f8e\u666f\u3002\u6e38\u89c8\u5df4\u74e6\u7f57\u6d77\u6ee9\uff0c\u5728\u4e13\u4e1a\u6f5c\u6c34\u5458\u7684\u76d1\u7763\u4e0b\u6d6e\u6f5c\u7a7f\u8fc7\u73ca\u745a\u7901\u548c\u70ed\u5e26\u9c7c\u3002\u63a5\u4e0b\u6765\uff0c\u524d\u5f80\u6d77\u6d0b\u516c\u56ed\uff0c\u5728\u90a3\u91cc\u60a8\u5c06\u8fd1\u8ddd\u79bb\u63a5\u89e6\u9ec4\u8c82\u9c7c\u548c\u6e29\u987a\u7684\u9ca8\u9c7c\u3002\u5728\u8fd9\u4e9b\u5de8\u578b\u751f\u7269\u7684\u5305\u56f4\u4e0b\u6e38\u6cf3\u548c\u6d6e\u6f5c\uff0c\u5e76\u4ece\u60a8\u7684\u5411\u5bfc\u56e2\u961f\u90a3\u91cc\u83b7\u5f97\u66f4\u6df1\u5165\u7684\u4e86\u89e3\u3002<\/p>\n<p>\u7136\u540e\uff0c\u60a8\u5c06\u5728\u6e05\u723d\u7684\u5929\u7136\u6cf3\u6c60\u4e2d\u4eab\u53d7\u65f6\u5149\uff0c\u60a8\u53ef\u4ee5\u5728\u90a3\u91cc\u7545\u6e38\u5e76\u624b\u6301\u4e00\u676f\u51b0\u9547\u5564\u9152\u653e\u677e\u8eab\u5fc3\u3002\u5728\u8fd9\u4e2a\u4ee4\u4eba\u96be\u4ee5\u7f6e\u4fe1\u7684\u5c9b\u5c7f\u73af\u5883\u4e2d\uff0c\u5c3d\u60c5\u4eab\u7528\u6d6e\u52a8\u9152\u5427\u7684\u7f8e\u98df\uff0c\u8046\u542c\u5f53\u5730 DJ \u7684\u8282\u62cd\u3002<\/p>\n<p>\u901a\u8fc7\u6e38\u620f\u3001\u996e\u6599\u548c\u5a31\u4e50\u4f53\u9a8c\u6d77\u6d0b\u4e2d\u6e05\u6f88\u6d77\u6c34\u7684\u523a\u6fc0\u3002\u60a8\u7684\u65c5\u884c\u5c06\u4ee5\u6765\u81ea\u79d1\u5c14\u7279\u897f\u6258\u6d77\u6ee9\u7684\u53f2\u8bd7\u822c\u7684\u6ed1\u7fd4\u4f1e\u5192\u9669\u7ed3\u675f\u3002\u5b89\u5168\u6982\u89c8\u540e\uff0c\u60a8\u5c06\u5728\u4ee4\u4eba\u60ca\u53f9\u7684\u6e5b\u84dd\u6d77\u6c34\u4e0a\u7a7a\u9ad8\u7a7a\u98de\u884c\uff0c\u5728\u7ff1\u7fd4\u4e8e\u5929\u5802\u7684\u540c\u65f6\u6b23\u8d4f\u4ee4\u4eba\u96be\u4ee5\u7f6e\u4fe1\u7684\u70ed\u5e26\u98ce\u5149\u3002\u5728\u4e58\u5750\u4ea4\u901a\u5de5\u5177\u8fd4\u56de\u9152\u5e97\u4e4b\u524d\uff0c\u60a8\u5c06\u88ab\u5b89\u5168\u9001\u56de\u5cb8\u4e0a\u3002<\/p>\n<p><strong>\u65f6\u95f4\u8868\uff1a<\/strong><\/p>\n<p>7:00 AM \u2013 4:00 PM\u2026\u2026\u65f6\u95f4\u53d8\u5316\u53d6\u51b3\u4e8e\u60a8\u6240\u5728\u7684\u84ec\u5854\u5361\u7eb3\u3002\u8054\u7cfb\u6211\u4eec\u8bbe\u7f6e\u65f6\u95f4\u3002<\/p>\n<p>&nbsp;<\/p>\n<h4><em><strong>\u4f60\u5e94\u8be5\u5e26\u4ec0\u4e48\uff1f<\/strong><\/em><\/h4>\n<ul>\n<li style=\"font-weight: 400;\"><span style=\"font-weight: 400;\">\u76f8\u673a<\/span><\/li>\n<li style=\"font-weight: 400;\"><span style=\"font-weight: 400;\">\u9a71\u868a\u82bd<\/span><\/li>\n<li style=\"font-weight: 400;\"><span style=\"font-weight: 400;\">\u9632\u6652\u971c<\/span><\/li>\n<li style=\"font-weight: 400;\"><span style=\"font-weight: 400;\">\u5e3d\u5b50<\/span><\/li>\n<li style=\"font-weight: 400;\"><span style=\"font-weight: 400;\">\u8212\u9002\u7684\u88e4\u5b50<\/span><\/li>\n<li style=\"font-weight: 400;\"><span style=\"font-weight: 400;\">\u68ee\u6797\u767b\u5c71\u978b<\/span><\/li>\n<li style=\"font-weight: 400;\"><span style=\"font-weight: 400;\">\u6c99\u6ee9\u51c9\u978b<\/span><\/li>\n<li style=\"font-weight: 400;\"><span style=\"font-weight: 400;\">\u6cf3\u88c5<\/span><\/li>\n<li>\u7eaa\u5ff5\u54c1\u73b0\u91d1<\/li>\n<\/ul>\n<p>&nbsp;<\/p>\n<h4><b><i>\u9152\u5e97\u63a5\u9001 <\/i><\/b><\/h4>\n<p><span style=\"font-weight: 400;\">\u63d0\u4f9b\u65c5\u5ba2\u63a5\u9001\u670d\u52a1\uff01<\/span><\/p>\n<p><span style=\"font-weight: 400;\">\u6211\u4eec\u786e\u5b9e\u4ece\u84ec\u5854\u5361\u7eb3\u7684\u6240\u6709\u9152\u5e97\u63a5\u5ba2\u3002\u63a5\u8f7d\u5730\u70b9\u4e3a\u9152\u5e97\u5927\u5802<br \/>\n\u5982\u679c\u60a8\u4f4f\u5728\u8be5\u5730\u533a\u7684\u516c\u5bd3\uff0c\u6211\u4eec\u5c06\u5728\u516c\u5bd3\u6216\u6700\u8fd1\u7684\u5ea6\u5047\u6751\u5165\u53e3\u5904\u63a5\u60a8\u3002\u6211\u4eec\u8bbe\u7f6e\u4e86\u901a\u8fc7 Whatsapp \u8054\u7cfb\u6211\u4eec\u7684\u63a5\u673a\u3002<\/span><\/p>\n<p><b>\u7b14\u8bb0\uff1a<\/b><span style=\"font-weight: 400;\"> \u5982\u679c\u60a8\u5728\u65c5\u6e38\/\u77ed\u9014\u65c5\u884c\u51fa\u53d1\u65f6\u95f4\u524d 24 \u5c0f\u65f6\u5185\u9884\u8ba2\uff0c\u6211\u4eec\u53ef\u4ee5\u5b89\u6392\u9152\u5e97\u63a5\u5ba2\u3002\u8d2d\u4e70\u5b8c\u6210\u540e\uff0c\u6211\u4eec\u5c06\u5411\u60a8\u53d1\u9001\u5b8c\u6574\u7684\u8054\u7cfb\u4fe1\u606f\uff08\u7535\u8bdd\u53f7\u7801\u3001\u7535\u5b50\u90ae\u4ef6\u5730\u5740\u7b49\uff09\uff0c\u4ee5\u4fbf\u6211\u4eec\u5f53\u5730\u7684\u5bfc\u6e38\u5b89\u6392\u63a5\u9001\u4e8b\u5b9c\u3002<\/span><\/p>\n<h4><b><i>\u9644\u52a0\u4fe1\u606f\u786e\u8ba4 <\/i><\/b><\/h4>\n<ol>\n<li>\u95e8\u7968\u662f\u672c\u6b21\u65c5\u6e38\u4ed8\u6b3e\u540e\u7684\u6536\u636e\u3002\u60a8\u53ef\u4ee5\u5728\u624b\u673a\u4e0a\u663e\u793a\u4ed8\u6b3e\u3002<\/li>\n<li style=\"font-weight: 400;\"><span style=\"font-weight: 400;\">\u4f1a\u9762\u70b9\u5c06\u5728\u9884\u8ba2\u8fc7\u7a0b\u540e\u6536\u5230\u3002<\/span><\/li>\n<li style=\"font-weight: 400;\"><span style=\"font-weight: 400;\">\u513f\u7ae5\u5fc5\u987b\u7531\u6210\u4eba\u966a\u540c\u3002<\/span><\/li>\n<li style=\"font-weight: 400;\"><span style=\"font-weight: 400;\">\u65e0\u969c\u788d\u901a\u9053 <\/span><\/li>\n<li style=\"font-weight: 400;\"><span style=\"font-weight: 400;\">\u5a74\u513f\u5fc5\u987b\u5750\u5728\u819d\u76d6\u4e0a <\/span><\/li>\n<li style=\"font-weight: 400;\"><span style=\"font-weight: 400;\">\u5927\u591a\u6570\u65c5\u884c\u8005\u90fd\u53ef\u4ee5\u53c2\u52a0<\/span><\/li>\n<\/ol>\n<h4><b><i>\u53d6\u6d88\u653f\u7b56<\/i><\/b><\/h4>\n<p>\u5982\u9700\u5168\u989d\u9000\u6b3e\uff0c\u8bf7\u9605\u8bfb\u6211\u4eec\u7684\u53d6\u6d88\u653f\u7b56\u00a0<a href=\"https:\/\/www.boattoursamana.com\/zh\/%e5%9c%a8%e7%ba%bf%e9%a2%84%e8%ae%a2\/\" target=\"_blank\" rel=\"noopener\" data-saferedirecturl=\"https:\/\/www.google.com\/url?q=https:\/\/www.boattoursamana.com\/online-booking\/&amp;source=gmail&amp;ust=1672532492004000&amp;usg=AOvVaw3ylqI1cdbIPTimEqEWneyd\">\u70b9\u51fb\u8fd9\u91cc<\/a>.\u5982\u679c\u5728\u65c5\u884c\u5f53\u5929\u53d6\u6d88\u9884\u8ba2\uff0c\u5c06\u635f\u5931\u8d44\u91d1\u3002<\/p>\n\n\t\t<\/div>\n\t<\/div>\n<\/div><\/div><\/div><\/div><div class=\"vc_row wpb_row vc_row-fluid\" ><div class=\"wpb_column vc_column_container vc_col-sm-12\"><div class=\"vc_column-inner\"><div class=\"wpb_wrapper\">\n\t<div class=\"wpb_text_column wpb_content_element\" >\n\t\t<div class=\"wpb_wrapper\">\n\t\t\t<h4>\u8054\u7cfb\u6211\u4eec\uff1f<\/h4>\n<h5><em><strong>\u9884\u8ba2\u63a2\u9669<\/strong><\/em><\/h5>\n<p><em><strong>\u5f53\u5730\u4eba<\/strong> \u548c <strong>\u56fd\u6c11<\/strong> \u5bfc\u6e38\u548c\u5bbe\u5ba2\u670d\u52a1<\/em><\/p>\n<p><span class=\"text-turquoise\">\u9884\u8ba2\uff1a<\/span> Dom \u7684\u65c5\u6e38\u548c\u77ed\u9014\u65c5\u884c\u3002\u4f17\u8bae\u5458<\/p>\n\n\t\t<\/div>\n\t<\/div>\n<\/div><\/div><\/div><\/div><div class=\"vc_row wpb_row vc_row-fluid\" ><\/div><div class=\"wpb_column vc_column_container vc_col-sm-12\"><div class=\"vc_column-inner\"><div class=\"wpb_wrapper\"><\/div><\/div><\/div><div class=\"vc_empty_space\"   style=\"height: 32px\"><span class=\"vc_empty_space_inner\"><\/span><\/div><div class=\"vc_empty_space\"   style=\"height: 32px\"><span class=\"vc_empty_space_inner\"><\/span><\/div><div class=\"vc_row wpb_row vc_row-fluid\" ><div class=\"wpb_column vc_column_container vc_col-sm-12\"><div class=\"vc_column-inner\"><div class=\"wpb_wrapper\"><div class=\"vc_btn3-container vc_btn3-inline\" ><button class=\"vc_general vc_btn3 vc_btn3-size-md vc_btn3-shape-rounded vc_btn3-style-modern vc_btn3-color-green\">\u73b0\u5728\u9884\u8ba2<\/button><\/div><\/div><\/div><\/div><\/div>","protected":false},"excerpt":{"rendered":"<p><span style=\"vertical-align: inherit;\"><span style=\"vertical-align: inherit;\"><span style=\"vertical-align: inherit;\"><span style=\"vertical-align: inherit;\">\u84ec\u5854\u5361\u7eb3\u7684\u5e06\u4f1e\u8fd0\u52a8\u662f\u4e00\u9879\u4ee4\u4eba\u96be\u4ee5\u7f6e\u4fe1\u7684\u5192\u9669\uff0c\u4e5f\u662f\u84ec\u5854\u5361\u7eb3\u6700\u91cd\u8981\u7684\u4e8b\u60c5\u3002 <\/span><\/span><\/span><span style=\"vertical-align: inherit;\"><span style=\"vertical-align: inherit;\"><span style=\"vertical-align: inherit;\">La costa desde 200 pies en el aire\uff0cmientras navega\uff0ces absolutamente impresionante\u3002<\/span><\/span><\/span><\/span><\/p>\n<p><span style=\"vertical-align: inherit;\"><span style=\"vertical-align: inherit;\"><span style=\"vertical-align: inherit;\"><span style=\"vertical-align: inherit;\">El parasailing es una experiencia sencilla y divertida para todos los miembros de la familia\u3002 <\/span><\/span><\/span><span style=\"vertical-align: inherit;\"><span style=\"vertical-align: inherit;\"><span style=\"vertical-align: inherit;\">Como la principal empresa de parasailing y aventura en Rep\u00fablica Dominicana, nuestro equipo de Parasailing se encuentra entre los m\u00e1s experimentados en Punta Cana, con m\u00e1s de 16 a\u00f1os de experiencia en vuelos. <\/span><\/span><\/span><span style=\"vertical-align: inherit;\"><span style=\"vertical-align: inherit;\"><span style=\"vertical-align: inherit;\">Puede disfrutar de unos 15 \u5206\u949f de vuelo mientras disfruta de la hermosa vista panor\u00e1mica\u3002<\/span><\/span><\/span><\/span><\/p>\n<p>&nbsp;<\/p>\n<p><em><strong><span style=\"vertical-align: inherit;\"><span style=\"vertical-align: inherit;\"><span style=\"vertical-align: inherit;\"><span style=\"vertical-align: inherit;\">Seleccione la fecha para el tour\u00a0<\/span><\/span><\/span><\/span><\/strong><\/em><\/p>","protected":false},"featured_media":11681,"template":"","meta":[],"product_cat":[253,948,468,473,349,294],"product_tag":[242,480,474,478,477,470,469,222,471,479,313,482,243,476,475,481],"class_list":["post-9639","product","type-product","status-publish","has-post-thumbnail","hentry","product_cat-tours-and-excursions","product_cat-1-punta-cana","product_cat-parasaling","product_cat-sharks-rays-in-natural-pools","product_cat-tours-and-excursion-punta-cana","product_cat-tours-excursions-punta-cana-dominican-republic","product_tag-catamaran","product_tag-cheap-punta-cana-excursions","product_tag-four-adventures-parasailing","product_tag-natural-pool-punta-cana","product_tag-natural-swimming-pool-punta-cana","product_tag-parasail-punta-cana","product_tag-parasailing-in-punta-cana","product_tag-punta-cana","product_tag-punta-cana-catamaran-party-with-snorkeling-and-parasailing","product_tag-punta-cana-sharks","product_tag-punta-cana-tours","product_tag-rays-from-punta-cana","product_tag-saona-island","product_tag-sharks-rays-in-natural-pools-from-punta-cana","product_tag-snorkeling-cruise","product_tag-swimming-with-sharks-punta-cana"],"_links":{"self":[{"href":"https:\/\/www.boattoursamana.com\/zh\/wp-json\/wp\/v2\/product\/9639","targetHints":{"allow":["GET"]}}],"collection":[{"href":"https:\/\/www.boattoursamana.com\/zh\/wp-json\/wp\/v2\/product"}],"about":[{"href":"https:\/\/www.boattoursamana.com\/zh\/wp-json\/wp\/v2\/types\/product"}],"wp:featuredmedia":[{"embeddable":true,"href":"https:\/\/www.boattoursamana.com\/zh\/wp-json\/wp\/v2\/media\/11681"}],"wp:attachment":[{"href":"https:\/\/www.boattoursamana.com\/zh\/wp-json\/wp\/v2\/media?parent=9639"}],"wp:term":[{"taxonomy":"product_cat","embeddable":true,"href":"https:\/\/www.boattoursamana.com\/zh\/wp-json\/wp\/v2\/product_cat?post=9639"},{"taxonomy":"product_tag","embeddable":true,"href":"https:\/\/www.boattoursamana.com\/zh\/wp-json\/wp\/v2\/product_tag?post=9639"}],"curies":[{"name":"wp","href":"https:\/\/api.w.org\/{rel}","templated":true}]}}